{"id":4172,"date":"2026-01-08T14:07:22","date_gmt":"2026-01-08T14:07:22","guid":{"rendered":"https:\/\/coinkickoff.com\/?page_id=4172"},"modified":"2026-01-08T14:07:22","modified_gmt":"2026-01-08T14:07:22","slug":"__trashed","status":"publish","type":"page","link":"https:\/\/coinkickoff.com\/da\/how-to-buy-ethereum\/__trashed\/","title":{"rendered":"S\u00e5dan k\u00f8ber du Ethereum p\u00e5 Bitfinex"},"content":{"rendered":"<div id=\"ez-toc-container\" class=\"ez-toc-v2_0_80 counter-hierarchy ez-toc-counter ez-toc-transparent ez-toc-container-direction\">\n<div class=\"ez-toc-title-container\">\n<p class=\"ez-toc-title\" style=\"cursor:inherit\">Sektioner<\/p>\n<span class=\"ez-toc-title-toggle\"><a href=\"#\" class=\"ez-toc-pull-right ez-toc-btn ez-toc-btn-xs ez-toc-btn-default ez-toc-toggle\" aria-label=\"Toggle indholdsfortegnelse\"><span class=\"ez-toc-js-icon-con\"><span class=\"\"><span class=\"eztoc-hide\" style=\"display:none;\">Toggle<\/span><span class=\"ez-toc-icon-toggle-span\"><svg style=\"fill: #999;color:#999\" xmlns=\"http:\/\/www.w3.org\/2000\/svg\" class=\"list-377408\" width=\"20px\" height=\"20px\" viewbox=\"0 0 24 24\" fill=\"none\"><path d=\"M6 6H4v2h2V6zm14 0H8v2h12V6zM4 11h2v2H4v-2zm16 0H8v2h12v-2zM4 16h2v2H4v-2zm16 0H8v2h12v-2z\" fill=\"currentColor\"><\/path><\/svg><svg style=\"fill: #999;color:#999\" class=\"arrow-unsorted-368013\" xmlns=\"http:\/\/www.w3.org\/2000\/svg\" width=\"10px\" height=\"10px\" viewbox=\"0 0 24 24\" version=\"1.2\" baseprofile=\"tiny\"><path d=\"M18.2 9.3l-6.2-6.3-6.2 6.3c-.2.2-.3.4-.3.7s.1.5.3.7c.2.2.4.3.7.3h11c.3 0 .5-.1.7-.3.2-.2.3-.5.3-.7s-.1-.5-.3-.7zM5.8 14.7l6.2 6.3 6.2-6.3c.2-.2.3-.5.3-.7s-.1-.5-.3-.7c-.2-.2-.4-.3-.7-.3h-11c-.3 0-.5.1-.7.3-.2.2-.3.5-.3.7s.1.5.3.7z\"\/><\/svg><\/span><\/span><\/span><\/a><\/span><\/div>\n<nav><ul class='ez-toc-list ez-toc-list-level-1 eztoc-toggle-hide-by-default' ><li class='ez-toc-page-1 ez-toc-heading-level-1'><a class=\"ez-toc-link ez-toc-heading-1\" href=\"https:\/\/coinkickoff.com\/da\/how-to-buy-ethereum\/__trashed\/#How_to_Buy_Ethereum_on_Bitfinex\" >S\u00e5dan k\u00f8ber du Ethereum p\u00e5 Bitfinex<\/a><ul class='ez-toc-list-level-2' ><li class='ez-toc-heading-level-2'><a class=\"ez-toc-link ez-toc-heading-2\" href=\"https:\/\/coinkickoff.com\/da\/how-to-buy-ethereum\/__trashed\/#A_Step-By-Step_Guide_on_How_to_Buy_Ethereum_on_Bitfinex\" >En trinvis vejledning i, hvordan man k\u00f8ber Ethereum p\u00e5 Bitfinex<\/a><ul class='ez-toc-list-level-3' ><li class='ez-toc-heading-level-3'><a class=\"ez-toc-link ez-toc-heading-3\" href=\"https:\/\/coinkickoff.com\/da\/how-to-buy-ethereum\/__trashed\/#1_Register_an_Account_on_Bitfinex\" >1. Registrer en konto p\u00e5 Bitfinex<\/a><\/li><li class='ez-toc-page-1 ez-toc-heading-level-3'><a class=\"ez-toc-link ez-toc-heading-4\" href=\"https:\/\/coinkickoff.com\/da\/how-to-buy-ethereum\/__trashed\/#2_Get_Verified_on_Bitfinex\" >2. Bliv verificeret p\u00e5 Bitfinex<\/a><\/li><li class='ez-toc-page-1 ez-toc-heading-level-3'><a class=\"ez-toc-link ez-toc-heading-5\" href=\"https:\/\/coinkickoff.com\/da\/how-to-buy-ethereum\/__trashed\/#3_Deposit_FundsCrypto\" >3. Indskud af midler\/krypto<\/a><\/li><li class='ez-toc-page-1 ez-toc-heading-level-3'><a class=\"ez-toc-link ez-toc-heading-6\" href=\"https:\/\/coinkickoff.com\/da\/how-to-buy-ethereum\/__trashed\/#4_Navigate_to_the_Relevant_Screen_to_Buy\" >4. Naviger til den relevante sk\u00e6rm for at k\u00f8be<\/a><\/li><\/ul><\/li><\/ul><\/li><\/ul><\/nav><\/div>\n<h1><span class=\"ez-toc-section\" id=\"How_to_Buy_Ethereum_on_Bitfinex\"><\/span><span style=\"font-weight: 400;\">S\u00e5dan k\u00f8ber du Ethereum p\u00e5 Bitfinex<\/span><span class=\"ez-toc-section-end\"><\/span><\/h1>\n<p><span style=\"font-weight: 400;\">\u00d8nsker du at k\u00f8be <a href=\"https:\/\/coinkickoff.com\/da\/ethereum-eth\/\" data-internallinksmanager029f6b8e52c=\"2\" title=\"Hvad er Ethereum (ETH)? Pris, historie og hvor kan man k\u00f8be\">Ethereum<\/a> p\u00e5 <a href=\"https:\/\/coinkickoff.com\/da\/bitfinex-review\/\">Bitfinex<\/a>? Vi har den helt rigtige guide til dig med trinvise instruktioner. S\u00e5dan k\u00f8ber du Ethereum p\u00e5 <a href=\"https:\/\/coinkickoff.com\/da\/bitfinex-review\/\" data-internallinksmanager029f6b8e52c=\"151\" title=\"Bitfinex anmeldelser 2023: Gebyrer, funktioner, sikkerhed, fordele og ulemper\">Bitfinex<\/a>.<\/span><\/p>\n<h2><span class=\"ez-toc-section\" id=\"A_Step-By-Step_Guide_on_How_to_Buy_Ethereum_on_Bitfinex\"><\/span><span style=\"font-weight: 400;\">En trinvis vejledning i, hvordan man k\u00f8ber Ethereum p\u00e5 Bitfinex<\/span><span class=\"ez-toc-section-end\"><\/span><\/h2>\n<h3><span class=\"ez-toc-section\" id=\"1_Register_an_Account_on_Bitfinex\"><\/span><span style=\"font-weight: 400;\">1. Registrer en konto p\u00e5 Bitfinex<\/span><span class=\"ez-toc-section-end\"><\/span><\/h3>\n<p><span style=\"font-weight: 400;\">Til at begynde med skal du bruge en <\/span><a href=\"https:\/\/www.bitfinex.com\/sign-up?refcode=kjCYk-CZD\" target=\"_blank\" rel=\"noopener\"><span style=\"font-weight: 400;\">Bitfinex-konto.<\/span><\/a><\/p>\n<p><img loading=\"lazy\" decoding=\"async\" class=\"alignnone wp-image-3138 size-full\" src=\"https:\/\/coinkickoff.com\/wp-content\/uploads\/bitfinex-exchange.jpg\" alt=\"Bitfinex Exchange S\u00e5dan k\u00f8ber du Ethereum p\u00e5 Bitfinex\" width=\"1876\" height=\"916\" srcset=\"https:\/\/coinkickoff.com\/wp-content\/uploads\/bitfinex-exchange.jpg 1876w, https:\/\/coinkickoff.com\/wp-content\/uploads\/bitfinex-exchange-300x146.jpg 300w, https:\/\/coinkickoff.com\/wp-content\/uploads\/bitfinex-exchange-1024x500.jpg 1024w, https:\/\/coinkickoff.com\/wp-content\/uploads\/bitfinex-exchange-768x375.jpg 768w, https:\/\/coinkickoff.com\/wp-content\/uploads\/bitfinex-exchange-1536x750.jpg 1536w, https:\/\/coinkickoff.com\/wp-content\/uploads\/bitfinex-exchange-18x9.jpg 18w\" sizes=\"auto, (max-width: 1876px) 100vw, 1876px\" \/><\/p>\n<p><span style=\"font-weight: 400;\">N\u00e5r du har tilmeldt dig, skal du aktivere tofaktorgodkendelsen for at sikre din konto.<\/span><\/p>\n<p><span style=\"font-weight: 400;\">Du kan sl\u00e5 2FA fra efter dit f\u00f8rste login, men det anbefales at lade det v\u00e6re aktiveret for at beskytte din konto mod hackere.<\/span><\/p>\n<p><span style=\"font-weight: 400;\">Det er ret enkelt at aktivere tofaktorgodkendelse: V\u00e6lg en af de tilbudte metoder, og tryk p\u00e5 \u201cOps\u00e6tning\u201d.\u201d<\/span><\/p>\n<p><span style=\"font-weight: 400;\">Du skal selvf\u00f8lgelig bruge Google Authenticator-appen for at f\u00e5 det til at fungere. F\u00f8lg instruktionerne p\u00e5 sk\u00e6rmen for at forts\u00e6tte. N\u00e5r du er f\u00e6rdig, sender Bitfinex dig en e-mail for at bekr\u00e6fte, at du har aktiveret 2FA.<\/span><\/p>\n<h3><span class=\"ez-toc-section\" id=\"2_Get_Verified_on_Bitfinex\"><\/span><span style=\"font-weight: 400;\">2. Bliv verificeret p\u00e5 Bitfinex<\/span><span class=\"ez-toc-section-end\"><\/span><\/h3>\n<p><span style=\"font-weight: 400;\">N\u00e6ste skridt er at verificere dit ID p\u00e5 platformen. Som de fleste b\u00f8rser har Bitfinex en standard ID-verifikationsproces. For at starte skal du g\u00e5 til din profil via profillogoet p\u00e5 dit dashboard og v\u00e6lge \u201cVerifikation\u201d.\u201d<\/span><\/p>\n<p><span style=\"font-weight: 400;\">Du skal mindst gennemf\u00f8re verifikation p\u00e5 mellemniveau for at k\u00f8be digitale aktiver som Ethereum p\u00e5 b\u00f8rsen med fiat-penge. Selvf\u00f8lgelig, hvis alt hvad du vil g\u00f8re er at handle kryptokurrencypar, for eksempel at handle <a href=\"https:\/\/coinkickoff.com\/da\/bitcoin-btc\/\" data-internallinksmanager029f6b8e52c=\"1\" title=\"Hvad er Bitcoin (BTC)? Pris, historie og hvor kan man k\u00f8be\">Bitcoin<\/a> For Ethereum kan du springe dette trin over.<\/span><\/p>\n<p><span style=\"font-weight: 400;\">Mellemliggende verifikation giver dig mulighed for at k\u00f8be ETH med et kreditkort via Bitfinex Pay Merchants eller foretage kontante indbetalinger via SEPA. Du kan foretage bankoverf\u00f8rsler, n\u00e5r du har gennemf\u00f8rt fuld verifikation.<\/span><\/p>\n<p><span style=\"font-weight: 400;\">Tryk p\u00e5 \u201cStart verifikation\u201d for at forts\u00e6tte.<\/span><\/p>\n<p><span style=\"font-weight: 400;\">Indtast navnet p\u00e5 dit bop\u00e6lsland for at se de anbefalede ID-typer. V\u00e6lg det ID, du vil indsende, og tryk p\u00e5 \u201cForts\u00e6t\u201d.\u201d<\/span><\/p>\n<p><span style=\"font-weight: 400;\">Du skal bruge en mobil enhed for at forts\u00e6tte: Brug kameraet p\u00e5 din telefon til at scanne koden og \u00e5bne upload-siden. Derefter kan du indsende de n\u00f8dvendige billeder.<\/span><\/p>\n<h3><span class=\"ez-toc-section\" id=\"3_Deposit_FundsCrypto\"><\/span><span style=\"font-weight: 400;\">3. Indskud af midler\/krypto<\/span><span class=\"ez-toc-section-end\"><\/span><\/h3>\n<p><span style=\"font-weight: 400;\">Nu er det tid til at foretage en indbetaling: Hvis du har digitale aktiver, som du vil handle for Ethereum p\u00e5 Bitfinex, skal du f\u00f8rst overf\u00f8re disse aktiver til din Bitfinex-konto. V\u00e6lg \u201cIndbetaling\u201d for at se en liste over aktiver, du kan sende til platformen.<\/span><\/p>\n<p><span style=\"font-weight: 400;\">N\u00e5r du har valgt dit aktiv, genererer Bitfinex en wallet-adresse til at sende din kryptovaluta. N\u00e5r du har gennemf\u00f8rt din indbetaling, vises dine aktiver p\u00e5 fanen \u201cSaldi\u201d.<\/span><\/p>\n<h3><span class=\"ez-toc-section\" id=\"4_Navigate_to_the_Relevant_Screen_to_Buy\"><\/span><span style=\"font-weight: 400;\">4. Naviger til den relevante sk\u00e6rm for at k\u00f8be<\/span><span class=\"ez-toc-section-end\"><\/span><\/h3>\n<p><span style=\"font-weight: 400;\">Du tror m\u00e5ske, at du er klar til at k\u00f8be digitale aktiver, nu hvor din indbetaling er gennemf\u00f8rt, men der er et skridt mere f\u00f8r det: Bitfinex sender automatisk din indbetaling til din \u201cFunding Wallet\u201d, men vi vil have dem i vores \u201cExchange Wallet\u201d.\u201d<\/span><\/p>\n<p><span style=\"font-weight: 400;\">Heldigvis er det en enkel operation: P\u00e5 fanen \u201cBalances\u201d v\u00e6lger du de penge, du vil veksle, og klikker p\u00e5 \u201cTransfer\u201d. N\u00e5r de er i exchange-tegnebogen, kan du bytte dem til Ether.<\/span><\/p>\n<p><span style=\"font-weight: 400;\">For at starte skal du g\u00e5 til fanen \u201cHandel\u201d. Hvis du nu har deponeret digitale aktiver, skal du s\u00f8ge efter Ethereum-markedet for det p\u00e5g\u00e6ldende aktiv. Hvis du f.eks. har <a href=\"https:\/\/coinkickoff.com\/da\/tether-usdt\/\" data-internallinksmanager029f6b8e52c=\"3\" title=\"Hvad er Tether (USDT)? Hvordan det virker og hvor kan man k\u00f8be det?\">USDT<\/a>, s\u00f8g efter ETH\/USDT.\u00a0<\/span><\/p>\n<p><span style=\"font-weight: 400;\">For fiat-valuta skal du s\u00f8ge efter parringerne ETH\/USD eller ETH\/EUR. N\u00e5r du har fundet den \u00f8nskede parring, skal du klikke p\u00e5 den for at se handelsgr\u00e6nsefladen.\u00a0<\/span><\/p>\n<p><span style=\"font-weight: 400;\">Du skal blot indtaste, hvor meget Ethereum du \u00f8nsker at k\u00f8be for dine aktiver. Du kan manuelt justere den pris, du er villig til at betale. N\u00e5r formularen er udfyldt, skal du trykke p\u00e5 \u201cExchange Buy\u201d.\u201d<\/span><\/p>\n<p><span style=\"font-weight: 400;\">Og det er s\u00e5dan, man k\u00f8ber Ethereum p\u00e5 Bitfinex. Hvis du beslutter dig for at k\u00f8be Ethereum p\u00e5 en anden b\u00f8rs, kan du ogs\u00e5 se p\u00e5 vores forskellige <a href=\"https:\/\/coinkickoff.com\/da\/crypto-exchanges\/\">exchnage anmeldelser<\/a> og <a href=\"https:\/\/coinkickoff.com\/da\/how-to-buy-ethereum\/\">guider<\/a>.<\/span><\/p>","protected":false},"excerpt":{"rendered":"<p>S\u00e5dan k\u00f8ber du Ethereum p\u00e5 Bitfinex Vil du gerne k\u00f8be Ethereum p\u00e5 Bitfinex? Vi har den helt rigtige guide til dig med trinvise instruktioner. S\u00e5dan k\u00f8ber du Ethereum p\u00e5 Bitfinex. En trinvis vejledning i, hvordan du k\u00f8ber Ethereum p\u00e5 Bitfinex 1. Registrer en konto p\u00e5 Bitfinex For at starte skal du bruge en [...]<\/p>","protected":false},"author":3,"featured_media":0,"parent":3937,"menu_order":0,"comment_status":"closed","ping_status":"closed","template":"","meta":{"_genesis_hide_title":false,"_genesis_hide_breadcrumbs":false,"_genesis_hide_singular_image":false,"_genesis_hide_footer_widgets":false,"_genesis_custom_body_class":"","_genesis_custom_post_class":"","_genesis_layout":"","_glsr_average":0,"_glsr_ranking":0,"_glsr_reviews":0,"footnotes":""},"class_list":{"0":"post-4172","1":"page","2":"type-page","3":"status-publish","5":"entry"},"featured_image_src":null,"featured_image_src_square":null,"_links":{"self":[{"href":"https:\/\/coinkickoff.com\/da\/wp-json\/wp\/v2\/pages\/4172","targetHints":{"allow":["GET"]}}],"collection":[{"href":"https:\/\/coinkickoff.com\/da\/wp-json\/wp\/v2\/pages"}],"about":[{"href":"https:\/\/coinkickoff.com\/da\/wp-json\/wp\/v2\/types\/page"}],"author":[{"embeddable":true,"href":"https:\/\/coinkickoff.com\/da\/wp-json\/wp\/v2\/users\/3"}],"replies":[{"embeddable":true,"href":"https:\/\/coinkickoff.com\/da\/wp-json\/wp\/v2\/comments?post=4172"}],"version-history":[{"count":1,"href":"https:\/\/coinkickoff.com\/da\/wp-json\/wp\/v2\/pages\/4172\/revisions"}],"predecessor-version":[{"id":4173,"href":"https:\/\/coinkickoff.com\/da\/wp-json\/wp\/v2\/pages\/4172\/revisions\/4173"}],"up":[{"embeddable":true,"href":"https:\/\/coinkickoff.com\/da\/wp-json\/wp\/v2\/pages\/3937"}],"wp:attachment":[{"href":"https:\/\/coinkickoff.com\/da\/wp-json\/wp\/v2\/media?parent=4172"}],"curies":[{"name":"wp","href":"https:\/\/api.w.org\/{rel}","templated":true}]}}