{"id":4045,"date":"2026-01-08T14:07:39","date_gmt":"2026-01-08T14:07:39","guid":{"rendered":"https:\/\/coinkickoff.com\/?page_id=4045"},"modified":"2026-01-08T14:07:39","modified_gmt":"2026-01-08T14:07:39","slug":"how-to-buy-cardano-on-kucoin","status":"publish","type":"page","link":"https:\/\/coinkickoff.com\/da\/how-to-buy-cardano\/how-to-buy-cardano-on-kucoin\/","title":{"rendered":"S\u00e5dan k\u00f8ber du Cardano p\u00e5 Kucoin"},"content":{"rendered":"<div id=\"ez-toc-container\" class=\"ez-toc-v2_0_80 counter-hierarchy ez-toc-counter ez-toc-transparent ez-toc-container-direction\">\n<div class=\"ez-toc-title-container\">\n<p class=\"ez-toc-title\" style=\"cursor:inherit\">Sektioner<\/p>\n<span class=\"ez-toc-title-toggle\"><a href=\"#\" class=\"ez-toc-pull-right ez-toc-btn ez-toc-btn-xs ez-toc-btn-default ez-toc-toggle\" aria-label=\"Toggle indholdsfortegnelse\"><span class=\"ez-toc-js-icon-con\"><span class=\"\"><span class=\"eztoc-hide\" style=\"display:none;\">Toggle<\/span><span class=\"ez-toc-icon-toggle-span\"><svg style=\"fill: #999;color:#999\" xmlns=\"http:\/\/www.w3.org\/2000\/svg\" class=\"list-377408\" width=\"20px\" height=\"20px\" viewbox=\"0 0 24 24\" fill=\"none\"><path d=\"M6 6H4v2h2V6zm14 0H8v2h12V6zM4 11h2v2H4v-2zm16 0H8v2h12v-2zM4 16h2v2H4v-2zm16 0H8v2h12v-2z\" fill=\"currentColor\"><\/path><\/svg><svg style=\"fill: #999;color:#999\" class=\"arrow-unsorted-368013\" xmlns=\"http:\/\/www.w3.org\/2000\/svg\" width=\"10px\" height=\"10px\" viewbox=\"0 0 24 24\" version=\"1.2\" baseprofile=\"tiny\"><path d=\"M18.2 9.3l-6.2-6.3-6.2 6.3c-.2.2-.3.4-.3.7s.1.5.3.7c.2.2.4.3.7.3h11c.3 0 .5-.1.7-.3.2-.2.3-.5.3-.7s-.1-.5-.3-.7zM5.8 14.7l6.2 6.3 6.2-6.3c.2-.2.3-.5.3-.7s-.1-.5-.3-.7c-.2-.2-.4-.3-.7-.3h-11c-.3 0-.5.1-.7.3-.2.2-.3.5-.3.7s.1.5.3.7z\"\/><\/svg><\/span><\/span><\/span><\/a><\/span><\/div>\n<nav><ul class='ez-toc-list ez-toc-list-level-1 eztoc-toggle-hide-by-default' ><li class='ez-toc-page-1 ez-toc-heading-level-1'><a class=\"ez-toc-link ez-toc-heading-1\" href=\"https:\/\/coinkickoff.com\/da\/how-to-buy-cardano\/how-to-buy-cardano-on-kucoin\/#How_to_Buy_Cardano_on_Kucoin\" >S\u00e5dan k\u00f8ber du Cardano p\u00e5 Kucoin<\/a><ul class='ez-toc-list-level-2' ><li class='ez-toc-heading-level-2'><a class=\"ez-toc-link ez-toc-heading-2\" href=\"https:\/\/coinkickoff.com\/da\/how-to-buy-cardano\/how-to-buy-cardano-on-kucoin\/#A_Step-By-Step_Guide_on_How_to_Buy_Cardano_on_Kucoin\" >En trin-for-trin-guide til, hvordan du k\u00f8ber Cardano p\u00e5 Kucoin<\/a><ul class='ez-toc-list-level-3' ><li class='ez-toc-heading-level-3'><a class=\"ez-toc-link ez-toc-heading-3\" href=\"https:\/\/coinkickoff.com\/da\/how-to-buy-cardano\/how-to-buy-cardano-on-kucoin\/#1_Register_an_Account\" >1. Registrer en konto<\/a><\/li><li class='ez-toc-page-1 ez-toc-heading-level-3'><a class=\"ez-toc-link ez-toc-heading-4\" href=\"https:\/\/coinkickoff.com\/da\/how-to-buy-cardano\/how-to-buy-cardano-on-kucoin\/#2_Verify_Your_Account\" >2. Bekr\u00e6ft din konto<\/a><\/li><li class='ez-toc-page-1 ez-toc-heading-level-3'><a class=\"ez-toc-link ez-toc-heading-5\" href=\"https:\/\/coinkickoff.com\/da\/how-to-buy-cardano\/how-to-buy-cardano-on-kucoin\/#3_Deposit_Crypto\" >3. Indbetaling af krypto<\/a><\/li><li class='ez-toc-page-1 ez-toc-heading-level-3'><a class=\"ez-toc-link ez-toc-heading-6\" href=\"https:\/\/coinkickoff.com\/da\/how-to-buy-cardano\/how-to-buy-cardano-on-kucoin\/#4_Navigate_to_the_Relevant_Screen_to_Buy\" >4. Naviger til den relevante sk\u00e6rm for at k\u00f8be<\/a><ul class='ez-toc-list-level-4' ><li class='ez-toc-heading-level-4'><a class=\"ez-toc-link ez-toc-heading-7\" href=\"https:\/\/coinkickoff.com\/da\/how-to-buy-cardano\/how-to-buy-cardano-on-kucoin\/#Fast_Trade_allows_you_to_buy_ADA_with_credit_and_debit_cards_and_Third-party_buy_supports_payment_channels_such_as_Banxa_and_Simplex\" >Fast Trade giver dig mulighed for at k\u00f8be ADA med kredit- og debetkort, og Third-party buy underst\u00f8tter betalingskanaler som Banxa og Simplex.\u00a0<\/a><\/li><li class='ez-toc-page-1 ez-toc-heading-level-4'><a class=\"ez-toc-link ez-toc-heading-8\" href=\"https:\/\/coinkickoff.com\/da\/how-to-buy-cardano\/how-to-buy-cardano-on-kucoin\/#P2P_is_a_peer_network_where_you_can_use_bank_transfers_to_buy_digital_currencies_however_its_not_possible_to_buy_ADA_with_this_option\" >P2P er et peer-netv\u00e6rk, hvor du kan bruge bankoverf\u00f8rsler til at k\u00f8be digitale valutaer, men det er ikke muligt at k\u00f8be ADA med denne mulighed.<\/a><\/li><li class='ez-toc-page-1 ez-toc-heading-level-4'><a class=\"ez-toc-link ez-toc-heading-9\" href=\"https:\/\/coinkickoff.com\/da\/how-to-buy-cardano\/how-to-buy-cardano-on-kucoin\/#Fast_Trade\" >Hurtig handel<\/a><\/li><li class='ez-toc-page-1 ez-toc-heading-level-4'><a class=\"ez-toc-link ez-toc-heading-10\" href=\"https:\/\/coinkickoff.com\/da\/how-to-buy-cardano\/how-to-buy-cardano-on-kucoin\/#Third-Party\" >Tredjepart<\/a><\/li><\/ul><\/li><\/ul><\/li><\/ul><\/li><\/ul><\/nav><\/div>\n<h1><span class=\"ez-toc-section\" id=\"How_to_Buy_Cardano_on_Kucoin\"><\/span><span style=\"font-weight: 400;\">S\u00e5dan k\u00f8ber du Cardano p\u00e5 Kucoin<\/span><span class=\"ez-toc-section-end\"><\/span><\/h1>\n<p><span style=\"font-weight: 400;\">Hvis du ikke har brugt <a href=\"https:\/\/coinkickoff.com\/da\/kucoin-review\/\" data-internallinksmanager029f6b8e52c=\"153\" title=\"KuCoin Anmeldelser 2023: Gebyrer, sikkerhed, fordele og ulemper: 2023: Gebyrer, sikkerhed, fordele og ulemper\">Kucoin<\/a> at k\u00f8be <a href=\"https:\/\/coinkickoff.com\/da\/cardano-ada\/\" data-internallinksmanager029f6b8e52c=\"9\" title=\"Hvad er Cardano (ADA)? Hvordan virker det og hvor kan man k\u00f8be det?\">Cardano<\/a> (ADA) f\u00f8r, er du m\u00e5ske i tvivl om, hvordan du skal b\u00e6re dig ad. Men du beh\u00f8ver ikke at bekymre dig: Vi viser dig, hvordan du k\u00f8ber Cardano p\u00e5 <\/span><a href=\"https:\/\/coinkickoff.com\/da\/kucoin-review\/\"><span style=\"font-weight: 400;\">Kucoin<\/span><\/a><span style=\"font-weight: 400;\"> med trin-for-trin instruktioner.<\/span><\/p>\n<h2><span class=\"ez-toc-section\" id=\"A_Step-By-Step_Guide_on_How_to_Buy_Cardano_on_Kucoin\"><\/span><span style=\"font-weight: 400;\">En trin-for-trin-guide til, hvordan du k\u00f8ber Cardano p\u00e5 Kucoin<\/span><span class=\"ez-toc-section-end\"><\/span><\/h2>\n<h3><span class=\"ez-toc-section\" id=\"1_Register_an_Account\"><\/span><span style=\"font-weight: 400;\">1. Registrer en konto<\/span><span class=\"ez-toc-section-end\"><\/span><\/h3>\n<p><img loading=\"lazy\" decoding=\"async\" class=\"alignnone wp-image-3269 size-full\" src=\"https:\/\/coinkickoff.com\/wp-content\/uploads\/kucoin-register.png\" alt=\"k\u00f8be doge p\u00e5 kucoin register\" width=\"1421\" height=\"788\" srcset=\"https:\/\/coinkickoff.com\/wp-content\/uploads\/kucoin-register.png 1421w, https:\/\/coinkickoff.com\/wp-content\/uploads\/kucoin-register-300x166.png 300w, https:\/\/coinkickoff.com\/wp-content\/uploads\/kucoin-register-1024x568.png 1024w, https:\/\/coinkickoff.com\/wp-content\/uploads\/kucoin-register-768x426.png 768w, https:\/\/coinkickoff.com\/wp-content\/uploads\/kucoin-register-18x10.png 18w\" sizes=\"auto, (max-width: 1421px) 100vw, 1421px\" \/><\/p>\n<p><span style=\"font-weight: 400;\">Du har brug for en <\/span><a href=\"https:\/\/www.kucoin.com\/r\/af\/rMJPV3B\" target=\"_blank\" rel=\"noopener\"><span style=\"font-weight: 400;\">Kucoin<\/span><\/a><span style=\"font-weight: 400;\"> konto for at k\u00f8be ADA p\u00e5 platformen, s\u00e5 start med at tilmelde dig med din e-mail og adgangskode.<\/span><\/p>\n<h3><span class=\"ez-toc-section\" id=\"2_Verify_Your_Account\"><\/span><span style=\"font-weight: 400;\">2. Bekr\u00e6ft din konto<\/span><span class=\"ez-toc-section-end\"><\/span><\/h3>\n<p><span style=\"font-weight: 400;\">N\u00e5r du har tilmeldt dig, kan du g\u00e5 i gang med verificeringsprocessen. Som de fleste andre globale b\u00f8rser tillader Kucoin handlende at udveksle digitale aktiver p\u00e5 platformen uden ID-verifikation, men hvis du ikke ejer nogen digitale aktiver endnu, skal du gennemf\u00f8re dette trin for at k\u00f8be ADA p\u00e5 platformen.<\/span><\/p>\n<p><span style=\"font-weight: 400;\">Det er en ligetil proces: V\u00e6lg fanen \"Identity Verification\" p\u00e5 din profilside.\u00a0<\/span><\/p>\n<p><img loading=\"lazy\" decoding=\"async\" class=\"alignnone wp-image-3272 size-full\" src=\"https:\/\/coinkickoff.com\/wp-content\/uploads\/kucoin-identity-verification.png\" alt=\"kucoin id-verifikation 1\" width=\"1420\" height=\"785\" srcset=\"https:\/\/coinkickoff.com\/wp-content\/uploads\/kucoin-identity-verification.png 1420w, https:\/\/coinkickoff.com\/wp-content\/uploads\/kucoin-identity-verification-300x166.png 300w, https:\/\/coinkickoff.com\/wp-content\/uploads\/kucoin-identity-verification-1024x566.png 1024w, https:\/\/coinkickoff.com\/wp-content\/uploads\/kucoin-identity-verification-768x425.png 768w, https:\/\/coinkickoff.com\/wp-content\/uploads\/kucoin-identity-verification-18x10.png 18w\" sizes=\"auto, (max-width: 1420px) 100vw, 1420px\" \/><\/p>\n<p><span style=\"font-weight: 400;\">Du har adgang til grundl\u00e6ggende funktioner, men fiat-indskud t\u00e6ller som en avanceret funktion, s\u00e5 du skal verificere dit ID for at f\u00e5 det til at ske.<\/span><\/p>\n<p><img loading=\"lazy\" decoding=\"async\" class=\"alignnone wp-image-3270 size-full\" src=\"https:\/\/coinkickoff.com\/wp-content\/uploads\/kucoin-id-verification-2.png\" alt=\"kucoin identitetskontrol 2\" width=\"1407\" height=\"706\" srcset=\"https:\/\/coinkickoff.com\/wp-content\/uploads\/kucoin-id-verification-2.png 1407w, https:\/\/coinkickoff.com\/wp-content\/uploads\/kucoin-id-verification-2-300x151.png 300w, https:\/\/coinkickoff.com\/wp-content\/uploads\/kucoin-id-verification-2-1024x514.png 1024w, https:\/\/coinkickoff.com\/wp-content\/uploads\/kucoin-id-verification-2-768x385.png 768w, https:\/\/coinkickoff.com\/wp-content\/uploads\/kucoin-id-verification-2-18x9.png 18w\" sizes=\"auto, (max-width: 1407px) 100vw, 1407px\" \/><\/p>\n<p><span style=\"font-weight: 400;\">Kucoin har en tretrinsproces: personlige oplysninger, ID-verifikation via officielt ID og ansigtsgenkendelse for at sikre, at du er ejeren af ID-kortet.<\/span><\/p>\n<p><img loading=\"lazy\" decoding=\"async\" class=\"alignnone wp-image-3271 size-full\" src=\"https:\/\/coinkickoff.com\/wp-content\/uploads\/kucoin-id-verification-3.png\" alt=\"kucoin id-verifikation 3 \" width=\"1412\" height=\"789\" srcset=\"https:\/\/coinkickoff.com\/wp-content\/uploads\/kucoin-id-verification-3.png 1412w, https:\/\/coinkickoff.com\/wp-content\/uploads\/kucoin-id-verification-3-300x168.png 300w, https:\/\/coinkickoff.com\/wp-content\/uploads\/kucoin-id-verification-3-1024x572.png 1024w, https:\/\/coinkickoff.com\/wp-content\/uploads\/kucoin-id-verification-3-768x429.png 768w, https:\/\/coinkickoff.com\/wp-content\/uploads\/kucoin-id-verification-3-18x10.png 18w\" sizes=\"auto, (max-width: 1412px) 100vw, 1412px\" \/><\/p>\n<p><span style=\"font-weight: 400;\">Gennemf\u00f8r alle tre trin for at verificere dit ID, og du kan g\u00e5 videre til at inds\u00e6tte penge p\u00e5 din konto.<\/span><\/p>\n<h3><span class=\"ez-toc-section\" id=\"3_Deposit_Crypto\"><\/span><span style=\"font-weight: 400;\">3. Indbetaling af krypto<\/span><span class=\"ez-toc-section-end\"><\/span><\/h3>\n<p><span style=\"font-weight: 400;\">I \u00f8jeblikket kan du ikke sende kontanter til Kucoin via bankoverf\u00f8rsler, men du kan stadig indbetale krypto til platformen. Hvis det ikke er en mulighed for dig, kan du g\u00e5 til n\u00e6ste afsnit, hvor vi forklarer, hvordan du k\u00f8ber Cardano p\u00e5 Kucoin med fiat-penge.<\/span><\/p>\n<p><span style=\"font-weight: 400;\">Hvis du har digitale aktiver, som du vil bytte til ADA, skal du f\u00f8rst overf\u00f8re dem til Kucoin. For at g\u00f8re det skal du g\u00e5 til din \"Assets\"-side og v\u00e6lge \"Deposit\".<\/span><\/p>\n<p><img loading=\"lazy\" decoding=\"async\" class=\"alignnone wp-image-3273 size-full\" src=\"https:\/\/coinkickoff.com\/wp-content\/uploads\/kucoin-deposit.png\" alt=\"kucoin indskudsmidler 1\" width=\"1427\" height=\"758\" srcset=\"https:\/\/coinkickoff.com\/wp-content\/uploads\/kucoin-deposit.png 1427w, https:\/\/coinkickoff.com\/wp-content\/uploads\/kucoin-deposit-300x159.png 300w, https:\/\/coinkickoff.com\/wp-content\/uploads\/kucoin-deposit-1024x544.png 1024w, https:\/\/coinkickoff.com\/wp-content\/uploads\/kucoin-deposit-768x408.png 768w, https:\/\/coinkickoff.com\/wp-content\/uploads\/kucoin-deposit-18x10.png 18w\" sizes=\"auto, (max-width: 1427px) 100vw, 1427px\" \/><\/p>\n<p><span style=\"font-weight: 400;\">V\u00e6lg det digitale aktiv, du vil overf\u00f8re til din Kucoin-wallet. Lad os for eksempel sige, at du har nogle <a href=\"https:\/\/coinkickoff.com\/da\/bitcoin-btc\/\" data-internallinksmanager029f6b8e52c=\"1\" title=\"Hvad er Bitcoin (BTC)? Pris, historie og hvor kan man k\u00f8be\">BTC<\/a> du \u00f8nsker at indbetale til platformen. V\u00e6lg BTC fra listen, og kopier den wallet-adresse, Kucoin giver.<\/span><\/p>\n<p><span style=\"font-weight: 400;\">Dette vil v\u00e6re din unikke BTC wallet-adresse p\u00e5 Kucoin-platformen. Du kan bruge adressen til at overf\u00f8re din BTC til Kucoin.\u00a0<\/span><\/p>\n<h3><span class=\"ez-toc-section\" id=\"4_Navigate_to_the_Relevant_Screen_to_Buy\"><\/span><span style=\"font-weight: 400;\">4. Naviger til den relevante sk\u00e6rm for at k\u00f8be<\/span><span class=\"ez-toc-section-end\"><\/span><\/h3>\n<p><span style=\"font-weight: 400;\">Klik p\u00e5 fanen \"Buy Crypto\" p\u00e5 dit dashboard.\u00a0<\/span><\/p>\n<p><img loading=\"lazy\" decoding=\"async\" class=\"alignnone wp-image-3274 size-full\" src=\"https:\/\/coinkickoff.com\/wp-content\/uploads\/kucoin-buy-crypto.png\" alt=\"kucoin k\u00f8be sk\u00e6rm\" width=\"1418\" height=\"692\" srcset=\"https:\/\/coinkickoff.com\/wp-content\/uploads\/kucoin-buy-crypto.png 1418w, https:\/\/coinkickoff.com\/wp-content\/uploads\/kucoin-buy-crypto-300x146.png 300w, https:\/\/coinkickoff.com\/wp-content\/uploads\/kucoin-buy-crypto-1024x500.png 1024w, https:\/\/coinkickoff.com\/wp-content\/uploads\/kucoin-buy-crypto-768x375.png 768w, https:\/\/coinkickoff.com\/wp-content\/uploads\/kucoin-buy-crypto-18x9.png 18w\" sizes=\"auto, (max-width: 1418px) 100vw, 1418px\" \/><\/p>\n<h4><span class=\"ez-toc-section\" id=\"Fast_Trade_allows_you_to_buy_ADA_with_credit_and_debit_cards_and_Third-party_buy_supports_payment_channels_such_as_Banxa_and_Simplex\"><\/span><span style=\"font-weight: 400;\">Fast Trade giver dig mulighed for at k\u00f8be ADA med kredit- og debetkort, og Third-party buy underst\u00f8tter betalingskanaler som Banxa og Simplex.\u00a0<\/span><span class=\"ez-toc-section-end\"><\/span><\/h4>\n<h4><span class=\"ez-toc-section\" id=\"P2P_is_a_peer_network_where_you_can_use_bank_transfers_to_buy_digital_currencies_however_its_not_possible_to_buy_ADA_with_this_option\"><\/span><span style=\"font-weight: 400;\">P2P er et peer-netv\u00e6rk, hvor du kan bruge bankoverf\u00f8rsler til at k\u00f8be digitale valutaer, men det er ikke muligt at k\u00f8be ADA med denne mulighed.<\/span><span class=\"ez-toc-section-end\"><\/span><\/h4>\n<h4><span class=\"ez-toc-section\" id=\"Fast_Trade\"><\/span><span style=\"font-weight: 400;\">Hurtig handel<\/span><span class=\"ez-toc-section-end\"><\/span><\/h4>\n<p><span style=\"font-weight: 400;\">Med Fast Trade kan du k\u00f8be ADA med Visa og Mastercard debet- og kreditkort, samt flere andre muligheder som SEPA og Paypal. Udfyld blot bestillingsformularen, v\u00e6lg ADA fra listen, og v\u00e6lg en betalingsmetode.\u00a0<\/span><\/p>\n<p><img loading=\"lazy\" decoding=\"async\" class=\"alignnone wp-image-3275 size-full\" src=\"https:\/\/coinkickoff.com\/wp-content\/uploads\/kucoin-buy-crypto-one-click.png\" alt=\"kucoin et klik k\u00f8b\" width=\"1421\" height=\"770\" srcset=\"https:\/\/coinkickoff.com\/wp-content\/uploads\/kucoin-buy-crypto-one-click.png 1421w, https:\/\/coinkickoff.com\/wp-content\/uploads\/kucoin-buy-crypto-one-click-300x163.png 300w, https:\/\/coinkickoff.com\/wp-content\/uploads\/kucoin-buy-crypto-one-click-1024x555.png 1024w, https:\/\/coinkickoff.com\/wp-content\/uploads\/kucoin-buy-crypto-one-click-768x416.png 768w, https:\/\/coinkickoff.com\/wp-content\/uploads\/kucoin-buy-crypto-one-click-18x10.png 18w\" sizes=\"auto, (max-width: 1421px) 100vw, 1421px\" \/><\/p>\n<p><span style=\"font-weight: 400;\">Hvis du vil betale med et kredit- eller betalingskort, skal du indtaste dine kortoplysninger, f\u00f8r du kan forts\u00e6tte.<\/span><\/p>\n<p><img loading=\"lazy\" decoding=\"async\" class=\"alignnone wp-image-3276 size-full\" src=\"https:\/\/coinkickoff.com\/wp-content\/uploads\/kucoin-select-paymnet-method.png\" alt=\"\" width=\"1424\" height=\"794\" srcset=\"https:\/\/coinkickoff.com\/wp-content\/uploads\/kucoin-select-paymnet-method.png 1424w, https:\/\/coinkickoff.com\/wp-content\/uploads\/kucoin-select-paymnet-method-300x167.png 300w, https:\/\/coinkickoff.com\/wp-content\/uploads\/kucoin-select-paymnet-method-1024x571.png 1024w, https:\/\/coinkickoff.com\/wp-content\/uploads\/kucoin-select-paymnet-method-768x428.png 768w, https:\/\/coinkickoff.com\/wp-content\/uploads\/kucoin-select-paymnet-method-18x10.png 18w\" sizes=\"auto, (max-width: 1424px) 100vw, 1424px\" \/><\/p>\n<p><span style=\"font-weight: 400;\">Andre muligheder omfatter Zelle, <a href=\"https:\/\/coinkickoff.com\/da\/uphold-review\/\" data-internallinksmanager029f6b8e52c=\"156\" title=\"Fastholdelse af anmeldelser 2023: Afgifter, funktioner, sikkerhed, fordele og ulemper\">Fastholdelse af<\/a>, Advcash og Payeer. N\u00e5r du har indstillet din betalingsmetode, skal du trykke p\u00e5 knappen \"K\u00f8b ADA\". Du vil se en ordreeksempel, der opsummerer, hvor meget ADA du vil modtage og alle de gebyrer, der g\u00e6lder.\u00a0\u00a0<\/span><\/p>\n<p><span style=\"font-weight: 400;\">Bekr\u00e6ft din ordre, og dine ADA token dukker op i din pung om et par minutter.<\/span><\/p>\n<h4><span class=\"ez-toc-section\" id=\"Third-Party\"><\/span><span style=\"font-weight: 400;\">Tredjepart<\/span><span class=\"ez-toc-section-end\"><\/span><\/h4>\n<p><img loading=\"lazy\" decoding=\"async\" class=\"alignnone wp-image-3278 size-full\" src=\"https:\/\/coinkickoff.com\/wp-content\/uploads\/kucoin-screenshot.png\" alt=\"S\u00e5dan k\u00f8ber du Cardano p\u00e5 Kucoin\" width=\"1436\" height=\"673\" srcset=\"https:\/\/coinkickoff.com\/wp-content\/uploads\/kucoin-screenshot.png 1436w, https:\/\/coinkickoff.com\/wp-content\/uploads\/kucoin-screenshot-300x141.png 300w, https:\/\/coinkickoff.com\/wp-content\/uploads\/kucoin-screenshot-1024x480.png 1024w, https:\/\/coinkickoff.com\/wp-content\/uploads\/kucoin-screenshot-768x360.png 768w, https:\/\/coinkickoff.com\/wp-content\/uploads\/kucoin-screenshot-18x8.png 18w\" sizes=\"auto, (max-width: 1436px) 100vw, 1436px\" \/><\/p>\n<p><span style=\"font-weight: 400;\">Hvis du allerede bruger en tredjepartsbetalingskanal som f.eks. <\/span><a href=\"https:\/\/banxa.com\/case-study\/kucoin\/\" target=\"_blank\" rel=\"noopener\"><span style=\"font-weight: 400;\">Banxa<\/span><\/a><span style=\"font-weight: 400;\"> eller <\/span><a href=\"https:\/\/www.simplex.com\" target=\"_blank\" rel=\"noopener\"><span style=\"font-weight: 400;\">Simplex<\/span><\/a><span style=\"font-weight: 400;\">kan dette v\u00e6re en praktisk mulighed. Hvis du ikke har en Simplex- eller Banxa-konto, kan du oprette en, n\u00e5r du afgiver en ordre.<\/span><\/p>\n<p><span style=\"font-weight: 400;\">Start med at udfylde bestillingsformularen: V\u00e6lg ADA som dit \u00f8nskede aktiv, indtast det bel\u00f8b, du vil bruge, og v\u00e6lg en betalingsmetode og kanal.<\/span><\/p>\n<p><span style=\"font-weight: 400;\">Alle gebyrer vil blive vist, f\u00f8r du kan forts\u00e6tte med din bestilling.\u00a0<\/span><\/p>\n<p><span style=\"font-weight: 400;\">N\u00e5r du trykker p\u00e5 \"K\u00f8b\", sender Kucoin dig til en tredjeparts hjemmeside for at gennemf\u00f8re din bestilling.\u00a0<\/span><\/p>\n<p><span style=\"font-weight: 400;\">Det er stort set alt om, hvordan man k\u00f8ber Cardano p\u00e5 Kucoin. Som du kan se, har du en hel del muligheder, s\u00e5 det burde v\u00e6re en problemfri rejse. Hvis du har sp\u00f8rgsm\u00e5l, kan du ogs\u00e5 tjekke vores <a href=\"https:\/\/coinkickoff.com\/da\/crypto-exchanges\/\">anmeldelser af udvekslinger<\/a> og <a href=\"https:\/\/coinkickoff.com\/da\/how-to-buy-cardano\/\">hvordan man k\u00f8ber<\/a> guider for mere information.<\/span><\/p>","protected":false},"excerpt":{"rendered":"<p>S\u00e5dan k\u00f8ber du Cardano p\u00e5 Kucoin Hvis du ikke har brugt Kucoin til at k\u00f8be Cardano (ADA) f\u00f8r, er du m\u00e5ske i tvivl om, hvordan du skal g\u00f8re. Men du beh\u00f8ver ikke at bekymre dig: Vi viser dig, hvordan du k\u00f8ber Cardano p\u00e5 Kucoin med trin-for-trin instruktioner. En trin-for-trin guide til, hvordan du k\u00f8ber Cardano p\u00e5 Kucoin [...]<\/p>","protected":false},"author":3,"featured_media":0,"parent":4010,"menu_order":0,"comment_status":"closed","ping_status":"closed","template":"","meta":{"_genesis_hide_title":false,"_genesis_hide_breadcrumbs":false,"_genesis_hide_singular_image":false,"_genesis_hide_footer_widgets":false,"_genesis_custom_body_class":"","_genesis_custom_post_class":"","_genesis_layout":"","_glsr_average":0,"_glsr_ranking":0,"_glsr_reviews":0,"footnotes":""},"class_list":{"0":"post-4045","1":"page","2":"type-page","3":"status-publish","5":"entry"},"featured_image_src":null,"featured_image_src_square":null,"_links":{"self":[{"href":"https:\/\/coinkickoff.com\/da\/wp-json\/wp\/v2\/pages\/4045","targetHints":{"allow":["GET"]}}],"collection":[{"href":"https:\/\/coinkickoff.com\/da\/wp-json\/wp\/v2\/pages"}],"about":[{"href":"https:\/\/coinkickoff.com\/da\/wp-json\/wp\/v2\/types\/page"}],"author":[{"embeddable":true,"href":"https:\/\/coinkickoff.com\/da\/wp-json\/wp\/v2\/users\/3"}],"replies":[{"embeddable":true,"href":"https:\/\/coinkickoff.com\/da\/wp-json\/wp\/v2\/comments?post=4045"}],"version-history":[{"count":2,"href":"https:\/\/coinkickoff.com\/da\/wp-json\/wp\/v2\/pages\/4045\/revisions"}],"predecessor-version":[{"id":4047,"href":"https:\/\/coinkickoff.com\/da\/wp-json\/wp\/v2\/pages\/4045\/revisions\/4047"}],"up":[{"embeddable":true,"href":"https:\/\/coinkickoff.com\/da\/wp-json\/wp\/v2\/pages\/4010"}],"wp:attachment":[{"href":"https:\/\/coinkickoff.com\/da\/wp-json\/wp\/v2\/media?parent=4045"}],"curies":[{"name":"wp","href":"https:\/\/api.w.org\/{rel}","templated":true}]}}