{"id":3920,"date":"2026-01-08T14:07:48","date_gmt":"2026-01-08T14:07:48","guid":{"rendered":"https:\/\/coinkickoff.com\/?page_id=3920"},"modified":"2026-01-08T14:07:48","modified_gmt":"2026-01-08T14:07:48","slug":"how-to-buy-bitcoin-on-kraken","status":"publish","type":"page","link":"https:\/\/coinkickoff.com\/da\/how-to-buy-bitcoin\/how-to-buy-bitcoin-on-kraken\/","title":{"rendered":"S\u00e5dan k\u00f8ber du Bitcoin p\u00e5 Kraken"},"content":{"rendered":"<div id=\"ez-toc-container\" class=\"ez-toc-v2_0_80 counter-hierarchy ez-toc-counter ez-toc-transparent ez-toc-container-direction\">\n<div class=\"ez-toc-title-container\">\n<p class=\"ez-toc-title\" style=\"cursor:inherit\">Sektioner<\/p>\n<span class=\"ez-toc-title-toggle\"><a href=\"#\" class=\"ez-toc-pull-right ez-toc-btn ez-toc-btn-xs ez-toc-btn-default ez-toc-toggle\" aria-label=\"Toggle indholdsfortegnelse\"><span class=\"ez-toc-js-icon-con\"><span class=\"\"><span class=\"eztoc-hide\" style=\"display:none;\">Toggle<\/span><span class=\"ez-toc-icon-toggle-span\"><svg style=\"fill: #999;color:#999\" xmlns=\"http:\/\/www.w3.org\/2000\/svg\" class=\"list-377408\" width=\"20px\" height=\"20px\" viewbox=\"0 0 24 24\" fill=\"none\"><path d=\"M6 6H4v2h2V6zm14 0H8v2h12V6zM4 11h2v2H4v-2zm16 0H8v2h12v-2zM4 16h2v2H4v-2zm16 0H8v2h12v-2z\" fill=\"currentColor\"><\/path><\/svg><svg style=\"fill: #999;color:#999\" class=\"arrow-unsorted-368013\" xmlns=\"http:\/\/www.w3.org\/2000\/svg\" width=\"10px\" height=\"10px\" viewbox=\"0 0 24 24\" version=\"1.2\" baseprofile=\"tiny\"><path d=\"M18.2 9.3l-6.2-6.3-6.2 6.3c-.2.2-.3.4-.3.7s.1.5.3.7c.2.2.4.3.7.3h11c.3 0 .5-.1.7-.3.2-.2.3-.5.3-.7s-.1-.5-.3-.7zM5.8 14.7l6.2 6.3 6.2-6.3c.2-.2.3-.5.3-.7s-.1-.5-.3-.7c-.2-.2-.4-.3-.7-.3h-11c-.3 0-.5.1-.7.3-.2.2-.3.5-.3.7s.1.5.3.7z\"\/><\/svg><\/span><\/span><\/span><\/a><\/span><\/div>\n<nav><ul class='ez-toc-list ez-toc-list-level-1 eztoc-toggle-hide-by-default' ><li class='ez-toc-page-1 ez-toc-heading-level-1'><a class=\"ez-toc-link ez-toc-heading-1\" href=\"https:\/\/coinkickoff.com\/da\/how-to-buy-bitcoin\/how-to-buy-bitcoin-on-kraken\/#How_to_Buy_Bitcoin_on_Kraken\" >S\u00e5dan k\u00f8ber du Bitcoin p\u00e5 Kraken<\/a><ul class='ez-toc-list-level-2' ><li class='ez-toc-heading-level-2'><a class=\"ez-toc-link ez-toc-heading-2\" href=\"https:\/\/coinkickoff.com\/da\/how-to-buy-bitcoin\/how-to-buy-bitcoin-on-kraken\/#A_Step-By-Step_Guide_on_How_to_Buy_Bitcoin_on_Kraken\" >En trin-for-trin-guide til, hvordan du k\u00f8ber Bitcoin p\u00e5 Kraken<\/a><ul class='ez-toc-list-level-3' ><li class='ez-toc-heading-level-3'><a class=\"ez-toc-link ez-toc-heading-3\" href=\"https:\/\/coinkickoff.com\/da\/how-to-buy-bitcoin\/how-to-buy-bitcoin-on-kraken\/#1_Register_an_Account_on_Kraken\" >1. Registrer en konto p\u00e5 Kraken<\/a><\/li><li class='ez-toc-page-1 ez-toc-heading-level-3'><a class=\"ez-toc-link ez-toc-heading-4\" href=\"https:\/\/coinkickoff.com\/da\/how-to-buy-bitcoin\/how-to-buy-bitcoin-on-kraken\/#2_Verify_Your_Account\" >2. Bekr\u00e6ft din konto<\/a><\/li><li class='ez-toc-page-1 ez-toc-heading-level-3'><a class=\"ez-toc-link ez-toc-heading-5\" href=\"https:\/\/coinkickoff.com\/da\/how-to-buy-bitcoin\/how-to-buy-bitcoin-on-kraken\/#3_Enable_2FA\" >3. Aktiver 2FA<\/a><\/li><li class='ez-toc-page-1 ez-toc-heading-level-3'><a class=\"ez-toc-link ez-toc-heading-6\" href=\"https:\/\/coinkickoff.com\/da\/how-to-buy-bitcoin\/how-to-buy-bitcoin-on-kraken\/#4_Add_an_Instant_Payment_Method\" >4. Tilf\u00f8j en \u00f8jeblikkelig betalingsmetode<\/a><\/li><li class='ez-toc-page-1 ez-toc-heading-level-3'><a class=\"ez-toc-link ez-toc-heading-7\" href=\"https:\/\/coinkickoff.com\/da\/how-to-buy-bitcoin\/how-to-buy-bitcoin-on-kraken\/#4_Navigate_to_the_Relevant_Screen_to_Buy\" >4. Naviger til den relevante sk\u00e6rm for at k\u00f8be<\/a><\/li><\/ul><\/li><\/ul><\/li><\/ul><\/nav><\/div>\n<h1><span class=\"ez-toc-section\" id=\"How_to_Buy_Bitcoin_on_Kraken\"><\/span><span style=\"font-weight: 400;\">S\u00e5dan k\u00f8ber du Bitcoin p\u00e5 Kraken<\/span><span class=\"ez-toc-section-end\"><\/span><\/h1>\n<p><span style=\"font-weight: 400;\"><a href=\"https:\/\/coinkickoff.com\/da\/kraken-review\/\">Kraken<\/a> er en erfaren amerikansk b\u00f8rs, der er ber\u00f8mt for sit h\u00f8je sikkerhedsniveau. Du kan k\u00f8be flere altcoins s\u00e5vel som <a href=\"https:\/\/coinkickoff.com\/da\/bitcoin-btc\/\">Bitcoin<\/a> p\u00e5 platformen. Her er vores guide til, hvordan du k\u00f8ber <a href=\"https:\/\/coinkickoff.com\/da\/bitcoin-btc\/\" data-internallinksmanager029f6b8e52c=\"1\" title=\"Hvad er Bitcoin (BTC)? Pris, historie og hvor kan man k\u00f8be\">Bitcoin<\/a> p\u00e5 <a href=\"https:\/\/coinkickoff.com\/da\/kraken-review\/\" data-internallinksmanager029f6b8e52c=\"171\" title=\"Kraken anmeldelser 2023: Gebyrer, funktioner, sikkerhed, fordele og ulemper\">Kraken<\/a>.<\/span><\/p>\n<h2><span class=\"ez-toc-section\" id=\"A_Step-By-Step_Guide_on_How_to_Buy_Bitcoin_on_Kraken\"><\/span><span style=\"font-weight: 400;\">En trin-for-trin-guide til, hvordan du k\u00f8ber Bitcoin p\u00e5 Kraken<\/span><span class=\"ez-toc-section-end\"><\/span><\/h2>\n<h3><span class=\"ez-toc-section\" id=\"1_Register_an_Account_on_Kraken\"><\/span><span style=\"font-weight: 400;\">1. Registrer en konto p\u00e5 Kraken<\/span><span class=\"ez-toc-section-end\"><\/span><\/h3>\n<p><a href=\"https:\/\/kraken.pxf.io\/B0Rny4\" rel=\"nofollow noopener\" target=\"_blank\"><img loading=\"lazy\" decoding=\"async\" class=\"alignnone wp-image-3406 size-full\" src=\"https:\/\/coinkickoff.com\/wp-content\/uploads\/kraken1-e1682502957481.png\" alt=\"hvordan man k\u00f8ber Dogecoin p\u00e5 Kraken\" width=\"1339\" height=\"763\" srcset=\"https:\/\/coinkickoff.com\/wp-content\/uploads\/kraken1-e1682502957481.png 1339w, https:\/\/coinkickoff.com\/wp-content\/uploads\/kraken1-e1682502957481-300x171.png 300w, https:\/\/coinkickoff.com\/wp-content\/uploads\/kraken1-e1682502957481-1024x584.png 1024w, https:\/\/coinkickoff.com\/wp-content\/uploads\/kraken1-e1682502957481-768x438.png 768w, https:\/\/coinkickoff.com\/wp-content\/uploads\/kraken1-e1682502957481-18x10.png 18w\" sizes=\"auto, (max-width: 1339px) 100vw, 1339px\" \/><\/a><\/p>\n<p><span style=\"font-weight: 400;\"><a href=\"https:\/\/kraken.pxf.io\/B0Rny4\" rel=\"nofollow noopener\" target=\"_blank\">Start med at g\u00e5 ind p\u00e5 Krakens hjemmeside og \u00e5bn en konto.<\/a>. Kraken sender et aktiveringslink til din e-mailadresse for at fuldf\u00f8re din registrering. Brug linket til at logge ind p\u00e5 din konto.<\/span><\/p>\n<h3><span class=\"ez-toc-section\" id=\"2_Verify_Your_Account\"><\/span><span style=\"font-weight: 400;\">2. Bekr\u00e6ft din konto<\/span><span class=\"ez-toc-section-end\"><\/span><\/h3>\n<p><span style=\"font-weight: 400;\">Du skal gennemf\u00f8re en identitetsbekr\u00e6ftelse for at k\u00f8be og handle krypto p\u00e5 Kraken. Du kan udl\u00f8se bekr\u00e6ftelsesprompten ved at klikke p\u00e5 \"K\u00f8b krypto.\"<\/span><\/p>\n<p><a href=\"https:\/\/kraken.pxf.io\/B0Rny4\" rel=\"nofollow noopener\" target=\"_blank\"><img loading=\"lazy\" decoding=\"async\" class=\"alignnone wp-image-3407 size-full\" src=\"https:\/\/coinkickoff.com\/wp-content\/uploads\/kraken2-e1686524781685.png\" alt=\"Kraken verifikation advarsel\" width=\"1360\" height=\"791\" srcset=\"https:\/\/coinkickoff.com\/wp-content\/uploads\/kraken2-e1686524781685.png 1360w, https:\/\/coinkickoff.com\/wp-content\/uploads\/kraken2-e1686524781685-300x174.png 300w, https:\/\/coinkickoff.com\/wp-content\/uploads\/kraken2-e1686524781685-1024x596.png 1024w, https:\/\/coinkickoff.com\/wp-content\/uploads\/kraken2-e1686524781685-768x447.png 768w, https:\/\/coinkickoff.com\/wp-content\/uploads\/kraken2-e1686524781685-18x10.png 18w\" sizes=\"auto, (max-width: 1360px) 100vw, 1360px\" \/><\/a><\/p>\n<p><span style=\"font-weight: 400;\">Udfyld identifikationsformularen. S\u00f8rg for, at dine oplysninger stemmer overens med dine ID-dokumenter. Klik p\u00e5 \"Forts\u00e6t\".<\/span><\/p>\n<p><a href=\"https:\/\/kraken.pxf.io\/B0Rny4\" rel=\"nofollow noopener\" target=\"_blank\"><img loading=\"lazy\" decoding=\"async\" class=\"alignnone wp-image-3408 size-full\" src=\"https:\/\/coinkickoff.com\/wp-content\/uploads\/kraken3-e1682503223180.png\" alt=\"\" width=\"1375\" height=\"777\" srcset=\"https:\/\/coinkickoff.com\/wp-content\/uploads\/kraken3-e1682503223180.png 1375w, https:\/\/coinkickoff.com\/wp-content\/uploads\/kraken3-e1682503223180-300x170.png 300w, https:\/\/coinkickoff.com\/wp-content\/uploads\/kraken3-e1682503223180-1024x579.png 1024w, https:\/\/coinkickoff.com\/wp-content\/uploads\/kraken3-e1682503223180-768x434.png 768w, https:\/\/coinkickoff.com\/wp-content\/uploads\/kraken3-e1682503223180-18x10.png 18w, https:\/\/coinkickoff.com\/wp-content\/uploads\/kraken3-e1682503223180-600x338.png 600w\" sizes=\"auto, (max-width: 1375px) 100vw, 1375px\" \/><\/a><\/p>\n<p><span style=\"font-weight: 400;\">P\u00e5 den n\u00e6ste side bliver du bedt om at uploade et officielt foto-ID. Du kan uploade et foto af dit nationale identitetskort, passide eller k\u00f8rekort.<\/span><\/p>\n<h3><span class=\"ez-toc-section\" id=\"3_Enable_2FA\"><\/span><span style=\"font-weight: 400;\">3. Aktiver 2FA<\/span><span class=\"ez-toc-section-end\"><\/span><\/h3>\n<p><span style=\"font-weight: 400;\">F\u00f8r du foretager en indbetaling til Kraken, skal du g\u00e5 til din profil og sikkerhedsindstillinger for at sl\u00e5 2FA til. Det vil sikre, at din konto er beskyttet, selv hvis din adgangskode bliver kompromitteret.\u00a0<\/span><\/p>\n<p><img loading=\"lazy\" decoding=\"async\" class=\"alignnone wp-image-3409 size-full\" src=\"https:\/\/coinkickoff.com\/wp-content\/uploads\/kraken4-e1682503267822.png\" alt=\"\" width=\"1360\" height=\"795\" srcset=\"https:\/\/coinkickoff.com\/wp-content\/uploads\/kraken4-e1682503267822.png 1360w, https:\/\/coinkickoff.com\/wp-content\/uploads\/kraken4-e1682503267822-300x175.png 300w, https:\/\/coinkickoff.com\/wp-content\/uploads\/kraken4-e1682503267822-1024x599.png 1024w, https:\/\/coinkickoff.com\/wp-content\/uploads\/kraken4-e1682503267822-768x449.png 768w, https:\/\/coinkickoff.com\/wp-content\/uploads\/kraken4-e1682503267822-18x12.png 18w\" sizes=\"auto, (max-width: 1360px) 100vw, 1360px\" \/><\/p>\n<p><span style=\"font-weight: 400;\">Kraken kr\u00e6ver, at du aktiverer 2FA til logins, men du kan ogs\u00e5 aktivere det til andre operationer, herunder finansiering og handel. Du skal blot klikke p\u00e5 \"Aktiv\u00e9r nu\" for at starte processen.<\/span><\/p>\n<p><a href=\"https:\/\/kraken.pxf.io\/B0Rny4\" rel=\"nofollow noopener\" target=\"_blank\"><span style=\"font-weight: 400;\"><img loading=\"lazy\" decoding=\"async\" class=\"alignnone wp-image-3405 size-full\" src=\"https:\/\/coinkickoff.com\/wp-content\/uploads\/kraken-5-e1682503294785.png\" alt=\"\" width=\"1357\" height=\"770\" srcset=\"https:\/\/coinkickoff.com\/wp-content\/uploads\/kraken-5-e1682503294785.png 1357w, https:\/\/coinkickoff.com\/wp-content\/uploads\/kraken-5-e1682503294785-300x170.png 300w, https:\/\/coinkickoff.com\/wp-content\/uploads\/kraken-5-e1682503294785-1024x581.png 1024w, https:\/\/coinkickoff.com\/wp-content\/uploads\/kraken-5-e1682503294785-768x436.png 768w, https:\/\/coinkickoff.com\/wp-content\/uploads\/kraken-5-e1682503294785-18x10.png 18w\" sizes=\"auto, (max-width: 1357px) 100vw, 1357px\" \/><\/span><\/a><\/p>\n<p><span style=\"font-weight: 400;\">F\u00f8rst skal du downloade Google Authenticator-appen. Appen vil generere en sikkerhedskode, n\u00e5r du scanner QR-koden p\u00e5 2FA Setup-siden. Indtast koden, og klik p\u00e5 \"Bekr\u00e6ft\".<\/span><\/p>\n<p><img loading=\"lazy\" decoding=\"async\" class=\"alignnone wp-image-3410 size-full\" src=\"https:\/\/coinkickoff.com\/wp-content\/uploads\/kraken6-e1682503322525.png\" alt=\"\" width=\"1357\" height=\"791\" \/><\/p>\n<h3><span class=\"ez-toc-section\" id=\"4_Add_an_Instant_Payment_Method\"><\/span><span style=\"font-weight: 400;\">4. Tilf\u00f8j en \u00f8jeblikkelig betalingsmetode<\/span><span class=\"ez-toc-section-end\"><\/span><\/h3>\n<p><span style=\"font-weight: 400;\">N\u00e5r du tilf\u00f8jer en \u00f8jeblikkelig betalingsmetode, kan du k\u00f8be Bitcoin eller andre digitale valutaer p\u00e5 Kraken med et klik. For at g\u00f8re det skal du bare klikke p\u00e5 \"Buy Crypto.\" P\u00e5 den n\u00e6ste side skal du v\u00e6lge \"Tilf\u00f8j betalingsmetoder\".\u00a0<\/span><\/p>\n<p><img loading=\"lazy\" decoding=\"async\" class=\"alignnone wp-image-3412 size-full\" src=\"https:\/\/coinkickoff.com\/wp-content\/uploads\/kraken8-e1682503364155.png\" alt=\"S\u00e5dan k\u00f8ber du Shiba Inu p\u00e5 Kraken\" width=\"1206\" height=\"781\" srcset=\"https:\/\/coinkickoff.com\/wp-content\/uploads\/kraken8-e1682503364155.png 1206w, https:\/\/coinkickoff.com\/wp-content\/uploads\/kraken8-e1682503364155-300x194.png 300w, https:\/\/coinkickoff.com\/wp-content\/uploads\/kraken8-e1682503364155-1024x663.png 1024w, https:\/\/coinkickoff.com\/wp-content\/uploads\/kraken8-e1682503364155-768x497.png 768w, https:\/\/coinkickoff.com\/wp-content\/uploads\/kraken8-e1682503364155-18x12.png 18w\" sizes=\"auto, (max-width: 1206px) 100vw, 1206px\" \/><\/p>\n<p><span style=\"font-weight: 400;\">V\u00e6lg \"Tilf\u00f8j et betalingskort\".<\/span><\/p>\n<p><img loading=\"lazy\" decoding=\"async\" class=\"alignnone wp-image-3413 size-full\" src=\"https:\/\/coinkickoff.com\/wp-content\/uploads\/kraken9-e1682503407337.png\" alt=\"S\u00e5dan k\u00f8ber du Bitcoin p\u00e5 Kraken\" width=\"1196\" height=\"776\" srcset=\"https:\/\/coinkickoff.com\/wp-content\/uploads\/kraken9-e1682503407337.png 1196w, https:\/\/coinkickoff.com\/wp-content\/uploads\/kraken9-e1682503407337-300x195.png 300w, https:\/\/coinkickoff.com\/wp-content\/uploads\/kraken9-e1682503407337-1024x664.png 1024w, https:\/\/coinkickoff.com\/wp-content\/uploads\/kraken9-e1682503407337-768x498.png 768w, https:\/\/coinkickoff.com\/wp-content\/uploads\/kraken9-e1682503407337-18x12.png 18w\" sizes=\"auto, (max-width: 1196px) 100vw, 1196px\" \/><\/p>\n<p><span style=\"font-weight: 400;\">P\u00e5 den n\u00e6ste side skal du indtaste dine kortoplysninger. N\u00e5r du har tilf\u00f8jet dit kort, kan du k\u00f8be Bitcoin fra platformen med det samme.<\/span><\/p>\n<h3><span class=\"ez-toc-section\" id=\"4_Navigate_to_the_Relevant_Screen_to_Buy\"><\/span><span style=\"font-weight: 400;\">4. Naviger til den relevante sk\u00e6rm for at k\u00f8be<\/span><span class=\"ez-toc-section-end\"><\/span><\/h3>\n<p><span style=\"font-weight: 400;\">Der er to m\u00e5der at k\u00f8be Bitcoin p\u00e5 <a href=\"https:\/\/coinkickoff.com\/da\/binance-review\/\" data-internallinksmanager029f6b8e52c=\"152\" title=\"Binance Anmeldelser 2024: Funktioner, gebyrer, sikkerhed, fordele og ulemper\">Binance<\/a>. Hvis du har tilf\u00f8jet et kredit- eller debetkort til din konto, kan du bruge funktionen til \u00f8jeblikkeligt k\u00f8b. Hvis du har indsat kontanter p\u00e5 din konto, kan du konvertere USD til BTC.<\/span><\/p>\n<p><span style=\"font-weight: 400;\">Lad os starte med kreditkortk\u00f8b. Klik p\u00e5 \"Buy Crypto\" igen, og v\u00e6lg \"Buy\".<\/span><\/p>\n<p><span style=\"font-weight: 400;\">Kraken giver dig mulighed for at k\u00f8be flere digitale aktiver direkte med fiat, herunder Bitcoin. Bare skriv BTC i s\u00f8gefeltet, og v\u00e6lg Bitcoin fra listen.\u00a0<\/span><\/p>\n<p><span style=\"font-weight: 400;\">P\u00e5 bestillingsformularen skal du indtaste, hvor meget du vil bruge p\u00e5 BTC, og v\u00e6lge dit kort som betalingsmetode.<\/span><\/p>\n<p><span style=\"font-weight: 400;\">N\u00e5r du klikker p\u00e5 \"Bekr\u00e6ft\", vil Kraken vise de gebyrer, der er tilf\u00f8jet til dit k\u00f8b. Kredit- og debetkortk\u00f8b tilf\u00f8jer et gebyr p\u00e5 3-5% til din ordre, s\u00e5 det kan blive en smule dyrt. Det er dog det samme p\u00e5 n\u00e6sten alle b\u00f8rser.<\/span><\/p>\n<p><span style=\"font-weight: 400;\">Hvis du har indsat kontanter p\u00e5 din Kraken-konto, kan du handle USD for BTC eller konvertere USD til BTC med <\/span><a href=\"https:\/\/kraken.pxf.io\/B0Rny4convert\/shib\/usd\" target=\"_blank\" rel=\"noopener\"><span style=\"font-weight: 400;\">Auto-konverter<\/span><\/a><span style=\"font-weight: 400;\">. Det er ikke s\u00e5 enkelt og hurtigt som at k\u00f8be med et enkelt klik, men gebyrerne er meget lavere.<\/span><\/p>\n<p><span style=\"font-weight: 400;\">Autokonverteren er meget nem at bruge, men den har en fast handelskurs. Med andre ord er det Kraken, der bestemmer prisen p\u00e5 BTC, n\u00e5r du bruger denne metode.<\/span><\/p>\n<p><span style=\"font-weight: 400;\">Hvis du vil forhandle priser, kan du oprette din egen handel i handelsgr\u00e6nsefladen. Klik p\u00e5 \"Handel\", og v\u00e6lg \"Ny ordre\". Indstil dit handelspar os USD\/BTC.<\/span><\/p>\n<p><span style=\"font-weight: 400;\">Nu skal du indtaste det bel\u00f8b, du vil bruge p\u00e5 Bitcoin. Kraken tilbyder dig markedsprisen for BTC, men du kan justere prisen. Hvis den pris, du angiver, er lavere end markedsprisen, skal du vente p\u00e5, at nogen tager imod dit tilbud, f\u00f8r du f\u00e5r din Bitcoin.<\/span><\/p>","protected":false},"excerpt":{"rendered":"<p>S\u00e5dan k\u00f8ber du Bitcoin p\u00e5 Kraken Kraken er en veteranbaseret b\u00f8rs i USA, der er ber\u00f8mt for sit h\u00f8je sikkerhedsniveau. Du kan k\u00f8be flere altcoins s\u00e5vel som Bitcoin p\u00e5 platformen. Her er vores guide til, hvordan du k\u00f8ber Bitcoin p\u00e5 Kraken. En trin-for-trin-guide til, hvordan du k\u00f8ber Bitcoin p\u00e5 Kraken 1. [...]<\/p>","protected":false},"author":3,"featured_media":0,"parent":3885,"menu_order":0,"comment_status":"closed","ping_status":"closed","template":"","meta":{"_genesis_hide_title":false,"_genesis_hide_breadcrumbs":false,"_genesis_hide_singular_image":false,"_genesis_hide_footer_widgets":false,"_genesis_custom_body_class":"","_genesis_custom_post_class":"","_genesis_layout":"","_glsr_average":0,"_glsr_ranking":0,"_glsr_reviews":0,"footnotes":""},"class_list":{"0":"post-3920","1":"page","2":"type-page","3":"status-publish","5":"entry"},"featured_image_src":null,"featured_image_src_square":null,"_links":{"self":[{"href":"https:\/\/coinkickoff.com\/da\/wp-json\/wp\/v2\/pages\/3920","targetHints":{"allow":["GET"]}}],"collection":[{"href":"https:\/\/coinkickoff.com\/da\/wp-json\/wp\/v2\/pages"}],"about":[{"href":"https:\/\/coinkickoff.com\/da\/wp-json\/wp\/v2\/types\/page"}],"author":[{"embeddable":true,"href":"https:\/\/coinkickoff.com\/da\/wp-json\/wp\/v2\/users\/3"}],"replies":[{"embeddable":true,"href":"https:\/\/coinkickoff.com\/da\/wp-json\/wp\/v2\/comments?post=3920"}],"version-history":[{"count":3,"href":"https:\/\/coinkickoff.com\/da\/wp-json\/wp\/v2\/pages\/3920\/revisions"}],"predecessor-version":[{"id":4245,"href":"https:\/\/coinkickoff.com\/da\/wp-json\/wp\/v2\/pages\/3920\/revisions\/4245"}],"up":[{"embeddable":true,"href":"https:\/\/coinkickoff.com\/da\/wp-json\/wp\/v2\/pages\/3885"}],"wp:attachment":[{"href":"https:\/\/coinkickoff.com\/da\/wp-json\/wp\/v2\/media?parent=3920"}],"curies":[{"name":"wp","href":"https:\/\/api.w.org\/{rel}","templated":true}]}}