{"id":3885,"date":"2026-01-08T14:07:52","date_gmt":"2026-01-08T14:07:52","guid":{"rendered":"https:\/\/coinkickoff.com\/?page_id=3885"},"modified":"2026-01-08T14:07:52","modified_gmt":"2026-01-08T14:07:52","slug":"how-to-buy-bitcoin","status":"publish","type":"page","link":"https:\/\/coinkickoff.com\/da\/how-to-buy-bitcoin\/","title":{"rendered":"S\u00e5dan k\u00f8ber du Bitcoin (BTC)"},"content":{"rendered":"<div id=\"ez-toc-container\" class=\"ez-toc-v2_0_80 counter-hierarchy ez-toc-counter ez-toc-transparent ez-toc-container-direction\">\n<div class=\"ez-toc-title-container\">\n<p class=\"ez-toc-title\" style=\"cursor:inherit\">Sektioner<\/p>\n<span class=\"ez-toc-title-toggle\"><a href=\"#\" class=\"ez-toc-pull-right ez-toc-btn ez-toc-btn-xs ez-toc-btn-default ez-toc-toggle\" aria-label=\"Toggle indholdsfortegnelse\"><span class=\"ez-toc-js-icon-con\"><span class=\"\"><span class=\"eztoc-hide\" style=\"display:none;\">Toggle<\/span><span class=\"ez-toc-icon-toggle-span\"><svg style=\"fill: #999;color:#999\" xmlns=\"http:\/\/www.w3.org\/2000\/svg\" class=\"list-377408\" width=\"20px\" height=\"20px\" viewbox=\"0 0 24 24\" fill=\"none\"><path d=\"M6 6H4v2h2V6zm14 0H8v2h12V6zM4 11h2v2H4v-2zm16 0H8v2h12v-2zM4 16h2v2H4v-2zm16 0H8v2h12v-2z\" fill=\"currentColor\"><\/path><\/svg><svg style=\"fill: #999;color:#999\" class=\"arrow-unsorted-368013\" xmlns=\"http:\/\/www.w3.org\/2000\/svg\" width=\"10px\" height=\"10px\" viewbox=\"0 0 24 24\" version=\"1.2\" baseprofile=\"tiny\"><path d=\"M18.2 9.3l-6.2-6.3-6.2 6.3c-.2.2-.3.4-.3.7s.1.5.3.7c.2.2.4.3.7.3h11c.3 0 .5-.1.7-.3.2-.2.3-.5.3-.7s-.1-.5-.3-.7zM5.8 14.7l6.2 6.3 6.2-6.3c.2-.2.3-.5.3-.7s-.1-.5-.3-.7c-.2-.2-.4-.3-.7-.3h-11c-.3 0-.5.1-.7.3-.2.2-.3.5-.3.7s.1.5.3.7z\"\/><\/svg><\/span><\/span><\/span><\/a><\/span><\/div>\n<nav><ul class='ez-toc-list ez-toc-list-level-1 eztoc-toggle-hide-by-default' ><li class='ez-toc-page-1 ez-toc-heading-level-2'><a class=\"ez-toc-link ez-toc-heading-1\" href=\"https:\/\/coinkickoff.com\/da\/how-to-buy-bitcoin\/#How_to_Buy_Bitcoin\" >S\u00e5dan k\u00f8ber du Bitcoin\u00a0<\/a><\/li><li class='ez-toc-page-1 ez-toc-heading-level-2'><a class=\"ez-toc-link ez-toc-heading-2\" href=\"https:\/\/coinkickoff.com\/da\/how-to-buy-bitcoin\/#What_Is_Bitcoin\" >Hvad er Bitcoin?<\/a><\/li><li class='ez-toc-page-1 ez-toc-heading-level-2'><a class=\"ez-toc-link ez-toc-heading-3\" href=\"https:\/\/coinkickoff.com\/da\/how-to-buy-bitcoin\/#Where_Can_I_Buy_Bitcoin\" >Hvor kan jeg k\u00f8be Bitcoin?<\/a><\/li><li class='ez-toc-page-1 ez-toc-heading-level-2'><a class=\"ez-toc-link ez-toc-heading-4\" href=\"https:\/\/coinkickoff.com\/da\/how-to-buy-bitcoin\/#How_to_Buy_Bitcoin-2\" >S\u00e5dan k\u00f8ber du Bitcoin<\/a><ul class='ez-toc-list-level-3' ><li class='ez-toc-heading-level-3'><a class=\"ez-toc-link ez-toc-heading-5\" href=\"https:\/\/coinkickoff.com\/da\/how-to-buy-bitcoin\/#Deciding_on_an_Exchange\" >Beslutningen om en b\u00f8rs<\/a><\/li><li class='ez-toc-page-1 ez-toc-heading-level-3'><a class=\"ez-toc-link ez-toc-heading-6\" href=\"https:\/\/coinkickoff.com\/da\/how-to-buy-bitcoin\/#Buying_Bitcoin\" >K\u00f8b af Bitcoin<\/a><\/li><li class='ez-toc-page-1 ez-toc-heading-level-3'><a class=\"ez-toc-link ez-toc-heading-7\" href=\"https:\/\/coinkickoff.com\/da\/how-to-buy-bitcoin\/#Where_to_Store_Bitcoin\" >Hvor skal jeg opbevare Bitcoin<\/a><\/li><li class='ez-toc-page-1 ez-toc-heading-level-3'><a class=\"ez-toc-link ez-toc-heading-8\" href=\"https:\/\/coinkickoff.com\/da\/how-to-buy-bitcoin\/#BTC_Hard_Wallets\" >BTC H\u00e5rde tegneb\u00f8ger<\/a><ul class='ez-toc-list-level-4' ><li class='ez-toc-heading-level-4'><a class=\"ez-toc-link ez-toc-heading-9\" href=\"https:\/\/coinkickoff.com\/da\/how-to-buy-bitcoin\/#Exchange_Wallet\" >Byttepung<\/a><\/li><li class='ez-toc-page-1 ez-toc-heading-level-4'><a class=\"ez-toc-link ez-toc-heading-10\" href=\"https:\/\/coinkickoff.com\/da\/how-to-buy-bitcoin\/#Self-Custody_Hot_Wallets\" >Varme tegneb\u00f8ger til selvforvaring<\/a><\/li><\/ul><\/li><\/ul><\/li><\/ul><\/nav><\/div>\n<h2><span class=\"ez-toc-section\" id=\"How_to_Buy_Bitcoin\"><\/span><span style=\"font-weight: 400;\">S\u00e5dan k\u00f8ber du Bitcoin\u00a0<\/span><span class=\"ez-toc-section-end\"><\/span><\/h2>\n<p><span style=\"font-weight: 400;\">S\u00e5 du \u00f8nsker at dyppe t\u00e6erne i kryptomarkedet og k\u00f8be <a href=\"https:\/\/coinkickoff.com\/da\/bitcoin-btc\/\">Bitcoin<\/a>! S\u00e5 er du kommet til det rette sted. I denne artikel vil vi kort forklare, hvad <a href=\"https:\/\/coinkickoff.com\/da\/bitcoin-btc\/\" data-internallinksmanager029f6b8e52c=\"1\" title=\"Hvad er Bitcoin (BTC)? Pris, historie og hvor kan man k\u00f8be\">Bitcoin<\/a> er, hvordan det fungerer, og hvor du kan k\u00f8be det s\u00e5kaldte digitale guld.<\/span><\/p>\n<h2><span class=\"ez-toc-section\" id=\"What_Is_Bitcoin\"><\/span><span style=\"font-weight: 400;\">Hvad er Bitcoin?<\/span><span class=\"ez-toc-section-end\"><\/span><\/h2>\n<p><span style=\"font-weight: 400;\">Hvis du ikke har sovet det sidste \u00e5rti, kender du sikkert allerede til Bitcoin. Det er OG-kryptovalutaen, GOAT, den, der startede det hele. Efter at Bitcoin blev lanceret i 2009 af en pseudonym programm\u00f8r, sivede den rundt p\u00e5 nettet fra den ene n\u00f8rds k\u00e6lder til den anden i et par \u00e5r, indtil den en dag endelig gav plads til en enorm kryptob\u00f8lge, der rystede verdens\u00f8konomien.\u00a0\u00a0<\/span><\/p>\n<p><span style=\"font-weight: 400;\">Men Bitcoin er ikke bare den f\u00f8rste kryptovaluta i verden. P\u00e5 trods af tusindvis af andre digitale aktiver, der fulgte efter, er det stadig den mest v\u00e6rdifulde krypto coin, der findes.<\/span><\/p>\n<p><span style=\"font-weight: 400;\">Bitcoin er v\u00e6rdifuld af flere grunde: Den har et begr\u00e6nset udbud og god likviditet, s\u00e5 du kan bruge den til \u00f8jeblikkelige v\u00e6rdioverf\u00f8rsler. Mange betragter den som en langsigtet investering, da dens v\u00e6rdi er steget fra pennies til tusindvis af dollars siden lanceringen. Da den bruges og udvindes af mange mennesker, er den relativt sikker sammenlignet med sine modstykker, som er mindre modstandsdygtige over for hackingfors\u00f8g.<\/span><\/p>\n<p><span style=\"font-weight: 400;\">Selvf\u00f8lgelig er der ogs\u00e5 ulemper. Det er et ustabilt aktiv, og nogle har h\u00e6vdet, at dets skyh\u00f8je prisstigninger er blevet skabt af markedsmanipulatorer. Det er en langsommere betalingsmetode sammenlignet med andre traditionelle alternativer og kryptoalternativer, og det kan v\u00e6re ret dyrt at flytte BTC rundt. Der er ogs\u00e5 det faktum, at <\/span><a href=\"https:\/\/www.ecb.europa.eu\/pub\/financial-stability\/macroprudential-bulletin\/html\/ecb.mpbu202207_3~d9614ea8e6.en.html\" target=\"_blank\" rel=\"noopener\"><span style=\"font-weight: 400;\">Bitcoin-minedrift udg\u00f8r en alvorlig trussel<\/span><\/a><span style=\"font-weight: 400;\"> til vores allerede <\/span><a href=\"https:\/\/www.theguardian.com\/technology\/2023\/apr\/26\/bitcoin-mining-climate-crisis-environmental-impact\" target=\"_blank\" rel=\"noopener\"><span style=\"font-weight: 400;\">skr\u00f8beligt klima<\/span><\/a><span style=\"font-weight: 400;\">.<\/span><\/p>\n<p><span style=\"font-weight: 400;\">For at sige det enkelt er Bitcoin et v\u00e6ddem\u00e5l. Tilh\u00e6ngere mener, at det kan v\u00e6re fremtidens guld, mens andre mener, at det vil forsvinde med tiden. Men lige nu er det et af de st\u00f8rste kryptomarkeder i verden.\u00a0<\/span><\/p>\n<h2><span class=\"ez-toc-section\" id=\"Where_Can_I_Buy_Bitcoin\"><\/span><span style=\"font-weight: 400;\">Hvor kan jeg k\u00f8be Bitcoin?<\/span><span class=\"ez-toc-section-end\"><\/span><\/h2>\n<p><span style=\"font-weight: 400;\">Du kan k\u00f8be Bitcoin fra flere steder og leverand\u00f8rer. Mens <a href=\"https:\/\/coinkickoff.com\/da\/crypto-exchanges\/\" data-internallinksmanager029f6b8e52c=\"141\" title=\"De 21 bedste kryptovalutab\u00f8rser og apps i 2024\">udvekslinger af kryptovaluta<\/a> er de prim\u00e6re markeder for Bitcoin, men du kan ogs\u00e5 bruge betalingsapps som PayPal eller finansielle investeringsapps som Robinhood eller eToro til at k\u00f8be den. Da Bitcoin er s\u00e5 popul\u00e6r, er de fleste almindelige finansielle apps begyndt at inkludere BTC i deres tilbud.<\/span><\/p>\n<p><span style=\"font-weight: 400;\">Med s\u00e5 mange muligheder er det selvf\u00f8lgelig sv\u00e6rt at vide, hvor man skal starte. Kryptovalutab\u00f8rser tilbyder normalt de bedste priser og gebyrer: Du kan \u00e5bne en gratis konto p\u00e5 enhver kryptob\u00f8rs og k\u00f8be BTC i bytte for USD, EUR eller enhver anden fiat-valuta.\u00a0<\/span><\/p>\n<p><span style=\"font-weight: 400;\">I de senere \u00e5r har de fleste kryptob\u00f8rser implementeret easy-buy-widgets for at sikre en smidig brugeroplevelse, s\u00e5 du beh\u00f8ver ikke at l\u00e6re en masse nye ting for at investere i BTC. For eksempel, <\/span><a href=\"https:\/\/coinkickoff.com\/da\/coinbase-review\/\"><span style=\"font-weight: 400;\">Coinbase<\/span><\/a><span style=\"font-weight: 400;\">, <\/span><a href=\"https:\/\/coinkickoff.com\/da\/binance-review\/\"><span style=\"font-weight: 400;\">Binance<\/span><\/a><span style=\"font-weight: 400;\">, <\/span><a href=\"https:\/\/coinkickoff.com\/da\/kraken-review\/\"><span style=\"font-weight: 400;\">Kraken<\/span><\/a><span style=\"font-weight: 400;\">og Gemini er alle kryptob\u00f8rser.<\/span><\/p>\n<p><span style=\"font-weight: 400;\">Hvis du allerede bruger en finansiel investeringsapp som <\/span><a href=\"https:\/\/coinkickoff.com\/da\/etoro-review\/\"><span style=\"font-weight: 400;\">eToro<\/span><\/a><span style=\"font-weight: 400;\"> eller Robinhood eller din netbank app tilbyder BTC som <\/span><a href=\"https:\/\/coinkickoff.com\/da\/revolut-review\/\"><span style=\"font-weight: 400;\">Revolut<\/span><\/a><span style=\"font-weight: 400;\">kan du ogs\u00e5 k\u00f8be BTC der. Men disse udbydere opkr\u00e6ver normalt h\u00f8jere gebyrer end almindelige b\u00f8rser, s\u00e6lger BTC til h\u00f8jere priser og tilbyder begr\u00e6nsede handelsmuligheder. De kan v\u00e6re en god mulighed, hvis du vil k\u00f8be noget BTC og derefter beholde det i \u00e5revis uden at g\u00f8re noget med det.<\/span><\/p>\n<p><span style=\"font-weight: 400;\">Du kan ogs\u00e5 k\u00f8be Bitcoin p\u00e5 decentraliserede b\u00f8rser. Det er markedspladser, hvor du kan bytte og handle kryptovalutaer. De er dog ikke et godt sted at starte, da du ikke kan k\u00f8be krypto fra disse b\u00f8rser med fiat-penge. Du bliver n\u00f8dt til at k\u00f8be en kryptovaluta fra en central b\u00f8rs f\u00f8rst og derefter bytte dem til BTC p\u00e5 decentrale apps som <\/span><a href=\"https:\/\/www.sushi.com\/\" target=\"_blank\" rel=\"noopener\"><span style=\"font-weight: 400;\">SushiSwap<\/span><\/a><span style=\"font-weight: 400;\"> eller <\/span><a href=\"https:\/\/uniswap.org\/\" target=\"_blank\" rel=\"noopener\"><span style=\"font-weight: 400;\">Uniswap<\/span><\/a><span style=\"font-weight: 400;\">.<\/span><\/p>\n<h2><span class=\"ez-toc-section\" id=\"How_to_Buy_Bitcoin-2\"><\/span><span style=\"font-weight: 400;\">S\u00e5dan k\u00f8ber du Bitcoin<\/span><span class=\"ez-toc-section-end\"><\/span><\/h2>\n<p><span style=\"font-weight: 400;\">Som vi sagde ovenfor, er det blevet meget nemt at k\u00f8be Bitcoin i l\u00f8bet af de sidste par \u00e5r. Du beh\u00f8ver ikke at have nogen teknisk knowhow for at f\u00e5 fat i BTC. Det er som regel lige s\u00e5 nemt som at \u00e5bne en konto p\u00e5 en kryptovalutab\u00f8rs og klikke p\u00e5 K\u00d8B.<\/span><\/p>\n<p><span style=\"font-weight: 400;\">Det er dog stadig en god id\u00e9 i det mindste at forst\u00e5, hvad BTC er, og hvordan det grundl\u00e6ggende fungerer, f\u00f8r du rent faktisk bruger en masse penge p\u00e5 BTC og l\u00e6rer, hvordan du holder dine penge sikre.<\/span><\/p>\n<p><span style=\"font-weight: 400;\">Du skal forst\u00e5, at tillid og sikkerhed er alt i kryptospillet, og at sikkerhed er et mangesidet koncept i krypto: Hvis du fors\u00f8ger at k\u00f8be coins fra en ikke-trov\u00e6rdig b\u00f8rs, kan du miste dine penge. Hvis din wallet ikke er sikker, kan du f\u00e5 stj\u00e5let din coins. Hvis du investerer i et fup-projekt, kan du miste alt.<\/span><\/p>\n<p><span style=\"font-weight: 400;\">Den gode nyhed er, at du ikke beh\u00f8ver at bekymre dig om det sidste med Bitcoin: P\u00e5 nuv\u00e6rende tidspunkt er det meget usandsynligt, at Bitcoin er et fupnummer: Hvis Satoshi Nakamoto (den pseudonyme grundl\u00e6gger) havde planer om at lave en f\u00e6lde, ville de sandsynligvis have gjort det nu.\u00a0<\/span><\/p>\n<p><span style=\"font-weight: 400;\">Men de to andre advarsler st\u00e5r ved magt: Du skal v\u00e6lge en trov\u00e6rdig b\u00f8rs til at k\u00f8be Bitcoin, og s\u00e5 skal du beslutte dig for en sikker opbevaringsmetode.<\/span><\/p>\n<p><span style=\"font-weight: 400;\">Lad os se n\u00e6rmere p\u00e5 disse trin.<\/span><\/p>\n<h3><span class=\"ez-toc-section\" id=\"Deciding_on_an_Exchange\"><\/span><span style=\"font-weight: 400;\">Beslutningen om en b\u00f8rs<\/span><span class=\"ez-toc-section-end\"><\/span><\/h3>\n<p><span style=\"font-weight: 400;\">Det er ikke nemt at beslutte sig for en b\u00f8rs. Der er hundredvis af kryptob\u00f8rser online, hvoraf de fleste er fulde af svindel. Selv de bedste er kendt for at have deres problemer: Nogle har h\u00f8je gebyrer, andre bliver hacket og mister dine penge, og nogle andre g\u00e5r konkurs og tager dine penge med sig.<\/span><\/p>\n<p><span style=\"font-weight: 400;\">Derfor er det vigtigt at v\u00e6lge en trov\u00e6rdig forhandler, n\u00e5r du k\u00f8ber BTC. Vi anbefaler, at du tjekker vores anmeldelser p\u00e5 <\/span><a href=\"https:\/\/coinkickoff.com\/da\/crypto-exchanges\/\"><span style=\"font-weight: 400;\">de 22 bedste kryptob\u00f8rser<\/span><\/a><span style=\"font-weight: 400;\"> p\u00e5 markedet, f\u00f8r du beslutter dig. Du kan ogs\u00e5 finde mere detaljerede anmeldelser og sammenligninger p\u00e5 vores blog.<\/span><\/p>\n<p><span style=\"font-weight: 400;\">Begyndere, is\u00e6r hvis de er baseret i USA, r\u00e5des ofte til at starte p\u00e5 <a href=\"https:\/\/coinkickoff.com\/da\/coinbase-review\/\" data-internallinksmanager029f6b8e52c=\"142\" title=\"Coinbase Anmeldelser 2024: Funktioner, gebyrer, sikkerhed, fordele og ulemper\">Coinbase<\/a>. Det er en USA-baseret, reguleret b\u00f8rs, der har fungeret i over et \u00e5rti. Hvis du er en international, <a href=\"https:\/\/coinkickoff.com\/da\/binance-review\/\" data-internallinksmanager029f6b8e52c=\"152\" title=\"Binance Anmeldelser 2024: Funktioner, gebyrer, sikkerhed, fordele og ulemper\">Binance<\/a> er et andet popul\u00e6rt alternativ. P\u00e5 trods af virksomhedens problemer med myndighederne, vil du ikke have problemer med at k\u00f8be krypto p\u00e5 Binance.<\/span><\/p>\n<h3><span class=\"ez-toc-section\" id=\"Buying_Bitcoin\"><\/span><span style=\"font-weight: 400;\">K\u00f8b af Bitcoin<\/span><span class=\"ez-toc-section-end\"><\/span><\/h3>\n<p><span style=\"font-weight: 400;\">Har du besluttet dig for en udveksling? S\u00e5 er det godt! Nu skal du bare \u00e5bne en konto og beslutte dig for en betalingsmetode.\u00a0<\/span><\/p>\n<p><img loading=\"lazy\" decoding=\"async\" class=\"alignnone wp-image-3252 size-full\" src=\"https:\/\/coinkickoff.com\/wp-content\/uploads\/binance-crypto-buy-sell-5.png\" alt=\"S\u00e5dan k\u00f8ber du Bitcoin binance\" width=\"1047\" height=\"640\" srcset=\"https:\/\/coinkickoff.com\/wp-content\/uploads\/binance-crypto-buy-sell-5.png 1047w, https:\/\/coinkickoff.com\/wp-content\/uploads\/binance-crypto-buy-sell-5-300x183.png 300w, https:\/\/coinkickoff.com\/wp-content\/uploads\/binance-crypto-buy-sell-5-1024x626.png 1024w, https:\/\/coinkickoff.com\/wp-content\/uploads\/binance-crypto-buy-sell-5-768x469.png 768w, https:\/\/coinkickoff.com\/wp-content\/uploads\/binance-crypto-buy-sell-5-18x12.png 18w\" sizes=\"auto, (max-width: 1047px) 100vw, 1047px\" \/><\/p>\n<p><span style=\"font-weight: 400;\">Som vi sagde, har de fleste b\u00f8rser gjort det meget nemt at k\u00f8be Bitcoin. Du kan normalt blot klikke p\u00e5 \"Buy Crypto\" for at f\u00e5 adgang til en simpel k\u00f8b-salg-gr\u00e6nseflade. Disse b\u00f8rser samarbejder med tredjepartsbetalingsleverand\u00f8rer, s\u00e5 du kan k\u00f8be BTC og andre digitale aktiver med dit kreditkort, din bankkonto eller andre muligheder som Apple Pay og Google Pay.<\/span><\/p>\n<p><span style=\"font-weight: 400;\">Du kan ogs\u00e5 indbetale penge til din b\u00f8rskonto via netbank. N\u00e5r du har indsat penge, har du ogs\u00e5 mulighed for at k\u00f8be BTC p\u00e5 b\u00f8rsens handelsmarked. Der er normalt f\u00e6rre gebyrer involveret, og priserne er bedre. Du kan finde flere detaljer i vores guides til, hvordan du k\u00f8ber Bitcoin p\u00e5 forskellige b\u00f8rser.<\/span><\/p>\n<p><span style=\"font-weight: 400;\">Et andet vigtigt skridt er at beslutte, hvor meget du vil bruge p\u00e5 BTC. Bitcoin er et deleligt aktiv, s\u00e5 selvom 1 BTC er tusindvis af dollars v\u00e6rd, kan du altid k\u00f8be f.eks. 20 USD for BTC. Teknisk set kan du ogs\u00e5 k\u00f8be BTC for 1 USD, men kryptob\u00f8rser har normalt en minimumsgr\u00e6nse p\u00e5 20 USD.\u00a0<\/span><\/p>\n<h3><span class=\"ez-toc-section\" id=\"Where_to_Store_Bitcoin\"><\/span><span style=\"font-weight: 400;\">Hvor skal jeg opbevare Bitcoin<\/span><span class=\"ez-toc-section-end\"><\/span><\/h3>\n<p><span style=\"font-weight: 400;\">Opbevaring er m\u00e5ske det vigtigste aspekt af Bitcoin-ejerskab: Hvis du ikke opbevarer din BTC i en sikker wallet, kan du sige farvel til dine penge.\u00a0<\/span><\/p>\n<p><span style=\"font-weight: 400;\">Naturligvis er wallets og storage symbolske m\u00e5der at beskrive BTC-operationer p\u00e5. Du ved allerede, at Bitcoin ikke er et fysisk aktiv. Det er et digitalt aktiv.\u00a0<\/span><\/p>\n<p><span style=\"font-weight: 400;\">Men i mods\u00e6tning til, hvad de fleste forestiller sig, er det ikke som en fil, man sender fra en computer til en anden. Man gemmer faktisk ikke BTC i en wallet. Bitcoin bliver ikke engang opbevaret strengt; det bliver blot administreret.<\/span><\/p>\n<p><span style=\"font-weight: 400;\">Kort sagt er Bitcoin en gigantisk, kryptografisk sikret <a href=\"https:\/\/coinkickoff.com\/da\/what-is-ledger-wallet\/\" data-internallinksmanager029f6b8e52c=\"167\" title=\"Ledger Wallet Anmeldelser 2023: Afgifter, funktioner, sikkerhed, fordele og ulemper\">Hovedbog<\/a>. N\u00e5r du opretter en Bitcoin-wallet, tilf\u00f8jer du en ny konto til denne hovedbog. Tegnebogsn\u00f8glen (t\u00e6nk p\u00e5 den som en adgangskode) sikrer, at du kontrollerer kontoen, og at ingen andre kan justere hovedbogen p\u00e5 dine vegne.\u00a0<\/span><\/p>\n<p><span style=\"font-weight: 400;\">S\u00e5 du gemmer faktisk ikke BTC i tegnebogen; tegnebogen er dybest set software til at f\u00e5 adgang til og administrere Bitcoin-hovedbogen. Det, wallet'en opbevarer sikkert, er din Bitcoin-adresse og -n\u00f8gle.<\/span><\/p>\n<p><span style=\"font-weight: 400;\">Det er derfor, Bitcoin-entusiaster bliver ved med at gentage \"Ikke dine n\u00f8gler, ikke din coins\" p\u00e5 internettets messaging boards. Hvis du ikke opbevarer din wallet-n\u00f8gle sikkert, kan enhver med den rigtige n\u00f8gle flytte penge fra din konto til en andens, og ingen kan g\u00f8re noget ved det.<\/span><\/p>\n<p><span style=\"font-weight: 400;\">Men at opbevare sine egne n\u00f8gler er ogs\u00e5 en byrde. Hvem kan holde et vigtigt stykke information helt sikkert i denne tid med internetpirateri? S\u00e5 det er her, de forskellige wallet-muligheder kommer ind i billedet.<\/span><\/p>\n<h3><span class=\"ez-toc-section\" id=\"BTC_Hard_Wallets\"><\/span><span style=\"font-weight: 400;\">BTC H\u00e5rde tegneb\u00f8ger<\/span><span class=\"ez-toc-section-end\"><\/span><\/h3>\n<p><span style=\"font-weight: 400;\">Hard wallets er uden tvivl den sikreste m\u00e5de at opbevare din Bitcoin p\u00e5. Det er USB-lignende enheder, der indeholder wallet-software. Da de er afkoblet fra internettet, er dine n\u00f8gler i sikkerhed for hackeres gr\u00e5dige h\u00e6nder.\u00a0<\/span><\/p>\n<p><span style=\"font-weight: 400;\">Kritikere siger, at hard wallets kan blive forlagt eller stj\u00e5let. Men der er l\u00f8sninger p\u00e5 disse situationer: De fleste hard wallets er PIN-beskyttede, og du kan stadig f\u00e5 adgang til dine penge, hvis du opretter en backup-adgangskode.<\/span><\/p>\n<p><span style=\"font-weight: 400;\">Problemet med hard wallets er, at de er dyre: De fleste b\u00f8rser tilbyder gratis tegneb\u00f8ger, og der er flere gratis software-tegneb\u00f8ger derude, mens disse babyer kan koste alt fra 60 til 200 USD.<\/span><\/p>\n<p><span style=\"font-weight: 400;\">Hvis du er en casual trader eller planl\u00e6gger at k\u00f8be 20 USD af BTC bare for at pr\u00f8ve, kan det v\u00e6re overkill at investere i en hard wallet. Hvis det er tilf\u00e6ldet, er det nok bedre at bruge en exchange wallet.\u00a0<\/span><\/p>\n<p><span style=\"font-weight: 400;\">Men hvis du beslutter dig for at k\u00f8be flere Bitcoin eller investere et par hundrede dollars i krypto, s\u00e5 er det v\u00e6rd at k\u00f8be en hard wallet for at sikre dine penge. Vi foresl\u00e5r, at du tjekker <\/span><a href=\"https:\/\/trezor.io\/\" target=\"_blank\" rel=\"noopener\"><span style=\"font-weight: 400;\">Trezor<\/span><\/a><span style=\"font-weight: 400;\"> og <\/span><a href=\"https:\/\/www.ledger.com\/\" target=\"_blank\" rel=\"noopener\"><span style=\"font-weight: 400;\">Hovedbog<\/span><\/a><span style=\"font-weight: 400;\"> h\u00e5rde tegneb\u00f8ger. Begge virksomheder tilbyder basismodeller til en god startpris.<\/span><\/p>\n<h4><span class=\"ez-toc-section\" id=\"Exchange_Wallet\"><\/span><span style=\"font-weight: 400;\">Byttepung<\/span><span class=\"ez-toc-section-end\"><\/span><\/h4>\n<p><span style=\"font-weight: 400;\">Dette er den mest almindelige mulighed for mange handlende derude: Kryptob\u00f8rser driver deres egne tegneb\u00f8ger, hvor de opbevarer dine Bitcoin p\u00e5 dine vegne. Disse er ogs\u00e5 kendt som custodial wallets.<\/span><\/p>\n<p><span style=\"font-weight: 400;\">Lad os for eksempel sige, at du har \u00e5bnet en Binance-konto og k\u00f8bt Bitcoin. Din BTC vil automatisk blive indsat i din Bitcoin wallet p\u00e5 Binance. Derefter kan du handle din coins p\u00e5 Binance-markedspladsen, overf\u00f8re dine penge til en anden b\u00f8rs eller wallet eller s\u00e6lge og h\u00e6ve din indtjening.\u00a0<\/span><\/p>\n<p><span style=\"font-weight: 400;\">Det er meget praktisk at bruge en exchange wallet, fordi det eneste, du skal g\u00f8re for at handle din krypto, er at logge ind p\u00e5 din konto og foretage et par klik. Du beh\u00f8ver ikke at bekymre dig (for meget) om sikkerhed ud over at holde din adgangskode for dig selv. De fleste b\u00f8rser h\u00e5ndh\u00e6ver ogs\u00e5 to-faktor-autentificering og andre forholdsregler for at sikre, at dine penge forbliver sikre, selv hvis dit kodeord bliver stj\u00e5let.<\/span><\/p>\n<p><span style=\"font-weight: 400;\">Ulempen ved denne mulighed er dog, at du ikke har n\u00f8glerne til din wallet. B\u00f8rsen har den st\u00f8rste kontrol over midlerne: Hvis de g\u00e5r konkurs, vil de tage dine penge med sig, da du ikke bare kan bruge dine n\u00f8gler til at flytte dine penge et andet sted hen.<\/span><\/p>\n<h4><span class=\"ez-toc-section\" id=\"Self-Custody_Hot_Wallets\"><\/span><span style=\"font-weight: 400;\">Varme tegneb\u00f8ger til selvforvaring<\/span><span class=\"ez-toc-section-end\"><\/span><\/h4>\n<p><span style=\"font-weight: 400;\">S\u00e5 du \u00f8nsker ikke at overlade din Bitcoin til en exchange wallet, men du er usikker p\u00e5, om du skal k\u00f8be en hard wallet endnu. Det er her, de selvforvaltende tegneb\u00f8ger kommer ind i billedet.<\/span><\/p>\n<p><span style=\"font-weight: 400;\">Self-custody wallets er dybest set software wallets, som du kan downloade til din computer eller mobile enhed. De er den oprindelige l\u00f8sning p\u00e5 Bitcoin og opbevaring af kryptoer. Da BTC f\u00f8rst blev lanceret, kom den ogs\u00e5 med en wallet-l\u00f8sning, som erfarne brugere kunne k\u00f8re p\u00e5 deres computere. Da Bitcoin begyndte at blive mainstream, begyndte udviklerne at udvikle lettere opbevaringsmuligheder, som folk uden teknisk erfaring kunne bruge.<\/span><\/p>\n<p><span style=\"font-weight: 400;\">Disse wallets er gemt p\u00e5 dine internetforbundne enheder: og som s\u00e5dan gemmer de ogs\u00e5 din wallet-n\u00f8gle p\u00e5 den enhed. Fordelen ved en selvforvaltende wallet (for eksempel Exodus) er, at den giver dig en masse kontrol over dine midler.<\/span><\/p>\n<p><span style=\"font-weight: 400;\">Men desv\u00e6rre kan de v\u00e6re ret ustabile, n\u00e5r det kommer til sikkerhed. Hvis din computer eller telefon bliver hacket, kan hackere nemt f\u00e5 adgang til de n\u00f8gler, der er gemt p\u00e5 din enhed. Mens de fleste b\u00f8rser har r\u00e5d til sikkerhedsforanstaltninger p\u00e5 industrielt niveau, er de fleste enkeltpersoner afh\u00e6ngige af gammeldags l\u00f8sninger, der ikke kan hamle op med det 21. \u00e5rhundredes pirater. Det g\u00f8r desv\u00e6rre hot wallets, som man selv opbevarer, til den mindst sikre opbevaringsmulighed.<\/span><\/p>\n<p><span style=\"font-weight: 400;\">N\u00e5r det er sagt, hvis du er en afslappet trader, der \u00f8nsker lidt erfaring, er der et par Bitcoin-tegneb\u00f8ger, du selv kan s\u00e6tte op og bruge (selvf\u00f8lgelig med tilstr\u00e6kkelig beskyttelse). Exodus er en BTC- og kryptotegnebog, der giver dig mulighed for at gemme og overf\u00f8re krypto. Den har ogs\u00e5 en handels- og byttetjeneste i appen, hvilket er meget praktisk. Du kan l\u00e6se mere om at opbevare BTC i Exodus i vores anmeldelse af Exodus.<\/span><\/p>","protected":false},"excerpt":{"rendered":"<p>S\u00e5dan k\u00f8ber du Bitcoin S\u00e5 du \u00f8nsker at dyppe t\u00e6erne i kryptomarkedet og k\u00f8be Bitcoin! S\u00e5 er du kommet til det rette sted. I denne artikel vil vi kort forklare, hvad Bitcoin er, hvordan det fungerer, og hvor du kan k\u00f8be det s\u00e5kaldte digitale guld. Hvad er Bitcoin? Hvis du ikke har sovet hele [...]<\/p>","protected":false},"author":3,"featured_media":0,"parent":0,"menu_order":0,"comment_status":"closed","ping_status":"closed","template":"","meta":{"_genesis_hide_title":false,"_genesis_hide_breadcrumbs":false,"_genesis_hide_singular_image":false,"_genesis_hide_footer_widgets":false,"_genesis_custom_body_class":"","_genesis_custom_post_class":"","_genesis_layout":"","_glsr_average":0,"_glsr_ranking":0,"_glsr_reviews":0,"footnotes":""},"class_list":{"0":"post-3885","1":"page","2":"type-page","3":"status-publish","5":"entry"},"featured_image_src":null,"featured_image_src_square":null,"_links":{"self":[{"href":"https:\/\/coinkickoff.com\/da\/wp-json\/wp\/v2\/pages\/3885","targetHints":{"allow":["GET"]}}],"collection":[{"href":"https:\/\/coinkickoff.com\/da\/wp-json\/wp\/v2\/pages"}],"about":[{"href":"https:\/\/coinkickoff.com\/da\/wp-json\/wp\/v2\/types\/page"}],"author":[{"embeddable":true,"href":"https:\/\/coinkickoff.com\/da\/wp-json\/wp\/v2\/users\/3"}],"replies":[{"embeddable":true,"href":"https:\/\/coinkickoff.com\/da\/wp-json\/wp\/v2\/comments?post=3885"}],"version-history":[{"count":3,"href":"https:\/\/coinkickoff.com\/da\/wp-json\/wp\/v2\/pages\/3885\/revisions"}],"predecessor-version":[{"id":4467,"href":"https:\/\/coinkickoff.com\/da\/wp-json\/wp\/v2\/pages\/3885\/revisions\/4467"}],"wp:attachment":[{"href":"https:\/\/coinkickoff.com\/da\/wp-json\/wp\/v2\/media?parent=3885"}],"curies":[{"name":"wp","href":"https:\/\/api.w.org\/{rel}","templated":true}]}}