{"id":3877,"date":"2026-01-08T14:06:52","date_gmt":"2026-01-08T14:06:52","guid":{"rendered":"https:\/\/coinkickoff.com\/?page_id=3877"},"modified":"2026-01-08T14:06:52","modified_gmt":"2026-01-08T14:06:52","slug":"how-to-buy-shiba-inu-on-kraken","status":"publish","type":"page","link":"https:\/\/coinkickoff.com\/da\/how-to-buy-shiba-inu\/how-to-buy-shiba-inu-on-kraken\/","title":{"rendered":"S\u00e5dan k\u00f8ber du Shiba Inu p\u00e5 Kraken"},"content":{"rendered":"<div id=\"ez-toc-container\" class=\"ez-toc-v2_0_80 counter-hierarchy ez-toc-counter ez-toc-transparent ez-toc-container-direction\">\n<div class=\"ez-toc-title-container\">\n<p class=\"ez-toc-title\" style=\"cursor:inherit\">Sektioner<\/p>\n<span class=\"ez-toc-title-toggle\"><a href=\"#\" class=\"ez-toc-pull-right ez-toc-btn ez-toc-btn-xs ez-toc-btn-default ez-toc-toggle\" aria-label=\"Toggle indholdsfortegnelse\"><span class=\"ez-toc-js-icon-con\"><span class=\"\"><span class=\"eztoc-hide\" style=\"display:none;\">Toggle<\/span><span class=\"ez-toc-icon-toggle-span\"><svg style=\"fill: #999;color:#999\" xmlns=\"http:\/\/www.w3.org\/2000\/svg\" class=\"list-377408\" width=\"20px\" height=\"20px\" viewbox=\"0 0 24 24\" fill=\"none\"><path d=\"M6 6H4v2h2V6zm14 0H8v2h12V6zM4 11h2v2H4v-2zm16 0H8v2h12v-2zM4 16h2v2H4v-2zm16 0H8v2h12v-2z\" fill=\"currentColor\"><\/path><\/svg><svg style=\"fill: #999;color:#999\" class=\"arrow-unsorted-368013\" xmlns=\"http:\/\/www.w3.org\/2000\/svg\" width=\"10px\" height=\"10px\" viewbox=\"0 0 24 24\" version=\"1.2\" baseprofile=\"tiny\"><path d=\"M18.2 9.3l-6.2-6.3-6.2 6.3c-.2.2-.3.4-.3.7s.1.5.3.7c.2.2.4.3.7.3h11c.3 0 .5-.1.7-.3.2-.2.3-.5.3-.7s-.1-.5-.3-.7zM5.8 14.7l6.2 6.3 6.2-6.3c.2-.2.3-.5.3-.7s-.1-.5-.3-.7c-.2-.2-.4-.3-.7-.3h-11c-.3 0-.5.1-.7.3-.2.2-.3.5-.3.7s.1.5.3.7z\"\/><\/svg><\/span><\/span><\/span><\/a><\/span><\/div>\n<nav><ul class='ez-toc-list ez-toc-list-level-1 eztoc-toggle-hide-by-default' ><li class='ez-toc-page-1 ez-toc-heading-level-2'><a class=\"ez-toc-link ez-toc-heading-1\" href=\"https:\/\/coinkickoff.com\/da\/how-to-buy-shiba-inu\/how-to-buy-shiba-inu-on-kraken\/#How_to_Buy_Shiba_Inu_on_Kraken_Exchange\" >S\u00e5dan k\u00f8ber du Shiba Inu p\u00e5 Kraken-b\u00f8rsen<\/a><\/li><li class='ez-toc-page-1 ez-toc-heading-level-2'><a class=\"ez-toc-link ez-toc-heading-2\" href=\"https:\/\/coinkickoff.com\/da\/how-to-buy-shiba-inu\/how-to-buy-shiba-inu-on-kraken\/#A_Step-By-Step_Guide_on_How_to_Buy_Shiba_Inu_on_Kraken\" >En trin-for-trin-guide til, hvordan du k\u00f8ber Shiba Inu p\u00e5 Kraken<\/a><ul class='ez-toc-list-level-3' ><li class='ez-toc-heading-level-3'><a class=\"ez-toc-link ez-toc-heading-3\" href=\"https:\/\/coinkickoff.com\/da\/how-to-buy-shiba-inu\/how-to-buy-shiba-inu-on-kraken\/#1_Register_an_Account_on_Kraken\" >1. Registrer en konto p\u00e5 Kraken<\/a><\/li><li class='ez-toc-page-1 ez-toc-heading-level-3'><a class=\"ez-toc-link ez-toc-heading-4\" href=\"https:\/\/coinkickoff.com\/da\/how-to-buy-shiba-inu\/how-to-buy-shiba-inu-on-kraken\/#2_Verify_Your_Account\" >2. Bekr\u00e6ft din konto<\/a><\/li><li class='ez-toc-page-1 ez-toc-heading-level-3'><a class=\"ez-toc-link ez-toc-heading-5\" href=\"https:\/\/coinkickoff.com\/da\/how-to-buy-shiba-inu\/how-to-buy-shiba-inu-on-kraken\/#3_Enable_2FA\" >3. Aktiver 2FA<\/a><\/li><li class='ez-toc-page-1 ez-toc-heading-level-3'><a class=\"ez-toc-link ez-toc-heading-6\" href=\"https:\/\/coinkickoff.com\/da\/how-to-buy-shiba-inu\/how-to-buy-shiba-inu-on-kraken\/#4_Add_an_Instant_Payment_Method\" >4. Tilf\u00f8j en \u00f8jeblikkelig betalingsmetode<\/a><\/li><li class='ez-toc-page-1 ez-toc-heading-level-3'><a class=\"ez-toc-link ez-toc-heading-7\" href=\"https:\/\/coinkickoff.com\/da\/how-to-buy-shiba-inu\/how-to-buy-shiba-inu-on-kraken\/#4_Navigate_to_the_Relevant_Screen_to_Buy\" >4. Naviger til den relevante sk\u00e6rm for at k\u00f8be<\/a><\/li><\/ul><\/li><\/ul><\/nav><\/div>\n<h2><span class=\"ez-toc-section\" id=\"How_to_Buy_Shiba_Inu_on_Kraken_Exchange\"><\/span><span style=\"font-weight: 400;\">S\u00e5dan k\u00f8ber du Shiba Inu p\u00e5 Kraken-b\u00f8rsen<\/span><span class=\"ez-toc-section-end\"><\/span><\/h2>\n<p><span style=\"font-weight: 400;\">Som de fleste kryptovalutaer, <a href=\"https:\/\/coinkickoff.com\/da\/shiba-inu-shib\/\">Shiba Inu (SHIB)<\/a> er et spekulativt aktiv: Dens pris kan stige og falde afh\u00e6ngigt af ber\u00f8mtheders, marketingfolks og endda Reddit-kommentatorers luner. Som et meme coin uden en use case, <a href=\"https:\/\/coinkickoff.com\/da\/shiba-inu-shib\/\" data-internallinksmanager029f6b8e52c=\"16\" title=\"Hvad er Shiba Inu (SHIB)? Hvordan virker det og hvor kan man k\u00f8be det?\">SHIB<\/a> er s\u00e6rligt s\u00e5rbar over for store og pludselige prisudsving, hvilket g\u00f8r det potentielt profitabelt og risikabelt.<\/span><\/p>\n<p><span style=\"font-weight: 400;\">Du kan k\u00f8be SHIB p\u00e5 flere <a href=\"https:\/\/coinkickoff.com\/da\/crypto-exchanges\/\" data-internallinksmanager029f6b8e52c=\"141\" title=\"De 21 bedste kryptovalutab\u00f8rser og apps i 2024\">kryptob\u00f8rser<\/a>takket v\u00e6re dens popularitet. I denne guide vil vi forklare, hvordan du k\u00f8ber Shiba Inu p\u00e5 <a href=\"https:\/\/coinkickoff.com\/da\/kraken-review\/\">Kraken<\/a>en USA-baseret veteranb\u00f8rs, der er kendt for sine h\u00f8je sikkerhedsstandarder.<\/span><\/p>\n<h2><span class=\"ez-toc-section\" id=\"A_Step-By-Step_Guide_on_How_to_Buy_Shiba_Inu_on_Kraken\"><\/span><span style=\"font-weight: 400;\">En trin-for-trin-guide til, hvordan du k\u00f8ber Shiba Inu p\u00e5 Kraken<\/span><span class=\"ez-toc-section-end\"><\/span><\/h2>\n<h3><span class=\"ez-toc-section\" id=\"1_Register_an_Account_on_Kraken\"><\/span><span style=\"font-weight: 400;\">1. Registrer en konto p\u00e5 Kraken<\/span><span class=\"ez-toc-section-end\"><\/span><\/h3>\n<p><img loading=\"lazy\" decoding=\"async\" class=\"alignnone wp-image-3406 size-full\" src=\"https:\/\/coinkickoff.com\/wp-content\/uploads\/kraken1-e1682502957481.png\" alt=\"hvordan man k\u00f8ber Dogecoin p\u00e5 Kraken\" width=\"1339\" height=\"763\" srcset=\"https:\/\/coinkickoff.com\/wp-content\/uploads\/kraken1-e1682502957481.png 1339w, https:\/\/coinkickoff.com\/wp-content\/uploads\/kraken1-e1682502957481-300x171.png 300w, https:\/\/coinkickoff.com\/wp-content\/uploads\/kraken1-e1682502957481-1024x584.png 1024w, https:\/\/coinkickoff.com\/wp-content\/uploads\/kraken1-e1682502957481-768x438.png 768w, https:\/\/coinkickoff.com\/wp-content\/uploads\/kraken1-e1682502957481-18x10.png 18w\" sizes=\"auto, (max-width: 1339px) 100vw, 1339px\" \/><\/p>\n<p><span style=\"font-weight: 400;\">Det vigtigste f\u00f8rst: G\u00e5 til <a href=\"https:\/\/coinkickoff.com\/da\/kraken-review\/\" data-internallinksmanager029f6b8e52c=\"171\" title=\"Kraken anmeldelser 2023: Gebyrer, funktioner, sikkerhed, fordele og ulemper\">Kraken<\/a>'s officielle hjemmeside og opret en konto. Udfyld tilmeldingsformularen ved at indtaste alle de n\u00f8dvendige oplysninger. S\u00f8rg for at indtaste en gyldig e-mail: Kraken vil bruge den til at sende dig et aktiveringslink.<\/span><\/p>\n<h3><span class=\"ez-toc-section\" id=\"2_Verify_Your_Account\"><\/span><span style=\"font-weight: 400;\">2. Bekr\u00e6ft din konto<\/span><span class=\"ez-toc-section-end\"><\/span><\/h3>\n<p><span style=\"font-weight: 400;\">N\u00e5r du har logget ind, er det tid til at gennemf\u00f8re identitetsbekr\u00e6ftelsen. Kraken er ret streng med identitetsbekr\u00e6ftelse, s\u00e5 du kan ikke springe dette trin over. S\u00e5 snart du pr\u00f8ver at klikke p\u00e5 fanen \"Buy Crypto\" \u00f8verst p\u00e5 dashboardet, bliver du bedt om at bekr\u00e6fte din identitet.<\/span><\/p>\n<p><img loading=\"lazy\" decoding=\"async\" class=\"alignnone wp-image-3407 size-full\" src=\"https:\/\/coinkickoff.com\/wp-content\/uploads\/kraken2-e1686524781685.png\" alt=\"Kraken verifikation advarsel\" width=\"1360\" height=\"791\" srcset=\"https:\/\/coinkickoff.com\/wp-content\/uploads\/kraken2-e1686524781685.png 1360w, https:\/\/coinkickoff.com\/wp-content\/uploads\/kraken2-e1686524781685-300x174.png 300w, https:\/\/coinkickoff.com\/wp-content\/uploads\/kraken2-e1686524781685-1024x596.png 1024w, https:\/\/coinkickoff.com\/wp-content\/uploads\/kraken2-e1686524781685-768x447.png 768w, https:\/\/coinkickoff.com\/wp-content\/uploads\/kraken2-e1686524781685-18x10.png 18w\" sizes=\"auto, (max-width: 1360px) 100vw, 1360px\" \/><\/p>\n<p><span style=\"font-weight: 400;\">Krakens verifikationsordning er ret standard: Du skal indtaste dit navn, adresse og personlige oplysninger og uploade ID-dokumenter.<\/span><\/p>\n<p><img loading=\"lazy\" decoding=\"async\" class=\"alignnone wp-image-3408 size-full\" src=\"https:\/\/coinkickoff.com\/wp-content\/uploads\/kraken3-e1682503223180.png\" alt=\"\" width=\"1375\" height=\"777\" srcset=\"https:\/\/coinkickoff.com\/wp-content\/uploads\/kraken3-e1682503223180.png 1375w, https:\/\/coinkickoff.com\/wp-content\/uploads\/kraken3-e1682503223180-300x170.png 300w, https:\/\/coinkickoff.com\/wp-content\/uploads\/kraken3-e1682503223180-1024x579.png 1024w, https:\/\/coinkickoff.com\/wp-content\/uploads\/kraken3-e1682503223180-768x434.png 768w, https:\/\/coinkickoff.com\/wp-content\/uploads\/kraken3-e1682503223180-18x10.png 18w, https:\/\/coinkickoff.com\/wp-content\/uploads\/kraken3-e1682503223180-600x338.png 600w\" sizes=\"auto, (max-width: 1375px) 100vw, 1375px\" \/><\/p>\n<p><span style=\"font-weight: 400;\">Indtast alle de n\u00f8dvendige oplysninger, og klik p\u00e5 \"Forts\u00e6t\". Upload de n\u00f8dvendige dokumenter, n\u00e5r du bliver bedt om det. Du kan afslutte processen p\u00e5 et par minutter.\u00a0<\/span><\/p>\n<h3><span class=\"ez-toc-section\" id=\"3_Enable_2FA\"><\/span><span style=\"font-weight: 400;\">3. Aktiver 2FA<\/span><span class=\"ez-toc-section-end\"><\/span><\/h3>\n<p><span style=\"font-weight: 400;\">N\u00e5r du er en verificeret bruger, kan du indbetale penge til Kraken. Det er dog klogt at aktivere to-faktor-autentificering (2FA), f\u00f8r du inds\u00e6tter penge p\u00e5 din konto. 2FA reducerer risikoen for, at din konto (og dine penge) bliver stj\u00e5let.<\/span><\/p>\n<p><span style=\"font-weight: 400;\">Klik p\u00e5 dit brugernavn, der vises i \u00f8verste h\u00f8jre hj\u00f8rne af sk\u00e6rmen, og g\u00e5 til 2FA-indstillinger.<\/span><\/p>\n<p><img loading=\"lazy\" decoding=\"async\" class=\"alignnone wp-image-3409 size-full\" src=\"https:\/\/coinkickoff.com\/wp-content\/uploads\/kraken4-e1682503267822.png\" alt=\"\" width=\"1360\" height=\"795\" srcset=\"https:\/\/coinkickoff.com\/wp-content\/uploads\/kraken4-e1682503267822.png 1360w, https:\/\/coinkickoff.com\/wp-content\/uploads\/kraken4-e1682503267822-300x175.png 300w, https:\/\/coinkickoff.com\/wp-content\/uploads\/kraken4-e1682503267822-1024x599.png 1024w, https:\/\/coinkickoff.com\/wp-content\/uploads\/kraken4-e1682503267822-768x449.png 768w, https:\/\/coinkickoff.com\/wp-content\/uploads\/kraken4-e1682503267822-18x12.png 18w\" sizes=\"auto, (max-width: 1360px) 100vw, 1360px\" \/><\/p>\n<p><span style=\"font-weight: 400;\">Du skal aktivere 2FA for at logge ind p\u00e5 din konto, men du kan ogs\u00e5 aktivere det for andre operationer som handel og finansiering. Klik p\u00e5 den fremh\u00e6vede knap \"Aktiv\u00e9r nu\" for at starte.<\/span><\/p>\n<p><span style=\"font-weight: 400;\"><img loading=\"lazy\" decoding=\"async\" class=\"alignnone wp-image-3405 size-full\" src=\"https:\/\/coinkickoff.com\/wp-content\/uploads\/kraken-5-e1682503294785.png\" alt=\"\" width=\"1357\" height=\"770\" srcset=\"https:\/\/coinkickoff.com\/wp-content\/uploads\/kraken-5-e1682503294785.png 1357w, https:\/\/coinkickoff.com\/wp-content\/uploads\/kraken-5-e1682503294785-300x170.png 300w, https:\/\/coinkickoff.com\/wp-content\/uploads\/kraken-5-e1682503294785-1024x581.png 1024w, https:\/\/coinkickoff.com\/wp-content\/uploads\/kraken-5-e1682503294785-768x436.png 768w, https:\/\/coinkickoff.com\/wp-content\/uploads\/kraken-5-e1682503294785-18x10.png 18w\" sizes=\"auto, (max-width: 1357px) 100vw, 1357px\" \/><\/span><\/p>\n<p><span style=\"font-weight: 400;\">Krakens hjemmeside forklarer i detaljer, hvordan 2FA fungerer, og giver dig instruktioner om, hvordan du g\u00f8r. Dybest set er alt, hvad du skal g\u00f8re, at hente Google Authenticator-appen og bruge den til at scanne den QR-kode, som Kraken genererer til dig. Appen vil give dig en autentificeringskode for at bekr\u00e6fte din sikkerhed. Indtast koden fra appen, og klik p\u00e5 \"Bekr\u00e6ft\".<\/span><\/p>\n<p><img loading=\"lazy\" decoding=\"async\" class=\"alignnone wp-image-3410 size-full\" src=\"https:\/\/coinkickoff.com\/wp-content\/uploads\/kraken6-e1682503322525.png\" alt=\"\" width=\"1357\" height=\"791\" \/><\/p>\n<p><span style=\"font-weight: 400;\">Du skal bruge Google Authenticator-appen, hver gang du logger ind p\u00e5 din konto.\u00a0<\/span><\/p>\n<h3><span class=\"ez-toc-section\" id=\"4_Add_an_Instant_Payment_Method\"><\/span><span style=\"font-weight: 400;\">4. Tilf\u00f8j en \u00f8jeblikkelig betalingsmetode<\/span><span class=\"ez-toc-section-end\"><\/span><\/h3>\n<p><span style=\"font-weight: 400;\">Den hurtigste m\u00e5de at k\u00f8be Shiba Inu (eller enhver anden kryptovaluta) p\u00e5 Kraken er ved at tilf\u00f8je en \u00f8jeblikkelig betalingsmetode til din konto. Du kan linke kredit- og debetkort eller din online bankkonto til at veksle.<\/span><\/p>\n<p><span style=\"font-weight: 400;\">Klik p\u00e5 fanen \"Buy Crypto\" for at linke et kort til din konto. Du vil blive omdirigeret til siden Crypto Buy methods, hvor du kan tilf\u00f8je en betalingsmetode.<\/span><\/p>\n<p><img loading=\"lazy\" decoding=\"async\" class=\"alignnone wp-image-3412 size-full\" src=\"https:\/\/coinkickoff.com\/wp-content\/uploads\/kraken8-e1682503364155.png\" alt=\"S\u00e5dan k\u00f8ber du Shiba Inu p\u00e5 Kraken\" width=\"1206\" height=\"781\" srcset=\"https:\/\/coinkickoff.com\/wp-content\/uploads\/kraken8-e1682503364155.png 1206w, https:\/\/coinkickoff.com\/wp-content\/uploads\/kraken8-e1682503364155-300x194.png 300w, https:\/\/coinkickoff.com\/wp-content\/uploads\/kraken8-e1682503364155-1024x663.png 1024w, https:\/\/coinkickoff.com\/wp-content\/uploads\/kraken8-e1682503364155-768x497.png 768w, https:\/\/coinkickoff.com\/wp-content\/uploads\/kraken8-e1682503364155-18x12.png 18w\" sizes=\"auto, (max-width: 1206px) 100vw, 1206px\" \/><\/p>\n<p><span style=\"font-weight: 400;\">Klik p\u00e5 \"Tilf\u00f8j betalingsmetoder\". <\/span><\/p>\n<p><img loading=\"lazy\" decoding=\"async\" class=\"alignnone wp-image-3413 size-full\" src=\"https:\/\/coinkickoff.com\/wp-content\/uploads\/kraken9-e1682503407337.png\" alt=\"\" width=\"1196\" height=\"776\" srcset=\"https:\/\/coinkickoff.com\/wp-content\/uploads\/kraken9-e1682503407337.png 1196w, https:\/\/coinkickoff.com\/wp-content\/uploads\/kraken9-e1682503407337-300x195.png 300w, https:\/\/coinkickoff.com\/wp-content\/uploads\/kraken9-e1682503407337-1024x664.png 1024w, https:\/\/coinkickoff.com\/wp-content\/uploads\/kraken9-e1682503407337-768x498.png 768w, https:\/\/coinkickoff.com\/wp-content\/uploads\/kraken9-e1682503407337-18x12.png 18w\" sizes=\"auto, (max-width: 1196px) 100vw, 1196px\" \/><\/p>\n<p><span style=\"font-weight: 400;\">Du kan tilf\u00f8je et debet- eller kreditkort ved blot at indtaste dine kortoplysninger. Du kan ogs\u00e5 indbetale kontanter via netbank, men det er ikke s\u00e5 hurtigt som den f\u00f8rste mulighed.<\/span><\/p>\n<h3><span class=\"ez-toc-section\" id=\"4_Navigate_to_the_Relevant_Screen_to_Buy\"><\/span><span style=\"font-weight: 400;\">4. Naviger til den relevante sk\u00e6rm for at k\u00f8be<\/span><span class=\"ez-toc-section-end\"><\/span><\/h3>\n<p><span style=\"font-weight: 400;\">N\u00e5r du har tilf\u00f8jet en betalingsmetode til din Kraken-konto, er det meget nemt at k\u00f8be SHIB. P\u00e5 siden \"Buy Crypto\" skal du klikke p\u00e5 \"Buy\".<\/span><\/p>\n<p><span style=\"font-weight: 400;\">Du kan se de tilbudte aktiver i dropdown-menuen. V\u00e6lg Shiba Inu fra listen (du kan finde den opf\u00f8rt som SHIB). Indtast det bel\u00f8b, du vil bruge p\u00e5 Shib, v\u00e6lg din betalingsmetode, og klik p\u00e5 bekr\u00e6ft.<\/span><\/p>\n<p><span style=\"font-weight: 400;\">Selvom denne mulighed er meget hurtig, kan kredit- og betalingskortk\u00f8b via easy buy-widgeten v\u00e6re meget dyre. Hvis du ikke \u00f8nsker at betale h\u00f8je gebyrer for at k\u00f8be Shiba Inu, kan du bruge den anden metode, vi beskriver nedenfor.<\/span><\/p>\n<p><span style=\"font-weight: 400;\">Du kan handle udvalgte fiat-valutaer, herunder USD, for Shiba Inu p\u00e5 Kraken. V\u00e6r opm\u00e6rksom p\u00e5, at du skal indbetale penge til din konto for at drage fordel af Krakens billigere gebyrer. Du kan ikke bruge debet- eller kreditkort til at handle p\u00e5 Kraken.<\/span><\/p>\n<p><span style=\"font-weight: 400;\">Der er to m\u00e5der, du kan konvertere din USD til Shiba Inu p\u00e5 Kraken: Du kan bruge <\/span><a href=\"https:\/\/kraken.pxf.io\/B0Rny4convert\/shib\/usd\" target=\"_blank\" rel=\"noopener\"><span style=\"font-weight: 400;\">Krakens auto-konverter<\/span><\/a><span style=\"font-weight: 400;\"> eller udf\u00f8r en handel ved at placere en ordre p\u00e5 Shiba Inu.<\/span><\/p>\n<p><span style=\"font-weight: 400;\">Den enkleste m\u00e5de at handle USD for Kraken er ved hj\u00e6lp af en automatisk konverter, men hvis du vil bestemme din egen pris, er det bedst at afgive en ordre.<\/span><\/p>\n<p><span style=\"font-weight: 400;\">Hvis du vil afgive en ordre, skal du g\u00e5 til fanen \"Handel\" og klikke p\u00e5 \"Ny ordre\". V\u00e6lg handelsparret USD\/SHIB.<\/span><\/p>\n<p><span style=\"font-weight: 400;\">Bestillingsformularen ser m\u00e5ske forvirrende ud, men den er superenkel: Du skal blot indtaste, hvor meget du vil bruge. Du kan enten acceptere markedsprisen for SHIB eller s\u00e6tte en pris for dig selv. Hvis du s\u00e6tter en for lav pris, kan det tage et stykke tid, f\u00f8r din ordre bliver opfyldt.<\/span><\/p>\n<p><span style=\"font-weight: 400;\">Tillykke med det! Du ved nu, hvordan du k\u00f8ber Shiba Inu p\u00e5 Kraken.<\/span><\/p>","protected":false},"excerpt":{"rendered":"<p>S\u00e5dan k\u00f8ber du Shiba Inu p\u00e5 Kraken Exchange Som de fleste kryptovalutaer er Shiba Inu (SHIB) et spekulativt aktiv: Dens pris kan stige og falde afh\u00e6ngigt af luner hos ber\u00f8mtheder, marketingfolk og endda Reddit-kommentatorer. Som et meme coin uden en brugssag er SHIB s\u00e6rligt s\u00e5rbar over for store og pludselige prissvingninger, hvilket g\u00f8r den [...]<\/p>","protected":false},"author":3,"featured_media":0,"parent":3709,"menu_order":0,"comment_status":"closed","ping_status":"closed","template":"","meta":{"_genesis_hide_title":false,"_genesis_hide_breadcrumbs":false,"_genesis_hide_singular_image":false,"_genesis_hide_footer_widgets":false,"_genesis_custom_body_class":"","_genesis_custom_post_class":"","_genesis_layout":"","_glsr_average":0,"_glsr_ranking":0,"_glsr_reviews":0,"footnotes":""},"class_list":{"0":"post-3877","1":"page","2":"type-page","3":"status-publish","5":"entry"},"featured_image_src":null,"featured_image_src_square":null,"_links":{"self":[{"href":"https:\/\/coinkickoff.com\/da\/wp-json\/wp\/v2\/pages\/3877","targetHints":{"allow":["GET"]}}],"collection":[{"href":"https:\/\/coinkickoff.com\/da\/wp-json\/wp\/v2\/pages"}],"about":[{"href":"https:\/\/coinkickoff.com\/da\/wp-json\/wp\/v2\/types\/page"}],"author":[{"embeddable":true,"href":"https:\/\/coinkickoff.com\/da\/wp-json\/wp\/v2\/users\/3"}],"replies":[{"embeddable":true,"href":"https:\/\/coinkickoff.com\/da\/wp-json\/wp\/v2\/comments?post=3877"}],"version-history":[{"count":3,"href":"https:\/\/coinkickoff.com\/da\/wp-json\/wp\/v2\/pages\/3877\/revisions"}],"predecessor-version":[{"id":3880,"href":"https:\/\/coinkickoff.com\/da\/wp-json\/wp\/v2\/pages\/3877\/revisions\/3880"}],"up":[{"embeddable":true,"href":"https:\/\/coinkickoff.com\/da\/wp-json\/wp\/v2\/pages\/3709"}],"wp:attachment":[{"href":"https:\/\/coinkickoff.com\/da\/wp-json\/wp\/v2\/media?parent=3877"}],"curies":[{"name":"wp","href":"https:\/\/api.w.org\/{rel}","templated":true}]}}