{"id":3709,"date":"2026-01-08T14:06:54","date_gmt":"2026-01-08T14:06:54","guid":{"rendered":"https:\/\/coinkickoff.com\/?page_id=3709"},"modified":"2026-01-08T14:06:54","modified_gmt":"2026-01-08T14:06:54","slug":"how-to-buy-shiba-inu","status":"publish","type":"page","link":"https:\/\/coinkickoff.com\/da\/how-to-buy-shiba-inu\/","title":{"rendered":"S\u00e5dan k\u00f8ber du Shiba Inu (SHIB)"},"content":{"rendered":"<div id=\"ez-toc-container\" class=\"ez-toc-v2_0_80 counter-hierarchy ez-toc-counter ez-toc-transparent ez-toc-container-direction\">\n<div class=\"ez-toc-title-container\">\n<p class=\"ez-toc-title\" style=\"cursor:inherit\">Sektioner<\/p>\n<span class=\"ez-toc-title-toggle\"><a href=\"#\" class=\"ez-toc-pull-right ez-toc-btn ez-toc-btn-xs ez-toc-btn-default ez-toc-toggle\" aria-label=\"Toggle indholdsfortegnelse\"><span class=\"ez-toc-js-icon-con\"><span class=\"\"><span class=\"eztoc-hide\" style=\"display:none;\">Toggle<\/span><span class=\"ez-toc-icon-toggle-span\"><svg style=\"fill: #999;color:#999\" xmlns=\"http:\/\/www.w3.org\/2000\/svg\" class=\"list-377408\" width=\"20px\" height=\"20px\" viewbox=\"0 0 24 24\" fill=\"none\"><path d=\"M6 6H4v2h2V6zm14 0H8v2h12V6zM4 11h2v2H4v-2zm16 0H8v2h12v-2zM4 16h2v2H4v-2zm16 0H8v2h12v-2z\" fill=\"currentColor\"><\/path><\/svg><svg style=\"fill: #999;color:#999\" class=\"arrow-unsorted-368013\" xmlns=\"http:\/\/www.w3.org\/2000\/svg\" width=\"10px\" height=\"10px\" viewbox=\"0 0 24 24\" version=\"1.2\" baseprofile=\"tiny\"><path d=\"M18.2 9.3l-6.2-6.3-6.2 6.3c-.2.2-.3.4-.3.7s.1.5.3.7c.2.2.4.3.7.3h11c.3 0 .5-.1.7-.3.2-.2.3-.5.3-.7s-.1-.5-.3-.7zM5.8 14.7l6.2 6.3 6.2-6.3c.2-.2.3-.5.3-.7s-.1-.5-.3-.7c-.2-.2-.4-.3-.7-.3h-11c-.3 0-.5.1-.7.3-.2.2-.3.5-.3.7s.1.5.3.7z\"\/><\/svg><\/span><\/span><\/span><\/a><\/span><\/div>\n<nav><ul class='ez-toc-list ez-toc-list-level-1 eztoc-toggle-hide-by-default' ><li class='ez-toc-page-1 ez-toc-heading-level-2'><a class=\"ez-toc-link ez-toc-heading-1\" href=\"https:\/\/coinkickoff.com\/da\/how-to-buy-shiba-inu\/#How_to_Buy_Shiba_Inu\" >S\u00e5dan k\u00f8ber du Shiba Inu<\/a><\/li><li class='ez-toc-page-1 ez-toc-heading-level-2'><a class=\"ez-toc-link ez-toc-heading-2\" href=\"https:\/\/coinkickoff.com\/da\/how-to-buy-shiba-inu\/#What_Is_Shiba_Inu\" >Hvad er Shiba Inu?<\/a><\/li><li class='ez-toc-page-1 ez-toc-heading-level-2'><a class=\"ez-toc-link ez-toc-heading-3\" href=\"https:\/\/coinkickoff.com\/da\/how-to-buy-shiba-inu\/#Where_Can_I_Buy_Shiba_Inu\" >Hvor kan jeg k\u00f8be Shiba Inu?<\/a><\/li><li class='ez-toc-page-1 ez-toc-heading-level-2'><a class=\"ez-toc-link ez-toc-heading-4\" href=\"https:\/\/coinkickoff.com\/da\/how-to-buy-shiba-inu\/#How_to_Buy_Shiba_Inu-2\" >S\u00e5dan k\u00f8ber du Shiba Inu<\/a><ul class='ez-toc-list-level-3' ><li class='ez-toc-heading-level-3'><a class=\"ez-toc-link ez-toc-heading-5\" href=\"https:\/\/coinkickoff.com\/da\/how-to-buy-shiba-inu\/#Choose_Your_Exchange\" >V\u00e6lg din udveksling<\/a><\/li><li class='ez-toc-page-1 ez-toc-heading-level-3'><a class=\"ez-toc-link ez-toc-heading-6\" href=\"https:\/\/coinkickoff.com\/da\/how-to-buy-shiba-inu\/#Store_Your_SHIB\" >Opbevar din SHIB<\/a><ul class='ez-toc-list-level-4' ><li class='ez-toc-heading-level-4'><a class=\"ez-toc-link ez-toc-heading-7\" href=\"https:\/\/coinkickoff.com\/da\/how-to-buy-shiba-inu\/#Exchange_Wallet\" >Byttepung<\/a><\/li><li class='ez-toc-page-1 ez-toc-heading-level-4'><a class=\"ez-toc-link ez-toc-heading-8\" href=\"https:\/\/coinkickoff.com\/da\/how-to-buy-shiba-inu\/#Self-Custody_Hot_Wallets\" >Varme tegneb\u00f8ger til selvforvaring<\/a><\/li><li class='ez-toc-page-1 ez-toc-heading-level-4'><a class=\"ez-toc-link ez-toc-heading-9\" href=\"https:\/\/coinkickoff.com\/da\/how-to-buy-shiba-inu\/#Cold_Wallets\" >Kolde tegneb\u00f8ger<\/a><\/li><\/ul><\/li><\/ul><\/li><\/ul><\/nav><\/div>\n<h2><span class=\"ez-toc-section\" id=\"How_to_Buy_Shiba_Inu\"><\/span><span style=\"font-weight: 400;\">S\u00e5dan k\u00f8ber du Shiba Inu<\/span><span class=\"ez-toc-section-end\"><\/span><\/h2>\n<p><img loading=\"lazy\" decoding=\"async\" class=\"alignnone wp-image-168 size-full\" src=\"https:\/\/coinkickoff.com\/wp-content\/uploads\/2022\/06\/Shiba-Inu-SHIB.jpg\" alt=\"hvordan man k\u00f8ber shiba inu\" width=\"1000\" height=\"1000\" srcset=\"https:\/\/coinkickoff.com\/wp-content\/uploads\/2022\/06\/Shiba-Inu-SHIB.jpg 1000w, https:\/\/coinkickoff.com\/wp-content\/uploads\/2022\/06\/Shiba-Inu-SHIB-300x300.jpg 300w, https:\/\/coinkickoff.com\/wp-content\/uploads\/2022\/06\/Shiba-Inu-SHIB-150x150.jpg 150w, https:\/\/coinkickoff.com\/wp-content\/uploads\/2022\/06\/Shiba-Inu-SHIB-768x768.jpg 768w, https:\/\/coinkickoff.com\/wp-content\/uploads\/2022\/06\/Shiba-Inu-SHIB-12x12.jpg 12w, https:\/\/coinkickoff.com\/wp-content\/uploads\/2022\/06\/Shiba-Inu-SHIB-80x80.jpg 80w, https:\/\/coinkickoff.com\/wp-content\/uploads\/2022\/06\/Shiba-Inu-SHIB-600x600.jpg 600w\" sizes=\"auto, (max-width: 1000px) 100vw, 1000px\" \/><\/p>\n<p><span style=\"font-weight: 400;\">Er du interesseret i at k\u00f8be <a href=\"https:\/\/coinkickoff.com\/da\/shiba-inu-shib\/\" data-internallinksmanager029f6b8e52c=\"16\" title=\"Hvad er Shiba Inu (SHIB)? Hvordan virker det og hvor kan man k\u00f8be det?\">Shiba Inu<\/a> men ved ikke, hvor du skal starte? S\u00e5 er du kommet til det rette sted. Her er alt, hvad du beh\u00f8ver at vide om at k\u00f8be Shiba Inu.\u00a0<\/span><\/p>\n<h2><span class=\"ez-toc-section\" id=\"What_Is_Shiba_Inu\"><\/span><span style=\"font-weight: 400;\">Hvad er Shiba Inu?<\/span><span class=\"ez-toc-section-end\"><\/span><\/h2>\n<p><span style=\"font-weight: 400;\">Shiba Inu token (SHIB) blev oprettet i august 2020 som et meme coin af en pseudo-anonym udvikler ved navn \"Ryoshi\". coin blev popul\u00e6r efter at \"Ryoshi\" sendte halvdelen af det samlede udbud til den <a href=\"https:\/\/coinkickoff.com\/da\/ethereum-eth\/\" data-internallinksmanager029f6b8e52c=\"2\" title=\"Hvad er Ethereum (ETH)? Pris, historie og hvor kan man k\u00f8be\">Ethereum<\/a> stifter Vitalik Buterin som en m\u00e5de at markedsf\u00f8re coin til masserne p\u00e5. Buterin br\u00e6ndte <\/span><a href=\"https:\/\/www.coindesk.com\/markets\/2021\/05\/17\/vitalik-buterin-burns-6b-in-shib-tokens-says-he-doesnt-want-the-power\/\" target=\"_blank\" rel=\"noopener\"><span style=\"font-weight: 400;\">90% af forsyningen og donerede de resterende 10% til en velg\u00f8rende organisation<\/span><\/a><span style=\"font-weight: 400;\"> i Indien under Covid-19-pandemien.<\/span><\/p>\n<p><img loading=\"lazy\" decoding=\"async\" class=\"alignnone wp-image-3712 size-full\" src=\"https:\/\/coinkickoff.com\/wp-content\/uploads\/Screen-Shot-2023-05-24-at-2.12.50-PM-e1684926889358.png\" alt=\"\" width=\"759\" height=\"629\" srcset=\"https:\/\/coinkickoff.com\/wp-content\/uploads\/Screen-Shot-2023-05-24-at-2.12.50-PM-e1684926889358.png 759w, https:\/\/coinkickoff.com\/wp-content\/uploads\/Screen-Shot-2023-05-24-at-2.12.50-PM-e1684926889358-300x249.png 300w, https:\/\/coinkickoff.com\/wp-content\/uploads\/Screen-Shot-2023-05-24-at-2.12.50-PM-e1684926889358-14x12.png 14w\" sizes=\"auto, (max-width: 759px) 100vw, 759px\" \/><\/p>\n<p><span style=\"font-weight: 400;\">Shiba Inu ligner meget det konkurrerende meme token <a href=\"https:\/\/coinkickoff.com\/da\/dogecoin-doge\/\" data-internallinksmanager029f6b8e52c=\"14\" title=\"Hvad er Dogecoin (DOGE)? Hvordan det virker og hvor kan man k\u00f8be det?\">Dogecoin<\/a>, da begge projekter bruger billedet af Shiba Inu-hunden (som inspirerede Doge-memet) og i det v\u00e6sentlige betragtes som en joke coins. SHIB er blevet kaldt \"DOGEKILLER\" af skaberholdet og Shiba Inu-f\u00e6llesskabet, da projektet har til form\u00e5l at overg\u00e5 DOGE's popularitet.<\/span><\/p>\n<p><img loading=\"lazy\" decoding=\"async\" class=\"alignnone wp-image-3711 size-full\" src=\"https:\/\/coinkickoff.com\/wp-content\/uploads\/elon-musk-shiba.png\" alt=\"\" width=\"447\" height=\"794\" srcset=\"https:\/\/coinkickoff.com\/wp-content\/uploads\/elon-musk-shiba.png 447w, https:\/\/coinkickoff.com\/wp-content\/uploads\/elon-musk-shiba-169x300.png 169w, https:\/\/coinkickoff.com\/wp-content\/uploads\/elon-musk-shiba-7x12.png 7w\" sizes=\"auto, (max-width: 447px) 100vw, 447px\" \/><\/p>\n<p><span style=\"font-weight: 400;\">Meget gerne Dogecoin, <\/span><b>Shiba Inu har ikke rigtig noget anvendelsesomr\u00e5de<\/b><span style=\"font-weight: 400;\">. Den er is\u00e6r popul\u00e6r p\u00e5 grund af internetkulturen og spekulationer. I 2021 steg coin's pris 10 gange efter <\/span><a href=\"https:\/\/www.news.com.au\/finance\/markets\/world-markets\/shib-coin-why-shiba-inu-price-is-surging\/news-story\/a1bb8332cda46430f3093582e62ade73\" target=\"_blank\" rel=\"noopener\"><span style=\"font-weight: 400;\">Elon Musk tweetede <\/span><\/a><span style=\"font-weight: 400;\">et billede af sin egen Shiba Inu-racehund, selv om token-prisen senere faldt tilbage til sit tidligere niveau.<\/span><\/p>\n<p><img loading=\"lazy\" decoding=\"async\" class=\"alignnone wp-image-3710 size-full\" src=\"https:\/\/coinkickoff.com\/wp-content\/uploads\/shiba-inu-price-e1684926920831.png\" alt=\"\" width=\"766\" height=\"500\" srcset=\"https:\/\/coinkickoff.com\/wp-content\/uploads\/shiba-inu-price-e1684926920831.png 766w, https:\/\/coinkickoff.com\/wp-content\/uploads\/shiba-inu-price-e1684926920831-300x196.png 300w, https:\/\/coinkickoff.com\/wp-content\/uploads\/shiba-inu-price-e1684926920831-18x12.png 18w\" sizes=\"auto, (max-width: 766px) 100vw, 766px\" \/><\/p>\n<p><span style=\"font-weight: 400;\">Generelt kan meme coins som Shiba Inu og Dogecoin betragtes som pump-and-dump coins, fordi de mangler nyttev\u00e6rdi. Folk k\u00f8ber dem ofte i h\u00e5b om at kunne s\u00e6lge deres aktiver ved en pludselig prisstigning.<\/span><\/p>\n<p><span style=\"font-weight: 400;\">Ikke desto mindre er Shiba Inu ligesom DOGE utrolig billig og ret popul\u00e6r. Du kan nemt k\u00f8be en stor m\u00e6ngde SH\u0130B for hundrede dollars. Alt i alt g\u00f8r deres lette tilg\u00e6ngelighed, store synlighed og prisvolatilitet disse coins attraktive for dem, der ikke har noget imod at foretage risikable investeringer i h\u00e5b om store gevinster.\u00a0<\/span><\/p>\n<h2><span class=\"ez-toc-section\" id=\"Where_Can_I_Buy_Shiba_Inu\"><\/span><span style=\"font-weight: 400;\">Hvor kan jeg k\u00f8be Shiba Inu?<\/span><span class=\"ez-toc-section-end\"><\/span><\/h2>\n<p><a href=\"https:\/\/coinmarketcap.com\/currencies\/shiba-inu\/\" target=\"_blank\" rel=\"noopener\"><span style=\"font-weight: 400;\">SHIB er den 14. st\u00f8rste krypto<\/span><\/a><span style=\"font-weight: 400;\"> efter markedsv\u00e6rdi, s\u00e5 n\u00e6sten alle popul\u00e6re b\u00f8rser giver dig mulighed for at handle med den.<\/span><\/p>\n<p><span style=\"font-weight: 400;\">Du kan k\u00f8be SHIB med fiat-valutaer p\u00e5 centraliserede <a href=\"https:\/\/coinkickoff.com\/da\/crypto-exchanges\/\" data-internallinksmanager029f6b8e52c=\"141\" title=\"De 21 bedste kryptovalutab\u00f8rser og apps i 2024\">kryptob\u00f8rser<\/a> som <\/span><a href=\"https:\/\/coinkickoff.com\/da\/binance-review\/\"><span style=\"font-weight: 400;\">Binance<\/span><\/a><span style=\"font-weight: 400;\">, <\/span><a href=\"https:\/\/coinkickoff.com\/da\/kraken-review\/\"><span style=\"font-weight: 400;\">Kraken<\/span><\/a><span style=\"font-weight: 400;\">, <\/span><a href=\"https:\/\/coinkickoff.com\/da\/coinbase-review\/\"><span style=\"font-weight: 400;\">Coinbase<\/span><\/a><span style=\"font-weight: 400;\">, <\/span><a href=\"https:\/\/www.kucoin.com\/r\/af\/rMJPV3B\" target=\"_blank\" rel=\"noopener\"><span style=\"font-weight: 400;\">Kucoin<\/span><\/a><span style=\"font-weight: 400;\">, <\/span><a href=\"https:\/\/www.bitfinex.com\/sign-up?refcode=kjCYk-CZD\" target=\"_blank\" rel=\"noopener\"><span style=\"font-weight: 400;\">Bitfinex<\/span><\/a><span style=\"font-weight: 400;\">, og <\/span><a href=\"https:\/\/www.okx.com\/join\/65358827\" target=\"_blank\" rel=\"noopener\"><span style=\"font-weight: 400;\">OKX<\/span><\/a><span style=\"font-weight: 400;\">.<\/span><\/p>\n<p><span style=\"font-weight: 400;\">Du kan ogs\u00e5 handle SHIB p\u00e5 decentraliserede b\u00f8rser som <a href=\"https:\/\/coinkickoff.com\/da\/uniswap-uni\/\" data-internallinksmanager029f6b8e52c=\"34\" title=\"Hvad er Uniswap (UNI) Hvordan virker det og hvor kan man k\u00f8be det?\">Uniswap<\/a> og Sushiswap. Du kan ikke k\u00f8be krypto med fiatvaluta p\u00e5 disse b\u00f8rser, men hvis du allerede ejer krypto, kan du bytte den for SHIB.<\/span><\/p>\n<h2><span class=\"ez-toc-section\" id=\"How_to_Buy_Shiba_Inu-2\"><\/span><span style=\"font-weight: 400;\">S\u00e5dan k\u00f8ber du Shiba Inu<\/span><span class=\"ez-toc-section-end\"><\/span><\/h2>\n<p><span style=\"font-weight: 400;\">S\u00e5 du har besluttet at tage springet og k\u00f8be Shiba Inu. Fint, men f\u00f8rst skal du tr\u00e6ffe to beslutninger: For det f\u00f8rste skal du beslutte, hvilken b\u00f8rs du vil bruge til at k\u00f8be coin. Dern\u00e6st skal du beslutte dig for en opbevaringsmetode. N\u00e5r du har fundet ud af det, er du klar til at k\u00f8be din SHIB.\u00a0<\/span><\/p>\n<p><span style=\"font-weight: 400;\">Her er en oversigt over de enkelte trin for at g\u00f8re dit k\u00f8b lettere.<\/span><\/p>\n<h3><span class=\"ez-toc-section\" id=\"Choose_Your_Exchange\"><\/span><span style=\"font-weight: 400;\">V\u00e6lg din udveksling<\/span><span class=\"ez-toc-section-end\"><\/span><\/h3>\n<p><span style=\"font-weight: 400;\">Da Shiba Inu er meget popul\u00e6r, og du kan finde den p\u00e5 n\u00e6sten alle kryptovalutab\u00f8rser. Men da der er mange udvekslinger rundt omkring, kan det v\u00e6re skr\u00e6mmende at v\u00e6lge den rigtige. Du skal dog ikke \u00e6rgre dig, da vi har <\/span><a href=\"https:\/\/coinkickoff.com\/da\/crypto-exchanges\/\"><span style=\"font-weight: 400;\">en kort vejledning om de bedste kryptob\u00f8rser<\/span><\/a><span style=\"font-weight: 400;\"> du kan bruge.<\/span><\/p>\n<p><span style=\"font-weight: 400;\">N\u00e5r du v\u00e6lger en udveksling, er der et par ting, du skal overveje. Hvis du \u00f8nsker at investere i forskellige altcoins, foretr\u00e6kker du m\u00e5ske en <\/span><b>st\u00f8rre platform<\/b><span style=\"font-weight: 400;\"> der tilbyder flere digitale aktiver, som f.eks. <a href=\"https:\/\/coinkickoff.com\/da\/binance-review\/\" data-internallinksmanager029f6b8e52c=\"152\" title=\"Binance Anmeldelser 2024: Funktioner, gebyrer, sikkerhed, fordele og ulemper\">Binance<\/a> eller <a href=\"https:\/\/coinkickoff.com\/da\/coinbase-review\/\" data-internallinksmanager029f6b8e52c=\"142\" title=\"Coinbase Anmeldelser 2024: Funktioner, gebyrer, sikkerhed, fordele og ulemper\">Coinbase<\/a>.\u00a0<\/span><\/p>\n<p><span style=\"font-weight: 400;\">Du skal ogs\u00e5 t\u00e6nke p\u00e5<\/span><b> vekselgebyrer<\/b><span style=\"font-weight: 400;\">. De fleste b\u00f8rser tilbyder to forskellige prissystemer: Det ene er et differentieret og dermed billigere gebyrsystem for professionel handel, og det andet er en simpel k\u00f8bsfunktion, som er dyrere.\u00a0<\/span><\/p>\n<p><span style=\"font-weight: 400;\">Hvis du er en nybegynder, der \u00f8nsker at k\u00f8be coins nemt, er den nemme k\u00f8bsfunktion din bedste mulighed. N\u00e5r du sammenligner b\u00f8rser, skal du tjekke deres gebyrer for simple k\u00f8bsoperationer. Normalt varierer priserne mellem %1 til %5, afh\u00e6ngigt af b\u00f8rsen og betalingsmetoden.<\/span><\/p>\n<h3><span class=\"ez-toc-section\" id=\"Store_Your_SHIB\"><\/span><span style=\"font-weight: 400;\">Opbevar din SHIB<\/span><span class=\"ez-toc-section-end\"><\/span><\/h3>\n<p><span style=\"font-weight: 400;\">Det er en god id\u00e9 at unders\u00f8ge krypto-tegneb\u00f8ger, f\u00f8r du k\u00f8ber en coins. Kryptoopbevaring er en alvorlig sag: Da kryptoaktiver kun eksisterer p\u00e5 k\u00e6den, er den eneste m\u00e5de at f\u00e5 adgang til dine midler p\u00e5 gennem din krypto-tegnebog.\u00a0\u00a0<\/span><\/p>\n<p><span style=\"font-weight: 400;\">Der findes to hovedtyper af krypto-tegneb\u00f8ger: <\/span><b>varme og kolde tegneb\u00f8ger<\/b><span style=\"font-weight: 400;\">. Der er en simpel, men vigtig forskel mellem de to typer - hot wallets er internetforbundne, mens cold wallets opbevarer dine aktiver offline.<\/span><\/p>\n<p><span style=\"font-weight: 400;\">Hot wallets er valutavekslingspenge og software-wallets, mens cold wallets er papir- og hardware-wallets.<\/span><\/p>\n<h4><span class=\"ez-toc-section\" id=\"Exchange_Wallet\"><\/span><span style=\"font-weight: 400;\">Byttepung<\/span><span class=\"ez-toc-section-end\"><\/span><\/h4>\n<p><span style=\"font-weight: 400;\">Exchange wallets er en popul\u00e6r l\u00f8sning til opbevaring af kryptovalutaer, simpelthen fordi de er s\u00e5 praktiske. N\u00e5r du k\u00f8ber kryptovaluta p\u00e5 en centraliseret b\u00f8rs som <\/span><a href=\"https:\/\/coinkickoff.com\/da\/coinbase-review\/\"><span style=\"font-weight: 400;\">Coinbase<\/span><\/a><span style=\"font-weight: 400;\"> eller <\/span><a href=\"https:\/\/coinkickoff.com\/da\/binance-review\/\"><span style=\"font-weight: 400;\">Binance<\/span><\/a><span style=\"font-weight: 400;\">, dine coins bliver straks deponeret i en tegnebog, der er hostet af udvekslingen. Det giver dig mulighed for nemt og hurtigt at s\u00e6lge eller handle dine coins p\u00e5 b\u00f8rsen.<\/span><\/p>\n<p><span style=\"font-weight: 400;\">Ulempen ved valutavekslingsportef\u00f8ljer er, at de ikke har tilstr\u00e6kkelig sikkerhed. Da tegnebogen er hostet af b\u00f8rsen, har du ikke direkte kontrol over dine midler. Hvis b\u00f8rsen g\u00e5r konkurs eller bliver hacket, kan dine midler v\u00e6re tabt for evigt.<\/span><\/p>\n<p><span style=\"font-weight: 400;\">Nogle b\u00f8rser tilbyder begr\u00e6nsede beskyttelsesordninger mod sikkerhedsbrud, men der er aldrig garanti for kompensation, da beslutningen i sidste ende ligger hos b\u00f8rsens ejere og ledere.<\/span><\/p>\n<p><span style=\"font-weight: 400;\">Krypto-entusiaster h\u00e6vder ofte, at \"ikke dine n\u00f8gler, ikke din coins\" for at advare kryptohandlere om farerne ved at efterlade store m\u00e6ngder krypto i udvekslingsbeholdninger. For eksempel, da FTX erkl\u00e6rede sig konkurs, <\/span><a href=\"https:\/\/www.npr.org\/2022\/11\/17\/1137501882\/ftx-investors-are-unable-to-access-their-money-shaking-crypto-investors-confiden\" target=\"_blank\" rel=\"noopener\"><span style=\"font-weight: 400;\">brugerne kunne ikke flytte deres aktiver<\/span><\/a><span style=\"font-weight: 400;\"> fra b\u00f8rsens tegneb\u00f8ger, fordi de ikke havde adgang til n\u00f8glerne til b\u00f8rsens tegneb\u00f8ger.<\/span><\/p>\n<p><span style=\"font-weight: 400;\">Hvis du ikke har det godt med at efterlade dine aktiver i en exchange wallet, kan du overveje at flytte dem til en wallet, som du selv har ansvaret for.<\/span><\/p>\n<h4><span class=\"ez-toc-section\" id=\"Self-Custody_Hot_Wallets\"><\/span><span style=\"font-weight: 400;\">Varme tegneb\u00f8ger til selvforvaring<\/span><span class=\"ez-toc-section-end\"><\/span><\/h4>\n<p><span style=\"font-weight: 400;\">Hvis du ikke \u00f8nsker at bruge en exchange wallet til at opbevare dine coins, kan du downloade en hot wallet med selvforvaltning til din mobilenhed eller dit skrivebord. Der findes flere wallet-softwarel\u00f8sninger, der giver dig mulighed for at administrere dine egne wallet-n\u00f8gler, s\u00e5 du altid har kontrol over dine coins.\u00a0<\/span><\/p>\n<p><span style=\"font-weight: 400;\">Du kan f.eks. gemme SHIB i <\/span><a href=\"https:\/\/coinkickoff.com\/da\/exodus-review\/\"><span style=\"font-weight: 400;\">Exodus<\/span><\/a><span style=\"font-weight: 400;\">, <\/span><a href=\"https:\/\/www.coinomi.com\/en\/\" target=\"_blank\" rel=\"noopener\"><span style=\"font-weight: 400;\">Coinomi<\/span><\/a><span style=\"font-weight: 400;\">, eller <\/span><a href=\"https:\/\/atomicwallet.io\/\" target=\"_blank\" rel=\"noopener\"><span style=\"font-weight: 400;\">Atomisk tegnebog<\/span><\/a><span style=\"font-weight: 400;\">. Der er dog et forbehold ved selvforvaltende hot wallets: da de er hostet p\u00e5 internetforbundne enheder, er de ret s\u00e5rbare over for hackerfors\u00f8g. Faktisk har du m\u00e5ske set eller h\u00f8rt i nyhederne, at hackere ofte er rettet mod b\u00e5de detailhandlere og professionelle kryptoprojekter, der bruger hot wallets.<\/span><\/p>\n<p><span style=\"font-weight: 400;\">Hvis du ikke er ekspert i cybersikkerhed, er det m\u00e5ske ikke en god id\u00e9 at have en hot wallet. Krypto-tyve er meget kreative og strategiske: de bruger komplekse metoder som social hijacking, phishing og andre metoder til at f\u00e5 adgang til og dr\u00e6ne dine midler. Hvis din internetforbundne enhed bliver kompromitteret (og det kan nemt ske, hvis du f.eks. klikker p\u00e5 et forkert link), er dine midler ogs\u00e5 kompromitteret.<\/span><\/p>\n<h4><span class=\"ez-toc-section\" id=\"Cold_Wallets\"><\/span><span style=\"font-weight: 400;\">Kolde tegneb\u00f8ger<\/span><span class=\"ez-toc-section-end\"><\/span><\/h4>\n<p><span style=\"font-weight: 400;\">Cold wallets er ikke forbundet til internettet og anses derfor for at v\u00e6re uigennemtr\u00e6ngelige for hacking.\u00a0<\/span><\/p>\n<p><span style=\"font-weight: 400;\">Der findes to hovedtyper af kolde tegneb\u00f8ger: Hardware wallets, der ligner USB-sticks med forudinstalleret wallet-software, og papir-wallets, som grundl\u00e6ggende er papirstykker med din private n\u00f8gle og dine oplysninger om din wallet-adresse skrevet p\u00e5 dem.<\/span><\/p>\n<p><span style=\"font-weight: 400;\">Papirpunge anses generelt for at v\u00e6re meget sikre, men sv\u00e6re at bruge. Du skal omhyggeligt bruge en papirtegnebogsgenerator og derefter udskrive oplysningerne og opbevare dem et sikkert sted.\u00a0<\/span><\/p>\n<p><span style=\"font-weight: 400;\">En stor ulempe ved papirpunge er, at de er besv\u00e6rlige at bruge: Du kan ikke foretage delvise transaktioner med dine penge, s\u00e5 de er ikke praktiske.<\/span><\/p>\n<p><span style=\"font-weight: 400;\">Hardware-wallets er p\u00e5 den anden side utroligt praktiske og meget sikre, men har en ret stor ulempe: de er meget dyrere end andre muligheder.\u00a0<\/span><\/p>\n<p><span style=\"font-weight: 400;\">Normalt er crypto wallets gratis, men hardware wallets er undtagelsen fra reglen. At betale mellem 80 og 200 USD for en wallet kan v\u00e6re en dyr investering for en nybegynder inden for kryptohandel.<\/span><\/p>\n<p><a href=\"https:\/\/www.ledger.com\/\" target=\"_blank\" rel=\"noopener\"><span style=\"font-weight: 400;\">Hovedbog<\/span><\/a><span style=\"font-weight: 400;\"> og <\/span><a href=\"https:\/\/trezor.io\/\" target=\"_blank\" rel=\"noopener\"><span style=\"font-weight: 400;\">Trezor<\/span><\/a><span style=\"font-weight: 400;\"> er to af de mest kendte hard wallet-virksomheder i branchen, og begge s\u00e6lger en basismodel til en rimelig pris for den nysgerrige investor.<\/span><\/p>","protected":false},"excerpt":{"rendered":"<p>S\u00e5dan k\u00f8ber du Shiba Inu Er du interesseret i at k\u00f8be Shiba Inu, men ved ikke, hvor du skal starte? S\u00e5 er du kommet til det rette sted. Her er alt, hvad du beh\u00f8ver at vide om k\u00f8b af Shiba Inu.  Hvad er Shiba Inu? Shiba Inu token (SHIB) blev oprettet i august 2020 som et meme coin af en pseudo-anonym [...]<\/p>","protected":false},"author":3,"featured_media":0,"parent":0,"menu_order":0,"comment_status":"closed","ping_status":"closed","template":"","meta":{"_genesis_hide_title":false,"_genesis_hide_breadcrumbs":false,"_genesis_hide_singular_image":false,"_genesis_hide_footer_widgets":false,"_genesis_custom_body_class":"","_genesis_custom_post_class":"","_genesis_layout":"","_glsr_average":0,"_glsr_ranking":0,"_glsr_reviews":0,"footnotes":""},"class_list":{"0":"post-3709","1":"page","2":"type-page","3":"status-publish","5":"entry","6":"has-post-thumbnail"},"featured_image_src":null,"featured_image_src_square":null,"_links":{"self":[{"href":"https:\/\/coinkickoff.com\/da\/wp-json\/wp\/v2\/pages\/3709","targetHints":{"allow":["GET"]}}],"collection":[{"href":"https:\/\/coinkickoff.com\/da\/wp-json\/wp\/v2\/pages"}],"about":[{"href":"https:\/\/coinkickoff.com\/da\/wp-json\/wp\/v2\/types\/page"}],"author":[{"embeddable":true,"href":"https:\/\/coinkickoff.com\/da\/wp-json\/wp\/v2\/users\/3"}],"replies":[{"embeddable":true,"href":"https:\/\/coinkickoff.com\/da\/wp-json\/wp\/v2\/comments?post=3709"}],"version-history":[{"count":2,"href":"https:\/\/coinkickoff.com\/da\/wp-json\/wp\/v2\/pages\/3709\/revisions"}],"predecessor-version":[{"id":4474,"href":"https:\/\/coinkickoff.com\/da\/wp-json\/wp\/v2\/pages\/3709\/revisions\/4474"}],"wp:attachment":[{"href":"https:\/\/coinkickoff.com\/da\/wp-json\/wp\/v2\/media?parent=3709"}],"curies":[{"name":"wp","href":"https:\/\/api.w.org\/{rel}","templated":true}]}}