{"id":3447,"date":"2026-01-08T14:07:31","date_gmt":"2026-01-08T14:07:31","guid":{"rendered":"https:\/\/coinkickoff.com\/?page_id=3447"},"modified":"2026-01-08T14:07:31","modified_gmt":"2026-01-08T14:07:31","slug":"how-to-buy-dogecoin-on-bitmart","status":"publish","type":"page","link":"https:\/\/coinkickoff.com\/da\/how-to-buy-dogecoin\/how-to-buy-dogecoin-on-bitmart\/","title":{"rendered":"S\u00e5dan k\u00f8ber du Dogecoin (DOGE) p\u00e5 Bitmart"},"content":{"rendered":"<div id=\"ez-toc-container\" class=\"ez-toc-v2_0_80 counter-hierarchy ez-toc-counter ez-toc-transparent ez-toc-container-direction\">\n<div class=\"ez-toc-title-container\">\n<p class=\"ez-toc-title\" style=\"cursor:inherit\">Sektioner<\/p>\n<span class=\"ez-toc-title-toggle\"><a href=\"#\" class=\"ez-toc-pull-right ez-toc-btn ez-toc-btn-xs ez-toc-btn-default ez-toc-toggle\" aria-label=\"Toggle indholdsfortegnelse\"><span class=\"ez-toc-js-icon-con\"><span class=\"\"><span class=\"eztoc-hide\" style=\"display:none;\">Toggle<\/span><span class=\"ez-toc-icon-toggle-span\"><svg style=\"fill: #999;color:#999\" xmlns=\"http:\/\/www.w3.org\/2000\/svg\" class=\"list-377408\" width=\"20px\" height=\"20px\" viewbox=\"0 0 24 24\" fill=\"none\"><path d=\"M6 6H4v2h2V6zm14 0H8v2h12V6zM4 11h2v2H4v-2zm16 0H8v2h12v-2zM4 16h2v2H4v-2zm16 0H8v2h12v-2z\" fill=\"currentColor\"><\/path><\/svg><svg style=\"fill: #999;color:#999\" class=\"arrow-unsorted-368013\" xmlns=\"http:\/\/www.w3.org\/2000\/svg\" width=\"10px\" height=\"10px\" viewbox=\"0 0 24 24\" version=\"1.2\" baseprofile=\"tiny\"><path d=\"M18.2 9.3l-6.2-6.3-6.2 6.3c-.2.2-.3.4-.3.7s.1.5.3.7c.2.2.4.3.7.3h11c.3 0 .5-.1.7-.3.2-.2.3-.5.3-.7s-.1-.5-.3-.7zM5.8 14.7l6.2 6.3 6.2-6.3c.2-.2.3-.5.3-.7s-.1-.5-.3-.7c-.2-.2-.4-.3-.7-.3h-11c-.3 0-.5.1-.7.3-.2.2-.3.5-.3.7s.1.5.3.7z\"\/><\/svg><\/span><\/span><\/span><\/a><\/span><\/div>\n<nav><ul class='ez-toc-list ez-toc-list-level-1 eztoc-toggle-hide-by-default' ><li class='ez-toc-page-1 ez-toc-heading-level-2'><a class=\"ez-toc-link ez-toc-heading-1\" href=\"https:\/\/coinkickoff.com\/da\/how-to-buy-dogecoin\/how-to-buy-dogecoin-on-bitmart\/#How_to_Buy_Dogecoin_on_Bitmart\" >S\u00e5dan k\u00f8ber du Dogecoin p\u00e5 Bitmart<\/a><\/li><li class='ez-toc-page-1 ez-toc-heading-level-2'><a class=\"ez-toc-link ez-toc-heading-2\" href=\"https:\/\/coinkickoff.com\/da\/how-to-buy-dogecoin\/how-to-buy-dogecoin-on-bitmart\/#A_Step-By-Step_Guide_on_How_to_Buy_Dogecoin_on_Bitmart\" >En trin-for-trin-guide om hvordan man k\u00f8ber Dogecoin p\u00e5 Bitmart<\/a><ul class='ez-toc-list-level-3' ><li class='ez-toc-heading-level-3'><a class=\"ez-toc-link ez-toc-heading-3\" href=\"https:\/\/coinkickoff.com\/da\/how-to-buy-dogecoin\/how-to-buy-dogecoin-on-bitmart\/#1_Register_an_Account\" >1. Registrer en konto<\/a><\/li><li class='ez-toc-page-1 ez-toc-heading-level-3'><a class=\"ez-toc-link ez-toc-heading-4\" href=\"https:\/\/coinkickoff.com\/da\/how-to-buy-dogecoin\/how-to-buy-dogecoin-on-bitmart\/#2_Verify_Your_Account\" >2. Bekr\u00e6ft din konto<\/a><\/li><li class='ez-toc-page-1 ez-toc-heading-level-3'><a class=\"ez-toc-link ez-toc-heading-5\" href=\"https:\/\/coinkickoff.com\/da\/how-to-buy-dogecoin\/how-to-buy-dogecoin-on-bitmart\/#3_Buy_Crypto\" >3. K\u00f8b krypto<\/a><\/li><\/ul><\/li><\/ul><\/nav><\/div>\n<h2><span class=\"ez-toc-section\" id=\"How_to_Buy_Dogecoin_on_Bitmart\"><\/span><span style=\"font-weight: 400;\"><img loading=\"lazy\" decoding=\"async\" class=\"alignnone wp-image-155 size-full\" src=\"https:\/\/coinkickoff.com\/wp-content\/uploads\/2022\/06\/Dogecoin-DOGE.jpg\" alt=\"hvordan man k\u00f8ber dogecoin\" width=\"1000\" height=\"800\" srcset=\"https:\/\/coinkickoff.com\/wp-content\/uploads\/2022\/06\/Dogecoin-DOGE.jpg 1000w, https:\/\/coinkickoff.com\/wp-content\/uploads\/2022\/06\/Dogecoin-DOGE-300x240.jpg 300w, https:\/\/coinkickoff.com\/wp-content\/uploads\/2022\/06\/Dogecoin-DOGE-768x614.jpg 768w, https:\/\/coinkickoff.com\/wp-content\/uploads\/2022\/06\/Dogecoin-DOGE-15x12.jpg 15w\" sizes=\"auto, (max-width: 1000px) 100vw, 1000px\" \/>S\u00e5dan k\u00f8ber du Dogecoin p\u00e5 Bitmart<\/span><span class=\"ez-toc-section-end\"><\/span><\/h2>\n<p><span style=\"font-weight: 400;\"><a href=\"https:\/\/coinkickoff.com\/da\/dogecoin-doge\/\" data-internallinksmanager029f6b8e52c=\"14\" title=\"Hvad er Dogecoin (DOGE)? Hvordan det virker og hvor kan man k\u00f8be det?\">Dogecoin<\/a>, der oprindeligt blev lanceret som en joke coin, blev et f\u00e6nomen takket v\u00e6re internettets popularitet. Selv om aktivet for det meste er v\u00e6rdil\u00f8st p\u00e5 grund af dets massive samlede udbud, er det stadig en popul\u00e6r kryptovaluta, som mange inkluderer i deres portef\u00f8ljer.<\/span><\/p>\n<p><span style=\"font-weight: 400;\">Hvis du \u00f8nsker at k\u00f8be Dogecoin, men ikke ved, hvordan du skal g\u00f8re det, har vi styr p\u00e5 det. Her er en trin-for-trin-guide til, hvordan du k\u00f8ber Dogecoin p\u00e5 <a href=\"https:\/\/coinkickoff.com\/da\/bitmart-review\/\" data-internallinksmanager029f6b8e52c=\"162\" title=\"Bitmart Anmeldelser 2023: Afgifter, funktioner, sikkerhed, fordele og ulemper\">Bitmart<\/a> udveksling.<\/span><\/p>\n<h2><span class=\"ez-toc-section\" id=\"A_Step-By-Step_Guide_on_How_to_Buy_Dogecoin_on_Bitmart\"><\/span><span style=\"font-weight: 400;\">En trin-for-trin-guide om hvordan man k\u00f8ber Dogecoin p\u00e5 Bitmart<\/span><span class=\"ez-toc-section-end\"><\/span><\/h2>\n<h3><span class=\"ez-toc-section\" id=\"1_Register_an_Account\"><\/span><span style=\"font-weight: 400;\">1. Registrer en konto<\/span><span class=\"ez-toc-section-end\"><\/span><\/h3>\n<p><span style=\"font-weight: 400;\">F\u00f8rst skal du logge ind p\u00e5 din Bitmart-konto. Hvis du ikke har en <a href=\"https:\/\/www.bitmart.com\/register-referral\/en?r=A9JwPa\" target=\"_blank\" rel=\"noopener\">Bitmart-konto<\/a>, klik p\u00e5 \"Tilmeld dig\".<\/span><\/p>\n<p><img loading=\"lazy\" decoding=\"async\" class=\"alignnone wp-image-3448 size-full\" src=\"https:\/\/coinkickoff.com\/wp-content\/uploads\/Screen-Shot-2023-03-28-at-7.50.10-AM-e1682512772323.png\" alt=\"hvordan man k\u00f8ber Dogecoin p\u00e5 Bitmart\" width=\"1378\" height=\"685\" srcset=\"https:\/\/coinkickoff.com\/wp-content\/uploads\/Screen-Shot-2023-03-28-at-7.50.10-AM-e1682512772323.png 1378w, https:\/\/coinkickoff.com\/wp-content\/uploads\/Screen-Shot-2023-03-28-at-7.50.10-AM-e1682512772323-300x149.png 300w, https:\/\/coinkickoff.com\/wp-content\/uploads\/Screen-Shot-2023-03-28-at-7.50.10-AM-e1682512772323-1024x509.png 1024w, https:\/\/coinkickoff.com\/wp-content\/uploads\/Screen-Shot-2023-03-28-at-7.50.10-AM-e1682512772323-768x382.png 768w, https:\/\/coinkickoff.com\/wp-content\/uploads\/Screen-Shot-2023-03-28-at-7.50.10-AM-e1682512772323-18x9.png 18w\" sizes=\"auto, (max-width: 1378px) 100vw, 1378px\" \/><\/p>\n<p><span style=\"font-weight: 400;\">Du kan oprette en konto med dit mobilnummer eller din e-mail. Du modtager en bekr\u00e6ftelseskode, n\u00e5r du har klikket p\u00e5 Log ind. Brug koden for at f\u00e5 adgang til din konto.\u00a0\u00a0<\/span><\/p>\n<h3><span class=\"ez-toc-section\" id=\"2_Verify_Your_Account\"><\/span><span style=\"font-weight: 400;\">2. Bekr\u00e6ft din konto<\/span><span class=\"ez-toc-section-end\"><\/span><\/h3>\n<p><img loading=\"lazy\" decoding=\"async\" class=\"alignnone wp-image-3449 size-full\" src=\"https:\/\/coinkickoff.com\/wp-content\/uploads\/Screen-Shot-2023-03-28-at-7.51.33-AM-e1682512794900.png\" alt=\"\" width=\"1382\" height=\"683\" srcset=\"https:\/\/coinkickoff.com\/wp-content\/uploads\/Screen-Shot-2023-03-28-at-7.51.33-AM-e1682512794900.png 1382w, https:\/\/coinkickoff.com\/wp-content\/uploads\/Screen-Shot-2023-03-28-at-7.51.33-AM-e1682512794900-300x148.png 300w, https:\/\/coinkickoff.com\/wp-content\/uploads\/Screen-Shot-2023-03-28-at-7.51.33-AM-e1682512794900-1024x506.png 1024w, https:\/\/coinkickoff.com\/wp-content\/uploads\/Screen-Shot-2023-03-28-at-7.51.33-AM-e1682512794900-768x380.png 768w, https:\/\/coinkickoff.com\/wp-content\/uploads\/Screen-Shot-2023-03-28-at-7.51.33-AM-e1682512794900-18x9.png 18w\" sizes=\"auto, (max-width: 1382px) 100vw, 1382px\" \/><\/p>\n<p><span style=\"font-weight: 400;\">Du skal gennemf\u00f8re en identitetsbekr\u00e6ftelse for at indbetale og handle p\u00e5 Bitmart. Klik p\u00e5 profilikonet i \u00f8verste h\u00f8jre hj\u00f8rne af hjemmesiden, og v\u00e6lg \"Verifikation\".<\/span><\/p>\n<p><img loading=\"lazy\" decoding=\"async\" class=\"alignnone wp-image-3450 size-full\" src=\"https:\/\/coinkickoff.com\/wp-content\/uploads\/Screen-Shot-2023-03-28-at-7.51.59-AM-e1682512815734.png\" alt=\"\" width=\"1439\" height=\"820\" srcset=\"https:\/\/coinkickoff.com\/wp-content\/uploads\/Screen-Shot-2023-03-28-at-7.51.59-AM-e1682512815734.png 1439w, https:\/\/coinkickoff.com\/wp-content\/uploads\/Screen-Shot-2023-03-28-at-7.51.59-AM-e1682512815734-300x171.png 300w, https:\/\/coinkickoff.com\/wp-content\/uploads\/Screen-Shot-2023-03-28-at-7.51.59-AM-e1682512815734-1024x584.png 1024w, https:\/\/coinkickoff.com\/wp-content\/uploads\/Screen-Shot-2023-03-28-at-7.51.59-AM-e1682512815734-768x438.png 768w, https:\/\/coinkickoff.com\/wp-content\/uploads\/Screen-Shot-2023-03-28-at-7.51.59-AM-e1682512815734-18x10.png 18w\" sizes=\"auto, (max-width: 1439px) 100vw, 1439px\" \/><\/p>\n<p><span style=\"font-weight: 400;\">Du kan v\u00e6lge enten verificeringsniveau 1 eller niveau 2. Verifikationsniveau 1 er nok til at indbetale til platformen og k\u00f8be DOGE.<\/span><\/p>\n<p><span style=\"font-weight: 400;\">Klik p\u00e5 \"Bekr\u00e6ft nu\".<\/span><\/p>\n<p><span style=\"font-weight: 400;\">Niveau 1 ID-verifikation er ret enkel - du skal blot indtaste dit bop\u00e6lsland, dit juridiske navn og din f\u00f8dselsdato. Afh\u00e6ngigt af dit hjemland kan du blive stillet nogle sp\u00f8rgsm\u00e5l, men for de fleste brugere er identitetsbekr\u00e6ftelsen ligetil og kan gennemf\u00f8res p\u00e5 f\u00e5 minutter.<\/span><\/p>\n<p><img loading=\"lazy\" decoding=\"async\" class=\"alignnone wp-image-3451 size-full\" src=\"https:\/\/coinkickoff.com\/wp-content\/uploads\/Screen-Shot-2023-03-28-at-7.52.15-AM-e1682512834855.png\" alt=\"\" width=\"1436\" height=\"820\" srcset=\"https:\/\/coinkickoff.com\/wp-content\/uploads\/Screen-Shot-2023-03-28-at-7.52.15-AM-e1682512834855.png 1436w, https:\/\/coinkickoff.com\/wp-content\/uploads\/Screen-Shot-2023-03-28-at-7.52.15-AM-e1682512834855-300x171.png 300w, https:\/\/coinkickoff.com\/wp-content\/uploads\/Screen-Shot-2023-03-28-at-7.52.15-AM-e1682512834855-1024x585.png 1024w, https:\/\/coinkickoff.com\/wp-content\/uploads\/Screen-Shot-2023-03-28-at-7.52.15-AM-e1682512834855-768x439.png 768w, https:\/\/coinkickoff.com\/wp-content\/uploads\/Screen-Shot-2023-03-28-at-7.52.15-AM-e1682512834855-18x10.png 18w\" sizes=\"auto, (max-width: 1436px) 100vw, 1436px\" \/><\/p>\n<h3><span class=\"ez-toc-section\" id=\"3_Buy_Crypto\"><\/span><span style=\"font-weight: 400;\">3. K\u00f8b krypto<\/span><span class=\"ez-toc-section-end\"><\/span><\/h3>\n<p><span style=\"font-weight: 400;\">N\u00e5r du er f\u00e6rdig med verifikationen, skal du g\u00e5 tilbage til forsiden og klikke p\u00e5 knappen \"K\u00f8b og salg\" \u00f8verst til h\u00f8jre i hj\u00f8rnet.<\/span><\/p>\n<p><span style=\"font-weight: 400;\">P\u00e5 den nye side skal du justere betalingsvalutaen (f.eks. USD) og v\u00e6lge DOGE fra listen over tilg\u00e6ngelige digitale aktiver. Indtast, hvor meget du vil betale, i det f\u00f8rste felt. Det mindste betalingsbel\u00f8b er 30 USD.<\/span><\/p>\n<p><img loading=\"lazy\" decoding=\"async\" class=\"alignnone wp-image-3452 size-full\" src=\"https:\/\/coinkickoff.com\/wp-content\/uploads\/Screen-Shot-2023-03-28-at-7.52.39-AM-e1682512882816.png\" alt=\"\" width=\"1421\" height=\"817\" srcset=\"https:\/\/coinkickoff.com\/wp-content\/uploads\/Screen-Shot-2023-03-28-at-7.52.39-AM-e1682512882816.png 1421w, https:\/\/coinkickoff.com\/wp-content\/uploads\/Screen-Shot-2023-03-28-at-7.52.39-AM-e1682512882816-300x172.png 300w, https:\/\/coinkickoff.com\/wp-content\/uploads\/Screen-Shot-2023-03-28-at-7.52.39-AM-e1682512882816-1024x589.png 1024w, https:\/\/coinkickoff.com\/wp-content\/uploads\/Screen-Shot-2023-03-28-at-7.52.39-AM-e1682512882816-768x442.png 768w, https:\/\/coinkickoff.com\/wp-content\/uploads\/Screen-Shot-2023-03-28-at-7.52.39-AM-e1682512882816-18x10.png 18w\" sizes=\"auto, (max-width: 1421px) 100vw, 1421px\" \/><\/p>\n<p><span style=\"font-weight: 400;\">N\u00e5r du har indtastet det bel\u00f8b, du vil k\u00f8be, skal du v\u00e6lge en betalingskanal. Bitmart tilbyder en hel del muligheder fra tredjepart at v\u00e6lge imellem og foresl\u00e5r hj\u00e6lpsomt, at du bruger den billigste mulighed.<\/span><\/p>\n<p><span style=\"font-weight: 400;\">Gennemg\u00e5 betalingsoplysningerne, og forts\u00e6t. Du vil blive omdirigeret til siden med betalingskanalen for at bekr\u00e6fte din ordre. Gennemg\u00e5 detaljerne, og afslut din bestilling.<\/span><\/p>\n<p><img loading=\"lazy\" decoding=\"async\" class=\"alignnone wp-image-3453 size-full\" src=\"https:\/\/coinkickoff.com\/wp-content\/uploads\/Screen-Shot-2023-03-28-at-7.53.17-AM-e1682512901132.png\" alt=\"\" width=\"1439\" height=\"806\" srcset=\"https:\/\/coinkickoff.com\/wp-content\/uploads\/Screen-Shot-2023-03-28-at-7.53.17-AM-e1682512901132.png 1439w, https:\/\/coinkickoff.com\/wp-content\/uploads\/Screen-Shot-2023-03-28-at-7.53.17-AM-e1682512901132-300x168.png 300w, https:\/\/coinkickoff.com\/wp-content\/uploads\/Screen-Shot-2023-03-28-at-7.53.17-AM-e1682512901132-1024x574.png 1024w, https:\/\/coinkickoff.com\/wp-content\/uploads\/Screen-Shot-2023-03-28-at-7.53.17-AM-e1682512901132-768x430.png 768w, https:\/\/coinkickoff.com\/wp-content\/uploads\/Screen-Shot-2023-03-28-at-7.53.17-AM-e1682512901132-18x10.png 18w\" sizes=\"auto, (max-width: 1439px) 100vw, 1439px\" \/><\/p>\n<p><span style=\"font-weight: 400;\">V\u00e6lg en af betalingskanalerne, og gennemg\u00e5 dine transaktionsoplysninger. Klik p\u00e5 \"Forts\u00e6t\" for at blive omdirigeret til betalingskanalen for at bekr\u00e6fte din ordre.\u00a0<\/span><\/p>\n<p><span style=\"font-weight: 400;\">N\u00e5r du har gennemg\u00e5et bestillingsoplysningerne, skal du bekr\u00e6fte dit k\u00f8b. Du kan f\u00e5 flere oplysninger i vores artikler om <a href=\"https:\/\/coinkickoff.com\/da\/dogecoin-doge\/\">Dogecoin<\/a> og <a href=\"https:\/\/coinkickoff.com\/da\/bitmart-review\/\">Bitmart udveksling<\/a>.<\/span><\/p>","protected":false},"excerpt":{"rendered":"<p>S\u00e5dan k\u00f8ber du Dogecoin p\u00e5 Bitmart Dogecoin, der oprindeligt blev lanceret som en joke coin, blev et f\u00e6nomen takket v\u00e6re internettets popularitet. Selvom aktivet er for det meste v\u00e6rdil\u00f8st p\u00e5 grund af dets massive samlede udbud, er det stadig en popul\u00e6r kryptovaluta, som mange inkluderer i deres portef\u00f8ljer. Hvis du \u00f8nsker at k\u00f8be Dogecoin, men ikke ved, hvordan du skal g\u00f8re det, [...]<\/p>","protected":false},"author":3,"featured_media":155,"parent":3196,"menu_order":0,"comment_status":"closed","ping_status":"closed","template":"","meta":{"_genesis_hide_title":false,"_genesis_hide_breadcrumbs":false,"_genesis_hide_singular_image":false,"_genesis_hide_footer_widgets":false,"_genesis_custom_body_class":"","_genesis_custom_post_class":"","_genesis_layout":"","_glsr_average":0,"_glsr_ranking":0,"_glsr_reviews":0,"footnotes":""},"class_list":{"0":"post-3447","1":"page","2":"type-page","3":"status-publish","4":"has-post-thumbnail","6":"entry"},"featured_image_src":"https:\/\/coinkickoff.com\/wp-content\/uploads\/2022\/06\/Dogecoin-DOGE-600x400.jpg","featured_image_src_square":"https:\/\/coinkickoff.com\/wp-content\/uploads\/2022\/06\/Dogecoin-DOGE-600x600.jpg","_links":{"self":[{"href":"https:\/\/coinkickoff.com\/da\/wp-json\/wp\/v2\/pages\/3447","targetHints":{"allow":["GET"]}}],"collection":[{"href":"https:\/\/coinkickoff.com\/da\/wp-json\/wp\/v2\/pages"}],"about":[{"href":"https:\/\/coinkickoff.com\/da\/wp-json\/wp\/v2\/types\/page"}],"author":[{"embeddable":true,"href":"https:\/\/coinkickoff.com\/da\/wp-json\/wp\/v2\/users\/3"}],"replies":[{"embeddable":true,"href":"https:\/\/coinkickoff.com\/da\/wp-json\/wp\/v2\/comments?post=3447"}],"version-history":[{"count":4,"href":"https:\/\/coinkickoff.com\/da\/wp-json\/wp\/v2\/pages\/3447\/revisions"}],"predecessor-version":[{"id":4488,"href":"https:\/\/coinkickoff.com\/da\/wp-json\/wp\/v2\/pages\/3447\/revisions\/4488"}],"up":[{"embeddable":true,"href":"https:\/\/coinkickoff.com\/da\/wp-json\/wp\/v2\/pages\/3196"}],"wp:featuredmedia":[{"embeddable":true,"href":"https:\/\/coinkickoff.com\/da\/wp-json\/wp\/v2\/media\/155"}],"wp:attachment":[{"href":"https:\/\/coinkickoff.com\/da\/wp-json\/wp\/v2\/media?parent=3447"}],"curies":[{"name":"wp","href":"https:\/\/api.w.org\/{rel}","templated":true}]}}