{"id":3424,"date":"2026-01-08T14:07:30","date_gmt":"2026-01-08T14:07:30","guid":{"rendered":"https:\/\/coinkickoff.com\/?page_id=3424"},"modified":"2026-01-08T14:07:30","modified_gmt":"2026-01-08T14:07:30","slug":"how-to-buy-dogecoin-on-mexc","status":"publish","type":"page","link":"https:\/\/coinkickoff.com\/da\/how-to-buy-dogecoin\/how-to-buy-dogecoin-on-mexc\/","title":{"rendered":"S\u00e5dan k\u00f8ber du Dogecoin (DOGE) p\u00e5 MEXC"},"content":{"rendered":"<h2><span style=\"font-weight: 400;\"><img loading=\"lazy\" decoding=\"async\" class=\"alignnone wp-image-155 size-full\" src=\"https:\/\/coinkickoff.com\/wp-content\/uploads\/2022\/06\/Dogecoin-DOGE.jpg\" alt=\"hvordan man k\u00f8ber dogecoin\" width=\"1000\" height=\"800\" srcset=\"https:\/\/coinkickoff.com\/wp-content\/uploads\/2022\/06\/Dogecoin-DOGE.jpg 1000w, https:\/\/coinkickoff.com\/wp-content\/uploads\/2022\/06\/Dogecoin-DOGE-300x240.jpg 300w, https:\/\/coinkickoff.com\/wp-content\/uploads\/2022\/06\/Dogecoin-DOGE-768x614.jpg 768w, https:\/\/coinkickoff.com\/wp-content\/uploads\/2022\/06\/Dogecoin-DOGE-15x12.jpg 15w\" sizes=\"auto, (max-width: 1000px) 100vw, 1000px\" \/><\/span><\/h2>\n<div id=\"ez-toc-container\" class=\"ez-toc-v2_0_80 counter-hierarchy ez-toc-counter ez-toc-transparent ez-toc-container-direction\">\n<div class=\"ez-toc-title-container\">\n<p class=\"ez-toc-title\" style=\"cursor:inherit\">Sektioner<\/p>\n<span class=\"ez-toc-title-toggle\"><a href=\"#\" class=\"ez-toc-pull-right ez-toc-btn ez-toc-btn-xs ez-toc-btn-default ez-toc-toggle\" aria-label=\"Toggle indholdsfortegnelse\"><span class=\"ez-toc-js-icon-con\"><span class=\"\"><span class=\"eztoc-hide\" style=\"display:none;\">Toggle<\/span><span class=\"ez-toc-icon-toggle-span\"><svg style=\"fill: #999;color:#999\" xmlns=\"http:\/\/www.w3.org\/2000\/svg\" class=\"list-377408\" width=\"20px\" height=\"20px\" viewbox=\"0 0 24 24\" fill=\"none\"><path d=\"M6 6H4v2h2V6zm14 0H8v2h12V6zM4 11h2v2H4v-2zm16 0H8v2h12v-2zM4 16h2v2H4v-2zm16 0H8v2h12v-2z\" fill=\"currentColor\"><\/path><\/svg><svg style=\"fill: #999;color:#999\" class=\"arrow-unsorted-368013\" xmlns=\"http:\/\/www.w3.org\/2000\/svg\" width=\"10px\" height=\"10px\" viewbox=\"0 0 24 24\" version=\"1.2\" baseprofile=\"tiny\"><path d=\"M18.2 9.3l-6.2-6.3-6.2 6.3c-.2.2-.3.4-.3.7s.1.5.3.7c.2.2.4.3.7.3h11c.3 0 .5-.1.7-.3.2-.2.3-.5.3-.7s-.1-.5-.3-.7zM5.8 14.7l6.2 6.3 6.2-6.3c.2-.2.3-.5.3-.7s-.1-.5-.3-.7c-.2-.2-.4-.3-.7-.3h-11c-.3 0-.5.1-.7.3-.2.2-.3.5-.3.7s.1.5.3.7z\"\/><\/svg><\/span><\/span><\/span><\/a><\/span><\/div>\n<nav><ul class='ez-toc-list ez-toc-list-level-1 eztoc-toggle-hide-by-default' ><li class='ez-toc-page-1 ez-toc-heading-level-2'><a class=\"ez-toc-link ez-toc-heading-1\" href=\"https:\/\/coinkickoff.com\/da\/how-to-buy-dogecoin\/how-to-buy-dogecoin-on-mexc\/#How_to_Buy_Dogecoin_on_MEXC\" >S\u00e5dan k\u00f8ber du Dogecoin p\u00e5 MEXC<\/a><\/li><li class='ez-toc-page-1 ez-toc-heading-level-2'><a class=\"ez-toc-link ez-toc-heading-2\" href=\"https:\/\/coinkickoff.com\/da\/how-to-buy-dogecoin\/how-to-buy-dogecoin-on-mexc\/#A_Step-By-Step_Guide_on_How_to_Buy_Dogecoin_on_MEXC\" >En trin-for-trin-guide til, hvordan du k\u00f8ber Dogecoin p\u00e5 MEXC<\/a><ul class='ez-toc-list-level-3' ><li class='ez-toc-heading-level-3'><a class=\"ez-toc-link ez-toc-heading-3\" href=\"https:\/\/coinkickoff.com\/da\/how-to-buy-dogecoin\/how-to-buy-dogecoin-on-mexc\/#1_Register_an_Account\" >1. Registrer en konto<\/a><\/li><li class='ez-toc-page-1 ez-toc-heading-level-3'><a class=\"ez-toc-link ez-toc-heading-4\" href=\"https:\/\/coinkickoff.com\/da\/how-to-buy-dogecoin\/how-to-buy-dogecoin-on-mexc\/#2_Verify_Your_Account\" >2. Bekr\u00e6ft din konto<\/a><\/li><li class='ez-toc-page-1 ez-toc-heading-level-3'><a class=\"ez-toc-link ez-toc-heading-5\" href=\"https:\/\/coinkickoff.com\/da\/how-to-buy-dogecoin\/how-to-buy-dogecoin-on-mexc\/#3_Buy_Crypto\" >3. K\u00f8b krypto<\/a><\/li><li class='ez-toc-page-1 ez-toc-heading-level-3'><a class=\"ez-toc-link ez-toc-heading-6\" href=\"https:\/\/coinkickoff.com\/da\/how-to-buy-dogecoin\/how-to-buy-dogecoin-on-mexc\/#4_Trade_USDT_for_DOGE\" >4. Byt USDT til DOGE<\/a><\/li><\/ul><\/li><\/ul><\/nav><\/div>\n<h2><span class=\"ez-toc-section\" id=\"How_to_Buy_Dogecoin_on_MEXC\"><\/span><span style=\"font-weight: 400;\">S\u00e5dan k\u00f8ber du Dogecoin p\u00e5 MEXC<\/span><span class=\"ez-toc-section-end\"><\/span><\/h2>\n<p><span style=\"font-weight: 400;\"><a href=\"https:\/\/coinkickoff.com\/da\/dogecoin-doge\/\" data-internallinksmanager029f6b8e52c=\"14\" title=\"Hvad er Dogecoin (DOGE)? Hvordan det virker og hvor kan man k\u00f8be det?\">Dogecoin<\/a>, selvom det er en ber\u00f8mt kryptovaluta, er ikke rigtig som <a href=\"https:\/\/coinkickoff.com\/da\/ethereum-eth\/\" data-internallinksmanager029f6b8e52c=\"2\" title=\"Hvad er Ethereum (ETH)? Pris, historie og hvor kan man k\u00f8be\">Ethereum<\/a> eller <a href=\"https:\/\/coinkickoff.com\/da\/bitcoin-btc\/\" data-internallinksmanager029f6b8e52c=\"1\" title=\"Hvad er Bitcoin (BTC)? Pris, historie og hvor kan man k\u00f8be\">Bitcoin<\/a>. Dette velkendte meme coin er stort set v\u00e6rdil\u00f8st, da det f\u00f8rst blev lanceret som en joke. Men det er nu ret allestedsn\u00e6rv\u00e6rende, mest takket v\u00e6re Reddit og Elon Musk, og du kan finde det p\u00e5 n\u00e6sten alle b\u00f8rser, herunder <a href=\"https:\/\/coinkickoff.com\/da\/mexc-global-review\/\">MEXC<\/a>.<\/span><\/p>\n<p><span style=\"font-weight: 400;\">Hvis du \u00f8nsker at v\u00e6re med p\u00e5 den sjove side ved at k\u00f8be Dogecoin, men ikke ved, hvor du skal starte, er du kommet til det rette sted. Her er en trin-for-trin-guide til, hvordan du k\u00f8ber Dogecoin p\u00e5 <a href=\"https:\/\/coinkickoff.com\/da\/mexc-global-review\/\" data-internallinksmanager029f6b8e52c=\"154\" title=\"MEXC Global Reviews 2023: For og imod: gebyrer, funktioner, sikkerhed, fordele og ulemper\">MEXC<\/a> udveksling.<\/span><\/p>\n<h2><span class=\"ez-toc-section\" id=\"A_Step-By-Step_Guide_on_How_to_Buy_Dogecoin_on_MEXC\"><\/span><span style=\"font-weight: 400;\">En trin-for-trin-guide til, hvordan du k\u00f8ber Dogecoin p\u00e5 MEXC<\/span><span class=\"ez-toc-section-end\"><\/span><\/h2>\n<h3><span class=\"ez-toc-section\" id=\"1_Register_an_Account\"><\/span><span style=\"font-weight: 400;\">1. Registrer en konto<\/span><span class=\"ez-toc-section-end\"><\/span><\/h3>\n<p><img loading=\"lazy\" decoding=\"async\" class=\"alignnone wp-image-3441 size-full\" src=\"https:\/\/coinkickoff.com\/wp-content\/uploads\/mexc-register.png\" alt=\"hvordan man k\u00f8ber dogecoin p\u00e5 mexc\" width=\"1328\" height=\"783\" srcset=\"https:\/\/coinkickoff.com\/wp-content\/uploads\/mexc-register.png 1328w, https:\/\/coinkickoff.com\/wp-content\/uploads\/mexc-register-300x177.png 300w, https:\/\/coinkickoff.com\/wp-content\/uploads\/mexc-register-1024x604.png 1024w, https:\/\/coinkickoff.com\/wp-content\/uploads\/mexc-register-768x453.png 768w, https:\/\/coinkickoff.com\/wp-content\/uploads\/mexc-register-18x12.png 18w\" sizes=\"auto, (max-width: 1328px) 100vw, 1328px\" \/><\/p>\n<p><span style=\"font-weight: 400;\">F\u00f8rst skal du oprette en MEXC-konto ved at g\u00e5 ind p\u00e5 <a href=\"https:\/\/www.mexc.com\/en-US\/register?inviteCode=mexc-1WwwX\" target=\"_blank\" rel=\"noopener\">MEXC-websted<\/a> og klikke p\u00e5 \"Tilmeld dig\". <\/span><\/p>\n<p><span style=\"font-weight: 400;\">Du kan tilmelde dig med dit mobilnummer eller din e-mail. Du vil modtage en bekr\u00e6ftelseskode p\u00e5 din e-mailadresse. Brug koden til at logge ind p\u00e5 din konto.\u00a0\u00a0<\/span><\/p>\n<h3><span class=\"ez-toc-section\" id=\"2_Verify_Your_Account\"><\/span><span style=\"font-weight: 400;\">2. Bekr\u00e6ft din konto<\/span><span class=\"ez-toc-section-end\"><\/span><\/h3>\n<p><span style=\"font-weight: 400;\">Du beh\u00f8ver ikke at gennemf\u00f8re identitetsbekr\u00e6ftelse for at handle p\u00e5 MEXC, men du har brug for det for at handle med fiat. Hvis du allerede har digitale aktiver, som du kan sende til din MEXC-tegnebog, kan du springe dette trin over.<\/span><\/p>\n<p><span style=\"font-weight: 400;\">Alternativt kan du springe dette trin over, hvis du vil bruge tredjepartsudbydere som Banxa, Moonpay eller Mercuyo til at k\u00f8be krypto. De har deres egne separate ID-verifikationsprocesser.<\/span><\/p>\n<p><span style=\"font-weight: 400;\">Hvis du gennemf\u00f8rer ID-verifikationen, kan du k\u00f8be krypto via en bankkonto, et kreditkort og andre midler. For at g\u00f8re det skal du klikke p\u00e5 profilsymbolet \u00f8verst til h\u00f8jre p\u00e5 instrumentbr\u00e6ttet og v\u00e6lge \"Profil\".<\/span><\/p>\n<p><span style=\"font-weight: 400;\">P\u00e5 profilsiden skal du v\u00e6lge \"Identifikation\" og klikke p\u00e5 \"Prim\u00e6r KYC\".<\/span><\/p>\n<p><img loading=\"lazy\" decoding=\"async\" class=\"alignnone wp-image-3439 size-full\" src=\"https:\/\/coinkickoff.com\/wp-content\/uploads\/mexc-id.png\" alt=\"\" width=\"1436\" height=\"810\" srcset=\"https:\/\/coinkickoff.com\/wp-content\/uploads\/mexc-id.png 1436w, https:\/\/coinkickoff.com\/wp-content\/uploads\/mexc-id-300x169.png 300w, https:\/\/coinkickoff.com\/wp-content\/uploads\/mexc-id-1024x578.png 1024w, https:\/\/coinkickoff.com\/wp-content\/uploads\/mexc-id-768x433.png 768w, https:\/\/coinkickoff.com\/wp-content\/uploads\/mexc-id-18x10.png 18w, https:\/\/coinkickoff.com\/wp-content\/uploads\/mexc-id-600x338.png 600w\" sizes=\"auto, (max-width: 1436px) 100vw, 1436px\" \/><\/p>\n<p><span style=\"font-weight: 400;\">Du vil blive omdirigeret til KYC-siden, hvor du enten kan g\u00e5 til <\/span><i><span style=\"font-weight: 400;\">Prim\u00e6r KYC<\/span><\/i><span style=\"font-weight: 400;\"> eller <\/span><i><span style=\"font-weight: 400;\">Avanceret KYC<\/span><\/i><span style=\"font-weight: 400;\">. Avanceret KYC er n\u00f8dvendig for de fleste indskud i fiatvaluta.<\/span><\/p>\n<p><img loading=\"lazy\" decoding=\"async\" class=\"alignnone wp-image-3440 size-full\" src=\"https:\/\/coinkickoff.com\/wp-content\/uploads\/mexc-id2.png\" alt=\"\" width=\"1436\" height=\"582\" srcset=\"https:\/\/coinkickoff.com\/wp-content\/uploads\/mexc-id2.png 1436w, https:\/\/coinkickoff.com\/wp-content\/uploads\/mexc-id2-300x122.png 300w, https:\/\/coinkickoff.com\/wp-content\/uploads\/mexc-id2-1024x415.png 1024w, https:\/\/coinkickoff.com\/wp-content\/uploads\/mexc-id2-768x311.png 768w, https:\/\/coinkickoff.com\/wp-content\/uploads\/mexc-id2-18x7.png 18w\" sizes=\"auto, (max-width: 1436px) 100vw, 1436px\" \/><\/p>\n<p><span style=\"font-weight: 400;\">Klik p\u00e5 \"Bekr\u00e6ft\" for at starte bekr\u00e6ftelsesprocessen. Upload de n\u00f8dvendige dokumenter, og s\u00e5 er du klar til at g\u00e5 i gang.<\/span><\/p>\n<h3><span class=\"ez-toc-section\" id=\"3_Buy_Crypto\"><\/span><span style=\"font-weight: 400;\">3. K\u00f8b krypto<\/span><span class=\"ez-toc-section-end\"><\/span><\/h3>\n<p><span style=\"font-weight: 400;\">Klik p\u00e5 \"Buy Crypto\" i \u00f8verste venstre hj\u00f8rne. P\u00e5 den nye side skal du v\u00e6lge en af de muligheder, du har til r\u00e5dighed. Hvis du gennemf\u00f8rer identitetsbekr\u00e6ftelsen, kan du bruge kredit-\/debitkort, bankoverf\u00f8rsler, Express-betalinger og P2P-markedet til at k\u00f8be krypto. Hvis ikke, skal du v\u00e6lge \"Tredjepart\" fra listen.<\/span><\/p>\n<p><img loading=\"lazy\" decoding=\"async\" class=\"alignnone wp-image-3438 size-full\" src=\"https:\/\/coinkickoff.com\/wp-content\/uploads\/mexc-buy-payment.png\" alt=\"\" width=\"1403\" height=\"778\" srcset=\"https:\/\/coinkickoff.com\/wp-content\/uploads\/mexc-buy-payment.png 1403w, https:\/\/coinkickoff.com\/wp-content\/uploads\/mexc-buy-payment-300x166.png 300w, https:\/\/coinkickoff.com\/wp-content\/uploads\/mexc-buy-payment-1024x568.png 1024w, https:\/\/coinkickoff.com\/wp-content\/uploads\/mexc-buy-payment-768x426.png 768w, https:\/\/coinkickoff.com\/wp-content\/uploads\/mexc-buy-payment-18x10.png 18w\" sizes=\"auto, (max-width: 1403px) 100vw, 1403px\" \/><\/p>\n<p><span style=\"font-weight: 400;\">Indtast, hvor meget du vil bruge, og v\u00e6lg hvilken kryptovaluta du vil k\u00f8be. Desv\u00e6rre kan du ikke bare k\u00f8be DOGE med kontanter, s\u00e5 du skal f\u00f8rst k\u00f8be en anden coin, som f.eks. <a href=\"https:\/\/coinkickoff.com\/da\/tether-usdt\/\" data-internallinksmanager029f6b8e52c=\"3\" title=\"Hvad er Tether (USDT)? Hvordan det virker og hvor kan man k\u00f8be det?\">USDT<\/a> eller <a href=\"https:\/\/coinkickoff.com\/da\/usd-coin-usdc\/\" data-internallinksmanager029f6b8e52c=\"8\" title=\"Hvad er USD Coin (USDC)? Hvordan virker det og hvor kan man k\u00f8be det?\">USDC<\/a>, og derefter udskifte den med DOGE senere.<\/span><\/p>\n<p><span style=\"font-weight: 400;\">N\u00e5r du har indtastet det bel\u00f8b, du vil k\u00f8be, skal du v\u00e6lge en betalingskanal. MEXC tilbyder en hel del muligheder fra tredjeparter at v\u00e6lge imellem og foresl\u00e5r hj\u00e6lpsomt, at du bruger den billigste mulighed.<\/span><\/p>\n<p><span style=\"font-weight: 400;\">Gennemg\u00e5 betalingsoplysningerne, og klik p\u00e5 \"Forts\u00e6t\". Du bliver omdirigeret til siden med betalingskanalen for at bekr\u00e6fte din ordre. Gennemg\u00e5 dine oplysninger, og klik p\u00e5 \"K\u00f8b\".<\/span><\/p>\n<p><img loading=\"lazy\" decoding=\"async\" class=\"alignnone wp-image-3436 size-full\" src=\"https:\/\/coinkickoff.com\/wp-content\/uploads\/mercuryo-mexc1u.png\" alt=\"\" width=\"1360\" height=\"791\" srcset=\"https:\/\/coinkickoff.com\/wp-content\/uploads\/mercuryo-mexc1u.png 1360w, https:\/\/coinkickoff.com\/wp-content\/uploads\/mercuryo-mexc1u-300x174.png 300w, https:\/\/coinkickoff.com\/wp-content\/uploads\/mercuryo-mexc1u-1024x596.png 1024w, https:\/\/coinkickoff.com\/wp-content\/uploads\/mercuryo-mexc1u-768x447.png 768w, https:\/\/coinkickoff.com\/wp-content\/uploads\/mercuryo-mexc1u-18x10.png 18w\" sizes=\"auto, (max-width: 1360px) 100vw, 1360px\" \/><\/p>\n<p><img loading=\"lazy\" decoding=\"async\" class=\"alignnone wp-image-3435 size-full\" src=\"https:\/\/coinkickoff.com\/wp-content\/uploads\/mercuryo-mexc.png\" alt=\"\" width=\"1407\" height=\"796\" srcset=\"https:\/\/coinkickoff.com\/wp-content\/uploads\/mercuryo-mexc.png 1407w, https:\/\/coinkickoff.com\/wp-content\/uploads\/mercuryo-mexc-300x170.png 300w, https:\/\/coinkickoff.com\/wp-content\/uploads\/mercuryo-mexc-1024x579.png 1024w, https:\/\/coinkickoff.com\/wp-content\/uploads\/mercuryo-mexc-768x434.png 768w, https:\/\/coinkickoff.com\/wp-content\/uploads\/mercuryo-mexc-18x10.png 18w, https:\/\/coinkickoff.com\/wp-content\/uploads\/mercuryo-mexc-600x338.png 600w\" sizes=\"auto, (max-width: 1407px) 100vw, 1407px\" \/><\/p>\n<p><span style=\"font-weight: 400;\">P\u00e5 dette tidspunkt skal du indtaste din e-mail p\u00e5 betalingskanalen. Hvis du ikke har en konto hos udbyderen, vil du blive omdirigeret til at \u00e5bne en konto.<\/span><\/p>\n<h3><span class=\"ez-toc-section\" id=\"4_Trade_USDT_for_DOGE\"><\/span><span style=\"font-weight: 400;\">4. Byt USDT til DOGE<\/span><span class=\"ez-toc-section-end\"><\/span><\/h3>\n<p><span style=\"font-weight: 400;\">N\u00e5r du k\u00f8ber en stabilcoin som USDT, kan du bytte den til DOGE p\u00e5 MEXC. P\u00e5 instrumentbr\u00e6ttet skal du klikke p\u00e5 \"Trade\". I venstre hj\u00f8rne af den nye sk\u00e6rm skal du s\u00f8ge efter DOGE.<\/span><\/p>\n<p><img loading=\"lazy\" decoding=\"async\" class=\"alignnone wp-image-3443 size-full\" src=\"https:\/\/coinkickoff.com\/wp-content\/uploads\/mexctrade1.png\" alt=\"\" width=\"1436\" height=\"736\" srcset=\"https:\/\/coinkickoff.com\/wp-content\/uploads\/mexctrade1.png 1436w, https:\/\/coinkickoff.com\/wp-content\/uploads\/mexctrade1-300x154.png 300w, https:\/\/coinkickoff.com\/wp-content\/uploads\/mexctrade1-1024x525.png 1024w, https:\/\/coinkickoff.com\/wp-content\/uploads\/mexctrade1-768x394.png 768w, https:\/\/coinkickoff.com\/wp-content\/uploads\/mexctrade1-18x9.png 18w\" sizes=\"auto, (max-width: 1436px) 100vw, 1436px\" \/><\/p>\n<p><span style=\"font-weight: 400;\">Blandt resultaterne skal du v\u00e6lge DOGE\/USDT for at handle mellem to aktiver.<\/span><\/p>\n<p><img loading=\"lazy\" decoding=\"async\" class=\"alignnone wp-image-3442 size-full\" src=\"https:\/\/coinkickoff.com\/wp-content\/uploads\/mexc-trade-2.png\" alt=\"\" width=\"1392\" height=\"748\" srcset=\"https:\/\/coinkickoff.com\/wp-content\/uploads\/mexc-trade-2.png 1392w, https:\/\/coinkickoff.com\/wp-content\/uploads\/mexc-trade-2-300x161.png 300w, https:\/\/coinkickoff.com\/wp-content\/uploads\/mexc-trade-2-1024x550.png 1024w, https:\/\/coinkickoff.com\/wp-content\/uploads\/mexc-trade-2-768x413.png 768w, https:\/\/coinkickoff.com\/wp-content\/uploads\/mexc-trade-2-18x10.png 18w\" sizes=\"auto, (max-width: 1392px) 100vw, 1392px\" \/><\/p>\n<p><span style=\"font-weight: 400;\">Nu skal du blot indtaste, hvor meget DOGE du vil k\u00f8be (eller hvor meget USDT du vil s\u00e6lge) i feltet nederst p\u00e5 sk\u00e6rmen. Du kan justere det bel\u00f8b, du \u00f8nsker at k\u00f8be, i dette vindue.<\/span><\/p>\n<p><span style=\"font-weight: 400;\">N\u00e5r du er klar til at afgive din bestilling, skal du klikke p\u00e5 K\u00f8b DOGE. Det var det.<\/span><\/p>\n<p><span style=\"font-weight: 400;\">Du kan finde flere oplysninger i vores artikler om Dogecoin og MEXC-b\u00f8rsen.<\/span><\/p>","protected":false},"excerpt":{"rendered":"<p>S\u00e5dan k\u00f8ber du Dogecoin p\u00e5 MEXC Dogecoin er en ber\u00f8mt kryptovaluta, men er ikke helt som Ethereum eller Bitcoin. Denne velkendte meme coin er temmelig meget v\u00e6rdil\u00f8s af design, da den f\u00f8rst blev lanceret som en joke. Men det er nu ret allestedsn\u00e6rv\u00e6rende, mest takket v\u00e6re Reddit og Elon Musk, og du kan finde det p\u00e5 n\u00e6sten [...]<\/p>","protected":false},"author":3,"featured_media":155,"parent":3196,"menu_order":0,"comment_status":"closed","ping_status":"closed","template":"","meta":{"_genesis_hide_title":false,"_genesis_hide_breadcrumbs":false,"_genesis_hide_singular_image":false,"_genesis_hide_footer_widgets":false,"_genesis_custom_body_class":"","_genesis_custom_post_class":"","_genesis_layout":"","_glsr_average":0,"_glsr_ranking":0,"_glsr_reviews":0,"footnotes":""},"class_list":{"0":"post-3424","1":"page","2":"type-page","3":"status-publish","4":"has-post-thumbnail","6":"entry"},"featured_image_src":"https:\/\/coinkickoff.com\/wp-content\/uploads\/2022\/06\/Dogecoin-DOGE-600x400.jpg","featured_image_src_square":"https:\/\/coinkickoff.com\/wp-content\/uploads\/2022\/06\/Dogecoin-DOGE-600x600.jpg","_links":{"self":[{"href":"https:\/\/coinkickoff.com\/da\/wp-json\/wp\/v2\/pages\/3424","targetHints":{"allow":["GET"]}}],"collection":[{"href":"https:\/\/coinkickoff.com\/da\/wp-json\/wp\/v2\/pages"}],"about":[{"href":"https:\/\/coinkickoff.com\/da\/wp-json\/wp\/v2\/types\/page"}],"author":[{"embeddable":true,"href":"https:\/\/coinkickoff.com\/da\/wp-json\/wp\/v2\/users\/3"}],"replies":[{"embeddable":true,"href":"https:\/\/coinkickoff.com\/da\/wp-json\/wp\/v2\/comments?post=3424"}],"version-history":[{"count":3,"href":"https:\/\/coinkickoff.com\/da\/wp-json\/wp\/v2\/pages\/3424\/revisions"}],"predecessor-version":[{"id":4496,"href":"https:\/\/coinkickoff.com\/da\/wp-json\/wp\/v2\/pages\/3424\/revisions\/4496"}],"up":[{"embeddable":true,"href":"https:\/\/coinkickoff.com\/da\/wp-json\/wp\/v2\/pages\/3196"}],"wp:featuredmedia":[{"embeddable":true,"href":"https:\/\/coinkickoff.com\/da\/wp-json\/wp\/v2\/media\/155"}],"wp:attachment":[{"href":"https:\/\/coinkickoff.com\/da\/wp-json\/wp\/v2\/media?parent=3424"}],"curies":[{"name":"wp","href":"https:\/\/api.w.org\/{rel}","templated":true}]}}