{"id":3404,"date":"2026-01-08T14:07:29","date_gmt":"2026-01-08T14:07:29","guid":{"rendered":"https:\/\/coinkickoff.com\/?page_id=3404"},"modified":"2026-01-08T14:07:29","modified_gmt":"2026-01-08T14:07:29","slug":"how-to-buy-dogecoin-on-kraken","status":"publish","type":"page","link":"https:\/\/coinkickoff.com\/da\/how-to-buy-dogecoin\/how-to-buy-dogecoin-on-kraken\/","title":{"rendered":"S\u00e5dan k\u00f8ber du Dogecoin (DOGE) p\u00e5 Kraken"},"content":{"rendered":"<div id=\"ez-toc-container\" class=\"ez-toc-v2_0_80 counter-hierarchy ez-toc-counter ez-toc-transparent ez-toc-container-direction\">\n<div class=\"ez-toc-title-container\">\n<p class=\"ez-toc-title\" style=\"cursor:inherit\">Sektioner<\/p>\n<span class=\"ez-toc-title-toggle\"><a href=\"#\" class=\"ez-toc-pull-right ez-toc-btn ez-toc-btn-xs ez-toc-btn-default ez-toc-toggle\" aria-label=\"Toggle indholdsfortegnelse\"><span class=\"ez-toc-js-icon-con\"><span class=\"\"><span class=\"eztoc-hide\" style=\"display:none;\">Toggle<\/span><span class=\"ez-toc-icon-toggle-span\"><svg style=\"fill: #999;color:#999\" xmlns=\"http:\/\/www.w3.org\/2000\/svg\" class=\"list-377408\" width=\"20px\" height=\"20px\" viewbox=\"0 0 24 24\" fill=\"none\"><path d=\"M6 6H4v2h2V6zm14 0H8v2h12V6zM4 11h2v2H4v-2zm16 0H8v2h12v-2zM4 16h2v2H4v-2zm16 0H8v2h12v-2z\" fill=\"currentColor\"><\/path><\/svg><svg style=\"fill: #999;color:#999\" class=\"arrow-unsorted-368013\" xmlns=\"http:\/\/www.w3.org\/2000\/svg\" width=\"10px\" height=\"10px\" viewbox=\"0 0 24 24\" version=\"1.2\" baseprofile=\"tiny\"><path d=\"M18.2 9.3l-6.2-6.3-6.2 6.3c-.2.2-.3.4-.3.7s.1.5.3.7c.2.2.4.3.7.3h11c.3 0 .5-.1.7-.3.2-.2.3-.5.3-.7s-.1-.5-.3-.7zM5.8 14.7l6.2 6.3 6.2-6.3c.2-.2.3-.5.3-.7s-.1-.5-.3-.7c-.2-.2-.4-.3-.7-.3h-11c-.3 0-.5.1-.7.3-.2.2-.3.5-.3.7s.1.5.3.7z\"\/><\/svg><\/span><\/span><\/span><\/a><\/span><\/div>\n<nav><ul class='ez-toc-list ez-toc-list-level-1 eztoc-toggle-hide-by-default' ><li class='ez-toc-page-1 ez-toc-heading-level-2'><a class=\"ez-toc-link ez-toc-heading-1\" href=\"https:\/\/coinkickoff.com\/da\/how-to-buy-dogecoin\/how-to-buy-dogecoin-on-kraken\/#How_to_Buy_Dogecoin_on_Kraken\" >S\u00e5dan k\u00f8ber du Dogecoin p\u00e5 Kraken<\/a><\/li><li class='ez-toc-page-1 ez-toc-heading-level-2'><a class=\"ez-toc-link ez-toc-heading-2\" href=\"https:\/\/coinkickoff.com\/da\/how-to-buy-dogecoin\/how-to-buy-dogecoin-on-kraken\/#A_Step-By-Step_Guide_on_How_to_Buy_Dogecoin_on_Kraken\" >En trin-for-trin-guide til, hvordan du k\u00f8ber Dogecoin p\u00e5 Kraken<\/a><ul class='ez-toc-list-level-3' ><li class='ez-toc-heading-level-3'><a class=\"ez-toc-link ez-toc-heading-3\" href=\"https:\/\/coinkickoff.com\/da\/how-to-buy-dogecoin\/how-to-buy-dogecoin-on-kraken\/#1_Register_an_Account_on_Kraken\" >1. Registrer en konto p\u00e5 Kraken<\/a><\/li><li class='ez-toc-page-1 ez-toc-heading-level-3'><a class=\"ez-toc-link ez-toc-heading-4\" href=\"https:\/\/coinkickoff.com\/da\/how-to-buy-dogecoin\/how-to-buy-dogecoin-on-kraken\/#2_Verify_Your_Account\" >2. Bekr\u00e6ft din konto<\/a><\/li><li class='ez-toc-page-1 ez-toc-heading-level-3'><a class=\"ez-toc-link ez-toc-heading-5\" href=\"https:\/\/coinkickoff.com\/da\/how-to-buy-dogecoin\/how-to-buy-dogecoin-on-kraken\/#3_Deposit_FundsCrypto\" >3. Indskud af midler\/krypto<\/a><\/li><li class='ez-toc-page-1 ez-toc-heading-level-3'><a class=\"ez-toc-link ez-toc-heading-6\" href=\"https:\/\/coinkickoff.com\/da\/how-to-buy-dogecoin\/how-to-buy-dogecoin-on-kraken\/#4_Navigate_to_the_Relevant_Screen_to_Buy\" >4. Naviger til den relevante sk\u00e6rm for at k\u00f8be<\/a><\/li><\/ul><\/li><\/ul><\/nav><\/div>\n<h2><span class=\"ez-toc-section\" id=\"How_to_Buy_Dogecoin_on_Kraken\"><\/span><span style=\"font-weight: 400;\">S\u00e5dan k\u00f8ber du Dogecoin p\u00e5 Kraken<\/span><span class=\"ez-toc-section-end\"><\/span><\/h2>\n<p><span style=\"font-weight: 400;\"><a href=\"https:\/\/coinkickoff.com\/da\/dogecoin-doge\/\" data-internallinksmanager029f6b8e52c=\"14\" title=\"Hvad er Dogecoin (DOGE)? Hvordan det virker og hvor kan man k\u00f8be det?\">Dogecoin<\/a> (DOGE) er en af de st\u00f8rste kryptovalutaer m\u00e5lt p\u00e5 markedsv\u00e6rdi, p\u00e5 trods af eller m\u00e5ske p\u00e5 grund af sin status som verdens f\u00f8rste meme coin. token blev lanceret mest som en joke, inspireret af \"doge meme\", men vandt hurtigt popularitet takket v\u00e6re internettet og de sociale medier.<\/span><\/p>\n<p><span style=\"font-weight: 400;\">Hvis du \u00f8nsker at k\u00f8be <a href=\"https:\/\/coinkickoff.com\/da\/dogecoin-doge\/\">Dogecoin<\/a> p\u00e5 <a href=\"https:\/\/coinkickoff.com\/da\/kraken-review\/\">Kraken<\/a> men ikke er sikker p\u00e5, hvordan du er p\u00e5 det rigtige sted. Her er en trin-for-trin oversigt over, hvordan du k\u00f8ber Dogecoin p\u00e5 <a href=\"https:\/\/coinkickoff.com\/da\/kraken-review\/\" data-internallinksmanager029f6b8e52c=\"171\" title=\"Kraken anmeldelser 2023: Gebyrer, funktioner, sikkerhed, fordele og ulemper\">Kraken<\/a>.<\/span><\/p>\n<h2><span class=\"ez-toc-section\" id=\"A_Step-By-Step_Guide_on_How_to_Buy_Dogecoin_on_Kraken\"><\/span><span style=\"font-weight: 400;\">En trin-for-trin-guide til, hvordan du k\u00f8ber Dogecoin p\u00e5 Kraken<\/span><span class=\"ez-toc-section-end\"><\/span><\/h2>\n<h3><span class=\"ez-toc-section\" id=\"1_Register_an_Account_on_Kraken\"><\/span><span style=\"font-weight: 400;\">1. Registrer en konto p\u00e5 Kraken<\/span><span class=\"ez-toc-section-end\"><\/span><\/h3>\n<p><img loading=\"lazy\" decoding=\"async\" class=\"alignnone wp-image-3406 size-full\" src=\"https:\/\/coinkickoff.com\/wp-content\/uploads\/kraken1-e1682502957481.png\" alt=\"hvordan man k\u00f8ber Dogecoin p\u00e5 Kraken\" width=\"1339\" height=\"763\" srcset=\"https:\/\/coinkickoff.com\/wp-content\/uploads\/kraken1-e1682502957481.png 1339w, https:\/\/coinkickoff.com\/wp-content\/uploads\/kraken1-e1682502957481-300x171.png 300w, https:\/\/coinkickoff.com\/wp-content\/uploads\/kraken1-e1682502957481-1024x584.png 1024w, https:\/\/coinkickoff.com\/wp-content\/uploads\/kraken1-e1682502957481-768x438.png 768w, https:\/\/coinkickoff.com\/wp-content\/uploads\/kraken1-e1682502957481-18x10.png 18w\" sizes=\"auto, (max-width: 1339px) 100vw, 1339px\" \/> I<span style=\"font-weight: 400;\">Hvis du ikke allerede har en Kraken-konto, kan du bes\u00f8ge <a href=\"https:\/\/kraken.pxf.io\/B0Rny4\" rel=\"nofollow noopener\" target=\"_blank\">Krakens officielle websted<\/a> og klik p\u00e5 \"Opret en konto\". Indtast din e-mailadresse, dit brugernavn og en st\u00e6rk adgangskode med tal og specialtegn. V\u00e6lg dit bop\u00e6lsland og din stat, og opret din konto.\u00a0<\/span><\/p>\n<p><span style=\"font-weight: 400;\">Kraken sender dig en bekr\u00e6ftelsesmail og et link til aktivering af din konto. F\u00f8lg linket for at logge ind p\u00e5 din konto.<\/span><\/p>\n<h3><span class=\"ez-toc-section\" id=\"2_Verify_Your_Account\"><\/span><span style=\"font-weight: 400;\">2. Bekr\u00e6ft din konto<\/span><span class=\"ez-toc-section-end\"><\/span><\/h3>\n<p><span style=\"font-weight: 400;\">For at k\u00f8be krypto p\u00e5 Kraken skal du opfylde deres KYC-krav og give nogle personlige oplysninger og ID-bevis. S\u00e5 det andet skridt er at bekr\u00e6fte din identitet.<\/span><\/p>\n<p><span style=\"font-weight: 400;\">Nogle b\u00f8rser giver dig mulighed for at indbetale krypto p\u00e5 deres platform uden at gennemf\u00f8re ID-verifikation. Bem\u00e6rk venligst, at Kraken er <\/span><i><span style=\"font-weight: 400;\">ikke <\/span><\/i><span style=\"font-weight: 400;\">en af disse udvekslinger. <\/span><b>Du skal bekr\u00e6fte din identitet, f\u00f8r du indbetaler p\u00e5 platformen.<\/b><\/p>\n<p><span style=\"font-weight: 400;\">Kraken sender dig en e-mail for at minde dig om, at du skal bekr\u00e6fte din konto. Du kan ogs\u00e5 klikke p\u00e5 ikonet \"K\u00f8b\" i venstre side af forsiden, hvor Kraken straks beder dig om at gennemf\u00f8re ID-verificering.<\/span><\/p>\n<p><img loading=\"lazy\" decoding=\"async\" class=\"alignnone wp-image-3407 size-full\" src=\"https:\/\/coinkickoff.com\/wp-content\/uploads\/kraken2-e1682502904796.png\" alt=\"Kraken verifikation advarsel\" width=\"1378\" height=\"770\" \/><\/p>\n<p><span style=\"font-weight: 400;\">Du skal blot klikke p\u00e5 Bekr\u00e6ft, s\u00e5 bliver du omdirigeret til den relevante side. Indtast dit juridiske navn, din f\u00f8dselsdato, adresse og dit telefonnummer for at starte bekr\u00e6ftelsesprocessen. Klik p\u00e5 Forts\u00e6t.<\/span><\/p>\n<p><img loading=\"lazy\" decoding=\"async\" class=\"alignnone wp-image-3408 size-full\" src=\"https:\/\/coinkickoff.com\/wp-content\/uploads\/kraken3-e1682503223180.png\" alt=\"\" width=\"1375\" height=\"777\" srcset=\"https:\/\/coinkickoff.com\/wp-content\/uploads\/kraken3-e1682503223180.png 1375w, https:\/\/coinkickoff.com\/wp-content\/uploads\/kraken3-e1682503223180-300x170.png 300w, https:\/\/coinkickoff.com\/wp-content\/uploads\/kraken3-e1682503223180-1024x579.png 1024w, https:\/\/coinkickoff.com\/wp-content\/uploads\/kraken3-e1682503223180-768x434.png 768w, https:\/\/coinkickoff.com\/wp-content\/uploads\/kraken3-e1682503223180-18x10.png 18w, https:\/\/coinkickoff.com\/wp-content\/uploads\/kraken3-e1682503223180-600x338.png 600w\" sizes=\"auto, (max-width: 1375px) 100vw, 1375px\" \/><\/p>\n<p><span style=\"font-weight: 400;\">P\u00e5 den n\u00e6ste side bliver du bedt om at indsende yderligere dokumenter, herunder et billedlegitimationskort, f.eks. en side af et pas eller et k\u00f8rekort.<\/span><\/p>\n<h3><span class=\"ez-toc-section\" id=\"3_Deposit_FundsCrypto\"><\/span><span style=\"font-weight: 400;\">3. Indskud af midler\/krypto<\/span><span class=\"ez-toc-section-end\"><\/span><\/h3>\n<p><span style=\"font-weight: 400;\">Hvis du allerede ejer krypto, kan du indbetale dine coins til Kraken og bytte dem til DOGE. Ellers skal du blot k\u00f8be DOGE p\u00e5 Kraken med fiatvaluta.\u00a0<\/span><\/p>\n<p><span style=\"font-weight: 400;\">Vi anbefaler kraftigt, at du sikrer din konto med to-faktor-autentifikation (2FA), f\u00f8r du tilf\u00f8jer en betalingsmetode eller foretager fiat-indskud. 2FA tilf\u00f8jer et ekstra lag af sikkerhed til din konto.<\/span><\/p>\n<p><span style=\"font-weight: 400;\">For at aktivere 2FA skal du klikke p\u00e5 dit profilnavn (\u00f8verst til h\u00f8jre) og v\u00e6lge \"Sikkerhed\" i rullemenuen for at aktivere 2FA. Klik p\u00e5 \"2FA-indstillinger\" for at justere dine indstillinger.<\/span><\/p>\n<p><img loading=\"lazy\" decoding=\"async\" class=\"alignnone wp-image-3409 size-full\" src=\"https:\/\/coinkickoff.com\/wp-content\/uploads\/kraken4-e1682503267822.png\" alt=\"\" width=\"1360\" height=\"795\" srcset=\"https:\/\/coinkickoff.com\/wp-content\/uploads\/kraken4-e1682503267822.png 1360w, https:\/\/coinkickoff.com\/wp-content\/uploads\/kraken4-e1682503267822-300x175.png 300w, https:\/\/coinkickoff.com\/wp-content\/uploads\/kraken4-e1682503267822-1024x599.png 1024w, https:\/\/coinkickoff.com\/wp-content\/uploads\/kraken4-e1682503267822-768x449.png 768w, https:\/\/coinkickoff.com\/wp-content\/uploads\/kraken4-e1682503267822-18x12.png 18w\" sizes=\"auto, (max-width: 1360px) 100vw, 1360px\" \/><\/p>\n<p><span style=\"font-weight: 400;\">Kraken tilbyder flere 2FA-muligheder. Du kan aktivere 2FA for forskellige handlinger som f.eks. login, finansiering, handel og udbetalinger.<\/span><\/p>\n<p><span style=\"font-weight: 400;\"><img loading=\"lazy\" decoding=\"async\" class=\"alignnone wp-image-3405 size-full\" src=\"https:\/\/coinkickoff.com\/wp-content\/uploads\/kraken-5-e1682503294785.png\" alt=\"\" width=\"1357\" height=\"770\" srcset=\"https:\/\/coinkickoff.com\/wp-content\/uploads\/kraken-5-e1682503294785.png 1357w, https:\/\/coinkickoff.com\/wp-content\/uploads\/kraken-5-e1682503294785-300x170.png 300w, https:\/\/coinkickoff.com\/wp-content\/uploads\/kraken-5-e1682503294785-1024x581.png 1024w, https:\/\/coinkickoff.com\/wp-content\/uploads\/kraken-5-e1682503294785-768x436.png 768w, https:\/\/coinkickoff.com\/wp-content\/uploads\/kraken-5-e1682503294785-18x10.png 18w\" sizes=\"auto, (max-width: 1357px) 100vw, 1357px\" \/><\/span><\/p>\n<p><span style=\"font-weight: 400;\">Det er ret nemt at konfigurere 2FA. Download Google Authenticator-appen, og scan QR-koden p\u00e5 sk\u00e6rmen. Appen genererer en kode, som du kan indtaste for at aktivere 2FA.\u00a0<\/span><\/p>\n<p><img loading=\"lazy\" decoding=\"async\" class=\"alignnone wp-image-3410 size-full\" src=\"https:\/\/coinkickoff.com\/wp-content\/uploads\/kraken6-e1682503322525.png\" alt=\"\" width=\"1357\" height=\"791\" \/><\/p>\n<p><span style=\"font-weight: 400;\">N\u00e5r du har aktiveret 2FA, skal du bruge Google Authenticator-appen til at logge p\u00e5 din konto. Appen genererer en unik engangsadgangskode for hvert login.<\/span><\/p>\n<p><span style=\"font-weight: 400;\">N\u00e5r du har aktiveret 2FA, er du klar til at indbetale penge p\u00e5 din Kraken-konto. Der er to m\u00e5der, du kan k\u00f8be DOGE p\u00e5 Kraken p\u00e5. Du kan tilf\u00f8je en \u00f8jeblikkelig betalingsmetode som f.eks. et kreditkort til din konto eller linke din bankkonto til Kraken for nemt at overf\u00f8re penge.<\/span><\/p>\n<p><span style=\"font-weight: 400;\">Det er hurtigere og nemmere at tilf\u00f8je en \u00f8jeblikkelig betalingsmetode. Du skal blot klikke p\u00e5 \"Buy Crypto\" i topmenuen.<\/span><\/p>\n<p><img loading=\"lazy\" decoding=\"async\" class=\"alignnone wp-image-3412 size-full\" src=\"https:\/\/coinkickoff.com\/wp-content\/uploads\/kraken8-e1682503364155.png\" alt=\"\" width=\"1206\" height=\"781\" srcset=\"https:\/\/coinkickoff.com\/wp-content\/uploads\/kraken8-e1682503364155.png 1206w, https:\/\/coinkickoff.com\/wp-content\/uploads\/kraken8-e1682503364155-300x194.png 300w, https:\/\/coinkickoff.com\/wp-content\/uploads\/kraken8-e1682503364155-1024x663.png 1024w, https:\/\/coinkickoff.com\/wp-content\/uploads\/kraken8-e1682503364155-768x497.png 768w, https:\/\/coinkickoff.com\/wp-content\/uploads\/kraken8-e1682503364155-18x12.png 18w\" sizes=\"auto, (max-width: 1206px) 100vw, 1206px\" \/><\/p>\n<p><span style=\"font-weight: 400;\">P\u00e5 den nye side skal du v\u00e6lge \"Betalingsmetoder\".<\/span><\/p>\n<p><span style=\"font-weight: 400;\">Klik p\u00e5 \"Tilf\u00f8j betalingsmetoder\". Du kan tilf\u00f8je en <\/span><a href=\"https:\/\/support.kraken.com\/hc\/en-us\/articles\/360048212832-Visa-and-MasterCard-purchases\" target=\"_blank\" rel=\"noopener\"><span style=\"font-weight: 400;\">Visa og Mastercard betalingskort\/kreditkort<\/span><\/a><span style=\"font-weight: 400;\"> eller indbetale kontanter p\u00e5 din konto via netbank.<\/span><\/p>\n<p><img loading=\"lazy\" decoding=\"async\" class=\"alignnone wp-image-3413 size-full\" src=\"https:\/\/coinkickoff.com\/wp-content\/uploads\/kraken9-e1682503407337.png\" alt=\"\" width=\"1196\" height=\"776\" srcset=\"https:\/\/coinkickoff.com\/wp-content\/uploads\/kraken9-e1682503407337.png 1196w, https:\/\/coinkickoff.com\/wp-content\/uploads\/kraken9-e1682503407337-300x195.png 300w, https:\/\/coinkickoff.com\/wp-content\/uploads\/kraken9-e1682503407337-1024x664.png 1024w, https:\/\/coinkickoff.com\/wp-content\/uploads\/kraken9-e1682503407337-768x498.png 768w, https:\/\/coinkickoff.com\/wp-content\/uploads\/kraken9-e1682503407337-18x12.png 18w\" sizes=\"auto, (max-width: 1196px) 100vw, 1196px\" \/><\/p>\n<p><span style=\"font-weight: 400;\">Klik p\u00e5 den foretrukne metode, og indtast de relevante oplysninger.\u00a0<\/span><\/p>\n<p><span style=\"font-weight: 400;\">K\u00f8b med kredit- og betalingskort er hurtigere, men normalt dyrere, da kortudbyderne opkr\u00e6ver ekstra gebyrer.<\/span><\/p>\n<p><span style=\"font-weight: 400;\">Hvis du v\u00e6lger kontantindbetaling, kan du indbetale penge p\u00e5 din konto via netbank. V\u00e6lg den valuta, du \u00f8nsker at indbetale, og v\u00e6lg din indbetalingsmetode.<\/span><\/p>\n<p><img loading=\"lazy\" decoding=\"async\" class=\"alignnone wp-image-3414 size-full\" src=\"https:\/\/coinkickoff.com\/wp-content\/uploads\/kraken-deposit.png\" alt=\"\" width=\"752\" height=\"298\" srcset=\"https:\/\/coinkickoff.com\/wp-content\/uploads\/kraken-deposit.png 752w, https:\/\/coinkickoff.com\/wp-content\/uploads\/kraken-deposit-300x119.png 300w, https:\/\/coinkickoff.com\/wp-content\/uploads\/kraken-deposit-18x7.png 18w\" sizes=\"auto, (max-width: 752px) 100vw, 752px\" \/> <img loading=\"lazy\" decoding=\"async\" class=\"alignnone wp-image-3415 size-full\" src=\"https:\/\/coinkickoff.com\/wp-content\/uploads\/kraken-deposit-2.png\" alt=\"\" width=\"808\" height=\"547\" srcset=\"https:\/\/coinkickoff.com\/wp-content\/uploads\/kraken-deposit-2.png 808w, https:\/\/coinkickoff.com\/wp-content\/uploads\/kraken-deposit-2-300x203.png 300w, https:\/\/coinkickoff.com\/wp-content\/uploads\/kraken-deposit-2-768x520.png 768w, https:\/\/coinkickoff.com\/wp-content\/uploads\/kraken-deposit-2-18x12.png 18w\" sizes=\"auto, (max-width: 808px) 100vw, 808px\" \/><\/p>\n<p><span style=\"font-weight: 400;\">L\u00e6s omhyggeligt alle instruktioner, n\u00e5r du sender penge til din Kraken-konto. Du skal muligvis indtaste en referencekode for at sikre, at din indbetaling n\u00e5r frem til Kraken.<\/span><\/p>\n<p><span style=\"font-weight: 400;\">Dine penge burde v\u00e6re p\u00e5 din konto i l\u00f8bet af et par dage, men v\u00e6r opm\u00e6rksom p\u00e5 bankferier og andre mulige forsinkelser. Du kan kontrollere, om dine penge er ankommet ved at klikke p\u00e5 fanerne \"Trade\" eller \"Funding\".<\/span><\/p>\n<h3><span class=\"ez-toc-section\" id=\"4_Navigate_to_the_Relevant_Screen_to_Buy\"><\/span><span style=\"font-weight: 400;\">4. Naviger til den relevante sk\u00e6rm for at k\u00f8be<\/span><span class=\"ez-toc-section-end\"><\/span><\/h3>\n<p><span style=\"font-weight: 400;\">Der er to m\u00e5der at k\u00f8be DOGE p\u00e5 Kraken p\u00e5. Den f\u00f8rste og nemmeste er at bruge den nemme K\u00f8b\/salg-widget. Klik p\u00e5 fanen \"Buy Crypto\" p\u00e5 instrumentbr\u00e6ttet (\u00f8verst i midten), og v\u00e6lg \"Buy\".<\/span><\/p>\n<p><span style=\"font-weight: 400;\">V\u00e6lg DOGE i rullemenuen p\u00e5 widgetten, og angiv, hvor meget du vil bruge. V\u00e6lg en betalingsmetode (kredit-\/debetkort eller kontanter).<\/span><\/p>\n<p><span style=\"font-weight: 400;\">Kraken viser, hvor meget DOGE du f\u00e5r for dine penge og eventuelle relevante gebyrer, der g\u00e6lder for dit k\u00f8b. Klik p\u00e5 bekr\u00e6ft, og du er f\u00e6rdig.\u00a0<\/span><\/p>\n<p><span style=\"font-weight: 400;\">Denne metode er god for f\u00f8rstegangsbrugere, men der findes faktisk en billigere metode til at k\u00f8be DOGE p\u00e5 Kraken.<\/span><\/p>\n<p><img loading=\"lazy\" decoding=\"async\" class=\"alignnone wp-image-3416 size-full\" src=\"https:\/\/coinkickoff.com\/wp-content\/uploads\/kraken-trade1.png\" alt=\"\" width=\"1139\" height=\"206\" srcset=\"https:\/\/coinkickoff.com\/wp-content\/uploads\/kraken-trade1.png 1139w, https:\/\/coinkickoff.com\/wp-content\/uploads\/kraken-trade1-300x54.png 300w, https:\/\/coinkickoff.com\/wp-content\/uploads\/kraken-trade1-1024x185.png 1024w, https:\/\/coinkickoff.com\/wp-content\/uploads\/kraken-trade1-768x139.png 768w, https:\/\/coinkickoff.com\/wp-content\/uploads\/kraken-trade1-18x3.png 18w\" sizes=\"auto, (max-width: 1139px) 100vw, 1139px\" \/><\/p>\n<p><span style=\"font-weight: 400;\">V\u00e6lg \"Handel\" p\u00e5 hovedinstrumentbr\u00e6ttet. Klik p\u00e5 fanen \"Ny ordre\", og v\u00e6lg \"Simpel ordre\".\u00a0<\/span>\u00a0\u00a0<img loading=\"lazy\" decoding=\"async\" class=\"alignnone wp-image-3419 size-full\" src=\"https:\/\/coinkickoff.com\/wp-content\/uploads\/kraken-trade4-e1682504018815.png\" alt=\"\" width=\"1220\" height=\"309\" srcset=\"https:\/\/coinkickoff.com\/wp-content\/uploads\/kraken-trade4-e1682504018815.png 1220w, https:\/\/coinkickoff.com\/wp-content\/uploads\/kraken-trade4-e1682504018815-300x76.png 300w, https:\/\/coinkickoff.com\/wp-content\/uploads\/kraken-trade4-e1682504018815-1024x259.png 1024w, https:\/\/coinkickoff.com\/wp-content\/uploads\/kraken-trade4-e1682504018815-768x195.png 768w, https:\/\/coinkickoff.com\/wp-content\/uploads\/kraken-trade4-e1682504018815-18x5.png 18w\" sizes=\"auto, (max-width: 1220px) 100vw, 1220px\" \/><span style=\"font-weight: 400;\">Juster valutatyperne p\u00e5 bestillingsformularen. Du kan f.eks. justere kolonnen for udgifter til USD og kolonnen for k\u00f8b til DOGE.<\/span><\/p>\n<p><span style=\"font-weight: 400;\">Indtast, hvor meget du vil bruge i kolonnen Udgifter. P\u00e5 fanen Pris skal du indtaste den pris, du vil k\u00f8be DOGE for. Du vil automatisk f\u00e5 tilbudt en fast markedspris, men du kan ogs\u00e5 selv angive en pris.<\/span><\/p>\n<p><span style=\"font-weight: 400;\">N\u00e5r du accepterer den tilbudte markedspris, placerer du en markedsordre. Det betyder blot, at din ordre vil blive opfyldt ret hurtigt, fordi du accepterer en andens tilbud om at s\u00e6lge dig DOGE til den pris, som de har fastsat.\u00a0<\/span><\/p>\n<p><span style=\"font-weight: 400;\">N\u00e5r du selv fasts\u00e6tter en pris, kan det tage lidt l\u00e6ngere tid at gennemf\u00f8re salget, fordi en anden person skal acceptere at s\u00e6lge dig DOGE til den pris. Det er ellers kendt som en limitordre.<\/span><\/p>\n<p><span style=\"font-weight: 400;\">Gennemg\u00e5 din ordre, og klik p\u00e5 \"K\u00f8b\".<\/span><\/p>\n<p><span style=\"font-weight: 400;\">Du kan klikke p\u00e5 fanen ordrer for at se, om transaktionen er gennemf\u00f8rt. Hvis ordren er lukket, har du k\u00f8bt coin med succes. Hvis ordren er \u00e5ben, venter du stadig p\u00e5, at nogen vil s\u00e6lge dig DOGE.<\/span><\/p>\n<p><span style=\"font-weight: 400;\">Det er det hele. Tillykke med det!\u00a0<\/span><\/p>","protected":false},"excerpt":{"rendered":"<p>S\u00e5dan k\u00f8ber du Dogecoin p\u00e5 Kraken Dogecoin (DOGE) er en af de st\u00f8rste kryptovalutaer m\u00e5lt p\u00e5 markedsv\u00e6rdi, p\u00e5 trods af eller m\u00e5ske p\u00e5 grund af dens status som verdens f\u00f8rste meme coin. token blev lanceret mest som en joke, inspireret af \"doge meme\", men blev hurtigt popul\u00e6r takket v\u00e6re internettet og de sociale medier. Hvis [...]<\/p>","protected":false},"author":3,"featured_media":155,"parent":3196,"menu_order":0,"comment_status":"closed","ping_status":"closed","template":"","meta":{"_genesis_hide_title":false,"_genesis_hide_breadcrumbs":false,"_genesis_hide_singular_image":false,"_genesis_hide_footer_widgets":false,"_genesis_custom_body_class":"","_genesis_custom_post_class":"","_genesis_layout":"","_glsr_average":0,"_glsr_ranking":0,"_glsr_reviews":0,"footnotes":""},"class_list":{"0":"post-3404","1":"page","2":"type-page","3":"status-publish","4":"has-post-thumbnail","6":"entry"},"featured_image_src":"https:\/\/coinkickoff.com\/wp-content\/uploads\/2022\/06\/Dogecoin-DOGE-600x400.jpg","featured_image_src_square":"https:\/\/coinkickoff.com\/wp-content\/uploads\/2022\/06\/Dogecoin-DOGE-600x600.jpg","_links":{"self":[{"href":"https:\/\/coinkickoff.com\/da\/wp-json\/wp\/v2\/pages\/3404","targetHints":{"allow":["GET"]}}],"collection":[{"href":"https:\/\/coinkickoff.com\/da\/wp-json\/wp\/v2\/pages"}],"about":[{"href":"https:\/\/coinkickoff.com\/da\/wp-json\/wp\/v2\/types\/page"}],"author":[{"embeddable":true,"href":"https:\/\/coinkickoff.com\/da\/wp-json\/wp\/v2\/users\/3"}],"replies":[{"embeddable":true,"href":"https:\/\/coinkickoff.com\/da\/wp-json\/wp\/v2\/comments?post=3404"}],"version-history":[{"count":3,"href":"https:\/\/coinkickoff.com\/da\/wp-json\/wp\/v2\/pages\/3404\/revisions"}],"predecessor-version":[{"id":4494,"href":"https:\/\/coinkickoff.com\/da\/wp-json\/wp\/v2\/pages\/3404\/revisions\/4494"}],"up":[{"embeddable":true,"href":"https:\/\/coinkickoff.com\/da\/wp-json\/wp\/v2\/pages\/3196"}],"wp:featuredmedia":[{"embeddable":true,"href":"https:\/\/coinkickoff.com\/da\/wp-json\/wp\/v2\/media\/155"}],"wp:attachment":[{"href":"https:\/\/coinkickoff.com\/da\/wp-json\/wp\/v2\/media?parent=3404"}],"curies":[{"name":"wp","href":"https:\/\/api.w.org\/{rel}","templated":true}]}}