{"id":3285,"date":"2026-01-08T14:07:35","date_gmt":"2026-01-08T14:07:35","guid":{"rendered":"https:\/\/coinkickoff.com\/?page_id=3285"},"modified":"2026-01-08T14:07:35","modified_gmt":"2026-01-08T14:07:35","slug":"how-to-buy-dogecoin-on-okx","status":"publish","type":"page","link":"https:\/\/coinkickoff.com\/da\/how-to-buy-dogecoin\/how-to-buy-dogecoin-on-okx\/","title":{"rendered":"S\u00e5dan k\u00f8ber du Dogecoin (DOGE) p\u00e5 OKX"},"content":{"rendered":"<div id=\"ez-toc-container\" class=\"ez-toc-v2_0_80 counter-hierarchy ez-toc-counter ez-toc-transparent ez-toc-container-direction\">\n<div class=\"ez-toc-title-container\">\n<p class=\"ez-toc-title\" style=\"cursor:inherit\">Sektioner<\/p>\n<span class=\"ez-toc-title-toggle\"><a href=\"#\" class=\"ez-toc-pull-right ez-toc-btn ez-toc-btn-xs ez-toc-btn-default ez-toc-toggle\" aria-label=\"Toggle indholdsfortegnelse\"><span class=\"ez-toc-js-icon-con\"><span class=\"\"><span class=\"eztoc-hide\" style=\"display:none;\">Toggle<\/span><span class=\"ez-toc-icon-toggle-span\"><svg style=\"fill: #999;color:#999\" xmlns=\"http:\/\/www.w3.org\/2000\/svg\" class=\"list-377408\" width=\"20px\" height=\"20px\" viewbox=\"0 0 24 24\" fill=\"none\"><path d=\"M6 6H4v2h2V6zm14 0H8v2h12V6zM4 11h2v2H4v-2zm16 0H8v2h12v-2zM4 16h2v2H4v-2zm16 0H8v2h12v-2z\" fill=\"currentColor\"><\/path><\/svg><svg style=\"fill: #999;color:#999\" class=\"arrow-unsorted-368013\" xmlns=\"http:\/\/www.w3.org\/2000\/svg\" width=\"10px\" height=\"10px\" viewbox=\"0 0 24 24\" version=\"1.2\" baseprofile=\"tiny\"><path d=\"M18.2 9.3l-6.2-6.3-6.2 6.3c-.2.2-.3.4-.3.7s.1.5.3.7c.2.2.4.3.7.3h11c.3 0 .5-.1.7-.3.2-.2.3-.5.3-.7s-.1-.5-.3-.7zM5.8 14.7l6.2 6.3 6.2-6.3c.2-.2.3-.5.3-.7s-.1-.5-.3-.7c-.2-.2-.4-.3-.7-.3h-11c-.3 0-.5.1-.7.3-.2.2-.3.5-.3.7s.1.5.3.7z\"\/><\/svg><\/span><\/span><\/span><\/a><\/span><\/div>\n<nav><ul class='ez-toc-list ez-toc-list-level-1 eztoc-toggle-hide-by-default' ><li class='ez-toc-page-1 ez-toc-heading-level-2'><a class=\"ez-toc-link ez-toc-heading-1\" href=\"https:\/\/coinkickoff.com\/da\/how-to-buy-dogecoin\/how-to-buy-dogecoin-on-okx\/#How_to_Buy_Dogecoin_on_OKX\" >S\u00e5dan k\u00f8ber du Dogecoin p\u00e5 OKX<\/a><\/li><li class='ez-toc-page-1 ez-toc-heading-level-2'><a class=\"ez-toc-link ez-toc-heading-2\" href=\"https:\/\/coinkickoff.com\/da\/how-to-buy-dogecoin\/how-to-buy-dogecoin-on-okx\/#A_Step-By-Step_Guide_on_How_to_Buy_Dogecoin_on_OKX\" >En trin-for-trin-guide til, hvordan du k\u00f8ber Dogecoin p\u00e5 OKX<\/a><ul class='ez-toc-list-level-3' ><li class='ez-toc-heading-level-3'><a class=\"ez-toc-link ez-toc-heading-3\" href=\"https:\/\/coinkickoff.com\/da\/how-to-buy-dogecoin\/how-to-buy-dogecoin-on-okx\/#1_Register_an_Account\" >1. Registrer en konto<\/a><\/li><li class='ez-toc-page-1 ez-toc-heading-level-3'><a class=\"ez-toc-link ez-toc-heading-4\" href=\"https:\/\/coinkickoff.com\/da\/how-to-buy-dogecoin\/how-to-buy-dogecoin-on-okx\/#2_Verify_Your_Account\" >2. Bekr\u00e6ft din konto<\/a><\/li><li class='ez-toc-page-1 ez-toc-heading-level-3'><a class=\"ez-toc-link ez-toc-heading-5\" href=\"https:\/\/coinkickoff.com\/da\/how-to-buy-dogecoin\/how-to-buy-dogecoin-on-okx\/#3_Deposit_FundsCrypto\" >3. Indskud af midler\/krypto<\/a><\/li><li class='ez-toc-page-1 ez-toc-heading-level-3'><a class=\"ez-toc-link ez-toc-heading-6\" href=\"https:\/\/coinkickoff.com\/da\/how-to-buy-dogecoin\/how-to-buy-dogecoin-on-okx\/#4_Navigate_to_the_Relevant_Screen_to_Buy\" >4. Naviger til den relevante sk\u00e6rm for at k\u00f8be<\/a><\/li><\/ul><\/li><\/ul><\/nav><\/div>\n<h2><span class=\"ez-toc-section\" id=\"How_to_Buy_Dogecoin_on_OKX\"><\/span><span style=\"font-weight: 400;\">S\u00e5dan k\u00f8ber du Dogecoin p\u00e5 OKX<\/span><span class=\"ez-toc-section-end\"><\/span><\/h2>\n<p><span style=\"font-weight: 400;\">DOGE er prim\u00e6rt designet som en joke coin har ikke noget klart anvendelsesomr\u00e5de eller nogen stor v\u00e6rdi. N\u00e5r <a href=\"https:\/\/coinkickoff.com\/da\/dogecoin-doge\/\" data-internallinksmanager029f6b8e52c=\"14\" title=\"Hvad er Dogecoin (DOGE)? Hvordan det virker og hvor kan man k\u00f8be det?\">Dogecoin<\/a> blev lanceret i 2013, var der ingen, der forventede, at denne meme-baserede coin ville f\u00e5 stor udbredelse. Men i 2021, p\u00e5 h\u00f8jdepunktet af kryptokrati, n\u00f8d DOGE grundigt sine 15 minutters ber\u00f8mmelse p\u00e5 internettet og er stadig et af de mest ber\u00f8mte digitale aktiver. <a href=\"https:\/\/www.coindesk.com\/markets\/2023\/04\/06\/dogecoin-drops-after-elon-musks-twitter-stops-using-its-logo\/\" target=\"_blank\" rel=\"noopener\">takket v\u00e6re de sociale medier<\/a>.<\/span><\/p>\n<p><span style=\"font-weight: 400;\">Hvis du \u00f8nsker at v\u00e6re med p\u00e5 den sjove side ved at k\u00f8be Dogecoin, men ikke ved, hvor du skal starte, er du velkommen til at v\u00e6re bekymret. I denne artikel vil vi forklare, hvordan du k\u00f8ber Dogecoin p\u00e5 den <a href=\"https:\/\/www.okx.com\/join\/65358827\" target=\"_blank\" rel=\"noopener\">OKX-b\u00f8rsen<\/a> trin-for-trin. S\u00e5 er vi i gang.<\/span><\/p>\n<h2><span class=\"ez-toc-section\" id=\"A_Step-By-Step_Guide_on_How_to_Buy_Dogecoin_on_OKX\"><\/span><span style=\"font-weight: 400;\">En trin-for-trin-guide til, hvordan du k\u00f8ber Dogecoin p\u00e5 OKX<\/span><span class=\"ez-toc-section-end\"><\/span><\/h2>\n<h3><span class=\"ez-toc-section\" id=\"1_Register_an_Account\"><\/span><span style=\"font-weight: 400;\">1. Registrer en konto<\/span><span class=\"ez-toc-section-end\"><\/span><\/h3>\n<p><span style=\"font-weight: 400;\">F\u00f8rst skal du g\u00e5 til <a href=\"https:\/\/coinkickoff.com\/da\/okx-review\/\" data-internallinksmanager029f6b8e52c=\"150\" title=\"OKX 2023: Afgifter, funktioner, sikkerhed, fordele og ulemper\">OKX<\/a>officielle websted, og klik p\u00e5 \"Tilmeld dig\" for at oprette en konto.\u00a0<\/span><\/p>\n<p><img loading=\"lazy\" decoding=\"async\" class=\"alignnone wp-image-3286 size-full\" src=\"https:\/\/coinkickoff.com\/wp-content\/uploads\/okx-sign-up.png\" alt=\"hvordan man k\u00f8ber dogecoin p\u00e5 okx sign up\" width=\"1410\" height=\"721\" srcset=\"https:\/\/coinkickoff.com\/wp-content\/uploads\/okx-sign-up.png 1410w, https:\/\/coinkickoff.com\/wp-content\/uploads\/okx-sign-up-300x153.png 300w, https:\/\/coinkickoff.com\/wp-content\/uploads\/okx-sign-up-1024x524.png 1024w, https:\/\/coinkickoff.com\/wp-content\/uploads\/okx-sign-up-768x393.png 768w, https:\/\/coinkickoff.com\/wp-content\/uploads\/okx-sign-up-18x9.png 18w\" sizes=\"auto, (max-width: 1410px) 100vw, 1410px\" \/><\/p>\n<p><span style=\"font-weight: 400;\">Det tager kun et minut at \u00e5bne en OKX-konto: Du kan tilmelde dig med en e-mailadresse eller et telefonnummer. Du kan ogs\u00e5 tilmelde dig med dit Google- eller Telegram-nummer.\u00a0\u00a0<\/span><\/p>\n<h3><span class=\"ez-toc-section\" id=\"2_Verify_Your_Account\"><\/span><span style=\"font-weight: 400;\">2. Bekr\u00e6ft din konto<\/span><span class=\"ez-toc-section-end\"><\/span><\/h3>\n<p><span style=\"font-weight: 400;\">Du beh\u00f8ver ikke at bekr\u00e6fte din identitet for at handle med krypto p\u00e5 OKX. Du kan sende dine digitale aktiver til din OKX-konto og straks begynde at handle p\u00e5 platformen.<\/span><\/p>\n<p><span style=\"font-weight: 400;\">Men hvis du vil k\u00f8be krypto med fiatvaluta p\u00e5 platformen, skal du gennemf\u00f8re ID-verifikation. Klik p\u00e5 profiltegnet i \u00f8verste h\u00f8jre hj\u00f8rne, og v\u00e6lg \"Oversigt\".\u00a0<\/span><\/p>\n<p><img loading=\"lazy\" decoding=\"async\" class=\"alignnone wp-image-3287 size-full\" src=\"https:\/\/coinkickoff.com\/wp-content\/uploads\/okx-verif.png\" alt=\"\" width=\"1417\" height=\"694\" srcset=\"https:\/\/coinkickoff.com\/wp-content\/uploads\/okx-verif.png 1417w, https:\/\/coinkickoff.com\/wp-content\/uploads\/okx-verif-300x147.png 300w, https:\/\/coinkickoff.com\/wp-content\/uploads\/okx-verif-1024x502.png 1024w, https:\/\/coinkickoff.com\/wp-content\/uploads\/okx-verif-768x376.png 768w, https:\/\/coinkickoff.com\/wp-content\/uploads\/okx-verif-18x9.png 18w\" sizes=\"auto, (max-width: 1417px) 100vw, 1417px\" \/><\/p>\n<p><span style=\"font-weight: 400;\">V\u00e6lg fanen Verifikation for at starte processen.<\/span><\/p>\n<p><img loading=\"lazy\" decoding=\"async\" class=\"alignnone wp-image-3288 size-full\" src=\"https:\/\/coinkickoff.com\/wp-content\/uploads\/okx-ver2.png\" alt=\"\" width=\"1426\" height=\"486\" srcset=\"https:\/\/coinkickoff.com\/wp-content\/uploads\/okx-ver2.png 1426w, https:\/\/coinkickoff.com\/wp-content\/uploads\/okx-ver2-300x102.png 300w, https:\/\/coinkickoff.com\/wp-content\/uploads\/okx-ver2-1024x349.png 1024w, https:\/\/coinkickoff.com\/wp-content\/uploads\/okx-ver2-768x262.png 768w, https:\/\/coinkickoff.com\/wp-content\/uploads\/okx-ver2-18x6.png 18w\" sizes=\"auto, (max-width: 1426px) 100vw, 1426px\" \/><\/p>\n<p><span style=\"font-weight: 400;\">V\u00e6lg den enkelte konto, og klik p\u00e5 \"Forts\u00e6t\".<\/span><\/p>\n<p><img loading=\"lazy\" decoding=\"async\" class=\"alignnone wp-image-3289 size-full\" src=\"https:\/\/coinkickoff.com\/wp-content\/uploads\/okx-ver3.png\" alt=\"\" width=\"1427\" height=\"666\" srcset=\"https:\/\/coinkickoff.com\/wp-content\/uploads\/okx-ver3.png 1427w, https:\/\/coinkickoff.com\/wp-content\/uploads\/okx-ver3-300x140.png 300w, https:\/\/coinkickoff.com\/wp-content\/uploads\/okx-ver3-1024x478.png 1024w, https:\/\/coinkickoff.com\/wp-content\/uploads\/okx-ver3-768x358.png 768w, https:\/\/coinkickoff.com\/wp-content\/uploads\/okx-ver3-18x8.png 18w\" sizes=\"auto, (max-width: 1427px) 100vw, 1427px\" \/><\/p>\n<p><span style=\"font-weight: 400;\">OKX har sandsynligvis den nemmeste id-verifikationsproces nogensinde, da platformen ikke engang beder om et billedlegitimationskort. Du skal blot skrive dit navn, v\u00e6lge din ID-type og indtaste dit ID-nummer. Klik p\u00e5 \"Send\", og s\u00e5 er du f\u00e6rdig.<\/span><\/p>\n<h3><span class=\"ez-toc-section\" id=\"3_Deposit_FundsCrypto\"><\/span><span style=\"font-weight: 400;\">3. Indskud af midler\/krypto<\/span><span class=\"ez-toc-section-end\"><\/span><\/h3>\n<p><span style=\"font-weight: 400;\">N\u00e5r du har gennemf\u00f8rt identitetsbekr\u00e6ftelsen, kan du indbetale fiatvaluta p\u00e5 din konto, eller du kan k\u00f8be DOGE med et kreditkort eller en alternativ betalingsmetode.\u00a0<\/span><\/p>\n<p><span style=\"font-weight: 400;\">Klik p\u00e5 dit profillogo, og v\u00e6lg \"Oversigt\" for at v\u00e6lge indbetalings- og k\u00f8bsmuligheder. Hvis du vil foretage en indbetaling, skal du klikke p\u00e5 \"Indbetaling\".<\/span><\/p>\n<p><img loading=\"lazy\" decoding=\"async\" class=\"alignnone wp-image-3290 size-full\" src=\"https:\/\/coinkickoff.com\/wp-content\/uploads\/okx-verif-1.png\" alt=\"\" width=\"1417\" height=\"694\" srcset=\"https:\/\/coinkickoff.com\/wp-content\/uploads\/okx-verif-1.png 1417w, https:\/\/coinkickoff.com\/wp-content\/uploads\/okx-verif-1-300x147.png 300w, https:\/\/coinkickoff.com\/wp-content\/uploads\/okx-verif-1-1024x502.png 1024w, https:\/\/coinkickoff.com\/wp-content\/uploads\/okx-verif-1-768x376.png 768w, https:\/\/coinkickoff.com\/wp-content\/uploads\/okx-verif-1-18x9.png 18w\" sizes=\"auto, (max-width: 1417px) 100vw, 1417px\" \/><\/p>\n<h3><span class=\"ez-toc-section\" id=\"4_Navigate_to_the_Relevant_Screen_to_Buy\"><\/span><span style=\"font-weight: 400;\">4. Naviger til den relevante sk\u00e6rm for at k\u00f8be<\/span><span class=\"ez-toc-section-end\"><\/span><\/h3>\n<p><span style=\"font-weight: 400;\">P\u00e5 oversigtssiden skal du v\u00e6lge \"K\u00f8b med kort\". Det f\u00f8rer dig til den nemme side for k\u00f8b\/salg.<\/span><\/p>\n<p><img loading=\"lazy\" decoding=\"async\" class=\"alignnone wp-image-3291 size-full\" src=\"https:\/\/coinkickoff.com\/wp-content\/uploads\/Screen-Shot-2023-03-24-at-5.59.53-AM-e1686184973371.png\" alt=\"\" width=\"1428\" height=\"802\" srcset=\"https:\/\/coinkickoff.com\/wp-content\/uploads\/Screen-Shot-2023-03-24-at-5.59.53-AM-e1686184973371.png 1428w, https:\/\/coinkickoff.com\/wp-content\/uploads\/Screen-Shot-2023-03-24-at-5.59.53-AM-e1686184973371-300x168.png 300w, https:\/\/coinkickoff.com\/wp-content\/uploads\/Screen-Shot-2023-03-24-at-5.59.53-AM-e1686184973371-1024x575.png 1024w, https:\/\/coinkickoff.com\/wp-content\/uploads\/Screen-Shot-2023-03-24-at-5.59.53-AM-e1686184973371-768x431.png 768w, https:\/\/coinkickoff.com\/wp-content\/uploads\/Screen-Shot-2023-03-24-at-5.59.53-AM-e1686184973371-18x10.png 18w, https:\/\/coinkickoff.com\/wp-content\/uploads\/Screen-Shot-2023-03-24-at-5.59.53-AM-e1686184973371-600x338.png 600w\" sizes=\"auto, (max-width: 1428px) 100vw, 1428px\" \/><\/p>\n<p><span style=\"font-weight: 400;\">Indtast, hvor meget du vil bruge p\u00e5 dit k\u00f8b, og v\u00e6lg den kryptovaluta, du \u00f8nsker at k\u00f8be (DOGE). Klik p\u00e5 \"K\u00f8b Doge\".<\/span><\/p>\n<p><img loading=\"lazy\" decoding=\"async\" class=\"alignnone wp-image-3292 size-full\" src=\"https:\/\/coinkickoff.com\/wp-content\/uploads\/buydogeend.png\" alt=\"\" width=\"1432\" height=\"798\" srcset=\"https:\/\/coinkickoff.com\/wp-content\/uploads\/buydogeend.png 1432w, https:\/\/coinkickoff.com\/wp-content\/uploads\/buydogeend-300x167.png 300w, https:\/\/coinkickoff.com\/wp-content\/uploads\/buydogeend-1024x571.png 1024w, https:\/\/coinkickoff.com\/wp-content\/uploads\/buydogeend-768x428.png 768w, https:\/\/coinkickoff.com\/wp-content\/uploads\/buydogeend-18x10.png 18w\" sizes=\"auto, (max-width: 1432px) 100vw, 1432px\" \/><\/p>\n<p><span style=\"font-weight: 400;\">P\u00e5 den n\u00e6ste side v\u00e6lger du din metode og f\u00e5r vist en oversigt over dit k\u00f8b, herunder hvor meget DOGE du vil modtage, n\u00e5r du har gennemf\u00f8rt transaktionen.<\/span><\/p>\n<p><span style=\"font-weight: 400;\">Betalingsmetoderne varierer afh\u00e6ngigt af den fiatvaluta, du vil bruge. Som du kan se, er der flere muligheder, du kan v\u00e6lge, herunder Payoneer, Revolut, AirTM og flere. Du kan ogs\u00e5 v\u00e6lge tredjepartsudbydere som Simplex og Banxa.<\/span><\/p>\n<p><span style=\"font-weight: 400;\">Klik p\u00e5 \"Bekr\u00e6ft\" for at afslutte dit k\u00f8b. Tillykke!<\/span><\/p>\n<p><span style=\"font-weight: 400;\">Du kan finde flere oplysninger i vores artikler om <a href=\"https:\/\/coinkickoff.com\/da\/dogecoin-doge\/\">Dogecoin<\/a> og <a href=\"https:\/\/coinkickoff.com\/da\/?s=okx+review\">OKX-b\u00f8rsen<\/a>.<\/span><\/p>","protected":false},"excerpt":{"rendered":"<p>S\u00e5dan k\u00f8ber du Dogecoin p\u00e5 OKX Designet prim\u00e6rt som en joke coin, DOGE har ikke en klar use case eller meget v\u00e6rdi. Da Dogecoin blev lanceret i 2013, forventede ingen, at denne meme-baserede coin ville f\u00e5 meget opm\u00e6rksomhed. Men i 2021, da krypto-begejstringen var p\u00e5 sit h\u00f8jeste, n\u00f8d DOGE godt af sine 15 minutters internetber\u00f8mmelse og [...].<\/p>","protected":false},"author":3,"featured_media":3291,"parent":3196,"menu_order":0,"comment_status":"closed","ping_status":"closed","template":"","meta":{"_genesis_hide_title":false,"_genesis_hide_breadcrumbs":false,"_genesis_hide_singular_image":false,"_genesis_hide_footer_widgets":false,"_genesis_custom_body_class":"","_genesis_custom_post_class":"","_genesis_layout":"","_glsr_average":0,"_glsr_ranking":0,"_glsr_reviews":0,"footnotes":""},"class_list":{"0":"post-3285","1":"page","2":"type-page","3":"status-publish","4":"has-post-thumbnail","6":"entry"},"featured_image_src":"https:\/\/coinkickoff.com\/wp-content\/uploads\/Screen-Shot-2023-03-24-at-5.59.53-AM-e1686184973371-600x400.png","featured_image_src_square":"https:\/\/coinkickoff.com\/wp-content\/uploads\/Screen-Shot-2023-03-24-at-5.59.53-AM-e1686184973371-600x600.png","_links":{"self":[{"href":"https:\/\/coinkickoff.com\/da\/wp-json\/wp\/v2\/pages\/3285","targetHints":{"allow":["GET"]}}],"collection":[{"href":"https:\/\/coinkickoff.com\/da\/wp-json\/wp\/v2\/pages"}],"about":[{"href":"https:\/\/coinkickoff.com\/da\/wp-json\/wp\/v2\/types\/page"}],"author":[{"embeddable":true,"href":"https:\/\/coinkickoff.com\/da\/wp-json\/wp\/v2\/users\/3"}],"replies":[{"embeddable":true,"href":"https:\/\/coinkickoff.com\/da\/wp-json\/wp\/v2\/comments?post=3285"}],"version-history":[{"count":4,"href":"https:\/\/coinkickoff.com\/da\/wp-json\/wp\/v2\/pages\/3285\/revisions"}],"predecessor-version":[{"id":4497,"href":"https:\/\/coinkickoff.com\/da\/wp-json\/wp\/v2\/pages\/3285\/revisions\/4497"}],"up":[{"embeddable":true,"href":"https:\/\/coinkickoff.com\/da\/wp-json\/wp\/v2\/pages\/3196"}],"wp:featuredmedia":[{"embeddable":true,"href":"https:\/\/coinkickoff.com\/da\/wp-json\/wp\/v2\/media\/3291"}],"wp:attachment":[{"href":"https:\/\/coinkickoff.com\/da\/wp-json\/wp\/v2\/media?parent=3285"}],"curies":[{"name":"wp","href":"https:\/\/api.w.org\/{rel}","templated":true}]}}