{"id":3268,"date":"2026-01-08T14:07:33","date_gmt":"2026-01-08T14:07:33","guid":{"rendered":"https:\/\/coinkickoff.com\/?page_id=3268"},"modified":"2026-01-08T14:07:33","modified_gmt":"2026-01-08T14:07:33","slug":"how-to-buy-dogecoin-on-kucoin","status":"publish","type":"page","link":"https:\/\/coinkickoff.com\/da\/how-to-buy-dogecoin\/how-to-buy-dogecoin-on-kucoin\/","title":{"rendered":"S\u00e5dan k\u00f8ber du Dogecoin (DOGE) p\u00e5 Kucoin"},"content":{"rendered":"<div id=\"ez-toc-container\" class=\"ez-toc-v2_0_80 counter-hierarchy ez-toc-counter ez-toc-transparent ez-toc-container-direction\">\n<div class=\"ez-toc-title-container\">\n<p class=\"ez-toc-title\" style=\"cursor:inherit\">Sektioner<\/p>\n<span class=\"ez-toc-title-toggle\"><a href=\"#\" class=\"ez-toc-pull-right ez-toc-btn ez-toc-btn-xs ez-toc-btn-default ez-toc-toggle\" aria-label=\"Toggle indholdsfortegnelse\"><span class=\"ez-toc-js-icon-con\"><span class=\"\"><span class=\"eztoc-hide\" style=\"display:none;\">Toggle<\/span><span class=\"ez-toc-icon-toggle-span\"><svg style=\"fill: #999;color:#999\" xmlns=\"http:\/\/www.w3.org\/2000\/svg\" class=\"list-377408\" width=\"20px\" height=\"20px\" viewbox=\"0 0 24 24\" fill=\"none\"><path d=\"M6 6H4v2h2V6zm14 0H8v2h12V6zM4 11h2v2H4v-2zm16 0H8v2h12v-2zM4 16h2v2H4v-2zm16 0H8v2h12v-2z\" fill=\"currentColor\"><\/path><\/svg><svg style=\"fill: #999;color:#999\" class=\"arrow-unsorted-368013\" xmlns=\"http:\/\/www.w3.org\/2000\/svg\" width=\"10px\" height=\"10px\" viewbox=\"0 0 24 24\" version=\"1.2\" baseprofile=\"tiny\"><path d=\"M18.2 9.3l-6.2-6.3-6.2 6.3c-.2.2-.3.4-.3.7s.1.5.3.7c.2.2.4.3.7.3h11c.3 0 .5-.1.7-.3.2-.2.3-.5.3-.7s-.1-.5-.3-.7zM5.8 14.7l6.2 6.3 6.2-6.3c.2-.2.3-.5.3-.7s-.1-.5-.3-.7c-.2-.2-.4-.3-.7-.3h-11c-.3 0-.5.1-.7.3-.2.2-.3.5-.3.7s.1.5.3.7z\"\/><\/svg><\/span><\/span><\/span><\/a><\/span><\/div>\n<nav><ul class='ez-toc-list ez-toc-list-level-1 eztoc-toggle-hide-by-default' ><li class='ez-toc-page-1 ez-toc-heading-level-2'><a class=\"ez-toc-link ez-toc-heading-1\" href=\"https:\/\/coinkickoff.com\/da\/how-to-buy-dogecoin\/how-to-buy-dogecoin-on-kucoin\/#How_to_Buy_Dogecoin_on_Kucoin\" >S\u00e5dan k\u00f8ber du Dogecoin p\u00e5 Kucoin<\/a><\/li><li class='ez-toc-page-1 ez-toc-heading-level-2'><a class=\"ez-toc-link ez-toc-heading-2\" href=\"https:\/\/coinkickoff.com\/da\/how-to-buy-dogecoin\/how-to-buy-dogecoin-on-kucoin\/#A_Step-By-Step_Guide_on_How_to_Buy_Dogecoin_on_Kucoin\" >En trin-for-trin-guide om, hvordan du k\u00f8ber Dogecoin p\u00e5 Kucoin<\/a><ul class='ez-toc-list-level-3' ><li class='ez-toc-heading-level-3'><a class=\"ez-toc-link ez-toc-heading-3\" href=\"https:\/\/coinkickoff.com\/da\/how-to-buy-dogecoin\/how-to-buy-dogecoin-on-kucoin\/#1_Register_an_Account\" >1. Registrer en konto<\/a><\/li><li class='ez-toc-page-1 ez-toc-heading-level-3'><a class=\"ez-toc-link ez-toc-heading-4\" href=\"https:\/\/coinkickoff.com\/da\/how-to-buy-dogecoin\/how-to-buy-dogecoin-on-kucoin\/#2_Verify_Your_Account\" >2. Bekr\u00e6ft din konto<\/a><\/li><li class='ez-toc-page-1 ez-toc-heading-level-3'><a class=\"ez-toc-link ez-toc-heading-5\" href=\"https:\/\/coinkickoff.com\/da\/how-to-buy-dogecoin\/how-to-buy-dogecoin-on-kucoin\/#3_Deposit_FundsCrypto\" >3. Indskud af midler\/krypto<\/a><\/li><li class='ez-toc-page-1 ez-toc-heading-level-3'><a class=\"ez-toc-link ez-toc-heading-6\" href=\"https:\/\/coinkickoff.com\/da\/how-to-buy-dogecoin\/how-to-buy-dogecoin-on-kucoin\/#4_Navigate_to_the_Relevant_Screen_to_Buy\" >4. Naviger til den relevante sk\u00e6rm for at k\u00f8be<\/a><ul class='ez-toc-list-level-4' ><li class='ez-toc-heading-level-4'><a class=\"ez-toc-link ez-toc-heading-7\" href=\"https:\/\/coinkickoff.com\/da\/how-to-buy-dogecoin\/how-to-buy-dogecoin-on-kucoin\/#Fast_TradeOne-click_Buy\" >Hurtig handel\/et-klik-k\u00f8b<\/a><\/li><li class='ez-toc-page-1 ez-toc-heading-level-4'><a class=\"ez-toc-link ez-toc-heading-8\" href=\"https:\/\/coinkickoff.com\/da\/how-to-buy-dogecoin\/how-to-buy-dogecoin-on-kucoin\/#Third-Party\" >Tredjepart<\/a><\/li><li class='ez-toc-page-1 ez-toc-heading-level-4'><a class=\"ez-toc-link ez-toc-heading-9\" href=\"https:\/\/coinkickoff.com\/da\/how-to-buy-dogecoin\/how-to-buy-dogecoin-on-kucoin\/#P2P_Market\" >P2P-markedet<\/a><\/li><\/ul><\/li><\/ul><\/li><\/ul><\/nav><\/div>\n<h2><span class=\"ez-toc-section\" id=\"How_to_Buy_Dogecoin_on_Kucoin\"><\/span>S\u00e5dan k\u00f8ber du Dogecoin p\u00e5 Kucoin<span class=\"ez-toc-section-end\"><\/span><\/h2>\n<p><a href=\"https:\/\/coinkickoff.com\/da\/dogecoin-doge\/\"><span style=\"font-weight: 400;\">Dogecoin<\/span><\/a><span style=\"font-weight: 400;\"> er en ber\u00f8mt meme coin, som du kan k\u00f8be p\u00e5 mange b\u00f8rser, herunder <\/span><a href=\"https:\/\/coinkickoff.com\/da\/kucoin-review\/\"><span style=\"font-weight: 400;\">Kucoin<\/span><\/a><span style=\"font-weight: 400;\">. <a href=\"https:\/\/coinkickoff.com\/da\/dogecoin-doge\/\" data-internallinksmanager029f6b8e52c=\"14\" title=\"Hvad er Dogecoin (DOGE)? Hvordan det virker og hvor kan man k\u00f8be det?\">DOGE<\/a> er ret billig og nem at handle.<\/span><\/p>\n<p><span style=\"font-weight: 400;\">Hvis du \u00f8nsker at k\u00f8be Dogecoin p\u00e5 den <a href=\"https:\/\/coinkickoff.com\/da\/kucoin-review\/\" data-internallinksmanager029f6b8e52c=\"153\" title=\"KuCoin Anmeldelser 2023: Gebyrer, sikkerhed, fordele og ulemper: 2023: Gebyrer, sikkerhed, fordele og ulemper\">Kucoin<\/a> men ikke ved, hvor du skal starte, s\u00e5 har vi styr p\u00e5 det. Her er en trin-for-trin oversigt over, hvordan du k\u00f8ber Dogecoin p\u00e5 Kucoin.<\/span><\/p>\n<h2><span class=\"ez-toc-section\" id=\"A_Step-By-Step_Guide_on_How_to_Buy_Dogecoin_on_Kucoin\"><\/span><span style=\"font-weight: 400;\">En trin-for-trin-guide om, hvordan du k\u00f8ber Dogecoin p\u00e5 Kucoin<\/span><span class=\"ez-toc-section-end\"><\/span><\/h2>\n<h3><span class=\"ez-toc-section\" id=\"1_Register_an_Account\"><\/span><span style=\"font-weight: 400;\">1. Registrer en konto<\/span><span class=\"ez-toc-section-end\"><\/span><\/h3>\n<p><span style=\"font-weight: 400;\">F\u00f8rst skal du bes\u00f8ge <\/span><a href=\"https:\/\/www.kucoin.com\/r\/af\/rMJPV3B\" target=\"_blank\" rel=\"noopener\"><span style=\"font-weight: 400;\">Kucoin's officielle hjemmeside<\/span><\/a><span style=\"font-weight: 400;\"> for at registrere en konto.\u00a0<\/span><\/p>\n<p><img loading=\"lazy\" decoding=\"async\" class=\"alignnone wp-image-3269 size-full\" src=\"https:\/\/coinkickoff.com\/wp-content\/uploads\/kucoin-register.png\" alt=\"k\u00f8be doge p\u00e5 kucoin register\" width=\"1421\" height=\"788\" srcset=\"https:\/\/coinkickoff.com\/wp-content\/uploads\/kucoin-register.png 1421w, https:\/\/coinkickoff.com\/wp-content\/uploads\/kucoin-register-300x166.png 300w, https:\/\/coinkickoff.com\/wp-content\/uploads\/kucoin-register-1024x568.png 1024w, https:\/\/coinkickoff.com\/wp-content\/uploads\/kucoin-register-768x426.png 768w, https:\/\/coinkickoff.com\/wp-content\/uploads\/kucoin-register-18x10.png 18w\" sizes=\"auto, (max-width: 1421px) 100vw, 1421px\" \/><\/p>\n<p><span style=\"font-weight: 400;\">Det er meget nemt at \u00e5bne en Kucoin-konto: Du kan tilmelde dig med din e-mailadresse eller dit telefonnummer. Kucoin sender dig en bekr\u00e6ftelseskode, s\u00e5 du kan logge ind p\u00e5 din nye konto.<\/span><\/p>\n<h3><span class=\"ez-toc-section\" id=\"2_Verify_Your_Account\"><\/span><span style=\"font-weight: 400;\">2. Bekr\u00e6ft din konto<\/span><span class=\"ez-toc-section-end\"><\/span><\/h3>\n<p><span style=\"font-weight: 400;\">For at bekr\u00e6fte din konto skal du g\u00e5 ind p\u00e5 din brugerprofil (\u00f8verst til h\u00f8jre i hj\u00f8rnet ved siden af \"Aktiver\").  I menuen skal du klikke p\u00e5 \"Identitetsbekr\u00e6ftelse\".<\/span><\/p>\n<p><img loading=\"lazy\" decoding=\"async\" class=\"alignnone wp-image-3272 size-full\" src=\"https:\/\/coinkickoff.com\/wp-content\/uploads\/kucoin-identity-verification.png\" alt=\"kucoin id-verifikation 1\" width=\"1420\" height=\"785\" srcset=\"https:\/\/coinkickoff.com\/wp-content\/uploads\/kucoin-identity-verification.png 1420w, https:\/\/coinkickoff.com\/wp-content\/uploads\/kucoin-identity-verification-300x166.png 300w, https:\/\/coinkickoff.com\/wp-content\/uploads\/kucoin-identity-verification-1024x566.png 1024w, https:\/\/coinkickoff.com\/wp-content\/uploads\/kucoin-identity-verification-768x425.png 768w, https:\/\/coinkickoff.com\/wp-content\/uploads\/kucoin-identity-verification-18x10.png 18w\" sizes=\"auto, (max-width: 1420px) 100vw, 1420px\" \/><\/p>\n<p><span style=\"font-weight: 400;\">Teknisk set beh\u00f8ver du ikke at bekr\u00e6fte din identitet for at k\u00f8be DOGE p\u00e5 Kucoin-platformen, hvis du allerede har andre digitale aktiver.\u00a0<\/span><\/p>\n<p><span style=\"font-weight: 400;\">Hvis du allerede ejer digitale aktiver, kan du blot sende dem til din Kucoin-krypto-pung. N\u00e5r du har indsat krypto p\u00e5 din Kucoin-konto, kan du handle disse aktiver med Dogecoin.<\/span><\/p>\n<p><span style=\"font-weight: 400;\">Du skal dog gennemf\u00f8re id-verifikation for at indbetale fiat til platformen. S\u00e5 hvis du ikke allerede ejer krypto, eller hvis du ikke \u00f8nsker at handle dine aktiver, skal du g\u00e5 videre og gennemf\u00f8re identitetsbekr\u00e6ftelse.<\/span><\/p>\n<p><img loading=\"lazy\" decoding=\"async\" class=\"alignnone wp-image-3270 size-full\" src=\"https:\/\/coinkickoff.com\/wp-content\/uploads\/kucoin-id-verification-2.png\" alt=\"kucoin identitetskontrol 2\" width=\"1407\" height=\"706\" srcset=\"https:\/\/coinkickoff.com\/wp-content\/uploads\/kucoin-id-verification-2.png 1407w, https:\/\/coinkickoff.com\/wp-content\/uploads\/kucoin-id-verification-2-300x151.png 300w, https:\/\/coinkickoff.com\/wp-content\/uploads\/kucoin-id-verification-2-1024x514.png 1024w, https:\/\/coinkickoff.com\/wp-content\/uploads\/kucoin-id-verification-2-768x385.png 768w, https:\/\/coinkickoff.com\/wp-content\/uploads\/kucoin-id-verification-2-18x9.png 18w\" sizes=\"auto, (max-width: 1407px) 100vw, 1407px\" \/><\/p>\n<p><span style=\"font-weight: 400;\">Kucoin har en 3-trins str\u00f8mlinet id-verifikationsproces, der best\u00e5r af indtastning af personlige oplysninger, upload af et statsligt id-kort og afslutning af ansigtsverifikation.<\/span><\/p>\n<p><span style=\"font-weight: 400;\">Start med at indtaste dine personlige oplysninger, og klik p\u00e5 \"N\u00e6ste\" for at g\u00e5 videre til n\u00e6ste trin.<\/span><\/p>\n<p><img loading=\"lazy\" decoding=\"async\" class=\"alignnone wp-image-3271 size-full\" src=\"https:\/\/coinkickoff.com\/wp-content\/uploads\/kucoin-id-verification-3.png\" alt=\"kucoin id-verifikation 3\" width=\"1412\" height=\"789\" srcset=\"https:\/\/coinkickoff.com\/wp-content\/uploads\/kucoin-id-verification-3.png 1412w, https:\/\/coinkickoff.com\/wp-content\/uploads\/kucoin-id-verification-3-300x168.png 300w, https:\/\/coinkickoff.com\/wp-content\/uploads\/kucoin-id-verification-3-1024x572.png 1024w, https:\/\/coinkickoff.com\/wp-content\/uploads\/kucoin-id-verification-3-768x429.png 768w, https:\/\/coinkickoff.com\/wp-content\/uploads\/kucoin-id-verification-3-18x10.png 18w\" sizes=\"auto, (max-width: 1412px) 100vw, 1412px\" \/><\/p>\n<h3><span class=\"ez-toc-section\" id=\"3_Deposit_FundsCrypto\"><\/span><span style=\"font-weight: 400;\">3. Indskud af midler\/krypto<\/span><span class=\"ez-toc-section-end\"><\/span><\/h3>\n<p><span style=\"font-weight: 400;\">Der er flere m\u00e5der at indbetale krypto p\u00e5 p\u00e5 din Kucoin-konto. Klik p\u00e5 \"Assets\" \u00f8verst til h\u00f8jre p\u00e5 siden, og v\u00e6lg \"Deposit\" fra dropdown-menuen. Du kan ogs\u00e5 g\u00e5 til siden \"Asset Overview\" (oversigt over aktiver) og klikke p\u00e5 \"Deposit\" (indbetaling).<\/span><\/p>\n<p><img loading=\"lazy\" decoding=\"async\" class=\"alignnone wp-image-3273 size-full\" src=\"https:\/\/coinkickoff.com\/wp-content\/uploads\/kucoin-deposit.png\" alt=\"kucoin indskudsmidler 1\" width=\"1427\" height=\"758\" srcset=\"https:\/\/coinkickoff.com\/wp-content\/uploads\/kucoin-deposit.png 1427w, https:\/\/coinkickoff.com\/wp-content\/uploads\/kucoin-deposit-300x159.png 300w, https:\/\/coinkickoff.com\/wp-content\/uploads\/kucoin-deposit-1024x544.png 1024w, https:\/\/coinkickoff.com\/wp-content\/uploads\/kucoin-deposit-768x408.png 768w, https:\/\/coinkickoff.com\/wp-content\/uploads\/kucoin-deposit-18x10.png 18w\" sizes=\"auto, (max-width: 1427px) 100vw, 1427px\" \/><\/p>\n<p><span style=\"font-weight: 400;\">N\u00e5r du klikker p\u00e5 indbetaling, kan du s\u00f8ge efter den coin, du f.eks. vil sende til platformen, <a href=\"https:\/\/coinkickoff.com\/da\/tether-usdt\/\" data-internallinksmanager029f6b8e52c=\"3\" title=\"Hvad er Tether (USDT)? Hvordan det virker og hvor kan man k\u00f8be det?\">USDT<\/a>. Du vil modtage en indbetalingsadresse, som du kan bruge til at sende din coins til platformen.\u00a0<\/span><\/p>\n<p><span style=\"font-weight: 400;\">Kucoin underst\u00f8tter over 70 betalingsmetoder, s\u00e5 du har mange muligheder, n\u00e5r det kommer til at k\u00f8be krypto p\u00e5 platformen. Nogle metoder er muligvis ikke tilg\u00e6ngelige afh\u00e6ngigt af din placering, men der er normalt en mulighed, der fungerer for alle.<\/span><\/p>\n<h3><span class=\"ez-toc-section\" id=\"4_Navigate_to_the_Relevant_Screen_to_Buy\"><\/span><span style=\"font-weight: 400;\">4. Naviger til den relevante sk\u00e6rm for at k\u00f8be<\/span><span class=\"ez-toc-section-end\"><\/span><\/h3>\n<p><img loading=\"lazy\" decoding=\"async\" class=\"alignnone wp-image-3274 size-full\" src=\"https:\/\/coinkickoff.com\/wp-content\/uploads\/kucoin-buy-crypto.png\" alt=\"kucoin k\u00f8be sk\u00e6rm\" width=\"1418\" height=\"692\" srcset=\"https:\/\/coinkickoff.com\/wp-content\/uploads\/kucoin-buy-crypto.png 1418w, https:\/\/coinkickoff.com\/wp-content\/uploads\/kucoin-buy-crypto-300x146.png 300w, https:\/\/coinkickoff.com\/wp-content\/uploads\/kucoin-buy-crypto-1024x500.png 1024w, https:\/\/coinkickoff.com\/wp-content\/uploads\/kucoin-buy-crypto-768x375.png 768w, https:\/\/coinkickoff.com\/wp-content\/uploads\/kucoin-buy-crypto-18x9.png 18w\" sizes=\"auto, (max-width: 1418px) 100vw, 1418px\" \/><\/p>\n<h4><span class=\"ez-toc-section\" id=\"Fast_TradeOne-click_Buy\"><\/span><span style=\"font-weight: 400;\">Hurtig handel\/et-klik-k\u00f8b<\/span><span class=\"ez-toc-section-end\"><\/span><\/h4>\n<p><span style=\"font-weight: 400;\">Du kan k\u00f8be krypto p\u00e5 et par forskellige m\u00e5der p\u00e5 Kucoin. Du kan tilknytte et bankkort eller en bankkonto for at indbetale fiatvaluta til platformen. Kucoin accepterer flere fiat-valutaer, herunder USD, EUR, GBP og AUD. Beboere i Europa kan bruge SEPA til at overf\u00f8re penge til deres konti.\u00a0<\/span><\/p>\n<p><img loading=\"lazy\" decoding=\"async\" class=\"alignnone wp-image-3275 size-full\" src=\"https:\/\/coinkickoff.com\/wp-content\/uploads\/kucoin-buy-crypto-one-click.png\" alt=\"kucoin et klik k\u00f8b\" width=\"1421\" height=\"770\" srcset=\"https:\/\/coinkickoff.com\/wp-content\/uploads\/kucoin-buy-crypto-one-click.png 1421w, https:\/\/coinkickoff.com\/wp-content\/uploads\/kucoin-buy-crypto-one-click-300x163.png 300w, https:\/\/coinkickoff.com\/wp-content\/uploads\/kucoin-buy-crypto-one-click-1024x555.png 1024w, https:\/\/coinkickoff.com\/wp-content\/uploads\/kucoin-buy-crypto-one-click-768x416.png 768w, https:\/\/coinkickoff.com\/wp-content\/uploads\/kucoin-buy-crypto-one-click-18x10.png 18w\" sizes=\"auto, (max-width: 1421px) 100vw, 1421px\" \/><\/p>\n<p><span style=\"font-weight: 400;\">N\u00e5r du har indsat fiatvaluta p\u00e5 din konto, kan du bruge den hurtige handel til at k\u00f8be krypto med et enkelt klik. Du skal blot indtaste det bel\u00f8b, du vil bruge, og den valuta, du vil k\u00f8be, og v\u00e6lge en betalingsmetode fra dropdown-menuen.<\/span><\/p>\n<p><span style=\"font-weight: 400;\">De underst\u00f8ttede betalingsmetoder omfatter Zelle, Apple Pay og ADVCash, <a href=\"https:\/\/coinkickoff.com\/da\/uphold-review\/\" data-internallinksmanager029f6b8e52c=\"156\" title=\"Fastholdelse af anmeldelser 2023: Afgifter, funktioner, sikkerhed, fordele og ulemper\">Fastholdelse af<\/a>og flere andre.<\/span><\/p>\n<p><img loading=\"lazy\" decoding=\"async\" class=\"alignnone wp-image-3276 size-full\" src=\"https:\/\/coinkickoff.com\/wp-content\/uploads\/kucoin-select-paymnet-method.png\" alt=\"\" width=\"1424\" height=\"794\" srcset=\"https:\/\/coinkickoff.com\/wp-content\/uploads\/kucoin-select-paymnet-method.png 1424w, https:\/\/coinkickoff.com\/wp-content\/uploads\/kucoin-select-paymnet-method-300x167.png 300w, https:\/\/coinkickoff.com\/wp-content\/uploads\/kucoin-select-paymnet-method-1024x571.png 1024w, https:\/\/coinkickoff.com\/wp-content\/uploads\/kucoin-select-paymnet-method-768x428.png 768w, https:\/\/coinkickoff.com\/wp-content\/uploads\/kucoin-select-paymnet-method-18x10.png 18w\" sizes=\"auto, (max-width: 1424px) 100vw, 1424px\" \/><\/p>\n<p><span style=\"font-weight: 400;\"><img loading=\"lazy\" decoding=\"async\" class=\"alignnone wp-image-3277 size-full\" src=\"https:\/\/coinkickoff.com\/wp-content\/uploads\/kucoin-select-paymnt2.png\" alt=\"\" width=\"1432\" height=\"798\" srcset=\"https:\/\/coinkickoff.com\/wp-content\/uploads\/kucoin-select-paymnt2.png 1432w, https:\/\/coinkickoff.com\/wp-content\/uploads\/kucoin-select-paymnt2-300x167.png 300w, https:\/\/coinkickoff.com\/wp-content\/uploads\/kucoin-select-paymnt2-1024x571.png 1024w, https:\/\/coinkickoff.com\/wp-content\/uploads\/kucoin-select-paymnt2-768x428.png 768w, https:\/\/coinkickoff.com\/wp-content\/uploads\/kucoin-select-paymnt2-18x10.png 18w\" sizes=\"auto, (max-width: 1432px) 100vw, 1432px\" \/><\/span><\/p>\n<p><span style=\"font-weight: 400;\">Selv om dette er ret ligetil<\/span>orude er der et problem med at bruge et k\u00f8b med et enkelt klik. Desv\u00e6rre kan du ikke k\u00f8be DOGE med denne metode. Kucoin giver dig mulighed for at k\u00f8be <a href=\"https:\/\/coinkickoff.com\/da\/bitcoin-btc\/\" data-internallinksmanager029f6b8e52c=\"1\" title=\"Hvad er Bitcoin (BTC)? Pris, historie og hvor kan man k\u00f8be\">BTC<\/a>, <a href=\"https:\/\/coinkickoff.com\/da\/ethereum-eth\/\" data-internallinksmanager029f6b8e52c=\"2\" title=\"Hvad er Ethereum (ETH)? Pris, historie og hvor kan man k\u00f8be\">ETH<\/a>, USDT, og <a href=\"https:\/\/coinkickoff.com\/da\/usd-coin-usdc\/\" data-internallinksmanager029f6b8e52c=\"8\" title=\"Hvad er USD Coin (USDC)? Hvordan virker det og hvor kan man k\u00f8be det?\">USDC<\/a> med et enkelt klik.<\/p>\n<p><span style=\"font-weight: 400;\">Du kan dog k\u00f8be et af de tilbudte digitale aktiver og derefter konvertere det til DOGE p\u00e5 platformen. Hvis det lyder for kompliceret, skal du ikke bekymre dig, for den n\u00e6ste metode er super nem.<\/span><\/p>\n<h4><span class=\"ez-toc-section\" id=\"Third-Party\"><\/span><span style=\"font-weight: 400;\">Tredjepart<\/span><span class=\"ez-toc-section-end\"><\/span><\/h4>\n<p><img loading=\"lazy\" decoding=\"async\" class=\"alignnone wp-image-3278 size-full\" src=\"https:\/\/coinkickoff.com\/wp-content\/uploads\/kucoin-screenshot.png\" alt=\"\" width=\"1436\" height=\"673\" srcset=\"https:\/\/coinkickoff.com\/wp-content\/uploads\/kucoin-screenshot.png 1436w, https:\/\/coinkickoff.com\/wp-content\/uploads\/kucoin-screenshot-300x141.png 300w, https:\/\/coinkickoff.com\/wp-content\/uploads\/kucoin-screenshot-1024x480.png 1024w, https:\/\/coinkickoff.com\/wp-content\/uploads\/kucoin-screenshot-768x360.png 768w, https:\/\/coinkickoff.com\/wp-content\/uploads\/kucoin-screenshot-18x8.png 18w\" sizes=\"auto, (max-width: 1436px) 100vw, 1436px\" \/><\/p>\n<p><span style=\"font-weight: 400;\">Den absolut nemmeste m\u00e5de at k\u00f8be DOGE p\u00e5 Kucoin p\u00e5 er at v\u00e6lge \"Third-Party\" fra menuen \"Buy Crypto\" \u00f8verst til venstre i hj\u00f8rnet. P\u00e5 Third-Party-siden skal du indtaste, hvor meget du \u00f8nsker at bruge, v\u00e6lge den coin, du \u00f8nsker at k\u00f8be, fra dropdown-menuen (DOGE) og v\u00e6lge en betalingsmetode og betalingskanal.<\/span><\/p>\n<p><span style=\"font-weight: 400;\">Kucoin underst\u00f8tter flere betalingsapplikationer fra tredjeparter, herunder <\/span><a href=\"https:\/\/banxa.com\/case-study\/kucoin\/\" target=\"_blank\" rel=\"noopener\"><span style=\"font-weight: 400;\">Banxa<\/span><\/a><span style=\"font-weight: 400;\">, <\/span><a href=\"https:\/\/www.simplex.com\" target=\"_blank\" rel=\"noopener\"><span style=\"font-weight: 400;\">Simplex<\/span><\/a><span style=\"font-weight: 400;\">, <\/span><a href=\"https:\/\/legendtrading.com\/infrastructure\" target=\"_blank\" rel=\"noopener\"><span style=\"font-weight: 400;\">Legende handel<\/span><\/a><span style=\"font-weight: 400;\">, og <\/span><a href=\"https:\/\/btcdirect.eu\/en-gb\" target=\"_blank\" rel=\"noopener\"><span style=\"font-weight: 400;\">BTC direkte<\/span><\/a><span style=\"font-weight: 400;\">.\u00a0<\/span><\/p>\n<p><span style=\"font-weight: 400;\">Du kan k\u00f8be kryptovaluta fra disse leverand\u00f8rer ved at indtaste dine kortoplysninger og gennemf\u00f8re identitetsbekr\u00e6ftelse for den leverand\u00f8r, du \u00f8nsker at bruge. Du skal dog huske p\u00e5, at betalingstjenester fra tredjeparter ofte opkr\u00e6ver h\u00f8je gebyrer for deres tjenester.\u00a0<\/span><\/p>\n<h4><span class=\"ez-toc-section\" id=\"P2P_Market\"><\/span><span style=\"font-weight: 400;\">P2P-markedet<\/span><span class=\"ez-toc-section-end\"><\/span><\/h4>\n<p><span style=\"font-weight: 400;\">En anden metode er at bruge Kucoin's P2P-handelsmarked til at k\u00f8be krypto, men du skal have USDT p\u00e5 din konto for at bruge \"fast buy\" P2P-markedet, s\u00e5 det er ikke den hurtigste l\u00f8sning for begyndere.<\/span><\/p>","protected":false},"excerpt":{"rendered":"<p>S\u00e5dan k\u00f8ber du Dogecoin p\u00e5 Kucoin Dogecoin er en ber\u00f8mt meme coin, du kan k\u00f8be p\u00e5 mange b\u00f8rser, inklusive Kucoin. DOGE er ret billig og nem at handle med. Hvis du gerne vil k\u00f8be Dogecoin p\u00e5 Kucoin-b\u00f8rsen, men ikke ved, hvor du skal starte, har vi noget til dig. Her er en trin-for-trin oversigt over, hvordan [...]<\/p>","protected":false},"author":3,"featured_media":3275,"parent":3196,"menu_order":0,"comment_status":"closed","ping_status":"closed","template":"","meta":{"_genesis_hide_title":false,"_genesis_hide_breadcrumbs":false,"_genesis_hide_singular_image":false,"_genesis_hide_footer_widgets":false,"_genesis_custom_body_class":"","_genesis_custom_post_class":"","_genesis_layout":"","_glsr_average":0,"_glsr_ranking":0,"_glsr_reviews":0,"footnotes":""},"class_list":{"0":"post-3268","1":"page","2":"type-page","3":"status-publish","4":"has-post-thumbnail","6":"entry"},"featured_image_src":"https:\/\/coinkickoff.com\/wp-content\/uploads\/kucoin-buy-crypto-one-click-600x400.png","featured_image_src_square":"https:\/\/coinkickoff.com\/wp-content\/uploads\/kucoin-buy-crypto-one-click-600x600.png","_links":{"self":[{"href":"https:\/\/coinkickoff.com\/da\/wp-json\/wp\/v2\/pages\/3268","targetHints":{"allow":["GET"]}}],"collection":[{"href":"https:\/\/coinkickoff.com\/da\/wp-json\/wp\/v2\/pages"}],"about":[{"href":"https:\/\/coinkickoff.com\/da\/wp-json\/wp\/v2\/types\/page"}],"author":[{"embeddable":true,"href":"https:\/\/coinkickoff.com\/da\/wp-json\/wp\/v2\/users\/3"}],"replies":[{"embeddable":true,"href":"https:\/\/coinkickoff.com\/da\/wp-json\/wp\/v2\/comments?post=3268"}],"version-history":[{"count":3,"href":"https:\/\/coinkickoff.com\/da\/wp-json\/wp\/v2\/pages\/3268\/revisions"}],"predecessor-version":[{"id":4495,"href":"https:\/\/coinkickoff.com\/da\/wp-json\/wp\/v2\/pages\/3268\/revisions\/4495"}],"up":[{"embeddable":true,"href":"https:\/\/coinkickoff.com\/da\/wp-json\/wp\/v2\/pages\/3196"}],"wp:featuredmedia":[{"embeddable":true,"href":"https:\/\/coinkickoff.com\/da\/wp-json\/wp\/v2\/media\/3275"}],"wp:attachment":[{"href":"https:\/\/coinkickoff.com\/da\/wp-json\/wp\/v2\/media?parent=3268"}],"curies":[{"name":"wp","href":"https:\/\/api.w.org\/{rel}","templated":true}]}}