{"id":3244,"date":"2026-01-08T14:07:32","date_gmt":"2026-01-08T14:07:32","guid":{"rendered":"https:\/\/coinkickoff.com\/?page_id=3244"},"modified":"2026-01-08T14:07:32","modified_gmt":"2026-01-08T14:07:32","slug":"how-to-buy-dogecoin-on-binance","status":"publish","type":"page","link":"https:\/\/coinkickoff.com\/da\/how-to-buy-dogecoin\/how-to-buy-dogecoin-on-binance\/","title":{"rendered":"S\u00e5dan k\u00f8ber du Dogecoin (DOGE) p\u00e5 Binance"},"content":{"rendered":"<div id=\"ez-toc-container\" class=\"ez-toc-v2_0_80 counter-hierarchy ez-toc-counter ez-toc-transparent ez-toc-container-direction\">\n<div class=\"ez-toc-title-container\">\n<p class=\"ez-toc-title\" style=\"cursor:inherit\">Sektioner<\/p>\n<span class=\"ez-toc-title-toggle\"><a href=\"#\" class=\"ez-toc-pull-right ez-toc-btn ez-toc-btn-xs ez-toc-btn-default ez-toc-toggle\" aria-label=\"Toggle indholdsfortegnelse\"><span class=\"ez-toc-js-icon-con\"><span class=\"\"><span class=\"eztoc-hide\" style=\"display:none;\">Toggle<\/span><span class=\"ez-toc-icon-toggle-span\"><svg style=\"fill: #999;color:#999\" xmlns=\"http:\/\/www.w3.org\/2000\/svg\" class=\"list-377408\" width=\"20px\" height=\"20px\" viewbox=\"0 0 24 24\" fill=\"none\"><path d=\"M6 6H4v2h2V6zm14 0H8v2h12V6zM4 11h2v2H4v-2zm16 0H8v2h12v-2zM4 16h2v2H4v-2zm16 0H8v2h12v-2z\" fill=\"currentColor\"><\/path><\/svg><svg style=\"fill: #999;color:#999\" class=\"arrow-unsorted-368013\" xmlns=\"http:\/\/www.w3.org\/2000\/svg\" width=\"10px\" height=\"10px\" viewbox=\"0 0 24 24\" version=\"1.2\" baseprofile=\"tiny\"><path d=\"M18.2 9.3l-6.2-6.3-6.2 6.3c-.2.2-.3.4-.3.7s.1.5.3.7c.2.2.4.3.7.3h11c.3 0 .5-.1.7-.3.2-.2.3-.5.3-.7s-.1-.5-.3-.7zM5.8 14.7l6.2 6.3 6.2-6.3c.2-.2.3-.5.3-.7s-.1-.5-.3-.7c-.2-.2-.4-.3-.7-.3h-11c-.3 0-.5.1-.7.3-.2.2-.3.5-.3.7s.1.5.3.7z\"\/><\/svg><\/span><\/span><\/span><\/a><\/span><\/div>\n<nav><ul class='ez-toc-list ez-toc-list-level-1 eztoc-toggle-hide-by-default' ><li class='ez-toc-page-1 ez-toc-heading-level-2'><a class=\"ez-toc-link ez-toc-heading-1\" href=\"https:\/\/coinkickoff.com\/da\/how-to-buy-dogecoin\/how-to-buy-dogecoin-on-binance\/#How_to_Buy_Dogecoin_on_Binance\" >S\u00e5dan k\u00f8ber du Dogecoin p\u00e5 Binance<\/a><\/li><li class='ez-toc-page-1 ez-toc-heading-level-2'><a class=\"ez-toc-link ez-toc-heading-2\" href=\"https:\/\/coinkickoff.com\/da\/how-to-buy-dogecoin\/how-to-buy-dogecoin-on-binance\/#A_Step-By-Step_Guide_on_How_to_Buy_Dogecoin_on_Binance\" >En trin-for-trin-guide til, hvordan du k\u00f8ber Dogecoin p\u00e5 Binance<\/a><ul class='ez-toc-list-level-3' ><li class='ez-toc-heading-level-3'><a class=\"ez-toc-link ez-toc-heading-3\" href=\"https:\/\/coinkickoff.com\/da\/how-to-buy-dogecoin\/how-to-buy-dogecoin-on-binance\/#1_Register_an_Account\" >1. Registrer en konto<\/a><\/li><li class='ez-toc-page-1 ez-toc-heading-level-3'><a class=\"ez-toc-link ez-toc-heading-4\" href=\"https:\/\/coinkickoff.com\/da\/how-to-buy-dogecoin\/how-to-buy-dogecoin-on-binance\/#2_Verify_Your_Account\" >2. Bekr\u00e6ft din konto<\/a><\/li><li class='ez-toc-page-1 ez-toc-heading-level-3'><a class=\"ez-toc-link ez-toc-heading-5\" href=\"https:\/\/coinkickoff.com\/da\/how-to-buy-dogecoin\/how-to-buy-dogecoin-on-binance\/#3_Deposit_FundsCrypto\" >3. Indskud af midler\/krypto<\/a><\/li><li class='ez-toc-page-1 ez-toc-heading-level-3'><a class=\"ez-toc-link ez-toc-heading-6\" href=\"https:\/\/coinkickoff.com\/da\/how-to-buy-dogecoin\/how-to-buy-dogecoin-on-binance\/#Once_you_complete_identity_verification_you_can_easily_deposit_funds_to_your_Binance_account_There_are_a_couple_of_different_ways_to_fund_your_account_on_Binance\" >N\u00e5r du har gennemf\u00f8rt identitetsbekr\u00e6ftelsen, kan du nemt inds\u00e6tte penge p\u00e5 din Binance-konto. Der er et par forskellige m\u00e5der at indbetale penge p\u00e5 din konto p\u00e5 Binance.<\/a><\/li><li class='ez-toc-page-1 ez-toc-heading-level-3'><a class=\"ez-toc-link ez-toc-heading-7\" href=\"https:\/\/coinkickoff.com\/da\/how-to-buy-dogecoin\/how-to-buy-dogecoin-on-binance\/#4_Navigate_to_the_Relevant_Screen_to_Buy\" >4. Naviger til den relevante sk\u00e6rm for at k\u00f8be<\/a><\/li><\/ul><\/li><\/ul><\/nav><\/div>\n<h2><span class=\"ez-toc-section\" id=\"How_to_Buy_Dogecoin_on_Binance\"><\/span>S\u00e5dan k\u00f8ber du Dogecoin p\u00e5 Binance<span class=\"ez-toc-section-end\"><\/span><\/h2>\n<p><span style=\"font-weight: 400;\"><a href=\"https:\/\/coinkickoff.com\/da\/dogecoin-doge\/\" data-internallinksmanager029f6b8e52c=\"14\" title=\"Hvad er Dogecoin (DOGE)? Hvordan det virker og hvor kan man k\u00f8be det?\">Dogecoin<\/a> er en ber\u00f8mt kryptovaluta, som du kan handle p\u00e5 alle popul\u00e6re <a href=\"https:\/\/coinkickoff.com\/da\/crypto-exchanges\/\" data-internallinksmanager029f6b8e52c=\"141\" title=\"De 21 bedste kryptovalutab\u00f8rser og apps i 2024\">kryptob\u00f8rser<\/a>. DOGE er mest kendt som en <\/span><i><span style=\"font-weight: 400;\">meme eller joke coin<\/span><\/i><span style=\"font-weight: 400;\">. Grunden hertil er, at aktivet ikke er designet til at overf\u00f8re v\u00e6rdi eller udfylde et markedslomme for en specifik brugssituation. Ikke desto mindre blev aktivet ret popul\u00e6rt p\u00e5 internettet takket v\u00e6re <\/span><a href=\"https:\/\/www.businessinsider.com\/history-elon-musk-love-affair-dogecoin-2022-7\" target=\"_blank\" rel=\"noopener\"><span style=\"font-weight: 400;\">st\u00f8tte fra ber\u00f8mtheder<\/span><\/a><span style=\"font-weight: 400;\">, mest af Elon Musk.<\/span><\/p>\n<p><span style=\"font-weight: 400;\">Hvis du \u00f8nsker at k\u00f8be Dogecoin p\u00e5 den <a href=\"https:\/\/coinkickoff.com\/da\/binance-review\/\" data-internallinksmanager029f6b8e52c=\"152\" title=\"Binance Anmeldelser 2024: Funktioner, gebyrer, sikkerhed, fordele og ulemper\">Binance<\/a> men ikke ved, hvor du skal starte, s\u00e5 har vi styr p\u00e5 det. Her er en trin-for-trin oversigt over, hvordan du k\u00f8ber Dogecoin p\u00e5 Binance.<\/span><\/p>\n<h2><span class=\"ez-toc-section\" id=\"A_Step-By-Step_Guide_on_How_to_Buy_Dogecoin_on_Binance\"><\/span><span style=\"font-weight: 400;\">En trin-for-trin-guide til, hvordan du k\u00f8ber Dogecoin p\u00e5 Binance<\/span><span class=\"ez-toc-section-end\"><\/span><\/h2>\n<h3><span class=\"ez-toc-section\" id=\"1_Register_an_Account\"><\/span><span style=\"font-weight: 400;\">1. Registrer en konto<\/span><span class=\"ez-toc-section-end\"><\/span><\/h3>\n<p><span style=\"font-weight: 400;\">Hvis du ikke allerede har en Binance-konto, er det f\u00f8rste skridt at g\u00e5 til <\/span><a href=\"https:\/\/accounts.binance.com\/register?ref=BLJQ60RW\" target=\"_blank\" rel=\"noopener\"><span style=\"font-weight: 400;\">Binance's officielle hjemmeside<\/span><\/a><span style=\"font-weight: 400;\"> for at registrere en konto.\u00a0<\/span><\/p>\n<p><img loading=\"lazy\" decoding=\"async\" class=\"alignnone wp-image-3245 size-full\" src=\"https:\/\/coinkickoff.com\/wp-content\/uploads\/binance-register.png\" alt=\"k\u00f8be doge p\u00e5 binance register\" width=\"1430\" height=\"798\" srcset=\"https:\/\/coinkickoff.com\/wp-content\/uploads\/binance-register.png 1430w, https:\/\/coinkickoff.com\/wp-content\/uploads\/binance-register-300x167.png 300w, https:\/\/coinkickoff.com\/wp-content\/uploads\/binance-register-1024x571.png 1024w, https:\/\/coinkickoff.com\/wp-content\/uploads\/binance-register-768x429.png 768w, https:\/\/coinkickoff.com\/wp-content\/uploads\/binance-register-18x10.png 18w\" sizes=\"auto, (max-width: 1430px) 100vw, 1430px\" \/><\/p>\n<p><span style=\"font-weight: 400;\">Det er meget nemt at \u00e5bne en Binance-konto: Det eneste, du skal g\u00f8re, er at tilmelde dig med din e-mailadresse eller dit telefonnummer. Binance sender dig en bekr\u00e6ftelseskode, s\u00e5 du kan logge ind p\u00e5 din nye konto.<\/span><\/p>\n<h3><span class=\"ez-toc-section\" id=\"2_Verify_Your_Account\"><\/span><span style=\"font-weight: 400;\">2. Bekr\u00e6ft din konto<\/span><span class=\"ez-toc-section-end\"><\/span><\/h3>\n<p><span style=\"font-weight: 400;\">N\u00e5r du logger ind, vil Binance bede dig om at bekr\u00e6fte din identitet for at kunne begynde at handle p\u00e5 platformen. Du kan ikke indbetale penge p\u00e5 din Binance-konto uden at bekr\u00e6fte din identitet, s\u00e5 dette er et afg\u00f8rende skridt.<\/span><\/p>\n<p><img loading=\"lazy\" decoding=\"async\" class=\"alignnone wp-image-3247 size-full\" src=\"https:\/\/coinkickoff.com\/wp-content\/uploads\/binance-verification-0-e1680852870897.png\" alt=\"binance verifikation \" width=\"1410\" height=\"572\" \/><\/p>\n<p><span style=\"font-weight: 400;\">Hvis du springer over verifikationen ved dit f\u00f8rste login, skal du ikke v\u00e6re bekymret. Binance vil konstant bede dig om at bekr\u00e6fte din identitet, eller du kan blot navigere til profil-afsnittet p\u00e5 instrumentbr\u00e6ttet (profilikonet \u00f8verst til h\u00f8jre).<\/span><\/p>\n<p><img loading=\"lazy\" decoding=\"async\" class=\"alignnone wp-image-3246 size-full\" src=\"https:\/\/coinkickoff.com\/wp-content\/uploads\/binance-verification.png\" alt=\"binance verifikation\" width=\"1239\" height=\"752\" srcset=\"https:\/\/coinkickoff.com\/wp-content\/uploads\/binance-verification.png 1239w, https:\/\/coinkickoff.com\/wp-content\/uploads\/binance-verification-300x182.png 300w, https:\/\/coinkickoff.com\/wp-content\/uploads\/binance-verification-1024x622.png 1024w, https:\/\/coinkickoff.com\/wp-content\/uploads\/binance-verification-768x466.png 768w, https:\/\/coinkickoff.com\/wp-content\/uploads\/binance-verification-18x12.png 18w\" sizes=\"auto, (max-width: 1239px) 100vw, 1239px\" \/><\/p>\n<p><span style=\"font-weight: 400;\">Du skal blot klikke p\u00e5 \"Get Verified\" for at starte verifikationsprocessen.<\/span><\/p>\n<p><span style=\"font-weight: 400;\">P\u00e5 den nye bekr\u00e6ftelsesside skal du v\u00e6lge dit bop\u00e6lsland og din region. Kravene til identitetsbekr\u00e6ftelse varierer fra region til region, s\u00e5 det er vigtigt at v\u00e6lge det rigtige land.<\/span><\/p>\n<p><img loading=\"lazy\" decoding=\"async\" class=\"alignnone wp-image-3248 size-full\" src=\"https:\/\/coinkickoff.com\/wp-content\/uploads\/binance-verification-2.png\" alt=\"\" width=\"563\" height=\"686\" srcset=\"https:\/\/coinkickoff.com\/wp-content\/uploads\/binance-verification-2.png 563w, https:\/\/coinkickoff.com\/wp-content\/uploads\/binance-verification-2-246x300.png 246w, https:\/\/coinkickoff.com\/wp-content\/uploads\/binance-verification-2-10x12.png 10w\" sizes=\"auto, (max-width: 563px) 100vw, 563px\" \/><\/p>\n<p><span style=\"font-weight: 400;\">N\u00e5r du har valgt dit land, kan du indtaste yderligere oplysninger. Binance kr\u00e6ver typisk, at du indtaster dit juridiske navn, din f\u00f8dselsdato og dit land. Du skal ogs\u00e5 indsende et foto-id som f.eks. en side af et pas eller et k\u00f8rekort.<\/span><\/p>\n<h3><span class=\"ez-toc-section\" id=\"3_Deposit_FundsCrypto\"><\/span><span style=\"font-weight: 400;\">3. Indskud af midler\/krypto<\/span><span class=\"ez-toc-section-end\"><\/span><\/h3>\n<h3><img loading=\"lazy\" decoding=\"async\" class=\"alignnone wp-image-3254 size-full\" src=\"https:\/\/coinkickoff.com\/wp-content\/uploads\/binance-deposit-2.png\" alt=\"\" width=\"926\" height=\"796\" srcset=\"https:\/\/coinkickoff.com\/wp-content\/uploads\/binance-deposit-2.png 926w, https:\/\/coinkickoff.com\/wp-content\/uploads\/binance-deposit-2-300x258.png 300w, https:\/\/coinkickoff.com\/wp-content\/uploads\/binance-deposit-2-768x660.png 768w, https:\/\/coinkickoff.com\/wp-content\/uploads\/binance-deposit-2-14x12.png 14w\" sizes=\"auto, (max-width: 926px) 100vw, 926px\" \/><\/h3>\n<h3><span class=\"ez-toc-section\" id=\"Once_you_complete_identity_verification_you_can_easily_deposit_funds_to_your_Binance_account_There_are_a_couple_of_different_ways_to_fund_your_account_on_Binance\"><\/span><span style=\"font-weight: 400;\">N\u00e5r du har gennemf\u00f8rt identitetsbekr\u00e6ftelsen, kan du nemt inds\u00e6tte penge p\u00e5 din Binance-konto. Der er et par forskellige m\u00e5der at indbetale penge p\u00e5 din konto p\u00e5 Binance.<\/span><span class=\"ez-toc-section-end\"><\/span><\/h3>\n<p><span style=\"font-weight: 400;\">Start med at klikke p\u00e5 \"Deposit\" (i \u00f8verste h\u00f8jre hj\u00f8rne). Binance tilbyder dig fire m\u00e5der at modtage penge p\u00e5 din konto p\u00e5.\u00a0<\/span><\/p>\n<p><span style=\"font-weight: 400;\">Hvis du allerede har krypto p\u00e5 en anden wallet, kan du sende dine aktiver til din Binance-wallet ved at v\u00e6lge \"Deposit Crypto\" eller modtage krypto fra andre afsendere ved at v\u00e6lge \"Receive Crypto\".<\/span><\/p>\n<p><span style=\"font-weight: 400;\">Hvis du ikke ejer krypto, kan du k\u00f8be DOGE p\u00e5 Binance ved at tilf\u00f8je penge til din konto eller ved at tilknytte en betalingsmetode som kreditkort, Google Pay eller Apple Pay.<\/span><\/p>\n<p><span style=\"font-weight: 400;\">Hvis du vil indbetale fiatvaluta til din Binance-konto, skal du v\u00e6lge \"Deposit Fiat\". P\u00e5 indbetalingssiden skal du v\u00e6lge din foretrukne valuta og indbetalingsmetode.\u00a0<\/span><\/p>\n<p><img loading=\"lazy\" decoding=\"async\" class=\"alignnone wp-image-3256 size-full\" src=\"https:\/\/coinkickoff.com\/wp-content\/uploads\/binance-fiat-deposit-3.png\" alt=\"\" width=\"1052\" height=\"778\" srcset=\"https:\/\/coinkickoff.com\/wp-content\/uploads\/binance-fiat-deposit-3.png 1052w, https:\/\/coinkickoff.com\/wp-content\/uploads\/binance-fiat-deposit-3-300x222.png 300w, https:\/\/coinkickoff.com\/wp-content\/uploads\/binance-fiat-deposit-3-1024x757.png 1024w, https:\/\/coinkickoff.com\/wp-content\/uploads\/binance-fiat-deposit-3-768x568.png 768w, https:\/\/coinkickoff.com\/wp-content\/uploads\/binance-fiat-deposit-3-16x12.png 16w\" sizes=\"auto, (max-width: 1052px) 100vw, 1052px\" \/><\/p>\n<p><span style=\"font-weight: 400;\">Betalingsmetoderne varierer fra land til land, men de fleste brugere kan nemt inds\u00e6tte penge p\u00e5 deres konti ved hj\u00e6lp af bankoverf\u00f8rsler. Andre muligheder, som PayPal og k\u00f8b med kredit- og betalingskort, kan ogs\u00e5 v\u00e6re tilg\u00e6ngelige, men de er ofte dyrere. For en oversigt over Binance-gebyrer, se vores Binance-gennemgang.<\/span><\/p>\n<p><span style=\"font-weight: 400;\">N\u00e5r du har valgt den betalingsmetode, du vil bruge, skal du klikke p\u00e5 \"Forts\u00e6t\".<\/span><\/p>\n<h3><span class=\"ez-toc-section\" id=\"4_Navigate_to_the_Relevant_Screen_to_Buy\"><\/span><span style=\"font-weight: 400;\">4. Naviger til den relevante sk\u00e6rm for at k\u00f8be<\/span><span class=\"ez-toc-section-end\"><\/span><\/h3>\n<p><span style=\"font-weight: 400;\">Den absolut nemmeste m\u00e5de at k\u00f8be DOGE p\u00e5 Binance p\u00e5 er at g\u00e5 til siden \"K\u00f8b krypto\".\u00a0<\/span><\/p>\n<p><img loading=\"lazy\" decoding=\"async\" class=\"alignnone wp-image-3249 size-full\" src=\"https:\/\/coinkickoff.com\/wp-content\/uploads\/binance-buy-sell-crypto.png\" alt=\"\" width=\"1056\" height=\"642\" srcset=\"https:\/\/coinkickoff.com\/wp-content\/uploads\/binance-buy-sell-crypto.png 1056w, https:\/\/coinkickoff.com\/wp-content\/uploads\/binance-buy-sell-crypto-300x182.png 300w, https:\/\/coinkickoff.com\/wp-content\/uploads\/binance-buy-sell-crypto-1024x623.png 1024w, https:\/\/coinkickoff.com\/wp-content\/uploads\/binance-buy-sell-crypto-768x467.png 768w, https:\/\/coinkickoff.com\/wp-content\/uploads\/binance-buy-sell-crypto-18x12.png 18w\" sizes=\"auto, (max-width: 1056px) 100vw, 1056px\" \/><\/p>\n<p><span style=\"font-weight: 400;\">N\u00e5r du er p\u00e5 siden K\u00f8b\/salg, kan du nemt k\u00f8be eller s\u00e6lge krypto ved at indtaste det bel\u00f8b, du vil bruge, eller det bel\u00f8b, du vil k\u00f8be.<\/span><\/p>\n<p><img loading=\"lazy\" decoding=\"async\" class=\"alignnone wp-image-3250 size-full\" src=\"https:\/\/coinkickoff.com\/wp-content\/uploads\/binance-buy-sell-crypto-2.png\" alt=\"\" width=\"1079\" height=\"634\" srcset=\"https:\/\/coinkickoff.com\/wp-content\/uploads\/binance-buy-sell-crypto-2.png 1079w, https:\/\/coinkickoff.com\/wp-content\/uploads\/binance-buy-sell-crypto-2-300x176.png 300w, https:\/\/coinkickoff.com\/wp-content\/uploads\/binance-buy-sell-crypto-2-1024x602.png 1024w, https:\/\/coinkickoff.com\/wp-content\/uploads\/binance-buy-sell-crypto-2-768x451.png 768w, https:\/\/coinkickoff.com\/wp-content\/uploads\/binance-buy-sell-crypto-2-18x12.png 18w\" sizes=\"auto, (max-width: 1079px) 100vw, 1079px\" \/><\/p>\n<p><span style=\"font-weight: 400;\">N\u00e5r du har indtastet, hvor mange penge du vil bruge, kan du se, hvor meget krypto du vil modtage.<\/span><\/p>\n<p><img loading=\"lazy\" decoding=\"async\" class=\"alignnone wp-image-3252 size-full\" src=\"https:\/\/coinkickoff.com\/wp-content\/uploads\/binance-crypto-buy-sell-5.png\" alt=\"\" width=\"1047\" height=\"640\" srcset=\"https:\/\/coinkickoff.com\/wp-content\/uploads\/binance-crypto-buy-sell-5.png 1047w, https:\/\/coinkickoff.com\/wp-content\/uploads\/binance-crypto-buy-sell-5-300x183.png 300w, https:\/\/coinkickoff.com\/wp-content\/uploads\/binance-crypto-buy-sell-5-1024x626.png 1024w, https:\/\/coinkickoff.com\/wp-content\/uploads\/binance-crypto-buy-sell-5-768x469.png 768w, https:\/\/coinkickoff.com\/wp-content\/uploads\/binance-crypto-buy-sell-5-18x12.png 18w\" sizes=\"auto, (max-width: 1047px) 100vw, 1047px\" \/><\/p>\n<p><span style=\"font-weight: 400;\">Da du \u00f8nsker at k\u00f8be Dogecoin, kan du klikke p\u00e5 <a href=\"https:\/\/coinkickoff.com\/da\/bitcoin-btc\/\" data-internallinksmanager029f6b8e52c=\"1\" title=\"Hvad er Bitcoin (BTC)? Pris, historie og hvor kan man k\u00f8be\">BTC<\/a> symbolet p\u00e5 fanen \"Modtage\". Det \u00e5bner en menu med alle de forskellige aktiver, du kan k\u00f8be. Skriv DOGE p\u00e5 s\u00f8gelinjen i menuen for at finde det nemt.<\/span><\/p>\n<p><img loading=\"lazy\" decoding=\"async\" class=\"alignnone wp-image-3255 size-full\" src=\"https:\/\/coinkickoff.com\/wp-content\/uploads\/BINANCE-DOGE-SELECT.png\" alt=\"\" width=\"1195\" height=\"649\" srcset=\"https:\/\/coinkickoff.com\/wp-content\/uploads\/BINANCE-DOGE-SELECT.png 1195w, https:\/\/coinkickoff.com\/wp-content\/uploads\/BINANCE-DOGE-SELECT-300x163.png 300w, https:\/\/coinkickoff.com\/wp-content\/uploads\/BINANCE-DOGE-SELECT-1024x556.png 1024w, https:\/\/coinkickoff.com\/wp-content\/uploads\/BINANCE-DOGE-SELECT-768x417.png 768w, https:\/\/coinkickoff.com\/wp-content\/uploads\/BINANCE-DOGE-SELECT-18x10.png 18w\" sizes=\"auto, (max-width: 1195px) 100vw, 1195px\" \/><\/p>\n<p><span style=\"font-weight: 400;\">V\u00e6lg det, og siden viser, hvor meget DOGE du kan k\u00f8be for det bel\u00f8b, du vil bruge.<\/span><\/p>\n<p><img loading=\"lazy\" decoding=\"async\" class=\"alignnone wp-image-3261 size-large\" src=\"https:\/\/coinkickoff.com\/wp-content\/uploads\/buy-doge-on-binance-2-1024x573.png\" alt=\"k\u00f8be dogecoin p\u00e5 binance\" width=\"1024\" height=\"573\" srcset=\"https:\/\/coinkickoff.com\/wp-content\/uploads\/buy-doge-on-binance-2-1024x573.png 1024w, https:\/\/coinkickoff.com\/wp-content\/uploads\/buy-doge-on-binance-2-300x168.png 300w, https:\/\/coinkickoff.com\/wp-content\/uploads\/buy-doge-on-binance-2-768x430.png 768w, https:\/\/coinkickoff.com\/wp-content\/uploads\/buy-doge-on-binance-2-18x10.png 18w, https:\/\/coinkickoff.com\/wp-content\/uploads\/buy-doge-on-binance-2.png 1432w\" sizes=\"auto, (max-width: 1024px) 100vw, 1024px\" \/><\/p>\n<p><span style=\"font-weight: 400;\">Til sidst skal du klikke p\u00e5 K\u00d8B DOGE. S\u00e5 let er det at k\u00f8be Dogecoin p\u00e5 Binance.<\/span><\/p>\n<p><span style=\"font-weight: 400;\">Hvis du \u00f8nsker at k\u00f8be Dogecoin eller andre digitale aktiver p\u00e5 forskellige b\u00f8rser, kan du tjekke vores <\/span><a href=\"https:\/\/coinkickoff.com\/da\/crypto-exchanges\/\"><span style=\"font-weight: 400;\">anmeldelser af de bedste 22 kryptovalutab\u00f8rser<\/span><\/a><span style=\"font-weight: 400;\"> og otte andre alternativer.<\/span><\/p>","protected":false},"excerpt":{"rendered":"<p>S\u00e5dan k\u00f8ber du Dogecoin p\u00e5 Binance Dogecoin er en ber\u00f8mt kryptovaluta, som du kan handle p\u00e5 alle popul\u00e6re kryptob\u00f8rser. DOGE er mest kendt som en meme eller joke coin. \u00c5rsagen til dette er, at aktivet ikke var designet til at overf\u00f8re v\u00e6rdi eller udfylde markedshullet for en bestemt brugssag. Ikke desto mindre er aktivet [...]<\/p>","protected":false},"author":3,"featured_media":3261,"parent":3196,"menu_order":0,"comment_status":"closed","ping_status":"closed","template":"","meta":{"_genesis_hide_title":false,"_genesis_hide_breadcrumbs":false,"_genesis_hide_singular_image":false,"_genesis_hide_footer_widgets":false,"_genesis_custom_body_class":"","_genesis_custom_post_class":"","_genesis_layout":"","_glsr_average":0,"_glsr_ranking":0,"_glsr_reviews":0,"footnotes":""},"class_list":{"0":"post-3244","1":"page","2":"type-page","3":"status-publish","4":"has-post-thumbnail","6":"entry"},"featured_image_src":"https:\/\/coinkickoff.com\/wp-content\/uploads\/buy-doge-on-binance-2-600x400.png","featured_image_src_square":"https:\/\/coinkickoff.com\/wp-content\/uploads\/buy-doge-on-binance-2-600x600.png","_links":{"self":[{"href":"https:\/\/coinkickoff.com\/da\/wp-json\/wp\/v2\/pages\/3244","targetHints":{"allow":["GET"]}}],"collection":[{"href":"https:\/\/coinkickoff.com\/da\/wp-json\/wp\/v2\/pages"}],"about":[{"href":"https:\/\/coinkickoff.com\/da\/wp-json\/wp\/v2\/types\/page"}],"author":[{"embeddable":true,"href":"https:\/\/coinkickoff.com\/da\/wp-json\/wp\/v2\/users\/3"}],"replies":[{"embeddable":true,"href":"https:\/\/coinkickoff.com\/da\/wp-json\/wp\/v2\/comments?post=3244"}],"version-history":[{"count":4,"href":"https:\/\/coinkickoff.com\/da\/wp-json\/wp\/v2\/pages\/3244\/revisions"}],"predecessor-version":[{"id":4487,"href":"https:\/\/coinkickoff.com\/da\/wp-json\/wp\/v2\/pages\/3244\/revisions\/4487"}],"up":[{"embeddable":true,"href":"https:\/\/coinkickoff.com\/da\/wp-json\/wp\/v2\/pages\/3196"}],"wp:featuredmedia":[{"embeddable":true,"href":"https:\/\/coinkickoff.com\/da\/wp-json\/wp\/v2\/media\/3261"}],"wp:attachment":[{"href":"https:\/\/coinkickoff.com\/da\/wp-json\/wp\/v2\/media?parent=3244"}],"curies":[{"name":"wp","href":"https:\/\/api.w.org\/{rel}","templated":true}]}}