{"id":3203,"date":"2026-01-08T14:07:32","date_gmt":"2026-01-08T14:07:32","guid":{"rendered":"https:\/\/coinkickoff.com\/?page_id=3203"},"modified":"2026-01-08T14:07:32","modified_gmt":"2026-01-08T14:07:32","slug":"how-to-buy-dogecoin-on-bybit","status":"publish","type":"page","link":"https:\/\/coinkickoff.com\/da\/how-to-buy-dogecoin\/how-to-buy-dogecoin-on-bybit\/","title":{"rendered":"S\u00e5dan k\u00f8ber du Dogecoin (DOGE) p\u00e5 Bybit"},"content":{"rendered":"<div id=\"ez-toc-container\" class=\"ez-toc-v2_0_80 counter-hierarchy ez-toc-counter ez-toc-transparent ez-toc-container-direction\">\n<div class=\"ez-toc-title-container\">\n<p class=\"ez-toc-title\" style=\"cursor:inherit\">Sektioner<\/p>\n<span class=\"ez-toc-title-toggle\"><a href=\"#\" class=\"ez-toc-pull-right ez-toc-btn ez-toc-btn-xs ez-toc-btn-default ez-toc-toggle\" aria-label=\"Toggle indholdsfortegnelse\"><span class=\"ez-toc-js-icon-con\"><span class=\"\"><span class=\"eztoc-hide\" style=\"display:none;\">Toggle<\/span><span class=\"ez-toc-icon-toggle-span\"><svg style=\"fill: #999;color:#999\" xmlns=\"http:\/\/www.w3.org\/2000\/svg\" class=\"list-377408\" width=\"20px\" height=\"20px\" viewbox=\"0 0 24 24\" fill=\"none\"><path d=\"M6 6H4v2h2V6zm14 0H8v2h12V6zM4 11h2v2H4v-2zm16 0H8v2h12v-2zM4 16h2v2H4v-2zm16 0H8v2h12v-2z\" fill=\"currentColor\"><\/path><\/svg><svg style=\"fill: #999;color:#999\" class=\"arrow-unsorted-368013\" xmlns=\"http:\/\/www.w3.org\/2000\/svg\" width=\"10px\" height=\"10px\" viewbox=\"0 0 24 24\" version=\"1.2\" baseprofile=\"tiny\"><path d=\"M18.2 9.3l-6.2-6.3-6.2 6.3c-.2.2-.3.4-.3.7s.1.5.3.7c.2.2.4.3.7.3h11c.3 0 .5-.1.7-.3.2-.2.3-.5.3-.7s-.1-.5-.3-.7zM5.8 14.7l6.2 6.3 6.2-6.3c.2-.2.3-.5.3-.7s-.1-.5-.3-.7c-.2-.2-.4-.3-.7-.3h-11c-.3 0-.5.1-.7.3-.2.2-.3.5-.3.7s.1.5.3.7z\"\/><\/svg><\/span><\/span><\/span><\/a><\/span><\/div>\n<nav><ul class='ez-toc-list ez-toc-list-level-1 eztoc-toggle-hide-by-default' ><li class='ez-toc-page-1 ez-toc-heading-level-2'><a class=\"ez-toc-link ez-toc-heading-1\" href=\"https:\/\/coinkickoff.com\/da\/how-to-buy-dogecoin\/how-to-buy-dogecoin-on-bybit\/#How_to_Buy_Dogecoin_on_Bybit\" >S\u00e5dan k\u00f8ber du Dogecoin p\u00e5 Bybit<\/a><\/li><li class='ez-toc-page-1 ez-toc-heading-level-2'><a class=\"ez-toc-link ez-toc-heading-2\" href=\"https:\/\/coinkickoff.com\/da\/how-to-buy-dogecoin\/how-to-buy-dogecoin-on-bybit\/#A_Step-By-Step_Guide_on_How_to_Buy_Dogecoin_on_Bybit\" >En trin-for-trin-guide til, hvordan du k\u00f8ber Dogecoin p\u00e5 Bybit<\/a><ul class='ez-toc-list-level-3' ><li class='ez-toc-heading-level-3'><a class=\"ez-toc-link ez-toc-heading-3\" href=\"https:\/\/coinkickoff.com\/da\/how-to-buy-dogecoin\/how-to-buy-dogecoin-on-bybit\/#1_Register_an_Account\" >1. Registrer en konto<\/a><\/li><li class='ez-toc-page-1 ez-toc-heading-level-3'><a class=\"ez-toc-link ez-toc-heading-4\" href=\"https:\/\/coinkickoff.com\/da\/how-to-buy-dogecoin\/how-to-buy-dogecoin-on-bybit\/#2_Verify_Your_Account\" >2. Bekr\u00e6ft din konto<\/a><\/li><li class='ez-toc-page-1 ez-toc-heading-level-3'><a class=\"ez-toc-link ez-toc-heading-5\" href=\"https:\/\/coinkickoff.com\/da\/how-to-buy-dogecoin\/how-to-buy-dogecoin-on-bybit\/#3_Deposit_FundsCrypto\" >3. Indskud af midler\/krypto<\/a><\/li><li class='ez-toc-page-1 ez-toc-heading-level-3'><a class=\"ez-toc-link ez-toc-heading-6\" href=\"https:\/\/coinkickoff.com\/da\/how-to-buy-dogecoin\/how-to-buy-dogecoin-on-bybit\/#4_Navigate_to_the_Relevant_Screen_to_Buy\" >4. Naviger til den relevante sk\u00e6rm for at k\u00f8be<\/a><\/li><\/ul><\/li><\/ul><\/nav><\/div>\n<h2><span class=\"ez-toc-section\" id=\"How_to_Buy_Dogecoin_on_Bybit\"><\/span><span style=\"font-weight: 400;\">S\u00e5dan k\u00f8ber du Dogecoin p\u00e5 Bybit<\/span><span class=\"ez-toc-section-end\"><\/span><\/h2>\n<p><span style=\"font-weight: 400;\">Mens <a href=\"https:\/\/coinkickoff.com\/da\/dogecoin-doge\/\" data-internallinksmanager029f6b8e52c=\"14\" title=\"Hvad er Dogecoin (DOGE)? Hvordan det virker og hvor kan man k\u00f8be det?\">Dogecoin<\/a> ikke er et meget stabilt eller s\u00e6rligt nyttigt digitalt aktiv, men det er ret ber\u00f8mt p\u00e5 grund af sin sjove meme-agtige karakter. Det er ogs\u00e5 ret nemt at k\u00f8be, da du kan finde det p\u00e5 stort set alle b\u00f8rser.\u00a0<\/span><\/p>\n<p><span style=\"font-weight: 400;\">DOGE-udbuddet er stort set uendeligt, s\u00e5 du kan k\u00f8be det billigt, men du skal vide, at det ikke rigtig har noget anvendelsesomr\u00e5de.<\/span><\/p>\n<p><span style=\"font-weight: 400;\">I denne artikel forklarer vi, hvordan du kan k\u00f8be Dogecoin p\u00e5 <a href=\"https:\/\/coinkickoff.com\/da\/bybit-review\/\">Bybit<\/a> trin-for-trin. S\u00e5 er vi i gang.<\/span><\/p>\n<h2><span class=\"ez-toc-section\" id=\"A_Step-By-Step_Guide_on_How_to_Buy_Dogecoin_on_Bybit\"><\/span><span style=\"font-weight: 400;\">En trin-for-trin-guide til, hvordan du k\u00f8ber Dogecoin p\u00e5 Bybit<\/span><span class=\"ez-toc-section-end\"><\/span><\/h2>\n<h3><span class=\"ez-toc-section\" id=\"1_Register_an_Account\"><\/span><span style=\"font-weight: 400;\">1. Registrer en konto<\/span><span class=\"ez-toc-section-end\"><\/span><\/h3>\n<p><span style=\"font-weight: 400;\">F\u00f8lg dette link for at g\u00e5 til <\/span><a href=\"https:\/\/www.bybit.com\/en-US\/register?irclickid=zLJWgJTKIxyNWiW0o%3AzEUxRnUkAWQmSxHzEAWw0&amp;irgwc=1&amp;srcexid=469064&amp;utmsource=impact&amp;srcplatform=1&amp;Sharedid=\" target=\"_blank\" rel=\"noopener\"><span style=\"font-weight: 400;\">Bybits officielle websted<\/span><\/a><span style=\"font-weight: 400;\"> og klik p\u00e5 \"Tilmeld dig\" for at registrere en konto.\u00a0<\/span><\/p>\n<p><img loading=\"lazy\" decoding=\"async\" class=\"alignnone wp-image-3213 size-full\" src=\"https:\/\/coinkickoff.com\/wp-content\/uploads\/bybit-create-account.png\" alt=\"hvordan man k\u00f8ber dogecoin p\u00e5 bybit oprette konto\" width=\"1437\" height=\"723\" srcset=\"https:\/\/coinkickoff.com\/wp-content\/uploads\/bybit-create-account.png 1437w, https:\/\/coinkickoff.com\/wp-content\/uploads\/bybit-create-account-300x151.png 300w, https:\/\/coinkickoff.com\/wp-content\/uploads\/bybit-create-account-1024x515.png 1024w, https:\/\/coinkickoff.com\/wp-content\/uploads\/bybit-create-account-768x386.png 768w, https:\/\/coinkickoff.com\/wp-content\/uploads\/bybit-create-account-18x9.png 18w\" sizes=\"auto, (max-width: 1437px) 100vw, 1437px\" \/><\/p>\n<p><span style=\"font-weight: 400;\">\u00c5bning af en <a href=\"https:\/\/coinkickoff.com\/da\/bybit-review\/\" data-internallinksmanager029f6b8e52c=\"157\" title=\"Bybit Anmeldelser 2024: Funktioner, gebyrer, sikkerhed, fordele og ulemper\">Bybit<\/a> konto er meget nemt: Du kan tilmelde dig med din e-mail eller dit telefonnummer. Du kan ogs\u00e5 tilmelde dig med dit Google- eller Apple-id.\u00a0<\/span><\/p>\n<h3><span class=\"ez-toc-section\" id=\"2_Verify_Your_Account\"><\/span><span style=\"font-weight: 400;\">2. Bekr\u00e6ft din konto<\/span><span class=\"ez-toc-section-end\"><\/span><\/h3>\n<p><span style=\"font-weight: 400;\">Strengt taget beh\u00f8ver du ikke at gennemf\u00f8re en ID-verifikation for at handle p\u00e5 Bybit. Platformen giver dig mulighed for at handle og h\u00e6ve digitale aktiver uden verifikation.\u00a0<\/span><\/p>\n<p><span style=\"font-weight: 400;\">Det betyder, at du kan springe verifikationstrinnet over, hvis du allerede ejer digitale aktiver. Det eneste du skal g\u00f8re er at sende nogle af dine aktiver til din Bybit-konto, og du kan bruge dem til at k\u00f8be DOGE p\u00e5 platformen.<\/span><\/p>\n<p><img loading=\"lazy\" decoding=\"async\" class=\"alignnone wp-image-3215 size-full\" src=\"https:\/\/coinkickoff.com\/wp-content\/uploads\/bybit-crypto-deposit.png\" alt=\"\" width=\"1372\" height=\"659\" srcset=\"https:\/\/coinkickoff.com\/wp-content\/uploads\/bybit-crypto-deposit.png 1372w, https:\/\/coinkickoff.com\/wp-content\/uploads\/bybit-crypto-deposit-300x144.png 300w, https:\/\/coinkickoff.com\/wp-content\/uploads\/bybit-crypto-deposit-1024x492.png 1024w, https:\/\/coinkickoff.com\/wp-content\/uploads\/bybit-crypto-deposit-768x369.png 768w, https:\/\/coinkickoff.com\/wp-content\/uploads\/bybit-crypto-deposit-18x9.png 18w\" sizes=\"auto, (max-width: 1372px) 100vw, 1372px\" \/><\/p>\n<p><span style=\"font-weight: 400;\">Men hvis du ikke ejer nogen krypto, skal du indbetale penge til din Bybit-konto for at begynde at handle. Det betyder, at du ogs\u00e5 skal gennemf\u00f8re en ID-verifikation.\u00a0<\/span><\/p>\n<p><span style=\"font-weight: 400;\">For at starte bekr\u00e6ftelsesprocessen skal du v\u00e6lge \"Profil\" p\u00e5 instrumentbr\u00e6ttet (\u00f8verst til h\u00f8jre). P\u00e5 din profilside skal du klikke p\u00e5 \"Identitetsbekr\u00e6ftelse\".<\/span><\/p>\n<p><img loading=\"lazy\" decoding=\"async\" class=\"alignnone wp-image-3214 size-full\" src=\"https:\/\/coinkickoff.com\/wp-content\/uploads\/bybit-dashboard.png\" alt=\"\" width=\"1416\" height=\"232\" srcset=\"https:\/\/coinkickoff.com\/wp-content\/uploads\/bybit-dashboard.png 1416w, https:\/\/coinkickoff.com\/wp-content\/uploads\/bybit-dashboard-300x49.png 300w, https:\/\/coinkickoff.com\/wp-content\/uploads\/bybit-dashboard-1024x168.png 1024w, https:\/\/coinkickoff.com\/wp-content\/uploads\/bybit-dashboard-768x126.png 768w, https:\/\/coinkickoff.com\/wp-content\/uploads\/bybit-dashboard-18x3.png 18w\" sizes=\"auto, (max-width: 1416px) 100vw, 1416px\" \/><\/p>\n<p><span style=\"font-weight: 400;\">Du skal blot klikke p\u00e5 \"Verify Now\" for at starte bekr\u00e6ftelsesprocessen.<\/span><\/p>\n<p><img loading=\"lazy\" decoding=\"async\" class=\"alignnone wp-image-3212 size-full\" src=\"https:\/\/coinkickoff.com\/wp-content\/uploads\/bybit-identity-verification.png\" alt=\"bybit identitetsbekr\u00e6ftelse\" width=\"1432\" height=\"792\" srcset=\"https:\/\/coinkickoff.com\/wp-content\/uploads\/bybit-identity-verification.png 1432w, https:\/\/coinkickoff.com\/wp-content\/uploads\/bybit-identity-verification-300x166.png 300w, https:\/\/coinkickoff.com\/wp-content\/uploads\/bybit-identity-verification-1024x566.png 1024w, https:\/\/coinkickoff.com\/wp-content\/uploads\/bybit-identity-verification-768x425.png 768w, https:\/\/coinkickoff.com\/wp-content\/uploads\/bybit-identity-verification-18x10.png 18w\" sizes=\"auto, (max-width: 1432px) 100vw, 1432px\" \/><\/p>\n<p><span style=\"font-weight: 400;\">Du skal uploade et gyldigt billedlegitimationskort udstedt af en offentlig myndighed og et selfie for at best\u00e5 ID-kontrollen.<\/span><\/p>\n<h3><span class=\"ez-toc-section\" id=\"3_Deposit_FundsCrypto\"><\/span><span style=\"font-weight: 400;\">3. Indskud af midler\/krypto<\/span><span class=\"ez-toc-section-end\"><\/span><\/h3>\n<p><span style=\"font-weight: 400;\">N\u00e5r du har gennemf\u00f8rt identitetsbekr\u00e6ftelsen, kan du indbetale fiatvaluta til din Bybit-konto. P\u00e5 instrumentbr\u00e6ttet skal du klikke p\u00e5 \"Buy Crypto\" og v\u00e6lge \"Fiat Deposit\" fra drop-down-menuen.<\/span><\/p>\n<p><img loading=\"lazy\" decoding=\"async\" class=\"alignnone wp-image-3208 size-full\" src=\"https:\/\/coinkickoff.com\/wp-content\/uploads\/bybit-fiat-deposit.png\" alt=\"bybit fiat indskud\" width=\"1432\" height=\"630\" srcset=\"https:\/\/coinkickoff.com\/wp-content\/uploads\/bybit-fiat-deposit.png 1432w, https:\/\/coinkickoff.com\/wp-content\/uploads\/bybit-fiat-deposit-300x132.png 300w, https:\/\/coinkickoff.com\/wp-content\/uploads\/bybit-fiat-deposit-1024x451.png 1024w, https:\/\/coinkickoff.com\/wp-content\/uploads\/bybit-fiat-deposit-768x338.png 768w, https:\/\/coinkickoff.com\/wp-content\/uploads\/bybit-fiat-deposit-18x8.png 18w\" sizes=\"auto, (max-width: 1432px) 100vw, 1432px\" \/><\/p>\n<p><span style=\"font-weight: 400;\">P\u00e5 indbetalingssiden skal du v\u00e6lge din foretrukne valuta, angive hvor meget du vil indbetale, og v\u00e6lge en indbetalingsmetode. Indbetalingsmetoderne varierer efter fiatvaluta, selvom Advcash er tilg\u00e6ngelig for en r\u00e6kke fiatmuligheder.<\/span><\/p>\n<p><img loading=\"lazy\" decoding=\"async\" class=\"alignnone wp-image-3209 size-full\" src=\"https:\/\/coinkickoff.com\/wp-content\/uploads\/bybitfiatdeposit2.png\" alt=\"bybit fiat indskud\" width=\"1418\" height=\"783\" srcset=\"https:\/\/coinkickoff.com\/wp-content\/uploads\/bybitfiatdeposit2.png 1418w, https:\/\/coinkickoff.com\/wp-content\/uploads\/bybitfiatdeposit2-300x166.png 300w, https:\/\/coinkickoff.com\/wp-content\/uploads\/bybitfiatdeposit2-1024x565.png 1024w, https:\/\/coinkickoff.com\/wp-content\/uploads\/bybitfiatdeposit2-768x424.png 768w, https:\/\/coinkickoff.com\/wp-content\/uploads\/bybitfiatdeposit2-18x10.png 18w\" sizes=\"auto, (max-width: 1418px) 100vw, 1418px\" \/><\/p>\n<p><span style=\"font-weight: 400;\">N\u00e5r du har valgt betalingsmetode, skal du acceptere \"vilk\u00e5r og tjenester\" og klikke p\u00e5 forts\u00e6t.<\/span><\/p>\n<h3><span class=\"ez-toc-section\" id=\"4_Navigate_to_the_Relevant_Screen_to_Buy\"><\/span><span style=\"font-weight: 400;\">4. Naviger til den relevante sk\u00e6rm for at k\u00f8be<\/span><span class=\"ez-toc-section-end\"><\/span><\/h3>\n<p><span style=\"font-weight: 400;\">N\u00e5r du har indbetalt penge p\u00e5 din Bybit-konto, er det super enkelt at k\u00f8be DOGE. P\u00e5 Dashboardet skal du klikke p\u00e5 \"Buy Crypto\" og v\u00e6lge \"One-Click Buy\". Det f\u00f8rer dig til den nemme k\u00f8b\/salg-side.<\/span><\/p>\n<p><img loading=\"lazy\" decoding=\"async\" class=\"alignnone wp-image-3211 size-full\" src=\"https:\/\/coinkickoff.com\/wp-content\/uploads\/bybit-one-click-buy-2.png\" alt=\"bybit et klik k\u00f8b 2\" width=\"1433\" height=\"795\" srcset=\"https:\/\/coinkickoff.com\/wp-content\/uploads\/bybit-one-click-buy-2.png 1433w, https:\/\/coinkickoff.com\/wp-content\/uploads\/bybit-one-click-buy-2-300x166.png 300w, https:\/\/coinkickoff.com\/wp-content\/uploads\/bybit-one-click-buy-2-1024x568.png 1024w, https:\/\/coinkickoff.com\/wp-content\/uploads\/bybit-one-click-buy-2-768x426.png 768w, https:\/\/coinkickoff.com\/wp-content\/uploads\/bybit-one-click-buy-2-18x10.png 18w\" sizes=\"auto, (max-width: 1433px) 100vw, 1433px\" \/><\/p>\n<p><span style=\"font-weight: 400;\"><img loading=\"lazy\" decoding=\"async\" class=\"alignnone wp-image-3210 size-full\" src=\"https:\/\/coinkickoff.com\/wp-content\/uploads\/oneclickbuy-bybit-1.png\" alt=\"k\u00f8b med et klik bybit\" width=\"1429\" height=\"792\" srcset=\"https:\/\/coinkickoff.com\/wp-content\/uploads\/oneclickbuy-bybit-1.png 1429w, https:\/\/coinkickoff.com\/wp-content\/uploads\/oneclickbuy-bybit-1-300x166.png 300w, https:\/\/coinkickoff.com\/wp-content\/uploads\/oneclickbuy-bybit-1-1024x568.png 1024w, https:\/\/coinkickoff.com\/wp-content\/uploads\/oneclickbuy-bybit-1-768x426.png 768w, https:\/\/coinkickoff.com\/wp-content\/uploads\/oneclickbuy-bybit-1-18x10.png 18w\" sizes=\"auto, (max-width: 1429px) 100vw, 1429px\" \/>P\u00e5 siden K\u00f8b\/salg skal du v\u00e6lge den kryptovaluta, du vil k\u00f8be, og indtaste det bel\u00f8b, du vil bruge. Beregneren vil automatisk vise, hvor meget DOGE du vil modtage i bytte for dine dollars.<\/span><\/p>\n<p><span style=\"font-weight: 400;\">Endelig skal du v\u00e6lge betalingsmetode som fiat-saldo og klikke p\u00e5 \"Buy With USD\".<\/span><\/p>\n<p><span style=\"font-weight: 400;\">Tillykke med det!<\/span><\/p>\n<p>Hvis du \u00f8nsker at k\u00f8be Dogecoin eller andre digitale aktiver p\u00e5 forskellige b\u00f8rser, kan du tjekke vores\u00a0<a href=\"https:\/\/coinkickoff.com\/da\/crypto-exchanges\/\">anmeldelser af de bedste 22 kryptovalutab\u00f8rser<\/a>\u00a0og otte andre alternativer.<\/p>","protected":false},"excerpt":{"rendered":"<p>S\u00e5dan k\u00f8ber du Dogecoin p\u00e5 Bybit Selvom Dogecoin ikke er et meget stabilt eller s\u00e6rligt nyttigt digitalt aktiv, er det ret ber\u00f8mt p\u00e5 grund af dets sjove meme-lignende natur. Det er ogs\u00e5 ret nemt at k\u00f8be, da du kan finde det p\u00e5 stort set alle b\u00f8rser.  Udbuddet af DOGE er stort set uendeligt, s\u00e5 du kan k\u00f8be den for [...].<\/p>","protected":false},"author":3,"featured_media":1199,"parent":3196,"menu_order":0,"comment_status":"closed","ping_status":"closed","template":"","meta":{"_genesis_hide_title":false,"_genesis_hide_breadcrumbs":false,"_genesis_hide_singular_image":false,"_genesis_hide_footer_widgets":false,"_genesis_custom_body_class":"","_genesis_custom_post_class":"","_genesis_layout":"","_glsr_average":0,"_glsr_ranking":0,"_glsr_reviews":0,"footnotes":""},"class_list":{"0":"post-3203","1":"page","2":"type-page","3":"status-publish","4":"has-post-thumbnail","6":"entry"},"featured_image_src":"https:\/\/coinkickoff.com\/wp-content\/uploads\/bybit-homepage-600x400.png","featured_image_src_square":"https:\/\/coinkickoff.com\/wp-content\/uploads\/bybit-homepage-600x600.png","_links":{"self":[{"href":"https:\/\/coinkickoff.com\/da\/wp-json\/wp\/v2\/pages\/3203","targetHints":{"allow":["GET"]}}],"collection":[{"href":"https:\/\/coinkickoff.com\/da\/wp-json\/wp\/v2\/pages"}],"about":[{"href":"https:\/\/coinkickoff.com\/da\/wp-json\/wp\/v2\/types\/page"}],"author":[{"embeddable":true,"href":"https:\/\/coinkickoff.com\/da\/wp-json\/wp\/v2\/users\/3"}],"replies":[{"embeddable":true,"href":"https:\/\/coinkickoff.com\/da\/wp-json\/wp\/v2\/comments?post=3203"}],"version-history":[{"count":5,"href":"https:\/\/coinkickoff.com\/da\/wp-json\/wp\/v2\/pages\/3203\/revisions"}],"predecessor-version":[{"id":4490,"href":"https:\/\/coinkickoff.com\/da\/wp-json\/wp\/v2\/pages\/3203\/revisions\/4490"}],"up":[{"embeddable":true,"href":"https:\/\/coinkickoff.com\/da\/wp-json\/wp\/v2\/pages\/3196"}],"wp:featuredmedia":[{"embeddable":true,"href":"https:\/\/coinkickoff.com\/da\/wp-json\/wp\/v2\/media\/1199"}],"wp:attachment":[{"href":"https:\/\/coinkickoff.com\/da\/wp-json\/wp\/v2\/media?parent=3203"}],"curies":[{"name":"wp","href":"https:\/\/api.w.org\/{rel}","templated":true}]}}