{"id":3196,"date":"2026-01-08T14:07:36","date_gmt":"2026-01-08T14:07:36","guid":{"rendered":"https:\/\/coinkickoff.com\/?page_id=3196"},"modified":"2026-01-08T14:07:36","modified_gmt":"2026-01-08T14:07:36","slug":"how-to-buy-dogecoin","status":"publish","type":"page","link":"https:\/\/coinkickoff.com\/da\/how-to-buy-dogecoin\/","title":{"rendered":"S\u00e5dan k\u00f8ber du Dogecoin (DOGE)"},"content":{"rendered":"<p><span style=\"font-weight: 400;\"><img loading=\"lazy\" decoding=\"async\" class=\"aligncenter wp-image-155 size-full\" src=\"https:\/\/coinkickoff.com\/wp-content\/uploads\/2022\/06\/Dogecoin-DOGE.jpg\" alt=\"hvordan man k\u00f8ber dogecoin\" width=\"1000\" height=\"800\" srcset=\"https:\/\/coinkickoff.com\/wp-content\/uploads\/2022\/06\/Dogecoin-DOGE.jpg 1000w, https:\/\/coinkickoff.com\/wp-content\/uploads\/2022\/06\/Dogecoin-DOGE-300x240.jpg 300w, https:\/\/coinkickoff.com\/wp-content\/uploads\/2022\/06\/Dogecoin-DOGE-768x614.jpg 768w, https:\/\/coinkickoff.com\/wp-content\/uploads\/2022\/06\/Dogecoin-DOGE-15x12.jpg 15w\" sizes=\"auto, (max-width: 1000px) 100vw, 1000px\" \/>Hvis du \u00f8nsker at k\u00f8be <a href=\"https:\/\/coinkickoff.com\/da\/dogecoin-doge\/\" data-internallinksmanager029f6b8e52c=\"14\" title=\"Hvad er Dogecoin (DOGE)? Hvordan det virker og hvor kan man k\u00f8be det?\">Dogecoin<\/a> og ikke ved, hvor du skal starte, er du kommet til det rette sted. Vi viser dig, hvordan og hvor du kan k\u00f8be DOGE med trin-for-trin instruktioner.<\/span><\/p>\n<div id=\"ez-toc-container\" class=\"ez-toc-v2_0_80 counter-hierarchy ez-toc-counter ez-toc-transparent ez-toc-container-direction\">\n<div class=\"ez-toc-title-container\">\n<p class=\"ez-toc-title\" style=\"cursor:inherit\">Sektioner<\/p>\n<span class=\"ez-toc-title-toggle\"><a href=\"#\" class=\"ez-toc-pull-right ez-toc-btn ez-toc-btn-xs ez-toc-btn-default ez-toc-toggle\" aria-label=\"Toggle indholdsfortegnelse\"><span class=\"ez-toc-js-icon-con\"><span class=\"\"><span class=\"eztoc-hide\" style=\"display:none;\">Toggle<\/span><span class=\"ez-toc-icon-toggle-span\"><svg style=\"fill: #999;color:#999\" xmlns=\"http:\/\/www.w3.org\/2000\/svg\" class=\"list-377408\" width=\"20px\" height=\"20px\" viewbox=\"0 0 24 24\" fill=\"none\"><path d=\"M6 6H4v2h2V6zm14 0H8v2h12V6zM4 11h2v2H4v-2zm16 0H8v2h12v-2zM4 16h2v2H4v-2zm16 0H8v2h12v-2z\" fill=\"currentColor\"><\/path><\/svg><svg style=\"fill: #999;color:#999\" class=\"arrow-unsorted-368013\" xmlns=\"http:\/\/www.w3.org\/2000\/svg\" width=\"10px\" height=\"10px\" viewbox=\"0 0 24 24\" version=\"1.2\" baseprofile=\"tiny\"><path d=\"M18.2 9.3l-6.2-6.3-6.2 6.3c-.2.2-.3.4-.3.7s.1.5.3.7c.2.2.4.3.7.3h11c.3 0 .5-.1.7-.3.2-.2.3-.5.3-.7s-.1-.5-.3-.7zM5.8 14.7l6.2 6.3 6.2-6.3c.2-.2.3-.5.3-.7s-.1-.5-.3-.7c-.2-.2-.4-.3-.7-.3h-11c-.3 0-.5.1-.7.3-.2.2-.3.5-.3.7s.1.5.3.7z\"\/><\/svg><\/span><\/span><\/span><\/a><\/span><\/div>\n<nav><ul class='ez-toc-list ez-toc-list-level-1 eztoc-toggle-hide-by-default' ><li class='ez-toc-page-1 ez-toc-heading-level-2'><a class=\"ez-toc-link ez-toc-heading-1\" href=\"https:\/\/coinkickoff.com\/da\/how-to-buy-dogecoin\/#What_Is_Dogecoin\" >Hvad er Dogecoin?<\/a><\/li><li class='ez-toc-page-1 ez-toc-heading-level-2'><a class=\"ez-toc-link ez-toc-heading-2\" href=\"https:\/\/coinkickoff.com\/da\/how-to-buy-dogecoin\/#Where_Can_I_Buy_Dogecoin\" >Hvor kan jeg k\u00f8be Dogecoin?<\/a><\/li><li class='ez-toc-page-1 ez-toc-heading-level-2'><a class=\"ez-toc-link ez-toc-heading-3\" href=\"https:\/\/coinkickoff.com\/da\/how-to-buy-dogecoin\/#How_to_Buy_Dogecoin\" >S\u00e5dan k\u00f8ber du Dogecoin<\/a><ul class='ez-toc-list-level-3' ><li class='ez-toc-heading-level-3'><a class=\"ez-toc-link ez-toc-heading-4\" href=\"https:\/\/coinkickoff.com\/da\/how-to-buy-dogecoin\/#Choose_Your_Exchange\" >V\u00e6lg din udveksling<\/a><\/li><li class='ez-toc-page-1 ez-toc-heading-level-3'><a class=\"ez-toc-link ez-toc-heading-5\" href=\"https:\/\/coinkickoff.com\/da\/how-to-buy-dogecoin\/#Buy_DOGE\" >K\u00f8b DOGE<\/a><\/li><li class='ez-toc-page-1 ez-toc-heading-level-3'><a class=\"ez-toc-link ez-toc-heading-6\" href=\"https:\/\/coinkickoff.com\/da\/how-to-buy-dogecoin\/#Store_Your_DOGE\" >Opbevar din DOGE<\/a><ul class='ez-toc-list-level-4' ><li class='ez-toc-heading-level-4'><a class=\"ez-toc-link ez-toc-heading-7\" href=\"https:\/\/coinkickoff.com\/da\/how-to-buy-dogecoin\/#Exchange_Wallet\" >Byttepung<\/a><\/li><li class='ez-toc-page-1 ez-toc-heading-level-4'><a class=\"ez-toc-link ez-toc-heading-8\" href=\"https:\/\/coinkickoff.com\/da\/how-to-buy-dogecoin\/#Self-Custody_Hot_Wallets\" >Varme tegneb\u00f8ger til selvforvaring<\/a><\/li><li class='ez-toc-page-1 ez-toc-heading-level-4'><a class=\"ez-toc-link ez-toc-heading-9\" href=\"https:\/\/coinkickoff.com\/da\/how-to-buy-dogecoin\/#Cold_Wallets\" >Kolde tegneb\u00f8ger<\/a><\/li><\/ul><\/li><\/ul><\/li><\/ul><\/nav><\/div>\n<h2><span class=\"ez-toc-section\" id=\"What_Is_Dogecoin\"><\/span><span style=\"font-weight: 400;\">Hvad er Dogecoin?<\/span><span class=\"ez-toc-section-end\"><\/span><\/h2>\n<p><span style=\"font-weight: 400;\">Du har m\u00e5ske h\u00f8rt folk tale om <\/span><a href=\"https:\/\/coinkickoff.com\/da\/dogecoin-doge\/\"><span style=\"font-weight: 400;\">Dogecoin<\/span><\/a><span style=\"font-weight: 400;\"> som et meme coin. Det er sandt: Dogecoin's grundl\u00e6ggere, Billy Marcus og Jackson Palmer, blev inspireret af en <\/span><a href=\"https:\/\/knowyourmeme.com\/memes\/doge\" target=\"_blank\" rel=\"noopener\"><span style=\"font-weight: 400;\">meme med en Shiba Inu-hund<\/span><\/a><span style=\"font-weight: 400;\"> og lancerede Dogecoin prim\u00e6rt som en sp\u00f8g.<\/span><\/p>\n<p><span style=\"font-weight: 400;\">coin blev popul\u00e6r p\u00e5 grund af den hype, den fik p\u00e5 Reddit efter at have fanget opm\u00e6rksomheden fra Tesla CEO Elon Musk, som <\/span><a href=\"https:\/\/uk.finance.yahoo.com\/news\/dogecoin-elon-musk-tweet-reddit-100947312.html\" target=\"_blank\" rel=\"noopener\"><span style=\"font-weight: 400;\">tweetede om coin i 2021<\/span><\/a><span style=\"font-weight: 400;\">. Musks involvering fik kortvarigt DOGE-priserne til at stige, men aktivet mistede det meste af sin v\u00e6rdi kort efter.<\/span><\/p>\n<p><img loading=\"lazy\" decoding=\"async\" class=\"alignnone size-medium\" src=\"https:\/\/coinkickoff.com\/wp-content\/uploads\/1612461300-elon-musk-lion-king.jpg\" alt=\"ELON MUSK DOGE\" width=\"675\" height=\"380\" \/><\/p>\n<p><span style=\"font-weight: 400;\">Dogecoin har ikke rigtig noget anvendelsesomr\u00e5de: det er ikke en god m\u00e5de at overf\u00f8re v\u00e6rdi p\u00e5, ligesom <\/span><a href=\"https:\/\/coinkickoff.com\/da\/tether-usdt\/\"><span style=\"font-weight: 400;\">stablecoins<\/span><\/a><span style=\"font-weight: 400;\">, da priserne ikke er stabile. Det har et uendeligt udbud (i mods\u00e6tning til f.eks, <\/span><a href=\"https:\/\/coinkickoff.com\/da\/bitcoin-btc\/\"><span style=\"font-weight: 400;\">Bitcoin<\/span><\/a><span style=\"font-weight: 400;\">), s\u00e5 den bliver ikke mindre tilg\u00e6ngelig eller mere v\u00e6rdifuld med tiden.\u00a0<\/span><\/p>\n<p><span style=\"font-weight: 400;\">Der er milliarder af DOGE p\u00e5 markedet, og Dogecoin er fortsat en af de st\u00f8rste krypto coins efter markedsv\u00e6rdi, men det kan ikke oms\u00e6ttes til pengev\u00e6rdi.<\/span><\/p>\n<p><img loading=\"lazy\" decoding=\"async\" class=\"alignnone wp-image-3198 size-full\" src=\"https:\/\/coinkickoff.com\/wp-content\/uploads\/dogemarketcap.png\" alt=\"doge marketcap\" width=\"977\" height=\"573\" srcset=\"https:\/\/coinkickoff.com\/wp-content\/uploads\/dogemarketcap.png 977w, https:\/\/coinkickoff.com\/wp-content\/uploads\/dogemarketcap-300x176.png 300w, https:\/\/coinkickoff.com\/wp-content\/uploads\/dogemarketcap-768x450.png 768w, https:\/\/coinkickoff.com\/wp-content\/uploads\/dogemarketcap-18x12.png 18w\" sizes=\"auto, (max-width: 977px) 100vw, 977px\" \/><\/p>\n<p><span style=\"font-weight: 400;\">Du kan udvinde coin i store m\u00e6ngder, hvilket g\u00f8r den ikke s\u00e5 v\u00e6rdifuld alligevel. Der er lejlighedsvis korte stigninger i prisen, som regel takket v\u00e6re uheldige bem\u00e6rkninger fra ber\u00f8mtheder som Musk.<\/span><\/p>\n<p><img loading=\"lazy\" decoding=\"async\" class=\"alignnone wp-image-3197 size-full\" src=\"https:\/\/coinkickoff.com\/wp-content\/uploads\/doge-price.png\" alt=\"DOGE pris\" width=\"973\" height=\"559\" srcset=\"https:\/\/coinkickoff.com\/wp-content\/uploads\/doge-price.png 973w, https:\/\/coinkickoff.com\/wp-content\/uploads\/doge-price-300x172.png 300w, https:\/\/coinkickoff.com\/wp-content\/uploads\/doge-price-768x441.png 768w, https:\/\/coinkickoff.com\/wp-content\/uploads\/doge-price-18x10.png 18w\" sizes=\"auto, (max-width: 973px) 100vw, 973px\" \/><\/p>\n<p><span style=\"font-weight: 400;\">Alt i alt er det korrekt at kalde det en joke coin.<\/span><\/p>\n<h2><span class=\"ez-toc-section\" id=\"Where_Can_I_Buy_Dogecoin\"><\/span><span style=\"font-weight: 400;\">Hvor kan jeg k\u00f8be Dogecoin?<\/span><span class=\"ez-toc-section-end\"><\/span><\/h2>\n<p><span style=\"font-weight: 400;\">Du kan k\u00f8be Dogecoin p\u00e5 de fleste <a href=\"https:\/\/coinkickoff.com\/da\/crypto-exchanges\/\" data-internallinksmanager029f6b8e52c=\"141\" title=\"De 21 bedste kryptovalutab\u00f8rser og apps i 2024\">kryptob\u00f8rser<\/a>. <\/span><a href=\"https:\/\/coinmarketcap.com\/currencies\/dogecoin\/\" target=\"_blank\" rel=\"noopener\"><span style=\"font-weight: 400;\">Doge er den 16. st\u00f8rste krypto<\/span><\/a><span style=\"font-weight: 400;\"> efter markedsv\u00e6rdi, s\u00e5 den er generelt tilg\u00e6ngelig p\u00e5 popul\u00e6re b\u00f8rser.<\/span><\/p>\n<p><img loading=\"lazy\" decoding=\"async\" class=\"alignnone wp-image-3199 size-full\" src=\"https:\/\/coinkickoff.com\/wp-content\/uploads\/doge-on-binance.png\" alt=\"DOGE p\u00e5 Binance\" width=\"1366\" height=\"584\" srcset=\"https:\/\/coinkickoff.com\/wp-content\/uploads\/doge-on-binance.png 1366w, https:\/\/coinkickoff.com\/wp-content\/uploads\/doge-on-binance-300x128.png 300w, https:\/\/coinkickoff.com\/wp-content\/uploads\/doge-on-binance-1024x438.png 1024w, https:\/\/coinkickoff.com\/wp-content\/uploads\/doge-on-binance-768x328.png 768w, https:\/\/coinkickoff.com\/wp-content\/uploads\/doge-on-binance-18x8.png 18w\" sizes=\"auto, (max-width: 1366px) 100vw, 1366px\" \/><\/p>\n<p><span style=\"font-weight: 400;\">Du kan k\u00f8be DOGE med fiatvalutaer p\u00e5 centraliserede kryptob\u00f8rser som f.eks. <\/span><a href=\"https:\/\/coinkickoff.com\/da\/coinbase-review\/\"><span style=\"font-weight: 400;\">Coinbase<\/span><\/a><span style=\"font-weight: 400;\">, <\/span><a href=\"https:\/\/coinkickoff.com\/da\/binance-review\/\"><span style=\"font-weight: 400;\">Binance<\/span><\/a><span style=\"font-weight: 400;\">, <\/span><a href=\"https:\/\/coinkickoff.com\/da\/kraken-review\/\"><span style=\"font-weight: 400;\">Kraken<\/span><\/a><span style=\"font-weight: 400;\">, og <\/span><a href=\"https:\/\/coinkickoff.com\/da\/etoro-review\/\"><span style=\"font-weight: 400;\">eToro<\/span><\/a><span style=\"font-weight: 400;\">.<\/span><\/p>\n<p><span style=\"font-weight: 400;\">Hvis du allerede har krypto, kan du ogs\u00e5 k\u00f8be DOGE og andre digitale aktiver p\u00e5 decentraliserede b\u00f8rser som f.eks. <\/span><a href=\"https:\/\/www.sushi.com\/\" target=\"_blank\" rel=\"noopener\"><span style=\"font-weight: 400;\">SushiSwap<\/span><\/a><span style=\"font-weight: 400;\"> eller <\/span><a href=\"https:\/\/uniswap.org\/\" target=\"_blank\" rel=\"noopener\"><span style=\"font-weight: 400;\">Uniswap<\/span><\/a><span style=\"font-weight: 400;\">. Disse b\u00f8rser letter peer-to-peer-transaktioner uden mellemm\u00e6nd.<\/span><\/p>\n<p><span style=\"font-weight: 400;\">De er ofte billigere end centraliserede b\u00f8rser, men de kan v\u00e6re sv\u00e6rere at navigere i og er ikke s\u00e6rligt velegnede til begyndere. Selvf\u00f8lgelig kan du nemt l\u00e6re at bruge en decentral b\u00f8rs, hvis du dedikerer lidt tid til det.<\/span><\/p>\n<h2><span class=\"ez-toc-section\" id=\"How_to_Buy_Dogecoin\"><\/span><span style=\"font-weight: 400;\">S\u00e5dan k\u00f8ber du Dogecoin<\/span><span class=\"ez-toc-section-end\"><\/span><\/h2>\n<p><span style=\"font-weight: 400;\">Der er tre trin for at k\u00f8be enhver kryptovaluta, herunder Dogecoin. F\u00f8rst skal du beslutte, hvilken b\u00f8rs du vil bruge. Derefter skal du overveje, hvor du vil opbevare din krypto. N\u00e5r du har truffet denne beslutning, skal du g\u00e5 i gang med at k\u00f8be DOGE.\u00a0<\/span><\/p>\n<p><span style=\"font-weight: 400;\">Her er en mere detaljeret fremgangsm\u00e5de for absolutte begyndere:<\/span><\/p>\n<h3><span class=\"ez-toc-section\" id=\"Choose_Your_Exchange\"><\/span><span style=\"font-weight: 400;\">V\u00e6lg din udveksling<\/span><span class=\"ez-toc-section-end\"><\/span><\/h3>\n<p><span style=\"font-weight: 400;\">Forskellige b\u00f8rser tilbyder forskellige funktioner og har forskellige tilg\u00e6ngelighed og gebyrer for krypto. Du kan sammenligne nogle af de mest kendte b\u00f8rser for at se, hvilken der passer bedst til dine behov, inden du tr\u00e6ffer en beslutning.<\/span><\/p>\n<p><span style=\"font-weight: 400;\">For eksempel, <a href=\"https:\/\/coinkickoff.com\/da\/coinbase-review\/\" data-internallinksmanager029f6b8e52c=\"142\" title=\"Coinbase Anmeldelser 2024: Funktioner, gebyrer, sikkerhed, fordele og ulemper\">Coinbase<\/a> og <a href=\"https:\/\/coinkickoff.com\/da\/binance-review\/\" data-internallinksmanager029f6b8e52c=\"152\" title=\"Binance Anmeldelser 2024: Funktioner, gebyrer, sikkerhed, fordele og ulemper\">Binance<\/a> US tilbyder begge lignende digitale aktiver (herunder DOGE), men Binance tilbyder lavere gebyrer. Coinbase anses dog for at v\u00e6re mere sikker og begyndervenlig. Lav din research, f\u00f8r du beslutter dig for en platform, da krypto kan v\u00e6re en risikabel investering.<\/span><\/p>\n<p><span style=\"font-weight: 400;\">Du kan tjekke vores guide til gennemgang af udvekslingen for at f\u00e5 et mere omfattende overblik over de <\/span><a href=\"https:\/\/coinkickoff.com\/da\/crypto-exchanges\/\"><span style=\"font-weight: 400;\">de mest popul\u00e6re kryptob\u00f8rser<\/span><\/a><span style=\"font-weight: 400;\">.<\/span><\/p>\n<h3><span class=\"ez-toc-section\" id=\"Buy_DOGE\"><\/span><span style=\"font-weight: 400;\">K\u00f8b DOGE<\/span><span class=\"ez-toc-section-end\"><\/span><\/h3>\n<p><span style=\"font-weight: 400;\">N\u00e5r du har besluttet dig for en platform, kan du tilmelde dig. De fleste centraliserede kryptob\u00f8rser giver dig mulighed for at k\u00f8be krypto med fiatvaluta (som USD eller EUR). Du kan forbinde din bankkonto til platformen og overf\u00f8re penge til din udvekslingskonto.<\/span><\/p>\n<p><img loading=\"lazy\" decoding=\"async\" class=\"alignnone wp-image-3201 size-full\" src=\"https:\/\/coinkickoff.com\/wp-content\/uploads\/buy-doge-on-binance-1.png\" alt=\"k\u00f8be doge p\u00e5 binance\" width=\"1432\" height=\"802\" srcset=\"https:\/\/coinkickoff.com\/wp-content\/uploads\/buy-doge-on-binance-1.png 1432w, https:\/\/coinkickoff.com\/wp-content\/uploads\/buy-doge-on-binance-1-300x168.png 300w, https:\/\/coinkickoff.com\/wp-content\/uploads\/buy-doge-on-binance-1-1024x573.png 1024w, https:\/\/coinkickoff.com\/wp-content\/uploads\/buy-doge-on-binance-1-768x430.png 768w, https:\/\/coinkickoff.com\/wp-content\/uploads\/buy-doge-on-binance-1-18x10.png 18w\" sizes=\"auto, (max-width: 1432px) 100vw, 1432px\" \/><\/p>\n<p><span style=\"font-weight: 400;\">Nogle b\u00f8rser giver dig ogs\u00e5 mulighed for at k\u00f8be krypto med kreditkort, betalingskort, PayPal, Google Pay og Apple Pay. Hvis du har en valutakonto eller andre digitale aktiver, kan du ogs\u00e5 bytte disse aktiver til DOGE.<\/span><\/p>\n<p><span style=\"font-weight: 400;\">Nogle b\u00f8rser giver dig mulighed for at k\u00f8be DOGE direkte med fiat, mens andre m\u00e5ske kun tilbyder stabilecoins som f.eks. <a href=\"https:\/\/coinkickoff.com\/da\/tether-usdt\/\" data-internallinksmanager029f6b8e52c=\"3\" title=\"Hvad er Tether (USDT)? Hvordan det virker og hvor kan man k\u00f8be det?\">USDT<\/a> eller <a href=\"https:\/\/coinkickoff.com\/da\/usd-coin-usdc\/\" data-internallinksmanager029f6b8e52c=\"8\" title=\"Hvad er USD Coin (USDC)? Hvordan virker det og hvor kan man k\u00f8be det?\">USDC<\/a>. I disse tilf\u00e6lde skal du f\u00f8rst k\u00f8be en stabilcoin og derefter bytte den til en DOGE.<\/span><\/p>\n<h3><span class=\"ez-toc-section\" id=\"Store_Your_DOGE\"><\/span><span style=\"font-weight: 400;\">Opbevar din DOGE<\/span><span class=\"ez-toc-section-end\"><\/span><\/h3>\n<p><span style=\"font-weight: 400;\">N\u00e5r du har k\u00f8bt DOGE, skal du beslutte, hvor du vil opbevare den. Du har et par muligheder for det.<\/span><\/p>\n<h4><span class=\"ez-toc-section\" id=\"Exchange_Wallet\"><\/span><span style=\"font-weight: 400;\">Byttepung<\/span><span class=\"ez-toc-section-end\"><\/span><\/h4>\n<p><span style=\"font-weight: 400;\">N\u00e5r du k\u00f8ber krypto p\u00e5 en b\u00f8rs, bliver dine aktiver automatisk gemt i b\u00f8rsens wallet. Disse wallets er kendt som custodial wallets, fordi platformene kontrollerer og administrerer dem.<\/span><\/p>\n<p><span style=\"font-weight: 400;\">Selvom du kan handle med aktiverne i tegnebogen via din valutakonto, har du ikke fuld kontrol over dem. Hvis b\u00f8rsen uds\u00e6ttes for et angreb eller g\u00e5r konkurs, kan dine aktiver v\u00e6re tabt for altid.<\/span><\/p>\n<h4><span class=\"ez-toc-section\" id=\"Self-Custody_Hot_Wallets\"><\/span><span style=\"font-weight: 400;\">Varme tegneb\u00f8ger til selvforvaring<\/span><span class=\"ez-toc-section-end\"><\/span><\/h4>\n<p><span style=\"font-weight: 400;\">Der findes flere selvforvaltende hot wallets p\u00e5 markedet: Nogle af dem er software-wallets, som du kan downloade til dine mobile enheder og computere, og andre kan tilg\u00e5s via browsere. De kaldes hot wallets, fordi de er forbundet til internettet via din enhed (computer eller mobilenhed).\u00a0<\/span><\/p>\n<p><span style=\"font-weight: 400;\">Selv om selvforvaltende tegneb\u00f8ger giver dig mulighed for at have fuld kontrol over dine aktiver, er de ogs\u00e5 s\u00e5rbare over for sikkerhedsbrud og er ofte m\u00e5l for hackere. Hvis du ikke har meget viden om at sikre internetforbundne enheder mod malware og hackerfors\u00f8g, kan du s\u00e6tte dine midler i fare ved at opbevare dem i en hot wallet.<\/span><\/p>\n<h4><span class=\"ez-toc-section\" id=\"Cold_Wallets\"><\/span><span style=\"font-weight: 400;\">Kolde tegneb\u00f8ger<\/span><span class=\"ez-toc-section-end\"><\/span><\/h4>\n<p><span style=\"font-weight: 400;\">Cold wallets anses generelt for at v\u00e6re den mest sikre opbevaringsmulighed for kryptovalutaer. De er ikke forbundet med internettet, s\u00e5 de er uimodtagelige for hackerfors\u00f8g. En kold tegnebog kan v\u00e6re en papirtegnebog eller en hardwaretegnebog.<\/span><\/p>\n<p><span style=\"font-weight: 400;\">En paper wallet er simpelthen et stykke papir, der indeholder din private n\u00f8gle, som giver dig adgang til dine penge via en wallet-gr\u00e6nseflade. Papirpunge kan dog v\u00e6re sv\u00e6re at bruge og er ikke velegnede, hvis du \u00f8nsker at handle dine aktiver nemt.<\/span><\/p>\n<p><span style=\"font-weight: 400;\">Hardware-wallets er USB-lignende enheder, der gemmer dine private n\u00f8gler. Da enheden ikke er direkte forbundet til internettet, kan den ikke hackes. <\/span><a href=\"https:\/\/trezor.io\/\" target=\"_blank\" rel=\"noopener\"><span style=\"font-weight: 400;\">Trezor<\/span><\/a><span style=\"font-weight: 400;\"> og <\/span><a href=\"https:\/\/www.ledger.com\/\" target=\"_blank\" rel=\"noopener\"><span style=\"font-weight: 400;\">Hovedbog<\/span><\/a><span style=\"font-weight: 400;\"> er to producenter af hardwarepunge, der anses for at v\u00e6re de bedste i branchen. Begge virksomheder tilbyder flere hardware-wallets til opbevaring af krypto, selv om de kan v\u00e6re ret dyre.<\/span><\/p>\n<p><span style=\"font-weight: 400;\">Hvis du handler tilf\u00e6ldigt med sm\u00e5 bel\u00f8b, kan det v\u00e6re overkill at k\u00f8be en hardware wallet. Men hvis du l\u00e6gger v\u00e6gt p\u00e5 sikkerhed, er k\u00f8b af en hardware wallet det bedste valg p\u00e5 lang sigt.\u00a0\u00a0<\/span><\/p>\n<p>Se ogs\u00e5 S\u00e5dan k\u00f8ber du Dogecoin (DOGE) p\u00e5:<\/p>\n<p><a href=\"https:\/\/coinkickoff.com\/da\/how-to-buy-dogecoin\/how-to-buy-dogecoin-on-coinbase\/\">Coinbase<\/a><br \/>\n<a href=\"https:\/\/coinkickoff.com\/da\/how-to-buy-dogecoin\/how-to-buy-dogecoin-on-kraken\/\">Kraken<\/a><br \/>\n<a href=\"https:\/\/coinkickoff.com\/da\/how-to-buy-dogecoin\/how-to-buy-dogecoin-on-binance\/\">Binance<\/a><br \/>\n<a href=\"https:\/\/coinkickoff.com\/da\/how-to-buy-dogecoin\/how-to-buy-dogecoin-on-bitmart\/\">Bitmart<\/a><br \/>\n<a href=\"https:\/\/coinkickoff.com\/da\/how-to-buy-dogecoin\/how-to-buy-dogecoin-on-bybit\/\">Bybit<\/a><br \/>\n<a href=\"https:\/\/coinkickoff.com\/da\/how-to-buy-dogecoin\/how-to-buy-dogecoin-on-gate-io\/\">Gate.io<\/a><br \/>\n<a href=\"https:\/\/coinkickoff.com\/da\/how-to-buy-dogecoin\/how-to-buy-dogecoin-on-gemini\/\">Gemini<\/a><br \/>\n<a href=\"https:\/\/coinkickoff.com\/da\/how-to-buy-dogecoin\/how-to-buy-dogecoin-on-kucoin\/\">Kucoin<\/a><br \/>\n<a href=\"https:\/\/coinkickoff.com\/da\/how-to-buy-dogecoin\/how-to-buy-dogecoin-on-mexc\/\">MEXC<\/a><br \/>\n<a href=\"https:\/\/coinkickoff.com\/da\/how-to-buy-dogecoin\/how-to-buy-dogecoin-on-okx\/\">OKX<\/a><br \/>\n<a href=\"https:\/\/coinkickoff.com\/da\/how-to-buy-dogecoin\/how-to-buy-dogecoin-on-poloniex\/\">Poloniex<\/a><\/p>","protected":false},"excerpt":{"rendered":"<p>Hvis du vil k\u00f8be Dogecoin og ikke ved, hvor du skal starte, er du kommet til det rette sted. Vi viser dig, hvordan og hvor du k\u00f8ber DOGE med trin-for-trin instruktioner. Hvad er Dogecoin? Du har m\u00e5ske h\u00f8rt folk referere til Dogecoin som et meme coin. Det er sandt: Dogecoin's grundl\u00e6ggere, Billy Marcus og Jackson Palmer, var [...]<\/p>","protected":false},"author":3,"featured_media":155,"parent":0,"menu_order":0,"comment_status":"closed","ping_status":"closed","template":"","meta":{"_genesis_hide_title":false,"_genesis_hide_breadcrumbs":false,"_genesis_hide_singular_image":false,"_genesis_hide_footer_widgets":false,"_genesis_custom_body_class":"","_genesis_custom_post_class":"","_genesis_layout":"","_glsr_average":0,"_glsr_ranking":0,"_glsr_reviews":0,"footnotes":""},"class_list":{"0":"post-3196","1":"page","2":"type-page","3":"status-publish","4":"has-post-thumbnail","6":"entry"},"featured_image_src":"https:\/\/coinkickoff.com\/wp-content\/uploads\/2022\/06\/Dogecoin-DOGE-600x400.jpg","featured_image_src_square":"https:\/\/coinkickoff.com\/wp-content\/uploads\/2022\/06\/Dogecoin-DOGE-600x600.jpg","_links":{"self":[{"href":"https:\/\/coinkickoff.com\/da\/wp-json\/wp\/v2\/pages\/3196","targetHints":{"allow":["GET"]}}],"collection":[{"href":"https:\/\/coinkickoff.com\/da\/wp-json\/wp\/v2\/pages"}],"about":[{"href":"https:\/\/coinkickoff.com\/da\/wp-json\/wp\/v2\/types\/page"}],"author":[{"embeddable":true,"href":"https:\/\/coinkickoff.com\/da\/wp-json\/wp\/v2\/users\/3"}],"replies":[{"embeddable":true,"href":"https:\/\/coinkickoff.com\/da\/wp-json\/wp\/v2\/comments?post=3196"}],"version-history":[{"count":5,"href":"https:\/\/coinkickoff.com\/da\/wp-json\/wp\/v2\/pages\/3196\/revisions"}],"predecessor-version":[{"id":4940,"href":"https:\/\/coinkickoff.com\/da\/wp-json\/wp\/v2\/pages\/3196\/revisions\/4940"}],"wp:featuredmedia":[{"embeddable":true,"href":"https:\/\/coinkickoff.com\/da\/wp-json\/wp\/v2\/media\/155"}],"wp:attachment":[{"href":"https:\/\/coinkickoff.com\/da\/wp-json\/wp\/v2\/media?parent=3196"}],"curies":[{"name":"wp","href":"https:\/\/api.w.org\/{rel}","templated":true}]}}