{"id":9,"date":"2026-01-08T14:07:51","date_gmt":"2026-01-08T14:07:51","guid":{"rendered":"https:\/\/coinkickoff.com\/?page_id=9"},"modified":"2026-01-08T14:07:51","modified_gmt":"2026-01-08T14:07:51","slug":"o-nas","status":"publish","type":"page","link":"https:\/\/coinkickoff.com\/cs\/o-nas\/","title":{"rendered":"O str\u00e1nk\u00e1ch"},"content":{"rendered":"<h1 class=\"wp-block-genesis-blocks-gb-spacer gb-block-spacer gb-divider-solid gb-divider-size-1\" style=\"color: #ddd;\">O programu Coin Kickoff\u00a0<\/h1>\r\n<div class=\"wp-block-columns has-2-columns\">\r\n<div class=\"wp-block-column\">\r\n<p>Vytvo\u0159il jsem Coin Kickoff, proto\u017ee si mysl\u00edm, \u017ee crypto\/<a href=\"https:\/\/coinkickoff.com\/cs\/what-is-web-3-0\/\" data-internallinksmanager029f6b8e52c=\"184\" title=\"Co je Web 3.0?\">web3<\/a> je p\u0159\u00edli\u0161 slo\u017eit\u00fd.<\/p>\r\n\r\n\r\n\r\n<p>Jmenuji se Ian Wright a za\u010dal jsem se zab\u00fdvat kryptom\u011bnami v roce <strong>2017<\/strong> kdy\u017e <a href=\"https:\/\/coinkickoff.com\/cs\/bitcoin-btc\/\" data-internallinksmanager029f6b8e52c=\"1\" title=\"Co je Bitcoin (BTC)? Cena, historie a kde koupit\">Bitcoin<\/a> se poprv\u00e9 dostala na \u00farove\u0148 t\u00e9m\u011b\u0159 <strong>$20,000<\/strong> ka\u017ed\u00fd z nich.<\/p>\r\n\r\n\r\n\r\n<p>M\u011bl jsem to \u0161t\u011bst\u00ed, \u017ee se mi v t\u00e9 dob\u011b poda\u0159ilo vyd\u011blat trochu pen\u011bz. Pak jsem na krypto okam\u017eit\u011b zapomn\u011bl.<\/p>\r\n\r\n\r\n\r\n<p>Domn\u00edval jsem se, \u017ee bublina splaskla. M\u011bl jsem \u0161t\u011bst\u00ed, \u017ee jsem se dostal ven, kdy\u017e jsem se dostal.<\/p>\r\n\r\n\r\n\r\n<p>V\u0161echno mi to p\u0159ipadalo jako obrovsk\u00fd podvod, kter\u00fd nakonec prost\u011b zmiz\u00ed.<\/p>\r\n\r\n\r\n\r\n<p><strong>Pak se stalo n\u011bco zvl\u00e1\u0161tn\u00edho.<\/strong><\/p>\r\n\r\n\r\n\r\n<p>Na podzim roku <strong>2020<\/strong> Za\u010dal jsem sly\u0161et, jak lid\u00e9 znovu mluv\u00ed o Bitcoin a kryptografii.<\/p>\r\n\r\n\r\n\r\n<p>Nejd\u0159\u00edv jsem to zavrhl. Bitcoin byl tak <strong>2017<\/strong>.<\/p>\r\n\r\n\r\n\r\n<p>Nav\u00edc to byl stejn\u011b podvod.<\/p>\r\n\r\n\r\n\r\n<p>Nakonec jsem si to ale rozmyslel, kdy\u017e cena Bitcoin vystoupala nad sv\u00e9 dosavadn\u00ed maximum.<\/p>\r\n\r\n\r\n\r\n<p>Podle m\u011b se to nem\u011blo st\u00e1t.<\/p>\r\n\r\n\r\n\r\n<p>Byl jsem a z\u016fst\u00e1v\u00e1m skeptick\u00fd ohledn\u011b hodnoty Bitcoin, krypto, web3 a Blockchainu.<\/p>\r\n\r\n\r\n\r\n<p>Ale u\u017e nem\u00e1m pocit, \u017ee by v dohledn\u00e9 dob\u011b zmizely.<\/p>\r\n\r\n\r\n\r\n<p><strong>Dokonce jsem se rozhodl znovu investovat. <\/strong><\/p>\r\n\r\n\r\n\r\n<p>Ale na rozd\u00edl od minula jsem p\u0159i\u0161el o pen\u00edze. Na b\u00fd\u010d\u00edm trhu!<\/p>\r\n\r\n\r\n\r\n<p>Proto jsem se rozhodl, \u017ee se budu vzd\u011bl\u00e1vat.<\/p>\r\n\r\n\r\n\r\n<p>A proto jsem vytvo\u0159il Coin Kickoff.<\/p>\r\n\r\n\r\n\r\n<p>C\u00edl je jednoduch\u00fd: vysv\u011btlit, co jsou r\u016fzn\u00e9 coin, k \u010demu slou\u017e\u00ed a kde je koupit.<\/p>\r\n\r\n\r\n\r\n<p>V\u0161e jednoduch\u00fdm a srozumiteln\u00fdm zp\u016fsobem.<\/p>\r\n\r\n\r\n\r\n<p>A aby bylo jasno, nem\u00e1m pon\u011bt\u00ed, co d\u011bl\u00e1m. Nic na t\u011bchto str\u00e1nk\u00e1ch by nem\u011blo b\u00fdt ch\u00e1p\u00e1no jako propagace jak\u00fdchkoli investic.<\/p>\r\n\r\n\r\n\r\n<p>O\u010dek\u00e1v\u00e1m, \u017ee v\u011bt\u0161ina coin <strong>klesne na nulu<\/strong>.<\/p>\r\n\r\n\r\n\r\n<p>Pova\u017eujte Coin Kickoff za v\u00fdchoz\u00ed bod, kde se m\u016f\u017eete dozv\u011bd\u011bt je\u0161t\u011b v\u00edce o r\u016fzn\u00fdch mo\u017enostech kryptografick\u00e9ho obchodov\u00e1n\u00ed.<\/p>\r\n\r\n\r\n\r\n<p>V\u0161echny p\u0159\u00edsp\u011bvky a pr\u016fvodci maj\u00ed pouze informativn\u00ed charakter.<\/p>\r\n\r\n\r\n\r\n<p>A nikdy nevkl\u00e1dejte v\u00edce pen\u011bz, ne\u017e si m\u016f\u017eete dovolit ztratit.<\/p>\r\n\r\n\r\n\r\n<p>&nbsp;<\/p>\r\n<\/div>\r\n<!-- \/wp:post-content --><\/div>\r\n<!-- \/wp:columns -->\r\n\r\n<!-- wp:paragraph -->\r\n<p>&nbsp;<\/p>\r\n<!-- \/wp:paragraph -->","protected":false},"excerpt":{"rendered":"<p>Jmenuji se Ian Wright a s kryptom\u011bnami jsem za\u010dal v roce 2017, kdy se Bitcoin poprv\u00e9 dostal na t\u00e9m\u011b\u0159 $20 000 za kus. M\u011bl jsem to \u0161t\u011bst\u00ed, \u017ee se mi v t\u00e9 dob\u011b skute\u010dn\u011b poda\u0159ilo vyd\u011blat trochu pen\u011bz. Pak jsem na krypto okam\u017eit\u011b zapomn\u011bl. P\u0159edpokl\u00e1dal jsem, \u017ee bublina splaskla. I [...]<\/p>","protected":false},"author":1,"featured_media":10,"parent":0,"menu_order":0,"comment_status":"closed","ping_status":"closed","template":"","meta":{"_genesis_hide_title":true,"_genesis_hide_breadcrumbs":true,"_genesis_hide_singular_image":true,"_genesis_hide_footer_widgets":false,"_genesis_custom_body_class":"","_genesis_custom_post_class":"","_genesis_layout":"full-width-content","_glsr_average":0,"_glsr_ranking":0,"_glsr_reviews":0,"footnotes":""},"class_list":{"0":"post-9","1":"page","2":"type-page","3":"status-publish","4":"has-post-thumbnail","6":"entry"},"featured_image_src":"https:\/\/coinkickoff.com\/wp-content\/uploads\/2022\/03\/about-600x400.jpg","featured_image_src_square":"https:\/\/coinkickoff.com\/wp-content\/uploads\/2022\/03\/about-600x600.jpg","_links":{"self":[{"href":"https:\/\/coinkickoff.com\/cs\/wp-json\/wp\/v2\/pages\/9","targetHints":{"allow":["GET"]}}],"collection":[{"href":"https:\/\/coinkickoff.com\/cs\/wp-json\/wp\/v2\/pages"}],"about":[{"href":"https:\/\/coinkickoff.com\/cs\/wp-json\/wp\/v2\/types\/page"}],"author":[{"embeddable":true,"href":"https:\/\/coinkickoff.com\/cs\/wp-json\/wp\/v2\/users\/1"}],"replies":[{"embeddable":true,"href":"https:\/\/coinkickoff.com\/cs\/wp-json\/wp\/v2\/comments?post=9"}],"version-history":[{"count":6,"href":"https:\/\/coinkickoff.com\/cs\/wp-json\/wp\/v2\/pages\/9\/revisions"}],"predecessor-version":[{"id":79,"href":"https:\/\/coinkickoff.com\/cs\/wp-json\/wp\/v2\/pages\/9\/revisions\/79"}],"wp:featuredmedia":[{"embeddable":true,"href":"https:\/\/coinkickoff.com\/cs\/wp-json\/wp\/v2\/media\/10"}],"wp:attachment":[{"href":"https:\/\/coinkickoff.com\/cs\/wp-json\/wp\/v2\/media?parent=9"}],"curies":[{"name":"wp","href":"https:\/\/api.w.org\/{rel}","templated":true}]}}