{"id":828,"date":"2026-01-08T14:06:32","date_gmt":"2026-01-08T14:06:32","guid":{"rendered":"https:\/\/coinkickoff.com\/?page_id=828"},"modified":"2026-01-08T14:06:32","modified_gmt":"2026-01-08T14:06:32","slug":"prices-rub","status":"publish","type":"page","link":"https:\/\/coinkickoff.com\/cs\/prices\/prices-rub\/","title":{"rendered":"Top 100 \u017div\u00e9 ceny kryptom\u011bn V Rusk\u00fd rubl (RUB)"},"content":{"rendered":"<p>Pod\u00edvejte se na aktualizace cen v re\u00e1ln\u00e9m \u010dase v rusk\u00e9m rublu (RUB) ze dne <a href=\"https:\/\/coinkickoff.com\/cs\/bitcoin-btc\/\" data-internallinksmanager029f6b8e52c=\"1\" title=\"Co je Bitcoin (BTC)? Cena, historie a kde koupit\">bitcoin<\/a> a dal\u0161\u00edch 100 nejlep\u0161\u00edch kryptom\u011bn n\u00ed\u017ee. <\/p>\n<!-- Cryptocurrency Widgets PRO 4.1.2  !--><div  class=\"ccpw-widget\" id=\"ccpw-list-widget-1369\" ><div class=\"ccpw_react_widget\" id=\"ccpw_react_widgets_1369676282541\" data-attribute=\"{&quot;type&quot;:&quot;list-widget&quot;,&quot;selected_currency&quot;:&quot;RUB&quot;,&quot;design&quot;:&quot;style-4&quot;,&quot;header&quot;:&quot;&quot;,&quot;show_chart&quot;:&quot;&quot;,&quot;custom_currency&quot;:&quot;&quot;,&quot;show_coins&quot;:&quot;100&quot;,&quot;MbFormating&quot;:&quot;&quot;,&quot;live_changes&quot;:&quot;&quot;,&quot;display_changes&quot;:&quot;on&quot;}\"><\/div><\/div><style type='text\/css'>\r\n\t\t\t  .ccpw-widget #ccpw-list-widget-1369{background-color:#ffffff;color:#000;}\r\n\t\t\t  .ccpw-widget .ccpw_table tr #ccpw-list-widget-1369 {background-color:#ffffff;}\r\n\t\t\t  .ccpw-widget #ccpw-list-widget-1369.table {background-color:#ffffff;color:#000; box-shadow:inset 0px 0px 0px 3px rgba(0,0,0,0.25);}\r\n\t\t\t  #ccpw-list-widget-1369 .ccpw_table > tbody > tr > td,\r\n\t\t\t  #ccpw-list-widget-1369 .ccpw_table > tbody > tr > td .ticker-price,\r\n\t\t\t  #ccpw-list-widget-1369 .ccpw_table > tbody > tr > td.price,\r\n\t\t\t  #ccpw-list-widget-1369 .ccpw_table.table tr ,\r\n\t\t\t  #ccpw-list-widget-1369 .ccpw_table.table > thead > tr > th {border-color:rgba(0,0,0,0.25) !important;color:#000;background-color:#ffffff;}\r\n\t\t\t   .ccpw_table span.symbol { position:initial !Important; }<\/style>\n<div class=\"cg-choice-box-six   cg-blue\" ><div class=\"cg-cb-row\"><div class=\"cg-cb-items\" id=\"product-265843\"><div class=\"cg-cb-top-head\"><div class=\"cg-cb-top-pick\">V\u011bt\u0161ina Coins<\/div><\/div><a href=\"https:\/\/accounts.binance.com\/register?ref=BLJQ60RW\" target=\"_blank\" rel=\"nofollow noopener\" class=\"cg-aff-link cg-cb-img\" data-post-title=\"Binance\" data-aff-link=\"https:\/\/accounts.binance.com\/register?ref=BLJQ60RW\" data-post-type=\"top\" data-post-id=\"127750\"><img decoding=\"async\" src=\"https:\/\/coinkickoff.com\/wp-content\/uploads\/2022\/10\/Binance_logo.png\" class=\"cg-img-1\" alt=\"Binance\" style=\"\"><\/a><div class=\"cg-cb-title\"><a href=\"https:\/\/accounts.binance.com\/register?ref=BLJQ60RW\" class=\"cg-aff-link\" data-post-id=\"127750\" data-post-type=\"top\" data-aff-link=\"https:\/\/accounts.binance.com\/register?ref=BLJQ60RW\" data-post-title=\"Binance\" target=\"\" rel=\"nofollow noopener\">Binance<\/a><\/span><\/div><div class=\"cg-cb-content\"><ul><li><strong>350+<\/strong> Uveden\u00e9 kryptom\u011bny<\/li><li><strong>&lt;0.10%<\/strong> Transak\u010dn\u00ed poplatky<\/li><li><strong>120 milion\u016f<\/strong> Registrovan\u00ed u\u017eivatel\u00e9<\/li><li>Bezpe\u010dn\u00fd fond aktiv pro u\u017eivatele<\/li><li>Vyd\u011bl\u00e1vat na vkladech<\/li><\/ul><\/div><div class=\"cg-cb-btn\"><span class='cta-copy'><a href=\"https:\/\/accounts.binance.com\/register?ref=BLJQ60RW\" class=\"cg-one-button cg-btn cg-red  cg-aff-link cg-btn-lg\" data-post-id=\"127750\" data-post-type=\"top\" data-aff-link=\"https:\/\/accounts.binance.com\/register?ref=BLJQ60RW\" data-style=\"default\" data-post-title=\"Binance\" data-extra=\"arrow\" style=\"\" target=\"\" rel=\"nofollow noopener\">Za\u010dn\u011bte<\/a><\/span><\/span><\/div><\/div><div class=\"cg-cb-items\" id=\"product-265829\"><div class=\"cg-cb-top-head\"><div class=\"cg-cb-top-pick\">V\u011bt\u0161ina zem\u00ed<\/div><\/div><a href=\"https:\/\/kraken.pxf.io\/756J3y\" target=\"_blank\" rel=\"nofollow noopener\" class=\"cg-aff-link cg-cb-img\" data-post-title=\"Kraken\" data-aff-link=\"https:\/\/kraken.pxf.io\/756J3y\" data-post-type=\"top\" data-post-id=\"127750\"><img decoding=\"async\" src=\"https:\/\/coinkickoff.com\/wp-content\/uploads\/Kraken-logo.webp\" class=\"cg-img-1\" alt=\"Kraken\" style=\"\"><\/a><div class=\"cg-cb-title\"><a href=\"https:\/\/kraken.pxf.io\/756J3y\" class=\"cg-aff-link\" data-post-id=\"127750\" data-post-type=\"top\" data-aff-link=\"https:\/\/kraken.pxf.io\/756J3y\" data-post-title=\"Kraken\" target=\"\" rel=\"nofollow noopener\">Kraken<\/a><\/span><\/div><div class=\"cg-cb-content\"><ul><li>S\u00eddlo v USA<\/li><li>Za\u010dn\u011bte s co nejmen\u0161\u00edm po\u010dtem <strong>$10<\/strong><\/li><li>N\u00e1kup a prodej <strong>200+<\/strong> kryptom\u011bny<\/li><li>Pro \u0159e\u0161en\u00ed pro v\u011bt\u0161\u00ed obchodn\u00edky<\/li><li>K dispozici v <strong>190+<\/strong> zem\u011b<\/li><\/ul><\/div><div class=\"cg-cb-btn\"><span class='cta-copy'><a href=\"https:\/\/kraken.pxf.io\/756J3y\" class=\"cg-one-button cg-btn cg-red  cg-aff-link cg-btn-lg\" data-post-id=\"127750\" data-post-type=\"top\" data-aff-link=\"https:\/\/kraken.pxf.io\/756J3y\" data-style=\"default\" data-post-title=\"Kraken\" data-extra=\"arrow\" style=\"\" target=\"\" rel=\"nofollow noopener\">Za\u010dn\u011bte<\/a><\/span><\/span><\/div><\/div><div class=\"cg-cb-items\" id=\"product-265822\"><div class=\"cg-cb-top-head\"><div class=\"cg-cb-top-pick\">S\u00eddlo v USA<\/div><\/div><a href=\"https:\/\/coinbase-consumer.sjv.io\/ORPoaG\" target=\"_blank\" rel=\"nofollow noopener\" class=\"cg-aff-link cg-cb-img\" data-post-title=\"Coinbase\" data-aff-link=\"https:\/\/coinbase-consumer.sjv.io\/ORPoaG\" data-post-type=\"top\" data-post-id=\"127750\"><img decoding=\"async\" src=\"https:\/\/coinkickoff.com\/wp-content\/uploads\/2022\/10\/Coinbase.png\" class=\"cg-img-1\" alt=\"Coinbase\" style=\"\"><\/a><div class=\"cg-cb-title\"><a href=\"https:\/\/coinbase-consumer.sjv.io\/ORPoaG\" class=\"cg-aff-link\" data-post-id=\"127750\" data-post-type=\"top\" data-aff-link=\"https:\/\/coinbase-consumer.sjv.io\/ORPoaG\" data-post-title=\"Coinbase\" target=\"\" rel=\"nofollow noopener\">Coinbase<\/a><\/span><\/div><div class=\"cg-cb-content\"><ul><li><strong>200+<\/strong> Uveden\u00e9 kryptom\u011bny<\/li><li>Z\u00edskejte Crypto po prvn\u00edm n\u00e1kupu<\/li><li>Chr\u00e1n\u011bno poji\u0161t\u011bn\u00edm&nbsp;<\/li><li>Bezpe\u010dn\u00e9 skladov\u00e1n\u00ed s ochranou trezoru<\/li><li>Nejd\u016fv\u011bryhodn\u011bj\u0161\u00ed platforma pro kryptom\u011bny<\/li><\/ul><\/div><div class=\"cg-cb-btn\"><span class='cta-copy'><a href=\"https:\/\/coinbase-consumer.sjv.io\/ORPoaG\" class=\"cg-one-button cg-btn cg-red  cg-aff-link cg-btn-lg\" data-post-id=\"127750\" data-post-type=\"top\" data-aff-link=\"https:\/\/coinbase-consumer.sjv.io\/ORPoaG\" data-style=\"default\" data-post-title=\"Coinbase\" data-extra=\"arrow\" style=\"\" target=\"\" rel=\"nofollow noopener\">Za\u010dn\u011bte<\/a><\/span><\/span><\/div><\/div><\/div><\/div>\n\n<h2>Kryptom\u011bna Kalkula\u010dka ceny (RUB)<\/h2>\n<p>Pou\u017eijte n\u00ed\u017ee uvedenou kalkula\u010dku pro sm\u011bnn\u00e9 kurzy v re\u00e1ln\u00e9m \u010dase mezi RUB a mnoha obl\u00edben\u00fdmi kryptom\u011bnami<\/p>\n<div class=\"ccpw_react_widget ccpw_calculator\" id=\"ccpw_react_widgets_1370_69df92eff3346\" data-attribute=\"{&quot;type&quot;:&quot;calculator&quot;,&quot;baseCurrency&quot;:&quot;bitcoin&quot;,&quot;targetCurrency&quot;:&quot;RUB&quot;}\"><\/div><style type='text\/css'>\r\n\t\t\t  #ccpw_react_widgets_1370 .ccpw-Converter {\r\n\t\t\t\t  background-color: #ffffff;\r\n\t\t\t\t  color: #000;\r\n\t\t\t  }<\/style>\n<h2>Heatmap cenov\u00fdch zm\u011bn: Top 20 kryptom\u011bn<\/h2>\n<!-- Cryptocurrency Widgets PRO 4.1.2  !--><div class=\"ccpw-coingecko-widget\" style=\"width:100%;\"> \r\n    <gecko-coin-heatmap-widget  height=\"400\"  locale=\"en\" outlined=\"true\" top=\"20\"><\/gecko-coin-heatmap-widget>\r\n    <\/div><style type='text\/css'><\/style>\n<p>Ceny naleznete tak\u00e9 v:<\/p>\n<ul>\n<li> <a href=\"https:\/\/coinkickoff.com\/cs\/prices\/\">Americk\u00e9 dolary (USD)<\/a><\/li>\n<li> <a href=\"https:\/\/coinkickoff.com\/cs\/prices\/prices-euros\/\">Euro (EUD)<\/li>\n<li> <a href=\"https:\/\/coinkickoff.com\/cs\/prices\/prices-gbp\/\">Britsk\u00e1 libra \u0161terlink\u016f (GBP)<\/a><\/li>\n<li> <a href=\"https:\/\/coinkickoff.com\/cs\/prices\/prices-cad\/\">Kanadsk\u00e9 dolary (CAD)<\/a><\/li>\n<li> <a href=\"https:\/\/coinkickoff.com\/cs\/prices\/prices-aud\/\" data-internallinksmanager029f6b8e52c=\"116\" title=\"Top 100 \u017div\u00e9 ceny kryptom\u011bn Australsk\u00e9 dolary (AUD)\">Australsk\u00e9 dolary (AUD)<\/a><\/li>\n<li> <a href=\"https:\/\/coinkickoff.com\/cs\/prices\/prices-jpy\/\" data-internallinksmanager029f6b8e52c=\"118\" title=\"Top 100 \u017div\u00e9 ceny kryptom\u011bn v japonsk\u00e9m jenu (JPY)\">Japonsk\u00fd jen (JPY)<\/a><\/li>\n<li> <a href=\"https:\/\/coinkickoff.com\/cs\/prices\/prices-mxn\/\" data-internallinksmanager029f6b8e52c=\"119\" title=\"Top 100 \u017div\u00e9 ceny kryptom\u011bn V Mexick\u00e9 peso (MXN)\">Mexick\u00e9 peso (MXN)<\/a><\/li>\n<li> <a href=\"https:\/\/coinkickoff.com\/cs\/prices\/prices-brl\/\" data-internallinksmanager029f6b8e52c=\"120\" title=\"Top 100 \u017div\u00e9 ceny kryptom\u011bn v brazilsk\u00e9m realu (BRL)\">Brazilsk\u00fd real (BRL)<\/a><\/li>\n<li> <a href=\"https:\/\/coinkickoff.com\/cs\/prices\/prices-cny\/\" data-internallinksmanager029f6b8e52c=\"121\" title=\"Top 100 \u017div\u00e9 ceny kryptom\u011bn v \u010d\u00ednsk\u00fdch renminbi (CNY)\">\u010c\u00ednsk\u00fd renminbi (CNY)<\/a><\/li>\n<li> <a href=\"https:\/\/coinkickoff.com\/cs\/prices\/prices-chf\/\" data-internallinksmanager029f6b8e52c=\"122\" title=\"Top 100 \u017div\u00e9 ceny kryptom\u011bn ve \u0161v\u00fdcarsk\u00e9m franku (CHF)\">\u0160v\u00fdcarsk\u00fd frank (CHF)<\/a><\/li>\n<li> <a href=\"https:\/\/coinkickoff.com\/cs\/prices\/prices-hkd\/\" data-internallinksmanager029f6b8e52c=\"123\" title=\"Top 100 \u017div\u00e9 ceny kryptom\u011bn v hongkongsk\u00fdch dolarech (HKD)\">Hongkongsk\u00e9 dolary (HKD)<\/a><\/li>\n<li> <a href=\"https:\/\/coinkickoff.com\/cs\/prices\/prices-sgd\/\" data-internallinksmanager029f6b8e52c=\"124\" title=\"Top 100 \u017div\u00e9 ceny kryptom\u011bn V Singapursk\u00fd dolar (SGD)\">Singapursk\u00fd dolar (SGD)<\/a><\/li>\n<li> <a href=\"https:\/\/coinkickoff.com\/cs\/prices\/prices-sek\/\" data-internallinksmanager029f6b8e52c=\"125\" title=\"Top 100 \u017div\u00e9 ceny kryptom\u011bn ve \u0161v\u00e9dsk\u00fdch korun\u00e1ch (SEK)\">\u0160v\u00e9dsk\u00e1 koruna (SEK)<\/a><\/li>\n<li> <a href=\"https:\/\/coinkickoff.com\/cs\/prices\/prices-nzd\/\" data-internallinksmanager029f6b8e52c=\"126\" title=\"Top 100 \u017div\u00e9 ceny kryptom\u011bn v novoz\u00e9landsk\u00e9m dolaru (NZD)\">Novoz\u00e9landsk\u00fd dolar (NZD)<\/a><\/li>\n<li> <a href=\"https:\/\/coinkickoff.com\/cs\/prices\/prices-inr\/\" data-internallinksmanager029f6b8e52c=\"127\" title=\"Top 100 \u017div\u00e9 ceny kryptom\u011bn v indick\u00e9 rupii (INR)\">Indick\u00e1 rupie (INR)<\/a><\/li>\n<li> <a href=\"https:\/\/coinkickoff.com\/cs\/prices\/prices-twd\/\" data-internallinksmanager029f6b8e52c=\"128\" title=\"Top 100 \u017div\u00e9 ceny kryptom\u011bn v nov\u00fdch tchajwansk\u00fdch dolarech (TWD)\">Nov\u00e9 tchajwansk\u00e9 dolary (TWD)<\/a><\/li>\n<li> <a href=\"https:\/\/coinkickoff.com\/cs\/prices\/prices-zar\/\" data-internallinksmanager029f6b8e52c=\"129\" title=\"Top 100 \u017div\u00e9 ceny kryptom\u011bn v Jihoafrick\u00fd rand (ZAR)\">Jihoafrick\u00fd rand (ZAR)<\/a><\/li>\n<li> <a href=\"https:\/\/coinkickoff.com\/cs\/prices\/prices-dkk\/\" data-internallinksmanager029f6b8e52c=\"130\" title=\"Top 100 \u017div\u00e9 ceny kryptom\u011bn v d\u00e1nsk\u00e9 korun\u011b (DKK)\">D\u00e1nsk\u00e1 koruna (DKK)<\/a><\/li>\n<li> <a href=\"https:\/\/coinkickoff.com\/cs\/prices\/prices-pln\/\" data-internallinksmanager029f6b8e52c=\"131\" title=\"Top 100 \u017div\u00e9 ceny kryptom\u011bn v polsk\u00fdch zlot\u00fdch (PLN)\">Polsk\u00fd zlot\u00fd (PLN)<\/a><\/li>\n<li> <a href=\"https:\/\/coinkickoff.com\/cs\/prices\/prices-czk\/\" data-internallinksmanager029f6b8e52c=\"132\" title=\"Top 100 \u017div\u00e9 ceny kryptom\u011bn v \u010desk\u00fdch korun\u00e1ch (CZK)\">\u010cesk\u00e1 koruna (CZK)<\/a><\/li>\n<li> <a href=\"https:\/\/coinkickoff.com\/cs\/prices\/prices-huf\/\" data-internallinksmanager029f6b8e52c=\"133\" title=\"Top 100 \u017div\u00e9 ceny kryptom\u011bn V Ma\u010farsk\u00fd forint (HUF)\">Ma\u010farsk\u00fd forint (HUF)<\/a><\/li>\n<li> Rusk\u00fd rubl (RUB)<\/li>\n<\/ul>","protected":false},"excerpt":{"rendered":"<p>Prohl\u00e9dn\u011bte si n\u00ed\u017ee aktualizace cen bitcoin a dal\u0161\u00edch 100 nejlep\u0161\u00edch kryptom\u011bn v re\u00e1ln\u00e9m \u010dase v rusk\u00e9m rublu (RUB). Kalkula\u010dka ceny kryptom\u011bn (RUB) Pou\u017eijte n\u00ed\u017ee uvedenou kalkula\u010dku pro sm\u011bnn\u00e9 kurzy v re\u00e1ln\u00e9m \u010dase mezi RUB a mnoha obl\u00edben\u00fdmi kryptom\u011bnami Mapa zm\u011bn cen: Top 20 kryptom\u011bn Zobrazit tak\u00e9 ceny v: (USD) Euro (EUD) Britsk\u00e1 libra \u0161terlink\u016f (GBP) Kanadsk\u00e1 libra \u0161terlink\u016f (GBP) [...]<\/p>","protected":false},"author":1,"featured_media":738,"parent":708,"menu_order":0,"comment_status":"closed","ping_status":"closed","template":"","meta":{"_genesis_hide_title":false,"_genesis_hide_breadcrumbs":false,"_genesis_hide_singular_image":false,"_genesis_hide_footer_widgets":false,"_genesis_custom_body_class":"","_genesis_custom_post_class":"","_genesis_layout":"","_glsr_average":0,"_glsr_ranking":0,"_glsr_reviews":0,"footnotes":""},"class_list":{"0":"post-828","1":"page","2":"type-page","3":"status-publish","4":"has-post-thumbnail","6":"entry"},"featured_image_src":"https:\/\/coinkickoff.com\/wp-content\/uploads\/crypto-prices-600x400.jpg","featured_image_src_square":"https:\/\/coinkickoff.com\/wp-content\/uploads\/crypto-prices-600x586.jpg","_links":{"self":[{"href":"https:\/\/coinkickoff.com\/cs\/wp-json\/wp\/v2\/pages\/828","targetHints":{"allow":["GET"]}}],"collection":[{"href":"https:\/\/coinkickoff.com\/cs\/wp-json\/wp\/v2\/pages"}],"about":[{"href":"https:\/\/coinkickoff.com\/cs\/wp-json\/wp\/v2\/types\/page"}],"author":[{"embeddable":true,"href":"https:\/\/coinkickoff.com\/cs\/wp-json\/wp\/v2\/users\/1"}],"replies":[{"embeddable":true,"href":"https:\/\/coinkickoff.com\/cs\/wp-json\/wp\/v2\/comments?post=828"}],"version-history":[{"count":4,"href":"https:\/\/coinkickoff.com\/cs\/wp-json\/wp\/v2\/pages\/828\/revisions"}],"predecessor-version":[{"id":1372,"href":"https:\/\/coinkickoff.com\/cs\/wp-json\/wp\/v2\/pages\/828\/revisions\/1372"}],"up":[{"embeddable":true,"href":"https:\/\/coinkickoff.com\/cs\/wp-json\/wp\/v2\/pages\/708"}],"wp:featuredmedia":[{"embeddable":true,"href":"https:\/\/coinkickoff.com\/cs\/wp-json\/wp\/v2\/media\/738"}],"wp:attachment":[{"href":"https:\/\/coinkickoff.com\/cs\/wp-json\/wp\/v2\/media?parent=828"}],"curies":[{"name":"wp","href":"https:\/\/api.w.org\/{rel}","templated":true}]}}