{"id":4628,"date":"2026-01-08T14:08:02","date_gmt":"2026-01-08T14:08:02","guid":{"rendered":"https:\/\/coinkickoff.com\/?page_id=4628"},"modified":"2026-01-08T14:08:02","modified_gmt":"2026-01-08T14:08:02","slug":"how-are-bitcoin-slots-different","status":"publish","type":"page","link":"https:\/\/coinkickoff.com\/cs\/bitcoin-casino\/how-are-bitcoin-slots-different\/","title":{"rendered":"Jak se li\u0161\u00ed automaty Bitcoin od tradi\u010dn\u00edch kasinov\u00fdch automat\u016f?"},"content":{"rendered":"<p><em>Upozorn\u011bn\u00ed: Hazardn\u00ed hry s sebou nesou zna\u010dn\u00e9 finan\u010dn\u00ed riziko. Hrajte pouze s pen\u011bzi, kter\u00e9 si m\u016f\u017eete dovolit prohr\u00e1t. N\u00ed\u017ee uveden\u00e9 informace maj\u00ed pouze informativn\u00ed charakter. Pokud se zaregistrujete a prohrajete pen\u00edze v n\u011bkter\u00e9 z n\u00e1sleduj\u00edc\u00edch her, m\u016f\u017ee n\u00e1m b\u00fdt vyplacena provize. <a href=\"https:\/\/coinkickoff.com\/cs\/bitcoin-casino\/\" data-internallinksmanager029f6b8e52c=\"200\" title=\"3 nejlep\u0161\u00ed Bitcoin krypto kasina s bonusy\">kasina<\/a>. Ne v\u0161echna kasina jsou dostupn\u00e1 ve v\u0161ech zem\u00edch. V\u0161echny informace jsme pova\u017eovali za spr\u00e1vn\u00e9 v dob\u011b zve\u0159ejn\u011bn\u00ed, ale mohly se od t\u00e9 doby zm\u011bnit.<\/em><\/p>\n<div id=\"ez-toc-container\" class=\"ez-toc-v2_0_80 counter-hierarchy ez-toc-counter ez-toc-transparent ez-toc-container-direction\">\n<div class=\"ez-toc-title-container\">\n<p class=\"ez-toc-title\" style=\"cursor:inherit\">Sekce<\/p>\n<span class=\"ez-toc-title-toggle\"><a href=\"#\" class=\"ez-toc-pull-right ez-toc-btn ez-toc-btn-xs ez-toc-btn-default ez-toc-toggle\" aria-label=\"P\u0159epnut\u00ed tabulky obsahu\"><span class=\"ez-toc-js-icon-con\"><span class=\"\"><span class=\"eztoc-hide\" style=\"display:none;\">P\u0159ep\u00edna\u010d<\/span><span class=\"ez-toc-icon-toggle-span\"><svg style=\"fill: #999;color:#999\" xmlns=\"http:\/\/www.w3.org\/2000\/svg\" class=\"list-377408\" width=\"20px\" height=\"20px\" viewbox=\"0 0 24 24\" fill=\"none\"><path d=\"M6 6H4v2h2V6zm14 0H8v2h12V6zM4 11h2v2H4v-2zm16 0H8v2h12v-2zM4 16h2v2H4v-2zm16 0H8v2h12v-2z\" fill=\"currentColor\"><\/path><\/svg><svg style=\"fill: #999;color:#999\" class=\"arrow-unsorted-368013\" xmlns=\"http:\/\/www.w3.org\/2000\/svg\" width=\"10px\" height=\"10px\" viewbox=\"0 0 24 24\" version=\"1.2\" baseprofile=\"tiny\"><path d=\"M18.2 9.3l-6.2-6.3-6.2 6.3c-.2.2-.3.4-.3.7s.1.5.3.7c.2.2.4.3.7.3h11c.3 0 .5-.1.7-.3.2-.2.3-.5.3-.7s-.1-.5-.3-.7zM5.8 14.7l6.2 6.3 6.2-6.3c.2-.2.3-.5.3-.7s-.1-.5-.3-.7c-.2-.2-.4-.3-.7-.3h-11c-.3 0-.5.1-.7.3-.2.2-.3.5-.3.7s.1.5.3.7z\"\/><\/svg><\/span><\/span><\/span><\/a><\/span><\/div>\n<nav><ul class='ez-toc-list ez-toc-list-level-1 eztoc-toggle-hide-by-default' ><li class='ez-toc-page-1 ez-toc-heading-level-2'><a class=\"ez-toc-link ez-toc-heading-1\" href=\"https:\/\/coinkickoff.com\/cs\/bitcoin-casino\/how-are-bitcoin-slots-different\/#Overview_of_Bitcoin_Slots\" >P\u0159ehled slot\u016f Bitcoin<\/a><ul class='ez-toc-list-level-3' ><li class='ez-toc-heading-level-3'><a class=\"ez-toc-link ez-toc-heading-2\" href=\"https:\/\/coinkickoff.com\/cs\/bitcoin-casino\/how-are-bitcoin-slots-different\/#Definition_of_Bitcoin_Slots\" >Definice slot\u016f Bitcoin<\/a><\/li><li class='ez-toc-page-1 ez-toc-heading-level-3'><a class=\"ez-toc-link ez-toc-heading-3\" href=\"https:\/\/coinkickoff.com\/cs\/bitcoin-casino\/how-are-bitcoin-slots-different\/#Primary_Characteristics\" >Z\u00e1kladn\u00ed charakteristiky<\/a><\/li><li class='ez-toc-page-1 ez-toc-heading-level-3'><a class=\"ez-toc-link ez-toc-heading-4\" href=\"https:\/\/coinkickoff.com\/cs\/bitcoin-casino\/how-are-bitcoin-slots-different\/#Comparison_with_Traditional_Slots\" >Srovn\u00e1n\u00ed s tradi\u010dn\u00edmi automaty<\/a><\/li><\/ul><\/li><li class='ez-toc-page-1 ez-toc-heading-level-2'><a class=\"ez-toc-link ez-toc-heading-5\" href=\"https:\/\/coinkickoff.com\/cs\/bitcoin-casino\/how-are-bitcoin-slots-different\/#Operational_Mechanisms\" >Provozn\u00ed mechanismy<\/a><ul class='ez-toc-list-level-3' ><li class='ez-toc-heading-level-3'><a class=\"ez-toc-link ez-toc-heading-6\" href=\"https:\/\/coinkickoff.com\/cs\/bitcoin-casino\/how-are-bitcoin-slots-different\/#Underlying_Technology\" >Z\u00e1kladn\u00ed technologie<\/a><\/li><li class='ez-toc-page-1 ez-toc-heading-level-3'><a class=\"ez-toc-link ez-toc-heading-7\" href=\"https:\/\/coinkickoff.com\/cs\/bitcoin-casino\/how-are-bitcoin-slots-different\/#Random_Number_Generation\" >Generov\u00e1n\u00ed n\u00e1hodn\u00fdch \u010d\u00edsel<\/a><\/li><li class='ez-toc-page-1 ez-toc-heading-level-3'><a class=\"ez-toc-link ez-toc-heading-8\" href=\"https:\/\/coinkickoff.com\/cs\/bitcoin-casino\/how-are-bitcoin-slots-different\/#Transaction_Process\" >Transak\u010dn\u00ed proces<\/a><\/li><\/ul><\/li><li class='ez-toc-page-1 ez-toc-heading-level-2'><a class=\"ez-toc-link ez-toc-heading-9\" href=\"https:\/\/coinkickoff.com\/cs\/bitcoin-casino\/how-are-bitcoin-slots-different\/#User_Experience_and_Accessibility\" >U\u017eivatelsk\u00fd komfort a p\u0159\u00edstupnost<\/a><ul class='ez-toc-list-level-3' ><li class='ez-toc-heading-level-3'><a class=\"ez-toc-link ez-toc-heading-10\" href=\"https:\/\/coinkickoff.com\/cs\/bitcoin-casino\/how-are-bitcoin-slots-different\/#Interface_and_Design_Differences\" >Rozd\u00edly v rozhran\u00ed a designu<\/a><\/li><li class='ez-toc-page-1 ez-toc-heading-level-3'><a class=\"ez-toc-link ez-toc-heading-11\" href=\"https:\/\/coinkickoff.com\/cs\/bitcoin-casino\/how-are-bitcoin-slots-different\/#Payment_and_Withdrawal_Methods\" >Zp\u016fsoby platby a v\u00fdb\u011bru<\/a><\/li><li class='ez-toc-page-1 ez-toc-heading-level-3'><a class=\"ez-toc-link ez-toc-heading-12\" href=\"https:\/\/coinkickoff.com\/cs\/bitcoin-casino\/how-are-bitcoin-slots-different\/#Anonymity_and_Security\" >Anonymita a zabezpe\u010den\u00ed<\/a><\/li><\/ul><\/li><li class='ez-toc-page-1 ez-toc-heading-level-2'><a class=\"ez-toc-link ez-toc-heading-13\" href=\"https:\/\/coinkickoff.com\/cs\/bitcoin-casino\/how-are-bitcoin-slots-different\/#Frequently_Asked_Questions\" >\u010casto kladen\u00e9 ot\u00e1zky<\/a><ul class='ez-toc-list-level-3' ><li class='ez-toc-heading-level-3'><a class=\"ez-toc-link ez-toc-heading-14\" href=\"https:\/\/coinkickoff.com\/cs\/bitcoin-casino\/how-are-bitcoin-slots-different\/#What_advantages_do_Bitcoin_slots_offer_over_traditional_slot_machines\" >Jak\u00e9 v\u00fdhody nab\u00edzej\u00ed automaty Bitcoin oproti tradi\u010dn\u00edm v\u00fdhern\u00edm automat\u016fm?<\/a><\/li><li class='ez-toc-page-1 ez-toc-heading-level-3'><a class=\"ez-toc-link ez-toc-heading-15\" href=\"https:\/\/coinkickoff.com\/cs\/bitcoin-casino\/how-are-bitcoin-slots-different\/#How_do_crypto-based_slot_games_ensure_fairness\" >Jak je u v\u00fdhern\u00edch automat\u016f zalo\u017een\u00fdch na kryptom\u011bn\u00e1ch zaji\u0161t\u011bna spravedlnost?<\/a><\/li><li class='ez-toc-page-1 ez-toc-heading-level-3'><a class=\"ez-toc-link ez-toc-heading-16\" href=\"https:\/\/coinkickoff.com\/cs\/bitcoin-casino\/how-are-bitcoin-slots-different\/#Can_players_use_Bitcoin_on_all_online_slot_platforms\" >Mohou hr\u00e1\u010di pou\u017e\u00edvat Bitcoin na v\u0161ech online v\u00fdhern\u00edch platform\u00e1ch?<\/a><\/li><li class='ez-toc-page-1 ez-toc-heading-level-3'><a class=\"ez-toc-link ez-toc-heading-17\" href=\"https:\/\/coinkickoff.com\/cs\/bitcoin-casino\/how-are-bitcoin-slots-different\/#What_are_the_legal_implications_of_using_Bitcoin_for_gambling\" >Jak\u00e9 jsou pr\u00e1vn\u00ed d\u016fsledky pou\u017e\u00edv\u00e1n\u00ed Bitcoin pro hazardn\u00ed hry?<\/a><\/li><li class='ez-toc-page-1 ez-toc-heading-level-3'><a class=\"ez-toc-link ez-toc-heading-18\" href=\"https:\/\/coinkickoff.com\/cs\/bitcoin-casino\/how-are-bitcoin-slots-different\/#Why_might_Bitcoin_slots_offer_more_privacy_than_regular_slots\" >Pro\u010d mohou sloty Bitcoin poskytovat v\u00edce soukrom\u00ed ne\u017e b\u011b\u017en\u00e9 sloty?<\/a><\/li><li class='ez-toc-page-1 ez-toc-heading-level-3'><a class=\"ez-toc-link ez-toc-heading-19\" href=\"https:\/\/coinkickoff.com\/cs\/bitcoin-casino\/how-are-bitcoin-slots-different\/#In_what_ways_can_the_payouts_differ_between_Bitcoin_slots_and_conventional_slots\" >V \u010dem se mohou li\u0161it v\u00fdplaty na automatech Bitcoin a b\u011b\u017en\u00fdch automatech?<\/a><\/li><\/ul><\/li><\/ul><\/nav><\/div>\n<h2><span class=\"ez-toc-section\" id=\"Overview_of_Bitcoin_Slots\"><\/span>P\u0159ehled slot\u016f Bitcoin<span class=\"ez-toc-section-end\"><\/span><\/h2>\n<p><img decoding=\"async\" src=\"https:\/\/coinkickoff.com\/wp-content\/uploads\/v2-3dh2w-v0uhq.jpg\" alt=\"\"><\/p>\n<p><a href=\"https:\/\/coinkickoff.com\/cs\/bitcoin-casino\/how-to-play-crypto-slots\/\" data-internallinksmanager029f6b8e52c=\"205\" title=\"Jak hr\u00e1t Crypto Slots: Pr\u016fvodce krok za krokem\">Sloty Bitcoin<\/a> integrovat pou\u017e\u00edv\u00e1n\u00ed kryptom\u011bn pro s\u00e1zen\u00ed a transakce, co\u017e p\u0159in\u00e1\u0161\u00ed modern\u00ed n\u00e1dech do hern\u00edch automat\u016f.<\/p>\n<h3><span class=\"ez-toc-section\" id=\"Definition_of_Bitcoin_Slots\"><\/span>Definice slot\u016f Bitcoin<span class=\"ez-toc-section-end\"><\/span><\/h3>\n<p>Bitcoin sloty jsou kasinov\u00e9 v\u00fdhern\u00ed automaty, kter\u00e9 pou\u017e\u00edvaj\u00ed jako m\u011bnu Bitcoin. Tyto sloty se nach\u00e1zej\u00ed na online platform\u00e1ch, kter\u00e9 podporuj\u00ed technologii blockchain a jsou ur\u010deny speci\u00e1ln\u011b pro u\u017eivatele kryptom\u011bn.<\/p>\n<h3><span class=\"ez-toc-section\" id=\"Primary_Characteristics\"><\/span>Z\u00e1kladn\u00ed charakteristiky<span class=\"ez-toc-section-end\"><\/span><\/h3>\n<p><strong>Decentralizace<\/strong>: Automaty Bitcoin funguj\u00ed v decentralizovan\u00e9 s\u00edti, bez tradi\u010dn\u00edch bankovn\u00edch syst\u00e9m\u016f.<br \/>\n<strong>Ochrana osobn\u00edch \u00fadaj\u016f<\/strong>: U\u017eivatel\u00e9 maj\u00ed v\u011bt\u0161\u00ed soukrom\u00ed, proto\u017ee osobn\u00ed \u00fadaje nejsou v\u00e1z\u00e1ny na transakce.<br \/>\n<strong>Prokazateln\u011b spravedliv\u00e9<\/strong>: Obsahuj\u00ed prokazateln\u011b spravedliv\u00e9 algoritmy, kter\u00e9 umo\u017e\u0148uj\u00ed hr\u00e1\u010d\u016fm nez\u00e1visle ov\u011b\u0159it spravedlnost ka\u017ed\u00e9ho rozto\u010den\u00ed.<br \/>\n<strong>Rychl\u00e9 transakce<\/strong>: Vklady a v\u00fdb\u011bry b\u00fdvaj\u00ed d\u00edky povaze blockchainu rychlej\u0161\u00ed ne\u017e u tradi\u010dn\u00ed m\u011bny.<br \/>\n<strong>Exkluzivn\u00ed bonusy<\/strong>: N\u011bkter\u00e9 sloty Bitcoin nab\u00edzej\u00ed speci\u00e1ln\u00ed bonusy pro u\u017eivatele, kte\u0159\u00ed hraj\u00ed s kryptom\u011bnou.<\/p>\n<h3><span class=\"ez-toc-section\" id=\"Comparison_with_Traditional_Slots\"><\/span>Srovn\u00e1n\u00ed s tradi\u010dn\u00edmi automaty<span class=\"ez-toc-section-end\"><\/span><\/h3>\n<ul>\n<li><strong>M\u011bna<\/strong>: Tradi\u010dn\u00ed sloty pou\u017e\u00edvaj\u00ed fiat m\u011bnu, sloty Bitcoin pou\u017e\u00edvaj\u00ed kryptom\u011bnu.<\/li>\n<li><strong>Zpracov\u00e1n\u00ed plateb<\/strong>: Tradi\u010dn\u00ed sloty se spol\u00e9haj\u00ed na standardn\u00ed bankovn\u00ed metody, sloty Bitcoin vyu\u017e\u00edvaj\u00ed blockchain, co\u017e m\u016f\u017ee v\u00e9st k rychlej\u0161\u00edmu zpracov\u00e1n\u00ed.<\/li>\n<li><strong>Na\u0159\u00edzen\u00ed<\/strong>: Bitcoin sloty mohou \u010delit r\u016fzn\u00fdm regulac\u00edm vzhledem k decentralizovan\u00e9 povaze kryptom\u011bny.<\/li>\n<\/ul>\n<h2><span class=\"ez-toc-section\" id=\"Operational_Mechanisms\"><\/span>Provozn\u00ed mechanismy<span class=\"ez-toc-section-end\"><\/span><\/h2>\n<p><img decoding=\"async\" src=\"https:\/\/coinkickoff.com\/wp-content\/uploads\/v2-3dh39-38urg.jpg\" alt=\"\"><\/p>\n<p>Automaty Bitcoin v\u00fdrazn\u011b vyu\u017e\u00edvaj\u00ed technologickou zdatnost kryptom\u011bn, zat\u00edmco b\u011b\u017en\u00e9 automaty jsou tradi\u010dn\u011b v\u00e1z\u00e1ny na fiat m\u011bny. Tyto provozn\u00ed rozd\u00edly podtrhuj\u00ed jedine\u010dnost slot\u016f Bitcoin v hern\u00edm pr\u016fmyslu.<\/p>\n<h3><span class=\"ez-toc-section\" id=\"Underlying_Technology\"><\/span>Z\u00e1kladn\u00ed technologie<span class=\"ez-toc-section-end\"><\/span><\/h3>\n<p>Sloty Bitcoin pracuj\u00ed na <strong>technologie blockchain<\/strong>, co\u017e zaji\u0161\u0165uje transparentnost a nem\u011bnnost. Transakce v r\u00e1mci t\u011bchto slot\u016f jsou zaznamen\u00e1v\u00e1ny na distribuovan\u00e9m <a href=\"https:\/\/coinkickoff.com\/cs\/what-is-ledger-wallet\/\" data-internallinksmanager029f6b8e52c=\"167\" title=\"Recenze pen\u011b\u017eenky Ledger 2023: Pro a proti: poplatky, funkce, bezpe\u010dnost, v\u00fdhody a nev\u00fdhody\">\u00fa\u010detn\u00ed kniha<\/a>, kter\u00e9 jsou viditeln\u00e9 pro v\u0161echny, ale nikdo je nem\u016f\u017ee zm\u011bnit, co\u017e podporuje vysokou m\u00edru d\u016fv\u011bry. B\u011b\u017en\u00e9 hrac\u00ed automaty se naproti tomu spol\u00e9haj\u00ed na hern\u00ed software um\u00edst\u011bn\u00fd na soukrom\u00fdch serverech, kde se hr\u00e1\u010di mus\u00ed spolehnout na pov\u011bst kasina, pokud jde o f\u00e9rovost a bezpe\u010dnost.<\/p>\n<h3><span class=\"ez-toc-section\" id=\"Random_Number_Generation\"><\/span>Generov\u00e1n\u00ed n\u00e1hodn\u00fdch \u010d\u00edsel<span class=\"ez-toc-section-end\"><\/span><\/h3>\n<p>Sloty Bitcoin i b\u011b\u017en\u00e9 sloty pou\u017e\u00edvaj\u00ed <strong>Gener\u00e1tory n\u00e1hodn\u00fdch \u010d\u00edsel (RNG)<\/strong> aby byl v\u00fdsledek ka\u017ed\u00e9ho rozto\u010den\u00ed \u010dist\u011b n\u00e1hodn\u00fd. Automaty Bitcoin v\u0161ak \u010dasto vyu\u017e\u00edvaj\u00ed <strong>prokazateln\u011b spravedliv\u00e9 algoritmy<\/strong>, kter\u00e9 hr\u00e1\u010d\u016fm umo\u017e\u0148uj\u00ed nez\u00e1visle ov\u011b\u0159it n\u00e1hodnost ka\u017ed\u00e9ho v\u00fdsledku. To kontrastuje s b\u011b\u017en\u00fdmi automaty, kter\u00e9 vyu\u017e\u00edvaj\u00ed vlastn\u00ed RNG, jejich\u017e spravedlnost kontroluj\u00ed nez\u00e1visl\u00e9 firmy.<\/p>\n<ul>\n<li><strong>Prokazateln\u011b spravedliv\u00fd algoritmus<\/strong>: Kryptografick\u00e1 metoda zaji\u0161\u0165uj\u00edc\u00ed f\u00e9rovost hry.<\/li>\n<li><strong>Propriet\u00e1rn\u00ed RNG<\/strong>: Uzav\u0159en\u00e9 syst\u00e9my pou\u017e\u00edvan\u00e9 v pravideln\u00fdch \u010dasov\u00fdch \u00fasec\u00edch, kter\u00e9 podl\u00e9haj\u00ed audit\u016fm.<\/li>\n<\/ul>\n<h3><span class=\"ez-toc-section\" id=\"Transaction_Process\"><\/span>Transak\u010dn\u00ed proces<span class=\"ez-toc-section-end\"><\/span><\/h3>\n<p>Transak\u010dn\u00ed proces ve slotech Bitcoin je v\u00fdrazn\u011b odli\u0161n\u00fd a nab\u00edz\u00ed <strong>okam\u017eit\u00e9 peer-to-peer transakce<\/strong> kter\u00e9 umo\u017e\u0148uj\u00ed hr\u00e1\u010d\u016fm vkl\u00e1dat a vyb\u00edrat pen\u00edze t\u00e9m\u011b\u0159 okam\u017eit\u011b.<\/p>\n<ul>\n<li><strong>Vklady<\/strong>: Odesl\u00e1no p\u0159\u00edmo z pen\u011b\u017eenky Bitcoin hr\u00e1\u010de do pen\u011b\u017eenky kasina.<\/li>\n<li><strong>V\u00fdb\u011bry<\/strong>: P\u0159evedeno zp\u011bt do pen\u011b\u017eenky hr\u00e1\u010de, \u010dasto bez nutnosti schv\u00e1len\u00ed bankovn\u00ed instituc\u00ed.<\/li>\n<\/ul>\n<p>Na druhou stranu b\u011b\u017en\u00e9 automaty zahrnuj\u00ed banky nebo jin\u00e9 finan\u010dn\u00ed zprost\u0159edkovatele, kte\u0159\u00ed mohou transakce zdr\u017eovat dobou zpracov\u00e1n\u00ed a dal\u0161\u00edmi poplatky.<\/p>\n<h2><span class=\"ez-toc-section\" id=\"User_Experience_and_Accessibility\"><\/span>U\u017eivatelsk\u00fd komfort a p\u0159\u00edstupnost<span class=\"ez-toc-section-end\"><\/span><\/h2>\n<p><img decoding=\"async\" src=\"https:\/\/coinkickoff.com\/wp-content\/uploads\/v2-3dh3q-bmbhr.jpg\" alt=\"\"><\/p>\n<p>Bitcoin automaty zm\u011bnily interakci s u\u017eivateli a p\u0159\u00edstupnost online her d\u00edky odli\u0161n\u00fdm rozhran\u00edm, zp\u016fsob\u016fm platby a v\u011bt\u0161\u00edmu soukrom\u00ed.<\/p>\n<h3><span class=\"ez-toc-section\" id=\"Interface_and_Design_Differences\"><\/span>Rozd\u00edly v rozhran\u00ed a designu<span class=\"ez-toc-section-end\"><\/span><\/h3>\n<p>Sloty Bitcoin jsou \u010dasto vybaveny <strong>modern\u00ed a intuitivn\u00ed rozhran\u00ed<\/strong>, p\u0159ij\u00edm\u00e1n\u00ed trend\u016f v oblasti webov\u00e9ho designu. Hr\u00e1\u010di se mohou setkat s interaktivn\u00edmi prvky, jako nap\u0159:<\/p>\n<ul>\n<li>Sledov\u00e1n\u00ed pokroku pro bonusy.<\/li>\n<li>V re\u00e1ln\u00e9m \u010dase <a href=\"https:\/\/coinkickoff.com\/cs\/crypto-exchanges\/\" data-internallinksmanager029f6b8e52c=\"141\" title=\"21 Nejlep\u0161\u00ed kryptom\u011bnov\u00e9 burzy a aplikace v roce 2024\">sm\u011bn\u00e1rna kryptom\u011bn<\/a> sazby.<\/li>\n<\/ul>\n<p>Pravideln\u00e9 sloty maj\u00ed tendenci <a href=\"https:\/\/coinkickoff.com\/cs\/uphold-review\/\" data-internallinksmanager029f6b8e52c=\"156\" title=\"Uphold Recenze 2023: Poplatky, funkce, bezpe\u010dnost, klady a z\u00e1pory\">dodr\u017eovat<\/a> a <strong>klasick\u00fd designov\u00fd \u00e9tos<\/strong>, s rozhran\u00edmi, kter\u00e1 up\u0159ednost\u0148uj\u00ed zn\u00e1most a jednoduchost, jako jsou statick\u00e9 displeje jackpot\u016f.<\/p>\n<h3><span class=\"ez-toc-section\" id=\"Payment_and_Withdrawal_Methods\"><\/span>Zp\u016fsoby platby a v\u00fdb\u011bru<span class=\"ez-toc-section-end\"><\/span><\/h3>\n<table>\n<thead>\n<tr>\n<th>Metoda<\/th>\n<th>Sloty Bitcoin<\/th>\n<th>B\u011b\u017en\u00e9 sloty<\/th>\n<\/tr>\n<\/thead>\n<tbody>\n<tr>\n<td>Vklady<\/td>\n<td>P\u0159\u00edmo z kryptopen\u011b\u017eenek, t\u00e9m\u011b\u0159 okam\u017eit\u011b.<\/td>\n<td>Prost\u0159ednictv\u00edm bankovn\u00edch karet, elektronick\u00fdch pen\u011b\u017eenek nebo bankovn\u00edch p\u0159evod\u016f s r\u016fznou dobou zpracov\u00e1n\u00ed.<\/td>\n<\/tr>\n<tr>\n<td>V\u00fdb\u011bry<\/td>\n<td>Obvykle se zpracov\u00e1v\u00e1 b\u011bhem n\u011bkolika minut a\u017e hodin.<\/td>\n<td>M\u016f\u017ee to trvat n\u011bkolik dn\u00ed a \u010dasto jsou stanoveny minim\u00e1ln\u00ed limity pro v\u00fdb\u011br.<\/td>\n<\/tr>\n<\/tbody>\n<\/table>\n<p>Slotov\u00e9 platformy Bitcoin obecn\u011b nab\u00edzej\u00ed <strong>transakce bez t\u0159en\u00ed<\/strong> vzhledem k povaze technologie blockchain.<\/p>\n<h3><span class=\"ez-toc-section\" id=\"Anonymity_and_Security\"><\/span>Anonymita a zabezpe\u010den\u00ed<span class=\"ez-toc-section-end\"><\/span><\/h3>\n<p>V automatech Bitcoin maj\u00ed hr\u00e1\u010di vy\u0161\u0161\u00ed stupe\u0148 <strong>anonymita<\/strong>. Jsou to:<\/p>\n<ul>\n<li>nemus\u00ed sd\u00edlet tolik osobn\u00edch \u00fadaj\u016f.<\/li>\n<li>Vyu\u017e\u00edvejte v\u00fdhod bezpe\u010dnostn\u00edch prvk\u016f, kter\u00e9 jsou vlastn\u00ed technologii blockchain.<\/li>\n<\/ul>\n<p>Pravideln\u00e9 sloty se naopak mus\u00ed \u0159\u00eddit p\u0159\u00edsn\u00fdmi pravidly. <strong>regula\u010dn\u00ed a ov\u011b\u0159ovac\u00ed procesy<\/strong>, co\u017e \u010dasto vy\u017eaduje podrobn\u00e9 osobn\u00ed \u00fadaje u\u017eivatel\u016f.<\/p>\n<h2><span class=\"ez-toc-section\" id=\"Frequently_Asked_Questions\"><\/span>\u010casto kladen\u00e9 ot\u00e1zky<span class=\"ez-toc-section-end\"><\/span><\/h2>\n<p><img decoding=\"async\" src=\"https:\/\/coinkickoff.com\/wp-content\/uploads\/v2-3dh42-3zxyj.jpg\" alt=\"\"><\/p>\n<p>Tato \u010d\u00e1st se zab\u00fdv\u00e1 b\u011b\u017en\u00fdmi dotazy t\u00fdkaj\u00edc\u00edmi se rozd\u00edl\u016f mezi automaty Bitcoin a tradi\u010dn\u00edmi v\u00fdhern\u00edmi automaty a zam\u011b\u0159uje se na aspekty, jako jsou v\u00fdhody, spravedlnost, dostupnost, pr\u00e1vn\u00ed aspekty, soukrom\u00ed a v\u00fdplatn\u00ed varianty.<\/p>\n<h3><span class=\"ez-toc-section\" id=\"What_advantages_do_Bitcoin_slots_offer_over_traditional_slot_machines\"><\/span>Jak\u00e9 v\u00fdhody nab\u00edzej\u00ed automaty Bitcoin oproti tradi\u010dn\u00edm v\u00fdhern\u00edm automat\u016fm?<span class=\"ez-toc-section-end\"><\/span><\/h3>\n<p>Sloty Bitcoin obvykle poskytuj\u00ed u\u017eivatel\u016fm v\u011bt\u0161\u00ed soukrom\u00ed, proto\u017ee pro transakce nevy\u017eaduj\u00ed v\u017edy osobn\u00ed \u00fadaje. V porovn\u00e1n\u00ed s tradi\u010dn\u00edmi bankovn\u00edmi metodami nab\u00edzej\u00ed tak\u00e9 rychlej\u0161\u00ed transak\u010dn\u00ed \u010dasy, proto\u017ee transakce Bitcoin mohou b\u00fdt zpracov\u00e1ny rychle bez pot\u0159eby centr\u00e1ln\u00edho org\u00e1nu.<\/p>\n<h3><span class=\"ez-toc-section\" id=\"How_do_crypto-based_slot_games_ensure_fairness\"><\/span>Jak je u v\u00fdhern\u00edch automat\u016f zalo\u017een\u00fdch na kryptom\u011bn\u00e1ch zaji\u0161t\u011bna spravedlnost?<span class=\"ez-toc-section-end\"><\/span><\/h3>\n<p>Kryptografick\u00e9 v\u00fdhern\u00ed automaty \u010dasto pou\u017e\u00edvaj\u00ed prokazateln\u011b spravedliv\u00e9 algoritmy, kter\u00e9 hr\u00e1\u010d\u016fm umo\u017e\u0148uj\u00ed nez\u00e1visle ov\u011b\u0159it spravedlnost ka\u017ed\u00e9ho rozto\u010den\u00ed. Tento syst\u00e9m zaji\u0161\u0165uje transparentnost t\u00edm, \u017ee pomoc\u00ed kryptografick\u00fdch technik prokazuje, \u017ee v\u00fdsledek hry nebyl zmanipulov\u00e1n.<\/p>\n<h3><span class=\"ez-toc-section\" id=\"Can_players_use_Bitcoin_on_all_online_slot_platforms\"><\/span>Mohou hr\u00e1\u010di pou\u017e\u00edvat Bitcoin na v\u0161ech online v\u00fdhern\u00edch platform\u00e1ch?<span class=\"ez-toc-section-end\"><\/span><\/h3>\n<p>Ne v\u0161echny online v\u00fdhern\u00ed automaty akceptuj\u00ed Bitcoin. Zat\u00edmco po\u010det platforem podporuj\u00edc\u00edch kryptom\u011bny roste, hr\u00e1\u010di mus\u00ed zkontrolovat platebn\u00ed mo\u017enosti ka\u017ed\u00e9 str\u00e1nky, aby zjistili, zda je Bitcoin akceptov\u00e1n.<\/p>\n<h3><span class=\"ez-toc-section\" id=\"What_are_the_legal_implications_of_using_Bitcoin_for_gambling\"><\/span>Jak\u00e9 jsou pr\u00e1vn\u00ed d\u016fsledky pou\u017e\u00edv\u00e1n\u00ed Bitcoin pro hazardn\u00ed hry?<span class=\"ez-toc-section-end\"><\/span><\/h3>\n<p>Pr\u00e1vn\u00ed d\u016fsledky pou\u017e\u00edv\u00e1n\u00ed Bitcoin pro hazardn\u00ed hry se li\u0161\u00ed podle jurisdikce. Hr\u00e1\u010di jsou zodpov\u011bdn\u00ed za pochopen\u00ed a dodr\u017eov\u00e1n\u00ed m\u00edstn\u00edch z\u00e1kon\u016f t\u00fdkaj\u00edc\u00edch se online hazardn\u00edch her a pou\u017e\u00edv\u00e1n\u00ed kryptom\u011bn.<\/p>\n<h3><span class=\"ez-toc-section\" id=\"Why_might_Bitcoin_slots_offer_more_privacy_than_regular_slots\"><\/span>Pro\u010d mohou sloty Bitcoin poskytovat v\u00edce soukrom\u00ed ne\u017e b\u011b\u017en\u00e9 sloty?<span class=\"ez-toc-section-end\"><\/span><\/h3>\n<p>Automaty Bitcoin mohou nab\u00eddnout v\u00edce soukrom\u00ed, proto\u017ee transakce s Bitcoin nemus\u00ed nutn\u011b zahrnovat sd\u00edlen\u00ed osobn\u00edch bankovn\u00edch \u00fadaj\u016f. Hr\u00e1\u010di tak mohou hr\u00e1t, ani\u017e by jejich aktivita byla snadno zp\u011btn\u011b dohledateln\u00e1 finan\u010dn\u00edmi institucemi.<\/p>\n<h3><span class=\"ez-toc-section\" id=\"In_what_ways_can_the_payouts_differ_between_Bitcoin_slots_and_conventional_slots\"><\/span>V \u010dem se mohou li\u0161it v\u00fdplaty na automatech Bitcoin a b\u011b\u017en\u00fdch automatech?<span class=\"ez-toc-section-end\"><\/span><\/h3>\n<p>V\u00fdplaty v automatech Bitcoin mohou b\u00fdt v\u00fdznamn\u011bj\u0161\u00ed d\u00edky potenci\u00e1ln\u011b ni\u017e\u0161\u00edm provozn\u00edm n\u00e1klad\u016fm na transakce s kryptom\u011bnami. N\u011bkter\u00e9 sloty Bitcoin nav\u00edc nab\u00edzej\u00ed jedine\u010dn\u00e9 jackpoty vypl\u00e1cen\u00e9 v kryptom\u011bn\u011b, jej\u00ed\u017e hodnota m\u016f\u017ee kol\u00edsat, co\u017e n\u011bkdy zvy\u0161uje hodnotu v\u00fdplaty ve fiat m\u011bn\u011b.<\/p>","protected":false},"excerpt":{"rendered":"<p>Upozorn\u011bn\u00ed: Hazardn\u00ed hry s sebou nesou zna\u010dn\u00e9 finan\u010dn\u00ed riziko. Hrajte pouze s pen\u011bzi, kter\u00e9 si m\u016f\u017eete dovolit prohr\u00e1t. N\u00ed\u017ee uveden\u00e9 informace maj\u00ed pouze informativn\u00ed charakter. Pokud se zaregistrujete a prohrajete pen\u00edze v n\u011bkter\u00e9m z n\u00e1sleduj\u00edc\u00edch kasin, m\u016f\u017ee n\u00e1m b\u00fdt vyplacena provize. Ne v\u0161echna kasina jsou dostupn\u00e1 ve v\u0161ech zem\u00edch. Ve\u0161ker\u00e9 informace, kter\u00e9 uv\u00e1d\u00edme, jsou [...]<\/p>","protected":false},"author":1,"featured_media":4631,"parent":4440,"menu_order":0,"comment_status":"closed","ping_status":"closed","template":"","meta":{"_genesis_hide_title":false,"_genesis_hide_breadcrumbs":false,"_genesis_hide_singular_image":false,"_genesis_hide_footer_widgets":false,"_genesis_custom_body_class":"","_genesis_custom_post_class":"","_genesis_layout":"","_glsr_average":0,"_glsr_ranking":0,"_glsr_reviews":0,"footnotes":""},"class_list":{"0":"post-4628","1":"page","2":"type-page","3":"status-publish","4":"has-post-thumbnail","6":"entry"},"featured_image_src":"https:\/\/coinkickoff.com\/wp-content\/uploads\/v2-3dh3q-bmbhr-600x400.jpg","featured_image_src_square":"https:\/\/coinkickoff.com\/wp-content\/uploads\/v2-3dh3q-bmbhr-600x600.jpg","_links":{"self":[{"href":"https:\/\/coinkickoff.com\/cs\/wp-json\/wp\/v2\/pages\/4628","targetHints":{"allow":["GET"]}}],"collection":[{"href":"https:\/\/coinkickoff.com\/cs\/wp-json\/wp\/v2\/pages"}],"about":[{"href":"https:\/\/coinkickoff.com\/cs\/wp-json\/wp\/v2\/types\/page"}],"author":[{"embeddable":true,"href":"https:\/\/coinkickoff.com\/cs\/wp-json\/wp\/v2\/users\/1"}],"replies":[{"embeddable":true,"href":"https:\/\/coinkickoff.com\/cs\/wp-json\/wp\/v2\/comments?post=4628"}],"version-history":[{"count":3,"href":"https:\/\/coinkickoff.com\/cs\/wp-json\/wp\/v2\/pages\/4628\/revisions"}],"predecessor-version":[{"id":4635,"href":"https:\/\/coinkickoff.com\/cs\/wp-json\/wp\/v2\/pages\/4628\/revisions\/4635"}],"up":[{"embeddable":true,"href":"https:\/\/coinkickoff.com\/cs\/wp-json\/wp\/v2\/pages\/4440"}],"wp:featuredmedia":[{"embeddable":true,"href":"https:\/\/coinkickoff.com\/cs\/wp-json\/wp\/v2\/media\/4631"}],"wp:attachment":[{"href":"https:\/\/coinkickoff.com\/cs\/wp-json\/wp\/v2\/media?parent=4628"}],"curies":[{"name":"wp","href":"https:\/\/api.w.org\/{rel}","templated":true}]}}