{"id":4605,"date":"2026-01-08T14:07:58","date_gmt":"2026-01-08T14:07:58","guid":{"rendered":"https:\/\/coinkickoff.com\/?page_id=4605"},"modified":"2026-01-08T14:07:58","modified_gmt":"2026-01-08T14:07:58","slug":"how-is-bitcoin-poker-different","status":"publish","type":"page","link":"https:\/\/coinkickoff.com\/cs\/bitcoin-casino\/how-is-bitcoin-poker-different\/","title":{"rendered":"Jak se Bitcoin Poker li\u0161\u00ed od online pokeru?"},"content":{"rendered":"<p><em>Upozorn\u011bn\u00ed: Hazardn\u00ed hry s sebou nesou zna\u010dn\u00e9 finan\u010dn\u00ed riziko. Hrajte pouze s pen\u011bzi, kter\u00e9 si m\u016f\u017eete dovolit prohr\u00e1t. N\u00ed\u017ee uveden\u00e9 informace maj\u00ed pouze informativn\u00ed charakter. Pokud se zaregistrujete a prohrajete pen\u00edze v n\u011bkter\u00e9 z n\u00e1sleduj\u00edc\u00edch her, m\u016f\u017ee n\u00e1m b\u00fdt vyplacena provize. <a href=\"https:\/\/coinkickoff.com\/cs\/bitcoin-casino\/\" data-internallinksmanager029f6b8e52c=\"200\" title=\"3 nejlep\u0161\u00ed Bitcoin krypto kasina s bonusy\">kasina<\/a>. Ne v\u0161echna kasina jsou dostupn\u00e1 ve v\u0161ech zem\u00edch. V\u0161echny informace jsme pova\u017eovali za spr\u00e1vn\u00e9 v dob\u011b zve\u0159ejn\u011bn\u00ed, ale mohly se od t\u00e9 doby zm\u011bnit.<\/em><\/p>\n<div id=\"ez-toc-container\" class=\"ez-toc-v2_0_80 counter-hierarchy ez-toc-counter ez-toc-transparent ez-toc-container-direction\">\n<div class=\"ez-toc-title-container\">\n<p class=\"ez-toc-title\" style=\"cursor:inherit\">Sekce<\/p>\n<span class=\"ez-toc-title-toggle\"><a href=\"#\" class=\"ez-toc-pull-right ez-toc-btn ez-toc-btn-xs ez-toc-btn-default ez-toc-toggle\" aria-label=\"P\u0159epnut\u00ed tabulky obsahu\"><span class=\"ez-toc-js-icon-con\"><span class=\"\"><span class=\"eztoc-hide\" style=\"display:none;\">P\u0159ep\u00edna\u010d<\/span><span class=\"ez-toc-icon-toggle-span\"><svg style=\"fill: #999;color:#999\" xmlns=\"http:\/\/www.w3.org\/2000\/svg\" class=\"list-377408\" width=\"20px\" height=\"20px\" viewbox=\"0 0 24 24\" fill=\"none\"><path d=\"M6 6H4v2h2V6zm14 0H8v2h12V6zM4 11h2v2H4v-2zm16 0H8v2h12v-2zM4 16h2v2H4v-2zm16 0H8v2h12v-2z\" fill=\"currentColor\"><\/path><\/svg><svg style=\"fill: #999;color:#999\" class=\"arrow-unsorted-368013\" xmlns=\"http:\/\/www.w3.org\/2000\/svg\" width=\"10px\" height=\"10px\" viewbox=\"0 0 24 24\" version=\"1.2\" baseprofile=\"tiny\"><path d=\"M18.2 9.3l-6.2-6.3-6.2 6.3c-.2.2-.3.4-.3.7s.1.5.3.7c.2.2.4.3.7.3h11c.3 0 .5-.1.7-.3.2-.2.3-.5.3-.7s-.1-.5-.3-.7zM5.8 14.7l6.2 6.3 6.2-6.3c.2-.2.3-.5.3-.7s-.1-.5-.3-.7c-.2-.2-.4-.3-.7-.3h-11c-.3 0-.5.1-.7.3-.2.2-.3.5-.3.7s.1.5.3.7z\"\/><\/svg><\/span><\/span><\/span><\/a><\/span><\/div>\n<nav><ul class='ez-toc-list ez-toc-list-level-1 eztoc-toggle-hide-by-default' ><li class='ez-toc-page-1 ez-toc-heading-level-2'><a class=\"ez-toc-link ez-toc-heading-1\" href=\"https:\/\/coinkickoff.com\/cs\/bitcoin-casino\/how-is-bitcoin-poker-different\/#Understanding_Bitcoin_Poker\" >Porozum\u011bn\u00ed pokeru Bitcoin<\/a><ul class='ez-toc-list-level-3' ><li class='ez-toc-heading-level-3'><a class=\"ez-toc-link ez-toc-heading-2\" href=\"https:\/\/coinkickoff.com\/cs\/bitcoin-casino\/how-is-bitcoin-poker-different\/#Definition_and_Concept_of_Bitcoin_Poker\" >Definice a pojet\u00ed pokeru Bitcoin<\/a><\/li><li class='ez-toc-page-1 ez-toc-heading-level-3'><a class=\"ez-toc-link ez-toc-heading-3\" href=\"https:\/\/coinkickoff.com\/cs\/bitcoin-casino\/how-is-bitcoin-poker-different\/#Key_Differences_Between_Bitcoin_Poker_and_Online_Poker\" >Hlavn\u00ed rozd\u00edly mezi pokerem Bitcoin a online pokerem<\/a><\/li><li class='ez-toc-page-1 ez-toc-heading-level-3'><a class=\"ez-toc-link ez-toc-heading-4\" href=\"https:\/\/coinkickoff.com\/cs\/bitcoin-casino\/how-is-bitcoin-poker-different\/#The_Role_of_Cryptocurrency_in_Poker\" >Role kryptom\u011bn v pokeru<\/a><\/li><\/ul><\/li><li class='ez-toc-page-1 ez-toc-heading-level-2'><a class=\"ez-toc-link ez-toc-heading-5\" href=\"https:\/\/coinkickoff.com\/cs\/bitcoin-casino\/how-is-bitcoin-poker-different\/#The_Gameplay_Experience\" >Hern\u00ed z\u00e1\u017eitek<\/a><ul class='ez-toc-list-level-3' ><li class='ez-toc-heading-level-3'><a class=\"ez-toc-link ez-toc-heading-6\" href=\"https:\/\/coinkickoff.com\/cs\/bitcoin-casino\/how-is-bitcoin-poker-different\/#Account_Funding_and_Withdrawals\" >Financov\u00e1n\u00ed \u00fa\u010dtu a v\u00fdb\u011bry<\/a><\/li><li class='ez-toc-page-1 ez-toc-heading-level-3'><a class=\"ez-toc-link ez-toc-heading-7\" href=\"https:\/\/coinkickoff.com\/cs\/bitcoin-casino\/how-is-bitcoin-poker-different\/#Anonymity_and_Security_Features\" >Anonymita a bezpe\u010dnostn\u00ed funkce<\/a><\/li><li class='ez-toc-page-1 ez-toc-heading-level-3'><a class=\"ez-toc-link ez-toc-heading-8\" href=\"https:\/\/coinkickoff.com\/cs\/bitcoin-casino\/how-is-bitcoin-poker-different\/#Poker_Variants_and_Software_Differences\" >Varianty pokeru a rozd\u00edly v softwaru<\/a><\/li><\/ul><\/li><li class='ez-toc-page-1 ez-toc-heading-level-2'><a class=\"ez-toc-link ez-toc-heading-9\" href=\"https:\/\/coinkickoff.com\/cs\/bitcoin-casino\/how-is-bitcoin-poker-different\/#Regulatory_and_Legal_Landscape\" >Regula\u010dn\u00ed a pr\u00e1vn\u00ed prost\u0159ed\u00ed<\/a><ul class='ez-toc-list-level-3' ><li class='ez-toc-heading-level-3'><a class=\"ez-toc-link ez-toc-heading-10\" href=\"https:\/\/coinkickoff.com\/cs\/bitcoin-casino\/how-is-bitcoin-poker-different\/#Jurisdictional_Variations_in_Bitcoin_Poker\" >Jurisdik\u010dn\u00ed rozd\u00edly v pokeru Bitcoin<\/a><\/li><li class='ez-toc-page-1 ez-toc-heading-level-3'><a class=\"ez-toc-link ez-toc-heading-11\" href=\"https:\/\/coinkickoff.com\/cs\/bitcoin-casino\/how-is-bitcoin-poker-different\/#Legal_Implications_for_Players_and_Operators\" >Pr\u00e1vn\u00ed d\u016fsledky pro hr\u00e1\u010de a provozovatele<\/a><\/li><li class='ez-toc-page-1 ez-toc-heading-level-3'><a class=\"ez-toc-link ez-toc-heading-12\" href=\"https:\/\/coinkickoff.com\/cs\/bitcoin-casino\/how-is-bitcoin-poker-different\/#Compliance_and_Fair_Play_Standards\" >Dodr\u017eov\u00e1n\u00ed a standardy fair play<\/a><\/li><\/ul><\/li><li class='ez-toc-page-1 ez-toc-heading-level-2'><a class=\"ez-toc-link ez-toc-heading-13\" href=\"https:\/\/coinkickoff.com\/cs\/bitcoin-casino\/how-is-bitcoin-poker-different\/#Frequently_Asked_Questions\" >\u010casto kladen\u00e9 ot\u00e1zky<\/a><ul class='ez-toc-list-level-3' ><li class='ez-toc-heading-level-3'><a class=\"ez-toc-link ez-toc-heading-14\" href=\"https:\/\/coinkickoff.com\/cs\/bitcoin-casino\/how-is-bitcoin-poker-different\/#What_are_the_advantages_of_playing_poker_using_Bitcoin\" >Jak\u00e9 jsou v\u00fdhody hran\u00ed pokeru pomoc\u00ed Bitcoin?<\/a><\/li><li class='ez-toc-page-1 ez-toc-heading-level-3'><a class=\"ez-toc-link ez-toc-heading-15\" href=\"https:\/\/coinkickoff.com\/cs\/bitcoin-casino\/how-is-bitcoin-poker-different\/#Can_Bitcoin_transactions_affect_the_speed_of_online_poker_play\" >Mohou transakce Bitcoin ovlivnit rychlost online pokeru?<\/a><\/li><li class='ez-toc-page-1 ez-toc-heading-level-3'><a class=\"ez-toc-link ez-toc-heading-16\" href=\"https:\/\/coinkickoff.com\/cs\/bitcoin-casino\/how-is-bitcoin-poker-different\/#Are_there_any_legal_differences_in_playing_poker_with_Bitcoin_versus_traditional_currencies\" >Existuj\u00ed n\u011bjak\u00e9 pr\u00e1vn\u00ed rozd\u00edly p\u0159i hran\u00ed pokeru s Bitcoin oproti tradi\u010dn\u00edm m\u011bn\u00e1m?<\/a><\/li><li class='ez-toc-page-1 ez-toc-heading-level-3'><a class=\"ez-toc-link ez-toc-heading-17\" href=\"https:\/\/coinkickoff.com\/cs\/bitcoin-casino\/how-is-bitcoin-poker-different\/#How_does_provable_fairness_in_Bitcoin_poker_compare_to_regular_online_poker_games\" >Jak je prokazateln\u00e1 f\u00e9rovost v pokeru Bitcoin srovnateln\u00e1 s b\u011b\u017en\u00fdmi online pokerov\u00fdmi hrami?<\/a><\/li><li class='ez-toc-page-1 ez-toc-heading-level-3'><a class=\"ez-toc-link ez-toc-heading-18\" href=\"https:\/\/coinkickoff.com\/cs\/bitcoin-casino\/how-is-bitcoin-poker-different\/#Does_the_use_of_Bitcoin_offer_more_anonymity_in_online_poker\" >Nab\u00edz\u00ed pou\u017e\u00edv\u00e1n\u00ed Bitcoin v\u011bt\u0161\u00ed anonymitu v online pokeru?<\/a><\/li><li class='ez-toc-page-1 ez-toc-heading-level-3'><a class=\"ez-toc-link ez-toc-heading-19\" href=\"https:\/\/coinkickoff.com\/cs\/bitcoin-casino\/how-is-bitcoin-poker-different\/#What_impact_does_cryptocurrency_volatility_have_on_Bitcoin_poker_stakes\" >Jak\u00fd dopad m\u00e1 volatilita kryptom\u011bn na pokerov\u00e9 s\u00e1zky Bitcoin?<\/a><\/li><\/ul><\/li><\/ul><\/nav><\/div>\n<h2><span class=\"ez-toc-section\" id=\"Understanding_Bitcoin_Poker\"><\/span>Porozum\u011bn\u00ed pokeru Bitcoin<span class=\"ez-toc-section-end\"><\/span><\/h2>\n<p><img decoding=\"async\" src=\"https:\/\/coinkickoff.com\/wp-content\/uploads\/v2-3dh0j-a3sgg.jpg\" alt=\"\"><\/p>\n<p><a href=\"https:\/\/coinkickoff.com\/cs\/bitcoin-casino\/how-to-play-crypto-poker\/\" data-internallinksmanager029f6b8e52c=\"203\" title=\"Jak hr\u00e1t Crypto Poker: Jak zvl\u00e1dnout s\u00e1zen\u00ed Bitcoin\">Bitcoin Poker<\/a> spojuje klasickou hru poker s modern\u00ed technologi\u00ed blockchain a nab\u00edz\u00ed jedine\u010dn\u00e9 v\u00fdhody, jako je v\u011bt\u0161\u00ed soukrom\u00ed a rychlej\u0161\u00ed transakce.<\/p>\n<h3><span class=\"ez-toc-section\" id=\"Definition_and_Concept_of_Bitcoin_Poker\"><\/span>Definice a pojet\u00ed pokeru Bitcoin<span class=\"ez-toc-section-end\"><\/span><\/h3>\n<p>Bitcoin Poker ozna\u010duje verzi online pokeru, kter\u00e1 pou\u017e\u00edv\u00e1 Bitcoin jako m\u011bnu pro vklady, s\u00e1zky a v\u00fdb\u011bry. Na rozd\u00edl od tradi\u010dn\u00edch online pokerov\u00fdch her, kde se pou\u017e\u00edv\u00e1 fiat m\u011bna, Bitcoin Poker pracuje s digit\u00e1ln\u00ed m\u011bnou a vyu\u017e\u00edv\u00e1 decentralizace a peer-to-peer aspekt technologie blockchain.<\/p>\n<h3><span class=\"ez-toc-section\" id=\"Key_Differences_Between_Bitcoin_Poker_and_Online_Poker\"><\/span>Hlavn\u00ed rozd\u00edly mezi pokerem Bitcoin a online pokerem<span class=\"ez-toc-section-end\"><\/span><\/h3>\n<p><strong>Anonymita:<\/strong> Jedn\u00edm z kl\u00ed\u010dov\u00fdch rozd\u00edl\u016f je \u00farove\u0148 anonymity, kterou Bitcoin nab\u00edz\u00ed. Tradi\u010dn\u00ed online pokerov\u00e9 str\u00e1nky \u010dasto vy\u017eaduj\u00ed osobn\u00ed finan\u010dn\u00ed \u00fadaje, zat\u00edmco pokerov\u00e9 str\u00e1nky Bitcoin umo\u017e\u0148uj\u00ed u\u017eivatel\u016fm hr\u00e1t relativn\u011b anonymn\u011b.<\/p>\n<p><strong>Rychlost transakce:<\/strong> Transakce Bitcoin mohou b\u00fdt v\u00fdrazn\u011b rychlej\u0161\u00ed ne\u017e transakce fiat, co\u017e vede k rychlej\u0161\u00edm vklad\u016fm a v\u00fdb\u011br\u016fm pro hr\u00e1\u010de.<\/p>\n<p><strong>Rozd\u00edly v obsahu:<\/strong><\/p>\n<table>\n<thead>\n<tr>\n<th>Funkce<\/th>\n<th>Bitcoin Poker<\/th>\n<th>Online poker<\/th>\n<\/tr>\n<\/thead>\n<tbody>\n<tr>\n<td>Typ m\u011bny<\/td>\n<td>Kryptom\u011bna (Bitcoin)<\/td>\n<td>Fiatov\u00e1 m\u011bna (USD, EUR, <a href=\"https:\/\/coinkickoff.com\/cs\/ethereum-classic-etc\/\" data-internallinksmanager029f6b8e52c=\"29\" title=\"Co je Ethereum Classic (ETC), jak funguje a kde ho koupit?\">atd.<\/a>.)<\/td>\n<\/tr>\n<tr>\n<td>\u00darove\u0148 anonymity<\/td>\n<td>Vysok\u00e1<\/td>\n<td>M\u00edrn\u00e1 a\u017e n\u00edzk\u00e1<\/td>\n<\/tr>\n<tr>\n<td>Rychlost transakce<\/td>\n<td>Rychle (minuty a\u017e hodiny)<\/td>\n<td>Prom\u011bnliv\u00e1 (hodiny a\u017e dny)<\/td>\n<\/tr>\n<tr>\n<td>Po\u017eadavek na finan\u010dn\u00ed informace<\/td>\n<td>Minim\u00e1ln\u00ed<\/td>\n<td>\u010casto rozs\u00e1hl\u00e9<\/td>\n<\/tr>\n<\/tbody>\n<\/table>\n<h3><span class=\"ez-toc-section\" id=\"The_Role_of_Cryptocurrency_in_Poker\"><\/span>Role kryptom\u011bn v pokeru<span class=\"ez-toc-section-end\"><\/span><\/h3>\n<p>Kryptom\u011bny jako Bitcoin zm\u011bnily prost\u0159ed\u00ed online pokeru t\u00edm, \u017ee poskytly alternativn\u00ed zp\u016fsob prov\u00e1d\u011bn\u00ed transakc\u00ed. Nab\u00edzej\u00ed decentralizovanou pokerovou ekonomiku, p\u0159esouvaj\u00ed kontrolu z centr\u00e1ln\u00ed autority a p\u0159isp\u00edvaj\u00ed k vytvo\u0159en\u00ed glob\u00e1ln\u00ed pokerov\u00e9 komunity, kter\u00e1 nen\u00ed v\u00e1z\u00e1na tradi\u010dn\u00edmi bankovn\u00edmi p\u0159edpisy.<\/p>\n<h2><span class=\"ez-toc-section\" id=\"The_Gameplay_Experience\"><\/span>Hern\u00ed z\u00e1\u017eitek<span class=\"ez-toc-section-end\"><\/span><\/h2>\n<p><img decoding=\"async\" src=\"https:\/\/coinkickoff.com\/wp-content\/uploads\/v2-3dh10-d5088.jpg\" alt=\"\"><\/p>\n<p>Zat\u00edmco z\u00e1kladn\u00ed pokerov\u00e1 hra z\u016fst\u00e1v\u00e1 podobn\u00e1, Bitcoin poker nab\u00edz\u00ed ve srovn\u00e1n\u00ed s tradi\u010dn\u00edm online pokerem odli\u0161n\u00e9 mo\u017enosti spr\u00e1vy \u00fa\u010dtu, soukrom\u00ed a softwaru.<\/p>\n<h3><span class=\"ez-toc-section\" id=\"Account_Funding_and_Withdrawals\"><\/span>Financov\u00e1n\u00ed \u00fa\u010dtu a v\u00fdb\u011bry<span class=\"ez-toc-section-end\"><\/span><\/h3>\n<ul>\n<li><strong>Transakce Bitcoin<\/strong>: Hr\u00e1\u010di financuj\u00ed sv\u00e9 \u00fa\u010dty a vyb\u00edraj\u00ed <a href=\"https:\/\/coinkickoff.com\/cs\/bitcoin-casino\/cash-in-bitcoin-casino-winnings\/\" data-internallinksmanager029f6b8e52c=\"211\" title=\"Jak zpen\u011b\u017eit v\u00fdhry v kasinu Bitcoin: Pr\u016fvodce krok za krokem\">v\u00fdhry<\/a> Bitcoin a d\u00edky decentralizovan\u00e9 povaze t\u00e9to kryptom\u011bny \u010dasto doch\u00e1z\u00ed k rychlej\u0161\u00edm transakc\u00edm.<\/li>\n<li><strong>Kol\u00eds\u00e1n\u00ed m\u011bny<\/strong>: Hodnota Bitcoin m\u016f\u017ee b\u00fdt volatiln\u00ed, co\u017e znamen\u00e1, \u017ee hodnota bankroll\u016f hr\u00e1\u010d\u016f m\u016f\u017ee kol\u00edsat nez\u00e1visle na jejich pokerov\u00e9m v\u00fdkonu.<\/li>\n<\/ul>\n<h3><span class=\"ez-toc-section\" id=\"Anonymity_and_Security_Features\"><\/span>Anonymita a bezpe\u010dnostn\u00ed funkce<span class=\"ez-toc-section-end\"><\/span><\/h3>\n<ul>\n<li><strong>Ochrana osobn\u00edch \u00fadaj\u016f<\/strong>: Pokerov\u00e9 platformy Bitcoin mohou nab\u00eddnout zv\u00fd\u0161enou anonymitu, proto\u017ee osobn\u00ed finan\u010dn\u00ed \u00fadaje nejsou vy\u017eadov\u00e1ny stejn\u011b jako na str\u00e1nk\u00e1ch s fiat m\u011bnou.<\/li>\n<li><strong>Bezpe\u010dnostn\u00ed opat\u0159en\u00ed<\/strong>: Transakce jsou zabezpe\u010deny pomoc\u00ed technologie blockchain, kter\u00e1 poskytuje transparentn\u00ed z\u00e1znam v\u0161ech p\u0159evod\u016f odoln\u00fd proti manipulaci.<\/li>\n<\/ul>\n<h3><span class=\"ez-toc-section\" id=\"Poker_Variants_and_Software_Differences\"><\/span>Varianty pokeru a rozd\u00edly v softwaru<span class=\"ez-toc-section-end\"><\/span><\/h3>\n<ul>\n<li><strong>Rozmanitost hry<\/strong>: N\u011bkter\u00e9 pokerov\u00e9 str\u00e1nky Bitcoin mohou nab\u00edzet jedine\u010dn\u00e9 varianty pokeru, kter\u00e9 na tradi\u010dn\u00edch platform\u00e1ch nenajdete.<\/li>\n<li><strong>Softwarov\u00e1 rozhran\u00ed<\/strong>: Rozhran\u00ed a u\u017eivatelsk\u00e9 prost\u0159ed\u00ed se mohou li\u0161it, n\u011bkdy nab\u00edzej\u00ed pokro\u010dilej\u0161\u00ed statistick\u00e9 n\u00e1stroje ur\u010den\u00e9 speci\u00e1ln\u011b pro u\u017eivatele kryptom\u011bn.<\/li>\n<\/ul>\n<h2><span class=\"ez-toc-section\" id=\"Regulatory_and_Legal_Landscape\"><\/span>Regula\u010dn\u00ed a pr\u00e1vn\u00ed prost\u0159ed\u00ed<span class=\"ez-toc-section-end\"><\/span><\/h2>\n<p><img decoding=\"async\" src=\"https:\/\/coinkickoff.com\/wp-content\/uploads\/v2-3dh1d-kf9ye.jpg\" alt=\"\"><\/p>\n<p>Regula\u010dn\u00ed a pr\u00e1vn\u00ed aspekty pokeru Bitcoin se po cel\u00e9m sv\u011bt\u011b v\u00fdrazn\u011b li\u0161\u00ed a maj\u00ed odli\u0161n\u00e9 d\u016fsledky pro hr\u00e1\u010de i provozovatele, p\u0159i\u010dem\u017e plat\u00ed p\u0159\u00edsn\u00e9 normy pro dodr\u017eov\u00e1n\u00ed p\u0159edpis\u016f a fair play.<\/p>\n<h3><span class=\"ez-toc-section\" id=\"Jurisdictional_Variations_in_Bitcoin_Poker\"><\/span>Jurisdik\u010dn\u00ed rozd\u00edly v pokeru Bitcoin<span class=\"ez-toc-section-end\"><\/span><\/h3>\n<p>R\u016fzn\u00e9 zem\u011b maj\u00ed r\u016fzn\u00e9 p\u0159edpisy t\u00fdkaj\u00edc\u00ed se pou\u017e\u00edv\u00e1n\u00ed kryptom\u011bn, jako je Bitcoin, pro hazardn\u00ed hry. N\u011bkter\u00e9 je pln\u011b p\u0159ijaly a maj\u00ed jasn\u00e1 pravidla, zat\u00edmco jin\u00e9 se pohybuj\u00ed v \u0161ed\u00e9 z\u00f3n\u011b nebo je p\u0159\u00edmo zakazuj\u00ed. Nap\u0159:<\/p>\n<ul>\n<li><strong>Spojen\u00e9 st\u00e1ty americk\u00e9:<\/strong> Li\u0161\u00ed se podle st\u00e1tu; n\u011bkter\u00e9 st\u00e1ty p\u0159ij\u00edmaj\u00ed Bitcoin poker, zat\u00edmco jin\u00e9 online hazardn\u00ed hry v\u016fbec nepovoluj\u00ed.<\/li>\n<li><strong>Spojen\u00e9 kr\u00e1lovstv\u00ed:<\/strong> Pln\u011b regulovan\u00e1 s konkr\u00e9tn\u00edmi pokyny pro pou\u017e\u00edv\u00e1n\u00ed kryptom\u011bn.<\/li>\n<li><strong>\u010c\u00edna:<\/strong> Online hazardn\u00ed hry, v\u010detn\u011b Bitcoin pokeru, jsou nez\u00e1konn\u00e9.<\/li>\n<\/ul>\n<h3><span class=\"ez-toc-section\" id=\"Legal_Implications_for_Players_and_Operators\"><\/span>Pr\u00e1vn\u00ed d\u016fsledky pro hr\u00e1\u010de a provozovatele<span class=\"ez-toc-section-end\"><\/span><\/h3>\n<p><strong>Hr\u00e1\u010di<\/strong> mus\u00ed zn\u00e1t z\u00e1kony sv\u00e9 zem\u011b t\u00fdkaj\u00edc\u00ed se kryptom\u011bn a online hazardn\u00edch her, aby se vyhnuli pr\u00e1vn\u00edmu riziku. Sankce za poru\u0161en\u00ed mohou sahat od pokut a\u017e po trestn\u00ed st\u00edh\u00e1n\u00ed.<\/p>\n<p><strong>Provozovatel\u00e9<\/strong> z Bitcoin pokerov\u00e9 str\u00e1nky mus\u00ed dodr\u017eovat licen\u010dn\u00ed po\u017eadavky, postupy proti pran\u00ed \u0161pinav\u00fdch pen\u011bz (AML) a z\u00e1sady \"poznej sv\u00e9ho z\u00e1kazn\u00edka\" (KYC).<\/p>\n<ul>\n<li><strong>Licen\u010dn\u00ed po\u017eadavky:<\/strong> Mus\u00ed z\u00edskat p\u0159\u00edslu\u0161n\u00e9 licence tam, kde jsou online hazardn\u00ed hry regulov\u00e1ny.<\/li>\n<li><strong>Postupy AML:<\/strong> by m\u011bla zav\u00e9st syst\u00e9my pro prevenci finan\u010dn\u00ed kriminality.<\/li>\n<li><strong>Z\u00e1sady KYC:<\/strong> Mus\u00ed ov\u011b\u0159ovat toto\u017enost sv\u00fdch z\u00e1kazn\u00edk\u016f.<\/li>\n<\/ul>\n<h3><span class=\"ez-toc-section\" id=\"Compliance_and_Fair_Play_Standards\"><\/span>Dodr\u017eov\u00e1n\u00ed a standardy fair play<span class=\"ez-toc-section-end\"><\/span><\/h3>\n<p>Provozovatel\u00e9 jsou povinni dodr\u017eovat normy, kter\u00e9 zaji\u0161\u0165uj\u00ed spravedlnost a bezpe\u010dnost.<\/p>\n<ul>\n<li><strong>Certifikace RNG:<\/strong> Gener\u00e1tory n\u00e1hodn\u00fdch \u010d\u00edsel mus\u00ed b\u00fdt certifikov\u00e1ny nez\u00e1visl\u00fdmi org\u00e1ny.<\/li>\n<li><strong>Bezpe\u010dnostn\u00ed protokoly:<\/strong> Zaveden\u00ed \u0161ifrov\u00e1n\u00ed SSL a dal\u0161\u00edch opat\u0159en\u00ed kybernetick\u00e9 bezpe\u010dnosti.<\/li>\n<li><strong>Prokazateln\u011b spravedliv\u00e9 syst\u00e9my:<\/strong> Jedine\u010dn\u00fd zp\u016fsob hry Bitcoin, kter\u00fd umo\u017e\u0148uje hr\u00e1\u010d\u016fm ov\u011b\u0159it f\u00e9rovost ka\u017ed\u00e9ho rozd\u00e1n\u00ed.<\/li>\n<\/ul>\n<h2><span class=\"ez-toc-section\" id=\"Frequently_Asked_Questions\"><\/span>\u010casto kladen\u00e9 ot\u00e1zky<span class=\"ez-toc-section-end\"><\/span><\/h2>\n<p><img decoding=\"async\" src=\"https:\/\/coinkickoff.com\/wp-content\/uploads\/v2-3dh1y-p4uhr.jpg\" alt=\"\"><\/p>\n<p>V t\u00e9to \u010d\u00e1sti jsou uvedeny rozd\u00edly mezi pokerem Bitcoin a standardn\u00edm online pokerem, pokud jde o v\u00fdhody, rychlost, leg\u00e1lnost, f\u00e9rovost, anonymitu a dopad volatility kryptom\u011bn.<\/p>\n<h3><span class=\"ez-toc-section\" id=\"What_are_the_advantages_of_playing_poker_using_Bitcoin\"><\/span>Jak\u00e9 jsou v\u00fdhody hran\u00ed pokeru pomoc\u00ed Bitcoin?<span class=\"ez-toc-section-end\"><\/span><\/h3>\n<p>Hr\u00e1\u010di, kte\u0159\u00ed vyu\u017e\u00edvaj\u00ed Bitcoin pro poker, mohou vyu\u017e\u00edvat rychlej\u0161\u00ed transak\u010dn\u00ed \u010dasy, ni\u017e\u0161\u00ed poplatky za zpracov\u00e1n\u00ed a mo\u017enost hr\u00e1t z region\u016f, kde jsou tradi\u010dn\u00ed bankovn\u00ed transakce na pokerov\u00fdch str\u00e1nk\u00e1ch omezeny. Tyto v\u00fdhody vypl\u00fdvaj\u00ed z decentralizovan\u00e9 povahy kryptom\u011bn.<\/p>\n<h3><span class=\"ez-toc-section\" id=\"Can_Bitcoin_transactions_affect_the_speed_of_online_poker_play\"><\/span>Mohou transakce Bitcoin ovlivnit rychlost online pokeru?<span class=\"ez-toc-section-end\"><\/span><\/h3>\n<p>Ano, Bitcoin m\u016f\u017ee urychlit proces vkladu a v\u00fdb\u011bru, tak\u017ee hr\u00e1\u010di mohou za\u010d\u00edt hr\u00e1t rychleji a vyb\u00edrat v\u00fdhry bez zdlouhav\u00fdch bankovn\u00edch pr\u016ftah\u016f. Toto zefektivn\u011bn\u00ed operac\u00ed vych\u00e1z\u00ed z transak\u010dn\u00edho syst\u00e9mu peer-to-peer, kter\u00fd je Bitcoin vlastn\u00ed.<\/p>\n<h3><span class=\"ez-toc-section\" id=\"Are_there_any_legal_differences_in_playing_poker_with_Bitcoin_versus_traditional_currencies\"><\/span>Existuj\u00ed n\u011bjak\u00e9 pr\u00e1vn\u00ed rozd\u00edly p\u0159i hran\u00ed pokeru s Bitcoin oproti tradi\u010dn\u00edm m\u011bn\u00e1m?<span class=\"ez-toc-section-end\"><\/span><\/h3>\n<p>Pr\u00e1vn\u00ed prost\u0159ed\u00ed pro poker Bitcoin se m\u016f\u017ee v\u00fdrazn\u011b li\u0161it, proto\u017ee n\u011bkter\u00e9 jurisdikce, kter\u00e9 reguluj\u00ed nebo zakazuj\u00ed online hazardn\u00ed hry, se kryptom\u011bnami zat\u00edm v\u00fdslovn\u011b nezab\u00fdvaj\u00ed. Tato situace m\u016f\u017ee vyvolat nejasnosti, kter\u00e9 mohou v n\u011bkter\u00fdch oblastech ovlivnit pr\u00e1vn\u00ed postaven\u00ed pokeru Bitcoin.<\/p>\n<h3><span class=\"ez-toc-section\" id=\"How_does_provable_fairness_in_Bitcoin_poker_compare_to_regular_online_poker_games\"><\/span>Jak je prokazateln\u00e1 f\u00e9rovost v pokeru Bitcoin srovnateln\u00e1 s b\u011b\u017en\u00fdmi online pokerov\u00fdmi hrami?<span class=\"ez-toc-section-end\"><\/span><\/h3>\n<p>Pokerov\u00e9 platformy Bitcoin \u010dasto pou\u017e\u00edvaj\u00ed prokazateln\u00e9 algoritmy spravedlnosti, kter\u00e9 hr\u00e1\u010d\u016fm umo\u017e\u0148uj\u00ed ov\u011b\u0159it n\u00e1hodnost a spravedlnost ka\u017ed\u00e9ho rozd\u00e1n\u00ed. Tato \u00farove\u0148 transparentnosti nen\u00ed v tradi\u010dn\u00edch online pokerov\u00fdch hr\u00e1ch obecn\u011b dostupn\u00e1, co\u017e hr\u00e1\u010d\u016fm pokeru Bitcoin poskytuje dal\u0161\u00ed vrstvu d\u016fv\u011bry.<\/p>\n<h3><span class=\"ez-toc-section\" id=\"Does_the_use_of_Bitcoin_offer_more_anonymity_in_online_poker\"><\/span>Nab\u00edz\u00ed pou\u017e\u00edv\u00e1n\u00ed Bitcoin v\u011bt\u0161\u00ed anonymitu v online pokeru?<span class=\"ez-toc-section-end\"><\/span><\/h3>\n<p>Transakce Bitcoin poskytuj\u00ed v\u011bt\u0161\u00ed anonymitu ve srovn\u00e1n\u00ed s tradi\u010dn\u00edmi online platebn\u00edmi metodami, proto\u017ee nevy\u017eaduj\u00ed osobn\u00ed bankovn\u00ed \u00fadaje. Hr\u00e1\u010di jsou identifikov\u00e1ni sp\u00ed\u0161e podle adres pen\u011b\u017eenek ne\u017e podle osobn\u00edch \u00fadaj\u016f, i kdy\u017e \u00fapln\u00e1 anonymita nen\u00ed zaru\u010dena kv\u016fli sledovatelnosti transakc\u00ed v blockchainu.<\/p>\n<h3><span class=\"ez-toc-section\" id=\"What_impact_does_cryptocurrency_volatility_have_on_Bitcoin_poker_stakes\"><\/span>Jak\u00fd dopad m\u00e1 volatilita kryptom\u011bn na pokerov\u00e9 s\u00e1zky Bitcoin?<span class=\"ez-toc-section-end\"><\/span><\/h3>\n<p>Hodnota Bitcoin m\u016f\u017ee v\u00fdrazn\u011b kol\u00edsat, co\u017e m\u016f\u017ee ovlivnit hodnotu buy-in\u016f a v\u00fdher v pokeru Bitcoin v re\u00e1ln\u00fdch pen\u011bz\u00edch. Zat\u00edmco n\u011bkte\u0159\u00ed hr\u00e1\u010di oce\u0148uj\u00ed potenci\u00e1l vy\u0161\u0161\u00ed hodnoty, jin\u00ed mohou zjistit, \u017ee nep\u0159edv\u00eddatelnost ovliv\u0148uje jejich <a href=\"https:\/\/coinkickoff.com\/cs\/bitcoin-casino\/bankroll-management\/\" data-internallinksmanager029f6b8e52c=\"210\" title=\"\u0158\u00edzen\u00ed \u00fa\u010dtu p\u0159i s\u00e1zen\u00ed s Bitcoin\">spr\u00e1va bankroll\u016f<\/a> a celkovou strategii.<\/p>","protected":false},"excerpt":{"rendered":"<p>Upozorn\u011bn\u00ed: Hazardn\u00ed hry s sebou nesou zna\u010dn\u00e9 finan\u010dn\u00ed riziko. Hrajte pouze s pen\u011bzi, kter\u00e9 si m\u016f\u017eete dovolit prohr\u00e1t. N\u00ed\u017ee uveden\u00e9 informace maj\u00ed pouze informativn\u00ed charakter. Pokud se zaregistrujete a prohrajete pen\u00edze v n\u011bkter\u00e9m z n\u00e1sleduj\u00edc\u00edch kasin, m\u016f\u017ee n\u00e1m b\u00fdt vyplacena provize. Ne v\u0161echna kasina jsou dostupn\u00e1 ve v\u0161ech zem\u00edch. Ve\u0161ker\u00e9 informace, kter\u00e9 uv\u00e1d\u00edme, jsou [...]<\/p>","protected":false},"author":1,"featured_media":4609,"parent":4440,"menu_order":0,"comment_status":"closed","ping_status":"closed","template":"","meta":{"_genesis_hide_title":false,"_genesis_hide_breadcrumbs":false,"_genesis_hide_singular_image":false,"_genesis_hide_footer_widgets":false,"_genesis_custom_body_class":"","_genesis_custom_post_class":"","_genesis_layout":"","_glsr_average":0,"_glsr_ranking":0,"_glsr_reviews":0,"footnotes":""},"class_list":{"0":"post-4605","1":"page","2":"type-page","3":"status-publish","4":"has-post-thumbnail","6":"entry"},"featured_image_src":"https:\/\/coinkickoff.com\/wp-content\/uploads\/v2-3dh1y-p4uhr-600x400.jpg","featured_image_src_square":"https:\/\/coinkickoff.com\/wp-content\/uploads\/v2-3dh1y-p4uhr-600x600.jpg","_links":{"self":[{"href":"https:\/\/coinkickoff.com\/cs\/wp-json\/wp\/v2\/pages\/4605","targetHints":{"allow":["GET"]}}],"collection":[{"href":"https:\/\/coinkickoff.com\/cs\/wp-json\/wp\/v2\/pages"}],"about":[{"href":"https:\/\/coinkickoff.com\/cs\/wp-json\/wp\/v2\/types\/page"}],"author":[{"embeddable":true,"href":"https:\/\/coinkickoff.com\/cs\/wp-json\/wp\/v2\/users\/1"}],"replies":[{"embeddable":true,"href":"https:\/\/coinkickoff.com\/cs\/wp-json\/wp\/v2\/comments?post=4605"}],"version-history":[{"count":3,"href":"https:\/\/coinkickoff.com\/cs\/wp-json\/wp\/v2\/pages\/4605\/revisions"}],"predecessor-version":[{"id":4614,"href":"https:\/\/coinkickoff.com\/cs\/wp-json\/wp\/v2\/pages\/4605\/revisions\/4614"}],"up":[{"embeddable":true,"href":"https:\/\/coinkickoff.com\/cs\/wp-json\/wp\/v2\/pages\/4440"}],"wp:featuredmedia":[{"embeddable":true,"href":"https:\/\/coinkickoff.com\/cs\/wp-json\/wp\/v2\/media\/4609"}],"wp:attachment":[{"href":"https:\/\/coinkickoff.com\/cs\/wp-json\/wp\/v2\/media?parent=4605"}],"curies":[{"name":"wp","href":"https:\/\/api.w.org\/{rel}","templated":true}]}}