{"id":4595,"date":"2026-01-08T14:07:58","date_gmt":"2026-01-08T14:07:58","guid":{"rendered":"https:\/\/coinkickoff.com\/?page_id=4595"},"modified":"2026-01-08T14:07:58","modified_gmt":"2026-01-08T14:07:58","slug":"how-is-bitcoin-roulette-different","status":"publish","type":"page","link":"https:\/\/coinkickoff.com\/cs\/bitcoin-casino\/how-is-bitcoin-roulette-different\/","title":{"rendered":"Jak se li\u0161\u00ed ruleta Bitcoin od tradi\u010dn\u00ed rulety v kasinu?"},"content":{"rendered":"<p>Upozorn\u011bn\u00ed: Hazardn\u00ed hry s sebou nesou zna\u010dn\u00e9 finan\u010dn\u00ed riziko. Hrajte pouze s pen\u011bzi, kter\u00e9 si m\u016f\u017eete dovolit prohr\u00e1t. N\u00ed\u017ee uveden\u00e9 informace maj\u00ed pouze informativn\u00ed charakter. Pokud se zaregistrujete a prohrajete pen\u00edze v n\u011bkter\u00e9 z n\u00e1sleduj\u00edc\u00edch her, m\u016f\u017ee n\u00e1m b\u00fdt vyplacena provize. <a href=\"https:\/\/coinkickoff.com\/cs\/bitcoin-casino\/\" data-internallinksmanager029f6b8e52c=\"200\" title=\"3 nejlep\u0161\u00ed Bitcoin krypto kasina s bonusy\">kasina<\/a>. Ne v\u0161echna kasina jsou dostupn\u00e1 ve v\u0161ech zem\u00edch. V\u0161echny informace jsme pova\u017eovali za spr\u00e1vn\u00e9 v dob\u011b zve\u0159ejn\u011bn\u00ed, ale mohly se od t\u00e9 doby zm\u011bnit.<\/p>\n<div id=\"ez-toc-container\" class=\"ez-toc-v2_0_80 counter-hierarchy ez-toc-counter ez-toc-transparent ez-toc-container-direction\">\n<div class=\"ez-toc-title-container\">\n<p class=\"ez-toc-title\" style=\"cursor:inherit\">Sekce<\/p>\n<span class=\"ez-toc-title-toggle\"><a href=\"#\" class=\"ez-toc-pull-right ez-toc-btn ez-toc-btn-xs ez-toc-btn-default ez-toc-toggle\" aria-label=\"P\u0159epnut\u00ed tabulky obsahu\"><span class=\"ez-toc-js-icon-con\"><span class=\"\"><span class=\"eztoc-hide\" style=\"display:none;\">P\u0159ep\u00edna\u010d<\/span><span class=\"ez-toc-icon-toggle-span\"><svg style=\"fill: #999;color:#999\" xmlns=\"http:\/\/www.w3.org\/2000\/svg\" class=\"list-377408\" width=\"20px\" height=\"20px\" viewbox=\"0 0 24 24\" fill=\"none\"><path d=\"M6 6H4v2h2V6zm14 0H8v2h12V6zM4 11h2v2H4v-2zm16 0H8v2h12v-2zM4 16h2v2H4v-2zm16 0H8v2h12v-2z\" fill=\"currentColor\"><\/path><\/svg><svg style=\"fill: #999;color:#999\" class=\"arrow-unsorted-368013\" xmlns=\"http:\/\/www.w3.org\/2000\/svg\" width=\"10px\" height=\"10px\" viewbox=\"0 0 24 24\" version=\"1.2\" baseprofile=\"tiny\"><path d=\"M18.2 9.3l-6.2-6.3-6.2 6.3c-.2.2-.3.4-.3.7s.1.5.3.7c.2.2.4.3.7.3h11c.3 0 .5-.1.7-.3.2-.2.3-.5.3-.7s-.1-.5-.3-.7zM5.8 14.7l6.2 6.3 6.2-6.3c.2-.2.3-.5.3-.7s-.1-.5-.3-.7c-.2-.2-.4-.3-.7-.3h-11c-.3 0-.5.1-.7.3-.2.2-.3.5-.3.7s.1.5.3.7z\"\/><\/svg><\/span><\/span><\/span><\/a><\/span><\/div>\n<nav><ul class='ez-toc-list ez-toc-list-level-1 eztoc-toggle-hide-by-default' ><li class='ez-toc-page-1 ez-toc-heading-level-2'><a class=\"ez-toc-link ez-toc-heading-1\" href=\"https:\/\/coinkickoff.com\/cs\/bitcoin-casino\/how-is-bitcoin-roulette-different\/#Fundamentals_of_Bitcoin_Roulette\" >Z\u00e1klady rulety Bitcoin<\/a><ul class='ez-toc-list-level-3' ><li class='ez-toc-heading-level-3'><a class=\"ez-toc-link ez-toc-heading-2\" href=\"https:\/\/coinkickoff.com\/cs\/bitcoin-casino\/how-is-bitcoin-roulette-different\/#Definition_and_Mechanism\" >Definice a mechanismus<\/a><\/li><li class='ez-toc-page-1 ez-toc-heading-level-3'><a class=\"ez-toc-link ez-toc-heading-3\" href=\"https:\/\/coinkickoff.com\/cs\/bitcoin-casino\/how-is-bitcoin-roulette-different\/#Basic_Rules_Comparison\" >Srovn\u00e1n\u00ed z\u00e1kladn\u00edch pravidel<\/a><\/li><\/ul><\/li><li class='ez-toc-page-1 ez-toc-heading-level-2'><a class=\"ez-toc-link ez-toc-heading-4\" href=\"https:\/\/coinkickoff.com\/cs\/bitcoin-casino\/how-is-bitcoin-roulette-different\/#Technological_Aspects\" >Technologick\u00e9 aspekty<\/a><ul class='ez-toc-list-level-3' ><li class='ez-toc-heading-level-3'><a class=\"ez-toc-link ez-toc-heading-5\" href=\"https:\/\/coinkickoff.com\/cs\/bitcoin-casino\/how-is-bitcoin-roulette-different\/#Software_and_Fairness\" >Software a spravedlnost<\/a><\/li><li class='ez-toc-page-1 ez-toc-heading-level-3'><a class=\"ez-toc-link ez-toc-heading-6\" href=\"https:\/\/coinkickoff.com\/cs\/bitcoin-casino\/how-is-bitcoin-roulette-different\/#Transaction_Security_and_Anonymity\" >Zabezpe\u010den\u00ed a anonymita transakc\u00ed<\/a><\/li><\/ul><\/li><li class='ez-toc-page-1 ez-toc-heading-level-2'><a class=\"ez-toc-link ez-toc-heading-7\" href=\"https:\/\/coinkickoff.com\/cs\/bitcoin-casino\/how-is-bitcoin-roulette-different\/#Practical_Considerations\" >Praktick\u00e9 \u00favahy<\/a><ul class='ez-toc-list-level-3' ><li class='ez-toc-heading-level-3'><a class=\"ez-toc-link ez-toc-heading-8\" href=\"https:\/\/coinkickoff.com\/cs\/bitcoin-casino\/how-is-bitcoin-roulette-different\/#Accessibility_and_Jurisdiction\" >P\u0159\u00edstupnost a p\u0159\u00edslu\u0161nost<\/a><\/li><li class='ez-toc-page-1 ez-toc-heading-level-3'><a class=\"ez-toc-link ez-toc-heading-9\" href=\"https:\/\/coinkickoff.com\/cs\/bitcoin-casino\/how-is-bitcoin-roulette-different\/#Payment_Processing_Times\" >Doba zpracov\u00e1n\u00ed plateb<\/a><\/li><li class='ez-toc-page-1 ez-toc-heading-level-3'><a class=\"ez-toc-link ez-toc-heading-10\" href=\"https:\/\/coinkickoff.com\/cs\/bitcoin-casino\/how-is-bitcoin-roulette-different\/#Casino_Bonuses_and_Incentives\" >Kasinov\u00e9 bonusy a pob\u00eddky<\/a><\/li><\/ul><\/li><li class='ez-toc-page-1 ez-toc-heading-level-2'><a class=\"ez-toc-link ez-toc-heading-11\" href=\"https:\/\/coinkickoff.com\/cs\/bitcoin-casino\/how-is-bitcoin-roulette-different\/#Frequently_Asked_Questions\" >\u010casto kladen\u00e9 ot\u00e1zky<\/a><ul class='ez-toc-list-level-3' ><li class='ez-toc-heading-level-3'><a class=\"ez-toc-link ez-toc-heading-12\" href=\"https:\/\/coinkickoff.com\/cs\/bitcoin-casino\/how-is-bitcoin-roulette-different\/#What_are_the_distinctive_features_of_Bitcoin_roulette_compared_to_traditional_roulette\" >Jak\u00e9 jsou odli\u0161nosti rulety Bitcoin ve srovn\u00e1n\u00ed s tradi\u010dn\u00ed ruletou?<\/a><\/li><li class='ez-toc-page-1 ez-toc-heading-level-3'><a class=\"ez-toc-link ez-toc-heading-13\" href=\"https:\/\/coinkickoff.com\/cs\/bitcoin-casino\/how-is-bitcoin-roulette-different\/#Can_you_use_Bitcoin_to_play_any_version_of_roulette\" >Lze s Bitcoin hr\u00e1t jakoukoli verzi rulety?<\/a><\/li><li class='ez-toc-page-1 ez-toc-heading-level-3'><a class=\"ez-toc-link ez-toc-heading-14\" href=\"https:\/\/coinkickoff.com\/cs\/bitcoin-casino\/how-is-bitcoin-roulette-different\/#What_advantages_do_Bitcoin_casinos_offer_for_roulette_players\" >Jak\u00e9 v\u00fdhody nab\u00edzej\u00ed kasina Bitcoin hr\u00e1\u010d\u016fm rulety?<\/a><\/li><li class='ez-toc-page-1 ez-toc-heading-level-3'><a class=\"ez-toc-link ez-toc-heading-15\" href=\"https:\/\/coinkickoff.com\/cs\/bitcoin-casino\/how-is-bitcoin-roulette-different\/#How_does_the_integration_of_Bitcoin_affect_the_gameplay_of_roulette\" >Jak ovlivn\u00ed integrace syst\u00e9mu Bitcoin hran\u00ed rulety?<\/a><\/li><li class='ez-toc-page-1 ez-toc-heading-level-3'><a class=\"ez-toc-link ez-toc-heading-16\" href=\"https:\/\/coinkickoff.com\/cs\/bitcoin-casino\/how-is-bitcoin-roulette-different\/#Are_there_any_unique_betting_options_available_in_Bitcoin_roulette\" >Jsou v rulet\u011b Bitcoin k dispozici n\u011bjak\u00e9 jedine\u010dn\u00e9 mo\u017enosti s\u00e1zek?<\/a><\/li><li class='ez-toc-page-1 ez-toc-heading-level-3'><a class=\"ez-toc-link ez-toc-heading-17\" href=\"https:\/\/coinkickoff.com\/cs\/bitcoin-casino\/how-is-bitcoin-roulette-different\/#What_should_players_know_about_the_security_of_Bitcoin_roulette_games\" >Co by hr\u00e1\u010di m\u011bli v\u011bd\u011bt o zabezpe\u010den\u00ed ruletov\u00fdch her Bitcoin?<\/a><\/li><\/ul><\/li><\/ul><\/nav><\/div>\n<h2><span class=\"ez-toc-section\" id=\"Fundamentals_of_Bitcoin_Roulette\"><\/span>Z\u00e1klady rulety Bitcoin<span class=\"ez-toc-section-end\"><\/span><\/h2>\n<p><img decoding=\"async\" src=\"https:\/\/coinkickoff.com\/wp-content\/uploads\/v2-3dgyd-6ia5o.jpg\" alt=\"\"><\/p>\n<p><a href=\"https:\/\/coinkickoff.com\/cs\/bitcoin-casino\/how-to-play-crypto-roulette\/\" data-internallinksmanager029f6b8e52c=\"206\" title=\"Jak hr\u00e1t krypto ruletu: Jak na blockchainov\u00e9 s\u00e1zen\u00ed?\">Bitcoin Ruleta<\/a> funguje na stejn\u00fdch z\u00e1kladn\u00edch principech jako tradi\u010dn\u00ed ruleta, ale hraje se s Bitcoin, nikoli s fiat m\u011bnou, co\u017e ovliv\u0148uje rychlost a anonymitu transakc\u00ed.<\/p>\n<h3><span class=\"ez-toc-section\" id=\"Definition_and_Mechanism\"><\/span>Definice a mechanismus<span class=\"ez-toc-section-end\"><\/span><\/h3>\n<p>Bitcoin Roulette je digit\u00e1ln\u00ed varianta klasick\u00e9 kasinov\u00e9 hry, kter\u00e1 pro s\u00e1zen\u00ed a transakce pou\u017e\u00edv\u00e1 Bitcoin. Hr\u00e1\u010di uzav\u00edraj\u00ed s\u00e1zky na to, kam dopadne kuli\u010dka na ot\u00e1\u010dej\u00edc\u00edm se kole rozd\u011blen\u00e9m na o\u010d\u00edslovan\u00e9 a barevn\u00e9 \u010d\u00e1sti. Mechanismus je podobn\u00fd standardn\u00ed rulet\u011b, hlavn\u00edm rozd\u00edlem je pou\u017eit\u00e1 m\u011bna. V Bitcoin Roulette je ka\u017ed\u00e1 transakce zpracov\u00e1v\u00e1na prost\u0159ednictv\u00edm blockchainu, co\u017e zaji\u0161\u0165uje transparentnost a sni\u017euje pravd\u011bpodobnost podvodu.<\/p>\n<ul>\n<li><strong>Rychlost transakce<\/strong>: Transakce s Bitcoin jsou rychlej\u0161\u00ed a obvykle trvaj\u00ed n\u011bkolik minut.<\/li>\n<li><strong>Anonymita<\/strong>: Hr\u00e1\u010di si mohou zachovat anonymitu, proto\u017ee k prov\u00e1d\u011bn\u00ed transakc\u00ed Bitcoin nejsou z podstaty v\u011bci vy\u017eadov\u00e1ny osobn\u00ed \u00fadaje.<\/li>\n<\/ul>\n<h3><span class=\"ez-toc-section\" id=\"Basic_Rules_Comparison\"><\/span>Srovn\u00e1n\u00ed z\u00e1kladn\u00edch pravidel<span class=\"ez-toc-section-end\"><\/span><\/h3>\n<p>Z\u00e1kladn\u00ed pravidla rulety Bitcoin a b\u011b\u017en\u00e9 rulety jsou v z\u00e1sad\u011b stejn\u00e1. Hr\u00e1\u010di si mohou vybrat, zda vsad\u00ed na jedno \u010d\u00edslo, r\u016fzn\u00e9 skupiny \u010d\u00edsel, \u010dervenou nebo \u010dernou barvu, lich\u00e9 nebo sud\u00e9 \u010d\u00edslo nebo vysok\u00e1 (19-36) \u010di n\u00edzk\u00e1 (1-18) \u010d\u00edsla.<\/p>\n<ul>\n<li><strong>Mo\u017enosti s\u00e1zen\u00ed<\/strong>:\n<ul>\n<li><strong>Jednotliv\u00e9 \u010d\u00edslo<\/strong>: Vy\u0161\u0161\u00ed v\u00fdplata; ni\u017e\u0161\u00ed kurz.<\/li>\n<li><strong>\u010c\u00edsla skupin<\/strong>: S\u00e1zky na shluky \u010d\u00edsel; r\u016fzn\u00e9 v\u00fdplaty.<\/li>\n<li><strong>Barvy<\/strong>: S\u00e1zka na \u010dervenou nebo \u010dernou barvu; \u0161ance t\u00e9m\u011b\u0159 50\/50.<\/li>\n<li><strong>Lich\u00fd nebo sud\u00fd<\/strong>: Vsa\u010fte, zda je \u010d\u00edslo sud\u00e9 nebo lich\u00e9.<\/li>\n<li><strong>Vysok\u00e1 nebo n\u00edzk\u00e1<\/strong>: S\u00e1zejte na vysok\u00e1 (19-36) nebo n\u00edzk\u00e1 (1-18) \u010d\u00edsla.<\/li>\n<\/ul>\n<\/li>\n<\/ul>\n<p>Jasn\u00fd rozd\u00edl v pravidlech se t\u00fdk\u00e1 nakl\u00e1d\u00e1n\u00ed s m\u011bnou a potenci\u00e1ln\u00edmi v\u00fdplatami. Volatilita ceny Bitcoin m\u016f\u017ee ovlivnit skute\u010dnou hodnotu <a href=\"https:\/\/coinkickoff.com\/cs\/bitcoin-casino\/cash-in-bitcoin-casino-winnings\/\" data-internallinksmanager029f6b8e52c=\"211\" title=\"Jak zpen\u011b\u017eit v\u00fdhry v kasinu Bitcoin: Pr\u016fvodce krok za krokem\">v\u00fdhry<\/a> nebo prohry a minim\u00e1ln\u00ed a maxim\u00e1ln\u00ed s\u00e1zky se mohou li\u0161it v z\u00e1vislosti na tom. <a href=\"https:\/\/coinkickoff.com\/cs\/bitcoin-casino\/what-is-a-bitcoin-casino\/\" data-internallinksmanager029f6b8e52c=\"201\" title=\"Co je Bitcoin Casino? Porozum\u011bn\u00ed s\u00e1zkov\u00fdm platform\u00e1m Crytpo\">Kasino Bitcoin<\/a>politiky.<\/p>\n<h2><span class=\"ez-toc-section\" id=\"Technological_Aspects\"><\/span>Technologick\u00e9 aspekty<span class=\"ez-toc-section-end\"><\/span><\/h2>\n<p><img decoding=\"async\" src=\"https:\/\/coinkickoff.com\/wp-content\/uploads\/v2-3dgyu-2s6kd.jpg\" alt=\"\"><\/p>\n<p>P\u0159i porovn\u00e1v\u00e1n\u00ed rulety Bitcoin s tradi\u010dn\u00ed ruletou p\u0159ich\u00e1zej\u00ed v \u00favahu dva kl\u00ed\u010dov\u00e9 technologick\u00e9 aspekty: mechanismy, kter\u00e9 zaji\u0161\u0165uj\u00ed spravedlnost softwaru, a protokoly, kter\u00e9 udr\u017euj\u00ed bezpe\u010dnost a anonymitu transakc\u00ed.<\/p>\n<h3><span class=\"ez-toc-section\" id=\"Software_and_Fairness\"><\/span>Software a spravedlnost<span class=\"ez-toc-section-end\"><\/span><\/h3>\n<p>Ruletov\u00e9 hry Bitcoin se spol\u00e9haj\u00ed na <strong>Prokazateln\u011b spravedliv\u00e9<\/strong> technologie, kter\u00e1 hr\u00e1\u010d\u016fm umo\u017e\u0148uje ov\u011b\u0159it si v\u00fdsledky ka\u017ed\u00e9 hry. Tento syst\u00e9m vyu\u017e\u00edv\u00e1 kryptografick\u00e9 algoritmy, kter\u00e9 umo\u017e\u0148uj\u00ed <strong>generov\u00e1n\u00ed n\u00e1hodn\u00fdch semen<\/strong>, co\u017e zaji\u0161\u0165uje, \u017ee ka\u017ed\u00e9 rozto\u010den\u00ed je n\u00e1hodn\u00e9 a spravedliv\u00e9. Hr\u00e1\u010di mohou spravedlnost obvykle zkontrolovat prost\u0159ednictv\u00edm <strong>ov\u011b\u0159ovac\u00ed n\u00e1stroj<\/strong> poskytovan\u00e9 kasinem.<\/p>\n<ul>\n<li>Generov\u00e1n\u00ed n\u00e1hodn\u00fdch \u010d\u00edsel (RNG): Algoritmicky vytv\u00e1\u0159\u00ed nep\u0159edv\u00eddateln\u00e9 v\u00fdsledky.<\/li>\n<li>N\u00e1stroje pro ov\u011b\u0159ov\u00e1n\u00ed: Nab\u00eddn\u011bte transparentn\u00ed a ov\u011b\u0159iteln\u00e9 v\u00fdsledky hry.<\/li>\n<\/ul>\n<h3><span class=\"ez-toc-section\" id=\"Transaction_Security_and_Anonymity\"><\/span>Zabezpe\u010den\u00ed a anonymita transakc\u00ed<span class=\"ez-toc-section-end\"><\/span><\/h3>\n<p>Transakce Bitcoin vyu\u017e\u00edvaj\u00ed <strong>technologie blockchain<\/strong>, kter\u00fd zaji\u0161\u0165uje vklady a v\u00fdb\u011bry prost\u0159ednictv\u00edm nem\u011bnn\u00e9ho <a href=\"https:\/\/coinkickoff.com\/cs\/what-is-ledger-wallet\/\" data-internallinksmanager029f6b8e52c=\"167\" title=\"Recenze pen\u011b\u017eenky Ledger 2023: Pro a proti: poplatky, funkce, bezpe\u010dnost, v\u00fdhody a nev\u00fdhody\">\u00fa\u010detn\u00ed kniha<\/a>, co\u017e zvy\u0161uje bezpe\u010dnost a poskytuje ur\u010ditou m\u00edru anonymity.<\/p>\n<ul>\n<li><strong>Zabezpe\u010den\u00ed<\/strong>: \u0160ifrovan\u00e9 transakce chr\u00e1n\u011bn\u00e9 technologi\u00ed blockchain.<\/li>\n<li><strong>Anonymita<\/strong>: Oproti tradi\u010dn\u00edm platebn\u00edm metod\u00e1m se sni\u017euje mno\u017estv\u00ed zve\u0159ej\u0148ovan\u00fdch osobn\u00edch \u00fadaj\u016f.<\/li>\n<\/ul>\n<table>\n<thead>\n<tr>\n<th>Aspekt<\/th>\n<th>Benefit<\/th>\n<\/tr>\n<\/thead>\n<tbody>\n<tr>\n<td>\u0160ifrovan\u00e9 transakce<\/td>\n<td>P\u0159id\u00e1v\u00e1 vrstvu zabezpe\u010den\u00ed proti podvod\u016fm<\/td>\n<\/tr>\n<tr>\n<td>Nezm\u011bniteln\u00e1 \u00fa\u010detn\u00ed kniha<\/td>\n<td>Zaji\u0161\u0165uje trvalost a sledovatelnost transakc\u00ed.<\/td>\n<\/tr>\n<tr>\n<td>Omezen\u00e9 zve\u0159ej\u0148ov\u00e1n\u00ed \u00fadaj\u016f<\/td>\n<td>Osobn\u00ed \u00fadaje hr\u00e1\u010d\u016f jsou m\u00e9n\u011b vystaveny<\/td>\n<\/tr>\n<\/tbody>\n<\/table>\n<h2><span class=\"ez-toc-section\" id=\"Practical_Considerations\"><\/span>Praktick\u00e9 \u00favahy<span class=\"ez-toc-section-end\"><\/span><\/h2>\n<p><img decoding=\"async\" src=\"https:\/\/coinkickoff.com\/wp-content\/uploads\/v2-3dgz8-pee1q.jpg\" alt=\"\"><\/p>\n<p>P\u0159i hran\u00ed rulety Bitcoin mus\u00ed u\u017eivatel\u00e9 br\u00e1t v \u00favahu rozd\u00edly v dostupnosti, dob\u011b zpracov\u00e1n\u00ed a nab\u00edzen\u00fdch jedine\u010dn\u00fdch bonusech, kter\u00e9 se li\u0161\u00ed od tradi\u010dn\u00ed rulety.<\/p>\n<h3><span class=\"ez-toc-section\" id=\"Accessibility_and_Jurisdiction\"><\/span>P\u0159\u00edstupnost a p\u0159\u00edslu\u0161nost<span class=\"ez-toc-section-end\"><\/span><\/h3>\n<p>Ruleta Bitcoin je \u010dasto k dispozici hr\u00e1\u010d\u016fm v jurisdikc\u00edch, kde jsou online hazardn\u00ed hry omezeny nebo kde tradi\u010dn\u00ed platebn\u00ed metody nejsou provediteln\u00e9. <strong>Kryptom\u011bna<\/strong> jako m\u00e9dium obch\u00e1z\u00ed mnoh\u00e1 regula\u010dn\u00ed omezen\u00ed, a je tak dostupn\u011bj\u0161\u00ed pro \u0161irokou ve\u0159ejnost. U\u017eivatel\u00e9 by si v\u0161ak m\u011bli b\u00fdt v\u011bdomi m\u00edstn\u00edch z\u00e1kon\u016f, proto\u017ee leg\u00e1lnost hazardn\u00edch her s kryptom\u011bnami se m\u016f\u017ee v jednotliv\u00fdch regionech v\u00fdrazn\u011b li\u0161it.<\/p>\n<h3><span class=\"ez-toc-section\" id=\"Payment_Processing_Times\"><\/span>Doba zpracov\u00e1n\u00ed plateb<span class=\"ez-toc-section-end\"><\/span><\/h3>\n<ul>\n<li><strong>Bitcoin Vklady:<\/strong> Obvykle okam\u017eit\u011b nebo b\u011bhem n\u011bkolika minut.<\/li>\n<li><strong>Bitcoin Sta\u017een\u00ed:<\/strong> M\u016f\u017ee se pohybovat od n\u011bkolika minut a\u017e po n\u011bkolik hodin.<\/li>\n<li><strong>Tradi\u010dn\u00ed bankovn\u00ed metody:<\/strong> Vklady i v\u00fdb\u011bry \u010dasto trvaj\u00ed n\u011bkolik dn\u00ed.<\/li>\n<\/ul>\n<p>Pou\u017eit\u00ed syst\u00e9mu Bitcoin m\u016f\u017ee v\u00fdrazn\u011b zkr\u00e1tit \u010dekac\u00ed dobu spojenou se zpracov\u00e1n\u00edm plateb v online hazardn\u00edch hr\u00e1ch. Hr\u00e1\u010di mohou ve srovn\u00e1n\u00ed s tradi\u010dn\u00edmi platebn\u00edmi metodami \u010dasto za\u010d\u00edt hr\u00e1t d\u0159\u00edve a rychleji si vyzvednout sv\u00e9 v\u00fdhry.<\/p>\n<h3><span class=\"ez-toc-section\" id=\"Casino_Bonuses_and_Incentives\"><\/span>Kasinov\u00e9 bonusy a pob\u00eddky<span class=\"ez-toc-section-end\"><\/span><\/h3>\n<ul>\n<li><strong>Uv\u00edtac\u00ed bonusy:<\/strong> Mnoho kasin Bitcoin nab\u00edz\u00ed pro nov\u00e9 hr\u00e1\u010de zna\u010dn\u00e9 uv\u00edtac\u00ed bonusy.<\/li>\n<li><strong>V\u011brnostn\u00ed odm\u011bny:<\/strong> V\u00fdhody pro pravideln\u00e9 u\u017eivatele \u010dasto zahrnuj\u00ed vy\u0161\u0161\u00ed bonusy nebo VIP zach\u00e1zen\u00ed.<\/li>\n<li><strong>Exkluzivn\u00ed propaga\u010dn\u00ed akce:<\/strong> N\u011bkter\u00e1 kasina poskytuj\u00ed propaga\u010dn\u00ed akce p\u0159izp\u016fsoben\u00e9 speci\u00e1ln\u011b u\u017eivatel\u016fm Bitcoin.<\/li>\n<\/ul>\n<p>Bitcoin ruleta platformy mohou m\u00edt \u0161t\u011bd\u0159ej\u0161\u00ed bonusy a pob\u00eddky ve srovn\u00e1n\u00ed s b\u011b\u017en\u00fdmi online kasiny. Tyto bonusy jsou navr\u017eeny tak, aby p\u0159il\u00e1kaly a udr\u017eely hr\u00e1\u010de, kte\u0159\u00ed d\u00e1vaj\u00ed p\u0159ednost pou\u017e\u00edv\u00e1n\u00ed kryptom\u011bn. Je d\u016fle\u017eit\u00e9, aby si hr\u00e1\u010di p\u0159e\u010detli podm\u00ednky spojen\u00e9 s t\u011bmito bonusy, aby pln\u011b pochopili, jak je lze vyu\u017e\u00edt.<\/p>\n<h2><span class=\"ez-toc-section\" id=\"Frequently_Asked_Questions\"><\/span>\u010casto kladen\u00e9 ot\u00e1zky<span class=\"ez-toc-section-end\"><\/span><\/h2>\n<p><img decoding=\"async\" src=\"https:\/\/coinkickoff.com\/wp-content\/uploads\/v2-3dgzp-ju7x7.jpg\" alt=\"\"><\/p>\n<p>Tato \u010d\u00e1st se zab\u00fdv\u00e1 \u010dast\u00fdmi dotazy t\u00fdkaj\u00edc\u00edmi se rozd\u00edl\u016f mezi ruletou Bitcoin a tradi\u010dn\u00ed ruletou a je ur\u010dena hr\u00e1\u010d\u016fm, kte\u0159\u00ed hledaj\u00ed v t\u00e9to oblasti jasno.<\/p>\n<h3><span class=\"ez-toc-section\" id=\"What_are_the_distinctive_features_of_Bitcoin_roulette_compared_to_traditional_roulette\"><\/span>Jak\u00e9 jsou odli\u0161nosti rulety Bitcoin ve srovn\u00e1n\u00ed s tradi\u010dn\u00ed ruletou?<span class=\"ez-toc-section-end\"><\/span><\/h3>\n<p>Ruleta Bitcoin funguje podobn\u011b jako tradi\u010dn\u00ed ruleta. Hlavn\u00ed rozd\u00edl spo\u010d\u00edv\u00e1 v pou\u017e\u00edv\u00e1n\u00ed Bitcoin jako m\u011bny, co\u017e \u010dasto umo\u017e\u0148uje rychlej\u0161\u00ed transak\u010dn\u00ed \u010dasy a lep\u0161\u00ed anonymitu pro hr\u00e1\u010de.<\/p>\n<h3><span class=\"ez-toc-section\" id=\"Can_you_use_Bitcoin_to_play_any_version_of_roulette\"><\/span>Lze s Bitcoin hr\u00e1t jakoukoli verzi rulety?<span class=\"ez-toc-section-end\"><\/span><\/h3>\n<p>V\u011bt\u0161ina kasin Bitcoin nab\u00edz\u00ed r\u016fzn\u00e9 verze rulety, v\u010detn\u011b americk\u00e9, evropsk\u00e9 a francouzsk\u00e9 rulety. Hr\u00e1\u010di mohou v z\u00e1vislosti na nab\u00eddce kasina uzav\u00edrat s\u00e1zky pomoc\u00ed Bitcoin v t\u011bchto r\u016fzn\u00fdch verz\u00edch.<\/p>\n<h3><span class=\"ez-toc-section\" id=\"What_advantages_do_Bitcoin_casinos_offer_for_roulette_players\"><\/span>Jak\u00e9 v\u00fdhody nab\u00edzej\u00ed kasina Bitcoin hr\u00e1\u010d\u016fm rulety?<span class=\"ez-toc-section-end\"><\/span><\/h3>\n<p>Kasina Bitcoin \u010dasto poskytuj\u00ed hr\u00e1\u010d\u016fm v\u00fdhody, jako jsou ni\u017e\u0161\u00ed transak\u010dn\u00ed poplatky, prokazateln\u011b f\u00e9rov\u00e9 hry a mo\u017enost hr\u00e1t a vyb\u00edrat prost\u0159edky bez nutnosti zad\u00e1vat osobn\u00ed finan\u010dn\u00ed \u00fadaje.<\/p>\n<h3><span class=\"ez-toc-section\" id=\"How_does_the_integration_of_Bitcoin_affect_the_gameplay_of_roulette\"><\/span>Jak ovlivn\u00ed integrace syst\u00e9mu Bitcoin hran\u00ed rulety?<span class=\"ez-toc-section-end\"><\/span><\/h3>\n<p>Integrace Bitcoin obvykle nem\u011bn\u00ed z\u00e1kladn\u00ed hern\u00ed principy rulety. M\u016f\u017ee v\u0161ak umo\u017enit rychlej\u0161\u00ed s\u00e1zen\u00ed a vyb\u00edr\u00e1n\u00ed pen\u011bz, \u010d\u00edm\u017e se zv\u00fd\u0161\u00ed celkov\u00e9 tempo hry.<\/p>\n<h3><span class=\"ez-toc-section\" id=\"Are_there_any_unique_betting_options_available_in_Bitcoin_roulette\"><\/span>Jsou v rulet\u011b Bitcoin k dispozici n\u011bjak\u00e9 jedine\u010dn\u00e9 mo\u017enosti s\u00e1zek?<span class=\"ez-toc-section-end\"><\/span><\/h3>\n<p>Ruleta Bitcoin obecn\u011b nab\u00edz\u00ed stejn\u00e9 mo\u017enosti s\u00e1zen\u00ed jako b\u011b\u017en\u00e1 ruleta. N\u011bkter\u00e1 kasina Bitcoin v\u0161ak mohou zav\u00e9st jedine\u010dn\u00e9 propaga\u010dn\u00ed akce nebo s\u00e1zky, aby p\u0159il\u00e1kala \u0161ir\u0161\u00ed publikum nad\u0161enc\u016f do kryptom\u011bn.<\/p>\n<h3><span class=\"ez-toc-section\" id=\"What_should_players_know_about_the_security_of_Bitcoin_roulette_games\"><\/span>Co by hr\u00e1\u010di m\u011bli v\u011bd\u011bt o zabezpe\u010den\u00ed ruletov\u00fdch her Bitcoin?<span class=\"ez-toc-section-end\"><\/span><\/h3>\n<p>Bezpe\u010dnost rulety Bitcoin z\u00e1vis\u00ed jak na robustnosti kryptografick\u00e9 technologie Bitcoin, tak na bezpe\u010dnostn\u00edch opat\u0159en\u00edch zaveden\u00fdch jednotliv\u00fdmi kasiny. Pro hr\u00e1\u010de je z\u00e1sadn\u00ed ov\u011b\u0159it si d\u016fv\u011bryhodnost kasina a f\u00e9rovost jeho her.<\/p>","protected":false},"excerpt":{"rendered":"<p>Upozorn\u011bn\u00ed: Hazardn\u00ed hry s sebou nesou zna\u010dn\u00e9 finan\u010dn\u00ed riziko. Hrajte pouze s pen\u011bzi, kter\u00e9 si m\u016f\u017eete dovolit prohr\u00e1t. N\u00ed\u017ee uveden\u00e9 informace maj\u00ed pouze informativn\u00ed charakter. Pokud se zaregistrujete a prohrajete pen\u00edze v n\u011bkter\u00e9m z n\u00e1sleduj\u00edc\u00edch kasin, m\u016f\u017ee n\u00e1m b\u00fdt vyplacena provize. Ne v\u0161echna kasina jsou dostupn\u00e1 ve v\u0161ech zem\u00edch. Ve\u0161ker\u00e9 informace, kter\u00e9 uv\u00e1d\u00edme, jsou [...]<\/p>","protected":false},"author":1,"featured_media":4599,"parent":4440,"menu_order":0,"comment_status":"closed","ping_status":"closed","template":"","meta":{"_genesis_hide_title":false,"_genesis_hide_breadcrumbs":false,"_genesis_hide_singular_image":false,"_genesis_hide_footer_widgets":false,"_genesis_custom_body_class":"","_genesis_custom_post_class":"","_genesis_layout":"","_glsr_average":0,"_glsr_ranking":0,"_glsr_reviews":0,"footnotes":""},"class_list":{"0":"post-4595","1":"page","2":"type-page","3":"status-publish","4":"has-post-thumbnail","6":"entry"},"featured_image_src":"https:\/\/coinkickoff.com\/wp-content\/uploads\/v2-3dgz8-pee1q-600x400.jpg","featured_image_src_square":"https:\/\/coinkickoff.com\/wp-content\/uploads\/v2-3dgz8-pee1q-600x600.jpg","_links":{"self":[{"href":"https:\/\/coinkickoff.com\/cs\/wp-json\/wp\/v2\/pages\/4595","targetHints":{"allow":["GET"]}}],"collection":[{"href":"https:\/\/coinkickoff.com\/cs\/wp-json\/wp\/v2\/pages"}],"about":[{"href":"https:\/\/coinkickoff.com\/cs\/wp-json\/wp\/v2\/types\/page"}],"author":[{"embeddable":true,"href":"https:\/\/coinkickoff.com\/cs\/wp-json\/wp\/v2\/users\/1"}],"replies":[{"embeddable":true,"href":"https:\/\/coinkickoff.com\/cs\/wp-json\/wp\/v2\/comments?post=4595"}],"version-history":[{"count":3,"href":"https:\/\/coinkickoff.com\/cs\/wp-json\/wp\/v2\/pages\/4595\/revisions"}],"predecessor-version":[{"id":4602,"href":"https:\/\/coinkickoff.com\/cs\/wp-json\/wp\/v2\/pages\/4595\/revisions\/4602"}],"up":[{"embeddable":true,"href":"https:\/\/coinkickoff.com\/cs\/wp-json\/wp\/v2\/pages\/4440"}],"wp:featuredmedia":[{"embeddable":true,"href":"https:\/\/coinkickoff.com\/cs\/wp-json\/wp\/v2\/media\/4599"}],"wp:attachment":[{"href":"https:\/\/coinkickoff.com\/cs\/wp-json\/wp\/v2\/media?parent=4595"}],"curies":[{"name":"wp","href":"https:\/\/api.w.org\/{rel}","templated":true}]}}