{"id":4585,"date":"2026-01-08T14:07:59","date_gmt":"2026-01-08T14:07:59","guid":{"rendered":"https:\/\/coinkickoff.com\/?page_id=4585"},"modified":"2026-01-08T14:07:59","modified_gmt":"2026-01-08T14:07:59","slug":"how-is-bitcoin-blackjack-different","status":"publish","type":"page","link":"https:\/\/coinkickoff.com\/cs\/bitcoin-casino\/how-is-bitcoin-blackjack-different\/","title":{"rendered":"Jak se Blackjack Bitcoin li\u0161\u00ed od b\u011b\u017en\u00e9ho Blackjacku?"},"content":{"rendered":"<p><em>Upozorn\u011bn\u00ed: Hazardn\u00ed hry s sebou nesou zna\u010dn\u00e9 finan\u010dn\u00ed riziko. Hrajte pouze s pen\u011bzi, kter\u00e9 si m\u016f\u017eete dovolit prohr\u00e1t. N\u00ed\u017ee uveden\u00e9 informace maj\u00ed pouze informativn\u00ed charakter. Pokud se zaregistrujete a prohrajete pen\u00edze v n\u011bkter\u00e9 z n\u00e1sleduj\u00edc\u00edch her, m\u016f\u017ee n\u00e1m b\u00fdt vyplacena provize. <a href=\"https:\/\/coinkickoff.com\/cs\/bitcoin-casino\/\" data-internallinksmanager029f6b8e52c=\"200\" title=\"3 nejlep\u0161\u00ed Bitcoin krypto kasina s bonusy\">kasina<\/a>. Ne v\u0161echna kasina jsou dostupn\u00e1 ve v\u0161ech zem\u00edch. V\u0161echny informace jsme pova\u017eovali za spr\u00e1vn\u00e9 v dob\u011b zve\u0159ejn\u011bn\u00ed, ale mohly se od t\u00e9 doby zm\u011bnit.<\/em><\/p>\n<div id=\"ez-toc-container\" class=\"ez-toc-v2_0_80 counter-hierarchy ez-toc-counter ez-toc-transparent ez-toc-container-direction\">\n<div class=\"ez-toc-title-container\">\n<p class=\"ez-toc-title\" style=\"cursor:inherit\">Sekce<\/p>\n<span class=\"ez-toc-title-toggle\"><a href=\"#\" class=\"ez-toc-pull-right ez-toc-btn ez-toc-btn-xs ez-toc-btn-default ez-toc-toggle\" aria-label=\"P\u0159epnut\u00ed tabulky obsahu\"><span class=\"ez-toc-js-icon-con\"><span class=\"\"><span class=\"eztoc-hide\" style=\"display:none;\">P\u0159ep\u00edna\u010d<\/span><span class=\"ez-toc-icon-toggle-span\"><svg style=\"fill: #999;color:#999\" xmlns=\"http:\/\/www.w3.org\/2000\/svg\" class=\"list-377408\" width=\"20px\" height=\"20px\" viewbox=\"0 0 24 24\" fill=\"none\"><path d=\"M6 6H4v2h2V6zm14 0H8v2h12V6zM4 11h2v2H4v-2zm16 0H8v2h12v-2zM4 16h2v2H4v-2zm16 0H8v2h12v-2z\" fill=\"currentColor\"><\/path><\/svg><svg style=\"fill: #999;color:#999\" class=\"arrow-unsorted-368013\" xmlns=\"http:\/\/www.w3.org\/2000\/svg\" width=\"10px\" height=\"10px\" viewbox=\"0 0 24 24\" version=\"1.2\" baseprofile=\"tiny\"><path d=\"M18.2 9.3l-6.2-6.3-6.2 6.3c-.2.2-.3.4-.3.7s.1.5.3.7c.2.2.4.3.7.3h11c.3 0 .5-.1.7-.3.2-.2.3-.5.3-.7s-.1-.5-.3-.7zM5.8 14.7l6.2 6.3 6.2-6.3c.2-.2.3-.5.3-.7s-.1-.5-.3-.7c-.2-.2-.4-.3-.7-.3h-11c-.3 0-.5.1-.7.3-.2.2-.3.5-.3.7s.1.5.3.7z\"\/><\/svg><\/span><\/span><\/span><\/a><\/span><\/div>\n<nav><ul class='ez-toc-list ez-toc-list-level-1 eztoc-toggle-hide-by-default' ><li class='ez-toc-page-1 ez-toc-heading-level-2'><a class=\"ez-toc-link ez-toc-heading-1\" href=\"https:\/\/coinkickoff.com\/cs\/bitcoin-casino\/how-is-bitcoin-blackjack-different\/#Fundamentals_of_Bitcoin_Blackjack\" >Z\u00e1klady blackjacku Bitcoin<\/a><ul class='ez-toc-list-level-3' ><li class='ez-toc-heading-level-3'><a class=\"ez-toc-link ez-toc-heading-2\" href=\"https:\/\/coinkickoff.com\/cs\/bitcoin-casino\/how-is-bitcoin-blackjack-different\/#Definition_and_Operation\" >Definice a fungov\u00e1n\u00ed<\/a><\/li><li class='ez-toc-page-1 ez-toc-heading-level-3'><a class=\"ez-toc-link ez-toc-heading-3\" href=\"https:\/\/coinkickoff.com\/cs\/bitcoin-casino\/how-is-bitcoin-blackjack-different\/#Key_Differences_From_Traditional_Blackjack\" >Hlavn\u00ed rozd\u00edly oproti tradi\u010dn\u00edmu blackjacku<\/a><\/li><\/ul><\/li><li class='ez-toc-page-1 ez-toc-heading-level-2'><a class=\"ez-toc-link ez-toc-heading-4\" href=\"https:\/\/coinkickoff.com\/cs\/bitcoin-casino\/how-is-bitcoin-blackjack-different\/#Gameplay_Specifics\" >Specifika hry<\/a><ul class='ez-toc-list-level-3' ><li class='ez-toc-heading-level-3'><a class=\"ez-toc-link ez-toc-heading-5\" href=\"https:\/\/coinkickoff.com\/cs\/bitcoin-casino\/how-is-bitcoin-blackjack-different\/#Digital_Transactions_in_Gameplay\" >Digit\u00e1ln\u00ed transakce ve hr\u00e1ch<\/a><\/li><li class='ez-toc-page-1 ez-toc-heading-level-3'><a class=\"ez-toc-link ez-toc-heading-6\" href=\"https:\/\/coinkickoff.com\/cs\/bitcoin-casino\/how-is-bitcoin-blackjack-different\/#Use_of_Provably_Fair_Algorithms\" >Pou\u017eit\u00ed prokazateln\u011b spravedliv\u00fdch algoritm\u016f<\/a><\/li><li class='ez-toc-page-1 ez-toc-heading-level-3'><a class=\"ez-toc-link ez-toc-heading-7\" href=\"https:\/\/coinkickoff.com\/cs\/bitcoin-casino\/how-is-bitcoin-blackjack-different\/#Privacy_and_Anonymity_Aspects\" >Aspekty soukrom\u00ed a anonymity<\/a><\/li><\/ul><\/li><li class='ez-toc-page-1 ez-toc-heading-level-2'><a class=\"ez-toc-link ez-toc-heading-8\" href=\"https:\/\/coinkickoff.com\/cs\/bitcoin-casino\/how-is-bitcoin-blackjack-different\/#Considerations_for_Players\" >\u00davahy pro hr\u00e1\u010de<\/a><ul class='ez-toc-list-level-3' ><li class='ez-toc-heading-level-3'><a class=\"ez-toc-link ez-toc-heading-9\" href=\"https:\/\/coinkickoff.com\/cs\/bitcoin-casino\/how-is-bitcoin-blackjack-different\/#Volatility_of_Bitcoin_Value\" >Volatilita hodnoty Bitcoin<\/a><\/li><li class='ez-toc-page-1 ez-toc-heading-level-3'><a class=\"ez-toc-link ez-toc-heading-10\" href=\"https:\/\/coinkickoff.com\/cs\/bitcoin-casino\/how-is-bitcoin-blackjack-different\/#Legal_and_Regulatory_Implications\" >Pr\u00e1vn\u00ed a regula\u010dn\u00ed d\u016fsledky<\/a><\/li><li class='ez-toc-page-1 ez-toc-heading-level-3'><a class=\"ez-toc-link ez-toc-heading-11\" href=\"https:\/\/coinkickoff.com\/cs\/bitcoin-casino\/how-is-bitcoin-blackjack-different\/#Security_and_Trustworthiness\" >Bezpe\u010dnost a d\u016fv\u011bryhodnost<\/a><\/li><\/ul><\/li><li class='ez-toc-page-1 ez-toc-heading-level-2'><a class=\"ez-toc-link ez-toc-heading-12\" href=\"https:\/\/coinkickoff.com\/cs\/bitcoin-casino\/how-is-bitcoin-blackjack-different\/#Frequently_Asked_Questions\" >\u010casto kladen\u00e9 ot\u00e1zky<\/a><ul class='ez-toc-list-level-3' ><li class='ez-toc-heading-level-3'><a class=\"ez-toc-link ez-toc-heading-13\" href=\"https:\/\/coinkickoff.com\/cs\/bitcoin-casino\/how-is-bitcoin-blackjack-different\/#What_are_the_differences_in_transaction_methods_between_Bitcoin_Blackjack_and_traditional_Blackjack\" >Jak\u00e9 jsou rozd\u00edly v transak\u010dn\u00edch metod\u00e1ch mezi Blackjackem Bitcoin a tradi\u010dn\u00edm Blackjackem?<\/a><\/li><li class='ez-toc-page-1 ez-toc-heading-level-3'><a class=\"ez-toc-link ez-toc-heading-14\" href=\"https:\/\/coinkickoff.com\/cs\/bitcoin-casino\/how-is-bitcoin-blackjack-different\/#Does_the_use_of_Bitcoin_in_Blackjack_affect_game_anonymity\" >Ovliv\u0148uje pou\u017eit\u00ed Bitcoin v blackjacku anonymitu hry?<\/a><\/li><li class='ez-toc-page-1 ez-toc-heading-level-3'><a class=\"ez-toc-link ez-toc-heading-15\" href=\"https:\/\/coinkickoff.com\/cs\/bitcoin-casino\/how-is-bitcoin-blackjack-different\/#Are_there_any_variations_in_game_rules_for_Blackjack_when_playing_with_Bitcoin\" >Existuj\u00ed n\u011bjak\u00e9 odchylky v pravidlech hry Blackjack p\u0159i h\u0159e s Bitcoin?<\/a><\/li><li class='ez-toc-page-1 ez-toc-heading-level-3'><a class=\"ez-toc-link ez-toc-heading-16\" href=\"https:\/\/coinkickoff.com\/cs\/bitcoin-casino\/how-is-bitcoin-blackjack-different\/#How_do_the_odds_or_payouts_differ_in_Bitcoin_Blackjack_compared_to_regular_Blackjack\" >Jak se li\u0161\u00ed kurzy nebo v\u00fdplaty v blackjacku Bitcoin v porovn\u00e1n\u00ed s b\u011b\u017en\u00fdm blackjackem?<\/a><\/li><li class='ez-toc-page-1 ez-toc-heading-level-3'><a class=\"ez-toc-link ez-toc-heading-17\" href=\"https:\/\/coinkickoff.com\/cs\/bitcoin-casino\/how-is-bitcoin-blackjack-different\/#What_security_measures_are_unique_to_Bitcoin_Blackjack_games\" >Jak\u00e1 bezpe\u010dnostn\u00ed opat\u0159en\u00ed jsou jedine\u010dn\u00e1 pro hry Bitcoin Blackjack?<\/a><\/li><li class='ez-toc-page-1 ez-toc-heading-level-3'><a class=\"ez-toc-link ez-toc-heading-18\" href=\"https:\/\/coinkickoff.com\/cs\/bitcoin-casino\/how-is-bitcoin-blackjack-different\/#Can_Bitcoin_Blackjack_be_played_from_regions_where_traditional_online_gambling_is_restricted\" >Lze hr\u00e1t Bitcoin Blackjack v oblastech, kde je tradi\u010dn\u00ed online hran\u00ed omezeno?<\/a><\/li><\/ul><\/li><\/ul><\/nav><\/div>\n<h2><span class=\"ez-toc-section\" id=\"Fundamentals_of_Bitcoin_Blackjack\"><\/span>Z\u00e1klady blackjacku Bitcoin<span class=\"ez-toc-section-end\"><\/span><\/h2>\n<p><img decoding=\"async\" src=\"https:\/\/coinkickoff.com\/wp-content\/uploads\/v2-3dgvp-hoj5o.jpg\" alt=\"\"><\/p>\n<p><a href=\"https:\/\/coinkickoff.com\/cs\/bitcoin-casino\/how-to-play-crypto-blackjack\/\" data-internallinksmanager029f6b8e52c=\"204\" title=\"Jak hr\u00e1t Crypto Blackjack: zvl\u00e1dnut\u00ed hry online\">Bitcoin Blackjack<\/a> spojuje technologii kryptom\u011bn s tradi\u010dn\u00ed hrou blackjack a nab\u00edz\u00ed jedine\u010dn\u00e9 funkce, kter\u00e9 odpov\u00eddaj\u00ed sou\u010dasn\u00fdm technologick\u00fdm trend\u016fm.<\/p>\n<h3><span class=\"ez-toc-section\" id=\"Definition_and_Operation\"><\/span>Definice a fungov\u00e1n\u00ed<span class=\"ez-toc-section-end\"><\/span><\/h3>\n<p>Bitcoin Blackjack je digit\u00e1ln\u00ed varianta tradi\u010dn\u00ed kasinov\u00e9 hry, kter\u00e1 se hraje za Bitcoin, co\u017e je forma digit\u00e1ln\u00ed m\u011bny. Hr\u00e1\u010di mohou uzav\u00edrat s\u00e1zky, p\u0159ij\u00edmat v\u00fdplaty a prov\u00e1d\u011bt v\u0161echny finan\u010dn\u00ed transakce pomoc\u00ed Bitcoin. Operace z\u00e1vis\u00ed na blockchainu, kter\u00fd zaji\u0161\u0165uje transparentnost a bezpe\u010dnost. Mezi kl\u00ed\u010dov\u00e9 sou\u010d\u00e1sti pat\u0159\u00ed:<\/p>\n<ul>\n<li>Bitcoin Pen\u011b\u017eenky: Hr\u00e1\u010di je pou\u017e\u00edvaj\u00ed pro vkl\u00e1d\u00e1n\u00ed a vyb\u00edr\u00e1n\u00ed pen\u011bz.<\/li>\n<li>Prokazateln\u011b spravedliv\u00e1 technologie: Umo\u017e\u0148uje hr\u00e1\u010d\u016fm ov\u011b\u0159it f\u00e9rovost ka\u017ed\u00e9ho rozd\u00e1n\u00ed.<\/li>\n<\/ul>\n<h3><span class=\"ez-toc-section\" id=\"Key_Differences_From_Traditional_Blackjack\"><\/span>Hlavn\u00ed rozd\u00edly oproti tradi\u010dn\u00edmu blackjacku<span class=\"ez-toc-section-end\"><\/span><\/h3>\n<p>V porovn\u00e1n\u00ed se sv\u00fdm tradi\u010dn\u00edm prot\u011bj\u0161kem vykazuje Bitcoin Blackjack v\u00fdrazn\u00e9 rozd\u00edly:<\/p>\n<p><strong>Finan\u010dn\u00ed transakce<\/strong>: Bitcoin Blackjack zaru\u010duje okam\u017eit\u00e9 vklady a v\u00fdb\u011bry, \u010d\u00edm\u017e se obejdou tradi\u010dn\u00ed bankovn\u00ed procesy a poplatky.<\/p>\n<p><strong>Anonymita<\/strong>: Hr\u00e1\u010di maj\u00ed \u010dasto v\u011bt\u0161\u00ed soukrom\u00ed, proto\u017ee transakce Bitcoin nevy\u017eaduj\u00ed osobn\u00ed \u00fadaje ve stejn\u00e9m rozsahu jako fiat m\u011bny.<\/p>\n<p><strong>Glob\u00e1ln\u00ed p\u0159\u00edstup<\/strong>: D\u00edky tomu, \u017ee Bitcoin nen\u00ed v\u00e1z\u00e1na na centr\u00e1ln\u00ed banku, umo\u017e\u0148uje hr\u00e1\u010d\u016fm z r\u016fzn\u00fdch jurisdikc\u00ed \u00fa\u010dastnit se hry bez omezen\u00ed m\u00edstn\u00edch p\u0159edpis\u016f o hazardn\u00edch hr\u00e1ch.<\/p>\n<p><strong>Spravedlnost hry<\/strong>: Pou\u017eit\u00ed technologie blockchain nab\u00edz\u00ed prokazateln\u011b spravedliv\u00fd syst\u00e9m, kter\u00fd umo\u017e\u0148uje hr\u00e1\u010d\u016fm ov\u011b\u0159it n\u00e1hodnost a spravedlnost ka\u017ed\u00e9ho kola hry.<\/p>\n<h2><span class=\"ez-toc-section\" id=\"Gameplay_Specifics\"><\/span>Specifika hry<span class=\"ez-toc-section-end\"><\/span><\/h2>\n<p><img decoding=\"async\" src=\"https:\/\/coinkickoff.com\/wp-content\/uploads\/v2-3dgw4-jjeu5.jpg\" alt=\"\"><\/p>\n<p>V oblasti online hazardn\u00edch her p\u0159in\u00e1\u0161\u00ed Bitcoin Blackjack v\u00fdznamn\u00e9 zm\u011bny v transak\u010dn\u00edch procesech a bezpe\u010dnostn\u00edch protokolech, kter\u00e9 v\u00fdrazn\u011b zlep\u0161uj\u00ed z\u00e1\u017eitek hr\u00e1\u010d\u016f.<\/p>\n<h3><span class=\"ez-toc-section\" id=\"Digital_Transactions_in_Gameplay\"><\/span>Digit\u00e1ln\u00ed transakce ve hr\u00e1ch<span class=\"ez-toc-section-end\"><\/span><\/h3>\n<p>Bitcoin Blackjack umo\u017e\u0148uje pou\u017e\u00edvat kryptom\u011bny pro s\u00e1zky a v\u00fdplaty. Hr\u00e1\u010di mus\u00ed <strong>vklad Bitcoin<\/strong> do sv\u00e9 pen\u011b\u017eenky v kasinu a <a href=\"https:\/\/coinkickoff.com\/cs\/bitcoin-casino\/cash-in-bitcoin-casino-winnings\/\" data-internallinksmanager029f6b8e52c=\"211\" title=\"Jak zpen\u011b\u017eit v\u00fdhry v kasinu Bitcoin: Pr\u016fvodce krok za krokem\">v\u00fdhry<\/a> jsou <strong>vyplaceno v Bitcoin<\/strong>, co\u017e obvykle zaji\u0161\u0165uje rychlej\u0161\u00ed transak\u010dn\u00ed \u010dasy ne\u017e tradi\u010dn\u00ed m\u011bna.<\/p>\n<h3><span class=\"ez-toc-section\" id=\"Use_of_Provably_Fair_Algorithms\"><\/span>Pou\u017eit\u00ed prokazateln\u011b spravedliv\u00fdch algoritm\u016f<span class=\"ez-toc-section-end\"><\/span><\/h3>\n<p>Technologie Bitcoin Blackjack vyu\u017e\u00edv\u00e1 <strong>prokazateln\u011b spravedliv\u00e9 algoritmy<\/strong>, \u010d\u00edm\u017e se zajist\u00ed transparentnost a spravedlnost. Hr\u00e1\u010di obdr\u017e\u00ed za\u0161ifrovan\u00e9 hashe pou\u017e\u00edvan\u00fdch bal\u00ed\u010dk\u016f a po skon\u010den\u00ed hry si mohou pomoc\u00ed t\u011bchto krok\u016f ov\u011b\u0159it, \u017ee rozdan\u00e9 karty byly skute\u010dn\u011b n\u00e1hodn\u00e9:<\/p>\n<ol>\n<li>P\u0159ed zah\u00e1jen\u00edm hry obdr\u017e\u00edte za\u0161ifrovan\u00fd hash.<\/li>\n<li>B\u011bhem hry si v\u0161\u00edmejte v\u00fdsledk\u016f karet.<\/li>\n<li>Po skon\u010den\u00ed hry pou\u017eijte algoritmus k dek\u00f3dov\u00e1n\u00ed hashe a porovnejte jej s v\u00fdsledkem hry.<\/li>\n<\/ol>\n<h3><span class=\"ez-toc-section\" id=\"Privacy_and_Anonymity_Aspects\"><\/span>Aspekty soukrom\u00ed a anonymity<span class=\"ez-toc-section-end\"><\/span><\/h3>\n<p>Transakce Bitcoin nevy\u017eaduj\u00ed osobn\u00ed \u00fadaje, \u010d\u00edm\u017e se zvy\u0161uje ochrana soukrom\u00ed. Hr\u00e1\u010di se mohou zapojit do hry Blackjack, ani\u017e by sd\u011blovali citliv\u00e9 \u00fadaje, co\u017e p\u0159itahuje osoby, kter\u00e9 up\u0159ednost\u0148uj\u00ed <em>anonymita<\/em> v online aktivit\u00e1ch.<\/p>\n<h2><span class=\"ez-toc-section\" id=\"Considerations_for_Players\"><\/span>\u00davahy pro hr\u00e1\u010de<span class=\"ez-toc-section-end\"><\/span><\/h2>\n<p><img decoding=\"async\" src=\"https:\/\/coinkickoff.com\/wp-content\/uploads\/v2-3dgws-32uf3.jpg\" alt=\"\"><\/p>\n<p>Kdy\u017e hr\u00e1\u010di p\u0159ejdou z tradi\u010dn\u00edho blackjacku na Bitcoin blackjack, mus\u00ed si b\u00fdt v\u011bdomi faktor\u016f, jako je volatilita kryptom\u011bny, pr\u00e1vn\u00ed aspekty a bezpe\u010dnostn\u00ed opat\u0159en\u00ed online platforem.<\/p>\n<h3><span class=\"ez-toc-section\" id=\"Volatility_of_Bitcoin_Value\"><\/span>Volatilita hodnoty Bitcoin<span class=\"ez-toc-section-end\"><\/span><\/h3>\n<p><strong>Cena Bitcoin kol\u00eds\u00e1<\/strong> co\u017e m\u016f\u017ee m\u00edt vliv na v\u00fd\u0161i s\u00e1zek hr\u00e1\u010d\u016f. Nap\u0159\u00edklad:<\/p>\n<ul>\n<li><strong>Kdy\u017e se hodnota Bitcoin zv\u00fd\u0161\u00ed<\/strong>: S\u00e1zka 0,01 BTC m\u016f\u017ee m\u00edt jeden den hodnotu $50 a druh\u00fd den $100.<\/li>\n<li><strong>Kdy\u017e se hodnota Bitcoin sn\u00ed\u017e\u00ed<\/strong>: V\u00fdhry mohou p\u0159i v\u00fdb\u011bru ztratit na hodnot\u011b, co\u017e ovliv\u0148uje celkovou ziskovost.<\/li>\n<\/ul>\n<h3><span class=\"ez-toc-section\" id=\"Legal_and_Regulatory_Implications\"><\/span>Pr\u00e1vn\u00ed a regula\u010dn\u00ed d\u016fsledky<span class=\"ez-toc-section-end\"><\/span><\/h3>\n<p>R\u016fzn\u00e9 jurisdikce maj\u00ed r\u016fzn\u00e9 z\u00e1kony t\u00fdkaj\u00edc\u00ed se <strong>kryptom\u011bna hazardn\u00ed hry<\/strong>. Hr\u00e1\u010di by m\u011bli zv\u00e1\u017eit:<\/p>\n<ul>\n<li><strong>Z\u00e1konnost<\/strong>: V n\u011bkter\u00fdch oblastech je pou\u017e\u00edv\u00e1n\u00ed Bitcoin pro blackjack leg\u00e1ln\u00ed, zat\u00edmco v jin\u00fdch je bu\u010f regulov\u00e1no, nebo zak\u00e1z\u00e1no.<\/li>\n<li><strong>Da\u0148ov\u00e9 dopady<\/strong>: V\u00fdhry v Bitcoin mohou m\u00edt jin\u00fd da\u0148ov\u00fd re\u017eim ne\u017e tradi\u010dn\u00ed m\u011bna, co\u017e vy\u017eaduje dodate\u010dnou pe\u010dlivost.<\/li>\n<\/ul>\n<h3><span class=\"ez-toc-section\" id=\"Security_and_Trustworthiness\"><\/span>Bezpe\u010dnost a d\u016fv\u011bryhodnost<span class=\"ez-toc-section-end\"><\/span><\/h3>\n<p>V\u00fdb\u011br d\u016fv\u011bryhodn\u00e9ho poskytovatele Bitcoin blackjack je velmi d\u016fle\u017eit\u00fd. Hr\u00e1\u010di by m\u011bli hledat:<\/p>\n<ul>\n<li><strong>Transparentn\u00ed operace<\/strong>: Renomovan\u00e9 str\u00e1nky poskytuj\u00ed jasn\u00e9 informace o f\u00e9rovosti sv\u00fdch her a o sv\u00fdch provozn\u00edch licenc\u00edch.<\/li>\n<li><strong>Bezpe\u010dnostn\u00ed opat\u0159en\u00ed<\/strong>: Odpov\u00eddaj\u00edc\u00ed ochrana jako <strong>dvoufaktorov\u00e9 ov\u011b\u0159ov\u00e1n\u00ed<\/strong> a <strong>\u0160ifrov\u00e1n\u00ed SSL<\/strong> chr\u00e1nit finan\u010dn\u00ed prost\u0159edky a osobn\u00ed \u00fadaje hr\u00e1\u010d\u016f.<\/li>\n<\/ul>\n<h2><span class=\"ez-toc-section\" id=\"Frequently_Asked_Questions\"><\/span>\u010casto kladen\u00e9 ot\u00e1zky<span class=\"ez-toc-section-end\"><\/span><\/h2>\n<p><img decoding=\"async\" src=\"https:\/\/coinkickoff.com\/wp-content\/uploads\/v2-3dgx9-wx3hk.jpg\" alt=\"\"><\/p>\n<p>N\u00e1sleduj\u00edc\u00ed podkapitoly se zab\u00fdvaj\u00ed \u010dast\u00fdmi dotazy t\u00fdkaj\u00edc\u00edmi se rozd\u00edl\u016f mezi Bitcoin Blackjackem a jeho tradi\u010dn\u00edm prot\u011bj\u0161kem a zam\u011b\u0159uj\u00ed se na rozd\u00edly v transakc\u00edch, anonymitu, pravidla hry, kurzy, bezpe\u010dnostn\u00ed opat\u0159en\u00ed a dostupnost.<\/p>\n<h3><span class=\"ez-toc-section\" id=\"What_are_the_differences_in_transaction_methods_between_Bitcoin_Blackjack_and_traditional_Blackjack\"><\/span>Jak\u00e9 jsou rozd\u00edly v transak\u010dn\u00edch metod\u00e1ch mezi Blackjackem Bitcoin a tradi\u010dn\u00edm Blackjackem?<span class=\"ez-toc-section-end\"><\/span><\/h3>\n<p>Bitcoin Blackjack vyu\u017e\u00edv\u00e1 pro s\u00e1zen\u00ed a v\u00fdplaty kryptom\u011bny, p\u0159edev\u0161\u00edm Bitcoin, co\u017e umo\u017e\u0148uje rychlej\u0161\u00ed transakce a \u010dasto ni\u017e\u0161\u00ed poplatky za zpracov\u00e1n\u00ed. Tradi\u010dn\u00ed Blackjack se obvykle spol\u00e9h\u00e1 na fiat m\u011bny, zpracov\u00e1van\u00e9 prost\u0159ednictv\u00edm r\u016fzn\u00fdch platebn\u00edch syst\u00e9m\u016f, jako jsou kreditn\u00ed karty, bankovn\u00ed p\u0159evody nebo elektronick\u00e9 pen\u011b\u017eenky.<\/p>\n<h3><span class=\"ez-toc-section\" id=\"Does_the_use_of_Bitcoin_in_Blackjack_affect_game_anonymity\"><\/span>Ovliv\u0148uje pou\u017eit\u00ed Bitcoin v blackjacku anonymitu hry?<span class=\"ez-toc-section-end\"><\/span><\/h3>\n<p>Hran\u00ed blackjacku s Bitcoin m\u016f\u017ee nab\u00eddnout v\u011bt\u0161\u00ed anonymitu, proto\u017ee transakce nevy\u017eaduj\u00ed osobn\u00ed finan\u010dn\u00ed \u00fadaje. Hr\u00e1\u010di v\u0161ak mus\u00ed vz\u00edt na v\u011bdom\u00ed, \u017ee \u00fapln\u00e1 anonymita nemus\u00ed b\u00fdt zaru\u010dena kv\u016fli z\u00e1sad\u00e1m platformy nebo regula\u010dn\u00edm po\u017eadavk\u016fm.<\/p>\n<h3><span class=\"ez-toc-section\" id=\"Are_there_any_variations_in_game_rules_for_Blackjack_when_playing_with_Bitcoin\"><\/span>Existuj\u00ed n\u011bjak\u00e9 odchylky v pravidlech hry Blackjack p\u0159i h\u0159e s Bitcoin?<span class=\"ez-toc-section-end\"><\/span><\/h3>\n<p>Z\u00e1kladn\u00ed pravidla blackjacku z\u016fst\u00e1vaj\u00ed v Bitcoin Blackjack beze zm\u011bny. Hr\u00e1\u010di se sna\u017e\u00ed porazit krupi\u00e9ra t\u00edm, \u017ee se p\u0159ibl\u00ed\u017e\u00ed k celkov\u00e9mu po\u010dtu 21, ani\u017e by ho p\u0159ekro\u010dili. Nicm\u00e9n\u011b n\u011bkter\u00e1 kasina Bitcoin mohou nab\u00edzet jedine\u010dn\u00e9 varianty nebo vedlej\u0161\u00ed s\u00e1zky, kter\u00e9 jsou specifick\u00e9 pro jejich platformu.<\/p>\n<h3><span class=\"ez-toc-section\" id=\"How_do_the_odds_or_payouts_differ_in_Bitcoin_Blackjack_compared_to_regular_Blackjack\"><\/span>Jak se li\u0161\u00ed kurzy nebo v\u00fdplaty v blackjacku Bitcoin v porovn\u00e1n\u00ed s b\u011b\u017en\u00fdm blackjackem?<span class=\"ez-toc-section-end\"><\/span><\/h3>\n<p>Kurzy a v\u00fdplaty v Bitcoin blackjacku jsou obvykle stejn\u00e9 jako v tradi\u010dn\u00edm blackjacku a odpov\u00eddaj\u00ed standardn\u00edm kasinov\u00fdm postup\u016fm. Kasina Bitcoin v\u0161ak mohou nab\u00edzet atraktivn\u011bj\u0161\u00ed kurzy nebo bonusov\u00e9 v\u00fdplaty, aby hr\u00e1\u010de p\u0159il\u00e1kala k pou\u017e\u00edv\u00e1n\u00ed kryptom\u011bn.<\/p>\n<h3><span class=\"ez-toc-section\" id=\"What_security_measures_are_unique_to_Bitcoin_Blackjack_games\"><\/span>Jak\u00e1 bezpe\u010dnostn\u00ed opat\u0159en\u00ed jsou jedine\u010dn\u00e1 pro hry Bitcoin Blackjack?<span class=\"ez-toc-section-end\"><\/span><\/h3>\n<p>Bitcoin Blackjack vyu\u017e\u00edv\u00e1 technologii blockchain, kter\u00e1 zaji\u0161\u0165uje decentralizovan\u00e9 ov\u011b\u0159ov\u00e1n\u00ed transakc\u00ed a vy\u0161\u0161\u00ed bezpe\u010dnost. N\u011bkter\u00e1 kasina tak\u00e9 nab\u00edzej\u00ed prokazateln\u011b spravedliv\u00e9 algoritmy, kter\u00e9 hr\u00e1\u010d\u016fm umo\u017e\u0148uj\u00ed ov\u011b\u0159it spravedlnost ka\u017ed\u00e9 hry po jej\u00edm odehr\u00e1n\u00ed.<\/p>\n<h3><span class=\"ez-toc-section\" id=\"Can_Bitcoin_Blackjack_be_played_from_regions_where_traditional_online_gambling_is_restricted\"><\/span>Lze hr\u00e1t Bitcoin Blackjack v oblastech, kde je tradi\u010dn\u00ed online hran\u00ed omezeno?<span class=\"ez-toc-section-end\"><\/span><\/h3>\n<p>Blackjack Bitcoin je n\u011bkdy p\u0159\u00edstupn\u00fd z jurisdikc\u00ed, kde tradi\u010dn\u00ed online hazardn\u00ed hry \u010del\u00ed omezen\u00edm, a to d\u00edky decentralizovan\u00e9 povaze Bitcoin. Hr\u00e1\u010di by si v\u0161ak m\u011bli b\u00fdt v\u011bdomi m\u00edstn\u00edch z\u00e1kon\u016f, proto\u017ee p\u0159edpisy se mohou zna\u010dn\u011b li\u0161it a v pr\u016fb\u011bhu \u010dasu m\u011bnit.<\/p>","protected":false},"excerpt":{"rendered":"<p>Upozorn\u011bn\u00ed: Hazardn\u00ed hry s sebou nesou zna\u010dn\u00e9 finan\u010dn\u00ed riziko. Hrajte pouze s pen\u011bzi, kter\u00e9 si m\u016f\u017eete dovolit prohr\u00e1t. N\u00ed\u017ee uveden\u00e9 informace maj\u00ed pouze informativn\u00ed charakter. Pokud se zaregistrujete a prohrajete pen\u00edze v n\u011bkter\u00e9m z n\u00e1sleduj\u00edc\u00edch kasin, m\u016f\u017ee n\u00e1m b\u00fdt vyplacena provize. Ne v\u0161echna kasina jsou dostupn\u00e1 ve v\u0161ech zem\u00edch. Ve\u0161ker\u00e9 informace, kter\u00e9 uv\u00e1d\u00edme, jsou [...]<\/p>","protected":false},"author":1,"featured_media":4586,"parent":4440,"menu_order":0,"comment_status":"closed","ping_status":"closed","template":"","meta":{"_genesis_hide_title":false,"_genesis_hide_breadcrumbs":false,"_genesis_hide_singular_image":false,"_genesis_hide_footer_widgets":false,"_genesis_custom_body_class":"","_genesis_custom_post_class":"","_genesis_layout":"","_glsr_average":0,"_glsr_ranking":0,"_glsr_reviews":0,"footnotes":""},"class_list":{"0":"post-4585","1":"page","2":"type-page","3":"status-publish","4":"has-post-thumbnail","6":"entry"},"featured_image_src":"https:\/\/coinkickoff.com\/wp-content\/uploads\/v2-3dgvp-hoj5o-600x400.jpg","featured_image_src_square":"https:\/\/coinkickoff.com\/wp-content\/uploads\/v2-3dgvp-hoj5o-600x600.jpg","_links":{"self":[{"href":"https:\/\/coinkickoff.com\/cs\/wp-json\/wp\/v2\/pages\/4585","targetHints":{"allow":["GET"]}}],"collection":[{"href":"https:\/\/coinkickoff.com\/cs\/wp-json\/wp\/v2\/pages"}],"about":[{"href":"https:\/\/coinkickoff.com\/cs\/wp-json\/wp\/v2\/types\/page"}],"author":[{"embeddable":true,"href":"https:\/\/coinkickoff.com\/cs\/wp-json\/wp\/v2\/users\/1"}],"replies":[{"embeddable":true,"href":"https:\/\/coinkickoff.com\/cs\/wp-json\/wp\/v2\/comments?post=4585"}],"version-history":[{"count":3,"href":"https:\/\/coinkickoff.com\/cs\/wp-json\/wp\/v2\/pages\/4585\/revisions"}],"predecessor-version":[{"id":4592,"href":"https:\/\/coinkickoff.com\/cs\/wp-json\/wp\/v2\/pages\/4585\/revisions\/4592"}],"up":[{"embeddable":true,"href":"https:\/\/coinkickoff.com\/cs\/wp-json\/wp\/v2\/pages\/4440"}],"wp:featuredmedia":[{"embeddable":true,"href":"https:\/\/coinkickoff.com\/cs\/wp-json\/wp\/v2\/media\/4586"}],"wp:attachment":[{"href":"https:\/\/coinkickoff.com\/cs\/wp-json\/wp\/v2\/media?parent=4585"}],"curies":[{"name":"wp","href":"https:\/\/api.w.org\/{rel}","templated":true}]}}