{"id":4404,"date":"2026-01-08T14:07:11","date_gmt":"2026-01-08T14:07:11","guid":{"rendered":"https:\/\/coinkickoff.com\/?page_id=4404"},"modified":"2026-01-08T14:07:11","modified_gmt":"2026-01-08T14:07:11","slug":"how-to-buy-litecoin-on-kucoin","status":"publish","type":"page","link":"https:\/\/coinkickoff.com\/cs\/how-to-buy-litecoin\/how-to-buy-litecoin-on-kucoin\/","title":{"rendered":"Jak koupit Litecoin na Kucoin"},"content":{"rendered":"<div id=\"ez-toc-container\" class=\"ez-toc-v2_0_80 counter-hierarchy ez-toc-counter ez-toc-transparent ez-toc-container-direction\">\n<div class=\"ez-toc-title-container\">\n<p class=\"ez-toc-title\" style=\"cursor:inherit\">Sekce<\/p>\n<span class=\"ez-toc-title-toggle\"><a href=\"#\" class=\"ez-toc-pull-right ez-toc-btn ez-toc-btn-xs ez-toc-btn-default ez-toc-toggle\" aria-label=\"P\u0159epnut\u00ed tabulky obsahu\"><span class=\"ez-toc-js-icon-con\"><span class=\"\"><span class=\"eztoc-hide\" style=\"display:none;\">P\u0159ep\u00edna\u010d<\/span><span class=\"ez-toc-icon-toggle-span\"><svg style=\"fill: #999;color:#999\" xmlns=\"http:\/\/www.w3.org\/2000\/svg\" class=\"list-377408\" width=\"20px\" height=\"20px\" viewbox=\"0 0 24 24\" fill=\"none\"><path d=\"M6 6H4v2h2V6zm14 0H8v2h12V6zM4 11h2v2H4v-2zm16 0H8v2h12v-2zM4 16h2v2H4v-2zm16 0H8v2h12v-2z\" fill=\"currentColor\"><\/path><\/svg><svg style=\"fill: #999;color:#999\" class=\"arrow-unsorted-368013\" xmlns=\"http:\/\/www.w3.org\/2000\/svg\" width=\"10px\" height=\"10px\" viewbox=\"0 0 24 24\" version=\"1.2\" baseprofile=\"tiny\"><path d=\"M18.2 9.3l-6.2-6.3-6.2 6.3c-.2.2-.3.4-.3.7s.1.5.3.7c.2.2.4.3.7.3h11c.3 0 .5-.1.7-.3.2-.2.3-.5.3-.7s-.1-.5-.3-.7zM5.8 14.7l6.2 6.3 6.2-6.3c.2-.2.3-.5.3-.7s-.1-.5-.3-.7c-.2-.2-.4-.3-.7-.3h-11c-.3 0-.5.1-.7.3-.2.2-.3.5-.3.7s.1.5.3.7z\"\/><\/svg><\/span><\/span><\/span><\/a><\/span><\/div>\n<nav><ul class='ez-toc-list ez-toc-list-level-1 eztoc-toggle-hide-by-default' ><li class='ez-toc-page-1 ez-toc-heading-level-2'><a class=\"ez-toc-link ez-toc-heading-1\" href=\"https:\/\/coinkickoff.com\/cs\/how-to-buy-litecoin\/how-to-buy-litecoin-on-kucoin\/#How_to_Buy_Litecoin_on_Kucoin\" >Jak koupit Litecoin na Kucoin<\/a><\/li><li class='ez-toc-page-1 ez-toc-heading-level-2'><a class=\"ez-toc-link ez-toc-heading-2\" href=\"https:\/\/coinkickoff.com\/cs\/how-to-buy-litecoin\/how-to-buy-litecoin-on-kucoin\/#A_Step-By-Step_Guide_on_How_to_Buy_Litecoin_on_Kucoin\" >Pr\u016fvodce krok za krokem, jak koupit Litecoin na Kucoin<\/a><ul class='ez-toc-list-level-3' ><li class='ez-toc-heading-level-3'><a class=\"ez-toc-link ez-toc-heading-3\" href=\"https:\/\/coinkickoff.com\/cs\/how-to-buy-litecoin\/how-to-buy-litecoin-on-kucoin\/#1_Register_an_Account\" >1. Registrace \u00fa\u010dtu<\/a><\/li><li class='ez-toc-page-1 ez-toc-heading-level-3'><a class=\"ez-toc-link ez-toc-heading-4\" href=\"https:\/\/coinkickoff.com\/cs\/how-to-buy-litecoin\/how-to-buy-litecoin-on-kucoin\/#2_Verify_Your_Account\" >2. Ov\u011b\u0159te sv\u016fj \u00fa\u010det<\/a><\/li><li class='ez-toc-page-1 ez-toc-heading-level-3'><a class=\"ez-toc-link ez-toc-heading-5\" href=\"https:\/\/coinkickoff.com\/cs\/how-to-buy-litecoin\/how-to-buy-litecoin-on-kucoin\/#3_Deposit_Crypto\" >3. Vklad Crypto<\/a><\/li><li class='ez-toc-page-1 ez-toc-heading-level-3'><a class=\"ez-toc-link ez-toc-heading-6\" href=\"https:\/\/coinkickoff.com\/cs\/how-to-buy-litecoin\/how-to-buy-litecoin-on-kucoin\/#4_Navigate_to_the_Relevant_Screen_to_Buy\" >4. P\u0159ejd\u011bte na p\u0159\u00edslu\u0161nou obrazovku a nakupte<\/a><ul class='ez-toc-list-level-4' ><li class='ez-toc-heading-level-4'><a class=\"ez-toc-link ez-toc-heading-7\" href=\"https:\/\/coinkickoff.com\/cs\/how-to-buy-litecoin\/how-to-buy-litecoin-on-kucoin\/#Fast_Trade\" >Rychl\u00fd obchod<\/a><\/li><li class='ez-toc-page-1 ez-toc-heading-level-4'><a class=\"ez-toc-link ez-toc-heading-8\" href=\"https:\/\/coinkickoff.com\/cs\/how-to-buy-litecoin\/how-to-buy-litecoin-on-kucoin\/#Third-Party\" >T\u0159et\u00ed strana<\/a><\/li><li class='ez-toc-page-1 ez-toc-heading-level-4'><a class=\"ez-toc-link ez-toc-heading-9\" href=\"https:\/\/coinkickoff.com\/cs\/how-to-buy-litecoin\/how-to-buy-litecoin-on-kucoin\/#How_to_Buy_Litecoin_with_Crypto\" >Jak koupit Litecoin s kryptom\u011bnou<\/a><\/li><\/ul><\/li><\/ul><\/li><\/ul><\/nav><\/div>\n<h2><span class=\"ez-toc-section\" id=\"How_to_Buy_Litecoin_on_Kucoin\"><\/span><span style=\"font-weight: 400;\">Jak koupit Litecoin na Kucoin<\/span><span class=\"ez-toc-section-end\"><\/span><\/h2>\n<p><span style=\"font-weight: 400;\">Pokud pot\u0159ebujete poradit s n\u00e1kupem <a href=\"https:\/\/coinkickoff.com\/cs\/litecoin-ltc\/\" data-internallinksmanager029f6b8e52c=\"21\" title=\"Co je Litecoin (LTC)? Cena, historie a kde koupit\">Litecoin<\/a> na adrese <a href=\"https:\/\/coinkickoff.com\/cs\/kucoin-review\/\" data-internallinksmanager029f6b8e52c=\"153\" title=\"KuCoin Recenze 2023: poplatky, bezpe\u010dnost, v\u00fdhody a nev\u00fdhody\">Kucoin<\/a>, jste na spr\u00e1vn\u00e9m m\u00edst\u011b! Pod\u00edvejme se, jak v n\u011bkolika jednoduch\u00fdch kroc\u00edch koupit LTC na Kucoin.<\/span><\/p>\n<h2><span class=\"ez-toc-section\" id=\"A_Step-By-Step_Guide_on_How_to_Buy_Litecoin_on_Kucoin\"><\/span><span style=\"font-weight: 400;\">Pr\u016fvodce krok za krokem, jak koupit Litecoin na Kucoin<\/span><span class=\"ez-toc-section-end\"><\/span><\/h2>\n<h3><span class=\"ez-toc-section\" id=\"1_Register_an_Account\"><\/span><span style=\"font-weight: 400;\">1. Registrace \u00fa\u010dtu<\/span><span class=\"ez-toc-section-end\"><\/span><\/h3>\n<p><img loading=\"lazy\" decoding=\"async\" class=\"alignnone wp-image-3269 size-full\" src=\"https:\/\/coinkickoff.com\/wp-content\/uploads\/kucoin-register.png\" alt=\"koupit doge v registru kucoin\" width=\"1421\" height=\"788\" srcset=\"https:\/\/coinkickoff.com\/wp-content\/uploads\/kucoin-register.png 1421w, https:\/\/coinkickoff.com\/wp-content\/uploads\/kucoin-register-300x166.png 300w, https:\/\/coinkickoff.com\/wp-content\/uploads\/kucoin-register-1024x568.png 1024w, https:\/\/coinkickoff.com\/wp-content\/uploads\/kucoin-register-768x426.png 768w, https:\/\/coinkickoff.com\/wp-content\/uploads\/kucoin-register-18x10.png 18w\" sizes=\"auto, (max-width: 1421px) 100vw, 1421px\" \/><\/p>\n<p><span style=\"font-weight: 400;\">P\u0159ejd\u011bte na <\/span><a href=\"https:\/\/www.kucoin.com\/r\/af\/rMJPV3B\" target=\"_blank\" rel=\"noopener\"><span style=\"font-weight: 400;\">Kucoin<\/span><\/a><span style=\"font-weight: 400;\"> a zaregistrujte se pomoc\u00ed e-mailu nebo telefonn\u00edho \u010d\u00edsla.\u00a0<\/span><\/p>\n<h3><span class=\"ez-toc-section\" id=\"2_Verify_Your_Account\"><\/span><span style=\"font-weight: 400;\">2. Ov\u011b\u0159te sv\u016fj \u00fa\u010det<\/span><span class=\"ez-toc-section-end\"><\/span><\/h3>\n<p><span style=\"font-weight: 400;\">Pokud vlastn\u00edte digit\u00e1ln\u00ed aktiva, kter\u00e1 m\u016f\u017eete vym\u011bnit za Litecoin, nemus\u00edte ov\u011b\u0159ovat svou toto\u017enost. V dal\u0161\u00edm kroku se m\u016f\u017eete pod\u00edvat, jak vlo\u017eit kryptoaktivum na Kucoin.<\/span><\/p>\n<p><span style=\"font-weight: 400;\">Pokud je\u0161t\u011b nem\u00e1te \u017e\u00e1dn\u00fd digit\u00e1ln\u00ed majetek, nevad\u00ed! Ov\u011b\u0159en\u00ed toto\u017enosti je velmi jednoduch\u00e9 a lze jej dokon\u010dit b\u011bhem n\u011bkolika minut.<\/span><\/p>\n<p><span style=\"font-weight: 400;\">V prav\u00e9m horn\u00edm rohu str\u00e1nky se zobraz\u00ed va\u0161e u\u017eivatelsk\u00e9 jm\u00e9no. Dostanete se do sv\u00e9ho u\u017eivatelsk\u00e9ho profilu.<\/span><\/p>\n<p><span style=\"font-weight: 400;\">P\u0159ejd\u011bte na kartu \"Ov\u011b\u0159en\u00ed toto\u017enosti\" ve sv\u00e9m profilu a klikn\u011bte na \"Ov\u011b\u0159it\" v \u010d\u00e1sti \"Roz\u0161\u00ed\u0159en\u00e9 funkce\".<\/span><\/p>\n<p><img loading=\"lazy\" decoding=\"async\" class=\"alignnone wp-image-3272 size-full\" src=\"https:\/\/coinkickoff.com\/wp-content\/uploads\/kucoin-identity-verification.png\" alt=\"kucoin ov\u011b\u0159en\u00ed toto\u017enosti 1\" width=\"1420\" height=\"785\" srcset=\"https:\/\/coinkickoff.com\/wp-content\/uploads\/kucoin-identity-verification.png 1420w, https:\/\/coinkickoff.com\/wp-content\/uploads\/kucoin-identity-verification-300x166.png 300w, https:\/\/coinkickoff.com\/wp-content\/uploads\/kucoin-identity-verification-1024x566.png 1024w, https:\/\/coinkickoff.com\/wp-content\/uploads\/kucoin-identity-verification-768x425.png 768w, https:\/\/coinkickoff.com\/wp-content\/uploads\/kucoin-identity-verification-18x10.png 18w\" sizes=\"auto, (max-width: 1420px) 100vw, 1420px\" \/><\/p>\n<p><span style=\"font-weight: 400;\">Dokon\u010den\u00ed pokro\u010dil\u00e9ho ov\u011b\u0159en\u00ed v\u00e1m umo\u017en\u00ed vkl\u00e1dat a vyb\u00edrat fiat pen\u00edze na Kucoin. V\u00fdrazn\u011b se tak\u00e9 zv\u00fd\u0161\u00ed va\u0161e limity pro obchodov\u00e1n\u00ed a v\u00fdb\u011bry.<\/span><\/p>\n<p><span style=\"font-weight: 400;\">Syst\u00e9m ov\u011b\u0159ov\u00e1n\u00ed je jednoduch\u00fd - sta\u010d\u00ed vyplnit dotazn\u00edk s osobn\u00edmi \u00fadaji, nahr\u00e1t ob\u010dansk\u00fd pr\u016fkaz vydan\u00fd st\u00e1tem pro ov\u011b\u0159en\u00ed \u00fadaj\u016f a dokon\u010dit ov\u011b\u0159en\u00ed obli\u010deje.<\/span><\/p>\n<p><img loading=\"lazy\" decoding=\"async\" class=\"alignnone wp-image-3270 size-full\" src=\"https:\/\/coinkickoff.com\/wp-content\/uploads\/kucoin-id-verification-2.png\" alt=\"kucoin ov\u011b\u0159en\u00ed identity 2\" width=\"1407\" height=\"706\" srcset=\"https:\/\/coinkickoff.com\/wp-content\/uploads\/kucoin-id-verification-2.png 1407w, https:\/\/coinkickoff.com\/wp-content\/uploads\/kucoin-id-verification-2-300x151.png 300w, https:\/\/coinkickoff.com\/wp-content\/uploads\/kucoin-id-verification-2-1024x514.png 1024w, https:\/\/coinkickoff.com\/wp-content\/uploads\/kucoin-id-verification-2-768x385.png 768w, https:\/\/coinkickoff.com\/wp-content\/uploads\/kucoin-id-verification-2-18x9.png 18w\" sizes=\"auto, (max-width: 1407px) 100vw, 1407px\" \/><\/p>\n<p><span style=\"font-weight: 400;\">K potvrzen\u00ed toto\u017enosti m\u016f\u017eete pou\u017e\u00edt ob\u010dansk\u00fd pr\u016fkaz, \u0159idi\u010dsk\u00fd pr\u016fkaz nebo str\u00e1nku pasu. P\u0159ipravte si doklad toto\u017enosti a klikn\u011bte na tla\u010d\u00edtko \"Souhlas\u00edm a pokra\u010dovat\".<\/span><\/p>\n<p><img loading=\"lazy\" decoding=\"async\" class=\"alignnone wp-image-3271 size-full\" src=\"https:\/\/coinkickoff.com\/wp-content\/uploads\/kucoin-id-verification-3.png\" alt=\"kucoin ov\u011b\u0159en\u00ed toto\u017enosti 3 \" width=\"1412\" height=\"789\" srcset=\"https:\/\/coinkickoff.com\/wp-content\/uploads\/kucoin-id-verification-3.png 1412w, https:\/\/coinkickoff.com\/wp-content\/uploads\/kucoin-id-verification-3-300x168.png 300w, https:\/\/coinkickoff.com\/wp-content\/uploads\/kucoin-id-verification-3-1024x572.png 1024w, https:\/\/coinkickoff.com\/wp-content\/uploads\/kucoin-id-verification-3-768x429.png 768w, https:\/\/coinkickoff.com\/wp-content\/uploads\/kucoin-id-verification-3-18x10.png 18w\" sizes=\"auto, (max-width: 1412px) 100vw, 1412px\" \/><\/p>\n<p><span style=\"font-weight: 400;\">Zadejte sv\u00e9 \u00fadaje a klikn\u011bte na tla\u010d\u00edtko \"Dal\u0161\u00ed\". Postupujte podle pokyn\u016f na obrazovce a dokon\u010dete ov\u011b\u0159en\u00ed toto\u017enosti.<\/span><\/p>\n<h3><span class=\"ez-toc-section\" id=\"3_Deposit_Crypto\"><\/span><span style=\"font-weight: 400;\">3. Vklad Crypto<\/span><span class=\"ez-toc-section-end\"><\/span><\/h3>\n<p><span style=\"font-weight: 400;\">Pokud m\u00e1te digit\u00e1ln\u00ed aktiva v extern\u00ed pen\u011b\u017eence, m\u016f\u017eete je p\u0159ev\u00e9st do Kucoin a vym\u011bnit je za LTC na spotov\u00e9m trhu. Pokud pro v\u00e1s tato mo\u017enost nep\u0159ipad\u00e1 v \u00favahu, pokra\u010dujte na dal\u0161\u00ed krok, kde se dozv\u00edte, jak si koupit Litecoin za fiat pen\u00edze.<\/span><\/p>\n<p><span style=\"font-weight: 400;\">Klikn\u011bte na nab\u00eddku \"Assets\" v prav\u00e9m horn\u00edm rohu webov\u00e9 str\u00e1nky.<\/span><\/p>\n<p><img loading=\"lazy\" decoding=\"async\" class=\"alignnone wp-image-3273 size-full\" src=\"https:\/\/coinkickoff.com\/wp-content\/uploads\/kucoin-deposit.png\" alt=\"kucoin vkladov\u00e9 fondy 1\" width=\"1427\" height=\"758\" srcset=\"https:\/\/coinkickoff.com\/wp-content\/uploads\/kucoin-deposit.png 1427w, https:\/\/coinkickoff.com\/wp-content\/uploads\/kucoin-deposit-300x159.png 300w, https:\/\/coinkickoff.com\/wp-content\/uploads\/kucoin-deposit-1024x544.png 1024w, https:\/\/coinkickoff.com\/wp-content\/uploads\/kucoin-deposit-768x408.png 768w, https:\/\/coinkickoff.com\/wp-content\/uploads\/kucoin-deposit-18x10.png 18w\" sizes=\"auto, (max-width: 1427px) 100vw, 1427px\" \/><\/p>\n<p><span style=\"font-weight: 400;\">Zde si m\u016f\u017eete prohl\u00e9dnout v\u0161echny sv\u00e9 z\u016fstatky. Klikn\u011bte na tla\u010d\u00edtko \"Vklad\" a vyberte digit\u00e1ln\u00ed m\u011bnu, kterou chcete p\u0159ev\u00e9st na \u00fa\u010det Kucoin.<\/span><\/p>\n<p><span style=\"font-weight: 400;\">Pokud jste nap\u0159\u00edklad dali <a href=\"https:\/\/coinkickoff.com\/cs\/tether-usdt\/\" data-internallinksmanager029f6b8e52c=\"3\" title=\"Co je Tether (USDT)? Jak funguje a kde ho koupit?\">USDT<\/a>, klikn\u011bte na USDT a zobraz\u00ed se k\u00f3d QR. Tento QR k\u00f3d p\u0159edstavuje va\u0161i adresu USDT na Kucoin. Kdykoli budete cht\u00edt p\u0159ev\u00e9st USDT na Kucoin, pou\u017eijte tento QR k\u00f3d jako adresu pro v\u00fdb\u011br.<\/span><\/p>\n<p><span style=\"font-weight: 400;\">Nikdy nepou\u017e\u00edvejte adresu pen\u011b\u017eenky USDT k p\u0159evodu jin\u00fdch kryptom\u011bn. Ka\u017ed\u00e1 adresa pen\u011b\u017eenky je specifick\u00e1 pro danou m\u011bnu: BTC m\u016f\u017eete p\u0159ev\u00e9st pouze na m\u011bnu. <a href=\"https:\/\/coinkickoff.com\/cs\/bitcoin-btc\/\" data-internallinksmanager029f6b8e52c=\"1\" title=\"Co je Bitcoin (BTC)? Cena, historie a kde koupit\">Bitcoin<\/a> ETH na adresu <a href=\"https:\/\/coinkickoff.com\/cs\/ethereum-eth\/\" data-internallinksmanager029f6b8e52c=\"2\" title=\"Co je Ethereum (ETH)? Cena, historie a kde koupit\">Ethereum<\/a> adresa, <a href=\"https:\/\/coinkickoff.com\/cs\/polkadot-dot\/\" data-internallinksmanager029f6b8e52c=\"12\" title=\"Co je Polkadot (DOT)? Jak funguje a kde ho koupit?\">Polkadot<\/a> na adresu DOT a tak d\u00e1le.<\/span><\/p>\n<h3><span class=\"ez-toc-section\" id=\"4_Navigate_to_the_Relevant_Screen_to_Buy\"><\/span><span style=\"font-weight: 400;\">4. P\u0159ejd\u011bte na p\u0159\u00edslu\u0161nou obrazovku a nakupte<\/span><span class=\"ez-toc-section-end\"><\/span><\/h3>\n<p><span style=\"font-weight: 400;\">Na domovsk\u00e9 str\u00e1nce klikn\u011bte na nab\u00eddku \"Buy Crypto\". Zobraz\u00ed se n\u011bkolik mo\u017enost\u00ed, nap\u0159\u00edklad \"Rychl\u00fd obchod\", \"P2P\" a \"T\u0159et\u00ed strana\".<\/span><\/p>\n<p><span style=\"font-weight: 400;\">Litecoin si nem\u016f\u017eete koupit s transakcemi P2P, ale ostatn\u00ed dva jsou naprosto \u017eivotaschopn\u00e9 a pom\u011brn\u011b snadno pou\u017eiteln\u00e9.<\/span><\/p>\n<p><img loading=\"lazy\" decoding=\"async\" class=\"alignnone wp-image-3274 size-full\" src=\"https:\/\/coinkickoff.com\/wp-content\/uploads\/kucoin-buy-crypto.png\" alt=\"kucoin koupit obrazovku\" width=\"1418\" height=\"692\" srcset=\"https:\/\/coinkickoff.com\/wp-content\/uploads\/kucoin-buy-crypto.png 1418w, https:\/\/coinkickoff.com\/wp-content\/uploads\/kucoin-buy-crypto-300x146.png 300w, https:\/\/coinkickoff.com\/wp-content\/uploads\/kucoin-buy-crypto-1024x500.png 1024w, https:\/\/coinkickoff.com\/wp-content\/uploads\/kucoin-buy-crypto-768x375.png 768w, https:\/\/coinkickoff.com\/wp-content\/uploads\/kucoin-buy-crypto-18x9.png 18w\" sizes=\"auto, (max-width: 1418px) 100vw, 1418px\" \/><\/p>\n<p><span style=\"font-weight: 400;\">Hlavn\u00edm rozd\u00edlem mezi rychl\u00fdm obchodem a transakc\u00ed s t\u0159et\u00ed stranou je zp\u016fsob platby. P\u0159i rychl\u00e9m obchodu m\u016f\u017eete k n\u00e1kupu Litecoin pou\u017e\u00edt svou kreditn\u00ed kartu a p\u0159i transakci s t\u0159et\u00ed stranou m\u016f\u017eete pou\u017e\u00edt platebn\u00ed procesory, jako jsou Simplex a Banxa.<\/span><\/p>\n<h4><span class=\"ez-toc-section\" id=\"Fast_Trade\"><\/span><span style=\"font-weight: 400;\">Rychl\u00fd obchod<\/span><span class=\"ez-toc-section-end\"><\/span><\/h4>\n<p><span style=\"font-weight: 400;\">Do sloupce \"Chci utratit\" zadejte \u010d\u00e1stku, kterou chcete investovat.<\/span><\/p>\n<h4><img loading=\"lazy\" decoding=\"async\" class=\"alignnone wp-image-3275 size-full\" style=\"font-family: Muli, sans-serif;\" src=\"https:\/\/coinkickoff.com\/wp-content\/uploads\/kucoin-buy-crypto-one-click.png\" alt=\"kucoin koupit jedn\u00edm kliknut\u00edm\" width=\"1421\" height=\"770\" srcset=\"https:\/\/coinkickoff.com\/wp-content\/uploads\/kucoin-buy-crypto-one-click.png 1421w, https:\/\/coinkickoff.com\/wp-content\/uploads\/kucoin-buy-crypto-one-click-300x163.png 300w, https:\/\/coinkickoff.com\/wp-content\/uploads\/kucoin-buy-crypto-one-click-1024x555.png 1024w, https:\/\/coinkickoff.com\/wp-content\/uploads\/kucoin-buy-crypto-one-click-768x416.png 768w, https:\/\/coinkickoff.com\/wp-content\/uploads\/kucoin-buy-crypto-one-click-18x10.png 18w\" sizes=\"auto, (max-width: 1421px) 100vw, 1421px\" \/><\/h4>\n<p><span style=\"font-weight: 400;\">Nastavte sloupec \"Receive\" na hodnotu Litecoin.<\/span><\/p>\n<p><img loading=\"lazy\" decoding=\"async\" class=\"alignnone wp-image-3276 size-full\" src=\"https:\/\/coinkickoff.com\/wp-content\/uploads\/kucoin-select-paymnet-method.png\" alt=\"jak koupit Polygon na Kucoin\" width=\"1424\" height=\"794\" srcset=\"https:\/\/coinkickoff.com\/wp-content\/uploads\/kucoin-select-paymnet-method.png 1424w, https:\/\/coinkickoff.com\/wp-content\/uploads\/kucoin-select-paymnet-method-300x167.png 300w, https:\/\/coinkickoff.com\/wp-content\/uploads\/kucoin-select-paymnet-method-1024x571.png 1024w, https:\/\/coinkickoff.com\/wp-content\/uploads\/kucoin-select-paymnet-method-768x428.png 768w, https:\/\/coinkickoff.com\/wp-content\/uploads\/kucoin-select-paymnet-method-18x10.png 18w\" sizes=\"auto, (max-width: 1424px) 100vw, 1424px\" \/><\/p>\n<p><span style=\"font-weight: 400;\">Nakonec p\u0159idejte zp\u016fsob platby. Jak vid\u00edte, m\u00e1te mo\u017enost p\u0159idat k \u00fa\u010dtu Kucoin debetn\u00ed nebo kreditn\u00ed kartu. Jakmile kartu p\u0159id\u00e1te, m\u016f\u017eete ji pou\u017e\u00edvat pro dal\u0161\u00ed n\u00e1kupy.<\/span><\/p>\n<p><span style=\"font-weight: 400;\">Zadejte \u00fadaje o sv\u00e9 kart\u011b a stiskn\u011bte tla\u010d\u00edtko \"Koupit LTC\". Zobraz\u00ed se n\u00e1hled podrobnost\u00ed objedn\u00e1vky v\u010detn\u011b v\u0161ech poplatk\u016f, kter\u00e9 se na ni vztahuj\u00ed. Pokud to vypad\u00e1 dob\u0159e, klikn\u011bte na \"Potvrdit\". V\u00e1\u0161 n\u00e1kup bude okam\u017eit\u011b dokon\u010den.<\/span><\/p>\n<p><span style=\"font-weight: 400;\">Co kdy\u017e nem\u016f\u017eete pou\u017e\u00edt svou debetn\u00ed\/kreditn\u00ed kartu k n\u00e1kupu Litecoin prost\u0159ednictv\u00edm slu\u017eby Fast Trade? To se m\u016f\u017ee st\u00e1t z n\u011bkolika d\u016fvod\u016f, v\u010detn\u011b omezen\u00ed zaveden\u00fdch va\u0161\u00ed bankou a\/nebo selh\u00e1n\u00ed slu\u017eby Fast Trade.<\/span><\/p>\n<p><span style=\"font-weight: 400;\">P\u0159\u00edpadn\u011b v\u00e1m m\u016f\u017ee b\u00fdt nep\u0159\u00edjemn\u00e9 zanechat \u00fadaje o sv\u00e9 kart\u011b na Kucoin. V takov\u00e9m p\u0159\u00edpad\u011b m\u016f\u017eete zvolit n\u00e1kup t\u0159et\u00ed stranou.<\/span><\/p>\n<h4><span class=\"ez-toc-section\" id=\"Third-Party\"><\/span><span style=\"font-weight: 400;\">T\u0159et\u00ed strana<\/span><span class=\"ez-toc-section-end\"><\/span><\/h4>\n<p><span style=\"font-weight: 400;\">N\u00e1kup od t\u0159et\u00ed strany umo\u017e\u0148uje zaplatit za n\u00e1kup prost\u0159ednictv\u00edm nez\u00e1visl\u00fdch platebn\u00edch kan\u00e1l\u016f. Tyto platebn\u00ed kan\u00e1ly v\u00e1m prodaj\u00ed krypto za sv\u00e9 vlastn\u00ed kurzy, kter\u00e9 jsou obvykle vy\u0161\u0161\u00ed ve srovn\u00e1n\u00ed s kurzy na spotov\u00e9m trhu, ale rovnaj\u00ed se cen\u00e1m rychl\u00e9ho obchodu.<\/span><\/p>\n<p><img loading=\"lazy\" decoding=\"async\" class=\"alignnone wp-image-3278 size-full\" src=\"https:\/\/coinkickoff.com\/wp-content\/uploads\/kucoin-screenshot.png\" alt=\"Jak koupit Cardano na Kucoin jak koupit polkadot na kucoin jak koupit Litecoin na Kucoin\" width=\"1436\" height=\"673\" srcset=\"https:\/\/coinkickoff.com\/wp-content\/uploads\/kucoin-screenshot.png 1436w, https:\/\/coinkickoff.com\/wp-content\/uploads\/kucoin-screenshot-300x141.png 300w, https:\/\/coinkickoff.com\/wp-content\/uploads\/kucoin-screenshot-1024x480.png 1024w, https:\/\/coinkickoff.com\/wp-content\/uploads\/kucoin-screenshot-768x360.png 768w, https:\/\/coinkickoff.com\/wp-content\/uploads\/kucoin-screenshot-18x8.png 18w\" sizes=\"auto, (max-width: 1436px) 100vw, 1436px\" \/><\/p>\n<p><span style=\"font-weight: 400;\">N\u00e1kup t\u0159et\u00ed stranou je velmi snadn\u00fd: zadejte \u010d\u00e1stku, kterou chcete utratit, a jako m\u011bnu, kterou chcete obdr\u017eet, zvolte Litecoin.<\/span><\/p>\n<p><span style=\"font-weight: 400;\">Vyberte zp\u016fsob platby a zpracovatele platby. Klikn\u011bte na tla\u010d\u00edtko \"Potvrdit\" a pokra\u010dujte.<\/span><\/p>\n<p><span style=\"font-weight: 400;\">V tomto okam\u017eiku opust\u00edte webov\u00e9 str\u00e1nky Kucoin a p\u0159ejdete na webov\u00e9 str\u00e1nky zpracovatele plateb. Pokud ji\u017e m\u00e1te \u00fa\u010det, m\u016f\u017eete transakci ihned dokon\u010dit. Pokud \u00fa\u010det nem\u00e1te, m\u016f\u017eete si jej rychle z\u0159\u00eddit a transakci dokon\u010dit.\u00a0<\/span><\/p>\n<h4><span class=\"ez-toc-section\" id=\"How_to_Buy_Litecoin_with_Crypto\"><\/span><span style=\"font-weight: 400;\">Jak koupit Litecoin s kryptom\u011bnou<\/span><span class=\"ez-toc-section-end\"><\/span><\/h4>\n<p><span style=\"font-weight: 400;\">A kone\u010dn\u011b, na spotov\u00e9m trhu Kucoin si m\u016f\u017eete koupit Litecoin za kryptom\u011bny.\u00a0<\/span><\/p>\n<p><span style=\"font-weight: 400;\">Na ovl\u00e1dac\u00edm panelu vyberte nab\u00eddku \"Obchod\" a stiskn\u011bte mo\u017enost Spotov\u00e9 obchodov\u00e1n\u00ed.\" Na str\u00e1nce uvid\u00edte n\u011bkolik p\u00e1r\u016f, nap\u0159\u00edklad BTC\/USDT, ETH\/USDT, <a href=\"https:\/\/coinkickoff.com\/cs\/dogecoin-doge\/\" data-internallinksmanager029f6b8e52c=\"14\" title=\"Co je Dogecoin (DOGE)? Jak funguje a kde ho koupit?\">DOGE<\/a>\/USDT a tak d\u00e1le.\u00a0<\/span><\/p>\n<p><span style=\"font-weight: 400;\">Zna\u010dn\u00e1 \u010d\u00e1st v\u0161ech obchod\u016f s kryptom\u011bnami je denominov\u00e1na v USDT, tak\u017ee v\u011bt\u0161inu coins m\u016f\u017eete koupit a prodat za USDT, v\u010detn\u011b Litecoin.\u00a0<\/span><\/p>\n<p><span style=\"font-weight: 400;\">Nap\u0159\u00edklad pokud m\u00e1te Polkadot, mo\u017en\u00e1 jej nebudete moci vym\u011bnit p\u0159\u00edmo za Litecoin, ale m\u016f\u017eete jej vym\u011bnit za USDT a pot\u00e9 pou\u017e\u00edt USDT k n\u00e1kupu LTC.<\/span><\/p>\n<p><span style=\"font-weight: 400;\">Nejprve vyberte obchodn\u00ed p\u00e1r, kter\u00fd chcete vym\u011bnit (nap\u0159\u00edklad LTC\/USDT). Pot\u00e9 vypl\u0148te objedn\u00e1vkov\u00fd formul\u00e1\u0159 tak, \u017ee uprav\u00edte \u010d\u00e1stku USDT, kterou chcete utratit za LTC.<\/span><\/p>\n<p><span style=\"font-weight: 400;\">Kucoin umo\u017e\u0148uje zad\u00e1vat p\u0159\u00edkazy \"Market\" a \"Limit\". Za\u010d\u00e1te\u010dn\u00edk\u016fm doporu\u010dujeme zvolit tr\u017en\u00ed p\u0159\u00edkaz. Pokud chcete prozkoumat dal\u0161\u00ed mo\u017enosti, dozv\u00edte se v\u00edce o. <\/span><a href=\"https:\/\/www.kucoin.com\/support\/900006714063\" target=\"_blank\" rel=\"noopener\"><span style=\"font-weight: 400;\">r\u016fzn\u00e9 typy objedn\u00e1vek<\/span><\/a><span style=\"font-weight: 400;\"> ne\u017e budete pokra\u010dovat<\/span><\/p>\n<p><span style=\"font-weight: 400;\">Po dokon\u010den\u00ed klikn\u011bte na tla\u010d\u00edtko \"Koupit\".<\/span><\/p>\n<p><span style=\"font-weight: 400;\">Nyn\u00ed zn\u00e1te t\u0159i r\u016fzn\u00e9 zp\u016fsoby, jak koupit Litecoin na Kucoin! Pokud se v\u00e1m l\u00edbil n\u00e1\u0161 \"<\/span><i><span style=\"font-weight: 400;\">Jak koupit Litecoin na Kucoin\"<\/span><\/i><span style=\"font-weight: 400;\"> se v\u00e1m m\u016f\u017ee l\u00edbit tak\u00e9 n\u00e1\u0161 <\/span><a href=\"https:\/\/coinkickoff.com\/cs\/crypto-exchanges\/\"><span style=\"font-weight: 400;\">v\u00fdm\u011bnn\u00e9 recenze<\/span><\/a><span style=\"font-weight: 400;\"> a <a href=\"https:\/\/coinkickoff.com\/cs\/how-to-buy-bitcoin\/\">dal\u0161\u00ed pr\u016fvodci<\/a>.<\/span><\/p>","protected":false},"excerpt":{"rendered":"<p>Jak koupit Litecoin na Kucoin Pokud pot\u0159ebujete poradit, jak koupit Litecoin na Kucoin, jste na spr\u00e1vn\u00e9m m\u00edst\u011b! Pod\u00edvejme se, jak v n\u011bkolika jednoduch\u00fdch kroc\u00edch koupit LTC na Kucoin. N\u00e1vod krok za krokem, jak koupit Litecoin na Kucoin 1. Zaregistrujte si \u00fa\u010det P\u0159ejd\u011bte na Kucoin [...]<\/p>","protected":false},"author":3,"featured_media":0,"parent":4392,"menu_order":0,"comment_status":"closed","ping_status":"closed","template":"","meta":{"_genesis_hide_title":false,"_genesis_hide_breadcrumbs":false,"_genesis_hide_singular_image":false,"_genesis_hide_footer_widgets":false,"_genesis_custom_body_class":"","_genesis_custom_post_class":"","_genesis_layout":"","_glsr_average":0,"_glsr_ranking":0,"_glsr_reviews":0,"footnotes":""},"class_list":{"0":"post-4404","1":"page","2":"type-page","3":"status-publish","5":"entry"},"featured_image_src":null,"featured_image_src_square":null,"_links":{"self":[{"href":"https:\/\/coinkickoff.com\/cs\/wp-json\/wp\/v2\/pages\/4404","targetHints":{"allow":["GET"]}}],"collection":[{"href":"https:\/\/coinkickoff.com\/cs\/wp-json\/wp\/v2\/pages"}],"about":[{"href":"https:\/\/coinkickoff.com\/cs\/wp-json\/wp\/v2\/types\/page"}],"author":[{"embeddable":true,"href":"https:\/\/coinkickoff.com\/cs\/wp-json\/wp\/v2\/users\/3"}],"replies":[{"embeddable":true,"href":"https:\/\/coinkickoff.com\/cs\/wp-json\/wp\/v2\/comments?post=4404"}],"version-history":[{"count":2,"href":"https:\/\/coinkickoff.com\/cs\/wp-json\/wp\/v2\/pages\/4404\/revisions"}],"predecessor-version":[{"id":4406,"href":"https:\/\/coinkickoff.com\/cs\/wp-json\/wp\/v2\/pages\/4404\/revisions\/4406"}],"up":[{"embeddable":true,"href":"https:\/\/coinkickoff.com\/cs\/wp-json\/wp\/v2\/pages\/4392"}],"wp:attachment":[{"href":"https:\/\/coinkickoff.com\/cs\/wp-json\/wp\/v2\/media?parent=4404"}],"curies":[{"name":"wp","href":"https:\/\/api.w.org\/{rel}","templated":true}]}}