{"id":4236,"date":"2026-01-08T14:07:08","date_gmt":"2026-01-08T14:07:08","guid":{"rendered":"https:\/\/coinkickoff.com\/?page_id=4236"},"modified":"2026-01-08T14:07:08","modified_gmt":"2026-01-08T14:07:08","slug":"how-to-buy-polkadot-on-gemini","status":"publish","type":"page","link":"https:\/\/coinkickoff.com\/cs\/how-to-buy-polkadot\/how-to-buy-polkadot-on-gemini\/","title":{"rendered":"Jak koupit Polkadot na Gemini"},"content":{"rendered":"<div id=\"ez-toc-container\" class=\"ez-toc-v2_0_80 counter-hierarchy ez-toc-counter ez-toc-transparent ez-toc-container-direction\">\n<div class=\"ez-toc-title-container\">\n<p class=\"ez-toc-title\" style=\"cursor:inherit\">Sekce<\/p>\n<span class=\"ez-toc-title-toggle\"><a href=\"#\" class=\"ez-toc-pull-right ez-toc-btn ez-toc-btn-xs ez-toc-btn-default ez-toc-toggle\" aria-label=\"P\u0159epnut\u00ed tabulky obsahu\"><span class=\"ez-toc-js-icon-con\"><span class=\"\"><span class=\"eztoc-hide\" style=\"display:none;\">P\u0159ep\u00edna\u010d<\/span><span class=\"ez-toc-icon-toggle-span\"><svg style=\"fill: #999;color:#999\" xmlns=\"http:\/\/www.w3.org\/2000\/svg\" class=\"list-377408\" width=\"20px\" height=\"20px\" viewbox=\"0 0 24 24\" fill=\"none\"><path d=\"M6 6H4v2h2V6zm14 0H8v2h12V6zM4 11h2v2H4v-2zm16 0H8v2h12v-2zM4 16h2v2H4v-2zm16 0H8v2h12v-2z\" fill=\"currentColor\"><\/path><\/svg><svg style=\"fill: #999;color:#999\" class=\"arrow-unsorted-368013\" xmlns=\"http:\/\/www.w3.org\/2000\/svg\" width=\"10px\" height=\"10px\" viewbox=\"0 0 24 24\" version=\"1.2\" baseprofile=\"tiny\"><path d=\"M18.2 9.3l-6.2-6.3-6.2 6.3c-.2.2-.3.4-.3.7s.1.5.3.7c.2.2.4.3.7.3h11c.3 0 .5-.1.7-.3.2-.2.3-.5.3-.7s-.1-.5-.3-.7zM5.8 14.7l6.2 6.3 6.2-6.3c.2-.2.3-.5.3-.7s-.1-.5-.3-.7c-.2-.2-.4-.3-.7-.3h-11c-.3 0-.5.1-.7.3-.2.2-.3.5-.3.7s.1.5.3.7z\"\/><\/svg><\/span><\/span><\/span><\/a><\/span><\/div>\n<nav><ul class='ez-toc-list ez-toc-list-level-1 eztoc-toggle-hide-by-default' ><li class='ez-toc-page-1 ez-toc-heading-level-2'><a class=\"ez-toc-link ez-toc-heading-1\" href=\"https:\/\/coinkickoff.com\/cs\/how-to-buy-polkadot\/how-to-buy-polkadot-on-gemini\/#How_to_Buy_Polkadot_on_Gemini\" >Jak koupit Polkadot na Gemini<\/a><\/li><li class='ez-toc-page-1 ez-toc-heading-level-2'><a class=\"ez-toc-link ez-toc-heading-2\" href=\"https:\/\/coinkickoff.com\/cs\/how-to-buy-polkadot\/how-to-buy-polkadot-on-gemini\/#A_Step-By-Step_Guide_on_How_to_Buy_Polkadot_on_Gemini\" >Pr\u016fvodce krok za krokem, jak koupit Polkadot na Gemini<\/a><ul class='ez-toc-list-level-3' ><li class='ez-toc-heading-level-3'><a class=\"ez-toc-link ez-toc-heading-3\" href=\"https:\/\/coinkickoff.com\/cs\/how-to-buy-polkadot\/how-to-buy-polkadot-on-gemini\/#1_Register_an_Account_and_Verify_Your_Identity\" >1. Registrace \u00fa\u010dtu a ov\u011b\u0159en\u00ed toto\u017enosti<\/a><\/li><li class='ez-toc-page-1 ez-toc-heading-level-3'><a class=\"ez-toc-link ez-toc-heading-4\" href=\"https:\/\/coinkickoff.com\/cs\/how-to-buy-polkadot\/how-to-buy-polkadot-on-gemini\/#2_Add_a_Payment_Method\" >2. P\u0159id\u00e1n\u00ed zp\u016fsobu platby<\/a><\/li><li class='ez-toc-page-1 ez-toc-heading-level-3'><a class=\"ez-toc-link ez-toc-heading-5\" href=\"https:\/\/coinkickoff.com\/cs\/how-to-buy-polkadot\/how-to-buy-polkadot-on-gemini\/#3_Navigate_to_the_Relevant_Screen_to_Buy\" >3. P\u0159ejd\u011bte na p\u0159\u00edslu\u0161nou obrazovku a nakupte<\/a><ul class='ez-toc-list-level-4' ><li class='ez-toc-heading-level-4'><a class=\"ez-toc-link ez-toc-heading-6\" href=\"https:\/\/coinkickoff.com\/cs\/how-to-buy-polkadot\/how-to-buy-polkadot-on-gemini\/#Active_Trading\" >Aktivn\u00ed obchodov\u00e1n\u00ed<\/a><\/li><\/ul><\/li><\/ul><\/li><\/ul><\/nav><\/div>\n<h2><span class=\"ez-toc-section\" id=\"How_to_Buy_Polkadot_on_Gemini\"><\/span><span style=\"font-weight: 400;\">Jak koupit Polkadot na Gemini<\/span><span class=\"ez-toc-section-end\"><\/span><\/h2>\n<p><span style=\"font-weight: 400;\">Pokud si chcete koupit <a href=\"https:\/\/coinkickoff.com\/cs\/polkadot-dot\/\">Polkadot<\/a> (DOT) na Gemini, jste na spr\u00e1vn\u00e9m m\u00edst\u011b. Postupujte podle na\u0161eho pr\u016fvodce ve t\u0159ech kroc\u00edch, abyste se dozv\u011bd\u011bli, jak koupit <a href=\"https:\/\/coinkickoff.com\/cs\/polkadot-dot\/\" data-internallinksmanager029f6b8e52c=\"12\" title=\"Co je Polkadot (DOT)? Jak funguje a kde ho koupit?\">Polkadot<\/a> na Gemini.<\/span><\/p>\n<p><span style=\"font-weight: 400;\">Ne\u017e v\u0161ak za\u010dnete, pod\u00edvejte se na na\u0161e <\/span><a href=\"https:\/\/coinkickoff.com\/cs\/gemini-review\/\"><span style=\"font-weight: 400;\">Gemini recenze<\/span><\/a><span style=\"font-weight: 400;\">. Z\u00e1kazn\u00edci Gemini Earn <\/span><a href=\"https:\/\/www.bloomberg.com\/news\/articles\/2023-07-07\/winklevoss-s-gemini-crypto-exchange-sues-barry-silbert-and-dcg\" target=\"_blank\" rel=\"noopener\"><span style=\"font-weight: 400;\">nelze st\u00e1hnout<\/span><\/a><span style=\"font-weight: 400;\"> jejich aktiva z platformy po cel\u00e9 m\u011bs\u00edce, a je nejlep\u0161\u00ed se se situac\u00ed sezn\u00e1mit, abyste pochopili rizika dr\u017een\u00ed kryptom\u011bn na Gemini.<\/span><\/p>\n<p><span style=\"font-weight: 400;\">D\u00e1le se dozv\u00edte, jak koupit Polkadot na Gemini.<\/span><\/p>\n<h2><span class=\"ez-toc-section\" id=\"A_Step-By-Step_Guide_on_How_to_Buy_Polkadot_on_Gemini\"><\/span><span style=\"font-weight: 400;\">Pr\u016fvodce krok za krokem, jak koupit Polkadot na Gemini<\/span><span class=\"ez-toc-section-end\"><\/span><\/h2>\n<h3><span class=\"ez-toc-section\" id=\"1_Register_an_Account_and_Verify_Your_Identity\"><\/span><span style=\"font-weight: 400;\">1. Registrace \u00fa\u010dtu a ov\u011b\u0159en\u00ed toto\u017enosti<\/span><span class=\"ez-toc-section-end\"><\/span><\/h3>\n<p><span style=\"font-weight: 400;\">Poj\u010fme do <\/span><a href=\"https:\/\/gemini.com\" target=\"_blank\" rel=\"noopener\"><span style=\"font-weight: 400;\">Gemini<\/span><\/a><span style=\"font-weight: 400;\"> a klikn\u011bte na tla\u010d\u00edtko \"Zaregistrovat se\".<\/span><\/p>\n<p><span style=\"font-weight: 400;\">P\u0159i registraci v\u00e1s spole\u010dnost Gemini po\u017e\u00e1d\u00e1 o \u0159adu informac\u00ed, v\u010detn\u011b va\u0161eho p\u0159\u00edjmen\u00ed, data narozen\u00ed a adresy. V\u0161echny informace mus\u00edte zadat tak, jak jsou naps\u00e1ny v pr\u016fkazu toto\u017enosti.<\/span><\/p>\n<p><span style=\"font-weight: 400;\"><img loading=\"lazy\" decoding=\"async\" class=\"alignnone wp-image-3690 size-full\" src=\"https:\/\/coinkickoff.com\/wp-content\/uploads\/Screen-Shot-2023-04-10-at-7.45.50-AM-e1684925675301.png\" alt=\"\" width=\"1439\" height=\"791\" srcset=\"https:\/\/coinkickoff.com\/wp-content\/uploads\/Screen-Shot-2023-04-10-at-7.45.50-AM-e1684925675301.png 1439w, https:\/\/coinkickoff.com\/wp-content\/uploads\/Screen-Shot-2023-04-10-at-7.45.50-AM-e1684925675301-300x165.png 300w, https:\/\/coinkickoff.com\/wp-content\/uploads\/Screen-Shot-2023-04-10-at-7.45.50-AM-e1684925675301-1024x563.png 1024w, https:\/\/coinkickoff.com\/wp-content\/uploads\/Screen-Shot-2023-04-10-at-7.45.50-AM-e1684925675301-768x422.png 768w, https:\/\/coinkickoff.com\/wp-content\/uploads\/Screen-Shot-2023-04-10-at-7.45.50-AM-e1684925675301-18x10.png 18w\" sizes=\"auto, (max-width: 1439px) 100vw, 1439px\" \/><\/span><\/p>\n<p><span style=\"font-weight: 400;\">Stiskn\u011bte tla\u010d\u00edtko \"Vytvo\u0159it \u00fa\u010det\" a pokra\u010dujte. <\/span><\/p>\n<p><span style=\"font-weight: 400;\"><img loading=\"lazy\" decoding=\"async\" class=\"alignnone wp-image-3697 size-full\" src=\"https:\/\/coinkickoff.com\/wp-content\/uploads\/Screen-Shot-2023-04-10-at-7.52.01-AM-e1684925865857.png\" alt=\"\" width=\"1274\" height=\"669\" srcset=\"https:\/\/coinkickoff.com\/wp-content\/uploads\/Screen-Shot-2023-04-10-at-7.52.01-AM-e1684925865857.png 1274w, https:\/\/coinkickoff.com\/wp-content\/uploads\/Screen-Shot-2023-04-10-at-7.52.01-AM-e1684925865857-300x158.png 300w, https:\/\/coinkickoff.com\/wp-content\/uploads\/Screen-Shot-2023-04-10-at-7.52.01-AM-e1684925865857-1024x538.png 1024w, https:\/\/coinkickoff.com\/wp-content\/uploads\/Screen-Shot-2023-04-10-at-7.52.01-AM-e1684925865857-768x403.png 768w, https:\/\/coinkickoff.com\/wp-content\/uploads\/Screen-Shot-2023-04-10-at-7.52.01-AM-e1684925865857-18x9.png 18w\" sizes=\"auto, (max-width: 1274px) 100vw, 1274px\" \/><\/span><\/p>\n<p><span style=\"font-weight: 400;\">Vyberte typ dokumentu, kter\u00fd chcete nahr\u00e1t k ov\u011b\u0159en\u00ed sv\u00e9 toto\u017enosti. <\/span><\/p>\n<p><span style=\"font-weight: 400;\"><img loading=\"lazy\" decoding=\"async\" class=\"alignnone wp-image-3698 size-full\" src=\"https:\/\/coinkickoff.com\/wp-content\/uploads\/Screen-Shot-2023-04-10-at-7.52.08-AM-e1684925892934.png\" alt=\"\" width=\"1249\" height=\"701\" srcset=\"https:\/\/coinkickoff.com\/wp-content\/uploads\/Screen-Shot-2023-04-10-at-7.52.08-AM-e1684925892934.png 1249w, https:\/\/coinkickoff.com\/wp-content\/uploads\/Screen-Shot-2023-04-10-at-7.52.08-AM-e1684925892934-300x168.png 300w, https:\/\/coinkickoff.com\/wp-content\/uploads\/Screen-Shot-2023-04-10-at-7.52.08-AM-e1684925892934-1024x575.png 1024w, https:\/\/coinkickoff.com\/wp-content\/uploads\/Screen-Shot-2023-04-10-at-7.52.08-AM-e1684925892934-768x431.png 768w, https:\/\/coinkickoff.com\/wp-content\/uploads\/Screen-Shot-2023-04-10-at-7.52.08-AM-e1684925892934-18x10.png 18w, https:\/\/coinkickoff.com\/wp-content\/uploads\/Screen-Shot-2023-04-10-at-7.52.08-AM-e1684925892934-600x338.png 600w\" sizes=\"auto, (max-width: 1249px) 100vw, 1249px\" \/><\/span><\/p>\n<p><span style=\"font-weight: 400;\">Stiskn\u011bte odkaz \"Get Secure link\". V telefonu klikn\u011bte na odkaz, \u010d\u00edm\u017e se dostanete na str\u00e1nku pro odesl\u00e1n\u00ed a dokon\u010d\u00edte registraci. Nezav\u00edrejte webovou str\u00e1nku, dokud nen\u00ed ov\u011b\u0159en\u00ed dokon\u010deno.<\/span><\/p>\n<h3><span class=\"ez-toc-section\" id=\"2_Add_a_Payment_Method\"><\/span><span style=\"font-weight: 400;\">2. P\u0159id\u00e1n\u00ed zp\u016fsobu platby<\/span><span class=\"ez-toc-section-end\"><\/span><\/h3>\n<p><span style=\"font-weight: 400;\">Stiskn\u011bte tla\u010d\u00edtko \"\u00da\u010det\" na hlavn\u00edm panelu a vyberte mo\u017enost <\/span><a href=\"https:\/\/exchange.gemini.com\/settings\/bank\" target=\"_blank\" rel=\"noopener\"><span style=\"font-weight: 400;\">Zp\u016fsoby platby<\/span><\/a><span style=\"font-weight: 400;\">. D\u00e1le p\u0159id\u00e1te zp\u016fsob platby.<\/span><\/p>\n<p><span style=\"font-weight: 400;\">Pokud kliknete na tla\u010d\u00edtko \"P\u0159idat bankovn\u00ed \u00fa\u010det ru\u010dn\u011b\", obdr\u017e\u00edte pokyny k p\u0159ipojen\u00ed sv\u00e9ho online bankovn\u00edho \u00fa\u010dtu ke slu\u017eb\u011b Gemini. Tuzemsk\u00e9 bankovn\u00ed p\u0159evody jsou obvykle bezplatn\u00e9, ale mohou trvat a\u017e 5 pracovn\u00edch dn\u016f.\u00a0<\/span><\/p>\n<p><span style=\"font-weight: 400;\">P\u0159\u00edpadn\u011b m\u016f\u017eete ke sv\u00e9mu \u00fa\u010dtu p\u0159ipojit debetn\u00ed kartu a okam\u017eit\u011b nakupovat kryptom\u011bny. Po p\u0159id\u00e1n\u00ed karty m\u016f\u017eete Polkadot a dal\u0161\u00ed m\u011bny nakoupit b\u011bhem n\u011bkolika minut prost\u0159ednictv\u00edm funkce Easy Buy spole\u010dnosti Gemini.<\/span><\/p>\n<p><span style=\"font-weight: 400;\">N\u00e1kupy debetn\u00ed kartou jsou v\u0161ak dra\u017e\u0161\u00ed ne\u017e bankovn\u00ed p\u0159evody. <\/span><\/p>\n<p><span style=\"font-weight: 400;\"><img loading=\"lazy\" decoding=\"async\" class=\"alignnone wp-image-3699 size-full\" src=\"https:\/\/coinkickoff.com\/wp-content\/uploads\/Screen-Shot-2023-04-10-at-8.05.13-AM-e1684925923198.png\" alt=\"\" width=\"1331\" height=\"680\" srcset=\"https:\/\/coinkickoff.com\/wp-content\/uploads\/Screen-Shot-2023-04-10-at-8.05.13-AM-e1684925923198.png 1331w, https:\/\/coinkickoff.com\/wp-content\/uploads\/Screen-Shot-2023-04-10-at-8.05.13-AM-e1684925923198-300x153.png 300w, https:\/\/coinkickoff.com\/wp-content\/uploads\/Screen-Shot-2023-04-10-at-8.05.13-AM-e1684925923198-1024x523.png 1024w, https:\/\/coinkickoff.com\/wp-content\/uploads\/Screen-Shot-2023-04-10-at-8.05.13-AM-e1684925923198-768x392.png 768w, https:\/\/coinkickoff.com\/wp-content\/uploads\/Screen-Shot-2023-04-10-at-8.05.13-AM-e1684925923198-18x9.png 18w\" sizes=\"auto, (max-width: 1331px) 100vw, 1331px\" \/><\/span><\/p>\n<p><span style=\"font-weight: 400;\">Vyberte metodu, kterou chcete p\u0159idat, a klikn\u011bte na tla\u010d\u00edtko \"P\u0159idat\". M\u016f\u017eete p\u0159idat v\u00edce platebn\u00edch metod.<\/span><\/p>\n<p><span style=\"font-weight: 400;\">Pokud vyberete mo\u017enost \"Bankovn\u00ed \u00fa\u010det ru\u010dn\u011b\", postupujte podle pokyn\u016f na obrazovce. Chcete-li p\u0159idat debetn\u00ed kartu, postupujte podle pokyn\u016f n\u00ed\u017ee.<\/span><\/p>\n<p><span style=\"font-weight: 400;\"><img loading=\"lazy\" decoding=\"async\" class=\"alignnone wp-image-3700 size-full\" src=\"https:\/\/coinkickoff.com\/wp-content\/uploads\/Screen-Shot-2023-04-10-at-8.07.32-AM-e1684925955355.png\" alt=\"\" width=\"1180\" height=\"759\" srcset=\"https:\/\/coinkickoff.com\/wp-content\/uploads\/Screen-Shot-2023-04-10-at-8.07.32-AM-e1684925955355.png 1180w, https:\/\/coinkickoff.com\/wp-content\/uploads\/Screen-Shot-2023-04-10-at-8.07.32-AM-e1684925955355-300x193.png 300w, https:\/\/coinkickoff.com\/wp-content\/uploads\/Screen-Shot-2023-04-10-at-8.07.32-AM-e1684925955355-1024x659.png 1024w, https:\/\/coinkickoff.com\/wp-content\/uploads\/Screen-Shot-2023-04-10-at-8.07.32-AM-e1684925955355-768x494.png 768w, https:\/\/coinkickoff.com\/wp-content\/uploads\/Screen-Shot-2023-04-10-at-8.07.32-AM-e1684925955355-18x12.png 18w\" sizes=\"auto, (max-width: 1180px) 100vw, 1180px\" \/><\/span><\/p>\n<p><span style=\"font-weight: 400;\">Zvolte m\u011bnu sv\u00e9 debetn\u00ed karty. Gemini podporuje USD, EUR, CAD, AUD, GBP, HKD a SGD.<\/span><\/p>\n<p><span style=\"font-weight: 400;\"><img loading=\"lazy\" decoding=\"async\" class=\"alignnone wp-image-3701 size-full\" src=\"https:\/\/coinkickoff.com\/wp-content\/uploads\/Screen-Shot-2023-04-10-at-8.07.43-AM-e1684925980171.png\" alt=\"\" width=\"1231\" height=\"777\" srcset=\"https:\/\/coinkickoff.com\/wp-content\/uploads\/Screen-Shot-2023-04-10-at-8.07.43-AM-e1684925980171.png 1231w, https:\/\/coinkickoff.com\/wp-content\/uploads\/Screen-Shot-2023-04-10-at-8.07.43-AM-e1684925980171-300x189.png 300w, https:\/\/coinkickoff.com\/wp-content\/uploads\/Screen-Shot-2023-04-10-at-8.07.43-AM-e1684925980171-1024x646.png 1024w, https:\/\/coinkickoff.com\/wp-content\/uploads\/Screen-Shot-2023-04-10-at-8.07.43-AM-e1684925980171-768x485.png 768w, https:\/\/coinkickoff.com\/wp-content\/uploads\/Screen-Shot-2023-04-10-at-8.07.43-AM-e1684925980171-18x12.png 18w\" sizes=\"auto, (max-width: 1231px) 100vw, 1231px\" \/><\/span><\/p>\n<p><span style=\"font-weight: 400;\">P\u0159idejte faktura\u010dn\u00ed adresu.<\/span><\/p>\n<p><span style=\"font-weight: 400;\"><img loading=\"lazy\" decoding=\"async\" class=\"alignnone wp-image-3702 size-full\" src=\"https:\/\/coinkickoff.com\/wp-content\/uploads\/Screen-Shot-2023-04-10-at-8.08.21-AM-e1684926023269.png\" alt=\"\" width=\"1206\" height=\"770\" srcset=\"https:\/\/coinkickoff.com\/wp-content\/uploads\/Screen-Shot-2023-04-10-at-8.08.21-AM-e1684926023269.png 1206w, https:\/\/coinkickoff.com\/wp-content\/uploads\/Screen-Shot-2023-04-10-at-8.08.21-AM-e1684926023269-300x192.png 300w, https:\/\/coinkickoff.com\/wp-content\/uploads\/Screen-Shot-2023-04-10-at-8.08.21-AM-e1684926023269-1024x654.png 1024w, https:\/\/coinkickoff.com\/wp-content\/uploads\/Screen-Shot-2023-04-10-at-8.08.21-AM-e1684926023269-768x490.png 768w, https:\/\/coinkickoff.com\/wp-content\/uploads\/Screen-Shot-2023-04-10-at-8.08.21-AM-e1684926023269-18x12.png 18w\" sizes=\"auto, (max-width: 1206px) 100vw, 1206px\" \/><\/span><\/p>\n<p><span style=\"font-weight: 400;\">Ov\u011b\u0159te si \u00fadaje o adrese.<\/span><\/p>\n<p><span style=\"font-weight: 400;\"><img loading=\"lazy\" decoding=\"async\" class=\"alignnone wp-image-3703 size-full\" src=\"https:\/\/coinkickoff.com\/wp-content\/uploads\/Screen-Shot-2023-04-10-at-8.08.37-AM-e1684926046103.png\" alt=\"\" width=\"1216\" height=\"752\" srcset=\"https:\/\/coinkickoff.com\/wp-content\/uploads\/Screen-Shot-2023-04-10-at-8.08.37-AM-e1684926046103.png 1216w, https:\/\/coinkickoff.com\/wp-content\/uploads\/Screen-Shot-2023-04-10-at-8.08.37-AM-e1684926046103-300x186.png 300w, https:\/\/coinkickoff.com\/wp-content\/uploads\/Screen-Shot-2023-04-10-at-8.08.37-AM-e1684926046103-1024x633.png 1024w, https:\/\/coinkickoff.com\/wp-content\/uploads\/Screen-Shot-2023-04-10-at-8.08.37-AM-e1684926046103-768x475.png 768w, https:\/\/coinkickoff.com\/wp-content\/uploads\/Screen-Shot-2023-04-10-at-8.08.37-AM-e1684926046103-18x12.png 18w\" sizes=\"auto, (max-width: 1216px) 100vw, 1216px\" \/><\/span><\/p>\n<p><span style=\"font-weight: 400;\">Zadejte \u00fadaje o sv\u00e9 kart\u011b. Upozor\u0148ujeme, \u017ee jsou podporov\u00e1ny pouze debetn\u00ed karty - kreditn\u00ed karty budou odm\u00edtnuty.<\/span><\/p>\n<h3><span class=\"ez-toc-section\" id=\"3_Navigate_to_the_Relevant_Screen_to_Buy\"><\/span><span style=\"font-weight: 400;\">3. P\u0159ejd\u011bte na p\u0159\u00edslu\u0161nou obrazovku a nakupte<\/span><span class=\"ez-toc-section-end\"><\/span><\/h3>\n<p><span style=\"font-weight: 400;\">Na hlavn\u00edm panelu klikn\u011bte na polo\u017eku \"Market\". Do pole \"search market\" zadejte \"DOT\" a zobraz\u00ed se Polkadot.<\/span><\/p>\n<p><span style=\"font-weight: 400;\"><img loading=\"lazy\" decoding=\"async\" class=\"alignnone wp-image-3704 size-full\" src=\"https:\/\/coinkickoff.com\/wp-content\/uploads\/Screen-Shot-2023-04-10-at-8.17.54-AM-e1684926106937.png\" alt=\"\" width=\"1393\" height=\"766\" srcset=\"https:\/\/coinkickoff.com\/wp-content\/uploads\/Screen-Shot-2023-04-10-at-8.17.54-AM-e1684926106937.png 1393w, https:\/\/coinkickoff.com\/wp-content\/uploads\/Screen-Shot-2023-04-10-at-8.17.54-AM-e1684926106937-300x165.png 300w, https:\/\/coinkickoff.com\/wp-content\/uploads\/Screen-Shot-2023-04-10-at-8.17.54-AM-e1684926106937-1024x563.png 1024w, https:\/\/coinkickoff.com\/wp-content\/uploads\/Screen-Shot-2023-04-10-at-8.17.54-AM-e1684926106937-768x422.png 768w, https:\/\/coinkickoff.com\/wp-content\/uploads\/Screen-Shot-2023-04-10-at-8.17.54-AM-e1684926106937-18x10.png 18w\" sizes=\"auto, (max-width: 1393px) 100vw, 1393px\" \/><\/span><\/p>\n<p><span style=\"font-weight: 400;\">Po kliknut\u00ed na tla\u010d\u00edtko \"Zobrazit podrobnosti\" budete p\u0159esm\u011brov\u00e1ni na str\u00e1nku \"Snadn\u00fd n\u00e1kup\" pro Polkadot. <\/span><\/p>\n<p><img loading=\"lazy\" decoding=\"async\" class=\"alignnone wp-image-3706 size-full\" src=\"https:\/\/coinkickoff.com\/wp-content\/uploads\/Screen-Shot-2023-04-10-at-8.20.19-AM-e1684926155864.png\" alt=\"Jak koupit Cardano na Gemini jak koupit Polygon na Gemini jak koupit polkadot na gemini\" width=\"1393\" height=\"766\" srcset=\"https:\/\/coinkickoff.com\/wp-content\/uploads\/Screen-Shot-2023-04-10-at-8.20.19-AM-e1684926155864.png 1393w, https:\/\/coinkickoff.com\/wp-content\/uploads\/Screen-Shot-2023-04-10-at-8.20.19-AM-e1684926155864-300x165.png 300w, https:\/\/coinkickoff.com\/wp-content\/uploads\/Screen-Shot-2023-04-10-at-8.20.19-AM-e1684926155864-1024x563.png 1024w, https:\/\/coinkickoff.com\/wp-content\/uploads\/Screen-Shot-2023-04-10-at-8.20.19-AM-e1684926155864-768x422.png 768w, https:\/\/coinkickoff.com\/wp-content\/uploads\/Screen-Shot-2023-04-10-at-8.20.19-AM-e1684926155864-18x10.png 18w\" sizes=\"auto, (max-width: 1393px) 100vw, 1393px\" \/><\/p>\n<p><span style=\"font-weight: 400;\">Pomoc\u00ed graf\u016f vlevo m\u016f\u017eete sledovat v\u00fdvoj ceny Polkadot v \u010dase.\u00a0<\/span><\/p>\n<p><span style=\"font-weight: 400;\">Vpravo se zobraz\u00ed formul\u00e1\u0159 pro snadn\u00fd n\u00e1kup.\u00a0<\/span><\/p>\n<p><span style=\"font-weight: 400;\">Polo\u017eka \"Jak \u010dasto?\" je nastavena na \"Jednou\", ale m\u016f\u017eete ji p\u0159epnout na vyd\u00e1v\u00e1n\u00ed pravideln\u00fdch automatick\u00fdch objedn\u00e1vek. M\u016f\u017eete nap\u0159\u00edklad nastavit, aby Gemini ka\u017ed\u00fd t\u00fdden nakoupil DOT v hodnot\u011b 10 dolar\u016f a rozv\u00edjel tak va\u0161e portfolio.<\/span><\/p>\n<p><span style=\"font-weight: 400;\">Pro dokon\u010den\u00ed n\u00e1kupu zadejte \u010d\u00e1stku, kterou chcete investovat do Polkadot, a vyberte zp\u016fsob platby.\u00a0<\/span><\/p>\n<p><span style=\"font-weight: 400;\">Klikn\u011bte na \"Review Order\" a zjist\u011bte, jak\u00e9 poplatky si spole\u010dnost Gemini \u00fa\u010dtuje. Uvid\u00edte, jakou \u010d\u00e1stku DOT obdr\u017e\u00edte. Pokud souhlas\u00edte, klikn\u011bte na tla\u010d\u00edtko \"Koupit\". M\u011bjte na pam\u011bti, \u017ee ceny \"Easy Buy\" zahrnuj\u00ed skryt\u00fd \"spreadov\u00fd poplatek\", kter\u00fd se obvykle p\u0159ipo\u010d\u00edt\u00e1v\u00e1 k cen\u011b aktiva.<\/span><\/p>\n<p><span style=\"font-weight: 400;\">Va\u0161e DOT token budou p\u0159id\u00e1ny do va\u0161\u00ed pen\u011b\u017eenky Gemini.<\/span><\/p>\n<h4><span class=\"ez-toc-section\" id=\"Active_Trading\"><\/span><span style=\"font-weight: 400;\">Aktivn\u00ed obchodov\u00e1n\u00ed<\/span><span class=\"ez-toc-section-end\"><\/span><\/h4>\n<p><span style=\"font-weight: 400;\">Pokud jste si p\u0159idali bankovn\u00ed \u00fa\u010det a provedli hotovostn\u00ed vklad na Gemini nebo m\u00e1te digit\u00e1ln\u00ed m\u011bny v pen\u011b\u017eence Gemini, m\u016f\u017eete vyu\u017e\u00edt spotov\u00fd trh k n\u00e1kupu Polkadot a dal\u0161\u00edch kryptom\u011bn.<\/span><\/p>\n<p><span style=\"font-weight: 400;\">Ceny na spotov\u00e9m trhu jsou mnohem levn\u011bj\u0161\u00ed ne\u017e u slu\u017eby \"Easy Buy\" a poplatky jsou ni\u017e\u0161\u00ed.\u00a0<\/span><\/p>\n<p><span style=\"font-weight: 400;\">Chcete-li z\u00edskat p\u0159\u00edstup ke spotov\u00e9mu trhu, klikn\u011bte na str\u00e1nce \"Easy Buy\" na tla\u010d\u00edtko \"Switch to Active Trader\".\u00a0<\/span><\/p>\n<p><span style=\"font-weight: 400;\">Pomoc\u00ed funkce vyhled\u00e1v\u00e1n\u00ed na trhu m\u016f\u017eete vyhledat dvojice DOT. Pokud nevid\u00edte p\u00e1rov\u00e1n\u00ed DOT\/USD nebo DOT\/EUR, m\u016f\u017eete si koupit <a href=\"https:\/\/coinkickoff.com\/cs\/tether-usdt\/\" data-internallinksmanager029f6b8e52c=\"3\" title=\"Co je Tether (USDT)? Jak funguje a kde ho koupit?\">USDT<\/a> nebo <a href=\"https:\/\/coinkickoff.com\/cs\/usd-coin-usdc\/\" data-internallinksmanager029f6b8e52c=\"8\" title=\"Co je USD Coin (USDC)? Jak funguje a kde ho koupit?\">USDC<\/a> s va\u0161\u00ed fiat m\u011bnou a pak tyto token vym\u011b\u0148te za DOT.<\/span><\/p>\n<p><span style=\"font-weight: 400;\">Vypl\u0148te objedn\u00e1vkov\u00fd formul\u00e1\u0159 a dokon\u010dete n\u00e1kup.<\/span><\/p>\n<p><span style=\"font-weight: 400;\">Pokud se v\u00e1m l\u00edbil n\u00e1\u0161 \"<\/span><i><span style=\"font-weight: 400;\">Jak koupit DOT na Gemini\" <\/span><\/i><span style=\"font-weight: 400;\">se m\u016f\u017eete pod\u00edvat na na\u0161i p\u0159\u00edru\u010dku <\/span><a href=\"https:\/\/coinkickoff.com\/cs\/crypto-exchanges\/\"><span style=\"font-weight: 400;\">v\u00fdm\u011bnn\u00e9 recenze<\/span><\/a><span style=\"font-weight: 400;\"> a dal\u0161\u00ed pr\u016fvodce.<\/span><\/p>","protected":false},"excerpt":{"rendered":"<p>Jak koupit Polkadot na Gemini Pokud si chcete koupit Polkadot (DOT) na Gemini, jste na spr\u00e1vn\u00e9m m\u00edst\u011b. Postupujte podle na\u0161eho pr\u016fvodce ve t\u0159ech kroc\u00edch, abyste se dozv\u011bd\u011bli, jak koupit Polkadot na Gemini. Ne\u017e v\u0161ak za\u010dnete, p\u0159e\u010dt\u011bte si na\u0161i recenzi Gemini. Z\u00e1kazn\u00edci Gemini Earn si nemohli vybrat sv\u00e1 aktiva z [...]<\/p>","protected":false},"author":3,"featured_media":0,"parent":4215,"menu_order":0,"comment_status":"closed","ping_status":"closed","template":"","meta":{"_genesis_hide_title":false,"_genesis_hide_breadcrumbs":false,"_genesis_hide_singular_image":false,"_genesis_hide_footer_widgets":false,"_genesis_custom_body_class":"","_genesis_custom_post_class":"","_genesis_layout":"","_glsr_average":0,"_glsr_ranking":0,"_glsr_reviews":0,"footnotes":""},"class_list":{"0":"post-4236","1":"page","2":"type-page","3":"status-publish","5":"entry"},"featured_image_src":null,"featured_image_src_square":null,"_links":{"self":[{"href":"https:\/\/coinkickoff.com\/cs\/wp-json\/wp\/v2\/pages\/4236","targetHints":{"allow":["GET"]}}],"collection":[{"href":"https:\/\/coinkickoff.com\/cs\/wp-json\/wp\/v2\/pages"}],"about":[{"href":"https:\/\/coinkickoff.com\/cs\/wp-json\/wp\/v2\/types\/page"}],"author":[{"embeddable":true,"href":"https:\/\/coinkickoff.com\/cs\/wp-json\/wp\/v2\/users\/3"}],"replies":[{"embeddable":true,"href":"https:\/\/coinkickoff.com\/cs\/wp-json\/wp\/v2\/comments?post=4236"}],"version-history":[{"count":2,"href":"https:\/\/coinkickoff.com\/cs\/wp-json\/wp\/v2\/pages\/4236\/revisions"}],"predecessor-version":[{"id":4238,"href":"https:\/\/coinkickoff.com\/cs\/wp-json\/wp\/v2\/pages\/4236\/revisions\/4238"}],"up":[{"embeddable":true,"href":"https:\/\/coinkickoff.com\/cs\/wp-json\/wp\/v2\/pages\/4215"}],"wp:attachment":[{"href":"https:\/\/coinkickoff.com\/cs\/wp-json\/wp\/v2\/media?parent=4236"}],"curies":[{"name":"wp","href":"https:\/\/api.w.org\/{rel}","templated":true}]}}