{"id":4232,"date":"2026-01-08T14:07:07","date_gmt":"2026-01-08T14:07:07","guid":{"rendered":"https:\/\/coinkickoff.com\/?page_id=4232"},"modified":"2026-01-08T14:07:07","modified_gmt":"2026-01-08T14:07:07","slug":"how-to-buy-polkadot-on-coinbase","status":"publish","type":"page","link":"https:\/\/coinkickoff.com\/cs\/how-to-buy-polkadot\/how-to-buy-polkadot-on-coinbase\/","title":{"rendered":"Jak koupit Polkadot na Coinbase"},"content":{"rendered":"<div id=\"ez-toc-container\" class=\"ez-toc-v2_0_80 counter-hierarchy ez-toc-counter ez-toc-transparent ez-toc-container-direction\">\n<div class=\"ez-toc-title-container\">\n<p class=\"ez-toc-title\" style=\"cursor:inherit\">Sekce<\/p>\n<span class=\"ez-toc-title-toggle\"><a href=\"#\" class=\"ez-toc-pull-right ez-toc-btn ez-toc-btn-xs ez-toc-btn-default ez-toc-toggle\" aria-label=\"P\u0159epnut\u00ed tabulky obsahu\"><span class=\"ez-toc-js-icon-con\"><span class=\"\"><span class=\"eztoc-hide\" style=\"display:none;\">P\u0159ep\u00edna\u010d<\/span><span class=\"ez-toc-icon-toggle-span\"><svg style=\"fill: #999;color:#999\" xmlns=\"http:\/\/www.w3.org\/2000\/svg\" class=\"list-377408\" width=\"20px\" height=\"20px\" viewbox=\"0 0 24 24\" fill=\"none\"><path d=\"M6 6H4v2h2V6zm14 0H8v2h12V6zM4 11h2v2H4v-2zm16 0H8v2h12v-2zM4 16h2v2H4v-2zm16 0H8v2h12v-2z\" fill=\"currentColor\"><\/path><\/svg><svg style=\"fill: #999;color:#999\" class=\"arrow-unsorted-368013\" xmlns=\"http:\/\/www.w3.org\/2000\/svg\" width=\"10px\" height=\"10px\" viewbox=\"0 0 24 24\" version=\"1.2\" baseprofile=\"tiny\"><path d=\"M18.2 9.3l-6.2-6.3-6.2 6.3c-.2.2-.3.4-.3.7s.1.5.3.7c.2.2.4.3.7.3h11c.3 0 .5-.1.7-.3.2-.2.3-.5.3-.7s-.1-.5-.3-.7zM5.8 14.7l6.2 6.3 6.2-6.3c.2-.2.3-.5.3-.7s-.1-.5-.3-.7c-.2-.2-.4-.3-.7-.3h-11c-.3 0-.5.1-.7.3-.2.2-.3.5-.3.7s.1.5.3.7z\"\/><\/svg><\/span><\/span><\/span><\/a><\/span><\/div>\n<nav><ul class='ez-toc-list ez-toc-list-level-1 eztoc-toggle-hide-by-default' ><li class='ez-toc-page-1 ez-toc-heading-level-2'><a class=\"ez-toc-link ez-toc-heading-1\" href=\"https:\/\/coinkickoff.com\/cs\/how-to-buy-polkadot\/how-to-buy-polkadot-on-coinbase\/#How_to_Buy_Polkadot_on_Coinbase\" >Jak koupit Polkadot na Coinbase<\/a><\/li><li class='ez-toc-page-1 ez-toc-heading-level-2'><a class=\"ez-toc-link ez-toc-heading-2\" href=\"https:\/\/coinkickoff.com\/cs\/how-to-buy-polkadot\/how-to-buy-polkadot-on-coinbase\/#A_Step-By-Step_Guide_on_How_to_Buy_Polkadot_on_Coinbase\" >Pr\u016fvodce krok za krokem, jak koupit Polkadot na Coinbase<\/a><ul class='ez-toc-list-level-3' ><li class='ez-toc-heading-level-3'><a class=\"ez-toc-link ez-toc-heading-3\" href=\"https:\/\/coinkickoff.com\/cs\/how-to-buy-polkadot\/how-to-buy-polkadot-on-coinbase\/#1_Register_an_Account\" >1. Registrace \u00fa\u010dtu<\/a><\/li><li class='ez-toc-page-1 ez-toc-heading-level-3'><a class=\"ez-toc-link ez-toc-heading-4\" href=\"https:\/\/coinkickoff.com\/cs\/how-to-buy-polkadot\/how-to-buy-polkadot-on-coinbase\/#2_Verify_Your_Account\" >2. Ov\u011b\u0159te sv\u016fj \u00fa\u010det<\/a><\/li><li class='ez-toc-page-1 ez-toc-heading-level-3'><a class=\"ez-toc-link ez-toc-heading-5\" href=\"https:\/\/coinkickoff.com\/cs\/how-to-buy-polkadot\/how-to-buy-polkadot-on-coinbase\/#3_Add_a_Payment_Method\" >3. P\u0159id\u00e1n\u00ed zp\u016fsobu platby<\/a><\/li><li class='ez-toc-page-1 ez-toc-heading-level-3'><a class=\"ez-toc-link ez-toc-heading-6\" href=\"https:\/\/coinkickoff.com\/cs\/how-to-buy-polkadot\/how-to-buy-polkadot-on-coinbase\/#4_Navigate_to_the_Relevant_Screen_to_Buy\" >4. P\u0159ejd\u011bte na p\u0159\u00edslu\u0161nou obrazovku a nakupte<\/a><\/li><\/ul><\/li><\/ul><\/nav><\/div>\n<h2><span class=\"ez-toc-section\" id=\"How_to_Buy_Polkadot_on_Coinbase\"><\/span><span style=\"font-weight: 400;\">Jak koupit Polkadot na Coinbase<\/span><span class=\"ez-toc-section-end\"><\/span><\/h2>\n<p><span style=\"font-weight: 400;\">Pod\u00edvejme se, jak nakupovat <a href=\"https:\/\/coinkickoff.com\/cs\/polkadot-dot\/\" data-internallinksmanager029f6b8e52c=\"12\" title=\"Co je Polkadot (DOT)? Jak funguje a kde ho koupit?\">Polkadot<\/a> na adrese <\/span><a href=\"https:\/\/coinkickoff.com\/cs\/coinbase-review\/\"><span style=\"font-weight: 400;\">Coinbase<\/span><\/a><span style=\"font-weight: 400;\"> s fiat m\u011bnami.<\/span><\/p>\n<h2><span class=\"ez-toc-section\" id=\"A_Step-By-Step_Guide_on_How_to_Buy_Polkadot_on_Coinbase\"><\/span><span style=\"font-weight: 400;\">Pr\u016fvodce krok za krokem, jak koupit Polkadot na Coinbase<\/span><span class=\"ez-toc-section-end\"><\/span><\/h2>\n<h3><span class=\"ez-toc-section\" id=\"1_Register_an_Account\"><\/span><span style=\"font-weight: 400;\">1. Registrace \u00fa\u010dtu<\/span><span class=\"ez-toc-section-end\"><\/span><\/h3>\n<p><img loading=\"lazy\" decoding=\"async\" class=\"alignnone wp-image-3527 size-large\" src=\"https:\/\/coinkickoff.com\/wp-content\/uploads\/Screen-Shot-2023-03-30-at-7.13.25-AM-e1686183370122-1024x538.png\" alt=\"\" width=\"1024\" height=\"538\" srcset=\"https:\/\/coinkickoff.com\/wp-content\/uploads\/Screen-Shot-2023-03-30-at-7.13.25-AM-e1686183370122-1024x538.png 1024w, https:\/\/coinkickoff.com\/wp-content\/uploads\/Screen-Shot-2023-03-30-at-7.13.25-AM-e1686183370122-300x158.png 300w, https:\/\/coinkickoff.com\/wp-content\/uploads\/Screen-Shot-2023-03-30-at-7.13.25-AM-e1686183370122-768x404.png 768w, https:\/\/coinkickoff.com\/wp-content\/uploads\/Screen-Shot-2023-03-30-at-7.13.25-AM-e1686183370122-18x9.png 18w, https:\/\/coinkickoff.com\/wp-content\/uploads\/Screen-Shot-2023-03-30-at-7.13.25-AM-e1686183370122.png 1277w\" sizes=\"auto, (max-width: 1024px) 100vw, 1024px\" \/><\/p>\n<p><span style=\"font-weight: 400;\">N\u00e1sledujte n\u00e1\u0161 odkaz na <\/span><a href=\"https:\/\/coinbase-consumer.sjv.io\/ORPoaG\" target=\"_blank\" rel=\"noopener\"><span style=\"font-weight: 400;\">Coinbase<\/span><\/a><span style=\"font-weight: 400;\"> a zaregistrujte si \u00fa\u010det. <\/span><span style=\"font-weight: 400;\">Pro registraci zadejte sv\u00e9 jm\u00e9no, p\u0159\u00edjmen\u00ed a e-mailovou adresu.\u00a0<\/span><\/p>\n<h3><span class=\"ez-toc-section\" id=\"2_Verify_Your_Account\"><\/span><span style=\"font-weight: 400;\">2. Ov\u011b\u0159te sv\u016fj \u00fa\u010det<\/span><span class=\"ez-toc-section-end\"><\/span><\/h3>\n<p><span style=\"font-weight: 400;\">Nem\u016f\u017eete nakupovat ani obchodovat na <a href=\"https:\/\/coinkickoff.com\/cs\/coinbase-review\/\" data-internallinksmanager029f6b8e52c=\"142\" title=\"Coinbase Recenze 2024: Funkce, poplatky, bezpe\u010dnost, klady a z\u00e1pory\">Coinbase<\/a> bez ov\u011b\u0159en\u00ed. Po p\u0159ihl\u00e1\u0161en\u00ed klikn\u011bte na tla\u010d\u00edtko \"Ov\u011b\u0159it ID\".<\/span><\/p>\n<p><img loading=\"lazy\" decoding=\"async\" class=\"alignnone wp-image-3526 size-large\" src=\"https:\/\/coinkickoff.com\/wp-content\/uploads\/Screen-Shot-2023-03-30-at-6.16.20-AM-e1683779340546-1024x470.png\" alt=\"\" width=\"1024\" height=\"470\" srcset=\"https:\/\/coinkickoff.com\/wp-content\/uploads\/Screen-Shot-2023-03-30-at-6.16.20-AM-e1683779340546-1024x470.png 1024w, https:\/\/coinkickoff.com\/wp-content\/uploads\/Screen-Shot-2023-03-30-at-6.16.20-AM-e1683779340546-300x138.png 300w, https:\/\/coinkickoff.com\/wp-content\/uploads\/Screen-Shot-2023-03-30-at-6.16.20-AM-e1683779340546-768x352.png 768w, https:\/\/coinkickoff.com\/wp-content\/uploads\/Screen-Shot-2023-03-30-at-6.16.20-AM-e1683779340546-18x8.png 18w, https:\/\/coinkickoff.com\/wp-content\/uploads\/Screen-Shot-2023-03-30-at-6.16.20-AM-e1683779340546.png 1389w\" sizes=\"auto, (max-width: 1024px) 100vw, 1024px\" \/><\/p>\n<p><span style=\"font-weight: 400;\">Vypl\u0148te formul\u00e1\u0159 pro ov\u011b\u0159en\u00ed toto\u017enosti a klikn\u011bte na tla\u010d\u00edtko pokra\u010dovat. Aby bylo ov\u011b\u0159en\u00ed \u00fasp\u011b\u0161n\u00e9, m\u011bly by va\u0161e osobn\u00ed \u00fadaje odpov\u00eddat va\u0161emu pr\u016fkazu toto\u017enosti.<\/span><\/p>\n<p><img loading=\"lazy\" decoding=\"async\" class=\"alignnone wp-image-3525 size-full\" src=\"https:\/\/coinkickoff.com\/wp-content\/uploads\/Screen-Shot-2023-03-30-at-6.15.03-AM-e1683779367919.png\" alt=\"\" width=\"1436\" height=\"806\" srcset=\"https:\/\/coinkickoff.com\/wp-content\/uploads\/Screen-Shot-2023-03-30-at-6.15.03-AM-e1683779367919.png 1436w, https:\/\/coinkickoff.com\/wp-content\/uploads\/Screen-Shot-2023-03-30-at-6.15.03-AM-e1683779367919-300x168.png 300w, https:\/\/coinkickoff.com\/wp-content\/uploads\/Screen-Shot-2023-03-30-at-6.15.03-AM-e1683779367919-1024x575.png 1024w, https:\/\/coinkickoff.com\/wp-content\/uploads\/Screen-Shot-2023-03-30-at-6.15.03-AM-e1683779367919-768x431.png 768w, https:\/\/coinkickoff.com\/wp-content\/uploads\/Screen-Shot-2023-03-30-at-6.15.03-AM-e1683779367919-18x10.png 18w, https:\/\/coinkickoff.com\/wp-content\/uploads\/Screen-Shot-2023-03-30-at-6.15.03-AM-e1683779367919-600x338.png 600w\" sizes=\"auto, (max-width: 1436px) 100vw, 1436px\" \/><\/p>\n<p><span style=\"font-weight: 400;\">Nakonec p\u0159edlo\u017ete ofici\u00e1ln\u00ed pr\u016fkaz toto\u017enosti, nap\u0159\u00edklad \u0159idi\u010dsk\u00fd pr\u016fkaz nebo cestovn\u00ed pas. Po ov\u011b\u0159en\u00ed m\u016f\u017eete na sv\u016fj \u00fa\u010det p\u0159idat platebn\u00ed metody nebo vlo\u017eit kryptom\u011bny.<\/span><\/p>\n<h3><span class=\"ez-toc-section\" id=\"3_Add_a_Payment_Method\"><\/span><span style=\"font-weight: 400;\">3. P\u0159id\u00e1n\u00ed zp\u016fsobu platby<\/span><span class=\"ez-toc-section-end\"><\/span><\/h3>\n<p><span style=\"font-weight: 400;\">Kliknut\u00edm na logo sv\u00e9ho profilu p\u0159ejdete na str\u00e1nku \"Nastaven\u00ed\". <\/span><\/p>\n<p><img loading=\"lazy\" decoding=\"async\" class=\"alignnone wp-image-3521 size-full\" src=\"https:\/\/coinkickoff.com\/wp-content\/uploads\/Screen-Shot-2023-03-29-at-10.44.01-PM-e1683779393247.png\" alt=\"\" width=\"1396\" height=\"673\" srcset=\"https:\/\/coinkickoff.com\/wp-content\/uploads\/Screen-Shot-2023-03-29-at-10.44.01-PM-e1683779393247.png 1396w, https:\/\/coinkickoff.com\/wp-content\/uploads\/Screen-Shot-2023-03-29-at-10.44.01-PM-e1683779393247-300x145.png 300w, https:\/\/coinkickoff.com\/wp-content\/uploads\/Screen-Shot-2023-03-29-at-10.44.01-PM-e1683779393247-1024x494.png 1024w, https:\/\/coinkickoff.com\/wp-content\/uploads\/Screen-Shot-2023-03-29-at-10.44.01-PM-e1683779393247-768x370.png 768w, https:\/\/coinkickoff.com\/wp-content\/uploads\/Screen-Shot-2023-03-29-at-10.44.01-PM-e1683779393247-18x9.png 18w\" sizes=\"auto, (max-width: 1396px) 100vw, 1396px\" \/><\/p>\n<p><span style=\"font-weight: 400;\">Vyberte mo\u017enost \"Zp\u016fsoby platby\".<\/span><\/p>\n<p><img loading=\"lazy\" decoding=\"async\" class=\"alignnone wp-image-3522 size-full\" src=\"https:\/\/coinkickoff.com\/wp-content\/uploads\/Screen-Shot-2023-03-29-at-10.44.08-PM-e1683779417928.png\" alt=\"\" width=\"1414\" height=\"719\" srcset=\"https:\/\/coinkickoff.com\/wp-content\/uploads\/Screen-Shot-2023-03-29-at-10.44.08-PM-e1683779417928.png 1414w, https:\/\/coinkickoff.com\/wp-content\/uploads\/Screen-Shot-2023-03-29-at-10.44.08-PM-e1683779417928-300x153.png 300w, https:\/\/coinkickoff.com\/wp-content\/uploads\/Screen-Shot-2023-03-29-at-10.44.08-PM-e1683779417928-1024x521.png 1024w, https:\/\/coinkickoff.com\/wp-content\/uploads\/Screen-Shot-2023-03-29-at-10.44.08-PM-e1683779417928-768x391.png 768w, https:\/\/coinkickoff.com\/wp-content\/uploads\/Screen-Shot-2023-03-29-at-10.44.08-PM-e1683779417928-18x9.png 18w\" sizes=\"auto, (max-width: 1414px) 100vw, 1414px\" \/><\/p>\n<p><span style=\"font-weight: 400;\">Klikn\u011bte na tla\u010d\u00edtko \"P\u0159idat platebn\u00ed metodu\".<\/span><\/p>\n<p><img loading=\"lazy\" decoding=\"async\" class=\"alignnone wp-image-3523 size-full\" src=\"https:\/\/coinkickoff.com\/wp-content\/uploads\/Screen-Shot-2023-03-29-at-10.44.22-PM-e1683779442560.png\" alt=\"\" width=\"1403\" height=\"737\" srcset=\"https:\/\/coinkickoff.com\/wp-content\/uploads\/Screen-Shot-2023-03-29-at-10.44.22-PM-e1683779442560.png 1403w, https:\/\/coinkickoff.com\/wp-content\/uploads\/Screen-Shot-2023-03-29-at-10.44.22-PM-e1683779442560-300x158.png 300w, https:\/\/coinkickoff.com\/wp-content\/uploads\/Screen-Shot-2023-03-29-at-10.44.22-PM-e1683779442560-1024x538.png 1024w, https:\/\/coinkickoff.com\/wp-content\/uploads\/Screen-Shot-2023-03-29-at-10.44.22-PM-e1683779442560-768x403.png 768w, https:\/\/coinkickoff.com\/wp-content\/uploads\/Screen-Shot-2023-03-29-at-10.44.22-PM-e1683779442560-18x9.png 18w\" sizes=\"auto, (max-width: 1403px) 100vw, 1403px\" \/><\/p>\n<p><span style=\"font-weight: 400;\">Vyberte mo\u017enost \"Kreditn\u00ed a debetn\u00ed karta\". M\u016f\u017eete tak\u00e9 p\u0159idat online bankovn\u00ed \u00fa\u010det pro bankovn\u00ed vklady.<\/span><\/p>\n<p><span style=\"font-weight: 400;\">Bankovn\u00ed vklady jsou sice levn\u011bj\u0161\u00ed ne\u017e n\u00e1kupy kreditn\u00ed kartou, ale jejich vy\u0159\u00edzen\u00ed m\u016f\u017ee trvat n\u011bkolik dn\u00ed. Pokud jste spokojeni s \u010dek\u00e1n\u00edm, klikn\u011bte na \"Bankovn\u00ed vklad\" a postupujte podle pokyn\u016f na obrazovce.\u00a0<\/span><\/p>\n<p><span style=\"font-weight: 400;\">Pro okam\u017eit\u00e9 n\u00e1kupy klikn\u011bte na \"P\u0159idat kartu\" a zadejte \u00fadaje o sv\u00e9 kart\u011b.<\/span><\/p>\n<p><img loading=\"lazy\" decoding=\"async\" class=\"alignnone wp-image-3524 size-full\" src=\"https:\/\/coinkickoff.com\/wp-content\/uploads\/Screen-Shot-2023-03-29-at-10.44.29-PM-e1683779464552.png\" alt=\"\" width=\"1407\" height=\"730\" srcset=\"https:\/\/coinkickoff.com\/wp-content\/uploads\/Screen-Shot-2023-03-29-at-10.44.29-PM-e1683779464552.png 1407w, https:\/\/coinkickoff.com\/wp-content\/uploads\/Screen-Shot-2023-03-29-at-10.44.29-PM-e1683779464552-300x156.png 300w, https:\/\/coinkickoff.com\/wp-content\/uploads\/Screen-Shot-2023-03-29-at-10.44.29-PM-e1683779464552-1024x531.png 1024w, https:\/\/coinkickoff.com\/wp-content\/uploads\/Screen-Shot-2023-03-29-at-10.44.29-PM-e1683779464552-768x398.png 768w, https:\/\/coinkickoff.com\/wp-content\/uploads\/Screen-Shot-2023-03-29-at-10.44.29-PM-e1683779464552-18x9.png 18w\" sizes=\"auto, (max-width: 1407px) 100vw, 1407px\" \/><\/p>\n<p><span style=\"font-weight: 400;\">Jakmile si kartu p\u0159id\u00e1te, m\u016f\u017eete ji pou\u017e\u00edt k n\u00e1kupu kryptom\u011bn na Coinbase pomoc\u00ed funkce \"Instant Buy\".<\/span><\/p>\n<h3><span class=\"ez-toc-section\" id=\"4_Navigate_to_the_Relevant_Screen_to_Buy\"><\/span><span style=\"font-weight: 400;\">4. P\u0159ejd\u011bte na p\u0159\u00edslu\u0161nou obrazovku a nakupte<\/span><span class=\"ez-toc-section-end\"><\/span><\/h3>\n<p><span style=\"font-weight: 400;\">Na domovsk\u00e9 str\u00e1nce klikn\u011bte na mo\u017enost \"Koupit a prodat\". <\/span><\/p>\n<p><img loading=\"lazy\" decoding=\"async\" class=\"alignnone wp-image-3811 size-full\" src=\"https:\/\/coinkickoff.com\/wp-content\/uploads\/Screen-Shot-2023-06-08-at-3.20.32-AM-1-e1686183860887.png\" alt=\"jak koupit cardano na coinbase jak koupit polkadot na coinbase\" width=\"1440\" height=\"900\" \/><\/p>\n<p><span style=\"font-weight: 400;\">Ve formul\u00e1\u0159i okam\u017eit\u00e9 objedn\u00e1vky vyberte Polkadot (DOT) a zp\u016fsob platby. V horn\u00ed \u010d\u00e1sti zadejte \u010d\u00e1stku, kterou chcete investovat.<\/span><\/p>\n<p><span style=\"font-weight: 400;\">Po kliknut\u00ed na tla\u010d\u00edtko \"Preview Buy\" se na Coinbase zobraz\u00ed podrobnosti o n\u00e1kupu v\u010detn\u011b toho, kolik Polkadot obdr\u017e\u00edte. <\/span><\/p>\n<p><img loading=\"lazy\" decoding=\"async\" class=\"alignnone wp-image-3519 size-full\" src=\"https:\/\/coinkickoff.com\/wp-content\/uploads\/Screen-Shot-2023-03-29-at-10.39.23-PM-e1683779487708.png\" alt=\"Jak koupit Polygon na Coinbase\" width=\"1439\" height=\"763\" srcset=\"https:\/\/coinkickoff.com\/wp-content\/uploads\/Screen-Shot-2023-03-29-at-10.39.23-PM-e1683779487708.png 1439w, https:\/\/coinkickoff.com\/wp-content\/uploads\/Screen-Shot-2023-03-29-at-10.39.23-PM-e1683779487708-300x159.png 300w, https:\/\/coinkickoff.com\/wp-content\/uploads\/Screen-Shot-2023-03-29-at-10.39.23-PM-e1683779487708-1024x543.png 1024w, https:\/\/coinkickoff.com\/wp-content\/uploads\/Screen-Shot-2023-03-29-at-10.39.23-PM-e1683779487708-768x407.png 768w, https:\/\/coinkickoff.com\/wp-content\/uploads\/Screen-Shot-2023-03-29-at-10.39.23-PM-e1683779487708-18x10.png 18w\" sizes=\"auto, (max-width: 1439px) 100vw, 1439px\" \/><\/p>\n<p><span style=\"font-weight: 400;\">Kliknut\u00edm na tla\u010d\u00edtko \"Koupit nyn\u00ed\" transakci dokon\u010d\u00edte. V\u00e1\u0161 Polkadot se objev\u00ed ve va\u0161\u00ed pen\u011b\u017eence.<\/span><\/p>\n<p><span style=\"font-weight: 400;\">A to je Jak koupit Polkadot na Coinbase! Mo\u017en\u00e1 se v\u00e1m tak\u00e9 bude l\u00edbit na\u0161e <a href=\"https:\/\/coinkickoff.com\/cs\/crypto-exchanges\/\">v\u00fdm\u011bnn\u00e9 recenze<\/a> a n\u00e1vody, jak nakupovat jin\u00e9 m\u011bny, nap\u0159. <a href=\"https:\/\/coinkickoff.com\/cs\/how-to-buy-polygon\/\">MATIC<\/a>, <a href=\"https:\/\/coinkickoff.com\/cs\/how-to-buy-ethereum\/\">ETH<\/a>a <a href=\"https:\/\/coinkickoff.com\/cs\/how-to-buy-bitcoin\/\">BTC<\/a>.<\/span><\/p>","protected":false},"excerpt":{"rendered":"<p>Jak koupit Polkadot na Coinbase Pod\u00edvejme se, jak koupit Polkadot na Coinbase s fiat m\u011bnami. Pr\u016fvodce krok za krokem, jak koupit Polkadot na Coinbase 1. Zaregistrujte si \u00fa\u010det Postupujte podle na\u0161eho odkazu na Coinbase a zaregistrujte si \u00fa\u010det. Pro registraci zadejte sv\u00e9 jm\u00e9no, p\u0159\u00edjmen\u00ed a e-mailovou adresu.  2. [...]<\/p>","protected":false},"author":3,"featured_media":0,"parent":4215,"menu_order":0,"comment_status":"closed","ping_status":"closed","template":"","meta":{"_genesis_hide_title":false,"_genesis_hide_breadcrumbs":false,"_genesis_hide_singular_image":false,"_genesis_hide_footer_widgets":false,"_genesis_custom_body_class":"","_genesis_custom_post_class":"","_genesis_layout":"","_glsr_average":0,"_glsr_ranking":0,"_glsr_reviews":0,"footnotes":""},"class_list":{"0":"post-4232","1":"page","2":"type-page","3":"status-publish","5":"entry"},"featured_image_src":null,"featured_image_src_square":null,"_links":{"self":[{"href":"https:\/\/coinkickoff.com\/cs\/wp-json\/wp\/v2\/pages\/4232","targetHints":{"allow":["GET"]}}],"collection":[{"href":"https:\/\/coinkickoff.com\/cs\/wp-json\/wp\/v2\/pages"}],"about":[{"href":"https:\/\/coinkickoff.com\/cs\/wp-json\/wp\/v2\/types\/page"}],"author":[{"embeddable":true,"href":"https:\/\/coinkickoff.com\/cs\/wp-json\/wp\/v2\/users\/3"}],"replies":[{"embeddable":true,"href":"https:\/\/coinkickoff.com\/cs\/wp-json\/wp\/v2\/comments?post=4232"}],"version-history":[{"count":2,"href":"https:\/\/coinkickoff.com\/cs\/wp-json\/wp\/v2\/pages\/4232\/revisions"}],"predecessor-version":[{"id":4234,"href":"https:\/\/coinkickoff.com\/cs\/wp-json\/wp\/v2\/pages\/4232\/revisions\/4234"}],"up":[{"embeddable":true,"href":"https:\/\/coinkickoff.com\/cs\/wp-json\/wp\/v2\/pages\/4215"}],"wp:attachment":[{"href":"https:\/\/coinkickoff.com\/cs\/wp-json\/wp\/v2\/media?parent=4232"}],"curies":[{"name":"wp","href":"https:\/\/api.w.org\/{rel}","templated":true}]}}