{"id":4172,"date":"2026-01-08T14:07:22","date_gmt":"2026-01-08T14:07:22","guid":{"rendered":"https:\/\/coinkickoff.com\/?page_id=4172"},"modified":"2026-01-08T14:07:22","modified_gmt":"2026-01-08T14:07:22","slug":"__trashed","status":"publish","type":"page","link":"https:\/\/coinkickoff.com\/cs\/how-to-buy-ethereum\/__trashed\/","title":{"rendered":"Jak koupit Ethereum na Bitfinexu"},"content":{"rendered":"<div id=\"ez-toc-container\" class=\"ez-toc-v2_0_80 counter-hierarchy ez-toc-counter ez-toc-transparent ez-toc-container-direction\">\n<div class=\"ez-toc-title-container\">\n<p class=\"ez-toc-title\" style=\"cursor:inherit\">Sekce<\/p>\n<span class=\"ez-toc-title-toggle\"><a href=\"#\" class=\"ez-toc-pull-right ez-toc-btn ez-toc-btn-xs ez-toc-btn-default ez-toc-toggle\" aria-label=\"P\u0159epnut\u00ed tabulky obsahu\"><span class=\"ez-toc-js-icon-con\"><span class=\"\"><span class=\"eztoc-hide\" style=\"display:none;\">P\u0159ep\u00edna\u010d<\/span><span class=\"ez-toc-icon-toggle-span\"><svg style=\"fill: #999;color:#999\" xmlns=\"http:\/\/www.w3.org\/2000\/svg\" class=\"list-377408\" width=\"20px\" height=\"20px\" viewbox=\"0 0 24 24\" fill=\"none\"><path d=\"M6 6H4v2h2V6zm14 0H8v2h12V6zM4 11h2v2H4v-2zm16 0H8v2h12v-2zM4 16h2v2H4v-2zm16 0H8v2h12v-2z\" fill=\"currentColor\"><\/path><\/svg><svg style=\"fill: #999;color:#999\" class=\"arrow-unsorted-368013\" xmlns=\"http:\/\/www.w3.org\/2000\/svg\" width=\"10px\" height=\"10px\" viewbox=\"0 0 24 24\" version=\"1.2\" baseprofile=\"tiny\"><path d=\"M18.2 9.3l-6.2-6.3-6.2 6.3c-.2.2-.3.4-.3.7s.1.5.3.7c.2.2.4.3.7.3h11c.3 0 .5-.1.7-.3.2-.2.3-.5.3-.7s-.1-.5-.3-.7zM5.8 14.7l6.2 6.3 6.2-6.3c.2-.2.3-.5.3-.7s-.1-.5-.3-.7c-.2-.2-.4-.3-.7-.3h-11c-.3 0-.5.1-.7.3-.2.2-.3.5-.3.7s.1.5.3.7z\"\/><\/svg><\/span><\/span><\/span><\/a><\/span><\/div>\n<nav><ul class='ez-toc-list ez-toc-list-level-1 eztoc-toggle-hide-by-default' ><li class='ez-toc-page-1 ez-toc-heading-level-1'><a class=\"ez-toc-link ez-toc-heading-1\" href=\"https:\/\/coinkickoff.com\/cs\/how-to-buy-ethereum\/__trashed\/#How_to_Buy_Ethereum_on_Bitfinex\" >Jak koupit Ethereum na Bitfinexu<\/a><ul class='ez-toc-list-level-2' ><li class='ez-toc-heading-level-2'><a class=\"ez-toc-link ez-toc-heading-2\" href=\"https:\/\/coinkickoff.com\/cs\/how-to-buy-ethereum\/__trashed\/#A_Step-By-Step_Guide_on_How_to_Buy_Ethereum_on_Bitfinex\" >N\u00e1vod krok za krokem, jak koupit Ethereum na Bitfinexu<\/a><ul class='ez-toc-list-level-3' ><li class='ez-toc-heading-level-3'><a class=\"ez-toc-link ez-toc-heading-3\" href=\"https:\/\/coinkickoff.com\/cs\/how-to-buy-ethereum\/__trashed\/#1_Register_an_Account_on_Bitfinex\" >1. Registrace \u00fa\u010dtu na Bitfinexu<\/a><\/li><li class='ez-toc-page-1 ez-toc-heading-level-3'><a class=\"ez-toc-link ez-toc-heading-4\" href=\"https:\/\/coinkickoff.com\/cs\/how-to-buy-ethereum\/__trashed\/#2_Get_Verified_on_Bitfinex\" >2. Z\u00edskejte ov\u011b\u0159en\u00ed na Bitfinexu<\/a><\/li><li class='ez-toc-page-1 ez-toc-heading-level-3'><a class=\"ez-toc-link ez-toc-heading-5\" href=\"https:\/\/coinkickoff.com\/cs\/how-to-buy-ethereum\/__trashed\/#3_Deposit_FundsCrypto\" >3. Vkladov\u00e9 fondy \/ krypto<\/a><\/li><li class='ez-toc-page-1 ez-toc-heading-level-3'><a class=\"ez-toc-link ez-toc-heading-6\" href=\"https:\/\/coinkickoff.com\/cs\/how-to-buy-ethereum\/__trashed\/#4_Navigate_to_the_Relevant_Screen_to_Buy\" >4. P\u0159ejd\u011bte na p\u0159\u00edslu\u0161nou obrazovku a nakupte<\/a><\/li><\/ul><\/li><\/ul><\/li><\/ul><\/nav><\/div>\n<h1><span class=\"ez-toc-section\" id=\"How_to_Buy_Ethereum_on_Bitfinex\"><\/span><span style=\"font-weight: 400;\">Jak koupit Ethereum na Bitfinexu<\/span><span class=\"ez-toc-section-end\"><\/span><\/h1>\n<p><span style=\"font-weight: 400;\">Chcete si koupit <a href=\"https:\/\/coinkickoff.com\/cs\/ethereum-eth\/\" data-internallinksmanager029f6b8e52c=\"2\" title=\"Co je Ethereum (ETH)? Cena, historie a kde koupit\">Ethereum<\/a> na adrese <a href=\"https:\/\/coinkickoff.com\/cs\/bitfinex-review\/\">Bitfinex<\/a>? M\u00e1me pro v\u00e1s spr\u00e1vn\u00e9ho pr\u016fvodce s pokyny krok za krokem. Zde je n\u00e1vod, jak koupit Ethereum na <a href=\"https:\/\/coinkickoff.com\/cs\/bitfinex-review\/\" data-internallinksmanager029f6b8e52c=\"151\" title=\"Bitfinex Recenze 2023: Pro a proti: poplatky, funkce, bezpe\u010dnost\">Bitfinex<\/a>.<\/span><\/p>\n<h2><span class=\"ez-toc-section\" id=\"A_Step-By-Step_Guide_on_How_to_Buy_Ethereum_on_Bitfinex\"><\/span><span style=\"font-weight: 400;\">N\u00e1vod krok za krokem, jak koupit Ethereum na Bitfinexu<\/span><span class=\"ez-toc-section-end\"><\/span><\/h2>\n<h3><span class=\"ez-toc-section\" id=\"1_Register_an_Account_on_Bitfinex\"><\/span><span style=\"font-weight: 400;\">1. Registrace \u00fa\u010dtu na Bitfinexu<\/span><span class=\"ez-toc-section-end\"><\/span><\/h3>\n<p><span style=\"font-weight: 400;\">Pro za\u010d\u00e1tek budete pot\u0159ebovat <\/span><a href=\"https:\/\/www.bitfinex.com\/sign-up?refcode=kjCYk-CZD\" target=\"_blank\" rel=\"noopener\"><span style=\"font-weight: 400;\">\u00da\u010det Bitfinex.<\/span><\/a><\/p>\n<p><img loading=\"lazy\" decoding=\"async\" class=\"alignnone wp-image-3138 size-full\" src=\"https:\/\/coinkickoff.com\/wp-content\/uploads\/bitfinex-exchange.jpg\" alt=\"Bitfinex Exchange Jak koupit Ethereum na Bitfinexu\" width=\"1876\" height=\"916\" srcset=\"https:\/\/coinkickoff.com\/wp-content\/uploads\/bitfinex-exchange.jpg 1876w, https:\/\/coinkickoff.com\/wp-content\/uploads\/bitfinex-exchange-300x146.jpg 300w, https:\/\/coinkickoff.com\/wp-content\/uploads\/bitfinex-exchange-1024x500.jpg 1024w, https:\/\/coinkickoff.com\/wp-content\/uploads\/bitfinex-exchange-768x375.jpg 768w, https:\/\/coinkickoff.com\/wp-content\/uploads\/bitfinex-exchange-1536x750.jpg 1536w, https:\/\/coinkickoff.com\/wp-content\/uploads\/bitfinex-exchange-18x9.jpg 18w\" sizes=\"auto, (max-width: 1876px) 100vw, 1876px\" \/><\/p>\n<p><span style=\"font-weight: 400;\">Po registraci povolte dvoufaktorov\u00e9 ov\u011b\u0159ov\u00e1n\u00ed, abyste zabezpe\u010dili sv\u016fj \u00fa\u010det.<\/span><\/p>\n<p><span style=\"font-weight: 400;\">Funkci 2FA m\u016f\u017eete po prvn\u00edm p\u0159ihl\u00e1\u0161en\u00ed vypnout, doporu\u010dujeme ji v\u0161ak ponechat zapnutou, abyste sv\u016fj \u00fa\u010det ochr\u00e1nili p\u0159ed hackery.<\/span><\/p>\n<p><span style=\"font-weight: 400;\">Zapnout dvoufaktorov\u00e9 ov\u011b\u0159ov\u00e1n\u00ed je pom\u011brn\u011b jednoduch\u00e9: Zvolte jednu z nab\u00edzen\u00fdch metod a stiskn\u011bte tla\u010d\u00edtko \u201cNastavit\u201d.\u201d<\/span><\/p>\n<p><span style=\"font-weight: 400;\">K jej\u00edmu zprovozn\u011bn\u00ed samoz\u0159ejm\u011b pot\u0159ebujete aplikaci Google Authenticator. Postupujte podle pokyn\u016f na obrazovce. Po dokon\u010den\u00ed v\u00e1m spole\u010dnost Bitfinex za\u0161le e-mail s potvrzen\u00edm, \u017ee jste aktivovali 2FA.<\/span><\/p>\n<h3><span class=\"ez-toc-section\" id=\"2_Get_Verified_on_Bitfinex\"><\/span><span style=\"font-weight: 400;\">2. Z\u00edskejte ov\u011b\u0159en\u00ed na Bitfinexu<\/span><span class=\"ez-toc-section-end\"><\/span><\/h3>\n<p><span style=\"font-weight: 400;\">Dal\u0161\u00edm krokem je ov\u011b\u0159en\u00ed va\u0161eho ID na platform\u011b. Stejn\u011b jako v\u011bt\u0161ina burz m\u00e1 i Bitfinex standardn\u00ed proces ov\u011b\u0159en\u00ed toto\u017enosti. Chcete-li za\u010d\u00edt, p\u0159ejd\u011bte do sv\u00e9ho profilu p\u0159es logo profilu na ovl\u00e1dac\u00edm panelu a vyberte mo\u017enost \u201cOv\u011b\u0159en\u00ed\u201d.\u201d<\/span><\/p>\n<p><span style=\"font-weight: 400;\">Chcete-li si na burze koupit digit\u00e1ln\u00ed aktiva jako Ethereum za fiat pen\u00edze, mus\u00edte dokon\u010dit ov\u011b\u0159en\u00ed alespo\u0148 na st\u0159edn\u00ed \u00farovni. Samoz\u0159ejm\u011b, pokud chcete pouze obchodovat s p\u00e1ry kryptom\u011bn, nap\u0159. obchodov\u00e1n\u00ed s <a href=\"https:\/\/coinkickoff.com\/cs\/bitcoin-btc\/\" data-internallinksmanager029f6b8e52c=\"1\" title=\"Co je Bitcoin (BTC)? Cena, historie a kde koupit\">Bitcoin<\/a> pro Ethereum m\u016f\u017eete tento krok p\u0159esko\u010dit.<\/span><\/p>\n<p><span style=\"font-weight: 400;\">Mezit\u00edmn\u00ed ov\u011b\u0159en\u00ed v\u00e1m umo\u017en\u00ed koupit ETH kreditn\u00ed kartou prost\u0159ednictv\u00edm Bitfinex Pay Merchants nebo prov\u00e9st hotovostn\u00ed vklady p\u0159es SEPA. Po dokon\u010den\u00ed \u00fapln\u00e9ho ov\u011b\u0159en\u00ed m\u016f\u017eete prov\u00e1d\u011bt bankovn\u00ed vklady.<\/span><\/p>\n<p><span style=\"font-weight: 400;\">Chcete-li pokra\u010dovat, stiskn\u011bte tla\u010d\u00edtko \u201cZah\u00e1jit ov\u011b\u0159ov\u00e1n\u00ed\u201d.<\/span><\/p>\n<p><span style=\"font-weight: 400;\">Zadejte n\u00e1zev zem\u011b sv\u00e9ho bydli\u0161t\u011b a zobraz\u00ed se doporu\u010den\u00e9 typy ID. Zvolte ID, kter\u00e9 chcete odeslat, a stiskn\u011bte tla\u010d\u00edtko \u201cPokra\u010dovat\u201d.\u201d<\/span><\/p>\n<p><span style=\"font-weight: 400;\">Pro pokra\u010dov\u00e1n\u00ed budete pot\u0159ebovat mobiln\u00ed za\u0159\u00edzen\u00ed: K naskenov\u00e1n\u00ed k\u00f3du a otev\u0159en\u00ed str\u00e1nky pro odesl\u00e1n\u00ed pou\u017eijte fotoapar\u00e1t telefonu. Pot\u00e9 m\u016f\u017eete odeslat pot\u0159ebn\u00e9 fotografie.<\/span><\/p>\n<h3><span class=\"ez-toc-section\" id=\"3_Deposit_FundsCrypto\"><\/span><span style=\"font-weight: 400;\">3. Vkladov\u00e9 fondy \/ krypto<\/span><span class=\"ez-toc-section-end\"><\/span><\/h3>\n<p><span style=\"font-weight: 400;\">Nyn\u00ed je \u010das prov\u00e9st vklad: Pokud m\u00e1te digit\u00e1ln\u00ed aktiva, kter\u00e1 chcete obchodovat za Ethereum na Bitfinexu, mus\u00edte tato aktiva nejprve p\u0159ev\u00e9st na sv\u016fj \u00fa\u010det u Bitfinexu. Zvolte \u201cVklad\u201d a zobraz\u00ed se seznam aktiv, kter\u00e1 m\u016f\u017eete na platformu poslat.<\/span><\/p>\n<p><span style=\"font-weight: 400;\">Jakmile si vyberete sv\u00e9 aktivum, spole\u010dnost Bitfinex vygeneruje adresu pen\u011b\u017eenky pro odesl\u00e1n\u00ed va\u0161\u00ed kryptom\u011bny. Po dokon\u010den\u00ed vkladu se va\u0161e aktiva zobraz\u00ed na kart\u011b \u201cZ\u016fstatky\u201d.<\/span><\/p>\n<h3><span class=\"ez-toc-section\" id=\"4_Navigate_to_the_Relevant_Screen_to_Buy\"><\/span><span style=\"font-weight: 400;\">4. P\u0159ejd\u011bte na p\u0159\u00edslu\u0161nou obrazovku a nakupte<\/span><span class=\"ez-toc-section-end\"><\/span><\/h3>\n<p><span style=\"font-weight: 400;\">Mo\u017en\u00e1 si mysl\u00edte, \u017ee jste nyn\u00ed p\u0159ipraveni na n\u00e1kup digit\u00e1ln\u00edch aktiv, kdy\u017e je v\u00e1\u0161 vklad dokon\u010den, ale je tu je\u0161t\u011b jeden krok: Bitfinex automaticky ode\u0161le v\u00e1\u0161 vklad do va\u0161\u00ed \u201cpen\u011b\u017eenky pro financov\u00e1n\u00ed\u201d, ale my je chceme m\u00edt v na\u0161\u00ed \u201cpen\u011b\u017eence na burze\u201d.\u201d<\/span><\/p>\n<p><span style=\"font-weight: 400;\">Na\u0161t\u011bst\u00ed je to jednoduch\u00e1 operace: Na kart\u011b \u201cZ\u016fstatky\u201d vyberte prost\u0159edky, kter\u00e9 chcete vym\u011bnit, a klikn\u011bte na tla\u010d\u00edtko \u201cP\u0159ev\u00e9st\u201d. Jakmile jsou v pen\u011b\u017eence sm\u011bn\u00e1rny, m\u016f\u017eete je vym\u011bnit za ethery.<\/span><\/p>\n<p><span style=\"font-weight: 400;\">Za\u010dn\u011bte t\u00edm, \u017ee p\u0159ejdete na kartu \u201cObchodov\u00e1n\u00ed\u201d. Nyn\u00ed, pokud jste ulo\u017eili digit\u00e1ln\u00ed aktiva, chcete vyhledat trh Ethereum pro toto aktivum. Pokud m\u00e1te nap\u0159. <a href=\"https:\/\/coinkickoff.com\/cs\/tether-usdt\/\" data-internallinksmanager029f6b8e52c=\"3\" title=\"Co je Tether (USDT)? Jak funguje a kde ho koupit?\">USDT<\/a>, hledejte ETH\/USDT.\u00a0<\/span><\/p>\n<p><span style=\"font-weight: 400;\">Pro fiat m\u011bnu hledejte p\u00e1rov\u00e1n\u00ed ETH\/USD nebo ETH\/EUR. Jakmile najdete po\u017eadovan\u00e9 p\u00e1rov\u00e1n\u00ed, klikn\u011bte na n\u011bj a zobraz\u00ed se v\u00e1m obchodn\u00ed rozhran\u00ed.\u00a0<\/span><\/p>\n<p><span style=\"font-weight: 400;\">Jednodu\u0161e zadejte, kolik Ethereum chcete koupit do sv\u00e9ho majetku. Cenu, kterou jste ochotni zaplatit, m\u016f\u017eete ru\u010dn\u011b upravit. Po vypln\u011bn\u00ed formul\u00e1\u0159e stiskn\u011bte tla\u010d\u00edtko \u201cVym\u011bnit koupit\u201d.\u201d<\/span><\/p>\n<p><span style=\"font-weight: 400;\">A to je zp\u016fsob, jak koupit Ethereum na Bitfinexu. Pokud se rozhodnete koupit Ethereum na jin\u00e9 burze, m\u016f\u017eete se tak\u00e9 pod\u00edvat na na\u0161e r\u016fzn\u00e9 <a href=\"https:\/\/coinkickoff.com\/cs\/crypto-exchanges\/\">recenze exchnage<\/a> a <a href=\"https:\/\/coinkickoff.com\/cs\/how-to-buy-ethereum\/\">pr\u016fvodci<\/a>.<\/span><\/p>","protected":false},"excerpt":{"rendered":"<p>Jak koupit Ethereum na Bitfinexu Chcete si koupit Ethereum na Bitfinexu? M\u00e1me pro v\u00e1s ten spr\u00e1vn\u00fd n\u00e1vod s pokyny krok za krokem. Zde je n\u00e1vod, jak koupit Ethereum na Bitfinexu. N\u00e1vod krok za krokem, jak koupit Ethereum na Bitfinexu 1. Zaregistrujte si \u00fa\u010det na Bitfinexu Na za\u010d\u00e1tek budete pot\u0159ebovat \u00fa\u010det, kter\u00fd [...]<\/p>","protected":false},"author":3,"featured_media":0,"parent":3937,"menu_order":0,"comment_status":"closed","ping_status":"closed","template":"","meta":{"_genesis_hide_title":false,"_genesis_hide_breadcrumbs":false,"_genesis_hide_singular_image":false,"_genesis_hide_footer_widgets":false,"_genesis_custom_body_class":"","_genesis_custom_post_class":"","_genesis_layout":"","_glsr_average":0,"_glsr_ranking":0,"_glsr_reviews":0,"footnotes":""},"class_list":{"0":"post-4172","1":"page","2":"type-page","3":"status-publish","5":"entry"},"featured_image_src":null,"featured_image_src_square":null,"_links":{"self":[{"href":"https:\/\/coinkickoff.com\/cs\/wp-json\/wp\/v2\/pages\/4172","targetHints":{"allow":["GET"]}}],"collection":[{"href":"https:\/\/coinkickoff.com\/cs\/wp-json\/wp\/v2\/pages"}],"about":[{"href":"https:\/\/coinkickoff.com\/cs\/wp-json\/wp\/v2\/types\/page"}],"author":[{"embeddable":true,"href":"https:\/\/coinkickoff.com\/cs\/wp-json\/wp\/v2\/users\/3"}],"replies":[{"embeddable":true,"href":"https:\/\/coinkickoff.com\/cs\/wp-json\/wp\/v2\/comments?post=4172"}],"version-history":[{"count":1,"href":"https:\/\/coinkickoff.com\/cs\/wp-json\/wp\/v2\/pages\/4172\/revisions"}],"predecessor-version":[{"id":4173,"href":"https:\/\/coinkickoff.com\/cs\/wp-json\/wp\/v2\/pages\/4172\/revisions\/4173"}],"up":[{"embeddable":true,"href":"https:\/\/coinkickoff.com\/cs\/wp-json\/wp\/v2\/pages\/3937"}],"wp:attachment":[{"href":"https:\/\/coinkickoff.com\/cs\/wp-json\/wp\/v2\/media?parent=4172"}],"curies":[{"name":"wp","href":"https:\/\/api.w.org\/{rel}","templated":true}]}}