{"id":4045,"date":"2026-01-08T14:07:39","date_gmt":"2026-01-08T14:07:39","guid":{"rendered":"https:\/\/coinkickoff.com\/?page_id=4045"},"modified":"2026-01-08T14:07:39","modified_gmt":"2026-01-08T14:07:39","slug":"how-to-buy-cardano-on-kucoin","status":"publish","type":"page","link":"https:\/\/coinkickoff.com\/cs\/how-to-buy-cardano\/how-to-buy-cardano-on-kucoin\/","title":{"rendered":"Jak koupit Cardano na Kucoin"},"content":{"rendered":"<div id=\"ez-toc-container\" class=\"ez-toc-v2_0_80 counter-hierarchy ez-toc-counter ez-toc-transparent ez-toc-container-direction\">\n<div class=\"ez-toc-title-container\">\n<p class=\"ez-toc-title\" style=\"cursor:inherit\">Sekce<\/p>\n<span class=\"ez-toc-title-toggle\"><a href=\"#\" class=\"ez-toc-pull-right ez-toc-btn ez-toc-btn-xs ez-toc-btn-default ez-toc-toggle\" aria-label=\"P\u0159epnut\u00ed tabulky obsahu\"><span class=\"ez-toc-js-icon-con\"><span class=\"\"><span class=\"eztoc-hide\" style=\"display:none;\">P\u0159ep\u00edna\u010d<\/span><span class=\"ez-toc-icon-toggle-span\"><svg style=\"fill: #999;color:#999\" xmlns=\"http:\/\/www.w3.org\/2000\/svg\" class=\"list-377408\" width=\"20px\" height=\"20px\" viewbox=\"0 0 24 24\" fill=\"none\"><path d=\"M6 6H4v2h2V6zm14 0H8v2h12V6zM4 11h2v2H4v-2zm16 0H8v2h12v-2zM4 16h2v2H4v-2zm16 0H8v2h12v-2z\" fill=\"currentColor\"><\/path><\/svg><svg style=\"fill: #999;color:#999\" class=\"arrow-unsorted-368013\" xmlns=\"http:\/\/www.w3.org\/2000\/svg\" width=\"10px\" height=\"10px\" viewbox=\"0 0 24 24\" version=\"1.2\" baseprofile=\"tiny\"><path d=\"M18.2 9.3l-6.2-6.3-6.2 6.3c-.2.2-.3.4-.3.7s.1.5.3.7c.2.2.4.3.7.3h11c.3 0 .5-.1.7-.3.2-.2.3-.5.3-.7s-.1-.5-.3-.7zM5.8 14.7l6.2 6.3 6.2-6.3c.2-.2.3-.5.3-.7s-.1-.5-.3-.7c-.2-.2-.4-.3-.7-.3h-11c-.3 0-.5.1-.7.3-.2.2-.3.5-.3.7s.1.5.3.7z\"\/><\/svg><\/span><\/span><\/span><\/a><\/span><\/div>\n<nav><ul class='ez-toc-list ez-toc-list-level-1 eztoc-toggle-hide-by-default' ><li class='ez-toc-page-1 ez-toc-heading-level-1'><a class=\"ez-toc-link ez-toc-heading-1\" href=\"https:\/\/coinkickoff.com\/cs\/how-to-buy-cardano\/how-to-buy-cardano-on-kucoin\/#How_to_Buy_Cardano_on_Kucoin\" >Jak koupit Cardano na Kucoin<\/a><ul class='ez-toc-list-level-2' ><li class='ez-toc-heading-level-2'><a class=\"ez-toc-link ez-toc-heading-2\" href=\"https:\/\/coinkickoff.com\/cs\/how-to-buy-cardano\/how-to-buy-cardano-on-kucoin\/#A_Step-By-Step_Guide_on_How_to_Buy_Cardano_on_Kucoin\" >Pr\u016fvodce krok za krokem, jak koupit Cardano na Kucoin<\/a><ul class='ez-toc-list-level-3' ><li class='ez-toc-heading-level-3'><a class=\"ez-toc-link ez-toc-heading-3\" href=\"https:\/\/coinkickoff.com\/cs\/how-to-buy-cardano\/how-to-buy-cardano-on-kucoin\/#1_Register_an_Account\" >1. Registrace \u00fa\u010dtu<\/a><\/li><li class='ez-toc-page-1 ez-toc-heading-level-3'><a class=\"ez-toc-link ez-toc-heading-4\" href=\"https:\/\/coinkickoff.com\/cs\/how-to-buy-cardano\/how-to-buy-cardano-on-kucoin\/#2_Verify_Your_Account\" >2. Ov\u011b\u0159te sv\u016fj \u00fa\u010det<\/a><\/li><li class='ez-toc-page-1 ez-toc-heading-level-3'><a class=\"ez-toc-link ez-toc-heading-5\" href=\"https:\/\/coinkickoff.com\/cs\/how-to-buy-cardano\/how-to-buy-cardano-on-kucoin\/#3_Deposit_Crypto\" >3. Vklad Crypto<\/a><\/li><li class='ez-toc-page-1 ez-toc-heading-level-3'><a class=\"ez-toc-link ez-toc-heading-6\" href=\"https:\/\/coinkickoff.com\/cs\/how-to-buy-cardano\/how-to-buy-cardano-on-kucoin\/#4_Navigate_to_the_Relevant_Screen_to_Buy\" >4. P\u0159ejd\u011bte na p\u0159\u00edslu\u0161nou obrazovku a nakupte<\/a><ul class='ez-toc-list-level-4' ><li class='ez-toc-heading-level-4'><a class=\"ez-toc-link ez-toc-heading-7\" href=\"https:\/\/coinkickoff.com\/cs\/how-to-buy-cardano\/how-to-buy-cardano-on-kucoin\/#Fast_Trade_allows_you_to_buy_ADA_with_credit_and_debit_cards_and_Third-party_buy_supports_payment_channels_such_as_Banxa_and_Simplex\" >Rychl\u00fd obchod v\u00e1m umo\u017e\u0148uje koupit ADA pomoc\u00ed kreditn\u00edch a debetn\u00edch karet a n\u00e1kup t\u0159et\u00ed stranou podporuje platebn\u00ed kan\u00e1ly, jako jsou Banxa a Simplex.\u00a0<\/a><\/li><li class='ez-toc-page-1 ez-toc-heading-level-4'><a class=\"ez-toc-link ez-toc-heading-8\" href=\"https:\/\/coinkickoff.com\/cs\/how-to-buy-cardano\/how-to-buy-cardano-on-kucoin\/#P2P_is_a_peer_network_where_you_can_use_bank_transfers_to_buy_digital_currencies_however_its_not_possible_to_buy_ADA_with_this_option\" >P2P je vz\u00e1jemn\u00e1 s\u00ed\u0165, kde m\u016f\u017eete k n\u00e1kupu digit\u00e1ln\u00edch m\u011bn pou\u017e\u00edvat bankovn\u00ed p\u0159evody, nicm\u00e9n\u011b pomoc\u00ed t\u00e9to mo\u017enosti nen\u00ed mo\u017en\u00e9 koupit ADA.<\/a><\/li><li class='ez-toc-page-1 ez-toc-heading-level-4'><a class=\"ez-toc-link ez-toc-heading-9\" href=\"https:\/\/coinkickoff.com\/cs\/how-to-buy-cardano\/how-to-buy-cardano-on-kucoin\/#Fast_Trade\" >Rychl\u00fd obchod<\/a><\/li><li class='ez-toc-page-1 ez-toc-heading-level-4'><a class=\"ez-toc-link ez-toc-heading-10\" href=\"https:\/\/coinkickoff.com\/cs\/how-to-buy-cardano\/how-to-buy-cardano-on-kucoin\/#Third-Party\" >T\u0159et\u00ed strana<\/a><\/li><\/ul><\/li><\/ul><\/li><\/ul><\/li><\/ul><\/nav><\/div>\n<h1><span class=\"ez-toc-section\" id=\"How_to_Buy_Cardano_on_Kucoin\"><\/span><span style=\"font-weight: 400;\">Jak koupit Cardano na Kucoin<\/span><span class=\"ez-toc-section-end\"><\/span><\/h1>\n<p><span style=\"font-weight: 400;\">Pokud jste nepou\u017eili <a href=\"https:\/\/coinkickoff.com\/cs\/kucoin-review\/\" data-internallinksmanager029f6b8e52c=\"153\" title=\"KuCoin Recenze 2023: poplatky, bezpe\u010dnost, v\u00fdhody a nev\u00fdhody\">Kucoin<\/a> koupit <a href=\"https:\/\/coinkickoff.com\/cs\/cardano-ada\/\" data-internallinksmanager029f6b8e52c=\"9\" title=\"Co je Cardano (ADA)? Jak funguje a kde ho koupit?\">Cardano<\/a> (ADA), mo\u017en\u00e1 nebudete v\u011bd\u011bt, jak postupovat. Nemus\u00edte se v\u0161ak ob\u00e1vat: uk\u00e1\u017eeme v\u00e1m, jak koupit Cardano na. <\/span><a href=\"https:\/\/coinkickoff.com\/cs\/kucoin-review\/\"><span style=\"font-weight: 400;\">Kucoin<\/span><\/a><span style=\"font-weight: 400;\"> s pokyny krok za krokem.<\/span><\/p>\n<h2><span class=\"ez-toc-section\" id=\"A_Step-By-Step_Guide_on_How_to_Buy_Cardano_on_Kucoin\"><\/span><span style=\"font-weight: 400;\">Pr\u016fvodce krok za krokem, jak koupit Cardano na Kucoin<\/span><span class=\"ez-toc-section-end\"><\/span><\/h2>\n<h3><span class=\"ez-toc-section\" id=\"1_Register_an_Account\"><\/span><span style=\"font-weight: 400;\">1. Registrace \u00fa\u010dtu<\/span><span class=\"ez-toc-section-end\"><\/span><\/h3>\n<p><img loading=\"lazy\" decoding=\"async\" class=\"alignnone wp-image-3269 size-full\" src=\"https:\/\/coinkickoff.com\/wp-content\/uploads\/kucoin-register.png\" alt=\"koupit doge v registru kucoin\" width=\"1421\" height=\"788\" srcset=\"https:\/\/coinkickoff.com\/wp-content\/uploads\/kucoin-register.png 1421w, https:\/\/coinkickoff.com\/wp-content\/uploads\/kucoin-register-300x166.png 300w, https:\/\/coinkickoff.com\/wp-content\/uploads\/kucoin-register-1024x568.png 1024w, https:\/\/coinkickoff.com\/wp-content\/uploads\/kucoin-register-768x426.png 768w, https:\/\/coinkickoff.com\/wp-content\/uploads\/kucoin-register-18x10.png 18w\" sizes=\"auto, (max-width: 1421px) 100vw, 1421px\" \/><\/p>\n<p><span style=\"font-weight: 400;\">Pot\u0159ebujete <\/span><a href=\"https:\/\/www.kucoin.com\/r\/af\/rMJPV3B\" target=\"_blank\" rel=\"noopener\"><span style=\"font-weight: 400;\">Kucoin<\/span><\/a><span style=\"font-weight: 400;\"> \u00fa\u010det, abyste si mohli koupit ADA na platform\u011b, tak\u017ee se nejprve zaregistrujte pomoc\u00ed sv\u00e9ho e-mailu a hesla.<\/span><\/p>\n<h3><span class=\"ez-toc-section\" id=\"2_Verify_Your_Account\"><\/span><span style=\"font-weight: 400;\">2. Ov\u011b\u0159te sv\u016fj \u00fa\u010det<\/span><span class=\"ez-toc-section-end\"><\/span><\/h3>\n<p><span style=\"font-weight: 400;\">Po registraci m\u016f\u017eete za\u010d\u00edt s procesem ov\u011b\u0159ov\u00e1n\u00ed. Stejn\u011b jako v\u011bt\u0161ina ostatn\u00edch sv\u011btov\u00fdch burz umo\u017e\u0148uje Kucoin obchodn\u00edk\u016fm vym\u011b\u0148ovat digit\u00e1ln\u00ed aktiva na platform\u011b bez ov\u011b\u0159en\u00ed toto\u017enosti, ale pokud je\u0161t\u011b nevlastn\u00edte \u017e\u00e1dn\u00e1 digit\u00e1ln\u00ed aktiva, mus\u00edte tento krok dokon\u010dit, abyste si na platform\u011b mohli koupit ADA.<\/span><\/p>\n<p><span style=\"font-weight: 400;\">Je to jednoduch\u00fd proces: na str\u00e1nce sv\u00e9ho profilu vyberte kartu \"Ov\u011b\u0159en\u00ed toto\u017enosti\".\u00a0<\/span><\/p>\n<p><img loading=\"lazy\" decoding=\"async\" class=\"alignnone wp-image-3272 size-full\" src=\"https:\/\/coinkickoff.com\/wp-content\/uploads\/kucoin-identity-verification.png\" alt=\"kucoin ov\u011b\u0159en\u00ed toto\u017enosti 1\" width=\"1420\" height=\"785\" srcset=\"https:\/\/coinkickoff.com\/wp-content\/uploads\/kucoin-identity-verification.png 1420w, https:\/\/coinkickoff.com\/wp-content\/uploads\/kucoin-identity-verification-300x166.png 300w, https:\/\/coinkickoff.com\/wp-content\/uploads\/kucoin-identity-verification-1024x566.png 1024w, https:\/\/coinkickoff.com\/wp-content\/uploads\/kucoin-identity-verification-768x425.png 768w, https:\/\/coinkickoff.com\/wp-content\/uploads\/kucoin-identity-verification-18x10.png 18w\" sizes=\"auto, (max-width: 1420px) 100vw, 1420px\" \/><\/p>\n<p><span style=\"font-weight: 400;\">M\u00e1te p\u0159\u00edstup k z\u00e1kladn\u00edm funkc\u00edm, ale fiat vklady se po\u010d\u00edtaj\u00ed jako pokro\u010dil\u00e1 funkce, tak\u017ee k tomu pot\u0159ebujete ov\u011b\u0159it sv\u016fj pr\u016fkaz toto\u017enosti.<\/span><\/p>\n<p><img loading=\"lazy\" decoding=\"async\" class=\"alignnone wp-image-3270 size-full\" src=\"https:\/\/coinkickoff.com\/wp-content\/uploads\/kucoin-id-verification-2.png\" alt=\"kucoin ov\u011b\u0159en\u00ed identity 2\" width=\"1407\" height=\"706\" srcset=\"https:\/\/coinkickoff.com\/wp-content\/uploads\/kucoin-id-verification-2.png 1407w, https:\/\/coinkickoff.com\/wp-content\/uploads\/kucoin-id-verification-2-300x151.png 300w, https:\/\/coinkickoff.com\/wp-content\/uploads\/kucoin-id-verification-2-1024x514.png 1024w, https:\/\/coinkickoff.com\/wp-content\/uploads\/kucoin-id-verification-2-768x385.png 768w, https:\/\/coinkickoff.com\/wp-content\/uploads\/kucoin-id-verification-2-18x9.png 18w\" sizes=\"auto, (max-width: 1407px) 100vw, 1407px\" \/><\/p>\n<p><span style=\"font-weight: 400;\">Kucoin m\u00e1 t\u0159\u00edstup\u0148ov\u00fd proces: osobn\u00ed \u00fadaje, ov\u011b\u0159en\u00ed toto\u017enosti prost\u0159ednictv\u00edm \u00fa\u0159edn\u00edho pr\u016fkazu a rozpozn\u00e1n\u00ed obli\u010deje, kter\u00e9 zajist\u00ed, \u017ee jste vlastn\u00edkem pr\u016fkazu.<\/span><\/p>\n<p><img loading=\"lazy\" decoding=\"async\" class=\"alignnone wp-image-3271 size-full\" src=\"https:\/\/coinkickoff.com\/wp-content\/uploads\/kucoin-id-verification-3.png\" alt=\"kucoin ov\u011b\u0159en\u00ed toto\u017enosti 3 \" width=\"1412\" height=\"789\" srcset=\"https:\/\/coinkickoff.com\/wp-content\/uploads\/kucoin-id-verification-3.png 1412w, https:\/\/coinkickoff.com\/wp-content\/uploads\/kucoin-id-verification-3-300x168.png 300w, https:\/\/coinkickoff.com\/wp-content\/uploads\/kucoin-id-verification-3-1024x572.png 1024w, https:\/\/coinkickoff.com\/wp-content\/uploads\/kucoin-id-verification-3-768x429.png 768w, https:\/\/coinkickoff.com\/wp-content\/uploads\/kucoin-id-verification-3-18x10.png 18w\" sizes=\"auto, (max-width: 1412px) 100vw, 1412px\" \/><\/p>\n<p><span style=\"font-weight: 400;\">Prove\u010fte v\u0161echny t\u0159i kroky k ov\u011b\u0159en\u00ed toto\u017enosti a m\u016f\u017eete p\u0159ej\u00edt k ulo\u017een\u00ed pen\u011bz na sv\u016fj \u00fa\u010det.<\/span><\/p>\n<h3><span class=\"ez-toc-section\" id=\"3_Deposit_Crypto\"><\/span><span style=\"font-weight: 400;\">3. Vklad Crypto<\/span><span class=\"ez-toc-section-end\"><\/span><\/h3>\n<p><span style=\"font-weight: 400;\">V sou\u010dasn\u00e9 dob\u011b nem\u016f\u017eete na Kucoin pos\u00edlat hotovost bankovn\u00edmi p\u0159evody, ale st\u00e1le m\u016f\u017eete na platformu vkl\u00e1dat kryptom\u011bny. Pokud pro v\u00e1s tato mo\u017enost nen\u00ed, p\u0159ejd\u011bte na dal\u0161\u00ed \u010d\u00e1st, kde v\u00e1m vysv\u011btl\u00edme, jak si na Kucoin koupit Cardano za fiat pen\u00edze.<\/span><\/p>\n<p><span style=\"font-weight: 400;\">Pokud m\u00e1te digit\u00e1ln\u00ed aktiva, kter\u00e1 chcete vym\u011bnit za ADA, mus\u00edte je nejprve p\u0159ev\u00e9st na Kucoin. To provedete tak, \u017ee p\u0159ejdete na str\u00e1nku \"Aktiva\" a vyberete mo\u017enost \"Vklad\".<\/span><\/p>\n<p><img loading=\"lazy\" decoding=\"async\" class=\"alignnone wp-image-3273 size-full\" src=\"https:\/\/coinkickoff.com\/wp-content\/uploads\/kucoin-deposit.png\" alt=\"kucoin vkladov\u00e9 fondy 1\" width=\"1427\" height=\"758\" srcset=\"https:\/\/coinkickoff.com\/wp-content\/uploads\/kucoin-deposit.png 1427w, https:\/\/coinkickoff.com\/wp-content\/uploads\/kucoin-deposit-300x159.png 300w, https:\/\/coinkickoff.com\/wp-content\/uploads\/kucoin-deposit-1024x544.png 1024w, https:\/\/coinkickoff.com\/wp-content\/uploads\/kucoin-deposit-768x408.png 768w, https:\/\/coinkickoff.com\/wp-content\/uploads\/kucoin-deposit-18x10.png 18w\" sizes=\"auto, (max-width: 1427px) 100vw, 1427px\" \/><\/p>\n<p><span style=\"font-weight: 400;\">Vyberte digit\u00e1ln\u00ed aktivum, kter\u00e9 chcete p\u0159en\u00e9st do pen\u011b\u017eenky Kucoin. \u0158ekn\u011bme, \u017ee m\u00e1te nap\u0159. <a href=\"https:\/\/coinkickoff.com\/cs\/bitcoin-btc\/\" data-internallinksmanager029f6b8e52c=\"1\" title=\"Co je Bitcoin (BTC)? Cena, historie a kde koupit\">BTC<\/a> kter\u00e9 chcete vlo\u017eit do platformy. Ze seznamu vyberte BTC a zkop\u00edrujte adresu pen\u011b\u017eenky Kucoin.<\/span><\/p>\n<p><span style=\"font-weight: 400;\">To bude va\u0161e jedine\u010dn\u00e1 adresa pen\u011b\u017eenky BTC na platform\u011b Kucoin. Tuto adresu m\u016f\u017eete pou\u017e\u00edt k p\u0159evodu sv\u00e9ho BTC na Kucoin.\u00a0<\/span><\/p>\n<h3><span class=\"ez-toc-section\" id=\"4_Navigate_to_the_Relevant_Screen_to_Buy\"><\/span><span style=\"font-weight: 400;\">4. P\u0159ejd\u011bte na p\u0159\u00edslu\u0161nou obrazovku a nakupte<\/span><span class=\"ez-toc-section-end\"><\/span><\/h3>\n<p><span style=\"font-weight: 400;\">Klikn\u011bte na kartu \"Buy Crypto\" na hlavn\u00edm panelu.\u00a0<\/span><\/p>\n<p><img loading=\"lazy\" decoding=\"async\" class=\"alignnone wp-image-3274 size-full\" src=\"https:\/\/coinkickoff.com\/wp-content\/uploads\/kucoin-buy-crypto.png\" alt=\"kucoin koupit obrazovku\" width=\"1418\" height=\"692\" srcset=\"https:\/\/coinkickoff.com\/wp-content\/uploads\/kucoin-buy-crypto.png 1418w, https:\/\/coinkickoff.com\/wp-content\/uploads\/kucoin-buy-crypto-300x146.png 300w, https:\/\/coinkickoff.com\/wp-content\/uploads\/kucoin-buy-crypto-1024x500.png 1024w, https:\/\/coinkickoff.com\/wp-content\/uploads\/kucoin-buy-crypto-768x375.png 768w, https:\/\/coinkickoff.com\/wp-content\/uploads\/kucoin-buy-crypto-18x9.png 18w\" sizes=\"auto, (max-width: 1418px) 100vw, 1418px\" \/><\/p>\n<h4><span class=\"ez-toc-section\" id=\"Fast_Trade_allows_you_to_buy_ADA_with_credit_and_debit_cards_and_Third-party_buy_supports_payment_channels_such_as_Banxa_and_Simplex\"><\/span><span style=\"font-weight: 400;\">Rychl\u00fd obchod v\u00e1m umo\u017e\u0148uje koupit ADA pomoc\u00ed kreditn\u00edch a debetn\u00edch karet a n\u00e1kup t\u0159et\u00ed stranou podporuje platebn\u00ed kan\u00e1ly, jako jsou Banxa a Simplex.\u00a0<\/span><span class=\"ez-toc-section-end\"><\/span><\/h4>\n<h4><span class=\"ez-toc-section\" id=\"P2P_is_a_peer_network_where_you_can_use_bank_transfers_to_buy_digital_currencies_however_its_not_possible_to_buy_ADA_with_this_option\"><\/span><span style=\"font-weight: 400;\">P2P je vz\u00e1jemn\u00e1 s\u00ed\u0165, kde m\u016f\u017eete k n\u00e1kupu digit\u00e1ln\u00edch m\u011bn pou\u017e\u00edvat bankovn\u00ed p\u0159evody, nicm\u00e9n\u011b pomoc\u00ed t\u00e9to mo\u017enosti nen\u00ed mo\u017en\u00e9 koupit ADA.<\/span><span class=\"ez-toc-section-end\"><\/span><\/h4>\n<h4><span class=\"ez-toc-section\" id=\"Fast_Trade\"><\/span><span style=\"font-weight: 400;\">Rychl\u00fd obchod<\/span><span class=\"ez-toc-section-end\"><\/span><\/h4>\n<p><span style=\"font-weight: 400;\">U spole\u010dnosti Fast Trade si m\u016f\u017eete ADA koupit pomoc\u00ed debetn\u00edch a kreditn\u00edch karet Visa a Mastercard a n\u011bkolika dal\u0161\u00edch mo\u017enost\u00ed, jako je SEPA a Paypal. Sta\u010d\u00ed vyplnit objedn\u00e1vkov\u00fd formul\u00e1\u0159, vybrat ADA ze seznamu a zvolit zp\u016fsob platby.\u00a0<\/span><\/p>\n<p><img loading=\"lazy\" decoding=\"async\" class=\"alignnone wp-image-3275 size-full\" src=\"https:\/\/coinkickoff.com\/wp-content\/uploads\/kucoin-buy-crypto-one-click.png\" alt=\"kucoin koupit jedn\u00edm kliknut\u00edm\" width=\"1421\" height=\"770\" srcset=\"https:\/\/coinkickoff.com\/wp-content\/uploads\/kucoin-buy-crypto-one-click.png 1421w, https:\/\/coinkickoff.com\/wp-content\/uploads\/kucoin-buy-crypto-one-click-300x163.png 300w, https:\/\/coinkickoff.com\/wp-content\/uploads\/kucoin-buy-crypto-one-click-1024x555.png 1024w, https:\/\/coinkickoff.com\/wp-content\/uploads\/kucoin-buy-crypto-one-click-768x416.png 768w, https:\/\/coinkickoff.com\/wp-content\/uploads\/kucoin-buy-crypto-one-click-18x10.png 18w\" sizes=\"auto, (max-width: 1421px) 100vw, 1421px\" \/><\/p>\n<p><span style=\"font-weight: 400;\">Pokud chcete platit kreditn\u00ed nebo debetn\u00ed kartou, mus\u00edte p\u0159ed pokra\u010dov\u00e1n\u00edm zadat \u00fadaje o kart\u011b.<\/span><\/p>\n<p><img loading=\"lazy\" decoding=\"async\" class=\"alignnone wp-image-3276 size-full\" src=\"https:\/\/coinkickoff.com\/wp-content\/uploads\/kucoin-select-paymnet-method.png\" alt=\"\" width=\"1424\" height=\"794\" srcset=\"https:\/\/coinkickoff.com\/wp-content\/uploads\/kucoin-select-paymnet-method.png 1424w, https:\/\/coinkickoff.com\/wp-content\/uploads\/kucoin-select-paymnet-method-300x167.png 300w, https:\/\/coinkickoff.com\/wp-content\/uploads\/kucoin-select-paymnet-method-1024x571.png 1024w, https:\/\/coinkickoff.com\/wp-content\/uploads\/kucoin-select-paymnet-method-768x428.png 768w, https:\/\/coinkickoff.com\/wp-content\/uploads\/kucoin-select-paymnet-method-18x10.png 18w\" sizes=\"auto, (max-width: 1424px) 100vw, 1424px\" \/><\/p>\n<p><span style=\"font-weight: 400;\">Mezi dal\u0161\u00ed mo\u017enosti pat\u0159\u00ed Zelle, <a href=\"https:\/\/coinkickoff.com\/cs\/uphold-review\/\" data-internallinksmanager029f6b8e52c=\"156\" title=\"Uphold Recenze 2023: Poplatky, funkce, bezpe\u010dnost, klady a z\u00e1pory\">Uphold<\/a>, Advcash a Payeer. Jakmile nastav\u00edte zp\u016fsob platby, pokra\u010dujte a stiskn\u011bte tla\u010d\u00edtko \"Koupit ADA\". Zobraz\u00ed se v\u00e1m n\u00e1hled objedn\u00e1vky, kter\u00fd shrnuje, kolik ADA obdr\u017e\u00edte, a v\u0161echny poplatky, kter\u00e9 se na n\u011bj vztahuj\u00ed.\u00a0\u00a0<\/span><\/p>\n<p><span style=\"font-weight: 400;\">Potvr\u010fte objedn\u00e1vku a va\u0161e ADA token se b\u011bhem n\u011bkolika minut objev\u00ed ve va\u0161\u00ed pen\u011b\u017eence.<\/span><\/p>\n<h4><span class=\"ez-toc-section\" id=\"Third-Party\"><\/span><span style=\"font-weight: 400;\">T\u0159et\u00ed strana<\/span><span class=\"ez-toc-section-end\"><\/span><\/h4>\n<p><img loading=\"lazy\" decoding=\"async\" class=\"alignnone wp-image-3278 size-full\" src=\"https:\/\/coinkickoff.com\/wp-content\/uploads\/kucoin-screenshot.png\" alt=\"Jak koupit Cardano na Kucoin\" width=\"1436\" height=\"673\" srcset=\"https:\/\/coinkickoff.com\/wp-content\/uploads\/kucoin-screenshot.png 1436w, https:\/\/coinkickoff.com\/wp-content\/uploads\/kucoin-screenshot-300x141.png 300w, https:\/\/coinkickoff.com\/wp-content\/uploads\/kucoin-screenshot-1024x480.png 1024w, https:\/\/coinkickoff.com\/wp-content\/uploads\/kucoin-screenshot-768x360.png 768w, https:\/\/coinkickoff.com\/wp-content\/uploads\/kucoin-screenshot-18x8.png 18w\" sizes=\"auto, (max-width: 1436px) 100vw, 1436px\" \/><\/p>\n<p><span style=\"font-weight: 400;\">Pokud ji\u017e pou\u017e\u00edv\u00e1te platebn\u00ed kan\u00e1l t\u0159et\u00ed strany, jako je nap\u0159. <\/span><a href=\"https:\/\/banxa.com\/case-study\/kucoin\/\" target=\"_blank\" rel=\"noopener\"><span style=\"font-weight: 400;\">Banxa<\/span><\/a><span style=\"font-weight: 400;\"> nebo <\/span><a href=\"https:\/\/www.simplex.com\" target=\"_blank\" rel=\"noopener\"><span style=\"font-weight: 400;\">Simplex<\/span><\/a><span style=\"font-weight: 400;\">, m\u016f\u017ee se jednat o vhodnou volbu. Pokud nem\u00e1te \u00fa\u010det Simplex nebo Banxa, m\u016f\u017eete si ho p\u0159i zad\u00e1v\u00e1n\u00ed objedn\u00e1vky zaregistrovat.<\/span><\/p>\n<p><span style=\"font-weight: 400;\">Za\u010dn\u011bte vypln\u011bn\u00edm objedn\u00e1vkov\u00e9ho formul\u00e1\u0159e: Vyberte ADA jako po\u017eadovan\u00e9 aktivum, zadejte \u010d\u00e1stku, kterou chcete utratit, a vyberte zp\u016fsob platby a platebn\u00ed kan\u00e1l.<\/span><\/p>\n<p><span style=\"font-weight: 400;\">Ne\u017e budete moci pokra\u010dovat v objedn\u00e1vce, zobraz\u00ed se v\u0161echny poplatky.\u00a0<\/span><\/p>\n<p><span style=\"font-weight: 400;\">Jakmile stisknete tla\u010d\u00edtko \"Koupit\", Kucoin v\u00e1s ode\u0161le na webov\u00e9 str\u00e1nky t\u0159et\u00ed strany, kde dokon\u010d\u00edte objedn\u00e1vku.\u00a0<\/span><\/p>\n<p><span style=\"font-weight: 400;\">To je v podstat\u011b v\u0161e o tom, jak koupit Cardano na Kucoin. Jak vid\u00edte, m\u00e1te pom\u011brn\u011b dost mo\u017enost\u00ed, tak\u017ee by to m\u011bla b\u00fdt bezprobl\u00e9mov\u00e1 cesta. Pokud m\u00e1te n\u011bjak\u00e9 ot\u00e1zky, m\u016f\u017eete se tak\u00e9 pod\u00edvat na n\u00e1\u0161 <a href=\"https:\/\/coinkickoff.com\/cs\/crypto-exchanges\/\">v\u00fdm\u011bnn\u00e9 recenze<\/a> a <a href=\"https:\/\/coinkickoff.com\/cs\/how-to-buy-cardano\/\">jak nakupovat<\/a> pr\u016fvodce, kde najdete dal\u0161\u00ed informace.<\/span><\/p>","protected":false},"excerpt":{"rendered":"<p>Jak koupit Cardano na Kucoin Pokud jste je\u0161t\u011b nepou\u017eili Kucoin k n\u00e1kupu Cardano (ADA), mo\u017en\u00e1 nev\u00edte, jak postupovat. Nemus\u00edte se v\u0161ak ob\u00e1vat: uk\u00e1\u017eeme v\u00e1m, jak koupit Cardano na Kucoin s pokyny krok za krokem. N\u00e1vod krok za krokem, jak koupit Cardano na Kucoin [...]<\/p>","protected":false},"author":3,"featured_media":0,"parent":4010,"menu_order":0,"comment_status":"closed","ping_status":"closed","template":"","meta":{"_genesis_hide_title":false,"_genesis_hide_breadcrumbs":false,"_genesis_hide_singular_image":false,"_genesis_hide_footer_widgets":false,"_genesis_custom_body_class":"","_genesis_custom_post_class":"","_genesis_layout":"","_glsr_average":0,"_glsr_ranking":0,"_glsr_reviews":0,"footnotes":""},"class_list":{"0":"post-4045","1":"page","2":"type-page","3":"status-publish","5":"entry"},"featured_image_src":null,"featured_image_src_square":null,"_links":{"self":[{"href":"https:\/\/coinkickoff.com\/cs\/wp-json\/wp\/v2\/pages\/4045","targetHints":{"allow":["GET"]}}],"collection":[{"href":"https:\/\/coinkickoff.com\/cs\/wp-json\/wp\/v2\/pages"}],"about":[{"href":"https:\/\/coinkickoff.com\/cs\/wp-json\/wp\/v2\/types\/page"}],"author":[{"embeddable":true,"href":"https:\/\/coinkickoff.com\/cs\/wp-json\/wp\/v2\/users\/3"}],"replies":[{"embeddable":true,"href":"https:\/\/coinkickoff.com\/cs\/wp-json\/wp\/v2\/comments?post=4045"}],"version-history":[{"count":2,"href":"https:\/\/coinkickoff.com\/cs\/wp-json\/wp\/v2\/pages\/4045\/revisions"}],"predecessor-version":[{"id":4047,"href":"https:\/\/coinkickoff.com\/cs\/wp-json\/wp\/v2\/pages\/4045\/revisions\/4047"}],"up":[{"embeddable":true,"href":"https:\/\/coinkickoff.com\/cs\/wp-json\/wp\/v2\/pages\/4010"}],"wp:attachment":[{"href":"https:\/\/coinkickoff.com\/cs\/wp-json\/wp\/v2\/media?parent=4045"}],"curies":[{"name":"wp","href":"https:\/\/api.w.org\/{rel}","templated":true}]}}