{"id":3968,"date":"2026-01-08T14:07:21","date_gmt":"2026-01-08T14:07:21","guid":{"rendered":"https:\/\/coinkickoff.com\/?page_id=3968"},"modified":"2026-01-08T14:07:21","modified_gmt":"2026-01-08T14:07:21","slug":"how-to-buy-ethereum-on-poloniex","status":"publish","type":"page","link":"https:\/\/coinkickoff.com\/cs\/how-to-buy-ethereum\/how-to-buy-ethereum-on-poloniex\/","title":{"rendered":"Jak koupit Ethereum na Poloniex"},"content":{"rendered":"<div id=\"ez-toc-container\" class=\"ez-toc-v2_0_80 counter-hierarchy ez-toc-counter ez-toc-transparent ez-toc-container-direction\">\n<div class=\"ez-toc-title-container\">\n<p class=\"ez-toc-title\" style=\"cursor:inherit\">Sekce<\/p>\n<span class=\"ez-toc-title-toggle\"><a href=\"#\" class=\"ez-toc-pull-right ez-toc-btn ez-toc-btn-xs ez-toc-btn-default ez-toc-toggle\" aria-label=\"P\u0159epnut\u00ed tabulky obsahu\"><span class=\"ez-toc-js-icon-con\"><span class=\"\"><span class=\"eztoc-hide\" style=\"display:none;\">P\u0159ep\u00edna\u010d<\/span><span class=\"ez-toc-icon-toggle-span\"><svg style=\"fill: #999;color:#999\" xmlns=\"http:\/\/www.w3.org\/2000\/svg\" class=\"list-377408\" width=\"20px\" height=\"20px\" viewbox=\"0 0 24 24\" fill=\"none\"><path d=\"M6 6H4v2h2V6zm14 0H8v2h12V6zM4 11h2v2H4v-2zm16 0H8v2h12v-2zM4 16h2v2H4v-2zm16 0H8v2h12v-2z\" fill=\"currentColor\"><\/path><\/svg><svg style=\"fill: #999;color:#999\" class=\"arrow-unsorted-368013\" xmlns=\"http:\/\/www.w3.org\/2000\/svg\" width=\"10px\" height=\"10px\" viewbox=\"0 0 24 24\" version=\"1.2\" baseprofile=\"tiny\"><path d=\"M18.2 9.3l-6.2-6.3-6.2 6.3c-.2.2-.3.4-.3.7s.1.5.3.7c.2.2.4.3.7.3h11c.3 0 .5-.1.7-.3.2-.2.3-.5.3-.7s-.1-.5-.3-.7zM5.8 14.7l6.2 6.3 6.2-6.3c.2-.2.3-.5.3-.7s-.1-.5-.3-.7c-.2-.2-.4-.3-.7-.3h-11c-.3 0-.5.1-.7.3-.2.2-.3.5-.3.7s.1.5.3.7z\"\/><\/svg><\/span><\/span><\/span><\/a><\/span><\/div>\n<nav><ul class='ez-toc-list ez-toc-list-level-1 eztoc-toggle-hide-by-default' ><li class='ez-toc-page-1 ez-toc-heading-level-1'><a class=\"ez-toc-link ez-toc-heading-1\" href=\"https:\/\/coinkickoff.com\/cs\/how-to-buy-ethereum\/how-to-buy-ethereum-on-poloniex\/#How_to_Buy_Ethereum_on_Poloniex\" >Jak koupit Ethereum na Poloniex<\/a><ul class='ez-toc-list-level-2' ><li class='ez-toc-heading-level-2'><a class=\"ez-toc-link ez-toc-heading-2\" href=\"https:\/\/coinkickoff.com\/cs\/how-to-buy-ethereum\/how-to-buy-ethereum-on-poloniex\/#A_Step-By-Step_Guide_on_How_to_Buy_Ethereum_on_Poloniex\" >Pr\u016fvodce krok za krokem, jak koupit Ethereum na Poloniex<\/a><ul class='ez-toc-list-level-3' ><li class='ez-toc-heading-level-3'><a class=\"ez-toc-link ez-toc-heading-3\" href=\"https:\/\/coinkickoff.com\/cs\/how-to-buy-ethereum\/how-to-buy-ethereum-on-poloniex\/#1_Register_an_Account\" >1. Registrace \u00fa\u010dtu<\/a><\/li><li class='ez-toc-page-1 ez-toc-heading-level-3'><a class=\"ez-toc-link ez-toc-heading-4\" href=\"https:\/\/coinkickoff.com\/cs\/how-to-buy-ethereum\/how-to-buy-ethereum-on-poloniex\/#2_Verify_Your_Account\" >2. Ov\u011b\u0159te sv\u016fj \u00fa\u010det<\/a><\/li><li class='ez-toc-page-1 ez-toc-heading-level-3'><a class=\"ez-toc-link ez-toc-heading-5\" href=\"https:\/\/coinkickoff.com\/cs\/how-to-buy-ethereum\/how-to-buy-ethereum-on-poloniex\/#3_Buy_Crypto\" >3. N\u00e1kup kryptom\u011bn<\/a><\/li><\/ul><\/li><\/ul><\/li><\/ul><\/nav><\/div>\n<h1><span class=\"ez-toc-section\" id=\"How_to_Buy_Ethereum_on_Poloniex\"><\/span><span style=\"font-weight: 400;\">Jak koupit Ethereum na Poloniex<\/span><span class=\"ez-toc-section-end\"><\/span><\/h1>\n<p><span style=\"font-weight: 400;\">M\u016f\u017eete si koupit <a href=\"https:\/\/coinkickoff.com\/cs\/ethereum-eth\/\" data-internallinksmanager029f6b8e52c=\"2\" title=\"Co je Ethereum (ETH)? Cena, historie a kde koupit\">Ethereum<\/a> prakticky na jak\u00e9koli burze, proto\u017ee je to jedna z nejobl\u00edben\u011bj\u0161\u00edch a nejv\u00fdznamn\u011bj\u0161\u00edch digit\u00e1ln\u00edch m\u011bn na trhu. <a href=\"https:\/\/coinkickoff.com\/cs\/poloniex-review\/\" data-internallinksmanager029f6b8e52c=\"164\" title=\"Poloniex Recenze 2023: Poplatky, funkce, bezpe\u010dnost, v\u00fdhody a nev\u00fdhody\">Poloniex<\/a> je jednou z t\u011bchto burz, alespo\u0148 pro u\u017eivatele mimo USA.<\/span><\/p>\n<p><span style=\"font-weight: 400;\">Vyz\u00fdv\u00e1me v\u00e1s v\u0161ak, abyste si p\u0159e\u010detli na\u0161e <a href=\"https:\/\/coinkickoff.com\/cs\/poloniex-review\/\">pr\u016fvodce na Poloniex<\/a> p\u0159ed n\u00e1kupem na platform\u011b, proto\u017ee se objevily <\/span><a href=\"https:\/\/www.coindesk.com\/policy\/2023\/05\/01\/crypto-exchange-poloniex-agrees-to-76m-fine-settle-sanctions-violation-charges\/\" target=\"_blank\" rel=\"noopener\"><span style=\"font-weight: 400;\">n\u011bkolik ot\u00e1zek<\/span><\/a><span style=\"font-weight: 400;\"> spojen\u00e9 s burzou, stejn\u011b jako jej\u00ed vlastn\u00edk. <\/span><a href=\"https:\/\/www.cnbc.com\/2023\/03\/22\/sec-hits-jake-paul-lindsey-lohan-justin-sun-with-crypto-violations.html\" target=\"_blank\" rel=\"noopener\"><span style=\"font-weight: 400;\">Justin Sun<\/span><\/a><span style=\"font-weight: 400;\">.<\/span><\/p>\n<p><span style=\"font-weight: 400;\">Pokud jste nastaveni na burze, zde je n\u00e1vod, jak koupit Ethereum na Poloniex.<\/span><\/p>\n<h2><span class=\"ez-toc-section\" id=\"A_Step-By-Step_Guide_on_How_to_Buy_Ethereum_on_Poloniex\"><\/span><span style=\"font-weight: 400;\">Pr\u016fvodce krok za krokem, jak koupit Ethereum na Poloniex<\/span><span class=\"ez-toc-section-end\"><\/span><\/h2>\n<h3><span class=\"ez-toc-section\" id=\"1_Register_an_Account\"><\/span><span style=\"font-weight: 400;\">1. Registrace \u00fa\u010dtu<\/span><span class=\"ez-toc-section-end\"><\/span><\/h3>\n<p><span style=\"font-weight: 400;\">Nejprve p\u0159ejd\u011bte na webov\u00e9 str\u00e1nky Poloniex a vytvo\u0159te si \u00fa\u010det. <\/span><\/p>\n<p><img loading=\"lazy\" decoding=\"async\" class=\"alignnone wp-image-3397 size-full\" src=\"https:\/\/coinkickoff.com\/wp-content\/uploads\/poloniex-sign-up.png\" alt=\"poloniex zaregistrovat\" width=\"1436\" height=\"653\" srcset=\"https:\/\/coinkickoff.com\/wp-content\/uploads\/poloniex-sign-up.png 1436w, https:\/\/coinkickoff.com\/wp-content\/uploads\/poloniex-sign-up-300x136.png 300w, https:\/\/coinkickoff.com\/wp-content\/uploads\/poloniex-sign-up-1024x466.png 1024w, https:\/\/coinkickoff.com\/wp-content\/uploads\/poloniex-sign-up-768x349.png 768w, https:\/\/coinkickoff.com\/wp-content\/uploads\/poloniex-sign-up-18x8.png 18w\" sizes=\"auto, (max-width: 1436px) 100vw, 1436px\" \/><\/p>\n<h3><span class=\"ez-toc-section\" id=\"2_Verify_Your_Account\"><\/span><span style=\"font-weight: 400;\">2. Ov\u011b\u0159te sv\u016fj \u00fa\u010det<\/span><span class=\"ez-toc-section-end\"><\/span><\/h3>\n<p><span style=\"font-weight: 400;\">Technicky vzato nemus\u00edte na Poloniex ov\u011b\u0159ovat sv\u00e9 ID. V\u0161ichni u\u017eivatel\u00e9 jsou p\u0159i registraci ov\u011b\u0159eni na 1. \u00farovni a mohou nakupovat aktiva pomoc\u00ed kreditn\u00edch karet. Ov\u011b\u0159en\u00ed 2. \u00farovn\u011b umo\u017e\u0148uje vy\u0161\u0161\u00ed limity pro v\u00fdb\u011bry, ale pro v\u011bt\u0161inu retailov\u00fdch obchodn\u00edk\u016f nen\u00ed nutn\u00e9.<\/span><\/p>\n<p><span style=\"font-weight: 400;\">Pokud p\u0159esto chcete potvrdit svou toto\u017enost, p\u0159ejd\u011bte do sv\u00e9ho profilu kliknut\u00edm na symbol profilu na hlavn\u00edm panelu. <\/span><\/p>\n<p><img loading=\"lazy\" decoding=\"async\" class=\"alignnone wp-image-3398 size-full\" src=\"https:\/\/coinkickoff.com\/wp-content\/uploads\/poloniex-verification.png\" alt=\"ov\u011b\u0159en\u00ed poloniex\" width=\"1437\" height=\"679\" srcset=\"https:\/\/coinkickoff.com\/wp-content\/uploads\/poloniex-verification.png 1437w, https:\/\/coinkickoff.com\/wp-content\/uploads\/poloniex-verification-300x142.png 300w, https:\/\/coinkickoff.com\/wp-content\/uploads\/poloniex-verification-1024x484.png 1024w, https:\/\/coinkickoff.com\/wp-content\/uploads\/poloniex-verification-768x363.png 768w, https:\/\/coinkickoff.com\/wp-content\/uploads\/poloniex-verification-18x9.png 18w\" sizes=\"auto, (max-width: 1437px) 100vw, 1437px\" \/><\/p>\n<p><span style=\"font-weight: 400;\">Vypl\u0148te informa\u010dn\u00ed formul\u00e1\u0159 a nahrajte ofici\u00e1ln\u00ed pr\u016fkaz toto\u017enosti s fotografi\u00ed, nap\u0159\u00edklad pas nebo \u0159idi\u010dsk\u00fd pr\u016fkaz. Stiskn\u011bte tla\u010d\u00edtko \"Za\u010d\u00edt\" pro ov\u011b\u0159en\u00ed 2. \u00farovn\u011b. Budete vyzv\u00e1ni k nahr\u00e1n\u00ed pr\u016fkazu toto\u017enosti s fotografi\u00ed.<\/span><\/p>\n<h3><span class=\"ez-toc-section\" id=\"3_Buy_Crypto\"><\/span><span style=\"font-weight: 400;\">3. N\u00e1kup kryptom\u011bn<\/span><span class=\"ez-toc-section-end\"><\/span><\/h3>\n<p><span style=\"font-weight: 400;\">Stisknut\u00edm tla\u010d\u00edtka \"Buy Crypto\" se dostanete do formul\u00e1\u0159e pro okam\u017eitou objedn\u00e1vku. Vyberte m\u011bnu, kterou chcete utratit (nap\u0159\u00edklad USD), a m\u011bnu, kterou chcete koupit (v tomto p\u0159\u00edpad\u011b Ethereum nebo ETH). Zadejte \u010d\u00e1stku, kterou chcete za n\u00e1kup zaplatit.<\/span><\/p>\n<p><img loading=\"lazy\" decoding=\"async\" class=\"alignnone wp-image-3399 size-full\" src=\"https:\/\/coinkickoff.com\/wp-content\/uploads\/poloniex-buy-crypto.png\" alt=\"Jak koupit Ethereum na Poloniex\" width=\"1436\" height=\"793\" srcset=\"https:\/\/coinkickoff.com\/wp-content\/uploads\/poloniex-buy-crypto.png 1436w, https:\/\/coinkickoff.com\/wp-content\/uploads\/poloniex-buy-crypto-300x166.png 300w, https:\/\/coinkickoff.com\/wp-content\/uploads\/poloniex-buy-crypto-1024x565.png 1024w, https:\/\/coinkickoff.com\/wp-content\/uploads\/poloniex-buy-crypto-768x424.png 768w, https:\/\/coinkickoff.com\/wp-content\/uploads\/poloniex-buy-crypto-18x10.png 18w\" sizes=\"auto, (max-width: 1436px) 100vw, 1436px\" \/><\/p>\n<p><span style=\"font-weight: 400;\">Poplatky se zobraz\u00ed na prav\u00e9m panelu. K dokon\u010den\u00ed na\u0161eho n\u00e1kupu budete pot\u0159ebovat \u00fa\u010det Simplex nebo Mercuryo. Pokud \u017e\u00e1dn\u00fd z nich nem\u00e1te, nezoufejte, proto\u017ee se m\u016f\u017eete zaregistrovat po kliknut\u00ed na tla\u010d\u00edtko \"Odeslat\".<\/span><\/p>\n<p><span style=\"font-weight: 400;\">Pokud ji\u017e m\u00e1te \u00fa\u010det, m\u016f\u017eete se p\u0159ihl\u00e1sit a v\u00e1\u0161 n\u00e1kup bude dokon\u010den!<\/span><\/p>\n<p><span style=\"font-weight: 400;\">To je v\u0161e o tom, jak Ethereum na Poloniex! Pokud se pod\u00edv\u00e1te na sv\u00e1 aktiva, uvid\u00edte ve sv\u00e9 pen\u011b\u017eence ETH.<\/span><\/p>","protected":false},"excerpt":{"rendered":"<p>Jak koupit Ethereum na Poloniex Ethereum si m\u016f\u017eete koupit prakticky na jak\u00e9koli burze, proto\u017ee se jedn\u00e1 o jednu z nejobl\u00edben\u011bj\u0161\u00edch a nejv\u00fdznamn\u011bj\u0161\u00edch digit\u00e1ln\u00edch m\u011bn na trhu. Poloniex je jednou z t\u011bchto burz, alespo\u0148 pro u\u017eivatele mimo USA. Doporu\u010dujeme v\u00e1m v\u0161ak, abyste si p\u0159e\u010detli na\u0161eho pr\u016fvodce po Poloniex, ne\u017e se rozhodnete [...]<\/p>","protected":false},"author":3,"featured_media":0,"parent":3937,"menu_order":0,"comment_status":"closed","ping_status":"closed","template":"","meta":{"_genesis_hide_title":false,"_genesis_hide_breadcrumbs":false,"_genesis_hide_singular_image":false,"_genesis_hide_footer_widgets":false,"_genesis_custom_body_class":"","_genesis_custom_post_class":"","_genesis_layout":"","_glsr_average":0,"_glsr_ranking":0,"_glsr_reviews":0,"footnotes":""},"class_list":{"0":"post-3968","1":"page","2":"type-page","3":"status-publish","5":"entry"},"featured_image_src":null,"featured_image_src_square":null,"_links":{"self":[{"href":"https:\/\/coinkickoff.com\/cs\/wp-json\/wp\/v2\/pages\/3968","targetHints":{"allow":["GET"]}}],"collection":[{"href":"https:\/\/coinkickoff.com\/cs\/wp-json\/wp\/v2\/pages"}],"about":[{"href":"https:\/\/coinkickoff.com\/cs\/wp-json\/wp\/v2\/types\/page"}],"author":[{"embeddable":true,"href":"https:\/\/coinkickoff.com\/cs\/wp-json\/wp\/v2\/users\/3"}],"replies":[{"embeddable":true,"href":"https:\/\/coinkickoff.com\/cs\/wp-json\/wp\/v2\/comments?post=3968"}],"version-history":[{"count":1,"href":"https:\/\/coinkickoff.com\/cs\/wp-json\/wp\/v2\/pages\/3968\/revisions"}],"predecessor-version":[{"id":3969,"href":"https:\/\/coinkickoff.com\/cs\/wp-json\/wp\/v2\/pages\/3968\/revisions\/3969"}],"up":[{"embeddable":true,"href":"https:\/\/coinkickoff.com\/cs\/wp-json\/wp\/v2\/pages\/3937"}],"wp:attachment":[{"href":"https:\/\/coinkickoff.com\/cs\/wp-json\/wp\/v2\/media?parent=3968"}],"curies":[{"name":"wp","href":"https:\/\/api.w.org\/{rel}","templated":true}]}}