{"id":3951,"date":"2026-01-08T14:07:25","date_gmt":"2026-01-08T14:07:25","guid":{"rendered":"https:\/\/coinkickoff.com\/?page_id=3951"},"modified":"2026-01-08T14:07:25","modified_gmt":"2026-01-08T14:07:25","slug":"how-to-buy-ethereum-on-binance","status":"publish","type":"page","link":"https:\/\/coinkickoff.com\/cs\/how-to-buy-ethereum\/how-to-buy-ethereum-on-binance\/","title":{"rendered":"Jak koupit Ethereum na Binance"},"content":{"rendered":"<h1><img loading=\"lazy\" decoding=\"async\" class=\"alignnone wp-image-3662 size-full\" src=\"https:\/\/coinkickoff.com\/wp-content\/uploads\/how-many-eth-are-there.jpg\" alt=\"Kolik je Ethereum (ETH)?\" width=\"1000\" height=\"666\" srcset=\"https:\/\/coinkickoff.com\/wp-content\/uploads\/how-many-eth-are-there.jpg 1000w, https:\/\/coinkickoff.com\/wp-content\/uploads\/how-many-eth-are-there-300x200.jpg 300w, https:\/\/coinkickoff.com\/wp-content\/uploads\/how-many-eth-are-there-768x511.jpg 768w, https:\/\/coinkickoff.com\/wp-content\/uploads\/how-many-eth-are-there-18x12.jpg 18w, https:\/\/coinkickoff.com\/wp-content\/uploads\/how-many-eth-are-there-600x400.jpg 600w\" sizes=\"auto, (max-width: 1000px) 100vw, 1000px\" \/><\/h1>\n<div id=\"ez-toc-container\" class=\"ez-toc-v2_0_80 counter-hierarchy ez-toc-counter ez-toc-transparent ez-toc-container-direction\">\n<div class=\"ez-toc-title-container\">\n<p class=\"ez-toc-title\" style=\"cursor:inherit\">Sekce<\/p>\n<span class=\"ez-toc-title-toggle\"><a href=\"#\" class=\"ez-toc-pull-right ez-toc-btn ez-toc-btn-xs ez-toc-btn-default ez-toc-toggle\" aria-label=\"P\u0159epnut\u00ed tabulky obsahu\"><span class=\"ez-toc-js-icon-con\"><span class=\"\"><span class=\"eztoc-hide\" style=\"display:none;\">P\u0159ep\u00edna\u010d<\/span><span class=\"ez-toc-icon-toggle-span\"><svg style=\"fill: #999;color:#999\" xmlns=\"http:\/\/www.w3.org\/2000\/svg\" class=\"list-377408\" width=\"20px\" height=\"20px\" viewbox=\"0 0 24 24\" fill=\"none\"><path d=\"M6 6H4v2h2V6zm14 0H8v2h12V6zM4 11h2v2H4v-2zm16 0H8v2h12v-2zM4 16h2v2H4v-2zm16 0H8v2h12v-2z\" fill=\"currentColor\"><\/path><\/svg><svg style=\"fill: #999;color:#999\" class=\"arrow-unsorted-368013\" xmlns=\"http:\/\/www.w3.org\/2000\/svg\" width=\"10px\" height=\"10px\" viewbox=\"0 0 24 24\" version=\"1.2\" baseprofile=\"tiny\"><path d=\"M18.2 9.3l-6.2-6.3-6.2 6.3c-.2.2-.3.4-.3.7s.1.5.3.7c.2.2.4.3.7.3h11c.3 0 .5-.1.7-.3.2-.2.3-.5.3-.7s-.1-.5-.3-.7zM5.8 14.7l6.2 6.3 6.2-6.3c.2-.2.3-.5.3-.7s-.1-.5-.3-.7c-.2-.2-.4-.3-.7-.3h-11c-.3 0-.5.1-.7.3-.2.2-.3.5-.3.7s.1.5.3.7z\"\/><\/svg><\/span><\/span><\/span><\/a><\/span><\/div>\n<nav><ul class='ez-toc-list ez-toc-list-level-1 eztoc-toggle-hide-by-default' ><li class='ez-toc-page-1 ez-toc-heading-level-2'><a class=\"ez-toc-link ez-toc-heading-1\" href=\"https:\/\/coinkickoff.com\/cs\/how-to-buy-ethereum\/how-to-buy-ethereum-on-binance\/#How_to_Buy_Ethereum_on_Binance\" >Jak koupit Ethereum na Binance<\/a><\/li><li class='ez-toc-page-1 ez-toc-heading-level-2'><a class=\"ez-toc-link ez-toc-heading-2\" href=\"https:\/\/coinkickoff.com\/cs\/how-to-buy-ethereum\/how-to-buy-ethereum-on-binance\/#A_Step-By-Step_Guide_on_How_to_Buy_Ethereum_on_Binance\" >Pr\u016fvodce krok za krokem, jak koupit Ethereum na Binance<\/a><ul class='ez-toc-list-level-3' ><li class='ez-toc-heading-level-3'><a class=\"ez-toc-link ez-toc-heading-3\" href=\"https:\/\/coinkickoff.com\/cs\/how-to-buy-ethereum\/how-to-buy-ethereum-on-binance\/#1_Register_an_Account_on_Binance\" >1. Registrace \u00fa\u010dtu na Binance<\/a><\/li><li class='ez-toc-page-1 ez-toc-heading-level-3'><a class=\"ez-toc-link ez-toc-heading-4\" href=\"https:\/\/coinkickoff.com\/cs\/how-to-buy-ethereum\/how-to-buy-ethereum-on-binance\/#2_Verify_Your_Account\" >2. Ov\u011b\u0159te sv\u016fj \u00fa\u010det<\/a><\/li><li class='ez-toc-page-1 ez-toc-heading-level-3'><a class=\"ez-toc-link ez-toc-heading-5\" href=\"https:\/\/coinkickoff.com\/cs\/how-to-buy-ethereum\/how-to-buy-ethereum-on-binance\/#3_Deposit_FundsCrypto\" >3. Vkladov\u00e9 fondy \/ krypto<\/a><\/li><li class='ez-toc-page-1 ez-toc-heading-level-3'><a class=\"ez-toc-link ez-toc-heading-6\" href=\"https:\/\/coinkickoff.com\/cs\/how-to-buy-ethereum\/how-to-buy-ethereum-on-binance\/#Click_on_%E2%80%9CDeposit%E2%80%9D_to_see_all_the_deposit_options_The_three_options_are_depositing_crypto_depositing_fiat_currencies_and_adding_credit_cards_or_other_payment_methods\" >Kliknut\u00edm na \"Vklad\" zobraz\u00edte v\u0161echny mo\u017enosti vkladu. T\u0159i mo\u017enosti jsou vklad kryptom\u011bn, vklad fiat m\u011bn a p\u0159id\u00e1n\u00ed kreditn\u00edch karet nebo jin\u00fdch platebn\u00edch metod.<\/a><\/li><li class='ez-toc-page-1 ez-toc-heading-level-3'><a class=\"ez-toc-link ez-toc-heading-7\" href=\"https:\/\/coinkickoff.com\/cs\/how-to-buy-ethereum\/how-to-buy-ethereum-on-binance\/#4_Navigate_to_the_Relevant_Screen_to_Buy\" >4. P\u0159ejd\u011bte na p\u0159\u00edslu\u0161nou obrazovku a nakupte<\/a><\/li><\/ul><\/li><\/ul><\/nav><\/div>\n<h2><span class=\"ez-toc-section\" id=\"How_to_Buy_Ethereum_on_Binance\"><\/span><span style=\"font-weight: 400;\">Jak koupit Ethereum na Binance<\/span><span class=\"ez-toc-section-end\"><\/span><\/h2>\n<p><span style=\"font-weight: 400;\"><a href=\"https:\/\/coinkickoff.com\/cs\/binance-review\/\" data-internallinksmanager029f6b8e52c=\"152\" title=\"Binance Recenze 2024: Funkce, poplatky, bezpe\u010dnost, klady a z\u00e1pory\">Binance<\/a> je nejv\u011bt\u0161\u00ed na sv\u011bt\u011b <a href=\"https:\/\/coinkickoff.com\/cs\/crypto-exchanges\/\" data-internallinksmanager029f6b8e52c=\"141\" title=\"21 Nejlep\u0161\u00ed kryptom\u011bnov\u00e9 burzy a aplikace v roce 2024\">sm\u011bn\u00e1rna kryptom\u011bn<\/a> podle objemu obchod\u016f a pou\u017e\u00edvaj\u00ed ji miliony lid\u00ed po cel\u00e9m sv\u011bt\u011b k n\u00e1kupu popul\u00e1rn\u00edch kryptoaktiv, jako je nap\u0159. <a href=\"https:\/\/coinkickoff.com\/cs\/bitcoin-btc\/\" data-internallinksmanager029f6b8e52c=\"1\" title=\"Co je Bitcoin (BTC)? Cena, historie a kde koupit\">Bitcoin<\/a> a <a href=\"https:\/\/coinkickoff.com\/cs\/ethereum-eth\/\" data-internallinksmanager029f6b8e52c=\"2\" title=\"Co je Ethereum (ETH)? Cena, historie a kde koupit\">Ethereum<\/a>.<\/span><\/p>\n<p><span style=\"font-weight: 400;\">V t\u00e9to p\u0159\u00edru\u010dce v\u00e1m vysv\u011btl\u00edme, jak si koupit Ethereum na Binance s pokyny krok za krokem.<\/span><\/p>\n<p><span style=\"font-weight: 400;\">Pokud jste u\u017eivatel z USA, pod\u00edvejte se na n\u00e1\u0161 n\u00e1vod, jak si koupit Ethereum na Binance US.<\/span><\/p>\n<h2><span class=\"ez-toc-section\" id=\"A_Step-By-Step_Guide_on_How_to_Buy_Ethereum_on_Binance\"><\/span><span style=\"font-weight: 400;\">Pr\u016fvodce krok za krokem, jak koupit Ethereum na Binance<\/span><span class=\"ez-toc-section-end\"><\/span><\/h2>\n<h3><span class=\"ez-toc-section\" id=\"1_Register_an_Account_on_Binance\"><\/span><span style=\"font-weight: 400;\">1. Registrace \u00fa\u010dtu na Binance<\/span><span class=\"ez-toc-section-end\"><\/span><\/h3>\n<h2><img loading=\"lazy\" decoding=\"async\" class=\"alignnone wp-image-3245 size-full\" style=\"font-size: 18px; font-family: Muli, sans-serif;\" src=\"https:\/\/coinkickoff.com\/wp-content\/uploads\/binance-register.png\" alt=\"koupit doge na binance registru\" width=\"1430\" height=\"798\" srcset=\"https:\/\/coinkickoff.com\/wp-content\/uploads\/binance-register.png 1430w, https:\/\/coinkickoff.com\/wp-content\/uploads\/binance-register-300x167.png 300w, https:\/\/coinkickoff.com\/wp-content\/uploads\/binance-register-1024x571.png 1024w, https:\/\/coinkickoff.com\/wp-content\/uploads\/binance-register-768x429.png 768w, https:\/\/coinkickoff.com\/wp-content\/uploads\/binance-register-18x10.png 18w\" sizes=\"auto, (max-width: 1430px) 100vw, 1430px\" \/><\/h2>\n<p><span style=\"font-weight: 400;\">Pokud nem\u00e1te \u00fa\u010det Binance, p\u0159ejd\u011bte na str\u00e1nku <\/span><a href=\"https:\/\/accounts.binance.com\/register?ref=BLJQ60RW\" target=\"_blank\" rel=\"noopener\"><span style=\"font-weight: 400;\">Ofici\u00e1ln\u00ed webov\u00e9 str\u00e1nky Binance<\/span><\/a><span style=\"font-weight: 400;\"> a zaregistrujte se. Registrovat se m\u016f\u017eete pomoc\u00ed telefonn\u00edho \u010d\u00edsla nebo e-mailov\u00e9 adresy. Do schr\u00e1nky zpr\u00e1v obdr\u017e\u00edte k\u00f3d pro potvrzen\u00ed \u00fa\u010dtu. Pomoc\u00ed tohoto k\u00f3du se p\u0159ihlaste k \u00fa\u010dtu Binance.\u00a0<\/span><\/p>\n<h3><span class=\"ez-toc-section\" id=\"2_Verify_Your_Account\"><\/span><span style=\"font-weight: 400;\">2. Ov\u011b\u0159te sv\u016fj \u00fa\u010det<\/span><span class=\"ez-toc-section-end\"><\/span><\/h3>\n<p><img loading=\"lazy\" decoding=\"async\" class=\"alignnone wp-image-3247 size-full\" src=\"https:\/\/coinkickoff.com\/wp-content\/uploads\/binance-verification-0-e1686527478138.png\" alt=\"ov\u011b\u0159en\u00ed binance \" width=\"1438\" height=\"730\" srcset=\"https:\/\/coinkickoff.com\/wp-content\/uploads\/binance-verification-0-e1686527478138.png 1438w, https:\/\/coinkickoff.com\/wp-content\/uploads\/binance-verification-0-e1686527478138-300x152.png 300w, https:\/\/coinkickoff.com\/wp-content\/uploads\/binance-verification-0-e1686527478138-1024x520.png 1024w, https:\/\/coinkickoff.com\/wp-content\/uploads\/binance-verification-0-e1686527478138-768x390.png 768w, https:\/\/coinkickoff.com\/wp-content\/uploads\/binance-verification-0-e1686527478138-18x9.png 18w\" sizes=\"auto, (max-width: 1438px) 100vw, 1438px\" \/><\/p>\n<p><span style=\"font-weight: 400;\">V prav\u00e9m horn\u00edm rohu str\u00e1nky (hned vedle karty \"Objedn\u00e1vky\") je ikona va\u0161eho profilu. Kliknut\u00edm na ni se zobraz\u00ed str\u00e1nka pro ov\u011b\u0159en\u00ed. Klikn\u011bte na \"Z\u00edskat ov\u011b\u0159en\u00ed\".<\/span><\/p>\n<p><img loading=\"lazy\" decoding=\"async\" class=\"alignnone wp-image-3246 size-full\" src=\"https:\/\/coinkickoff.com\/wp-content\/uploads\/binance-verification.png\" alt=\"ov\u011b\u0159en\u00ed binance\" width=\"1239\" height=\"752\" srcset=\"https:\/\/coinkickoff.com\/wp-content\/uploads\/binance-verification.png 1239w, https:\/\/coinkickoff.com\/wp-content\/uploads\/binance-verification-300x182.png 300w, https:\/\/coinkickoff.com\/wp-content\/uploads\/binance-verification-1024x622.png 1024w, https:\/\/coinkickoff.com\/wp-content\/uploads\/binance-verification-768x466.png 768w, https:\/\/coinkickoff.com\/wp-content\/uploads\/binance-verification-18x12.png 18w\" sizes=\"auto, (max-width: 1239px) 100vw, 1239px\" \/><\/p>\n<p><span style=\"font-weight: 400;\">V seznamu v horn\u00ed \u010d\u00e1sti str\u00e1nky vyberte zemi nebo oblast sv\u00e9ho bydli\u0161t\u011b. Po v\u00fdb\u011bru regionu nebo zem\u011b se zobraz\u00ed po\u017eadavky na ov\u011b\u0159en\u00ed. Klepnut\u00edm na tla\u010d\u00edtko \"Verify\" (Ov\u011b\u0159it) za\u010dn\u011bte.<\/span><\/p>\n<p><img loading=\"lazy\" decoding=\"async\" class=\"alignnone wp-image-3248 size-full\" src=\"https:\/\/coinkickoff.com\/wp-content\/uploads\/binance-verification-2.png\" alt=\"jak koupit Ethereum na Binance\" width=\"563\" height=\"686\" srcset=\"https:\/\/coinkickoff.com\/wp-content\/uploads\/binance-verification-2.png 563w, https:\/\/coinkickoff.com\/wp-content\/uploads\/binance-verification-2-246x300.png 246w, https:\/\/coinkickoff.com\/wp-content\/uploads\/binance-verification-2-10x12.png 10w\" sizes=\"auto, (max-width: 563px) 100vw, 563px\" \/><\/p>\n<p><span style=\"font-weight: 400;\">Zadejte pot\u0159ebn\u00e9 informace a klikn\u011bte na tla\u010d\u00edtko \"Pokra\u010dovat\". Budete vyzv\u00e1ni k nahr\u00e1n\u00ed pr\u016fkazu toto\u017enosti s fotografi\u00ed, abyste potvrdili sv\u00e9 \u00fadaje. Je d\u016fle\u017eit\u00e9, aby se va\u0161e jm\u00e9no a datum narozen\u00ed shodovaly s dokladem toto\u017enosti, kter\u00fd p\u0159edkl\u00e1d\u00e1te platform\u011b.<\/span><\/p>\n<h3><span class=\"ez-toc-section\" id=\"3_Deposit_FundsCrypto\"><\/span><span style=\"font-weight: 400;\">3. Vkladov\u00e9 fondy \/ krypto<\/span><span class=\"ez-toc-section-end\"><\/span><\/h3>\n<p><img loading=\"lazy\" decoding=\"async\" class=\"alignnone wp-image-3254 size-full\" style=\"font-family: 'Helvetica Neue', Helvetica, Arial, sans-serif; font-size: 20px;\" src=\"https:\/\/coinkickoff.com\/wp-content\/uploads\/binance-deposit-2.png\" alt=\"\" width=\"926\" height=\"796\" srcset=\"https:\/\/coinkickoff.com\/wp-content\/uploads\/binance-deposit-2.png 926w, https:\/\/coinkickoff.com\/wp-content\/uploads\/binance-deposit-2-300x258.png 300w, https:\/\/coinkickoff.com\/wp-content\/uploads\/binance-deposit-2-768x660.png 768w, https:\/\/coinkickoff.com\/wp-content\/uploads\/binance-deposit-2-14x12.png 14w\" sizes=\"auto, (max-width: 926px) 100vw, 926px\" \/><\/p>\n<h3><span class=\"ez-toc-section\" id=\"Click_on_%E2%80%9CDeposit%E2%80%9D_to_see_all_the_deposit_options_The_three_options_are_depositing_crypto_depositing_fiat_currencies_and_adding_credit_cards_or_other_payment_methods\"><\/span><span style=\"font-weight: 400;\">Kliknut\u00edm na \"Vklad\" zobraz\u00edte v\u0161echny mo\u017enosti vkladu. T\u0159i mo\u017enosti jsou vklad kryptom\u011bn, vklad fiat m\u011bn a p\u0159id\u00e1n\u00ed kreditn\u00edch karet nebo jin\u00fdch platebn\u00edch metod.<\/span><span class=\"ez-toc-section-end\"><\/span><\/h3>\n<p><span style=\"font-weight: 400;\">Pokud vlastn\u00edte kryptom\u011bny a chcete je vym\u011bnit za ETH, m\u016f\u017eete kliknout na \"Deposit Crypto\" a z\u00edskat adresu pro vklad.\u00a0<\/span><\/p>\n<p><span style=\"font-weight: 400;\">V\u011bt\u0161ina za\u010d\u00e1te\u010dn\u00edk\u016f v\u0161ak tuto mo\u017enost nem\u00e1 a mus\u00ed bu\u010f p\u0159idat platebn\u00ed metodu, nebo prov\u00e9st vklad fiat bankovn\u00edm p\u0159evodem.<\/span><\/p>\n<p><span style=\"font-weight: 400;\">Klikn\u011bte na mo\u017enost \"Fiat Deposit\". Na dal\u0161\u00ed str\u00e1nce vyberte m\u011bnu, kterou chcete vlo\u017eit. Binance p\u0159ij\u00edm\u00e1 mnoho m\u00edstn\u00edch m\u011bn, tak\u017ee nebudete m\u00edt probl\u00e9m naj\u00edt tu spr\u00e1vnou mo\u017enost.<\/span><\/p>\n<h3><img loading=\"lazy\" decoding=\"async\" class=\"alignnone wp-image-3256 size-full\" style=\"font-size: 18px; font-family: Muli, sans-serif;\" src=\"https:\/\/coinkickoff.com\/wp-content\/uploads\/binance-fiat-deposit-3.png\" alt=\"\" width=\"1052\" height=\"778\" srcset=\"https:\/\/coinkickoff.com\/wp-content\/uploads\/binance-fiat-deposit-3.png 1052w, https:\/\/coinkickoff.com\/wp-content\/uploads\/binance-fiat-deposit-3-300x222.png 300w, https:\/\/coinkickoff.com\/wp-content\/uploads\/binance-fiat-deposit-3-1024x757.png 1024w, https:\/\/coinkickoff.com\/wp-content\/uploads\/binance-fiat-deposit-3-768x568.png 768w, https:\/\/coinkickoff.com\/wp-content\/uploads\/binance-fiat-deposit-3-16x12.png 16w\" sizes=\"auto, (max-width: 1052px) 100vw, 1052px\" \/><\/h3>\n<p><span style=\"font-weight: 400;\">Binance nab\u00edz\u00ed r\u016fzn\u00e9 zp\u016fsoby proveden\u00ed vkladu, p\u0159i\u010dem\u017e obvykle existuj\u00ed n\u011bkter\u00e9 doporu\u010den\u00e9 metody. Podrobnosti o poplatc\u00edch najdete u ka\u017ed\u00e9 mo\u017enosti.<\/span><\/p>\n<p><span style=\"font-weight: 400;\">Jak vid\u00edte, na platform\u011b m\u016f\u017eete prov\u00e1d\u011bt p\u0159evody SEPA nebo online bankovnictv\u00ed nebo p\u0159idat bankovn\u00ed kartu pro n\u00e1kup kryptom\u011bn.<\/span><\/p>\n<p><span style=\"font-weight: 400;\">Pokud vyberete mo\u017enost \"Jin\u00e9 metody\", m\u016f\u017eete se p\u0159ipojit k aplikac\u00edm t\u0159et\u00edch stran, jako je Banxa nebo Simplex. Binance podporuje tak\u00e9 n\u00e1kupy p\u0159es Google Pay a Apple Pay.<\/span><\/p>\n<p><span style=\"font-weight: 400;\">\u00a0Vyberte preferovan\u00fd zp\u016fsob vkladu a klikn\u011bte na tla\u010d\u00edtko \"Pokra\u010dovat\". M\u016f\u017eete b\u00fdt p\u0159esm\u011brov\u00e1ni na sv\u016fj bankovn\u00ed \u00fa\u010det nebo poskytovatele internetov\u00e9ho bankovnictv\u00ed. Pro dokon\u010den\u00ed vkladu postupujte podle pokyn\u016f na obrazovce.<\/span><\/p>\n<h3><span class=\"ez-toc-section\" id=\"4_Navigate_to_the_Relevant_Screen_to_Buy\"><\/span><span style=\"font-weight: 400;\">4. P\u0159ejd\u011bte na p\u0159\u00edslu\u0161nou obrazovku a nakupte<\/span><span class=\"ez-toc-section-end\"><\/span><\/h3>\n<p><span style=\"font-weight: 400;\">Jakmile p\u0159id\u00e1te platebn\u00ed metodu nebo vlo\u017e\u00edte finan\u010dn\u00ed prost\u0159edky, m\u016f\u017eete si koupit Ethereum. Na hlavn\u00ed obrazovce klikn\u011bte na tla\u010d\u00edtko \"Buy Crypto\".<\/span><\/p>\n<p><span style=\"font-weight: 400;\">Str\u00e1nka \"Buy Crypto\" je velmi p\u0159ehledn\u00e1: Ve sloupci \"Utratit\" vyberte m\u011bnu, kterou chcete utratit, a zadejte \u010d\u00e1stku.<\/span><\/p>\n<p><img loading=\"lazy\" decoding=\"async\" class=\"alignnone wp-image-3249 size-full\" src=\"https:\/\/coinkickoff.com\/wp-content\/uploads\/binance-buy-sell-crypto.png\" alt=\"\" width=\"1056\" height=\"642\" srcset=\"https:\/\/coinkickoff.com\/wp-content\/uploads\/binance-buy-sell-crypto.png 1056w, https:\/\/coinkickoff.com\/wp-content\/uploads\/binance-buy-sell-crypto-300x182.png 300w, https:\/\/coinkickoff.com\/wp-content\/uploads\/binance-buy-sell-crypto-1024x623.png 1024w, https:\/\/coinkickoff.com\/wp-content\/uploads\/binance-buy-sell-crypto-768x467.png 768w, https:\/\/coinkickoff.com\/wp-content\/uploads\/binance-buy-sell-crypto-18x12.png 18w\" sizes=\"auto, (max-width: 1056px) 100vw, 1056px\" \/><\/p>\n<p><span style=\"font-weight: 400;\">Nastavte sloupec pro p\u0159\u00edjem na hodnotu ETH. Zde uvid\u00edte, kolik \u00e9ter\u016f za sv\u00e9 pen\u00edze obdr\u017e\u00edte.<\/span><\/p>\n<p><img loading=\"lazy\" decoding=\"async\" class=\"alignnone wp-image-3250 size-full\" src=\"https:\/\/coinkickoff.com\/wp-content\/uploads\/binance-buy-sell-crypto-2.png\" alt=\"\" width=\"1079\" height=\"634\" srcset=\"https:\/\/coinkickoff.com\/wp-content\/uploads\/binance-buy-sell-crypto-2.png 1079w, https:\/\/coinkickoff.com\/wp-content\/uploads\/binance-buy-sell-crypto-2-300x176.png 300w, https:\/\/coinkickoff.com\/wp-content\/uploads\/binance-buy-sell-crypto-2-1024x602.png 1024w, https:\/\/coinkickoff.com\/wp-content\/uploads\/binance-buy-sell-crypto-2-768x451.png 768w, https:\/\/coinkickoff.com\/wp-content\/uploads\/binance-buy-sell-crypto-2-18x12.png 18w\" sizes=\"auto, (max-width: 1079px) 100vw, 1079px\" \/><\/p>\n<p><span style=\"font-weight: 400;\">Nyn\u00ed klikn\u011bte na tla\u010d\u00edtko \"Koupit ETH\". Na dal\u0161\u00ed str\u00e1nce si m\u016f\u017eete vybrat zp\u016fsob platby a zobrazit podrobnosti objedn\u00e1vky v\u010detn\u011b p\u0159\u00edpadn\u00fdch poplatk\u016f.<\/span><\/p>\n<p><img loading=\"lazy\" decoding=\"async\" class=\"alignnone wp-image-3252 size-full\" src=\"https:\/\/coinkickoff.com\/wp-content\/uploads\/binance-crypto-buy-sell-5.png\" alt=\"Jak koupit Bitcoin na Binance\" width=\"1047\" height=\"640\" srcset=\"https:\/\/coinkickoff.com\/wp-content\/uploads\/binance-crypto-buy-sell-5.png 1047w, https:\/\/coinkickoff.com\/wp-content\/uploads\/binance-crypto-buy-sell-5-300x183.png 300w, https:\/\/coinkickoff.com\/wp-content\/uploads\/binance-crypto-buy-sell-5-1024x626.png 1024w, https:\/\/coinkickoff.com\/wp-content\/uploads\/binance-crypto-buy-sell-5-768x469.png 768w, https:\/\/coinkickoff.com\/wp-content\/uploads\/binance-crypto-buy-sell-5-18x12.png 18w\" sizes=\"auto, (max-width: 1047px) 100vw, 1047px\" \/><\/p>\n<p><span style=\"font-weight: 400;\">A je to! Douf\u00e1me, \u017ee jsme v\u00e1m pomohli nau\u010dit se, jak koupit Ethereum na Binance. M\u016f\u017eete se tak\u00e9 pod\u00edvat na na\u0161e pr\u016fvodce na t\u00e9ma <a href=\"https:\/\/coinkickoff.com\/cs\/how-to-buy-ethereum\/\">jak koupit Ethereum<\/a> na jin\u00fdch burz\u00e1ch.<\/span><\/p>","protected":false},"excerpt":{"rendered":"<p>Jak koupit Ethereum na Binance Binance je nejv\u011bt\u0161\u00ed kryptom\u011bnov\u00e1 burza na sv\u011bt\u011b podle objemu obchod\u016f a miliony lid\u00ed po cel\u00e9m sv\u011bt\u011b ji pou\u017e\u00edvaj\u00ed k n\u00e1kupu popul\u00e1rn\u00edch kryptoaktiv, jako jsou Bitcoin a Ethereum. V tomto pr\u016fvodci v\u00e1m vysv\u011btl\u00edme, jak nakoupit Ethereum na Binance, a to pomoc\u00ed pokyn\u016f krok za krokem. Pokud jste u\u017eivatel\u00e9 z USA, pros\u00edm, [...]<\/p>","protected":false},"author":3,"featured_media":0,"parent":3937,"menu_order":0,"comment_status":"closed","ping_status":"closed","template":"","meta":{"_genesis_hide_title":false,"_genesis_hide_breadcrumbs":false,"_genesis_hide_singular_image":false,"_genesis_hide_footer_widgets":false,"_genesis_custom_body_class":"","_genesis_custom_post_class":"","_genesis_layout":"","_glsr_average":0,"_glsr_ranking":0,"_glsr_reviews":0,"footnotes":""},"class_list":{"0":"post-3951","1":"page","2":"type-page","3":"status-publish","5":"entry"},"featured_image_src":null,"featured_image_src_square":null,"_links":{"self":[{"href":"https:\/\/coinkickoff.com\/cs\/wp-json\/wp\/v2\/pages\/3951","targetHints":{"allow":["GET"]}}],"collection":[{"href":"https:\/\/coinkickoff.com\/cs\/wp-json\/wp\/v2\/pages"}],"about":[{"href":"https:\/\/coinkickoff.com\/cs\/wp-json\/wp\/v2\/types\/page"}],"author":[{"embeddable":true,"href":"https:\/\/coinkickoff.com\/cs\/wp-json\/wp\/v2\/users\/3"}],"replies":[{"embeddable":true,"href":"https:\/\/coinkickoff.com\/cs\/wp-json\/wp\/v2\/comments?post=3951"}],"version-history":[{"count":1,"href":"https:\/\/coinkickoff.com\/cs\/wp-json\/wp\/v2\/pages\/3951\/revisions"}],"predecessor-version":[{"id":3953,"href":"https:\/\/coinkickoff.com\/cs\/wp-json\/wp\/v2\/pages\/3951\/revisions\/3953"}],"up":[{"embeddable":true,"href":"https:\/\/coinkickoff.com\/cs\/wp-json\/wp\/v2\/pages\/3937"}],"wp:attachment":[{"href":"https:\/\/coinkickoff.com\/cs\/wp-json\/wp\/v2\/media?parent=3951"}],"curies":[{"name":"wp","href":"https:\/\/api.w.org\/{rel}","templated":true}]}}