{"id":3920,"date":"2026-01-08T14:07:48","date_gmt":"2026-01-08T14:07:48","guid":{"rendered":"https:\/\/coinkickoff.com\/?page_id=3920"},"modified":"2026-01-08T14:07:48","modified_gmt":"2026-01-08T14:07:48","slug":"how-to-buy-bitcoin-on-kraken","status":"publish","type":"page","link":"https:\/\/coinkickoff.com\/cs\/how-to-buy-bitcoin\/how-to-buy-bitcoin-on-kraken\/","title":{"rendered":"Jak koupit Bitcoin na Krakenu"},"content":{"rendered":"<div id=\"ez-toc-container\" class=\"ez-toc-v2_0_80 counter-hierarchy ez-toc-counter ez-toc-transparent ez-toc-container-direction\">\n<div class=\"ez-toc-title-container\">\n<p class=\"ez-toc-title\" style=\"cursor:inherit\">Sekce<\/p>\n<span class=\"ez-toc-title-toggle\"><a href=\"#\" class=\"ez-toc-pull-right ez-toc-btn ez-toc-btn-xs ez-toc-btn-default ez-toc-toggle\" aria-label=\"P\u0159epnut\u00ed tabulky obsahu\"><span class=\"ez-toc-js-icon-con\"><span class=\"\"><span class=\"eztoc-hide\" style=\"display:none;\">P\u0159ep\u00edna\u010d<\/span><span class=\"ez-toc-icon-toggle-span\"><svg style=\"fill: #999;color:#999\" xmlns=\"http:\/\/www.w3.org\/2000\/svg\" class=\"list-377408\" width=\"20px\" height=\"20px\" viewbox=\"0 0 24 24\" fill=\"none\"><path d=\"M6 6H4v2h2V6zm14 0H8v2h12V6zM4 11h2v2H4v-2zm16 0H8v2h12v-2zM4 16h2v2H4v-2zm16 0H8v2h12v-2z\" fill=\"currentColor\"><\/path><\/svg><svg style=\"fill: #999;color:#999\" class=\"arrow-unsorted-368013\" xmlns=\"http:\/\/www.w3.org\/2000\/svg\" width=\"10px\" height=\"10px\" viewbox=\"0 0 24 24\" version=\"1.2\" baseprofile=\"tiny\"><path d=\"M18.2 9.3l-6.2-6.3-6.2 6.3c-.2.2-.3.4-.3.7s.1.5.3.7c.2.2.4.3.7.3h11c.3 0 .5-.1.7-.3.2-.2.3-.5.3-.7s-.1-.5-.3-.7zM5.8 14.7l6.2 6.3 6.2-6.3c.2-.2.3-.5.3-.7s-.1-.5-.3-.7c-.2-.2-.4-.3-.7-.3h-11c-.3 0-.5.1-.7.3-.2.2-.3.5-.3.7s.1.5.3.7z\"\/><\/svg><\/span><\/span><\/span><\/a><\/span><\/div>\n<nav><ul class='ez-toc-list ez-toc-list-level-1 eztoc-toggle-hide-by-default' ><li class='ez-toc-page-1 ez-toc-heading-level-1'><a class=\"ez-toc-link ez-toc-heading-1\" href=\"https:\/\/coinkickoff.com\/cs\/how-to-buy-bitcoin\/how-to-buy-bitcoin-on-kraken\/#How_to_Buy_Bitcoin_on_Kraken\" >Jak koupit Bitcoin na Krakenu<\/a><ul class='ez-toc-list-level-2' ><li class='ez-toc-heading-level-2'><a class=\"ez-toc-link ez-toc-heading-2\" href=\"https:\/\/coinkickoff.com\/cs\/how-to-buy-bitcoin\/how-to-buy-bitcoin-on-kraken\/#A_Step-By-Step_Guide_on_How_to_Buy_Bitcoin_on_Kraken\" >Pr\u016fvodce krok za krokem, jak koupit Bitcoin na Krakenu<\/a><ul class='ez-toc-list-level-3' ><li class='ez-toc-heading-level-3'><a class=\"ez-toc-link ez-toc-heading-3\" href=\"https:\/\/coinkickoff.com\/cs\/how-to-buy-bitcoin\/how-to-buy-bitcoin-on-kraken\/#1_Register_an_Account_on_Kraken\" >1. Registrace \u00fa\u010dtu na Krakenu<\/a><\/li><li class='ez-toc-page-1 ez-toc-heading-level-3'><a class=\"ez-toc-link ez-toc-heading-4\" href=\"https:\/\/coinkickoff.com\/cs\/how-to-buy-bitcoin\/how-to-buy-bitcoin-on-kraken\/#2_Verify_Your_Account\" >2. Ov\u011b\u0159te sv\u016fj \u00fa\u010det<\/a><\/li><li class='ez-toc-page-1 ez-toc-heading-level-3'><a class=\"ez-toc-link ez-toc-heading-5\" href=\"https:\/\/coinkickoff.com\/cs\/how-to-buy-bitcoin\/how-to-buy-bitcoin-on-kraken\/#3_Enable_2FA\" >3. Povolen\u00ed 2FA<\/a><\/li><li class='ez-toc-page-1 ez-toc-heading-level-3'><a class=\"ez-toc-link ez-toc-heading-6\" href=\"https:\/\/coinkickoff.com\/cs\/how-to-buy-bitcoin\/how-to-buy-bitcoin-on-kraken\/#4_Add_an_Instant_Payment_Method\" >4. P\u0159id\u00e1n\u00ed metody okam\u017eit\u00e9 platby<\/a><\/li><li class='ez-toc-page-1 ez-toc-heading-level-3'><a class=\"ez-toc-link ez-toc-heading-7\" href=\"https:\/\/coinkickoff.com\/cs\/how-to-buy-bitcoin\/how-to-buy-bitcoin-on-kraken\/#4_Navigate_to_the_Relevant_Screen_to_Buy\" >4. P\u0159ejd\u011bte na p\u0159\u00edslu\u0161nou obrazovku a nakupte<\/a><\/li><\/ul><\/li><\/ul><\/li><\/ul><\/nav><\/div>\n<h1><span class=\"ez-toc-section\" id=\"How_to_Buy_Bitcoin_on_Kraken\"><\/span><span style=\"font-weight: 400;\">Jak koupit Bitcoin na Krakenu<\/span><span class=\"ez-toc-section-end\"><\/span><\/h1>\n<p><span style=\"font-weight: 400;\"><a href=\"https:\/\/coinkickoff.com\/cs\/kraken-review\/\">Kraken<\/a> je zku\u0161en\u00e1 americk\u00e1 burza, kter\u00e1 je zn\u00e1m\u00e1 svou vysokou \u00farovn\u00ed zabezpe\u010den\u00ed. M\u016f\u017eete si koupit n\u011bkolik altcoins, stejn\u011b jako <a href=\"https:\/\/coinkickoff.com\/cs\/bitcoin-btc\/\">Bitcoin<\/a> na platform\u011b. Zde je n\u00e1\u0161 n\u00e1vod, jak nakupovat <a href=\"https:\/\/coinkickoff.com\/cs\/bitcoin-btc\/\" data-internallinksmanager029f6b8e52c=\"1\" title=\"Co je Bitcoin (BTC)? Cena, historie a kde koupit\">Bitcoin<\/a> na adrese <a href=\"https:\/\/coinkickoff.com\/cs\/kraken-review\/\" data-internallinksmanager029f6b8e52c=\"171\" title=\"Recenze Kraken 2023: Poplatky, funkce, bezpe\u010dnost, v\u00fdhody a nev\u00fdhody\">Kraken<\/a>.<\/span><\/p>\n<h2><span class=\"ez-toc-section\" id=\"A_Step-By-Step_Guide_on_How_to_Buy_Bitcoin_on_Kraken\"><\/span><span style=\"font-weight: 400;\">Pr\u016fvodce krok za krokem, jak koupit Bitcoin na Krakenu<\/span><span class=\"ez-toc-section-end\"><\/span><\/h2>\n<h3><span class=\"ez-toc-section\" id=\"1_Register_an_Account_on_Kraken\"><\/span><span style=\"font-weight: 400;\">1. Registrace \u00fa\u010dtu na Krakenu<\/span><span class=\"ez-toc-section-end\"><\/span><\/h3>\n<p><a href=\"https:\/\/kraken.pxf.io\/B0Rny4\" rel=\"nofollow noopener\" target=\"_blank\"><img loading=\"lazy\" decoding=\"async\" class=\"alignnone wp-image-3406 size-full\" src=\"https:\/\/coinkickoff.com\/wp-content\/uploads\/kraken1-e1682502957481.png\" alt=\"jak koupit Dogecoin na Krakenu\" width=\"1339\" height=\"763\" srcset=\"https:\/\/coinkickoff.com\/wp-content\/uploads\/kraken1-e1682502957481.png 1339w, https:\/\/coinkickoff.com\/wp-content\/uploads\/kraken1-e1682502957481-300x171.png 300w, https:\/\/coinkickoff.com\/wp-content\/uploads\/kraken1-e1682502957481-1024x584.png 1024w, https:\/\/coinkickoff.com\/wp-content\/uploads\/kraken1-e1682502957481-768x438.png 768w, https:\/\/coinkickoff.com\/wp-content\/uploads\/kraken1-e1682502957481-18x10.png 18w\" sizes=\"auto, (max-width: 1339px) 100vw, 1339px\" \/><\/a><\/p>\n<p><span style=\"font-weight: 400;\"><a href=\"https:\/\/kraken.pxf.io\/B0Rny4\" rel=\"nofollow noopener\" target=\"_blank\">Za\u010dn\u011bte t\u00edm, \u017ee nav\u0161t\u00edv\u00edte webov\u00e9 str\u00e1nky spole\u010dnosti Kraken a otev\u0159ete si \u00fa\u010det.<\/a>. Spole\u010dnost Kraken v\u00e1m za\u0161le aktiva\u010dn\u00ed odkaz na va\u0161i e-mailovou adresu, abyste dokon\u010dili registraci. Pomoc\u00ed tohoto odkazu se p\u0159ihlaste ke sv\u00e9mu \u00fa\u010dtu.<\/span><\/p>\n<h3><span class=\"ez-toc-section\" id=\"2_Verify_Your_Account\"><\/span><span style=\"font-weight: 400;\">2. Ov\u011b\u0159te sv\u016fj \u00fa\u010det<\/span><span class=\"ez-toc-section-end\"><\/span><\/h3>\n<p><span style=\"font-weight: 400;\">Pro n\u00e1kup a obchodov\u00e1n\u00ed s kryptom\u011bnami na Krakenu mus\u00edte dokon\u010dit ov\u011b\u0159en\u00ed toto\u017enosti. V\u00fdzvu k ov\u011b\u0159en\u00ed spust\u00edte kliknut\u00edm na tla\u010d\u00edtko \"Buy Crypto\".<\/span><\/p>\n<p><a href=\"https:\/\/kraken.pxf.io\/B0Rny4\" rel=\"nofollow noopener\" target=\"_blank\"><img loading=\"lazy\" decoding=\"async\" class=\"alignnone wp-image-3407 size-full\" src=\"https:\/\/coinkickoff.com\/wp-content\/uploads\/kraken2-e1686524781685.png\" alt=\"varov\u00e1n\u00ed p\u0159ed ov\u011b\u0159en\u00edm krakena\" width=\"1360\" height=\"791\" srcset=\"https:\/\/coinkickoff.com\/wp-content\/uploads\/kraken2-e1686524781685.png 1360w, https:\/\/coinkickoff.com\/wp-content\/uploads\/kraken2-e1686524781685-300x174.png 300w, https:\/\/coinkickoff.com\/wp-content\/uploads\/kraken2-e1686524781685-1024x596.png 1024w, https:\/\/coinkickoff.com\/wp-content\/uploads\/kraken2-e1686524781685-768x447.png 768w, https:\/\/coinkickoff.com\/wp-content\/uploads\/kraken2-e1686524781685-18x10.png 18w\" sizes=\"auto, (max-width: 1360px) 100vw, 1360px\" \/><\/a><\/p>\n<p><span style=\"font-weight: 400;\">Vypl\u0148te identifika\u010dn\u00ed formul\u00e1\u0159. Ujist\u011bte se, \u017ee va\u0161e \u00fadaje odpov\u00eddaj\u00ed doklad\u016fm toto\u017enosti. Klikn\u011bte na tla\u010d\u00edtko \"Pokra\u010dovat\".<\/span><\/p>\n<p><a href=\"https:\/\/kraken.pxf.io\/B0Rny4\" rel=\"nofollow noopener\" target=\"_blank\"><img loading=\"lazy\" decoding=\"async\" class=\"alignnone wp-image-3408 size-full\" src=\"https:\/\/coinkickoff.com\/wp-content\/uploads\/kraken3-e1682503223180.png\" alt=\"\" width=\"1375\" height=\"777\" srcset=\"https:\/\/coinkickoff.com\/wp-content\/uploads\/kraken3-e1682503223180.png 1375w, https:\/\/coinkickoff.com\/wp-content\/uploads\/kraken3-e1682503223180-300x170.png 300w, https:\/\/coinkickoff.com\/wp-content\/uploads\/kraken3-e1682503223180-1024x579.png 1024w, https:\/\/coinkickoff.com\/wp-content\/uploads\/kraken3-e1682503223180-768x434.png 768w, https:\/\/coinkickoff.com\/wp-content\/uploads\/kraken3-e1682503223180-18x10.png 18w, https:\/\/coinkickoff.com\/wp-content\/uploads\/kraken3-e1682503223180-600x338.png 600w\" sizes=\"auto, (max-width: 1375px) 100vw, 1375px\" \/><\/a><\/p>\n<p><span style=\"font-weight: 400;\">Na dal\u0161\u00ed str\u00e1nce budete vyzv\u00e1ni k nahr\u00e1n\u00ed ofici\u00e1ln\u00edho pr\u016fkazu toto\u017enosti s fotografi\u00ed. M\u016f\u017eete nahr\u00e1t fotografii ob\u010dansk\u00e9ho pr\u016fkazu, str\u00e1nky pasu nebo \u0159idi\u010dsk\u00e9ho pr\u016fkazu.<\/span><\/p>\n<h3><span class=\"ez-toc-section\" id=\"3_Enable_2FA\"><\/span><span style=\"font-weight: 400;\">3. Povolen\u00ed 2FA<\/span><span class=\"ez-toc-section-end\"><\/span><\/h3>\n<p><span style=\"font-weight: 400;\">P\u0159ed proveden\u00edm vkladu na Kraken p\u0159ejd\u011bte do sv\u00e9ho profilu a nastaven\u00ed zabezpe\u010den\u00ed a zapn\u011bte 2FA. T\u00edm zajist\u00edte, \u017ee v\u00e1\u0161 \u00fa\u010det bude chr\u00e1n\u011bn i v p\u0159\u00edpad\u011b prozrazen\u00ed hesla.\u00a0<\/span><\/p>\n<p><img loading=\"lazy\" decoding=\"async\" class=\"alignnone wp-image-3409 size-full\" src=\"https:\/\/coinkickoff.com\/wp-content\/uploads\/kraken4-e1682503267822.png\" alt=\"\" width=\"1360\" height=\"795\" srcset=\"https:\/\/coinkickoff.com\/wp-content\/uploads\/kraken4-e1682503267822.png 1360w, https:\/\/coinkickoff.com\/wp-content\/uploads\/kraken4-e1682503267822-300x175.png 300w, https:\/\/coinkickoff.com\/wp-content\/uploads\/kraken4-e1682503267822-1024x599.png 1024w, https:\/\/coinkickoff.com\/wp-content\/uploads\/kraken4-e1682503267822-768x449.png 768w, https:\/\/coinkickoff.com\/wp-content\/uploads\/kraken4-e1682503267822-18x12.png 18w\" sizes=\"auto, (max-width: 1360px) 100vw, 1360px\" \/><\/p>\n<p><span style=\"font-weight: 400;\">Kraken vy\u017eaduje, abyste si 2FA zapnuli pro p\u0159ihla\u0161ov\u00e1n\u00ed, ale m\u016f\u017eete si ho zapnout i pro dal\u0161\u00ed operace, v\u010detn\u011b financov\u00e1n\u00ed a obchodov\u00e1n\u00ed. Proces zah\u00e1j\u00edte jednodu\u0161e kliknut\u00edm na tla\u010d\u00edtko \"Aktivovat nyn\u00ed\".<\/span><\/p>\n<p><a href=\"https:\/\/kraken.pxf.io\/B0Rny4\" rel=\"nofollow noopener\" target=\"_blank\"><span style=\"font-weight: 400;\"><img loading=\"lazy\" decoding=\"async\" class=\"alignnone wp-image-3405 size-full\" src=\"https:\/\/coinkickoff.com\/wp-content\/uploads\/kraken-5-e1682503294785.png\" alt=\"\" width=\"1357\" height=\"770\" srcset=\"https:\/\/coinkickoff.com\/wp-content\/uploads\/kraken-5-e1682503294785.png 1357w, https:\/\/coinkickoff.com\/wp-content\/uploads\/kraken-5-e1682503294785-300x170.png 300w, https:\/\/coinkickoff.com\/wp-content\/uploads\/kraken-5-e1682503294785-1024x581.png 1024w, https:\/\/coinkickoff.com\/wp-content\/uploads\/kraken-5-e1682503294785-768x436.png 768w, https:\/\/coinkickoff.com\/wp-content\/uploads\/kraken-5-e1682503294785-18x10.png 18w\" sizes=\"auto, (max-width: 1357px) 100vw, 1357px\" \/><\/span><\/a><\/p>\n<p><span style=\"font-weight: 400;\">Nejprve si st\u00e1hn\u011bte aplikaci Google Authenticator. Aplikace vygeneruje bezpe\u010dnostn\u00ed k\u00f3d, kdy\u017e naskenujete QR k\u00f3d na str\u00e1nce nastaven\u00ed 2FA. Zadejte k\u00f3d a klikn\u011bte na tla\u010d\u00edtko \"Potvrdit\".<\/span><\/p>\n<p><img loading=\"lazy\" decoding=\"async\" class=\"alignnone wp-image-3410 size-full\" src=\"https:\/\/coinkickoff.com\/wp-content\/uploads\/kraken6-e1682503322525.png\" alt=\"\" width=\"1357\" height=\"791\" \/><\/p>\n<h3><span class=\"ez-toc-section\" id=\"4_Add_an_Instant_Payment_Method\"><\/span><span style=\"font-weight: 400;\">4. P\u0159id\u00e1n\u00ed metody okam\u017eit\u00e9 platby<\/span><span class=\"ez-toc-section-end\"><\/span><\/h3>\n<p><span style=\"font-weight: 400;\">Kdy\u017e si p\u0159id\u00e1te metodu okam\u017eit\u00e9 platby, m\u016f\u017eete si na Krakenu jedn\u00edm kliknut\u00edm koupit Bitcoin nebo jin\u00e9 digit\u00e1ln\u00ed m\u011bny. K tomu sta\u010d\u00ed kliknout na tla\u010d\u00edtko \"Koupit kryptom\u011bnu\". Na dal\u0161\u00ed str\u00e1nce vyberte mo\u017enost \"P\u0159idat platebn\u00ed metody\".\u00a0<\/span><\/p>\n<p><img loading=\"lazy\" decoding=\"async\" class=\"alignnone wp-image-3412 size-full\" src=\"https:\/\/coinkickoff.com\/wp-content\/uploads\/kraken8-e1682503364155.png\" alt=\"jak koupit Shiba Inu na Krakenu\" width=\"1206\" height=\"781\" srcset=\"https:\/\/coinkickoff.com\/wp-content\/uploads\/kraken8-e1682503364155.png 1206w, https:\/\/coinkickoff.com\/wp-content\/uploads\/kraken8-e1682503364155-300x194.png 300w, https:\/\/coinkickoff.com\/wp-content\/uploads\/kraken8-e1682503364155-1024x663.png 1024w, https:\/\/coinkickoff.com\/wp-content\/uploads\/kraken8-e1682503364155-768x497.png 768w, https:\/\/coinkickoff.com\/wp-content\/uploads\/kraken8-e1682503364155-18x12.png 18w\" sizes=\"auto, (max-width: 1206px) 100vw, 1206px\" \/><\/p>\n<p><span style=\"font-weight: 400;\">Vyberte mo\u017enost \"P\u0159idat platebn\u00ed kartu\".<\/span><\/p>\n<p><img loading=\"lazy\" decoding=\"async\" class=\"alignnone wp-image-3413 size-full\" src=\"https:\/\/coinkickoff.com\/wp-content\/uploads\/kraken9-e1682503407337.png\" alt=\"Jak koupit Bitcoin na Krakenu\" width=\"1196\" height=\"776\" srcset=\"https:\/\/coinkickoff.com\/wp-content\/uploads\/kraken9-e1682503407337.png 1196w, https:\/\/coinkickoff.com\/wp-content\/uploads\/kraken9-e1682503407337-300x195.png 300w, https:\/\/coinkickoff.com\/wp-content\/uploads\/kraken9-e1682503407337-1024x664.png 1024w, https:\/\/coinkickoff.com\/wp-content\/uploads\/kraken9-e1682503407337-768x498.png 768w, https:\/\/coinkickoff.com\/wp-content\/uploads\/kraken9-e1682503407337-18x12.png 18w\" sizes=\"auto, (max-width: 1196px) 100vw, 1196px\" \/><\/p>\n<p><span style=\"font-weight: 400;\">Na dal\u0161\u00ed str\u00e1nce zadejte \u00fadaje o sv\u00e9 kart\u011b. Po p\u0159id\u00e1n\u00ed karty si m\u016f\u017eete na platform\u011b okam\u017eit\u011b zakoupit Bitcoin.<\/span><\/p>\n<h3><span class=\"ez-toc-section\" id=\"4_Navigate_to_the_Relevant_Screen_to_Buy\"><\/span><span style=\"font-weight: 400;\">4. P\u0159ejd\u011bte na p\u0159\u00edslu\u0161nou obrazovku a nakupte<\/span><span class=\"ez-toc-section-end\"><\/span><\/h3>\n<p><span style=\"font-weight: 400;\">Existuj\u00ed dva zp\u016fsoby, jak si koupit Bitcoin na <a href=\"https:\/\/coinkickoff.com\/cs\/binance-review\/\" data-internallinksmanager029f6b8e52c=\"152\" title=\"Binance Recenze 2024: Funkce, poplatky, bezpe\u010dnost, klady a z\u00e1pory\">Binance<\/a>. Pokud jste si k \u00fa\u010dtu p\u0159idali kreditn\u00ed nebo debetn\u00ed kartu, m\u016f\u017eete vyu\u017e\u00edt funkci okam\u017eit\u00e9ho n\u00e1kupu. Pokud jste na sv\u016fj \u00fa\u010det vlo\u017eili hotovost, m\u016f\u017eete USD p\u0159ev\u00e9st na BTC.<\/span><\/p>\n<p><span style=\"font-weight: 400;\">Za\u010dn\u011bme n\u00e1kupy kreditn\u00ed kartou. Znovu klikn\u011bte na \"Buy Crypto\" a vyberte \"Buy\".<\/span><\/p>\n<p><span style=\"font-weight: 400;\">Kraken umo\u017e\u0148uje nakupovat n\u011bkolik digit\u00e1ln\u00edch aktiv p\u0159\u00edmo za fiat, v\u010detn\u011b Bitcoin. Sta\u010d\u00ed do vyhled\u00e1vac\u00edho \u0159\u00e1dku zadat BTC a ze seznamu vybrat Bitcoin.\u00a0<\/span><\/p>\n<p><span style=\"font-weight: 400;\">V objedn\u00e1vkov\u00e9m formul\u00e1\u0159i zadejte \u010d\u00e1stku, kterou chcete utratit za BTC, a jako zp\u016fsob platby vyberte svou kartu.<\/span><\/p>\n<p><span style=\"font-weight: 400;\">Po kliknut\u00ed na tla\u010d\u00edtko \"Potvrdit\" se zobraz\u00ed poplatky, kter\u00e9 byly k n\u00e1kupu p\u0159ipo\u010dteny. P\u0159i n\u00e1kupu kreditn\u00ed a debetn\u00ed kartou se k objedn\u00e1vce p\u0159ipo\u010d\u00edt\u00e1v\u00e1 poplatek 3-5%, tak\u017ee se m\u016f\u017ee trochu prodra\u017eit. Je v\u0161ak stejn\u00fd t\u00e9m\u011b\u0159 na ka\u017ed\u00e9 burze.<\/span><\/p>\n<p><span style=\"font-weight: 400;\">Pokud jste na sv\u016fj \u00fa\u010det u Krakenu vlo\u017eili hotovost, m\u016f\u017eete vym\u011bnit USD za BTC nebo p\u0159ev\u00e9st USD na BTC pomoc\u00ed n\u00e1stroje <\/span><a href=\"https:\/\/kraken.pxf.io\/B0Rny4convert\/shib\/usd\" target=\"_blank\" rel=\"noopener\"><span style=\"font-weight: 400;\">automatick\u00fd p\u0159evodn\u00edk<\/span><\/a><span style=\"font-weight: 400;\">. Nen\u00ed to tak jednoduch\u00e9 a rychl\u00e9 jako n\u00e1kup jedn\u00edm kliknut\u00edm, ale poplatky jsou mnohem ni\u017e\u0161\u00ed.<\/span><\/p>\n<p><span style=\"font-weight: 400;\">Automatick\u00fd konvertor se velmi snadno pou\u017e\u00edv\u00e1, ale m\u00e1 nastavenou obchodn\u00ed sazbu. Jin\u00fdmi slovy, p\u0159i pou\u017eit\u00ed t\u00e9to metody rozhoduje o cen\u011b BTC spole\u010dnost Kraken.<\/span><\/p>\n<p><span style=\"font-weight: 400;\">Pokud chcete vyjedn\u00e1vat o cen\u00e1ch, m\u016f\u017eete si v obchodn\u00edm rozhran\u00ed zalo\u017eit vlastn\u00ed obchod. Klikn\u011bte na tla\u010d\u00edtko \"Obchod\" a vyberte mo\u017enost \"Nov\u00e1 objedn\u00e1vka\". Nastavte sv\u016fj obchodn\u00ed p\u00e1r us USD\/BTC.<\/span><\/p>\n<p><span style=\"font-weight: 400;\">Nyn\u00ed zadejte \u010d\u00e1stku, kterou chcete utratit za Bitcoin. Kraken v\u00e1m nab\u00edz\u00ed tr\u017en\u00ed sazbu za BTC, ale cenu m\u016f\u017eete upravit. Pokud je v\u00e1mi nastaven\u00e1 cena ni\u017e\u0161\u00ed ne\u017e tr\u017en\u00ed cena, mus\u00edte po\u010dkat, a\u017e n\u011bkdo va\u0161i nab\u00eddku p\u0159ijme, a teprve pak z\u00edsk\u00e1te Bitcoin.<\/span><\/p>","protected":false},"excerpt":{"rendered":"<p>Jak koupit Bitcoin na burze Kraken Kraken je veter\u00e1nsk\u00e1 burza se s\u00eddlem v USA, kter\u00e1 je zn\u00e1m\u00e1 svou vysokou \u00farovn\u00ed zabezpe\u010den\u00ed. Na platform\u011b si m\u016f\u017eete koupit n\u011bkolik altcoins i Bitcoin. Zde je n\u00e1\u0161 n\u00e1vod, jak nakoupit Bitcoin na Krakenu. Pr\u016fvodce krok za krokem, jak koupit Bitcoin na Krakenu 1. [...]<\/p>","protected":false},"author":3,"featured_media":0,"parent":3885,"menu_order":0,"comment_status":"closed","ping_status":"closed","template":"","meta":{"_genesis_hide_title":false,"_genesis_hide_breadcrumbs":false,"_genesis_hide_singular_image":false,"_genesis_hide_footer_widgets":false,"_genesis_custom_body_class":"","_genesis_custom_post_class":"","_genesis_layout":"","_glsr_average":0,"_glsr_ranking":0,"_glsr_reviews":0,"footnotes":""},"class_list":{"0":"post-3920","1":"page","2":"type-page","3":"status-publish","5":"entry"},"featured_image_src":null,"featured_image_src_square":null,"_links":{"self":[{"href":"https:\/\/coinkickoff.com\/cs\/wp-json\/wp\/v2\/pages\/3920","targetHints":{"allow":["GET"]}}],"collection":[{"href":"https:\/\/coinkickoff.com\/cs\/wp-json\/wp\/v2\/pages"}],"about":[{"href":"https:\/\/coinkickoff.com\/cs\/wp-json\/wp\/v2\/types\/page"}],"author":[{"embeddable":true,"href":"https:\/\/coinkickoff.com\/cs\/wp-json\/wp\/v2\/users\/3"}],"replies":[{"embeddable":true,"href":"https:\/\/coinkickoff.com\/cs\/wp-json\/wp\/v2\/comments?post=3920"}],"version-history":[{"count":3,"href":"https:\/\/coinkickoff.com\/cs\/wp-json\/wp\/v2\/pages\/3920\/revisions"}],"predecessor-version":[{"id":4245,"href":"https:\/\/coinkickoff.com\/cs\/wp-json\/wp\/v2\/pages\/3920\/revisions\/4245"}],"up":[{"embeddable":true,"href":"https:\/\/coinkickoff.com\/cs\/wp-json\/wp\/v2\/pages\/3885"}],"wp:attachment":[{"href":"https:\/\/coinkickoff.com\/cs\/wp-json\/wp\/v2\/media?parent=3920"}],"curies":[{"name":"wp","href":"https:\/\/api.w.org\/{rel}","templated":true}]}}