{"id":3899,"date":"2026-01-08T14:07:44","date_gmt":"2026-01-08T14:07:44","guid":{"rendered":"https:\/\/coinkickoff.com\/?page_id=3899"},"modified":"2026-01-08T14:07:44","modified_gmt":"2026-01-08T14:07:44","slug":"how-to-buy-bitcoin-on-coinbase","status":"publish","type":"page","link":"https:\/\/coinkickoff.com\/cs\/how-to-buy-bitcoin\/how-to-buy-bitcoin-on-coinbase\/","title":{"rendered":"Jak koupit Bitcoin na Coinbase"},"content":{"rendered":"<div id=\"ez-toc-container\" class=\"ez-toc-v2_0_80 counter-hierarchy ez-toc-counter ez-toc-transparent ez-toc-container-direction\">\n<div class=\"ez-toc-title-container\">\n<p class=\"ez-toc-title\" style=\"cursor:inherit\">Sekce<\/p>\n<span class=\"ez-toc-title-toggle\"><a href=\"#\" class=\"ez-toc-pull-right ez-toc-btn ez-toc-btn-xs ez-toc-btn-default ez-toc-toggle\" aria-label=\"P\u0159epnut\u00ed tabulky obsahu\"><span class=\"ez-toc-js-icon-con\"><span class=\"\"><span class=\"eztoc-hide\" style=\"display:none;\">P\u0159ep\u00edna\u010d<\/span><span class=\"ez-toc-icon-toggle-span\"><svg style=\"fill: #999;color:#999\" xmlns=\"http:\/\/www.w3.org\/2000\/svg\" class=\"list-377408\" width=\"20px\" height=\"20px\" viewbox=\"0 0 24 24\" fill=\"none\"><path d=\"M6 6H4v2h2V6zm14 0H8v2h12V6zM4 11h2v2H4v-2zm16 0H8v2h12v-2zM4 16h2v2H4v-2zm16 0H8v2h12v-2z\" fill=\"currentColor\"><\/path><\/svg><svg style=\"fill: #999;color:#999\" class=\"arrow-unsorted-368013\" xmlns=\"http:\/\/www.w3.org\/2000\/svg\" width=\"10px\" height=\"10px\" viewbox=\"0 0 24 24\" version=\"1.2\" baseprofile=\"tiny\"><path d=\"M18.2 9.3l-6.2-6.3-6.2 6.3c-.2.2-.3.4-.3.7s.1.5.3.7c.2.2.4.3.7.3h11c.3 0 .5-.1.7-.3.2-.2.3-.5.3-.7s-.1-.5-.3-.7zM5.8 14.7l6.2 6.3 6.2-6.3c.2-.2.3-.5.3-.7s-.1-.5-.3-.7c-.2-.2-.4-.3-.7-.3h-11c-.3 0-.5.1-.7.3-.2.2-.3.5-.3.7s.1.5.3.7z\"\/><\/svg><\/span><\/span><\/span><\/a><\/span><\/div>\n<nav><ul class='ez-toc-list ez-toc-list-level-1 eztoc-toggle-hide-by-default' ><li class='ez-toc-page-1 ez-toc-heading-level-2'><a class=\"ez-toc-link ez-toc-heading-1\" href=\"https:\/\/coinkickoff.com\/cs\/how-to-buy-bitcoin\/how-to-buy-bitcoin-on-coinbase\/#How_to_Buy_Bitcoin_on_Coinbase\" >Jak koupit Bitcoin na Coinbase<\/a><\/li><li class='ez-toc-page-1 ez-toc-heading-level-2'><a class=\"ez-toc-link ez-toc-heading-2\" href=\"https:\/\/coinkickoff.com\/cs\/how-to-buy-bitcoin\/how-to-buy-bitcoin-on-coinbase\/#A_Step-By-Step_Guide_on_How_to_Buy_Bitcoin_on_Coinbase\" >Pr\u016fvodce krok za krokem, jak koupit Bitcoin na Coinbase<\/a><ul class='ez-toc-list-level-3' ><li class='ez-toc-heading-level-3'><a class=\"ez-toc-link ez-toc-heading-3\" href=\"https:\/\/coinkickoff.com\/cs\/how-to-buy-bitcoin\/how-to-buy-bitcoin-on-coinbase\/#1_Register_an_Account\" >1. Registrace \u00fa\u010dtu<\/a><\/li><li class='ez-toc-page-1 ez-toc-heading-level-3'><a class=\"ez-toc-link ez-toc-heading-4\" href=\"https:\/\/coinkickoff.com\/cs\/how-to-buy-bitcoin\/how-to-buy-bitcoin-on-coinbase\/#2_Verify_Your_Account\" >2. Ov\u011b\u0159te sv\u016fj \u00fa\u010det<\/a><\/li><li class='ez-toc-page-1 ez-toc-heading-level-3'><a class=\"ez-toc-link ez-toc-heading-5\" href=\"https:\/\/coinkickoff.com\/cs\/how-to-buy-bitcoin\/how-to-buy-bitcoin-on-coinbase\/#3_Deposit_FundsCrypto\" >3. Vkladov\u00e9 fondy \/ krypto<\/a><\/li><li class='ez-toc-page-1 ez-toc-heading-level-3'><a class=\"ez-toc-link ez-toc-heading-6\" href=\"https:\/\/coinkickoff.com\/cs\/how-to-buy-bitcoin\/how-to-buy-bitcoin-on-coinbase\/#4_Navigate_to_the_Relevant_Screen_to_Buy\" >4. P\u0159ejd\u011bte na p\u0159\u00edslu\u0161nou obrazovku a nakupte<\/a><\/li><\/ul><\/li><\/ul><\/nav><\/div>\n<h2><span class=\"ez-toc-section\" id=\"How_to_Buy_Bitcoin_on_Coinbase\"><\/span><span style=\"font-weight: 400;\">Jak koupit Bitcoin na Coinbase<\/span><span class=\"ez-toc-section-end\"><\/span><\/h2>\n<p><span style=\"font-weight: 400;\">Pokud v\u00edte n\u011bco o <a href=\"https:\/\/coinkickoff.com\/cs\/bitcoin-btc\/\" data-internallinksmanager029f6b8e52c=\"1\" title=\"Co je Bitcoin (BTC)? Cena, historie a kde koupit\">Bitcoin<\/a>, mo\u017en\u00e1 jste ji\u017e sly\u0161eli o <a href=\"https:\/\/coinkickoff.com\/cs\/coinbase-review\/\" data-internallinksmanager029f6b8e52c=\"142\" title=\"Coinbase Recenze 2024: Funkce, poplatky, bezpe\u010dnost, klady a z\u00e1pory\">Coinbase<\/a>, jeden z p\u0159edn\u00edch <a href=\"https:\/\/coinkickoff.com\/cs\/crypto-exchanges\/\" data-internallinksmanager029f6b8e52c=\"141\" title=\"21 Nejlep\u0161\u00ed kryptom\u011bnov\u00e9 burzy a aplikace v roce 2024\">kryptom\u011bnov\u00e9 burzy<\/a> na sv\u011bt\u011b.<\/span><\/p>\n<p><span style=\"font-weight: 400;\">Coinbase je digit\u00e1ln\u00ed sm\u011bn\u00e1rna se s\u00eddlem v USA, kter\u00e1 je zn\u00e1m\u00e1 sv\u00fdm snadn\u00fdm pou\u017e\u00edv\u00e1n\u00edm a dodr\u017eov\u00e1n\u00edm z\u00e1kon\u016f a p\u0159edpis\u016f zem\u00ed, ve kter\u00fdch p\u016fsob\u00ed. V mo\u0159i divok\u00fdch a \u010dasto neregulovan\u00fdch kryptoburz z\u016fst\u00e1v\u00e1 maj\u00e1kem stability, a proto je \u010dasto doporu\u010dov\u00e1na za\u010d\u00ednaj\u00edc\u00edm obchodn\u00edk\u016fm jako d\u016fv\u011bryhodn\u00e1 volba.\u00a0<\/span><\/p>\n<p><span style=\"font-weight: 400;\">Pokud chcete za\u010d\u00edt svou vlastn\u00ed kryptom\u011bnovou cestu, kupte si BTC, <\/span><a href=\"https:\/\/coinkickoff.com\/cs\/coinbase-review\/\"><span style=\"font-weight: 400;\">Coinbase<\/span><\/a><span style=\"font-weight: 400;\"> je logickou volbou. V tomto pr\u016fvodci v\u00e1m vysv\u011btl\u00edme, jak si koupit Bitcoin na Coinbase s pokyny krok za krokem.<\/span><\/p>\n<h2><span class=\"ez-toc-section\" id=\"A_Step-By-Step_Guide_on_How_to_Buy_Bitcoin_on_Coinbase\"><\/span><span style=\"font-weight: 400;\">Pr\u016fvodce krok za krokem, jak koupit Bitcoin na Coinbase<\/span><span class=\"ez-toc-section-end\"><\/span><\/h2>\n<h3><span class=\"ez-toc-section\" id=\"1_Register_an_Account\"><\/span><span style=\"font-weight: 400;\">1. Registrace \u00fa\u010dtu<\/span><span class=\"ez-toc-section-end\"><\/span><\/h3>\n<h2><img loading=\"lazy\" decoding=\"async\" class=\"alignnone wp-image-3527 size-large\" style=\"font-size: 18px; font-family: Muli, sans-serif;\" src=\"https:\/\/coinkickoff.com\/wp-content\/uploads\/Screen-Shot-2023-03-30-at-7.13.25-AM-e1686183370122-1024x538.png\" alt=\"\" width=\"1024\" height=\"538\" srcset=\"https:\/\/coinkickoff.com\/wp-content\/uploads\/Screen-Shot-2023-03-30-at-7.13.25-AM-e1686183370122-1024x538.png 1024w, https:\/\/coinkickoff.com\/wp-content\/uploads\/Screen-Shot-2023-03-30-at-7.13.25-AM-e1686183370122-300x158.png 300w, https:\/\/coinkickoff.com\/wp-content\/uploads\/Screen-Shot-2023-03-30-at-7.13.25-AM-e1686183370122-768x404.png 768w, https:\/\/coinkickoff.com\/wp-content\/uploads\/Screen-Shot-2023-03-30-at-7.13.25-AM-e1686183370122-18x9.png 18w, https:\/\/coinkickoff.com\/wp-content\/uploads\/Screen-Shot-2023-03-30-at-7.13.25-AM-e1686183370122.png 1277w\" sizes=\"auto, (max-width: 1024px) 100vw, 1024px\" \/><\/h2>\n<p><span style=\"font-weight: 400;\">Nejprve pou\u017eijte n\u00e1\u0161 odkaz a p\u0159ejd\u011bte na str\u00e1nku <\/span><a href=\"https:\/\/coinbase-consumer.sjv.io\/ORPoaG\" target=\"_blank\" rel=\"noopener\"><span style=\"font-weight: 400;\">Ofici\u00e1ln\u00ed webov\u00e9 str\u00e1nky Coinbase<\/span><\/a><span style=\"font-weight: 400;\"> a otev\u0159\u00edt si sm\u011bnn\u00fd \u00fa\u010det.<\/span><\/p>\n<p><span style=\"font-weight: 400;\">Mus\u00edte se zaregistrovat pod sv\u00fdm ofici\u00e1ln\u00edm jm\u00e9nem. Vzhledem k tomu, \u017ee Coinbase uplat\u0148uje p\u0159\u00edsnou politiku KYC, je d\u016fle\u017eit\u00e9, aby va\u0161e osobn\u00ed \u00fadaje p\u0159i prvn\u00ed registraci odpov\u00eddaly va\u0161emu ID.<\/span><\/p>\n<p><span style=\"font-weight: 400;\">Po vypln\u011bn\u00ed formul\u00e1\u0159e klikn\u011bte na tla\u010d\u00edtko \"Vytvo\u0159it \u00fa\u010det\". Coinbase v\u00e1m za\u0161le e-mailem ov\u011b\u0159ovac\u00ed odkaz. Kliknut\u00edm na odkaz ov\u011b\u0159te svou e-mailovou adresu.\u00a0<\/span><\/p>\n<p><span style=\"font-weight: 400;\">Coinbase tak\u00e9 vy\u017eaduje potvrzen\u00ed va\u0161eho mobiln\u00edho \u010d\u00edsla pro p\u0159ihl\u00e1\u0161en\u00ed k \u00fa\u010dtu. Po v\u00fdzv\u011b zadejte sv\u00e9 \u010d\u00edslice a k p\u0159ihl\u00e1\u0161en\u00ed pou\u017eijte k\u00f3d SMS, kter\u00fd obdr\u017e\u00edte.<\/span><\/p>\n<h3><span class=\"ez-toc-section\" id=\"2_Verify_Your_Account\"><\/span><span style=\"font-weight: 400;\">2. Ov\u011b\u0159te sv\u016fj \u00fa\u010det<\/span><span class=\"ez-toc-section-end\"><\/span><\/h3>\n<p><span style=\"font-weight: 400;\">Ov\u011b\u0159en\u00ed toto\u017enosti je na Coinbase povinn\u00e9. Na\u0161t\u011bst\u00ed je to jednoduch\u00fd proces. Sta\u010d\u00ed kliknout na tla\u010d\u00edtko \"Ov\u011b\u0159it toto\u017enost\", kter\u00e9 se zobraz\u00ed p\u0159i prvn\u00edm p\u0159ihl\u00e1\u0161en\u00ed. <\/span><\/p>\n<p><img loading=\"lazy\" decoding=\"async\" class=\"alignnone wp-image-3526 size-large\" src=\"https:\/\/coinkickoff.com\/wp-content\/uploads\/Screen-Shot-2023-03-30-at-6.16.20-AM-e1683779340546-1024x470.png\" alt=\"\" width=\"1024\" height=\"470\" srcset=\"https:\/\/coinkickoff.com\/wp-content\/uploads\/Screen-Shot-2023-03-30-at-6.16.20-AM-e1683779340546-1024x470.png 1024w, https:\/\/coinkickoff.com\/wp-content\/uploads\/Screen-Shot-2023-03-30-at-6.16.20-AM-e1683779340546-300x138.png 300w, https:\/\/coinkickoff.com\/wp-content\/uploads\/Screen-Shot-2023-03-30-at-6.16.20-AM-e1683779340546-768x352.png 768w, https:\/\/coinkickoff.com\/wp-content\/uploads\/Screen-Shot-2023-03-30-at-6.16.20-AM-e1683779340546-18x8.png 18w, https:\/\/coinkickoff.com\/wp-content\/uploads\/Screen-Shot-2023-03-30-at-6.16.20-AM-e1683779340546.png 1389w\" sizes=\"auto, (max-width: 1024px) 100vw, 1024px\" \/><\/p>\n<p><span style=\"font-weight: 400;\">Pokud jste omylem zav\u0159eli vyskakovac\u00ed okno s upozorn\u011bn\u00edm na ov\u011b\u0159en\u00ed, nezoufejte. Sta\u010d\u00ed kliknout na mod\u0159e zv\u00fdrazn\u011bnou kartu \"N\u00e1kup a prodej\" a spust\u00ed se dal\u0161\u00ed \u017e\u00e1dost o ov\u011b\u0159en\u00ed. M\u016f\u017eete tak\u00e9 kliknout na ikonu sv\u00e9ho profilu a p\u0159ej\u00edt na z\u00e1lo\u017eku \"Ov\u011b\u0159en\u00ed\" a spustit proces ru\u010dn\u011b.<\/span><\/p>\n<p><img loading=\"lazy\" decoding=\"async\" class=\"alignnone wp-image-3525 size-full\" src=\"https:\/\/coinkickoff.com\/wp-content\/uploads\/Screen-Shot-2023-03-30-at-6.15.03-AM-e1683779367919.png\" alt=\"\" width=\"1436\" height=\"806\" srcset=\"https:\/\/coinkickoff.com\/wp-content\/uploads\/Screen-Shot-2023-03-30-at-6.15.03-AM-e1683779367919.png 1436w, https:\/\/coinkickoff.com\/wp-content\/uploads\/Screen-Shot-2023-03-30-at-6.15.03-AM-e1683779367919-300x168.png 300w, https:\/\/coinkickoff.com\/wp-content\/uploads\/Screen-Shot-2023-03-30-at-6.15.03-AM-e1683779367919-1024x575.png 1024w, https:\/\/coinkickoff.com\/wp-content\/uploads\/Screen-Shot-2023-03-30-at-6.15.03-AM-e1683779367919-768x431.png 768w, https:\/\/coinkickoff.com\/wp-content\/uploads\/Screen-Shot-2023-03-30-at-6.15.03-AM-e1683779367919-18x10.png 18w, https:\/\/coinkickoff.com\/wp-content\/uploads\/Screen-Shot-2023-03-30-at-6.15.03-AM-e1683779367919-600x338.png 600w\" sizes=\"auto, (max-width: 1436px) 100vw, 1436px\" \/><\/p>\n<p><span style=\"font-weight: 400;\">Coinbase v\u00e1m poskytne podrobn\u00fd dotazn\u00edk k vypln\u011bn\u00ed. Ujist\u011bte se, \u017ee jste formul\u00e1\u0159 vyplnili s p\u0159esn\u00fdmi informacemi. Nep\u0159esn\u00e9 nebo chyb\u011bj\u00edc\u00ed informace mohou zp\u016fsobit zpo\u017ed\u011bn\u00ed va\u0161eho schv\u00e1len\u00ed ov\u011b\u0159en\u00ed.\u00a0\u00a0<\/span><\/p>\n<p><span style=\"font-weight: 400;\">Po vypln\u011bn\u00ed formul\u00e1\u0159e nahrajte do platformy ofici\u00e1ln\u00ed pr\u016fkaz toto\u017enosti s fotografi\u00ed, nap\u0159\u00edklad str\u00e1nku z pasu nebo \u0159idi\u010dsk\u00fd pr\u016fkaz. Ov\u011b\u0159en\u00ed obvykle trv\u00e1 n\u011bkolik minut a po jeho dokon\u010den\u00ed budete moci vlo\u017eit finan\u010dn\u00ed prost\u0159edky a koupit BTC.<\/span><\/p>\n<h3><span class=\"ez-toc-section\" id=\"3_Deposit_FundsCrypto\"><\/span><span style=\"font-weight: 400;\">3. Vkladov\u00e9 fondy \/ krypto<\/span><span class=\"ez-toc-section-end\"><\/span><\/h3>\n<p><span style=\"font-weight: 400;\">Dal\u0161\u00edm krokem je p\u0159id\u00e1n\u00ed platebn\u00ed metody do \u00fa\u010dtu Coinbase. Kliknut\u00edm na ikonu sv\u00e9ho profilu (v prav\u00e9m horn\u00edm rohu) p\u0159ejd\u011bte do nastaven\u00ed sv\u00e9ho \u00fa\u010dtu. <\/span><\/p>\n<p><img loading=\"lazy\" decoding=\"async\" class=\"alignnone wp-image-3521 size-full\" src=\"https:\/\/coinkickoff.com\/wp-content\/uploads\/Screen-Shot-2023-03-29-at-10.44.01-PM-e1683779393247.png\" alt=\"\" width=\"1396\" height=\"673\" srcset=\"https:\/\/coinkickoff.com\/wp-content\/uploads\/Screen-Shot-2023-03-29-at-10.44.01-PM-e1683779393247.png 1396w, https:\/\/coinkickoff.com\/wp-content\/uploads\/Screen-Shot-2023-03-29-at-10.44.01-PM-e1683779393247-300x145.png 300w, https:\/\/coinkickoff.com\/wp-content\/uploads\/Screen-Shot-2023-03-29-at-10.44.01-PM-e1683779393247-1024x494.png 1024w, https:\/\/coinkickoff.com\/wp-content\/uploads\/Screen-Shot-2023-03-29-at-10.44.01-PM-e1683779393247-768x370.png 768w, https:\/\/coinkickoff.com\/wp-content\/uploads\/Screen-Shot-2023-03-29-at-10.44.01-PM-e1683779393247-18x9.png 18w\" sizes=\"auto, (max-width: 1396px) 100vw, 1396px\" \/><\/p>\n<p><span style=\"font-weight: 400;\">Klikn\u011bte na kartu \"Zp\u016fsoby platby\".<\/span><\/p>\n<p><img loading=\"lazy\" decoding=\"async\" class=\"alignnone wp-image-3522 size-full\" src=\"https:\/\/coinkickoff.com\/wp-content\/uploads\/Screen-Shot-2023-03-29-at-10.44.08-PM-e1683779417928.png\" alt=\"\" width=\"1414\" height=\"719\" srcset=\"https:\/\/coinkickoff.com\/wp-content\/uploads\/Screen-Shot-2023-03-29-at-10.44.08-PM-e1683779417928.png 1414w, https:\/\/coinkickoff.com\/wp-content\/uploads\/Screen-Shot-2023-03-29-at-10.44.08-PM-e1683779417928-300x153.png 300w, https:\/\/coinkickoff.com\/wp-content\/uploads\/Screen-Shot-2023-03-29-at-10.44.08-PM-e1683779417928-1024x521.png 1024w, https:\/\/coinkickoff.com\/wp-content\/uploads\/Screen-Shot-2023-03-29-at-10.44.08-PM-e1683779417928-768x391.png 768w, https:\/\/coinkickoff.com\/wp-content\/uploads\/Screen-Shot-2023-03-29-at-10.44.08-PM-e1683779417928-18x9.png 18w\" sizes=\"auto, (max-width: 1414px) 100vw, 1414px\" \/><\/p>\n<p><span style=\"font-weight: 400;\">Nyn\u00ed stiskn\u011bte tla\u010d\u00edtko \"P\u0159idat zp\u016fsob platby\" a zobraz\u00ed se v\u00e1m mo\u017enosti.<\/span><\/p>\n<p><img loading=\"lazy\" decoding=\"async\" class=\"alignnone wp-image-3523 size-full\" src=\"https:\/\/coinkickoff.com\/wp-content\/uploads\/Screen-Shot-2023-03-29-at-10.44.22-PM-e1683779442560.png\" alt=\"\" width=\"1403\" height=\"737\" srcset=\"https:\/\/coinkickoff.com\/wp-content\/uploads\/Screen-Shot-2023-03-29-at-10.44.22-PM-e1683779442560.png 1403w, https:\/\/coinkickoff.com\/wp-content\/uploads\/Screen-Shot-2023-03-29-at-10.44.22-PM-e1683779442560-300x158.png 300w, https:\/\/coinkickoff.com\/wp-content\/uploads\/Screen-Shot-2023-03-29-at-10.44.22-PM-e1683779442560-1024x538.png 1024w, https:\/\/coinkickoff.com\/wp-content\/uploads\/Screen-Shot-2023-03-29-at-10.44.22-PM-e1683779442560-768x403.png 768w, https:\/\/coinkickoff.com\/wp-content\/uploads\/Screen-Shot-2023-03-29-at-10.44.22-PM-e1683779442560-18x9.png 18w\" sizes=\"auto, (max-width: 1403px) 100vw, 1403px\" \/><\/p>\n<p><span style=\"font-weight: 400;\">Zp\u016fsoby platby se v jednotliv\u00fdch zem\u00edch li\u0161\u00ed. U\u017eivatel\u00e9 z USA mohou snadno p\u0159ipojit sv\u016fj americk\u00fd bankovn\u00ed \u00fa\u010det k platform\u011b a prov\u00e1d\u011bt vklady ve fiat m\u011bn\u011b. U\u017eivatel\u00e9 v Evrop\u011b mohou pou\u017e\u00edvat tak\u00e9 SEPA a bankovn\u00ed p\u0159evody.<\/span><\/p>\n<p><span style=\"font-weight: 400;\">Nejb\u011b\u017en\u011bj\u0161\u00edmi platebn\u00edmi metodami, kter\u00e9 m\u016f\u017ee pou\u017e\u00edt t\u00e9m\u011b\u0159 ka\u017ed\u00fd, jsou debetn\u00ed a kreditn\u00ed karty. N\u00e1kup digit\u00e1ln\u00edch aktiv pomoc\u00ed debetn\u00edch a kreditn\u00edch karet je velmi snadn\u00fd a rychl\u00fd. Bohu\u017eel jednou z nev\u00fdhod jsou dal\u0161\u00ed poplatky za zpracov\u00e1n\u00ed plateb. Obvykle si Coinbase \u00fa\u010dtuje poplatek 3-5% za v\u0161echny n\u00e1kupy kreditn\u00edmi a debetn\u00edmi coin kartami.<\/span><\/p>\n<p><span style=\"font-weight: 400;\">Klikn\u011bte na metodu, kterou chcete pou\u017e\u00edt. Pokud zvol\u00edte bankovn\u00ed p\u0159evody, postupujte podle pokyn\u016f na obrazovce a propojte sv\u016fj bankovn\u00ed \u00fa\u010det s \u00fa\u010dtem Coinbase.<\/span><\/p>\n<p><span style=\"font-weight: 400;\">M\u016f\u017eete tak\u00e9 zvolit mo\u017enost kreditn\u00ed\/debetn\u00ed karty a postupovat podle n\u00ed\u017ee uveden\u00fdch pokyn\u016f.<\/span><\/p>\n<p><img loading=\"lazy\" decoding=\"async\" class=\"alignnone wp-image-3524 size-full\" src=\"https:\/\/coinkickoff.com\/wp-content\/uploads\/Screen-Shot-2023-03-29-at-10.44.29-PM-e1683779464552.png\" alt=\"\" width=\"1407\" height=\"730\" srcset=\"https:\/\/coinkickoff.com\/wp-content\/uploads\/Screen-Shot-2023-03-29-at-10.44.29-PM-e1683779464552.png 1407w, https:\/\/coinkickoff.com\/wp-content\/uploads\/Screen-Shot-2023-03-29-at-10.44.29-PM-e1683779464552-300x156.png 300w, https:\/\/coinkickoff.com\/wp-content\/uploads\/Screen-Shot-2023-03-29-at-10.44.29-PM-e1683779464552-1024x531.png 1024w, https:\/\/coinkickoff.com\/wp-content\/uploads\/Screen-Shot-2023-03-29-at-10.44.29-PM-e1683779464552-768x398.png 768w, https:\/\/coinkickoff.com\/wp-content\/uploads\/Screen-Shot-2023-03-29-at-10.44.29-PM-e1683779464552-18x9.png 18w\" sizes=\"auto, (max-width: 1407px) 100vw, 1407px\" \/><\/p>\n<p><span style=\"font-weight: 400;\">Nejprve zadejte sv\u00e9 jm\u00e9no uveden\u00e9 na kart\u011b. Upozor\u0148ujeme, \u017ee jm\u00e9no na kart\u011b mus\u00ed odpov\u00eddat va\u0161emu ofici\u00e1ln\u00edmu jm\u00e9nu uveden\u00e9mu v pr\u016fkazu toto\u017enosti. Zadejte \u010d\u00edslo karty, datum platnosti a sv\u016fj CVC. CVC je obvykle t\u0159\u00edm\u00edstn\u00fd k\u00f3d napsan\u00fd na zadn\u00ed stran\u011b karty. Nakonec zadejte sv\u00e9 po\u0161tovn\u00ed sm\u011brovac\u00ed \u010d\u00edslo a stiskn\u011bte tla\u010d\u00edtko \"P\u0159idat kartu\".<\/span><\/p>\n<h3><span class=\"ez-toc-section\" id=\"4_Navigate_to_the_Relevant_Screen_to_Buy\"><\/span><span style=\"font-weight: 400;\">4. P\u0159ejd\u011bte na p\u0159\u00edslu\u0161nou obrazovku a nakupte<\/span><span class=\"ez-toc-section-end\"><\/span><\/h3>\n<p><span style=\"font-weight: 400;\">P\u0159ejd\u011bte na domovskou str\u00e1nku a klikn\u011bte na mod\u0159e zv\u00fdrazn\u011bn\u00e9 tla\u010d\u00edtko \"Koupit a prodat\". T\u00edm se otev\u0159e formul\u00e1\u0159 pro n\u00e1kup jedn\u00edm kliknut\u00edm. <\/span><\/p>\n<p><img loading=\"lazy\" decoding=\"async\" class=\"alignnone wp-image-3811 size-full\" src=\"https:\/\/coinkickoff.com\/wp-content\/uploads\/Screen-Shot-2023-06-08-at-3.20.32-AM-1-e1686183860887.png\" alt=\"jak koupit shiba inu na coinbase\" width=\"1295\" height=\"655\" \/><\/p>\n<p><span style=\"font-weight: 400;\">Sta\u010d\u00ed zadat \u010d\u00e1stku, kterou chcete utratit. Widget pro n\u00e1kup je ve v\u00fdchoz\u00edm nastaven\u00ed nastaven na BTC, ale kliknut\u00edm na \u0161ipku vedle n\u011bj jej m\u016f\u017eete zm\u011bnit na jin\u00e1 digit\u00e1ln\u00ed aktiva.<\/span><\/p>\n<p><span style=\"font-weight: 400;\">Klikn\u011bte na pol\u00ed\u010dko \"Platit kartou\" a jako zp\u016fsob platby zvolte kreditn\u00ed nebo debetn\u00ed kartu.<\/span><\/p>\n<p><span style=\"font-weight: 400;\">Kdy\u017e se pod\u00edv\u00e1te pod zadanou \u010d\u00e1stku, v\u0161imnete si dal\u0161\u00edho pol\u00ed\u010dka s n\u00e1pisem \"Jednor\u00e1zov\u00fd n\u00e1kup\". Op\u011bt je to v\u00fdchoz\u00ed nastaven\u00ed, ale m\u016f\u017eete ho zm\u011bnit tak, aby pro v\u00e1s Coinbase prov\u00e1d\u011bla automatick\u00e9 opakovan\u00e9 n\u00e1kupy ka\u017ed\u00fd t\u00fdden nebo ka\u017ed\u00fd m\u011bs\u00edc.\u00a0<\/span><\/p>\n<p><span style=\"font-weight: 400;\">Po vypln\u011bn\u00ed formul\u00e1\u0159e klikn\u011bte na tla\u010d\u00edtko \"Preview Buy\". <\/span><\/p>\n<p><img loading=\"lazy\" decoding=\"async\" class=\"alignnone wp-image-3519 size-full\" src=\"https:\/\/coinkickoff.com\/wp-content\/uploads\/Screen-Shot-2023-03-29-at-10.39.23-PM-e1683779487708.png\" alt=\"Jak koupit dogecoin na coinbaseJak koupit Bitcoin na Coinbase\" width=\"1439\" height=\"763\" srcset=\"https:\/\/coinkickoff.com\/wp-content\/uploads\/Screen-Shot-2023-03-29-at-10.39.23-PM-e1683779487708.png 1439w, https:\/\/coinkickoff.com\/wp-content\/uploads\/Screen-Shot-2023-03-29-at-10.39.23-PM-e1683779487708-300x159.png 300w, https:\/\/coinkickoff.com\/wp-content\/uploads\/Screen-Shot-2023-03-29-at-10.39.23-PM-e1683779487708-1024x543.png 1024w, https:\/\/coinkickoff.com\/wp-content\/uploads\/Screen-Shot-2023-03-29-at-10.39.23-PM-e1683779487708-768x407.png 768w, https:\/\/coinkickoff.com\/wp-content\/uploads\/Screen-Shot-2023-03-29-at-10.39.23-PM-e1683779487708-18x10.png 18w\" sizes=\"auto, (max-width: 1439px) 100vw, 1439px\" \/><\/p>\n<p><span style=\"font-weight: 400;\">Coinbase zobraz\u00ed \u010d\u00e1stku BTC, kterou obdr\u017e\u00edte, a tak\u00e9 v\u0161echny poplatky, kter\u00e9 jsou v\u00e1m \u00fa\u010dtov\u00e1ny. Pokud jste s objedn\u00e1vkou spokojeni, m\u016f\u017eete ji dokon\u010dit kliknut\u00edm na tla\u010d\u00edtko \"Koupit nyn\u00ed\".\u00a0<\/span><\/p>","protected":false},"excerpt":{"rendered":"<p>Jak koupit Bitcoin na Coinbase Pokud o Bitcoin n\u011bco m\u00e1lo v\u00edte, mo\u017en\u00e1 jste ji\u017e sly\u0161eli o Coinbase, jedn\u00e9 z p\u0159edn\u00edch kryptom\u011bnov\u00fdch burz na sv\u011bt\u011b. Coinbase je digit\u00e1ln\u00ed burza se s\u00eddlem v USA, kter\u00e1 je zn\u00e1m\u00e1 sv\u00fdm snadn\u00fdm pou\u017e\u00edv\u00e1n\u00edm a dodr\u017eov\u00e1n\u00edm z\u00e1kon\u016f a p\u0159edpis\u016f zem\u00ed, ve kter\u00fdch p\u016fsob\u00ed. [...]<\/p>","protected":false},"author":3,"featured_media":0,"parent":3885,"menu_order":0,"comment_status":"closed","ping_status":"closed","template":"","meta":{"_genesis_hide_title":false,"_genesis_hide_breadcrumbs":false,"_genesis_hide_singular_image":false,"_genesis_hide_footer_widgets":false,"_genesis_custom_body_class":"","_genesis_custom_post_class":"","_genesis_layout":"","_glsr_average":0,"_glsr_ranking":0,"_glsr_reviews":0,"footnotes":""},"class_list":{"0":"post-3899","1":"page","2":"type-page","3":"status-publish","5":"entry"},"featured_image_src":null,"featured_image_src_square":null,"_links":{"self":[{"href":"https:\/\/coinkickoff.com\/cs\/wp-json\/wp\/v2\/pages\/3899","targetHints":{"allow":["GET"]}}],"collection":[{"href":"https:\/\/coinkickoff.com\/cs\/wp-json\/wp\/v2\/pages"}],"about":[{"href":"https:\/\/coinkickoff.com\/cs\/wp-json\/wp\/v2\/types\/page"}],"author":[{"embeddable":true,"href":"https:\/\/coinkickoff.com\/cs\/wp-json\/wp\/v2\/users\/3"}],"replies":[{"embeddable":true,"href":"https:\/\/coinkickoff.com\/cs\/wp-json\/wp\/v2\/comments?post=3899"}],"version-history":[{"count":1,"href":"https:\/\/coinkickoff.com\/cs\/wp-json\/wp\/v2\/pages\/3899\/revisions"}],"predecessor-version":[{"id":3900,"href":"https:\/\/coinkickoff.com\/cs\/wp-json\/wp\/v2\/pages\/3899\/revisions\/3900"}],"up":[{"embeddable":true,"href":"https:\/\/coinkickoff.com\/cs\/wp-json\/wp\/v2\/pages\/3885"}],"wp:attachment":[{"href":"https:\/\/coinkickoff.com\/cs\/wp-json\/wp\/v2\/media?parent=3899"}],"curies":[{"name":"wp","href":"https:\/\/api.w.org\/{rel}","templated":true}]}}