{"id":3877,"date":"2026-01-08T14:06:52","date_gmt":"2026-01-08T14:06:52","guid":{"rendered":"https:\/\/coinkickoff.com\/?page_id=3877"},"modified":"2026-01-08T14:06:52","modified_gmt":"2026-01-08T14:06:52","slug":"how-to-buy-shiba-inu-on-kraken","status":"publish","type":"page","link":"https:\/\/coinkickoff.com\/cs\/how-to-buy-shiba-inu\/how-to-buy-shiba-inu-on-kraken\/","title":{"rendered":"Jak koupit Shiba Inu na Krakenu"},"content":{"rendered":"<div id=\"ez-toc-container\" class=\"ez-toc-v2_0_80 counter-hierarchy ez-toc-counter ez-toc-transparent ez-toc-container-direction\">\n<div class=\"ez-toc-title-container\">\n<p class=\"ez-toc-title\" style=\"cursor:inherit\">Sekce<\/p>\n<span class=\"ez-toc-title-toggle\"><a href=\"#\" class=\"ez-toc-pull-right ez-toc-btn ez-toc-btn-xs ez-toc-btn-default ez-toc-toggle\" aria-label=\"P\u0159epnut\u00ed tabulky obsahu\"><span class=\"ez-toc-js-icon-con\"><span class=\"\"><span class=\"eztoc-hide\" style=\"display:none;\">P\u0159ep\u00edna\u010d<\/span><span class=\"ez-toc-icon-toggle-span\"><svg style=\"fill: #999;color:#999\" xmlns=\"http:\/\/www.w3.org\/2000\/svg\" class=\"list-377408\" width=\"20px\" height=\"20px\" viewbox=\"0 0 24 24\" fill=\"none\"><path d=\"M6 6H4v2h2V6zm14 0H8v2h12V6zM4 11h2v2H4v-2zm16 0H8v2h12v-2zM4 16h2v2H4v-2zm16 0H8v2h12v-2z\" fill=\"currentColor\"><\/path><\/svg><svg style=\"fill: #999;color:#999\" class=\"arrow-unsorted-368013\" xmlns=\"http:\/\/www.w3.org\/2000\/svg\" width=\"10px\" height=\"10px\" viewbox=\"0 0 24 24\" version=\"1.2\" baseprofile=\"tiny\"><path d=\"M18.2 9.3l-6.2-6.3-6.2 6.3c-.2.2-.3.4-.3.7s.1.5.3.7c.2.2.4.3.7.3h11c.3 0 .5-.1.7-.3.2-.2.3-.5.3-.7s-.1-.5-.3-.7zM5.8 14.7l6.2 6.3 6.2-6.3c.2-.2.3-.5.3-.7s-.1-.5-.3-.7c-.2-.2-.4-.3-.7-.3h-11c-.3 0-.5.1-.7.3-.2.2-.3.5-.3.7s.1.5.3.7z\"\/><\/svg><\/span><\/span><\/span><\/a><\/span><\/div>\n<nav><ul class='ez-toc-list ez-toc-list-level-1 eztoc-toggle-hide-by-default' ><li class='ez-toc-page-1 ez-toc-heading-level-2'><a class=\"ez-toc-link ez-toc-heading-1\" href=\"https:\/\/coinkickoff.com\/cs\/how-to-buy-shiba-inu\/how-to-buy-shiba-inu-on-kraken\/#How_to_Buy_Shiba_Inu_on_Kraken_Exchange\" >Jak koupit Shiba Inu na burze Kraken<\/a><\/li><li class='ez-toc-page-1 ez-toc-heading-level-2'><a class=\"ez-toc-link ez-toc-heading-2\" href=\"https:\/\/coinkickoff.com\/cs\/how-to-buy-shiba-inu\/how-to-buy-shiba-inu-on-kraken\/#A_Step-By-Step_Guide_on_How_to_Buy_Shiba_Inu_on_Kraken\" >N\u00e1vod krok za krokem, jak koupit Shiba Inu na Krakenu<\/a><ul class='ez-toc-list-level-3' ><li class='ez-toc-heading-level-3'><a class=\"ez-toc-link ez-toc-heading-3\" href=\"https:\/\/coinkickoff.com\/cs\/how-to-buy-shiba-inu\/how-to-buy-shiba-inu-on-kraken\/#1_Register_an_Account_on_Kraken\" >1. Registrace \u00fa\u010dtu na Krakenu<\/a><\/li><li class='ez-toc-page-1 ez-toc-heading-level-3'><a class=\"ez-toc-link ez-toc-heading-4\" href=\"https:\/\/coinkickoff.com\/cs\/how-to-buy-shiba-inu\/how-to-buy-shiba-inu-on-kraken\/#2_Verify_Your_Account\" >2. Ov\u011b\u0159te sv\u016fj \u00fa\u010det<\/a><\/li><li class='ez-toc-page-1 ez-toc-heading-level-3'><a class=\"ez-toc-link ez-toc-heading-5\" href=\"https:\/\/coinkickoff.com\/cs\/how-to-buy-shiba-inu\/how-to-buy-shiba-inu-on-kraken\/#3_Enable_2FA\" >3. Povolen\u00ed 2FA<\/a><\/li><li class='ez-toc-page-1 ez-toc-heading-level-3'><a class=\"ez-toc-link ez-toc-heading-6\" href=\"https:\/\/coinkickoff.com\/cs\/how-to-buy-shiba-inu\/how-to-buy-shiba-inu-on-kraken\/#4_Add_an_Instant_Payment_Method\" >4. P\u0159id\u00e1n\u00ed metody okam\u017eit\u00e9 platby<\/a><\/li><li class='ez-toc-page-1 ez-toc-heading-level-3'><a class=\"ez-toc-link ez-toc-heading-7\" href=\"https:\/\/coinkickoff.com\/cs\/how-to-buy-shiba-inu\/how-to-buy-shiba-inu-on-kraken\/#4_Navigate_to_the_Relevant_Screen_to_Buy\" >4. P\u0159ejd\u011bte na p\u0159\u00edslu\u0161nou obrazovku a nakupte<\/a><\/li><\/ul><\/li><\/ul><\/nav><\/div>\n<h2><span class=\"ez-toc-section\" id=\"How_to_Buy_Shiba_Inu_on_Kraken_Exchange\"><\/span><span style=\"font-weight: 400;\">Jak koupit Shiba Inu na burze Kraken<\/span><span class=\"ez-toc-section-end\"><\/span><\/h2>\n<p><span style=\"font-weight: 400;\">Stejn\u011b jako v\u011bt\u0161ina kryptom\u011bn, <a href=\"https:\/\/coinkickoff.com\/cs\/shiba-inu-shib\/\">Shiba Inu (SHIB)<\/a> je spekulativn\u00ed aktivum: jeho cena m\u016f\u017ee stoupat a klesat v z\u00e1vislosti na rozmarech celebrit, market\u00e9r\u016f a dokonce i koment\u00e1tor\u016f na Redditu. Jako meme coin bez p\u0159\u00edpadu pou\u017eit\u00ed, <a href=\"https:\/\/coinkickoff.com\/cs\/shiba-inu-shib\/\" data-internallinksmanager029f6b8e52c=\"16\" title=\"Co je Shiba Inu (SHIB)? Jak funguje a kde ho koupit?\">SHIB<\/a> je obzvl\u00e1\u0161t\u011b n\u00e1chyln\u00e1 k velk\u00fdm a n\u00e1hl\u00fdm v\u00fdkyv\u016fm cen, co\u017e ji \u010din\u00ed potenci\u00e1ln\u011b v\u00fdnosnou a rizikovou.<\/span><\/p>\n<p><span style=\"font-weight: 400;\">SHIB si m\u016f\u017eete koupit na n\u011bkolika <a href=\"https:\/\/coinkickoff.com\/cs\/crypto-exchanges\/\" data-internallinksmanager029f6b8e52c=\"141\" title=\"21 Nejlep\u0161\u00ed kryptom\u011bnov\u00e9 burzy a aplikace v roce 2024\">kryptografick\u00e9 burzy<\/a>, a to d\u00edky sv\u00e9 popularit\u011b. V tomto pr\u016fvodci v\u00e1m vysv\u011btl\u00edme, jak koupit Shiba Inu na <a href=\"https:\/\/coinkickoff.com\/cs\/kraken-review\/\">Kraken<\/a>, veter\u00e1nsk\u00e1 burza se s\u00eddlem v USA, kter\u00e1 je zn\u00e1m\u00e1 sv\u00fdmi vysok\u00fdmi bezpe\u010dnostn\u00edmi standardy.<\/span><\/p>\n<h2><span class=\"ez-toc-section\" id=\"A_Step-By-Step_Guide_on_How_to_Buy_Shiba_Inu_on_Kraken\"><\/span><span style=\"font-weight: 400;\">N\u00e1vod krok za krokem, jak koupit Shiba Inu na Krakenu<\/span><span class=\"ez-toc-section-end\"><\/span><\/h2>\n<h3><span class=\"ez-toc-section\" id=\"1_Register_an_Account_on_Kraken\"><\/span><span style=\"font-weight: 400;\">1. Registrace \u00fa\u010dtu na Krakenu<\/span><span class=\"ez-toc-section-end\"><\/span><\/h3>\n<p><img loading=\"lazy\" decoding=\"async\" class=\"alignnone wp-image-3406 size-full\" src=\"https:\/\/coinkickoff.com\/wp-content\/uploads\/kraken1-e1682502957481.png\" alt=\"jak koupit Dogecoin na Krakenu\" width=\"1339\" height=\"763\" srcset=\"https:\/\/coinkickoff.com\/wp-content\/uploads\/kraken1-e1682502957481.png 1339w, https:\/\/coinkickoff.com\/wp-content\/uploads\/kraken1-e1682502957481-300x171.png 300w, https:\/\/coinkickoff.com\/wp-content\/uploads\/kraken1-e1682502957481-1024x584.png 1024w, https:\/\/coinkickoff.com\/wp-content\/uploads\/kraken1-e1682502957481-768x438.png 768w, https:\/\/coinkickoff.com\/wp-content\/uploads\/kraken1-e1682502957481-18x10.png 18w\" sizes=\"auto, (max-width: 1339px) 100vw, 1339px\" \/><\/p>\n<p><span style=\"font-weight: 400;\">Nejd\u0159\u00edve k v\u011bci: P\u0159ejd\u011bte na <a href=\"https:\/\/coinkickoff.com\/cs\/kraken-review\/\" data-internallinksmanager029f6b8e52c=\"171\" title=\"Recenze Kraken 2023: Poplatky, funkce, bezpe\u010dnost, v\u00fdhody a nev\u00fdhody\">Kraken<\/a>na ofici\u00e1ln\u00edch webov\u00fdch str\u00e1nk\u00e1ch a vytvo\u0159te si \u00fa\u010det. Vypl\u0148te registra\u010dn\u00ed formul\u00e1\u0159 a zadejte v\u0161echny pot\u0159ebn\u00e9 informace. Ujist\u011bte se, \u017ee jste zadali platn\u00fd e-mail: Kraken v\u00e1m na n\u011bj za\u0161le aktiva\u010dn\u00ed odkaz.<\/span><\/p>\n<h3><span class=\"ez-toc-section\" id=\"2_Verify_Your_Account\"><\/span><span style=\"font-weight: 400;\">2. Ov\u011b\u0159te sv\u016fj \u00fa\u010det<\/span><span class=\"ez-toc-section-end\"><\/span><\/h3>\n<p><span style=\"font-weight: 400;\">Po p\u0159ihl\u00e1\u0161en\u00ed je t\u0159eba dokon\u010dit ov\u011b\u0159en\u00ed toto\u017enosti. Kraken je p\u0159i ov\u011b\u0159ov\u00e1n\u00ed toto\u017enosti pom\u011brn\u011b p\u0159\u00edsn\u00fd, tak\u017ee tento krok nem\u016f\u017eete p\u0159esko\u010dit. Jakmile se toti\u017e pokus\u00edte kliknout na z\u00e1lo\u017eku \"Buy Crypto\" v horn\u00ed \u010d\u00e1sti ovl\u00e1dac\u00edho panelu, budete vyzv\u00e1ni k ov\u011b\u0159en\u00ed toto\u017enosti.<\/span><\/p>\n<p><img loading=\"lazy\" decoding=\"async\" class=\"alignnone wp-image-3407 size-full\" src=\"https:\/\/coinkickoff.com\/wp-content\/uploads\/kraken2-e1686524781685.png\" alt=\"varov\u00e1n\u00ed p\u0159ed ov\u011b\u0159en\u00edm krakena\" width=\"1360\" height=\"791\" srcset=\"https:\/\/coinkickoff.com\/wp-content\/uploads\/kraken2-e1686524781685.png 1360w, https:\/\/coinkickoff.com\/wp-content\/uploads\/kraken2-e1686524781685-300x174.png 300w, https:\/\/coinkickoff.com\/wp-content\/uploads\/kraken2-e1686524781685-1024x596.png 1024w, https:\/\/coinkickoff.com\/wp-content\/uploads\/kraken2-e1686524781685-768x447.png 768w, https:\/\/coinkickoff.com\/wp-content\/uploads\/kraken2-e1686524781685-18x10.png 18w\" sizes=\"auto, (max-width: 1360px) 100vw, 1360px\" \/><\/p>\n<p><span style=\"font-weight: 400;\">Ov\u011b\u0159ovac\u00ed syst\u00e9m Kraken je pom\u011brn\u011b standardn\u00ed: mus\u00edte zadat sv\u00e9 jm\u00e9no, adresu a osobn\u00ed \u00fadaje a nahr\u00e1t doklady toto\u017enosti.<\/span><\/p>\n<p><img loading=\"lazy\" decoding=\"async\" class=\"alignnone wp-image-3408 size-full\" src=\"https:\/\/coinkickoff.com\/wp-content\/uploads\/kraken3-e1682503223180.png\" alt=\"\" width=\"1375\" height=\"777\" srcset=\"https:\/\/coinkickoff.com\/wp-content\/uploads\/kraken3-e1682503223180.png 1375w, https:\/\/coinkickoff.com\/wp-content\/uploads\/kraken3-e1682503223180-300x170.png 300w, https:\/\/coinkickoff.com\/wp-content\/uploads\/kraken3-e1682503223180-1024x579.png 1024w, https:\/\/coinkickoff.com\/wp-content\/uploads\/kraken3-e1682503223180-768x434.png 768w, https:\/\/coinkickoff.com\/wp-content\/uploads\/kraken3-e1682503223180-18x10.png 18w, https:\/\/coinkickoff.com\/wp-content\/uploads\/kraken3-e1682503223180-600x338.png 600w\" sizes=\"auto, (max-width: 1375px) 100vw, 1375px\" \/><\/p>\n<p><span style=\"font-weight: 400;\">Zadejte v\u0161echny pot\u0159ebn\u00e9 informace a klikn\u011bte na tla\u010d\u00edtko \"Pokra\u010dovat\". Na v\u00fdzvu nahrajte pot\u0159ebn\u00e9 dokumenty. Proces m\u016f\u017eete dokon\u010dit b\u011bhem n\u011bkolika minut.\u00a0<\/span><\/p>\n<h3><span class=\"ez-toc-section\" id=\"3_Enable_2FA\"><\/span><span style=\"font-weight: 400;\">3. Povolen\u00ed 2FA<\/span><span class=\"ez-toc-section-end\"><\/span><\/h3>\n<p><span style=\"font-weight: 400;\">Jakmile se stanete ov\u011b\u0159en\u00fdm u\u017eivatelem, m\u016f\u017eete na Kraken vkl\u00e1dat pen\u00edze. P\u0159ed vlo\u017een\u00edm prost\u0159edk\u016f na \u00fa\u010det je v\u0161ak vhodn\u00e9 povolit dvoufaktorov\u00e9 ov\u011b\u0159ov\u00e1n\u00ed (2FA). Funkce 2FA sni\u017euje pravd\u011bpodobnost odcizen\u00ed va\u0161eho \u00fa\u010dtu (a finan\u010dn\u00edch prost\u0159edk\u016f).<\/span><\/p>\n<p><span style=\"font-weight: 400;\">Klikn\u011bte na sv\u00e9 u\u017eivatelsk\u00e9 jm\u00e9no zobrazen\u00e9 v prav\u00e9m horn\u00edm rohu obrazovky a p\u0159ejd\u011bte do nastaven\u00ed 2FA.<\/span><\/p>\n<p><img loading=\"lazy\" decoding=\"async\" class=\"alignnone wp-image-3409 size-full\" src=\"https:\/\/coinkickoff.com\/wp-content\/uploads\/kraken4-e1682503267822.png\" alt=\"\" width=\"1360\" height=\"795\" srcset=\"https:\/\/coinkickoff.com\/wp-content\/uploads\/kraken4-e1682503267822.png 1360w, https:\/\/coinkickoff.com\/wp-content\/uploads\/kraken4-e1682503267822-300x175.png 300w, https:\/\/coinkickoff.com\/wp-content\/uploads\/kraken4-e1682503267822-1024x599.png 1024w, https:\/\/coinkickoff.com\/wp-content\/uploads\/kraken4-e1682503267822-768x449.png 768w, https:\/\/coinkickoff.com\/wp-content\/uploads\/kraken4-e1682503267822-18x12.png 18w\" sizes=\"auto, (max-width: 1360px) 100vw, 1360px\" \/><\/p>\n<p><span style=\"font-weight: 400;\">2FA mus\u00edte povolit pro p\u0159ihl\u00e1\u0161en\u00ed k \u00fa\u010dtu, ale m\u016f\u017eete ji povolit i pro dal\u0161\u00ed operace, jako je obchodov\u00e1n\u00ed a financov\u00e1n\u00ed. Za\u010dn\u011bte kliknut\u00edm na zv\u00fdrazn\u011bn\u00e9 tla\u010d\u00edtko \"Aktivovat nyn\u00ed\".<\/span><\/p>\n<p><span style=\"font-weight: 400;\"><img loading=\"lazy\" decoding=\"async\" class=\"alignnone wp-image-3405 size-full\" src=\"https:\/\/coinkickoff.com\/wp-content\/uploads\/kraken-5-e1682503294785.png\" alt=\"\" width=\"1357\" height=\"770\" srcset=\"https:\/\/coinkickoff.com\/wp-content\/uploads\/kraken-5-e1682503294785.png 1357w, https:\/\/coinkickoff.com\/wp-content\/uploads\/kraken-5-e1682503294785-300x170.png 300w, https:\/\/coinkickoff.com\/wp-content\/uploads\/kraken-5-e1682503294785-1024x581.png 1024w, https:\/\/coinkickoff.com\/wp-content\/uploads\/kraken-5-e1682503294785-768x436.png 768w, https:\/\/coinkickoff.com\/wp-content\/uploads\/kraken-5-e1682503294785-18x10.png 18w\" sizes=\"auto, (max-width: 1357px) 100vw, 1357px\" \/><\/span><\/p>\n<p><span style=\"font-weight: 400;\">Na webov\u00fdch str\u00e1nk\u00e1ch spole\u010dnosti Kraken je podrobn\u011b vysv\u011btleno, jak 2FA funguje, a jsou zde uvedeny pokyny, jak postupovat. V podstat\u011b si sta\u010d\u00ed po\u0159\u00eddit aplikaci Google Authenticator a pomoc\u00ed n\u00ed naskenovat QR k\u00f3d, kter\u00fd v\u00e1m Kraken vygeneruje. Aplikace v\u00e1m poskytne ov\u011b\u0159ovac\u00ed k\u00f3d, kter\u00fd potvrd\u00ed va\u0161e zabezpe\u010den\u00ed. Zadejte k\u00f3d z aplikace a klikn\u011bte na tla\u010d\u00edtko \"Potvrdit\".<\/span><\/p>\n<p><img loading=\"lazy\" decoding=\"async\" class=\"alignnone wp-image-3410 size-full\" src=\"https:\/\/coinkickoff.com\/wp-content\/uploads\/kraken6-e1682503322525.png\" alt=\"\" width=\"1357\" height=\"791\" \/><\/p>\n<p><span style=\"font-weight: 400;\">Aplikaci Google Authenticator budete pou\u017e\u00edvat p\u0159i ka\u017ed\u00e9m p\u0159ihl\u00e1\u0161en\u00ed k \u00fa\u010dtu.\u00a0<\/span><\/p>\n<h3><span class=\"ez-toc-section\" id=\"4_Add_an_Instant_Payment_Method\"><\/span><span style=\"font-weight: 400;\">4. P\u0159id\u00e1n\u00ed metody okam\u017eit\u00e9 platby<\/span><span class=\"ez-toc-section-end\"><\/span><\/h3>\n<p><span style=\"font-weight: 400;\">Nejrychlej\u0161\u00ed zp\u016fsob, jak si koupit Shiba Inu (nebo jakoukoli jinou kryptom\u011bnu) na Krakenu, je p\u0159idat si na \u00fa\u010det okam\u017eitou platebn\u00ed metodu. Ke sm\u011bn\u011b m\u016f\u017eete p\u0159ipojit kreditn\u00ed a debetn\u00ed karty nebo sv\u016fj online bankovn\u00ed \u00fa\u010det.<\/span><\/p>\n<p><span style=\"font-weight: 400;\">Kliknut\u00edm na kartu \"Buy Crypto\" propojte kartu se sv\u00fdm \u00fa\u010dtem. Budete p\u0159esm\u011brov\u00e1ni na str\u00e1nku Metody n\u00e1kupu kryptografick\u00fdch aktiv, kde m\u016f\u017eete p\u0159idat platebn\u00ed metodu.<\/span><\/p>\n<p><img loading=\"lazy\" decoding=\"async\" class=\"alignnone wp-image-3412 size-full\" src=\"https:\/\/coinkickoff.com\/wp-content\/uploads\/kraken8-e1682503364155.png\" alt=\"jak koupit Shiba Inu na Krakenu\" width=\"1206\" height=\"781\" srcset=\"https:\/\/coinkickoff.com\/wp-content\/uploads\/kraken8-e1682503364155.png 1206w, https:\/\/coinkickoff.com\/wp-content\/uploads\/kraken8-e1682503364155-300x194.png 300w, https:\/\/coinkickoff.com\/wp-content\/uploads\/kraken8-e1682503364155-1024x663.png 1024w, https:\/\/coinkickoff.com\/wp-content\/uploads\/kraken8-e1682503364155-768x497.png 768w, https:\/\/coinkickoff.com\/wp-content\/uploads\/kraken8-e1682503364155-18x12.png 18w\" sizes=\"auto, (max-width: 1206px) 100vw, 1206px\" \/><\/p>\n<p><span style=\"font-weight: 400;\">Klikn\u011bte na mo\u017enost \"P\u0159idat platebn\u00ed metody\". <\/span><\/p>\n<p><img loading=\"lazy\" decoding=\"async\" class=\"alignnone wp-image-3413 size-full\" src=\"https:\/\/coinkickoff.com\/wp-content\/uploads\/kraken9-e1682503407337.png\" alt=\"\" width=\"1196\" height=\"776\" srcset=\"https:\/\/coinkickoff.com\/wp-content\/uploads\/kraken9-e1682503407337.png 1196w, https:\/\/coinkickoff.com\/wp-content\/uploads\/kraken9-e1682503407337-300x195.png 300w, https:\/\/coinkickoff.com\/wp-content\/uploads\/kraken9-e1682503407337-1024x664.png 1024w, https:\/\/coinkickoff.com\/wp-content\/uploads\/kraken9-e1682503407337-768x498.png 768w, https:\/\/coinkickoff.com\/wp-content\/uploads\/kraken9-e1682503407337-18x12.png 18w\" sizes=\"auto, (max-width: 1196px) 100vw, 1196px\" \/><\/p>\n<p><span style=\"font-weight: 400;\">Debetn\u00ed nebo kreditn\u00ed kartu m\u016f\u017eete p\u0159idat jednoduch\u00fdm zad\u00e1n\u00edm \u00fadaj\u016f o kart\u011b. Hotovost m\u016f\u017eete vlo\u017eit tak\u00e9 prost\u0159ednictv\u00edm internetov\u00e9ho bankovnictv\u00ed, i kdy\u017e to nen\u00ed tak rychl\u00e9 jako prvn\u00ed mo\u017enost.<\/span><\/p>\n<h3><span class=\"ez-toc-section\" id=\"4_Navigate_to_the_Relevant_Screen_to_Buy\"><\/span><span style=\"font-weight: 400;\">4. P\u0159ejd\u011bte na p\u0159\u00edslu\u0161nou obrazovku a nakupte<\/span><span class=\"ez-toc-section-end\"><\/span><\/h3>\n<p><span style=\"font-weight: 400;\">Jakmile si na sv\u016fj \u00fa\u010det u Krakenu p\u0159id\u00e1te platebn\u00ed metodu, je n\u00e1kup SHIB velmi snadn\u00fd. Na str\u00e1nce \"Buy Crypto\" klikn\u011bte na \"Buy\".<\/span><\/p>\n<p><span style=\"font-weight: 400;\">Nab\u00edzen\u00e1 aktiva m\u016f\u017eete vid\u011bt v rozbalovac\u00ed nab\u00eddce. V seznamu vyberte polo\u017eku Shiba Inu (najdete ji uvedenou jako SHIB). Zadejte \u010d\u00e1stku, kterou chcete utratit za Shib, vyberte zp\u016fsob platby a klikn\u011bte na tla\u010d\u00edtko potvrdit.<\/span><\/p>\n<p><span style=\"font-weight: 400;\">Tato mo\u017enost je sice velmi rychl\u00e1, ale n\u00e1kupy kreditn\u00ed a debetn\u00ed kartou prost\u0159ednictv\u00edm widgetu pro snadn\u00fd n\u00e1kup mohou b\u00fdt velmi n\u00e1kladn\u00e9. Pokud nechcete platit vysok\u00e9 poplatky za n\u00e1kup Shiba Inu, m\u016f\u017eete pou\u017e\u00edt druh\u00fd zp\u016fsob, kter\u00fd pop\u00ed\u0161eme n\u00ed\u017ee.<\/span><\/p>\n<p><span style=\"font-weight: 400;\">Vybran\u00e9 fiat m\u011bny, v\u010detn\u011b USD, m\u016f\u017eete na Krakenu obchodovat za Shiba Inu. Pozor na to, \u017ee abyste mohli vyu\u017e\u00edvat v\u00fdhod levn\u011bj\u0161\u00edch poplatk\u016f Krakenu, mus\u00edte na sv\u016fj \u00fa\u010det vlo\u017eit finan\u010dn\u00ed prost\u0159edky. K obchodov\u00e1n\u00ed na Krakenu nem\u016f\u017eete pou\u017e\u00edvat debetn\u00ed ani kreditn\u00ed karty.<\/span><\/p>\n<p><span style=\"font-weight: 400;\">Existuj\u00ed dva zp\u016fsoby, jak p\u0159ev\u00e9st USD na Shiba Inu v syst\u00e9mu Kraken: M\u016f\u017eete pou\u017e\u00edt <\/span><a href=\"https:\/\/kraken.pxf.io\/B0Rny4convert\/shib\/usd\" target=\"_blank\" rel=\"noopener\"><span style=\"font-weight: 400;\">Automatick\u00fd p\u0159evodn\u00edk Kraken<\/span><\/a><span style=\"font-weight: 400;\"> nebo prov\u00e9st obchod zad\u00e1n\u00edm p\u0159\u00edkazu pro Shiba Inu.<\/span><\/p>\n<p><span style=\"font-weight: 400;\">Automatick\u00fd konvertor je nejjednodu\u0161\u0161\u00ed zp\u016fsob, jak obchodovat USD za Kraken, ale pokud si chcete sami ur\u010dit cenu, je vhodn\u00e9 zadat objedn\u00e1vku.<\/span><\/p>\n<p><span style=\"font-weight: 400;\">Pokud chcete zadat objedn\u00e1vku, p\u0159ejd\u011bte na kartu \"Obchod\" a klikn\u011bte na \"Nov\u00e1 objedn\u00e1vka\". Vyberte obchodn\u00ed p\u00e1r USD\/SHIB.<\/span><\/p>\n<p><span style=\"font-weight: 400;\">Objedn\u00e1vkov\u00fd formul\u00e1\u0159 m\u016f\u017ee vypadat nep\u0159ehledn\u011b, ale je velmi jednoduch\u00fd: Sta\u010d\u00ed zadat, kolik chcete utratit. M\u016f\u017eete bu\u010f p\u0159ijmout tr\u017en\u00ed cenu za SHIB, nebo si stanovit cenu vlastn\u00ed. Pokud nastav\u00edte p\u0159\u00edli\u0161 n\u00edzkou cenu, m\u016f\u017ee chv\u00edli trvat, ne\u017e bude va\u0161e objedn\u00e1vka vy\u0159\u00edzena.<\/span><\/p>\n<p><span style=\"font-weight: 400;\">Gratulujeme! Nyn\u00ed v\u00edte, jak koupit Shiba Inu na Krakenu.<\/span><\/p>","protected":false},"excerpt":{"rendered":"<p>Jak koupit Shiba Inu na burze Kraken Stejn\u011b jako v\u011bt\u0161ina kryptom\u011bn je i Shiba Inu (SHIB) spekulativn\u00edm aktivem: jeho cena m\u016f\u017ee r\u016fst a klesat v z\u00e1vislosti na rozmarech celebrit, market\u00e9r\u016f a dokonce i koment\u00e1tor\u016f na Redditu. Jako meme coin bez u\u017eitku je SHIB obzvl\u00e1\u0161t\u011b zraniteln\u00fd v\u016f\u010di obrovsk\u00fdm a n\u00e1hl\u00fdm cenov\u00fdm v\u00fdkyv\u016fm, co\u017e z n\u011bj \u010din\u00ed [...].<\/p>","protected":false},"author":3,"featured_media":0,"parent":3709,"menu_order":0,"comment_status":"closed","ping_status":"closed","template":"","meta":{"_genesis_hide_title":false,"_genesis_hide_breadcrumbs":false,"_genesis_hide_singular_image":false,"_genesis_hide_footer_widgets":false,"_genesis_custom_body_class":"","_genesis_custom_post_class":"","_genesis_layout":"","_glsr_average":0,"_glsr_ranking":0,"_glsr_reviews":0,"footnotes":""},"class_list":{"0":"post-3877","1":"page","2":"type-page","3":"status-publish","5":"entry"},"featured_image_src":null,"featured_image_src_square":null,"_links":{"self":[{"href":"https:\/\/coinkickoff.com\/cs\/wp-json\/wp\/v2\/pages\/3877","targetHints":{"allow":["GET"]}}],"collection":[{"href":"https:\/\/coinkickoff.com\/cs\/wp-json\/wp\/v2\/pages"}],"about":[{"href":"https:\/\/coinkickoff.com\/cs\/wp-json\/wp\/v2\/types\/page"}],"author":[{"embeddable":true,"href":"https:\/\/coinkickoff.com\/cs\/wp-json\/wp\/v2\/users\/3"}],"replies":[{"embeddable":true,"href":"https:\/\/coinkickoff.com\/cs\/wp-json\/wp\/v2\/comments?post=3877"}],"version-history":[{"count":3,"href":"https:\/\/coinkickoff.com\/cs\/wp-json\/wp\/v2\/pages\/3877\/revisions"}],"predecessor-version":[{"id":3880,"href":"https:\/\/coinkickoff.com\/cs\/wp-json\/wp\/v2\/pages\/3877\/revisions\/3880"}],"up":[{"embeddable":true,"href":"https:\/\/coinkickoff.com\/cs\/wp-json\/wp\/v2\/pages\/3709"}],"wp:attachment":[{"href":"https:\/\/coinkickoff.com\/cs\/wp-json\/wp\/v2\/media?parent=3877"}],"curies":[{"name":"wp","href":"https:\/\/api.w.org\/{rel}","templated":true}]}}