{"id":3424,"date":"2026-01-08T14:07:30","date_gmt":"2026-01-08T14:07:30","guid":{"rendered":"https:\/\/coinkickoff.com\/?page_id=3424"},"modified":"2026-01-08T14:07:30","modified_gmt":"2026-01-08T14:07:30","slug":"how-to-buy-dogecoin-on-mexc","status":"publish","type":"page","link":"https:\/\/coinkickoff.com\/cs\/how-to-buy-dogecoin\/how-to-buy-dogecoin-on-mexc\/","title":{"rendered":"Jak koupit Dogecoin (DOGE) na MEXC"},"content":{"rendered":"<h2><span style=\"font-weight: 400;\"><img loading=\"lazy\" decoding=\"async\" class=\"alignnone wp-image-155 size-full\" src=\"https:\/\/coinkickoff.com\/wp-content\/uploads\/2022\/06\/Dogecoin-DOGE.jpg\" alt=\"jak koupit dogecoin\" width=\"1000\" height=\"800\" srcset=\"https:\/\/coinkickoff.com\/wp-content\/uploads\/2022\/06\/Dogecoin-DOGE.jpg 1000w, https:\/\/coinkickoff.com\/wp-content\/uploads\/2022\/06\/Dogecoin-DOGE-300x240.jpg 300w, https:\/\/coinkickoff.com\/wp-content\/uploads\/2022\/06\/Dogecoin-DOGE-768x614.jpg 768w, https:\/\/coinkickoff.com\/wp-content\/uploads\/2022\/06\/Dogecoin-DOGE-15x12.jpg 15w\" sizes=\"auto, (max-width: 1000px) 100vw, 1000px\" \/><\/span><\/h2>\n<div id=\"ez-toc-container\" class=\"ez-toc-v2_0_80 counter-hierarchy ez-toc-counter ez-toc-transparent ez-toc-container-direction\">\n<div class=\"ez-toc-title-container\">\n<p class=\"ez-toc-title\" style=\"cursor:inherit\">Sekce<\/p>\n<span class=\"ez-toc-title-toggle\"><a href=\"#\" class=\"ez-toc-pull-right ez-toc-btn ez-toc-btn-xs ez-toc-btn-default ez-toc-toggle\" aria-label=\"P\u0159epnut\u00ed tabulky obsahu\"><span class=\"ez-toc-js-icon-con\"><span class=\"\"><span class=\"eztoc-hide\" style=\"display:none;\">P\u0159ep\u00edna\u010d<\/span><span class=\"ez-toc-icon-toggle-span\"><svg style=\"fill: #999;color:#999\" xmlns=\"http:\/\/www.w3.org\/2000\/svg\" class=\"list-377408\" width=\"20px\" height=\"20px\" viewbox=\"0 0 24 24\" fill=\"none\"><path d=\"M6 6H4v2h2V6zm14 0H8v2h12V6zM4 11h2v2H4v-2zm16 0H8v2h12v-2zM4 16h2v2H4v-2zm16 0H8v2h12v-2z\" fill=\"currentColor\"><\/path><\/svg><svg style=\"fill: #999;color:#999\" class=\"arrow-unsorted-368013\" xmlns=\"http:\/\/www.w3.org\/2000\/svg\" width=\"10px\" height=\"10px\" viewbox=\"0 0 24 24\" version=\"1.2\" baseprofile=\"tiny\"><path d=\"M18.2 9.3l-6.2-6.3-6.2 6.3c-.2.2-.3.4-.3.7s.1.5.3.7c.2.2.4.3.7.3h11c.3 0 .5-.1.7-.3.2-.2.3-.5.3-.7s-.1-.5-.3-.7zM5.8 14.7l6.2 6.3 6.2-6.3c.2-.2.3-.5.3-.7s-.1-.5-.3-.7c-.2-.2-.4-.3-.7-.3h-11c-.3 0-.5.1-.7.3-.2.2-.3.5-.3.7s.1.5.3.7z\"\/><\/svg><\/span><\/span><\/span><\/a><\/span><\/div>\n<nav><ul class='ez-toc-list ez-toc-list-level-1 eztoc-toggle-hide-by-default' ><li class='ez-toc-page-1 ez-toc-heading-level-2'><a class=\"ez-toc-link ez-toc-heading-1\" href=\"https:\/\/coinkickoff.com\/cs\/how-to-buy-dogecoin\/how-to-buy-dogecoin-on-mexc\/#How_to_Buy_Dogecoin_on_MEXC\" >Jak koupit Dogecoin na MEXC<\/a><\/li><li class='ez-toc-page-1 ez-toc-heading-level-2'><a class=\"ez-toc-link ez-toc-heading-2\" href=\"https:\/\/coinkickoff.com\/cs\/how-to-buy-dogecoin\/how-to-buy-dogecoin-on-mexc\/#A_Step-By-Step_Guide_on_How_to_Buy_Dogecoin_on_MEXC\" >Pr\u016fvodce krok za krokem, jak koupit Dogecoin na MEXC<\/a><ul class='ez-toc-list-level-3' ><li class='ez-toc-heading-level-3'><a class=\"ez-toc-link ez-toc-heading-3\" href=\"https:\/\/coinkickoff.com\/cs\/how-to-buy-dogecoin\/how-to-buy-dogecoin-on-mexc\/#1_Register_an_Account\" >1. Registrace \u00fa\u010dtu<\/a><\/li><li class='ez-toc-page-1 ez-toc-heading-level-3'><a class=\"ez-toc-link ez-toc-heading-4\" href=\"https:\/\/coinkickoff.com\/cs\/how-to-buy-dogecoin\/how-to-buy-dogecoin-on-mexc\/#2_Verify_Your_Account\" >2. Ov\u011b\u0159te sv\u016fj \u00fa\u010det<\/a><\/li><li class='ez-toc-page-1 ez-toc-heading-level-3'><a class=\"ez-toc-link ez-toc-heading-5\" href=\"https:\/\/coinkickoff.com\/cs\/how-to-buy-dogecoin\/how-to-buy-dogecoin-on-mexc\/#3_Buy_Crypto\" >3. N\u00e1kup kryptom\u011bn<\/a><\/li><li class='ez-toc-page-1 ez-toc-heading-level-3'><a class=\"ez-toc-link ez-toc-heading-6\" href=\"https:\/\/coinkickoff.com\/cs\/how-to-buy-dogecoin\/how-to-buy-dogecoin-on-mexc\/#4_Trade_USDT_for_DOGE\" >4. Vym\u011b\u0148te USDT za DOGE<\/a><\/li><\/ul><\/li><\/ul><\/nav><\/div>\n<h2><span class=\"ez-toc-section\" id=\"How_to_Buy_Dogecoin_on_MEXC\"><\/span><span style=\"font-weight: 400;\">Jak koupit Dogecoin na MEXC<\/span><span class=\"ez-toc-section-end\"><\/span><\/h2>\n<p><span style=\"font-weight: 400;\"><a href=\"https:\/\/coinkickoff.com\/cs\/dogecoin-doge\/\" data-internallinksmanager029f6b8e52c=\"14\" title=\"Co je Dogecoin (DOGE)? Jak funguje a kde ho koupit?\">Dogecoin<\/a>, a\u010dkoli se jedn\u00e1 o zn\u00e1mou kryptom\u011bnu, nen\u00ed ve skute\u010dnosti jako <a href=\"https:\/\/coinkickoff.com\/cs\/ethereum-eth\/\" data-internallinksmanager029f6b8e52c=\"2\" title=\"Co je Ethereum (ETH)? Cena, historie a kde koupit\">Ethereum<\/a> nebo <a href=\"https:\/\/coinkickoff.com\/cs\/bitcoin-btc\/\" data-internallinksmanager029f6b8e52c=\"1\" title=\"Co je Bitcoin (BTC)? Cena, historie a kde koupit\">Bitcoin<\/a>. Tento zn\u00e1m\u00fd mem coin je do zna\u010dn\u00e9 m\u00edry bezcenn\u00fd, proto\u017ee byl poprv\u00e9 spu\u0161t\u011bn jako vtip. Nyn\u00ed je v\u0161ak pom\u011brn\u011b v\u0161udyp\u0159\u00edtomn\u00fd, hlavn\u011b d\u00edky Redditu a Elonu Muskovi, a najdete ho t\u00e9m\u011b\u0159 na v\u0161ech burz\u00e1ch, v\u010detn\u011b <a href=\"https:\/\/coinkickoff.com\/cs\/mexc-global-review\/\">MEXC<\/a>.<\/span><\/p>\n<p><span style=\"font-weight: 400;\">Pokud se chcete z\u00fa\u010dastnit vtipu a koupit si Dogecoin, ale nev\u00edte, kde za\u010d\u00edt, jste na spr\u00e1vn\u00e9m m\u00edst\u011b. Zde je pr\u016fvodce krok za krokem, jak si koupit Dogecoin na. <a href=\"https:\/\/coinkickoff.com\/cs\/mexc-global-review\/\" data-internallinksmanager029f6b8e52c=\"154\" title=\"MEXC Global Reviews 2023: Poplatky, funkce, bezpe\u010dnost, klady a z\u00e1pory\">MEXC<\/a> v\u00fdm\u011bna.<\/span><\/p>\n<h2><span class=\"ez-toc-section\" id=\"A_Step-By-Step_Guide_on_How_to_Buy_Dogecoin_on_MEXC\"><\/span><span style=\"font-weight: 400;\">Pr\u016fvodce krok za krokem, jak koupit Dogecoin na MEXC<\/span><span class=\"ez-toc-section-end\"><\/span><\/h2>\n<h3><span class=\"ez-toc-section\" id=\"1_Register_an_Account\"><\/span><span style=\"font-weight: 400;\">1. Registrace \u00fa\u010dtu<\/span><span class=\"ez-toc-section-end\"><\/span><\/h3>\n<p><img loading=\"lazy\" decoding=\"async\" class=\"alignnone wp-image-3441 size-full\" src=\"https:\/\/coinkickoff.com\/wp-content\/uploads\/mexc-register.png\" alt=\"jak koupit dogecoin na mexc\" width=\"1328\" height=\"783\" srcset=\"https:\/\/coinkickoff.com\/wp-content\/uploads\/mexc-register.png 1328w, https:\/\/coinkickoff.com\/wp-content\/uploads\/mexc-register-300x177.png 300w, https:\/\/coinkickoff.com\/wp-content\/uploads\/mexc-register-1024x604.png 1024w, https:\/\/coinkickoff.com\/wp-content\/uploads\/mexc-register-768x453.png 768w, https:\/\/coinkickoff.com\/wp-content\/uploads\/mexc-register-18x12.png 18w\" sizes=\"auto, (max-width: 1328px) 100vw, 1328px\" \/><\/p>\n<p><span style=\"font-weight: 400;\">Nejprve si vytvo\u0159te \u00fa\u010det MEXC na str\u00e1nce <a href=\"https:\/\/www.mexc.com\/en-US\/register?inviteCode=mexc-1WwwX\" target=\"_blank\" rel=\"noopener\">Webov\u00e9 str\u00e1nky MEXC<\/a> a kliknut\u00edm na \"Zaregistrovat se\". <\/span><\/p>\n<p><span style=\"font-weight: 400;\">M\u016f\u017eete se zaregistrovat pomoc\u00ed mobiln\u00edho \u010d\u00edsla nebo e-mailu. Na e-mailovou adresu obdr\u017e\u00edte ov\u011b\u0159ovac\u00ed k\u00f3d. Pomoc\u00ed k\u00f3du se p\u0159ihlaste ke sv\u00e9mu \u00fa\u010dtu.\u00a0\u00a0<\/span><\/p>\n<h3><span class=\"ez-toc-section\" id=\"2_Verify_Your_Account\"><\/span><span style=\"font-weight: 400;\">2. Ov\u011b\u0159te sv\u016fj \u00fa\u010det<\/span><span class=\"ez-toc-section-end\"><\/span><\/h3>\n<p><span style=\"font-weight: 400;\">Pro obchodov\u00e1n\u00ed na MEXC nemus\u00edte vypl\u0148ovat ov\u011b\u0159en\u00ed toto\u017enosti, ale pro obchodov\u00e1n\u00ed s fiatem ho pot\u0159ebujete. Pokud ji\u017e m\u00e1te digit\u00e1ln\u00ed aktiva, kter\u00e1 m\u016f\u017eete poslat do pen\u011b\u017eenky MEXC, m\u016f\u017eete tento krok p\u0159esko\u010dit.<\/span><\/p>\n<p><span style=\"font-weight: 400;\">Pokud chcete k n\u00e1kupu kryptom\u011bn pou\u017e\u00edt poskytovatele t\u0159et\u00edch stran, jako je Banxa, Moonpay nebo Mercuyo, m\u016f\u017eete tento krok p\u0159esko\u010dit. Maj\u00ed sv\u00e9 samostatn\u00e9 procesy ov\u011b\u0159ov\u00e1n\u00ed toto\u017enosti.<\/span><\/p>\n<p><span style=\"font-weight: 400;\">Pokud dokon\u010d\u00edte ov\u011b\u0159en\u00ed toto\u017enosti, m\u016f\u017eete si kryptom\u011bny zakoupit prost\u0159ednictv\u00edm bankovn\u00edho \u00fa\u010dtu, kreditn\u00ed karty a dal\u0161\u00edch prost\u0159edk\u016f. Chcete-li tak u\u010dinit, klikn\u011bte na symbol profilu v prav\u00e9m horn\u00edm rohu ovl\u00e1dac\u00edho panelu a vyberte mo\u017enost \"Profil\".<\/span><\/p>\n<p><span style=\"font-weight: 400;\">Na str\u00e1nce profilu vyberte mo\u017enost \"Identifikace\" a klikn\u011bte na mo\u017enost \"Prim\u00e1rn\u00ed KYC\".<\/span><\/p>\n<p><img loading=\"lazy\" decoding=\"async\" class=\"alignnone wp-image-3439 size-full\" src=\"https:\/\/coinkickoff.com\/wp-content\/uploads\/mexc-id.png\" alt=\"\" width=\"1436\" height=\"810\" srcset=\"https:\/\/coinkickoff.com\/wp-content\/uploads\/mexc-id.png 1436w, https:\/\/coinkickoff.com\/wp-content\/uploads\/mexc-id-300x169.png 300w, https:\/\/coinkickoff.com\/wp-content\/uploads\/mexc-id-1024x578.png 1024w, https:\/\/coinkickoff.com\/wp-content\/uploads\/mexc-id-768x433.png 768w, https:\/\/coinkickoff.com\/wp-content\/uploads\/mexc-id-18x10.png 18w, https:\/\/coinkickoff.com\/wp-content\/uploads\/mexc-id-600x338.png 600w\" sizes=\"auto, (max-width: 1436px) 100vw, 1436px\" \/><\/p>\n<p><span style=\"font-weight: 400;\">Budete p\u0159esm\u011brov\u00e1ni na str\u00e1nku KYC, kde m\u016f\u017eete bu\u010f p\u0159ej\u00edt na. <\/span><i><span style=\"font-weight: 400;\">Prim\u00e1rn\u00ed KYC<\/span><\/i><span style=\"font-weight: 400;\"> nebo <\/span><i><span style=\"font-weight: 400;\">Pokro\u010dil\u00fd KYC<\/span><\/i><span style=\"font-weight: 400;\">. Pro v\u011bt\u0161inu vklad\u016f ve fiat m\u011bn\u011b je nutn\u00e9 pokro\u010dil\u00e9 KYC.<\/span><\/p>\n<p><img loading=\"lazy\" decoding=\"async\" class=\"alignnone wp-image-3440 size-full\" src=\"https:\/\/coinkickoff.com\/wp-content\/uploads\/mexc-id2.png\" alt=\"\" width=\"1436\" height=\"582\" srcset=\"https:\/\/coinkickoff.com\/wp-content\/uploads\/mexc-id2.png 1436w, https:\/\/coinkickoff.com\/wp-content\/uploads\/mexc-id2-300x122.png 300w, https:\/\/coinkickoff.com\/wp-content\/uploads\/mexc-id2-1024x415.png 1024w, https:\/\/coinkickoff.com\/wp-content\/uploads\/mexc-id2-768x311.png 768w, https:\/\/coinkickoff.com\/wp-content\/uploads\/mexc-id2-18x7.png 18w\" sizes=\"auto, (max-width: 1436px) 100vw, 1436px\" \/><\/p>\n<p><span style=\"font-weight: 400;\">Klikn\u011bte na tla\u010d\u00edtko \"Ov\u011b\u0159it\" a spus\u0165te proces ov\u011b\u0159en\u00ed. Nahrajte po\u017eadovan\u00e9 dokumenty a m\u016f\u017eete za\u010d\u00edt.<\/span><\/p>\n<h3><span class=\"ez-toc-section\" id=\"3_Buy_Crypto\"><\/span><span style=\"font-weight: 400;\">3. N\u00e1kup kryptom\u011bn<\/span><span class=\"ez-toc-section-end\"><\/span><\/h3>\n<p><span style=\"font-weight: 400;\">V lev\u00e9m horn\u00edm rohu klikn\u011bte na polo\u017eku \"Buy Crypto\". Na nov\u00e9 str\u00e1nce vyberte jednu z mo\u017enost\u00ed, kter\u00e9 m\u00e1te k dispozici. Pokud dokon\u010d\u00edte ov\u011b\u0159en\u00ed toto\u017enosti, m\u016f\u017eete k n\u00e1kupu kryptom\u011bn pou\u017e\u00edt kreditn\u00ed\/debetn\u00ed karty, bankovn\u00ed p\u0159evody, expresn\u00ed platby a trh P2P. Pokud ne, vyberte ze seznamu mo\u017enost \"T\u0159et\u00ed strana\".<\/span><\/p>\n<p><img loading=\"lazy\" decoding=\"async\" class=\"alignnone wp-image-3438 size-full\" src=\"https:\/\/coinkickoff.com\/wp-content\/uploads\/mexc-buy-payment.png\" alt=\"\" width=\"1403\" height=\"778\" srcset=\"https:\/\/coinkickoff.com\/wp-content\/uploads\/mexc-buy-payment.png 1403w, https:\/\/coinkickoff.com\/wp-content\/uploads\/mexc-buy-payment-300x166.png 300w, https:\/\/coinkickoff.com\/wp-content\/uploads\/mexc-buy-payment-1024x568.png 1024w, https:\/\/coinkickoff.com\/wp-content\/uploads\/mexc-buy-payment-768x426.png 768w, https:\/\/coinkickoff.com\/wp-content\/uploads\/mexc-buy-payment-18x10.png 18w\" sizes=\"auto, (max-width: 1403px) 100vw, 1403px\" \/><\/p>\n<p><span style=\"font-weight: 400;\">Zadejte, kolik chcete utratit, a vyberte kryptom\u011bnu, kterou chcete koupit. Bohu\u017eel si nem\u016f\u017eete koupit DOGE jen tak za hotovost, tak\u017ee si nejprve mus\u00edte koupit jinou coin, nap\u0159. <a href=\"https:\/\/coinkickoff.com\/cs\/tether-usdt\/\" data-internallinksmanager029f6b8e52c=\"3\" title=\"Co je Tether (USDT)? Jak funguje a kde ho koupit?\">USDT<\/a> nebo <a href=\"https:\/\/coinkickoff.com\/cs\/usd-coin-usdc\/\" data-internallinksmanager029f6b8e52c=\"8\" title=\"Co je USD Coin (USDC)? Jak funguje a kde ho koupit?\">USDC<\/a>a pozd\u011bji jej vym\u011bnit za DOGE.<\/span><\/p>\n<p><span style=\"font-weight: 400;\">Po zad\u00e1n\u00ed \u010d\u00e1stky, kterou chcete koupit, mus\u00edte zvolit platebn\u00ed kan\u00e1l. MEXC nab\u00edz\u00ed na v\u00fdb\u011br pom\u011brn\u011b dost mo\u017enost\u00ed t\u0159et\u00edch stran a vst\u0159\u00edcn\u011b v\u00e1m doporu\u010duje pou\u017e\u00edt mo\u017enost s nejni\u017e\u0161\u00ed cenou.<\/span><\/p>\n<p><span style=\"font-weight: 400;\">Zkontrolujte platebn\u00ed \u00fadaje a klikn\u011bte na tla\u010d\u00edtko \"Pokra\u010dovat\". Budete p\u0159esm\u011brov\u00e1ni na str\u00e1nku platebn\u00edho kan\u00e1lu, kde potvrd\u00edte svou objedn\u00e1vku. Zkontrolujte informace a klikn\u011bte na tla\u010d\u00edtko \"Koupit\".<\/span><\/p>\n<p><img loading=\"lazy\" decoding=\"async\" class=\"alignnone wp-image-3436 size-full\" src=\"https:\/\/coinkickoff.com\/wp-content\/uploads\/mercuryo-mexc1u.png\" alt=\"\" width=\"1360\" height=\"791\" srcset=\"https:\/\/coinkickoff.com\/wp-content\/uploads\/mercuryo-mexc1u.png 1360w, https:\/\/coinkickoff.com\/wp-content\/uploads\/mercuryo-mexc1u-300x174.png 300w, https:\/\/coinkickoff.com\/wp-content\/uploads\/mercuryo-mexc1u-1024x596.png 1024w, https:\/\/coinkickoff.com\/wp-content\/uploads\/mercuryo-mexc1u-768x447.png 768w, https:\/\/coinkickoff.com\/wp-content\/uploads\/mercuryo-mexc1u-18x10.png 18w\" sizes=\"auto, (max-width: 1360px) 100vw, 1360px\" \/><\/p>\n<p><img loading=\"lazy\" decoding=\"async\" class=\"alignnone wp-image-3435 size-full\" src=\"https:\/\/coinkickoff.com\/wp-content\/uploads\/mercuryo-mexc.png\" alt=\"\" width=\"1407\" height=\"796\" srcset=\"https:\/\/coinkickoff.com\/wp-content\/uploads\/mercuryo-mexc.png 1407w, https:\/\/coinkickoff.com\/wp-content\/uploads\/mercuryo-mexc-300x170.png 300w, https:\/\/coinkickoff.com\/wp-content\/uploads\/mercuryo-mexc-1024x579.png 1024w, https:\/\/coinkickoff.com\/wp-content\/uploads\/mercuryo-mexc-768x434.png 768w, https:\/\/coinkickoff.com\/wp-content\/uploads\/mercuryo-mexc-18x10.png 18w, https:\/\/coinkickoff.com\/wp-content\/uploads\/mercuryo-mexc-600x338.png 600w\" sizes=\"auto, (max-width: 1407px) 100vw, 1407px\" \/><\/p>\n<p><span style=\"font-weight: 400;\">V tomto okam\u017eiku mus\u00edte zadat sv\u016fj e-mail do platebn\u00edho kan\u00e1lu. Pokud u poskytovatele nem\u00e1te \u00fa\u010det, budete p\u0159esm\u011brov\u00e1ni k jeho zalo\u017een\u00ed.<\/span><\/p>\n<h3><span class=\"ez-toc-section\" id=\"4_Trade_USDT_for_DOGE\"><\/span><span style=\"font-weight: 400;\">4. Vym\u011b\u0148te USDT za DOGE<\/span><span class=\"ez-toc-section-end\"><\/span><\/h3>\n<p><span style=\"font-weight: 400;\">Jakmile si koup\u00edte stabiln\u00ed coin jako USDT, m\u016f\u017eete jej vym\u011bnit za DOGE na MEXC. Na ovl\u00e1dac\u00edm panelu klikn\u011bte na \"Trade\". V lev\u00e9m rohu nov\u00e9 obrazovky vyhledejte DOGE.<\/span><\/p>\n<p><img loading=\"lazy\" decoding=\"async\" class=\"alignnone wp-image-3443 size-full\" src=\"https:\/\/coinkickoff.com\/wp-content\/uploads\/mexctrade1.png\" alt=\"\" width=\"1436\" height=\"736\" srcset=\"https:\/\/coinkickoff.com\/wp-content\/uploads\/mexctrade1.png 1436w, https:\/\/coinkickoff.com\/wp-content\/uploads\/mexctrade1-300x154.png 300w, https:\/\/coinkickoff.com\/wp-content\/uploads\/mexctrade1-1024x525.png 1024w, https:\/\/coinkickoff.com\/wp-content\/uploads\/mexctrade1-768x394.png 768w, https:\/\/coinkickoff.com\/wp-content\/uploads\/mexctrade1-18x9.png 18w\" sizes=\"auto, (max-width: 1436px) 100vw, 1436px\" \/><\/p>\n<p><span style=\"font-weight: 400;\">Z v\u00fdsledk\u016f si vyberte DOGE\/USDT a obchodujte mezi dv\u011bma aktivy.<\/span><\/p>\n<p><img loading=\"lazy\" decoding=\"async\" class=\"alignnone wp-image-3442 size-full\" src=\"https:\/\/coinkickoff.com\/wp-content\/uploads\/mexc-trade-2.png\" alt=\"\" width=\"1392\" height=\"748\" srcset=\"https:\/\/coinkickoff.com\/wp-content\/uploads\/mexc-trade-2.png 1392w, https:\/\/coinkickoff.com\/wp-content\/uploads\/mexc-trade-2-300x161.png 300w, https:\/\/coinkickoff.com\/wp-content\/uploads\/mexc-trade-2-1024x550.png 1024w, https:\/\/coinkickoff.com\/wp-content\/uploads\/mexc-trade-2-768x413.png 768w, https:\/\/coinkickoff.com\/wp-content\/uploads\/mexc-trade-2-18x10.png 18w\" sizes=\"auto, (max-width: 1392px) 100vw, 1392px\" \/><\/p>\n<p><span style=\"font-weight: 400;\">Nyn\u00ed sta\u010d\u00ed do pol\u00ed\u010dka ve spodn\u00ed \u010d\u00e1sti obrazovky zadat, kolik DOGE chcete koupit (nebo kolik USDT chcete prodat). V tomto okn\u011b m\u016f\u017eete upravit \u010d\u00e1stku, kterou chcete koupit.<\/span><\/p>\n<p><span style=\"font-weight: 400;\">Jakmile budete p\u0159ipraveni zadat objedn\u00e1vku, klikn\u011bte na tla\u010d\u00edtko Koupit DOGE. To je v\u0161e.<\/span><\/p>\n<p><span style=\"font-weight: 400;\">Dal\u0161\u00ed informace naleznete v na\u0161ich \u010dl\u00e1nc\u00edch o Dogecoin a burze MEXC.<\/span><\/p>","protected":false},"excerpt":{"rendered":"<p>Jak koupit Dogecoin na MEXC Dogecoin je sice zn\u00e1m\u00e1 kryptom\u011bna, ale ve skute\u010dnosti nen\u00ed jako Ethereum nebo Bitcoin. Tato zn\u00e1m\u00e1 meme coin je docela bezcenn\u00e1 u\u017e z principu, proto\u017ee byla poprv\u00e9 spu\u0161t\u011bna jako vtip. Nyn\u00ed je v\u0161ak pom\u011brn\u011b v\u0161udyp\u0159\u00edtomn\u00fd, p\u0159edev\u0161\u00edm d\u00edky Redditu a Elonu Muskovi, a najdete ho t\u00e9m\u011b\u0159 na [...].<\/p>","protected":false},"author":3,"featured_media":155,"parent":3196,"menu_order":0,"comment_status":"closed","ping_status":"closed","template":"","meta":{"_genesis_hide_title":false,"_genesis_hide_breadcrumbs":false,"_genesis_hide_singular_image":false,"_genesis_hide_footer_widgets":false,"_genesis_custom_body_class":"","_genesis_custom_post_class":"","_genesis_layout":"","_glsr_average":0,"_glsr_ranking":0,"_glsr_reviews":0,"footnotes":""},"class_list":{"0":"post-3424","1":"page","2":"type-page","3":"status-publish","4":"has-post-thumbnail","6":"entry"},"featured_image_src":"https:\/\/coinkickoff.com\/wp-content\/uploads\/2022\/06\/Dogecoin-DOGE-600x400.jpg","featured_image_src_square":"https:\/\/coinkickoff.com\/wp-content\/uploads\/2022\/06\/Dogecoin-DOGE-600x600.jpg","_links":{"self":[{"href":"https:\/\/coinkickoff.com\/cs\/wp-json\/wp\/v2\/pages\/3424","targetHints":{"allow":["GET"]}}],"collection":[{"href":"https:\/\/coinkickoff.com\/cs\/wp-json\/wp\/v2\/pages"}],"about":[{"href":"https:\/\/coinkickoff.com\/cs\/wp-json\/wp\/v2\/types\/page"}],"author":[{"embeddable":true,"href":"https:\/\/coinkickoff.com\/cs\/wp-json\/wp\/v2\/users\/3"}],"replies":[{"embeddable":true,"href":"https:\/\/coinkickoff.com\/cs\/wp-json\/wp\/v2\/comments?post=3424"}],"version-history":[{"count":3,"href":"https:\/\/coinkickoff.com\/cs\/wp-json\/wp\/v2\/pages\/3424\/revisions"}],"predecessor-version":[{"id":4496,"href":"https:\/\/coinkickoff.com\/cs\/wp-json\/wp\/v2\/pages\/3424\/revisions\/4496"}],"up":[{"embeddable":true,"href":"https:\/\/coinkickoff.com\/cs\/wp-json\/wp\/v2\/pages\/3196"}],"wp:featuredmedia":[{"embeddable":true,"href":"https:\/\/coinkickoff.com\/cs\/wp-json\/wp\/v2\/media\/155"}],"wp:attachment":[{"href":"https:\/\/coinkickoff.com\/cs\/wp-json\/wp\/v2\/media?parent=3424"}],"curies":[{"name":"wp","href":"https:\/\/api.w.org\/{rel}","templated":true}]}}