{"id":3404,"date":"2026-01-08T14:07:29","date_gmt":"2026-01-08T14:07:29","guid":{"rendered":"https:\/\/coinkickoff.com\/?page_id=3404"},"modified":"2026-01-08T14:07:29","modified_gmt":"2026-01-08T14:07:29","slug":"how-to-buy-dogecoin-on-kraken","status":"publish","type":"page","link":"https:\/\/coinkickoff.com\/cs\/how-to-buy-dogecoin\/how-to-buy-dogecoin-on-kraken\/","title":{"rendered":"Jak koupit Dogecoin (DOGE) na Krakenu"},"content":{"rendered":"<div id=\"ez-toc-container\" class=\"ez-toc-v2_0_80 counter-hierarchy ez-toc-counter ez-toc-transparent ez-toc-container-direction\">\n<div class=\"ez-toc-title-container\">\n<p class=\"ez-toc-title\" style=\"cursor:inherit\">Sekce<\/p>\n<span class=\"ez-toc-title-toggle\"><a href=\"#\" class=\"ez-toc-pull-right ez-toc-btn ez-toc-btn-xs ez-toc-btn-default ez-toc-toggle\" aria-label=\"P\u0159epnut\u00ed tabulky obsahu\"><span class=\"ez-toc-js-icon-con\"><span class=\"\"><span class=\"eztoc-hide\" style=\"display:none;\">P\u0159ep\u00edna\u010d<\/span><span class=\"ez-toc-icon-toggle-span\"><svg style=\"fill: #999;color:#999\" xmlns=\"http:\/\/www.w3.org\/2000\/svg\" class=\"list-377408\" width=\"20px\" height=\"20px\" viewbox=\"0 0 24 24\" fill=\"none\"><path d=\"M6 6H4v2h2V6zm14 0H8v2h12V6zM4 11h2v2H4v-2zm16 0H8v2h12v-2zM4 16h2v2H4v-2zm16 0H8v2h12v-2z\" fill=\"currentColor\"><\/path><\/svg><svg style=\"fill: #999;color:#999\" class=\"arrow-unsorted-368013\" xmlns=\"http:\/\/www.w3.org\/2000\/svg\" width=\"10px\" height=\"10px\" viewbox=\"0 0 24 24\" version=\"1.2\" baseprofile=\"tiny\"><path d=\"M18.2 9.3l-6.2-6.3-6.2 6.3c-.2.2-.3.4-.3.7s.1.5.3.7c.2.2.4.3.7.3h11c.3 0 .5-.1.7-.3.2-.2.3-.5.3-.7s-.1-.5-.3-.7zM5.8 14.7l6.2 6.3 6.2-6.3c.2-.2.3-.5.3-.7s-.1-.5-.3-.7c-.2-.2-.4-.3-.7-.3h-11c-.3 0-.5.1-.7.3-.2.2-.3.5-.3.7s.1.5.3.7z\"\/><\/svg><\/span><\/span><\/span><\/a><\/span><\/div>\n<nav><ul class='ez-toc-list ez-toc-list-level-1 eztoc-toggle-hide-by-default' ><li class='ez-toc-page-1 ez-toc-heading-level-2'><a class=\"ez-toc-link ez-toc-heading-1\" href=\"https:\/\/coinkickoff.com\/cs\/how-to-buy-dogecoin\/how-to-buy-dogecoin-on-kraken\/#How_to_Buy_Dogecoin_on_Kraken\" >Jak koupit Dogecoin na Krakenu<\/a><\/li><li class='ez-toc-page-1 ez-toc-heading-level-2'><a class=\"ez-toc-link ez-toc-heading-2\" href=\"https:\/\/coinkickoff.com\/cs\/how-to-buy-dogecoin\/how-to-buy-dogecoin-on-kraken\/#A_Step-By-Step_Guide_on_How_to_Buy_Dogecoin_on_Kraken\" >Pr\u016fvodce krok za krokem, jak koupit Dogecoin na Krakenu<\/a><ul class='ez-toc-list-level-3' ><li class='ez-toc-heading-level-3'><a class=\"ez-toc-link ez-toc-heading-3\" href=\"https:\/\/coinkickoff.com\/cs\/how-to-buy-dogecoin\/how-to-buy-dogecoin-on-kraken\/#1_Register_an_Account_on_Kraken\" >1. Registrace \u00fa\u010dtu na Krakenu<\/a><\/li><li class='ez-toc-page-1 ez-toc-heading-level-3'><a class=\"ez-toc-link ez-toc-heading-4\" href=\"https:\/\/coinkickoff.com\/cs\/how-to-buy-dogecoin\/how-to-buy-dogecoin-on-kraken\/#2_Verify_Your_Account\" >2. Ov\u011b\u0159te sv\u016fj \u00fa\u010det<\/a><\/li><li class='ez-toc-page-1 ez-toc-heading-level-3'><a class=\"ez-toc-link ez-toc-heading-5\" href=\"https:\/\/coinkickoff.com\/cs\/how-to-buy-dogecoin\/how-to-buy-dogecoin-on-kraken\/#3_Deposit_FundsCrypto\" >3. Vkladov\u00e9 fondy \/ krypto<\/a><\/li><li class='ez-toc-page-1 ez-toc-heading-level-3'><a class=\"ez-toc-link ez-toc-heading-6\" href=\"https:\/\/coinkickoff.com\/cs\/how-to-buy-dogecoin\/how-to-buy-dogecoin-on-kraken\/#4_Navigate_to_the_Relevant_Screen_to_Buy\" >4. P\u0159ejd\u011bte na p\u0159\u00edslu\u0161nou obrazovku a nakupte<\/a><\/li><\/ul><\/li><\/ul><\/nav><\/div>\n<h2><span class=\"ez-toc-section\" id=\"How_to_Buy_Dogecoin_on_Kraken\"><\/span><span style=\"font-weight: 400;\">Jak koupit Dogecoin na Krakenu<\/span><span class=\"ez-toc-section-end\"><\/span><\/h2>\n<p><span style=\"font-weight: 400;\"><a href=\"https:\/\/coinkickoff.com\/cs\/dogecoin-doge\/\" data-internallinksmanager029f6b8e52c=\"14\" title=\"Co je Dogecoin (DOGE)? Jak funguje a kde ho koupit?\">Dogecoin<\/a> (DOGE) je jednou z nejv\u011bt\u0161\u00edch kryptom\u011bn podle tr\u017en\u00ed kapitalizace, p\u0159esto\u017ee, nebo mo\u017en\u00e1 pr\u00e1v\u011b proto, \u017ee je prvn\u00ed meme coin na sv\u011bt\u011b. token byla spu\u0161t\u011bna p\u0159ev\u00e1\u017en\u011b jako vtip, inspirovan\u00fd \"doge meme\", ale d\u00edky internetu a soci\u00e1ln\u00edm m\u00e9di\u00edm si rychle z\u00edskala popularitu.<\/span><\/p>\n<p><span style=\"font-weight: 400;\">Pokud si chcete koupit <a href=\"https:\/\/coinkickoff.com\/cs\/dogecoin-doge\/\">Dogecoin<\/a> na adrese <a href=\"https:\/\/coinkickoff.com\/cs\/kraken-review\/\">Kraken<\/a> ale nejste si jisti, jak jste na spr\u00e1vn\u00e9m m\u00edst\u011b. Zde je krok za krokem pops\u00e1no, jak si koupit Dogecoin na. <a href=\"https:\/\/coinkickoff.com\/cs\/kraken-review\/\" data-internallinksmanager029f6b8e52c=\"171\" title=\"Recenze Kraken 2023: Poplatky, funkce, bezpe\u010dnost, v\u00fdhody a nev\u00fdhody\">Kraken<\/a>.<\/span><\/p>\n<h2><span class=\"ez-toc-section\" id=\"A_Step-By-Step_Guide_on_How_to_Buy_Dogecoin_on_Kraken\"><\/span><span style=\"font-weight: 400;\">Pr\u016fvodce krok za krokem, jak koupit Dogecoin na Krakenu<\/span><span class=\"ez-toc-section-end\"><\/span><\/h2>\n<h3><span class=\"ez-toc-section\" id=\"1_Register_an_Account_on_Kraken\"><\/span><span style=\"font-weight: 400;\">1. Registrace \u00fa\u010dtu na Krakenu<\/span><span class=\"ez-toc-section-end\"><\/span><\/h3>\n<p><img loading=\"lazy\" decoding=\"async\" class=\"alignnone wp-image-3406 size-full\" src=\"https:\/\/coinkickoff.com\/wp-content\/uploads\/kraken1-e1682502957481.png\" alt=\"jak koupit Dogecoin na Krakenu\" width=\"1339\" height=\"763\" srcset=\"https:\/\/coinkickoff.com\/wp-content\/uploads\/kraken1-e1682502957481.png 1339w, https:\/\/coinkickoff.com\/wp-content\/uploads\/kraken1-e1682502957481-300x171.png 300w, https:\/\/coinkickoff.com\/wp-content\/uploads\/kraken1-e1682502957481-1024x584.png 1024w, https:\/\/coinkickoff.com\/wp-content\/uploads\/kraken1-e1682502957481-768x438.png 768w, https:\/\/coinkickoff.com\/wp-content\/uploads\/kraken1-e1682502957481-18x10.png 18w\" sizes=\"auto, (max-width: 1339px) 100vw, 1339px\" \/> I<span style=\"font-weight: 400;\">Pokud je\u0161t\u011b nem\u00e1te \u00fa\u010det Kraken, nav\u0161tivte str\u00e1nku <a href=\"https:\/\/kraken.pxf.io\/B0Rny4\" rel=\"nofollow noopener\" target=\"_blank\">Ofici\u00e1ln\u00ed webov\u00e9 str\u00e1nky spole\u010dnosti Kraken<\/a> a klikn\u011bte na tla\u010d\u00edtko \"Vytvo\u0159it \u00fa\u010det\". Zadejte svou e-mailovou adresu, u\u017eivatelsk\u00e9 jm\u00e9no a siln\u00e9 heslo s \u010d\u00edseln\u00fdmi a speci\u00e1ln\u00edmi znaky. Vyberte zemi a st\u00e1t sv\u00e9ho bydli\u0161t\u011b a vytvo\u0159te si \u00fa\u010det.\u00a0<\/span><\/p>\n<p><span style=\"font-weight: 400;\">Spole\u010dnost Kraken v\u00e1m za\u0161le ov\u011b\u0159ovac\u00ed e-mail a odkaz pro aktivaci \u00fa\u010dtu. Pomoc\u00ed tohoto odkazu se p\u0159ihlaste ke sv\u00e9mu \u00fa\u010dtu.<\/span><\/p>\n<h3><span class=\"ez-toc-section\" id=\"2_Verify_Your_Account\"><\/span><span style=\"font-weight: 400;\">2. Ov\u011b\u0159te sv\u016fj \u00fa\u010det<\/span><span class=\"ez-toc-section-end\"><\/span><\/h3>\n<p><span style=\"font-weight: 400;\">Abyste mohli nakupovat kryptom\u011bny na Krakenu, mus\u00edte splnit jejich po\u017eadavky na KYC a poskytnout n\u011bkter\u00e9 osobn\u00ed \u00fadaje a doklad toto\u017enosti. Druh\u00fdm krokem je tedy ov\u011b\u0159en\u00ed va\u0161\u00ed toto\u017enosti.<\/span><\/p>\n<p><span style=\"font-weight: 400;\">N\u011bkter\u00e9 burzy umo\u017e\u0148uj\u00ed vkl\u00e1dat kryptom\u011bny na sv\u00e9 platform\u011b bez ov\u011b\u0159en\u00ed toto\u017enosti. Vezm\u011bte pros\u00edm na v\u011bdom\u00ed, \u017ee Kraken je <\/span><i><span style=\"font-weight: 400;\">ne <\/span><\/i><span style=\"font-weight: 400;\">jednu z t\u011bchto v\u00fdm\u011bn. <\/span><b>P\u0159ed proveden\u00edm vkladu na platform\u011b mus\u00edte ov\u011b\u0159it svou toto\u017enost.<\/b><\/p>\n<p><span style=\"font-weight: 400;\">Spole\u010dnost Kraken v\u00e1m za\u0161le e-mail s p\u0159ipomenut\u00edm, abyste sv\u016fj \u00fa\u010det ov\u011b\u0159ili. M\u016f\u017eete tak\u00e9 kliknout na ikonu \"Koupit\" na lev\u00e9 stran\u011b hlavn\u00ed str\u00e1nky, kde v\u00e1s Kraken okam\u017eit\u011b vyzve k dokon\u010den\u00ed ov\u011b\u0159en\u00ed ID.<\/span><\/p>\n<p><img loading=\"lazy\" decoding=\"async\" class=\"alignnone wp-image-3407 size-full\" src=\"https:\/\/coinkickoff.com\/wp-content\/uploads\/kraken2-e1682502904796.png\" alt=\"varov\u00e1n\u00ed p\u0159ed ov\u011b\u0159en\u00edm krakena\" width=\"1378\" height=\"770\" \/><\/p>\n<p><span style=\"font-weight: 400;\">Sta\u010d\u00ed kliknout na tla\u010d\u00edtko Ov\u011b\u0159it a budete p\u0159esm\u011brov\u00e1ni na p\u0159\u00edslu\u0161nou str\u00e1nku. Zadejte sv\u00e9 z\u00e1konn\u00e9 jm\u00e9no, datum narozen\u00ed, adresu a telefonn\u00ed \u010d\u00edslo a spus\u0165te proces ov\u011b\u0159en\u00ed. Klikn\u011bte na tla\u010d\u00edtko Pokra\u010dovat.<\/span><\/p>\n<p><img loading=\"lazy\" decoding=\"async\" class=\"alignnone wp-image-3408 size-full\" src=\"https:\/\/coinkickoff.com\/wp-content\/uploads\/kraken3-e1682503223180.png\" alt=\"\" width=\"1375\" height=\"777\" srcset=\"https:\/\/coinkickoff.com\/wp-content\/uploads\/kraken3-e1682503223180.png 1375w, https:\/\/coinkickoff.com\/wp-content\/uploads\/kraken3-e1682503223180-300x170.png 300w, https:\/\/coinkickoff.com\/wp-content\/uploads\/kraken3-e1682503223180-1024x579.png 1024w, https:\/\/coinkickoff.com\/wp-content\/uploads\/kraken3-e1682503223180-768x434.png 768w, https:\/\/coinkickoff.com\/wp-content\/uploads\/kraken3-e1682503223180-18x10.png 18w, https:\/\/coinkickoff.com\/wp-content\/uploads\/kraken3-e1682503223180-600x338.png 600w\" sizes=\"auto, (max-width: 1375px) 100vw, 1375px\" \/><\/p>\n<p><span style=\"font-weight: 400;\">Na dal\u0161\u00ed str\u00e1nce budete po\u017e\u00e1d\u00e1ni o p\u0159edlo\u017een\u00ed dal\u0161\u00edch dokument\u016f, v\u010detn\u011b pr\u016fkazu toto\u017enosti s fotografi\u00ed, nap\u0159\u00edklad str\u00e1nky pasu nebo \u0159idi\u010dsk\u00e9ho pr\u016fkazu.<\/span><\/p>\n<h3><span class=\"ez-toc-section\" id=\"3_Deposit_FundsCrypto\"><\/span><span style=\"font-weight: 400;\">3. Vkladov\u00e9 fondy \/ krypto<\/span><span class=\"ez-toc-section-end\"><\/span><\/h3>\n<p><span style=\"font-weight: 400;\">Pokud ji\u017e kryptom\u011bny vlastn\u00edte, m\u016f\u017eete sv\u00e9 coins ulo\u017eit na Kraken a vym\u011bnit je za DOGE. V opa\u010dn\u00e9m p\u0159\u00edpad\u011b si DOGE na Krakenu jednodu\u0161e koup\u00edte za fiat m\u011bnu.\u00a0<\/span><\/p>\n<p><span style=\"font-weight: 400;\">D\u016frazn\u011b doporu\u010dujeme, abyste sv\u016fj \u00fa\u010det zabezpe\u010dili dvoufaktorov\u00fdm ov\u011b\u0159ov\u00e1n\u00edm (2FA), ne\u017e p\u0159id\u00e1te platebn\u00ed metodu nebo provedete jak\u00fdkoli fiat vklad. 2FA p\u0159id\u00e1v\u00e1 va\u0161emu \u00fa\u010dtu dal\u0161\u00ed vrstvu zabezpe\u010den\u00ed.<\/span><\/p>\n<p><span style=\"font-weight: 400;\">Chcete-li aktivovat 2FA, klikn\u011bte na n\u00e1zev sv\u00e9ho profilu (vpravo naho\u0159e) a z rozbalovac\u00ed nab\u00eddky vyberte mo\u017enost \"Zabezpe\u010den\u00ed\". Kliknut\u00edm na \"Nastaven\u00ed 2FA\" upravte nastaven\u00ed.<\/span><\/p>\n<p><img loading=\"lazy\" decoding=\"async\" class=\"alignnone wp-image-3409 size-full\" src=\"https:\/\/coinkickoff.com\/wp-content\/uploads\/kraken4-e1682503267822.png\" alt=\"\" width=\"1360\" height=\"795\" srcset=\"https:\/\/coinkickoff.com\/wp-content\/uploads\/kraken4-e1682503267822.png 1360w, https:\/\/coinkickoff.com\/wp-content\/uploads\/kraken4-e1682503267822-300x175.png 300w, https:\/\/coinkickoff.com\/wp-content\/uploads\/kraken4-e1682503267822-1024x599.png 1024w, https:\/\/coinkickoff.com\/wp-content\/uploads\/kraken4-e1682503267822-768x449.png 768w, https:\/\/coinkickoff.com\/wp-content\/uploads\/kraken4-e1682503267822-18x12.png 18w\" sizes=\"auto, (max-width: 1360px) 100vw, 1360px\" \/><\/p>\n<p><span style=\"font-weight: 400;\">Kraken nab\u00edz\u00ed n\u011bkolik mo\u017enost\u00ed 2FA. 2FA m\u016f\u017eete povolit pro r\u016fzn\u00e9 akce, jako je p\u0159ihl\u00e1\u0161en\u00ed, financov\u00e1n\u00ed, obchodov\u00e1n\u00ed a v\u00fdb\u011bry.<\/span><\/p>\n<p><span style=\"font-weight: 400;\"><img loading=\"lazy\" decoding=\"async\" class=\"alignnone wp-image-3405 size-full\" src=\"https:\/\/coinkickoff.com\/wp-content\/uploads\/kraken-5-e1682503294785.png\" alt=\"\" width=\"1357\" height=\"770\" srcset=\"https:\/\/coinkickoff.com\/wp-content\/uploads\/kraken-5-e1682503294785.png 1357w, https:\/\/coinkickoff.com\/wp-content\/uploads\/kraken-5-e1682503294785-300x170.png 300w, https:\/\/coinkickoff.com\/wp-content\/uploads\/kraken-5-e1682503294785-1024x581.png 1024w, https:\/\/coinkickoff.com\/wp-content\/uploads\/kraken-5-e1682503294785-768x436.png 768w, https:\/\/coinkickoff.com\/wp-content\/uploads\/kraken-5-e1682503294785-18x10.png 18w\" sizes=\"auto, (max-width: 1357px) 100vw, 1357px\" \/><\/span><\/p>\n<p><span style=\"font-weight: 400;\">Nastaven\u00ed 2FA je pom\u011brn\u011b snadn\u00e9. St\u00e1hn\u011bte si aplikaci Google Authenticator a naskenujte QR k\u00f3d na obrazovce. Aplikace vygeneruje k\u00f3d, kter\u00fd m\u016f\u017eete zadat pro aktivaci 2FA.\u00a0<\/span><\/p>\n<p><img loading=\"lazy\" decoding=\"async\" class=\"alignnone wp-image-3410 size-full\" src=\"https:\/\/coinkickoff.com\/wp-content\/uploads\/kraken6-e1682503322525.png\" alt=\"\" width=\"1357\" height=\"791\" \/><\/p>\n<p><span style=\"font-weight: 400;\">Jakmile povol\u00edte 2FA, mus\u00edte se k \u00fa\u010dtu p\u0159ihl\u00e1sit pomoc\u00ed aplikace Google Authenticator. Aplikace vygeneruje pro ka\u017ed\u00e9 p\u0159ihl\u00e1\u0161en\u00ed jedine\u010dn\u00e9 jednor\u00e1zov\u00e9 heslo.<\/span><\/p>\n<p><span style=\"font-weight: 400;\">Po aktivaci 2FA jste p\u0159ipraveni financovat sv\u016fj \u00fa\u010det Kraken. Na Krakenu si m\u016f\u017eete DOGE koupit dv\u011bma zp\u016fsoby. M\u016f\u017eete si na sv\u016fj \u00fa\u010det p\u0159idat okam\u017eitou platebn\u00ed metodu, jako je kreditn\u00ed karta, nebo propojit sv\u016fj bankovn\u00ed \u00fa\u010det s Krakenem a snadno p\u0159ev\u00e9st finan\u010dn\u00ed prost\u0159edky.<\/span><\/p>\n<p><span style=\"font-weight: 400;\">P\u0159id\u00e1n\u00ed metody okam\u017eit\u00e9 platby je rychlej\u0161\u00ed a jednodu\u0161\u0161\u00ed. Sta\u010d\u00ed kliknout na \"Buy Crypto\" v horn\u00edm menu.<\/span><\/p>\n<p><img loading=\"lazy\" decoding=\"async\" class=\"alignnone wp-image-3412 size-full\" src=\"https:\/\/coinkickoff.com\/wp-content\/uploads\/kraken8-e1682503364155.png\" alt=\"\" width=\"1206\" height=\"781\" srcset=\"https:\/\/coinkickoff.com\/wp-content\/uploads\/kraken8-e1682503364155.png 1206w, https:\/\/coinkickoff.com\/wp-content\/uploads\/kraken8-e1682503364155-300x194.png 300w, https:\/\/coinkickoff.com\/wp-content\/uploads\/kraken8-e1682503364155-1024x663.png 1024w, https:\/\/coinkickoff.com\/wp-content\/uploads\/kraken8-e1682503364155-768x497.png 768w, https:\/\/coinkickoff.com\/wp-content\/uploads\/kraken8-e1682503364155-18x12.png 18w\" sizes=\"auto, (max-width: 1206px) 100vw, 1206px\" \/><\/p>\n<p><span style=\"font-weight: 400;\">Na nov\u00e9 str\u00e1nce vyberte mo\u017enost \"Zp\u016fsoby platby\".<\/span><\/p>\n<p><span style=\"font-weight: 400;\">Klikn\u011bte na mo\u017enost \"P\u0159idat platebn\u00ed metody\". M\u016f\u017eete p\u0159idat <\/span><a href=\"https:\/\/support.kraken.com\/hc\/en-us\/articles\/360048212832-Visa-and-MasterCard-purchases\" target=\"_blank\" rel=\"noopener\"><span style=\"font-weight: 400;\">debetn\u00ed\/kreditn\u00ed karty Visa a Mastercard<\/span><\/a><span style=\"font-weight: 400;\"> nebo vlo\u017eit hotovost na sv\u016fj \u00fa\u010det prost\u0159ednictv\u00edm internetov\u00e9ho bankovnictv\u00ed.<\/span><\/p>\n<p><img loading=\"lazy\" decoding=\"async\" class=\"alignnone wp-image-3413 size-full\" src=\"https:\/\/coinkickoff.com\/wp-content\/uploads\/kraken9-e1682503407337.png\" alt=\"\" width=\"1196\" height=\"776\" srcset=\"https:\/\/coinkickoff.com\/wp-content\/uploads\/kraken9-e1682503407337.png 1196w, https:\/\/coinkickoff.com\/wp-content\/uploads\/kraken9-e1682503407337-300x195.png 300w, https:\/\/coinkickoff.com\/wp-content\/uploads\/kraken9-e1682503407337-1024x664.png 1024w, https:\/\/coinkickoff.com\/wp-content\/uploads\/kraken9-e1682503407337-768x498.png 768w, https:\/\/coinkickoff.com\/wp-content\/uploads\/kraken9-e1682503407337-18x12.png 18w\" sizes=\"auto, (max-width: 1196px) 100vw, 1196px\" \/><\/p>\n<p><span style=\"font-weight: 400;\">Klikn\u011bte na preferovan\u00fd zp\u016fsob a zadejte p\u0159\u00edslu\u0161n\u00e9 informace.\u00a0<\/span><\/p>\n<p><span style=\"font-weight: 400;\">N\u00e1kupy kreditn\u00ed a debetn\u00ed kartou jsou rychlej\u0161\u00ed, ale obvykle dra\u017e\u0161\u00ed, proto\u017ee poskytovatel\u00e9 karet si \u00fa\u010dtuj\u00ed dal\u0161\u00ed poplatky.<\/span><\/p>\n<p><span style=\"font-weight: 400;\">Pokud zvol\u00edte vklad hotovosti, m\u016f\u017eete sv\u016fj \u00fa\u010det financovat prost\u0159ednictv\u00edm internetov\u00e9ho bankovnictv\u00ed. Zvolte m\u011bnu, v n\u00ed\u017e chcete vklad prov\u00e9st, a vyberte zp\u016fsob vkladu.<\/span><\/p>\n<p><img loading=\"lazy\" decoding=\"async\" class=\"alignnone wp-image-3414 size-full\" src=\"https:\/\/coinkickoff.com\/wp-content\/uploads\/kraken-deposit.png\" alt=\"\" width=\"752\" height=\"298\" srcset=\"https:\/\/coinkickoff.com\/wp-content\/uploads\/kraken-deposit.png 752w, https:\/\/coinkickoff.com\/wp-content\/uploads\/kraken-deposit-300x119.png 300w, https:\/\/coinkickoff.com\/wp-content\/uploads\/kraken-deposit-18x7.png 18w\" sizes=\"auto, (max-width: 752px) 100vw, 752px\" \/> <img loading=\"lazy\" decoding=\"async\" class=\"alignnone wp-image-3415 size-full\" src=\"https:\/\/coinkickoff.com\/wp-content\/uploads\/kraken-deposit-2.png\" alt=\"\" width=\"808\" height=\"547\" srcset=\"https:\/\/coinkickoff.com\/wp-content\/uploads\/kraken-deposit-2.png 808w, https:\/\/coinkickoff.com\/wp-content\/uploads\/kraken-deposit-2-300x203.png 300w, https:\/\/coinkickoff.com\/wp-content\/uploads\/kraken-deposit-2-768x520.png 768w, https:\/\/coinkickoff.com\/wp-content\/uploads\/kraken-deposit-2-18x12.png 18w\" sizes=\"auto, (max-width: 808px) 100vw, 808px\" \/><\/p>\n<p><span style=\"font-weight: 400;\">P\u0159i odes\u00edl\u00e1n\u00ed pen\u011bz na \u00fa\u010det Kraken si pe\u010dliv\u011b p\u0159e\u010dt\u011bte v\u0161echny pokyny. Mo\u017en\u00e1 budete muset zadat referen\u010dn\u00ed k\u00f3d, abyste zajistili, \u017ee v\u00e1\u0161 vklad doraz\u00ed na \u00fa\u010det Kraken.<\/span><\/p>\n<p><span style=\"font-weight: 400;\">Pen\u00edze by m\u011bly na v\u00e1\u0161 \u00fa\u010det dorazit do n\u011bkolika dn\u016f, ale pozor na bankovn\u00ed pr\u00e1zdniny a dal\u0161\u00ed mo\u017en\u00e1 zpo\u017ed\u011bn\u00ed. Zda va\u0161e prost\u0159edky dorazily, m\u016f\u017eete zkontrolovat kliknut\u00edm na kartu \"Obchod\" nebo \"Financov\u00e1n\u00ed\".<\/span><\/p>\n<h3><span class=\"ez-toc-section\" id=\"4_Navigate_to_the_Relevant_Screen_to_Buy\"><\/span><span style=\"font-weight: 400;\">4. P\u0159ejd\u011bte na p\u0159\u00edslu\u0161nou obrazovku a nakupte<\/span><span class=\"ez-toc-section-end\"><\/span><\/h3>\n<p><span style=\"font-weight: 400;\">Na serveru Kraken lze DOGE zakoupit dv\u011bma zp\u016fsoby. Prvn\u00edm a nejjednodu\u0161\u0161\u00edm je pou\u017e\u00edt widget pro snadn\u00fd n\u00e1kup\/prodej. Klikn\u011bte na z\u00e1lo\u017eku \"Buy Crypto\" na ovl\u00e1dac\u00edm panelu (naho\u0159e uprost\u0159ed) a vyberte mo\u017enost \"Buy\".<\/span><\/p>\n<p><span style=\"font-weight: 400;\">V rozbalovac\u00ed nab\u00eddce widgetu vyberte DOGE a zadejte, kolik chcete utratit. Vyberte zp\u016fsob platby (kreditn\u00ed\/debetn\u00ed kartou nebo v hotovosti).<\/span><\/p>\n<p><span style=\"font-weight: 400;\">Kraken zobrazuje, kolik DOGE za sv\u00e9 pen\u00edze obdr\u017e\u00edte, a v\u0161echny p\u0159\u00edslu\u0161n\u00e9 poplatky, kter\u00e9 se na v\u00e1\u0161 n\u00e1kup vztahuj\u00ed. Klikn\u011bte na tla\u010d\u00edtko Potvrdit a je hotovo.\u00a0<\/span><\/p>\n<p><span style=\"font-weight: 400;\">I kdy\u017e je tato metoda skv\u011bl\u00e1 pro za\u010d\u00ednaj\u00edc\u00ed u\u017eivatele, ve skute\u010dnosti existuje levn\u011bj\u0161\u00ed zp\u016fsob, jak si DOGE na Krakenu koupit.<\/span><\/p>\n<p><img loading=\"lazy\" decoding=\"async\" class=\"alignnone wp-image-3416 size-full\" src=\"https:\/\/coinkickoff.com\/wp-content\/uploads\/kraken-trade1.png\" alt=\"\" width=\"1139\" height=\"206\" srcset=\"https:\/\/coinkickoff.com\/wp-content\/uploads\/kraken-trade1.png 1139w, https:\/\/coinkickoff.com\/wp-content\/uploads\/kraken-trade1-300x54.png 300w, https:\/\/coinkickoff.com\/wp-content\/uploads\/kraken-trade1-1024x185.png 1024w, https:\/\/coinkickoff.com\/wp-content\/uploads\/kraken-trade1-768x139.png 768w, https:\/\/coinkickoff.com\/wp-content\/uploads\/kraken-trade1-18x3.png 18w\" sizes=\"auto, (max-width: 1139px) 100vw, 1139px\" \/><\/p>\n<p><span style=\"font-weight: 400;\">Na hlavn\u00edm panelu vyberte mo\u017enost \"Obchod\". Klikn\u011bte na kartu \"Nov\u00e1 objedn\u00e1vka\" a vyberte mo\u017enost \"Jednoduch\u00e1 objedn\u00e1vka\".\u00a0<\/span>\u00a0\u00a0<img loading=\"lazy\" decoding=\"async\" class=\"alignnone wp-image-3419 size-full\" src=\"https:\/\/coinkickoff.com\/wp-content\/uploads\/kraken-trade4-e1682504018815.png\" alt=\"\" width=\"1220\" height=\"309\" srcset=\"https:\/\/coinkickoff.com\/wp-content\/uploads\/kraken-trade4-e1682504018815.png 1220w, https:\/\/coinkickoff.com\/wp-content\/uploads\/kraken-trade4-e1682504018815-300x76.png 300w, https:\/\/coinkickoff.com\/wp-content\/uploads\/kraken-trade4-e1682504018815-1024x259.png 1024w, https:\/\/coinkickoff.com\/wp-content\/uploads\/kraken-trade4-e1682504018815-768x195.png 768w, https:\/\/coinkickoff.com\/wp-content\/uploads\/kraken-trade4-e1682504018815-18x5.png 18w\" sizes=\"auto, (max-width: 1220px) 100vw, 1220px\" \/><span style=\"font-weight: 400;\">Upravte typy m\u011bn v objedn\u00e1vkov\u00e9m formul\u00e1\u0159i. M\u016f\u017eete nap\u0159\u00edklad upravit sloupec v\u00fddaj\u016f na USD a sloupec n\u00e1kupu na DOGE.<\/span><\/p>\n<p><span style=\"font-weight: 400;\">Do sloupce v\u00fddaj\u016f zadejte, kolik chcete utratit. Na kart\u011b cena zadejte cenu, za kterou chcete DOGE zakoupit. Automaticky v\u00e1m bude nab\u00eddnuta pevn\u00e1 tr\u017en\u00ed cena, ale cenu si m\u016f\u017eete nastavit i sami.<\/span><\/p>\n<p><span style=\"font-weight: 400;\">Kdy\u017e p\u0159ijmete nab\u00edzenou tr\u017en\u00ed cenu, zad\u00e1te tr\u017en\u00ed p\u0159\u00edkaz. To jednodu\u0161e znamen\u00e1, \u017ee va\u0161e objedn\u00e1vka bude vy\u0159\u00edzena pom\u011brn\u011b rychle, proto\u017ee p\u0159ij\u00edm\u00e1te nab\u00eddku n\u011bkoho jin\u00e9ho, kdo v\u00e1m prod\u00e1 DOGE za j\u00edm stanovenou cenu.\u00a0<\/span><\/p>\n<p><span style=\"font-weight: 400;\">Pokud si cenu stanov\u00edte sami, m\u016f\u017ee realizace prodeje trvat o n\u011bco d\u00e9le, proto\u017ee n\u011bkdo jin\u00fd mus\u00ed souhlasit s t\u00edm, \u017ee v\u00e1m DOGE za tuto cenu prod\u00e1. Tomu se jinak \u0159\u00edk\u00e1 limitn\u00ed p\u0159\u00edkaz.<\/span><\/p>\n<p><span style=\"font-weight: 400;\">Prohl\u00e9dn\u011bte si objedn\u00e1vku a klikn\u011bte na tla\u010d\u00edtko \"Koupit\".<\/span><\/p>\n<p><span style=\"font-weight: 400;\">Kliknut\u00edm na kartu objedn\u00e1vky m\u016f\u017eete zjistit, zda byla transakce dokon\u010dena. Pokud je objedn\u00e1vka uzav\u0159ena, znamen\u00e1 to, \u017ee jste \u00fasp\u011b\u0161n\u011b zakoupili coin. Pokud je objedn\u00e1vka otev\u0159en\u00e1, st\u00e1le \u010dek\u00e1te, a\u017e v\u00e1m n\u011bkdo prod\u00e1 DOGE.<\/span><\/p>\n<p><span style=\"font-weight: 400;\">To je v\u0161e. Gratulujeme!\u00a0<\/span><\/p>","protected":false},"excerpt":{"rendered":"<p>Jak koupit Dogecoin na Krakenu Dogecoin (DOGE) je jednou z nejv\u011bt\u0161\u00edch kryptom\u011bn podle tr\u017en\u00ed kapitalizace, p\u0159esto\u017ee nebo mo\u017en\u00e1 pr\u00e1v\u011b proto, \u017ee je prvn\u00ed meme coin na sv\u011bt\u011b. token byla spu\u0161t\u011bna p\u0159ev\u00e1\u017en\u011b jako vtip, inspirovan\u00fd \"doge meme\", ale d\u00edky internetu a soci\u00e1ln\u00edm m\u00e9di\u00edm si rychle z\u00edskala popularitu. Pokud [...]<\/p>","protected":false},"author":3,"featured_media":155,"parent":3196,"menu_order":0,"comment_status":"closed","ping_status":"closed","template":"","meta":{"_genesis_hide_title":false,"_genesis_hide_breadcrumbs":false,"_genesis_hide_singular_image":false,"_genesis_hide_footer_widgets":false,"_genesis_custom_body_class":"","_genesis_custom_post_class":"","_genesis_layout":"","_glsr_average":0,"_glsr_ranking":0,"_glsr_reviews":0,"footnotes":""},"class_list":{"0":"post-3404","1":"page","2":"type-page","3":"status-publish","4":"has-post-thumbnail","6":"entry"},"featured_image_src":"https:\/\/coinkickoff.com\/wp-content\/uploads\/2022\/06\/Dogecoin-DOGE-600x400.jpg","featured_image_src_square":"https:\/\/coinkickoff.com\/wp-content\/uploads\/2022\/06\/Dogecoin-DOGE-600x600.jpg","_links":{"self":[{"href":"https:\/\/coinkickoff.com\/cs\/wp-json\/wp\/v2\/pages\/3404","targetHints":{"allow":["GET"]}}],"collection":[{"href":"https:\/\/coinkickoff.com\/cs\/wp-json\/wp\/v2\/pages"}],"about":[{"href":"https:\/\/coinkickoff.com\/cs\/wp-json\/wp\/v2\/types\/page"}],"author":[{"embeddable":true,"href":"https:\/\/coinkickoff.com\/cs\/wp-json\/wp\/v2\/users\/3"}],"replies":[{"embeddable":true,"href":"https:\/\/coinkickoff.com\/cs\/wp-json\/wp\/v2\/comments?post=3404"}],"version-history":[{"count":3,"href":"https:\/\/coinkickoff.com\/cs\/wp-json\/wp\/v2\/pages\/3404\/revisions"}],"predecessor-version":[{"id":4494,"href":"https:\/\/coinkickoff.com\/cs\/wp-json\/wp\/v2\/pages\/3404\/revisions\/4494"}],"up":[{"embeddable":true,"href":"https:\/\/coinkickoff.com\/cs\/wp-json\/wp\/v2\/pages\/3196"}],"wp:featuredmedia":[{"embeddable":true,"href":"https:\/\/coinkickoff.com\/cs\/wp-json\/wp\/v2\/media\/155"}],"wp:attachment":[{"href":"https:\/\/coinkickoff.com\/cs\/wp-json\/wp\/v2\/media?parent=3404"}],"curies":[{"name":"wp","href":"https:\/\/api.w.org\/{rel}","templated":true}]}}