{"id":3394,"date":"2026-01-08T14:07:29","date_gmt":"2026-01-08T14:07:29","guid":{"rendered":"https:\/\/coinkickoff.com\/?page_id=3394"},"modified":"2026-01-08T14:07:29","modified_gmt":"2026-01-08T14:07:29","slug":"how-to-buy-dogecoin-on-poloniex","status":"publish","type":"page","link":"https:\/\/coinkickoff.com\/cs\/how-to-buy-dogecoin\/how-to-buy-dogecoin-on-poloniex\/","title":{"rendered":"Jak koupit Dogecoin (DOGE) na Poloniex"},"content":{"rendered":"<h2><span style=\"font-weight: 400;\"><img loading=\"lazy\" decoding=\"async\" class=\"alignnone wp-image-155 size-full\" src=\"https:\/\/coinkickoff.com\/wp-content\/uploads\/2022\/06\/Dogecoin-DOGE.jpg\" alt=\"jak koupit dogecoin na poloniex\" width=\"1000\" height=\"800\" srcset=\"https:\/\/coinkickoff.com\/wp-content\/uploads\/2022\/06\/Dogecoin-DOGE.jpg 1000w, https:\/\/coinkickoff.com\/wp-content\/uploads\/2022\/06\/Dogecoin-DOGE-300x240.jpg 300w, https:\/\/coinkickoff.com\/wp-content\/uploads\/2022\/06\/Dogecoin-DOGE-768x614.jpg 768w, https:\/\/coinkickoff.com\/wp-content\/uploads\/2022\/06\/Dogecoin-DOGE-15x12.jpg 15w\" sizes=\"auto, (max-width: 1000px) 100vw, 1000px\" \/><\/span><\/h2>\n<div id=\"ez-toc-container\" class=\"ez-toc-v2_0_80 counter-hierarchy ez-toc-counter ez-toc-transparent ez-toc-container-direction\">\n<div class=\"ez-toc-title-container\">\n<p class=\"ez-toc-title\" style=\"cursor:inherit\">Sekce<\/p>\n<span class=\"ez-toc-title-toggle\"><a href=\"#\" class=\"ez-toc-pull-right ez-toc-btn ez-toc-btn-xs ez-toc-btn-default ez-toc-toggle\" aria-label=\"P\u0159epnut\u00ed tabulky obsahu\"><span class=\"ez-toc-js-icon-con\"><span class=\"\"><span class=\"eztoc-hide\" style=\"display:none;\">P\u0159ep\u00edna\u010d<\/span><span class=\"ez-toc-icon-toggle-span\"><svg style=\"fill: #999;color:#999\" xmlns=\"http:\/\/www.w3.org\/2000\/svg\" class=\"list-377408\" width=\"20px\" height=\"20px\" viewbox=\"0 0 24 24\" fill=\"none\"><path d=\"M6 6H4v2h2V6zm14 0H8v2h12V6zM4 11h2v2H4v-2zm16 0H8v2h12v-2zM4 16h2v2H4v-2zm16 0H8v2h12v-2z\" fill=\"currentColor\"><\/path><\/svg><svg style=\"fill: #999;color:#999\" class=\"arrow-unsorted-368013\" xmlns=\"http:\/\/www.w3.org\/2000\/svg\" width=\"10px\" height=\"10px\" viewbox=\"0 0 24 24\" version=\"1.2\" baseprofile=\"tiny\"><path d=\"M18.2 9.3l-6.2-6.3-6.2 6.3c-.2.2-.3.4-.3.7s.1.5.3.7c.2.2.4.3.7.3h11c.3 0 .5-.1.7-.3.2-.2.3-.5.3-.7s-.1-.5-.3-.7zM5.8 14.7l6.2 6.3 6.2-6.3c.2-.2.3-.5.3-.7s-.1-.5-.3-.7c-.2-.2-.4-.3-.7-.3h-11c-.3 0-.5.1-.7.3-.2.2-.3.5-.3.7s.1.5.3.7z\"\/><\/svg><\/span><\/span><\/span><\/a><\/span><\/div>\n<nav><ul class='ez-toc-list ez-toc-list-level-1 eztoc-toggle-hide-by-default' ><li class='ez-toc-page-1 ez-toc-heading-level-2'><a class=\"ez-toc-link ez-toc-heading-1\" href=\"https:\/\/coinkickoff.com\/cs\/how-to-buy-dogecoin\/how-to-buy-dogecoin-on-poloniex\/#How_to_Buy_Dogecoin_on_Poloniex\" >Jak koupit Dogecoin na Poloniex<\/a><\/li><li class='ez-toc-page-1 ez-toc-heading-level-2'><a class=\"ez-toc-link ez-toc-heading-2\" href=\"https:\/\/coinkickoff.com\/cs\/how-to-buy-dogecoin\/how-to-buy-dogecoin-on-poloniex\/#A_Step-By-Step_Guide_on_How_to_Buy_Dogecoin_on_Poloniex\" >Pr\u016fvodce krok za krokem, jak koupit Dogecoin na Poloniex<\/a><ul class='ez-toc-list-level-3' ><li class='ez-toc-heading-level-3'><a class=\"ez-toc-link ez-toc-heading-3\" href=\"https:\/\/coinkickoff.com\/cs\/how-to-buy-dogecoin\/how-to-buy-dogecoin-on-poloniex\/#1_Register_an_Account\" >1. Registrace \u00fa\u010dtu<\/a><\/li><li class='ez-toc-page-1 ez-toc-heading-level-3'><a class=\"ez-toc-link ez-toc-heading-4\" href=\"https:\/\/coinkickoff.com\/cs\/how-to-buy-dogecoin\/how-to-buy-dogecoin-on-poloniex\/#2_Verify_Your_Account\" >2. Ov\u011b\u0159te sv\u016fj \u00fa\u010det<\/a><\/li><li class='ez-toc-page-1 ez-toc-heading-level-3'><a class=\"ez-toc-link ez-toc-heading-5\" href=\"https:\/\/coinkickoff.com\/cs\/how-to-buy-dogecoin\/how-to-buy-dogecoin-on-poloniex\/#3_Buy_Crypto\" >3. N\u00e1kup kryptom\u011bn<\/a><\/li><li class='ez-toc-page-1 ez-toc-heading-level-3'><a class=\"ez-toc-link ez-toc-heading-6\" href=\"https:\/\/coinkickoff.com\/cs\/how-to-buy-dogecoin\/how-to-buy-dogecoin-on-poloniex\/#4_Trade_USDT_for_DOGE\" >4. Vym\u011b\u0148te USDT za DOGE<\/a><\/li><\/ul><\/li><\/ul><\/nav><\/div>\n<h2><span class=\"ez-toc-section\" id=\"How_to_Buy_Dogecoin_on_Poloniex\"><\/span><span style=\"font-weight: 400;\">Jak koupit Dogecoin na Poloniex<\/span><span class=\"ez-toc-section-end\"><\/span><\/h2>\n<p><span style=\"font-weight: 400;\">P\u0159esto\u017ee <a href=\"https:\/\/coinkickoff.com\/cs\/dogecoin-doge\/\">DOGE<\/a> nem\u00e1 p\u0159\u00edpad pou\u017eit\u00ed, je pom\u011brn\u011b popul\u00e1rn\u00ed a lze jej nal\u00e9zt na v\u011bt\u0161in\u011b <a href=\"https:\/\/coinkickoff.com\/cs\/crypto-exchanges\/\" data-internallinksmanager029f6b8e52c=\"141\" title=\"21 Nejlep\u0161\u00ed kryptom\u011bnov\u00e9 burzy a aplikace v roce 2024\">kryptografick\u00e9 burzy<\/a>, v\u010detn\u011b <a href=\"https:\/\/coinkickoff.com\/cs\/poloniex-review\/\">Poloniex<\/a>. coin je velmi levn\u00fd a docela bezcenn\u00fd.\u00a0<\/span><\/p>\n<p><span style=\"font-weight: 400;\">Pokud se chcete zapojit do vtipu a zakoupit si n\u011bkter\u00e9 <a href=\"https:\/\/coinkickoff.com\/cs\/dogecoin-doge\/\" data-internallinksmanager029f6b8e52c=\"14\" title=\"Co je Dogecoin (DOGE)? Jak funguje a kde ho koupit?\">Dogecoin<\/a> ale nev\u00edte, kde za\u010d\u00edt, jste na spr\u00e1vn\u00e9m m\u00edst\u011b. M\u00e1me pro v\u00e1s pr\u016fvodce krok za krokem, jak si koupit Dogecoin na. <a href=\"https:\/\/coinkickoff.com\/cs\/poloniex-review\/\" data-internallinksmanager029f6b8e52c=\"164\" title=\"Poloniex Recenze 2023: Poplatky, funkce, bezpe\u010dnost, v\u00fdhody a nev\u00fdhody\">Poloniex<\/a>. A je to tady.<\/span><\/p>\n<h2><span class=\"ez-toc-section\" id=\"A_Step-By-Step_Guide_on_How_to_Buy_Dogecoin_on_Poloniex\"><\/span><span style=\"font-weight: 400;\">Pr\u016fvodce krok za krokem, jak koupit Dogecoin na Poloniex<\/span><span class=\"ez-toc-section-end\"><\/span><\/h2>\n<h3><span class=\"ez-toc-section\" id=\"1_Register_an_Account\"><\/span><span style=\"font-weight: 400;\">1. Registrace \u00fa\u010dtu<\/span><span class=\"ez-toc-section-end\"><\/span><\/h3>\n<p><span style=\"font-weight: 400;\">Nejprve p\u0159ejd\u011bte do <a href=\"https:\/\/poloniex.com\/signup?c=NLAGMVE5\" target=\"_blank\" rel=\"noopener\">Poloniex<\/a> a kliknut\u00edm na tla\u010d\u00edtko \"Zaregistrovat se\" si vytvo\u0159te \u00fa\u010det.\u00a0<\/span><\/p>\n<p><img loading=\"lazy\" decoding=\"async\" class=\"alignnone wp-image-3397 size-full\" src=\"https:\/\/coinkickoff.com\/wp-content\/uploads\/poloniex-sign-up.png\" alt=\"poloniex zaregistrovat\" width=\"1436\" height=\"653\" srcset=\"https:\/\/coinkickoff.com\/wp-content\/uploads\/poloniex-sign-up.png 1436w, https:\/\/coinkickoff.com\/wp-content\/uploads\/poloniex-sign-up-300x136.png 300w, https:\/\/coinkickoff.com\/wp-content\/uploads\/poloniex-sign-up-1024x466.png 1024w, https:\/\/coinkickoff.com\/wp-content\/uploads\/poloniex-sign-up-768x349.png 768w, https:\/\/coinkickoff.com\/wp-content\/uploads\/poloniex-sign-up-18x8.png 18w\" sizes=\"auto, (max-width: 1436px) 100vw, 1436px\" \/><\/p>\n<p><span style=\"font-weight: 400;\">Pro registraci sta\u010d\u00ed zadat platn\u00fd e-mail a heslo. Na e-mailovou adresu obdr\u017e\u00edte ov\u011b\u0159ovac\u00ed k\u00f3d. Pomoc\u00ed tohoto k\u00f3du se p\u0159ihlaste ke sv\u00e9mu \u00fa\u010dtu.\u00a0\u00a0<\/span><\/p>\n<h3><span class=\"ez-toc-section\" id=\"2_Verify_Your_Account\"><\/span><span style=\"font-weight: 400;\">2. Ov\u011b\u0159te sv\u016fj \u00fa\u010det<\/span><span class=\"ez-toc-section-end\"><\/span><\/h3>\n<p><span style=\"font-weight: 400;\">Na Poloniex m\u016f\u017eete obchodovat bez ov\u011b\u0159ov\u00e1n\u00ed toto\u017enosti. Poloniex umo\u017e\u0148uje vkl\u00e1dat a vyb\u00edrat kryptom\u011bny bez ov\u011b\u0159en\u00ed. K n\u00e1kupu kryptom\u011bn za fiat m\u011bnu m\u016f\u017eete vyu\u017e\u00edt tak\u00e9 poskytovatele plateb t\u0159et\u00edch stran, mus\u00edte v\u0161ak dodr\u017eovat z\u00e1sady KYC t\u011bchto t\u0159et\u00edch stran.<\/span><\/p>\n<p><img loading=\"lazy\" decoding=\"async\" class=\"alignnone wp-image-3398 size-full\" src=\"https:\/\/coinkickoff.com\/wp-content\/uploads\/poloniex-verification.png\" alt=\"ov\u011b\u0159en\u00ed poloniex\" width=\"1437\" height=\"679\" srcset=\"https:\/\/coinkickoff.com\/wp-content\/uploads\/poloniex-verification.png 1437w, https:\/\/coinkickoff.com\/wp-content\/uploads\/poloniex-verification-300x142.png 300w, https:\/\/coinkickoff.com\/wp-content\/uploads\/poloniex-verification-1024x484.png 1024w, https:\/\/coinkickoff.com\/wp-content\/uploads\/poloniex-verification-768x363.png 768w, https:\/\/coinkickoff.com\/wp-content\/uploads\/poloniex-verification-18x9.png 18w\" sizes=\"auto, (max-width: 1437px) 100vw, 1437px\" \/><\/p>\n<p><span style=\"font-weight: 400;\">P\u0159esto m\u016f\u017eete dokon\u010dit ov\u011b\u0159en\u00ed toto\u017enosti a zv\u00fd\u0161it tak sv\u00e9 limity pro v\u00fdb\u011br. Klikn\u011bte na ikonu profilu v prav\u00e9m horn\u00edm rohu webov\u00e9 str\u00e1nky a vyberte mo\u017enost \"Profil\".<\/span><\/p>\n<p><span style=\"font-weight: 400;\">Na str\u00e1nce sv\u00e9ho profilu uvid\u00edte svou \u00farove\u0148 ov\u011b\u0159en\u00ed jako \"ov\u011b\u0159eno na \u00farovni 1\", co\u017e plat\u00ed pro v\u0161echny nov\u00e9 \u00fa\u010dty. Na str\u00e1nce vid\u00edte limity sv\u00e9 \u00farovn\u011b ov\u011b\u0159en\u00ed, kter\u00fdch nen\u00ed mnoho. Dal\u0161\u00ed ov\u011b\u0159en\u00ed v\u00e1m umo\u017en\u00ed zv\u00fd\u0161it denn\u00ed limit pro v\u00fdb\u011br na 500 000 USD.\u00a0<\/span><\/p>\n<p><span style=\"font-weight: 400;\">Pokud chcete, klikn\u011bte na tla\u010d\u00edtko \"Za\u010d\u00edt\" a zvy\u0161te sv\u016fj limit, ale DOGE si m\u016f\u017eete na platform\u011b koupit i bez toho.<\/span><\/p>\n<h3><span class=\"ez-toc-section\" id=\"3_Buy_Crypto\"><\/span><span style=\"font-weight: 400;\">3. N\u00e1kup kryptom\u011bn<\/span><span class=\"ez-toc-section-end\"><\/span><\/h3>\n<p><span style=\"font-weight: 400;\">Vybran\u00e9 kryptom\u011bny si m\u016f\u017eete koupit za fiat m\u011bnu na Poloniex. Klikn\u011bte na \"Buy Crypto\" v lev\u00e9 horn\u00ed \u010d\u00e1sti ovl\u00e1dac\u00edho panelu. Zadejte \u010d\u00e1stku USD, kterou chcete utratit, a vyberte coin, kterou chcete koupit. Pomoc\u00ed tohoto n\u00e1stroje m\u016f\u017eete nakupovat digit\u00e1ln\u00ed aktiva, jako nap\u0159. <a href=\"https:\/\/coinkickoff.com\/cs\/bitcoin-btc\/\" data-internallinksmanager029f6b8e52c=\"1\" title=\"Co je Bitcoin (BTC)? Cena, historie a kde koupit\">Bitcoin<\/a>, <a href=\"https:\/\/coinkickoff.com\/cs\/ethereum-eth\/\" data-internallinksmanager029f6b8e52c=\"2\" title=\"Co je Ethereum (ETH)? Cena, historie a kde koupit\">Ethereum<\/a>, <a href=\"https:\/\/coinkickoff.com\/cs\/tether-usdt\/\" data-internallinksmanager029f6b8e52c=\"3\" title=\"Co je Tether (USDT)? Jak funguje a kde ho koupit?\">USDT<\/a>a <a href=\"https:\/\/coinkickoff.com\/cs\/usd-coin-usdc\/\" data-internallinksmanager029f6b8e52c=\"8\" title=\"Co je USD Coin (USDC)? Jak funguje a kde ho koupit?\">USDC<\/a>.\u00a0<\/span><\/p>\n<p><span style=\"font-weight: 400;\">Vzhledem k tomu, \u017ee Poloniex m\u00e1 trhy USDT\/DOGE a USDC\/DOGE, je dobr\u00e9 zakoupit jeden ze stabiln\u00edch coins.<\/span><\/p>\n<p><span style=\"font-weight: 400;\">Po zad\u00e1n\u00ed \u010d\u00e1stky, kterou chcete utratit, vyberte poskytovatele platby. Poskytovatel\u00e9 se li\u0161\u00ed v z\u00e1vislosti na va\u0161\u00ed zemi.<\/span><\/p>\n<p><span style=\"font-weight: 400;\">Prohl\u00e9dn\u011bte si podrobnosti objedn\u00e1vky, schv\u00e1lte podm\u00ednky a klikn\u011bte na tla\u010d\u00edtko \"Odeslat\". Budete p\u0159esm\u011brov\u00e1ni na novou str\u00e1nku, kde potvrd\u00edte objedn\u00e1vku a dokon\u010d\u00edte ov\u011b\u0159en\u00ed toto\u017enosti podle pravidel poskytovatele platebn\u00edch slu\u017eeb.<\/span><\/p>\n<p><img loading=\"lazy\" decoding=\"async\" class=\"alignnone wp-image-3399 size-full\" src=\"https:\/\/coinkickoff.com\/wp-content\/uploads\/poloniex-buy-crypto.png\" alt=\"\" width=\"1436\" height=\"793\" srcset=\"https:\/\/coinkickoff.com\/wp-content\/uploads\/poloniex-buy-crypto.png 1436w, https:\/\/coinkickoff.com\/wp-content\/uploads\/poloniex-buy-crypto-300x166.png 300w, https:\/\/coinkickoff.com\/wp-content\/uploads\/poloniex-buy-crypto-1024x565.png 1024w, https:\/\/coinkickoff.com\/wp-content\/uploads\/poloniex-buy-crypto-768x424.png 768w, https:\/\/coinkickoff.com\/wp-content\/uploads\/poloniex-buy-crypto-18x10.png 18w\" sizes=\"auto, (max-width: 1436px) 100vw, 1436px\" \/><\/p>\n<h3><span class=\"ez-toc-section\" id=\"4_Trade_USDT_for_DOGE\"><\/span><span style=\"font-weight: 400;\">4. Vym\u011b\u0148te USDT za DOGE<\/span><span class=\"ez-toc-section-end\"><\/span><\/h3>\n<p><span style=\"font-weight: 400;\">V tomto kroku vym\u011bn\u00edte stabiln\u00edcoin za Dogecoin. V horn\u00ed nab\u00eddce klikn\u011bte na polo\u017eku Trade a vyberte mo\u017enost \"spot trading\".<\/span><\/p>\n<p><span style=\"font-weight: 400;\">Na nov\u00e9 str\u00e1nce klikn\u011bte na p\u00e1rov\u00e1n\u00ed BTC\/USDT v lev\u00e9m horn\u00edm rohu str\u00e1nky (vpravo nad grafem) a vyhledejte DOGE. Vyberte p\u00e1r DOGE\/stabiln\u00edcoin. Pokud jste si zakoupili USDT, m\u016f\u017eete si vybrat USDT\/DOGE.<\/span><\/p>\n<p><img loading=\"lazy\" decoding=\"async\" class=\"alignnone wp-image-3401 size-full\" src=\"https:\/\/coinkickoff.com\/wp-content\/uploads\/poloniex-usdt-doge-trade2.png\" alt=\"\" width=\"1438\" height=\"651\" srcset=\"https:\/\/coinkickoff.com\/wp-content\/uploads\/poloniex-usdt-doge-trade2.png 1438w, https:\/\/coinkickoff.com\/wp-content\/uploads\/poloniex-usdt-doge-trade2-300x136.png 300w, https:\/\/coinkickoff.com\/wp-content\/uploads\/poloniex-usdt-doge-trade2-1024x464.png 1024w, https:\/\/coinkickoff.com\/wp-content\/uploads\/poloniex-usdt-doge-trade2-768x348.png 768w, https:\/\/coinkickoff.com\/wp-content\/uploads\/poloniex-usdt-doge-trade2-18x8.png 18w\" sizes=\"auto, (max-width: 1438px) 100vw, 1438px\" \/><\/p>\n<p><span style=\"font-weight: 400;\">Nyn\u00ed sta\u010d\u00ed do mal\u00e9ho pol\u00ed\u010dka na prav\u00e9 stran\u011b obrazovky zadat, kolik DOGE chcete koupit (nebo kolik USDT chcete prodat). A\u017e budete p\u0159ipraveni zadat objedn\u00e1vku, klikn\u011bte na tla\u010d\u00edtko Koupit DOGE.<\/span><\/p>\n<p><img loading=\"lazy\" decoding=\"async\" class=\"alignnone wp-image-3400 size-full\" src=\"https:\/\/coinkickoff.com\/wp-content\/uploads\/POLONIEX-DOGE-USDT-TRADE.png\" alt=\"poloniex trade\" width=\"1432\" height=\"637\" srcset=\"https:\/\/coinkickoff.com\/wp-content\/uploads\/POLONIEX-DOGE-USDT-TRADE.png 1432w, https:\/\/coinkickoff.com\/wp-content\/uploads\/POLONIEX-DOGE-USDT-TRADE-300x133.png 300w, https:\/\/coinkickoff.com\/wp-content\/uploads\/POLONIEX-DOGE-USDT-TRADE-1024x456.png 1024w, https:\/\/coinkickoff.com\/wp-content\/uploads\/POLONIEX-DOGE-USDT-TRADE-768x342.png 768w, https:\/\/coinkickoff.com\/wp-content\/uploads\/POLONIEX-DOGE-USDT-TRADE-18x8.png 18w\" sizes=\"auto, (max-width: 1432px) 100vw, 1432px\" \/><br \/>\n<span style=\"font-weight: 400;\">To je v\u0161e, gratulujeme! Nyn\u00ed v\u00edte, jak koupit Dogecoin na Poloniex. Pro v\u00edce informac\u00ed se ur\u010dit\u011b pod\u00edvejte na n\u00e1\u0161 <a href=\"https:\/\/coinkickoff.com\/cs\/crypto-exchanges\/\">pr\u016fvodci pro recenze v\u00fdm\u011bnn\u00fdch soubor\u016f<\/a>.<\/span><\/p>\n<p>&nbsp;<\/p>","protected":false},"excerpt":{"rendered":"<p>Jak koupit Dogecoin na Poloniex P\u0159esto\u017ee DOGE nem\u00e1 \u017e\u00e1dn\u00e9 vyu\u017eit\u00ed, je pom\u011brn\u011b popul\u00e1rn\u00ed a najdete ho na v\u011bt\u0161in\u011b kryptografick\u00fdch burz, v\u010detn\u011b Poloniex. coin je velmi levn\u00fd a v podstat\u011b bezcenn\u00fd.  Pokud se chcete pod\u00edlet na vtipu t\u00edm, \u017ee si koup\u00edte n\u011bjak\u00fd Dogecoin, ale nev\u00edte, kde za\u010d\u00edt, m\u016f\u017eete si [...].<\/p>","protected":false},"author":3,"featured_media":155,"parent":3196,"menu_order":0,"comment_status":"closed","ping_status":"closed","template":"","meta":{"_genesis_hide_title":false,"_genesis_hide_breadcrumbs":false,"_genesis_hide_singular_image":false,"_genesis_hide_footer_widgets":false,"_genesis_custom_body_class":"","_genesis_custom_post_class":"","_genesis_layout":"","_glsr_average":0,"_glsr_ranking":0,"_glsr_reviews":0,"footnotes":""},"class_list":{"0":"post-3394","1":"page","2":"type-page","3":"status-publish","4":"has-post-thumbnail","6":"entry"},"featured_image_src":"https:\/\/coinkickoff.com\/wp-content\/uploads\/2022\/06\/Dogecoin-DOGE-600x400.jpg","featured_image_src_square":"https:\/\/coinkickoff.com\/wp-content\/uploads\/2022\/06\/Dogecoin-DOGE-600x600.jpg","_links":{"self":[{"href":"https:\/\/coinkickoff.com\/cs\/wp-json\/wp\/v2\/pages\/3394","targetHints":{"allow":["GET"]}}],"collection":[{"href":"https:\/\/coinkickoff.com\/cs\/wp-json\/wp\/v2\/pages"}],"about":[{"href":"https:\/\/coinkickoff.com\/cs\/wp-json\/wp\/v2\/types\/page"}],"author":[{"embeddable":true,"href":"https:\/\/coinkickoff.com\/cs\/wp-json\/wp\/v2\/users\/3"}],"replies":[{"embeddable":true,"href":"https:\/\/coinkickoff.com\/cs\/wp-json\/wp\/v2\/comments?post=3394"}],"version-history":[{"count":6,"href":"https:\/\/coinkickoff.com\/cs\/wp-json\/wp\/v2\/pages\/3394\/revisions"}],"predecessor-version":[{"id":4498,"href":"https:\/\/coinkickoff.com\/cs\/wp-json\/wp\/v2\/pages\/3394\/revisions\/4498"}],"up":[{"embeddable":true,"href":"https:\/\/coinkickoff.com\/cs\/wp-json\/wp\/v2\/pages\/3196"}],"wp:featuredmedia":[{"embeddable":true,"href":"https:\/\/coinkickoff.com\/cs\/wp-json\/wp\/v2\/media\/155"}],"wp:attachment":[{"href":"https:\/\/coinkickoff.com\/cs\/wp-json\/wp\/v2\/media?parent=3394"}],"curies":[{"name":"wp","href":"https:\/\/api.w.org\/{rel}","templated":true}]}}