{"id":3268,"date":"2026-01-08T14:07:33","date_gmt":"2026-01-08T14:07:33","guid":{"rendered":"https:\/\/coinkickoff.com\/?page_id=3268"},"modified":"2026-01-08T14:07:33","modified_gmt":"2026-01-08T14:07:33","slug":"how-to-buy-dogecoin-on-kucoin","status":"publish","type":"page","link":"https:\/\/coinkickoff.com\/cs\/how-to-buy-dogecoin\/how-to-buy-dogecoin-on-kucoin\/","title":{"rendered":"Jak koupit Dogecoin (DOGE) na Kucoin"},"content":{"rendered":"<div id=\"ez-toc-container\" class=\"ez-toc-v2_0_80 counter-hierarchy ez-toc-counter ez-toc-transparent ez-toc-container-direction\">\n<div class=\"ez-toc-title-container\">\n<p class=\"ez-toc-title\" style=\"cursor:inherit\">Sekce<\/p>\n<span class=\"ez-toc-title-toggle\"><a href=\"#\" class=\"ez-toc-pull-right ez-toc-btn ez-toc-btn-xs ez-toc-btn-default ez-toc-toggle\" aria-label=\"P\u0159epnut\u00ed tabulky obsahu\"><span class=\"ez-toc-js-icon-con\"><span class=\"\"><span class=\"eztoc-hide\" style=\"display:none;\">P\u0159ep\u00edna\u010d<\/span><span class=\"ez-toc-icon-toggle-span\"><svg style=\"fill: #999;color:#999\" xmlns=\"http:\/\/www.w3.org\/2000\/svg\" class=\"list-377408\" width=\"20px\" height=\"20px\" viewbox=\"0 0 24 24\" fill=\"none\"><path d=\"M6 6H4v2h2V6zm14 0H8v2h12V6zM4 11h2v2H4v-2zm16 0H8v2h12v-2zM4 16h2v2H4v-2zm16 0H8v2h12v-2z\" fill=\"currentColor\"><\/path><\/svg><svg style=\"fill: #999;color:#999\" class=\"arrow-unsorted-368013\" xmlns=\"http:\/\/www.w3.org\/2000\/svg\" width=\"10px\" height=\"10px\" viewbox=\"0 0 24 24\" version=\"1.2\" baseprofile=\"tiny\"><path d=\"M18.2 9.3l-6.2-6.3-6.2 6.3c-.2.2-.3.4-.3.7s.1.5.3.7c.2.2.4.3.7.3h11c.3 0 .5-.1.7-.3.2-.2.3-.5.3-.7s-.1-.5-.3-.7zM5.8 14.7l6.2 6.3 6.2-6.3c.2-.2.3-.5.3-.7s-.1-.5-.3-.7c-.2-.2-.4-.3-.7-.3h-11c-.3 0-.5.1-.7.3-.2.2-.3.5-.3.7s.1.5.3.7z\"\/><\/svg><\/span><\/span><\/span><\/a><\/span><\/div>\n<nav><ul class='ez-toc-list ez-toc-list-level-1 eztoc-toggle-hide-by-default' ><li class='ez-toc-page-1 ez-toc-heading-level-2'><a class=\"ez-toc-link ez-toc-heading-1\" href=\"https:\/\/coinkickoff.com\/cs\/how-to-buy-dogecoin\/how-to-buy-dogecoin-on-kucoin\/#How_to_Buy_Dogecoin_on_Kucoin\" >Jak koupit Dogecoin na Kucoin<\/a><\/li><li class='ez-toc-page-1 ez-toc-heading-level-2'><a class=\"ez-toc-link ez-toc-heading-2\" href=\"https:\/\/coinkickoff.com\/cs\/how-to-buy-dogecoin\/how-to-buy-dogecoin-on-kucoin\/#A_Step-By-Step_Guide_on_How_to_Buy_Dogecoin_on_Kucoin\" >Pr\u016fvodce krok za krokem, jak koupit Dogecoin na Kucoin<\/a><ul class='ez-toc-list-level-3' ><li class='ez-toc-heading-level-3'><a class=\"ez-toc-link ez-toc-heading-3\" href=\"https:\/\/coinkickoff.com\/cs\/how-to-buy-dogecoin\/how-to-buy-dogecoin-on-kucoin\/#1_Register_an_Account\" >1. Registrace \u00fa\u010dtu<\/a><\/li><li class='ez-toc-page-1 ez-toc-heading-level-3'><a class=\"ez-toc-link ez-toc-heading-4\" href=\"https:\/\/coinkickoff.com\/cs\/how-to-buy-dogecoin\/how-to-buy-dogecoin-on-kucoin\/#2_Verify_Your_Account\" >2. Ov\u011b\u0159te sv\u016fj \u00fa\u010det<\/a><\/li><li class='ez-toc-page-1 ez-toc-heading-level-3'><a class=\"ez-toc-link ez-toc-heading-5\" href=\"https:\/\/coinkickoff.com\/cs\/how-to-buy-dogecoin\/how-to-buy-dogecoin-on-kucoin\/#3_Deposit_FundsCrypto\" >3. Vkladov\u00e9 fondy \/ krypto<\/a><\/li><li class='ez-toc-page-1 ez-toc-heading-level-3'><a class=\"ez-toc-link ez-toc-heading-6\" href=\"https:\/\/coinkickoff.com\/cs\/how-to-buy-dogecoin\/how-to-buy-dogecoin-on-kucoin\/#4_Navigate_to_the_Relevant_Screen_to_Buy\" >4. P\u0159ejd\u011bte na p\u0159\u00edslu\u0161nou obrazovku a nakupte<\/a><ul class='ez-toc-list-level-4' ><li class='ez-toc-heading-level-4'><a class=\"ez-toc-link ez-toc-heading-7\" href=\"https:\/\/coinkickoff.com\/cs\/how-to-buy-dogecoin\/how-to-buy-dogecoin-on-kucoin\/#Fast_TradeOne-click_Buy\" >Rychl\u00fd obchod \/ n\u00e1kup jedn\u00edm kliknut\u00edm<\/a><\/li><li class='ez-toc-page-1 ez-toc-heading-level-4'><a class=\"ez-toc-link ez-toc-heading-8\" href=\"https:\/\/coinkickoff.com\/cs\/how-to-buy-dogecoin\/how-to-buy-dogecoin-on-kucoin\/#Third-Party\" >T\u0159et\u00ed strana<\/a><\/li><li class='ez-toc-page-1 ez-toc-heading-level-4'><a class=\"ez-toc-link ez-toc-heading-9\" href=\"https:\/\/coinkickoff.com\/cs\/how-to-buy-dogecoin\/how-to-buy-dogecoin-on-kucoin\/#P2P_Market\" >Trh P2P<\/a><\/li><\/ul><\/li><\/ul><\/li><\/ul><\/nav><\/div>\n<h2><span class=\"ez-toc-section\" id=\"How_to_Buy_Dogecoin_on_Kucoin\"><\/span>Jak koupit Dogecoin na Kucoin<span class=\"ez-toc-section-end\"><\/span><\/h2>\n<p><a href=\"https:\/\/coinkickoff.com\/cs\/dogecoin-doge\/\"><span style=\"font-weight: 400;\">Dogecoin<\/span><\/a><span style=\"font-weight: 400;\"> je zn\u00e1m\u00fd meme coin, kter\u00fd si m\u016f\u017eete zakoupit na mnoha burz\u00e1ch, nap\u0159. <\/span><a href=\"https:\/\/coinkickoff.com\/cs\/kucoin-review\/\"><span style=\"font-weight: 400;\">Kucoin<\/span><\/a><span style=\"font-weight: 400;\">. <a href=\"https:\/\/coinkickoff.com\/cs\/dogecoin-doge\/\" data-internallinksmanager029f6b8e52c=\"14\" title=\"Co je Dogecoin (DOGE)? Jak funguje a kde ho koupit?\">DOGE<\/a> je pom\u011brn\u011b levn\u00fd a snadno se s n\u00edm obchoduje.<\/span><\/p>\n<p><span style=\"font-weight: 400;\">Pokud si chcete koupit Dogecoin na <a href=\"https:\/\/coinkickoff.com\/cs\/kucoin-review\/\" data-internallinksmanager029f6b8e52c=\"153\" title=\"KuCoin Recenze 2023: poplatky, bezpe\u010dnost, v\u00fdhody a nev\u00fdhody\">Kucoin<\/a> ale nev\u00edte, kde za\u010d\u00edt, m\u00e1me pro v\u00e1s \u0159e\u0161en\u00ed. Zde je krok za krokem pops\u00e1no, jak koupit Dogecoin na Kucoin.<\/span><\/p>\n<h2><span class=\"ez-toc-section\" id=\"A_Step-By-Step_Guide_on_How_to_Buy_Dogecoin_on_Kucoin\"><\/span><span style=\"font-weight: 400;\">Pr\u016fvodce krok za krokem, jak koupit Dogecoin na Kucoin<\/span><span class=\"ez-toc-section-end\"><\/span><\/h2>\n<h3><span class=\"ez-toc-section\" id=\"1_Register_an_Account\"><\/span><span style=\"font-weight: 400;\">1. Registrace \u00fa\u010dtu<\/span><span class=\"ez-toc-section-end\"><\/span><\/h3>\n<p><span style=\"font-weight: 400;\">Nejprve nav\u0161tivte <\/span><a href=\"https:\/\/www.kucoin.com\/r\/af\/rMJPV3B\" target=\"_blank\" rel=\"noopener\"><span style=\"font-weight: 400;\">Ofici\u00e1ln\u00ed webov\u00e9 str\u00e1nky Kucoin<\/span><\/a><span style=\"font-weight: 400;\"> zaregistrovat \u00fa\u010det.\u00a0<\/span><\/p>\n<p><img loading=\"lazy\" decoding=\"async\" class=\"alignnone wp-image-3269 size-full\" src=\"https:\/\/coinkickoff.com\/wp-content\/uploads\/kucoin-register.png\" alt=\"koupit doge v registru kucoin\" width=\"1421\" height=\"788\" srcset=\"https:\/\/coinkickoff.com\/wp-content\/uploads\/kucoin-register.png 1421w, https:\/\/coinkickoff.com\/wp-content\/uploads\/kucoin-register-300x166.png 300w, https:\/\/coinkickoff.com\/wp-content\/uploads\/kucoin-register-1024x568.png 1024w, https:\/\/coinkickoff.com\/wp-content\/uploads\/kucoin-register-768x426.png 768w, https:\/\/coinkickoff.com\/wp-content\/uploads\/kucoin-register-18x10.png 18w\" sizes=\"auto, (max-width: 1421px) 100vw, 1421px\" \/><\/p>\n<p><span style=\"font-weight: 400;\">Zalo\u017een\u00ed \u00fa\u010dtu Kucoin je velmi snadn\u00e9: m\u016f\u017eete se zaregistrovat pomoc\u00ed e-mailov\u00e9 adresy nebo telefonn\u00edho \u010d\u00edsla. Kucoin v\u00e1m za\u0161le ov\u011b\u0159ovac\u00ed k\u00f3d, kter\u00fdm se p\u0159ihl\u00e1s\u00edte k nov\u00e9mu \u00fa\u010dtu.<\/span><\/p>\n<h3><span class=\"ez-toc-section\" id=\"2_Verify_Your_Account\"><\/span><span style=\"font-weight: 400;\">2. Ov\u011b\u0159te sv\u016fj \u00fa\u010det<\/span><span class=\"ez-toc-section-end\"><\/span><\/h3>\n<p><span style=\"font-weight: 400;\">Chcete-li ov\u011b\u0159it sv\u016fj \u00fa\u010det, p\u0159ejd\u011bte do sv\u00e9ho u\u017eivatelsk\u00e9ho profilu (v prav\u00e9m horn\u00edm rohu vedle polo\u017eky \"Assets\").  V nab\u00eddce klikn\u011bte na \"Ov\u011b\u0159en\u00ed identity\".<\/span><\/p>\n<p><img loading=\"lazy\" decoding=\"async\" class=\"alignnone wp-image-3272 size-full\" src=\"https:\/\/coinkickoff.com\/wp-content\/uploads\/kucoin-identity-verification.png\" alt=\"kucoin ov\u011b\u0159en\u00ed toto\u017enosti 1\" width=\"1420\" height=\"785\" srcset=\"https:\/\/coinkickoff.com\/wp-content\/uploads\/kucoin-identity-verification.png 1420w, https:\/\/coinkickoff.com\/wp-content\/uploads\/kucoin-identity-verification-300x166.png 300w, https:\/\/coinkickoff.com\/wp-content\/uploads\/kucoin-identity-verification-1024x566.png 1024w, https:\/\/coinkickoff.com\/wp-content\/uploads\/kucoin-identity-verification-768x425.png 768w, https:\/\/coinkickoff.com\/wp-content\/uploads\/kucoin-identity-verification-18x10.png 18w\" sizes=\"auto, (max-width: 1420px) 100vw, 1420px\" \/><\/p>\n<p><span style=\"font-weight: 400;\">Technicky vzato nemus\u00edte ov\u011b\u0159ovat svou toto\u017enost, abyste si mohli koupit DOGE na platform\u011b Kucoin, pokud ji\u017e m\u00e1te jin\u00e1 digit\u00e1ln\u00ed aktiva.\u00a0<\/span><\/p>\n<p><span style=\"font-weight: 400;\">Pokud ji\u017e vlastn\u00edte digit\u00e1ln\u00ed aktiva, m\u016f\u017eete je jednodu\u0161e poslat do sv\u00e9 kryptopen\u011b\u017eenky Kucoin. Jakmile na sv\u016fj \u00fa\u010det Kucoin vlo\u017e\u00edte kryptoaktivum, m\u016f\u017eete s t\u011bmito aktivy obchodovat s Dogecoin.<\/span><\/p>\n<p><span style=\"font-weight: 400;\">Abyste v\u0161ak mohli na platformu vlo\u017eit fiat, mus\u00edte dokon\u010dit ov\u011b\u0159en\u00ed toto\u017enosti. Pokud tedy je\u0161t\u011b nevlastn\u00edte kryptom\u011bny nebo pokud nechcete obchodovat se sv\u00fdmi aktivy, pokra\u010dujte a dokon\u010dete ov\u011b\u0159en\u00ed toto\u017enosti.<\/span><\/p>\n<p><img loading=\"lazy\" decoding=\"async\" class=\"alignnone wp-image-3270 size-full\" src=\"https:\/\/coinkickoff.com\/wp-content\/uploads\/kucoin-id-verification-2.png\" alt=\"kucoin ov\u011b\u0159en\u00ed identity 2\" width=\"1407\" height=\"706\" srcset=\"https:\/\/coinkickoff.com\/wp-content\/uploads\/kucoin-id-verification-2.png 1407w, https:\/\/coinkickoff.com\/wp-content\/uploads\/kucoin-id-verification-2-300x151.png 300w, https:\/\/coinkickoff.com\/wp-content\/uploads\/kucoin-id-verification-2-1024x514.png 1024w, https:\/\/coinkickoff.com\/wp-content\/uploads\/kucoin-id-verification-2-768x385.png 768w, https:\/\/coinkickoff.com\/wp-content\/uploads\/kucoin-id-verification-2-18x9.png 18w\" sizes=\"auto, (max-width: 1407px) 100vw, 1407px\" \/><\/p>\n<p><span style=\"font-weight: 400;\">Kucoin m\u00e1 t\u0159\u00edkrokov\u00fd zjednodu\u0161en\u00fd proces ov\u011b\u0159en\u00ed toto\u017enosti, kter\u00fd se skl\u00e1d\u00e1 ze zad\u00e1n\u00ed osobn\u00edch \u00fadaj\u016f, nahr\u00e1n\u00ed st\u00e1tn\u00edho pr\u016fkazu toto\u017enosti a dokon\u010den\u00ed ov\u011b\u0159en\u00ed obli\u010deje.<\/span><\/p>\n<p><span style=\"font-weight: 400;\">Za\u010dn\u011bte zad\u00e1n\u00edm sv\u00fdch osobn\u00edch \u00fadaj\u016f a kliknut\u00edm na tla\u010d\u00edtko \"Dal\u0161\u00ed\" p\u0159ejd\u011bte k dal\u0161\u00edmu kroku.<\/span><\/p>\n<p><img loading=\"lazy\" decoding=\"async\" class=\"alignnone wp-image-3271 size-full\" src=\"https:\/\/coinkickoff.com\/wp-content\/uploads\/kucoin-id-verification-3.png\" alt=\"kucoin ov\u011b\u0159en\u00ed toto\u017enosti 3\" width=\"1412\" height=\"789\" srcset=\"https:\/\/coinkickoff.com\/wp-content\/uploads\/kucoin-id-verification-3.png 1412w, https:\/\/coinkickoff.com\/wp-content\/uploads\/kucoin-id-verification-3-300x168.png 300w, https:\/\/coinkickoff.com\/wp-content\/uploads\/kucoin-id-verification-3-1024x572.png 1024w, https:\/\/coinkickoff.com\/wp-content\/uploads\/kucoin-id-verification-3-768x429.png 768w, https:\/\/coinkickoff.com\/wp-content\/uploads\/kucoin-id-verification-3-18x10.png 18w\" sizes=\"auto, (max-width: 1412px) 100vw, 1412px\" \/><\/p>\n<h3><span class=\"ez-toc-section\" id=\"3_Deposit_FundsCrypto\"><\/span><span style=\"font-weight: 400;\">3. Vkladov\u00e9 fondy \/ krypto<\/span><span class=\"ez-toc-section-end\"><\/span><\/h3>\n<p><span style=\"font-weight: 400;\">Na sv\u016fj \u00fa\u010det Kucoin m\u016f\u017eete kryptom\u011bny vkl\u00e1dat n\u011bkolika zp\u016fsoby. Klikn\u011bte na polo\u017eku \"Assets\" v prav\u00e9m horn\u00edm rohu str\u00e1nky a z rozbalovac\u00ed nab\u00eddky vyberte mo\u017enost \"Deposit\". M\u016f\u017eete tak\u00e9 p\u0159ej\u00edt na str\u00e1nku \"P\u0159ehled aktiv\" a kliknout na \"Vklad\".<\/span><\/p>\n<p><img loading=\"lazy\" decoding=\"async\" class=\"alignnone wp-image-3273 size-full\" src=\"https:\/\/coinkickoff.com\/wp-content\/uploads\/kucoin-deposit.png\" alt=\"kucoin vkladov\u00e9 fondy 1\" width=\"1427\" height=\"758\" srcset=\"https:\/\/coinkickoff.com\/wp-content\/uploads\/kucoin-deposit.png 1427w, https:\/\/coinkickoff.com\/wp-content\/uploads\/kucoin-deposit-300x159.png 300w, https:\/\/coinkickoff.com\/wp-content\/uploads\/kucoin-deposit-1024x544.png 1024w, https:\/\/coinkickoff.com\/wp-content\/uploads\/kucoin-deposit-768x408.png 768w, https:\/\/coinkickoff.com\/wp-content\/uploads\/kucoin-deposit-18x10.png 18w\" sizes=\"auto, (max-width: 1427px) 100vw, 1427px\" \/><\/p>\n<p><span style=\"font-weight: 400;\">Po kliknut\u00ed na tla\u010d\u00edtko vklad m\u016f\u017eete nap\u0159\u00edklad vyhledat za\u0159\u00edzen\u00ed coin, kter\u00e9 chcete odeslat na platformu, <a href=\"https:\/\/coinkickoff.com\/cs\/tether-usdt\/\" data-internallinksmanager029f6b8e52c=\"3\" title=\"Co je Tether (USDT)? Jak funguje a kde ho koupit?\">USDT<\/a>. Obdr\u017e\u00edte adresu pro vklad, kterou m\u016f\u017eete pou\u017e\u00edt k odesl\u00e1n\u00ed sv\u00e9ho coins na platformu.\u00a0<\/span><\/p>\n<p><span style=\"font-weight: 400;\">Kucoin podporuje v\u00edce ne\u017e 70 platebn\u00edch metod, tak\u017ee m\u00e1te p\u0159i n\u00e1kupu kryptom\u011bn na platform\u011b spoustu mo\u017enost\u00ed. N\u011bkter\u00e9 metody nemus\u00ed b\u00fdt v z\u00e1vislosti na va\u0161\u00ed poloze dostupn\u00e9, ale obvykle se najde mo\u017enost, kter\u00e1 vyhovuje ka\u017ed\u00e9mu.<\/span><\/p>\n<h3><span class=\"ez-toc-section\" id=\"4_Navigate_to_the_Relevant_Screen_to_Buy\"><\/span><span style=\"font-weight: 400;\">4. P\u0159ejd\u011bte na p\u0159\u00edslu\u0161nou obrazovku a nakupte<\/span><span class=\"ez-toc-section-end\"><\/span><\/h3>\n<p><img loading=\"lazy\" decoding=\"async\" class=\"alignnone wp-image-3274 size-full\" src=\"https:\/\/coinkickoff.com\/wp-content\/uploads\/kucoin-buy-crypto.png\" alt=\"kucoin koupit obrazovku\" width=\"1418\" height=\"692\" srcset=\"https:\/\/coinkickoff.com\/wp-content\/uploads\/kucoin-buy-crypto.png 1418w, https:\/\/coinkickoff.com\/wp-content\/uploads\/kucoin-buy-crypto-300x146.png 300w, https:\/\/coinkickoff.com\/wp-content\/uploads\/kucoin-buy-crypto-1024x500.png 1024w, https:\/\/coinkickoff.com\/wp-content\/uploads\/kucoin-buy-crypto-768x375.png 768w, https:\/\/coinkickoff.com\/wp-content\/uploads\/kucoin-buy-crypto-18x9.png 18w\" sizes=\"auto, (max-width: 1418px) 100vw, 1418px\" \/><\/p>\n<h4><span class=\"ez-toc-section\" id=\"Fast_TradeOne-click_Buy\"><\/span><span style=\"font-weight: 400;\">Rychl\u00fd obchod \/ n\u00e1kup jedn\u00edm kliknut\u00edm<\/span><span class=\"ez-toc-section-end\"><\/span><\/h4>\n<p><span style=\"font-weight: 400;\">Na serveru Kucoin si m\u016f\u017eete kryptom\u011bny koupit n\u011bkolika zp\u016fsoby. M\u016f\u017eete propojit bankovn\u00ed kartu nebo bankovn\u00ed \u00fa\u010det a vlo\u017eit na platformu fiat m\u011bnu. Kucoin p\u0159ij\u00edm\u00e1 n\u011bkolik fiat m\u011bn, v\u010detn\u011b USD, EUR, GBP a AUD. Obyvatel\u00e9 Evropy mohou k p\u0159evodu pen\u011bz na sv\u00e9 \u00fa\u010dty vyu\u017e\u00edt SEPA.\u00a0<\/span><\/p>\n<p><img loading=\"lazy\" decoding=\"async\" class=\"alignnone wp-image-3275 size-full\" src=\"https:\/\/coinkickoff.com\/wp-content\/uploads\/kucoin-buy-crypto-one-click.png\" alt=\"kucoin koupit jedn\u00edm kliknut\u00edm\" width=\"1421\" height=\"770\" srcset=\"https:\/\/coinkickoff.com\/wp-content\/uploads\/kucoin-buy-crypto-one-click.png 1421w, https:\/\/coinkickoff.com\/wp-content\/uploads\/kucoin-buy-crypto-one-click-300x163.png 300w, https:\/\/coinkickoff.com\/wp-content\/uploads\/kucoin-buy-crypto-one-click-1024x555.png 1024w, https:\/\/coinkickoff.com\/wp-content\/uploads\/kucoin-buy-crypto-one-click-768x416.png 768w, https:\/\/coinkickoff.com\/wp-content\/uploads\/kucoin-buy-crypto-one-click-18x10.png 18w\" sizes=\"auto, (max-width: 1421px) 100vw, 1421px\" \/><\/p>\n<p><span style=\"font-weight: 400;\">Jakmile na sv\u016fj \u00fa\u010det vlo\u017e\u00edte fiat m\u011bnu, m\u016f\u017eete pomoc\u00ed rychl\u00e9ho obchodu jedn\u00edm kliknut\u00edm nakoupit kryptom\u011bny. Sta\u010d\u00ed zadat \u010d\u00e1stku, kterou chcete utratit, a m\u011bnu, kterou chcete koupit, a z rozbalovac\u00ed nab\u00eddky vybrat zp\u016fsob platby.<\/span><\/p>\n<p><span style=\"font-weight: 400;\">Mezi podporovan\u00e9 platebn\u00ed metody pat\u0159\u00ed Zelle, Apple Pay a ADVCash, <a href=\"https:\/\/coinkickoff.com\/cs\/uphold-review\/\" data-internallinksmanager029f6b8e52c=\"156\" title=\"Uphold Recenze 2023: Poplatky, funkce, bezpe\u010dnost, klady a z\u00e1pory\">Uphold<\/a>a n\u011bkolik dal\u0161\u00edch.<\/span><\/p>\n<p><img loading=\"lazy\" decoding=\"async\" class=\"alignnone wp-image-3276 size-full\" src=\"https:\/\/coinkickoff.com\/wp-content\/uploads\/kucoin-select-paymnet-method.png\" alt=\"\" width=\"1424\" height=\"794\" srcset=\"https:\/\/coinkickoff.com\/wp-content\/uploads\/kucoin-select-paymnet-method.png 1424w, https:\/\/coinkickoff.com\/wp-content\/uploads\/kucoin-select-paymnet-method-300x167.png 300w, https:\/\/coinkickoff.com\/wp-content\/uploads\/kucoin-select-paymnet-method-1024x571.png 1024w, https:\/\/coinkickoff.com\/wp-content\/uploads\/kucoin-select-paymnet-method-768x428.png 768w, https:\/\/coinkickoff.com\/wp-content\/uploads\/kucoin-select-paymnet-method-18x10.png 18w\" sizes=\"auto, (max-width: 1424px) 100vw, 1424px\" \/><\/p>\n<p><span style=\"font-weight: 400;\"><img loading=\"lazy\" decoding=\"async\" class=\"alignnone wp-image-3277 size-full\" src=\"https:\/\/coinkickoff.com\/wp-content\/uploads\/kucoin-select-paymnt2.png\" alt=\"\" width=\"1432\" height=\"798\" srcset=\"https:\/\/coinkickoff.com\/wp-content\/uploads\/kucoin-select-paymnt2.png 1432w, https:\/\/coinkickoff.com\/wp-content\/uploads\/kucoin-select-paymnt2-300x167.png 300w, https:\/\/coinkickoff.com\/wp-content\/uploads\/kucoin-select-paymnt2-1024x571.png 1024w, https:\/\/coinkickoff.com\/wp-content\/uploads\/kucoin-select-paymnt2-768x428.png 768w, https:\/\/coinkickoff.com\/wp-content\/uploads\/kucoin-select-paymnt2-18x10.png 18w\" sizes=\"auto, (max-width: 1432px) 100vw, 1432px\" \/><\/span><\/p>\n<p><span style=\"font-weight: 400;\">I kdy\u017e je to docela p\u0159\u00edmo\u010dar\u00e9<\/span>nebo d\u00e1le, existuje jeden probl\u00e9m s pou\u017eit\u00edm n\u00e1kupu jedn\u00edm kliknut\u00edm. Touto metodou bohu\u017eel nelze zakoupit DOGE. Kucoin umo\u017e\u0148uje zakoupit <a href=\"https:\/\/coinkickoff.com\/cs\/bitcoin-btc\/\" data-internallinksmanager029f6b8e52c=\"1\" title=\"Co je Bitcoin (BTC)? Cena, historie a kde koupit\">BTC<\/a>, <a href=\"https:\/\/coinkickoff.com\/cs\/ethereum-eth\/\" data-internallinksmanager029f6b8e52c=\"2\" title=\"Co je Ethereum (ETH)? Cena, historie a kde koupit\">ETH<\/a>, USDT a <a href=\"https:\/\/coinkickoff.com\/cs\/usd-coin-usdc\/\" data-internallinksmanager029f6b8e52c=\"8\" title=\"Co je USD Coin (USDC)? Jak funguje a kde ho koupit?\">USDC<\/a> jedn\u00edm kliknut\u00edm.<\/p>\n<p><span style=\"font-weight: 400;\">M\u016f\u017eete si v\u0161ak koupit n\u011bkter\u00fd z nab\u00edzen\u00fdch digit\u00e1ln\u00edch aktiv a pot\u00e9 jej na platform\u011b p\u0159ev\u00e9st na DOGE. Pokud to zn\u00ed p\u0159\u00edli\u0161 slo\u017eit\u011b, nebojte se, proto\u017ee dal\u0161\u00ed metoda je velmi snadn\u00e1.<\/span><\/p>\n<h4><span class=\"ez-toc-section\" id=\"Third-Party\"><\/span><span style=\"font-weight: 400;\">T\u0159et\u00ed strana<\/span><span class=\"ez-toc-section-end\"><\/span><\/h4>\n<p><img loading=\"lazy\" decoding=\"async\" class=\"alignnone wp-image-3278 size-full\" src=\"https:\/\/coinkickoff.com\/wp-content\/uploads\/kucoin-screenshot.png\" alt=\"\" width=\"1436\" height=\"673\" srcset=\"https:\/\/coinkickoff.com\/wp-content\/uploads\/kucoin-screenshot.png 1436w, https:\/\/coinkickoff.com\/wp-content\/uploads\/kucoin-screenshot-300x141.png 300w, https:\/\/coinkickoff.com\/wp-content\/uploads\/kucoin-screenshot-1024x480.png 1024w, https:\/\/coinkickoff.com\/wp-content\/uploads\/kucoin-screenshot-768x360.png 768w, https:\/\/coinkickoff.com\/wp-content\/uploads\/kucoin-screenshot-18x8.png 18w\" sizes=\"auto, (max-width: 1436px) 100vw, 1436px\" \/><\/p>\n<p><span style=\"font-weight: 400;\">Naprosto nejjednodu\u0161\u0161\u00ed zp\u016fsob, jak zakoupit DOGE na Kucoin, je vybrat \"Third-Party\" z nab\u00eddky \"Buy Crypto\" v lev\u00e9m horn\u00edm rohu. Na str\u00e1nce Third-Party zadejte, kolik chcete utratit, z rozbalovac\u00ed nab\u00eddky vyberte coin, kter\u00fd chcete koupit (DOGE), a vyberte zp\u016fsob platby a platebn\u00ed kan\u00e1l.<\/span><\/p>\n<p><span style=\"font-weight: 400;\">Kucoin podporuje n\u011bkolik platebn\u00edch aplikac\u00ed t\u0159et\u00edch stran, v\u010detn\u011b <\/span><a href=\"https:\/\/banxa.com\/case-study\/kucoin\/\" target=\"_blank\" rel=\"noopener\"><span style=\"font-weight: 400;\">Banxa<\/span><\/a><span style=\"font-weight: 400;\">, <\/span><a href=\"https:\/\/www.simplex.com\" target=\"_blank\" rel=\"noopener\"><span style=\"font-weight: 400;\">Simplex<\/span><\/a><span style=\"font-weight: 400;\">, <\/span><a href=\"https:\/\/legendtrading.com\/infrastructure\" target=\"_blank\" rel=\"noopener\"><span style=\"font-weight: 400;\">Obchodov\u00e1n\u00ed s legendami<\/span><\/a><span style=\"font-weight: 400;\">a <\/span><a href=\"https:\/\/btcdirect.eu\/en-gb\" target=\"_blank\" rel=\"noopener\"><span style=\"font-weight: 400;\">BTC Direct<\/span><\/a><span style=\"font-weight: 400;\">.\u00a0<\/span><\/p>\n<p><span style=\"font-weight: 400;\">U t\u011bchto prodejc\u016f m\u016f\u017eete kryptom\u011bny nakupovat zad\u00e1n\u00edm \u00fadaj\u016f o sv\u00e9 kart\u011b a dokon\u010den\u00edm ov\u011b\u0159en\u00ed toto\u017enosti prodejce, kter\u00e9ho chcete pou\u017e\u00edt. M\u011bjte v\u0161ak na pam\u011bti, \u017ee platebn\u00ed slu\u017eby t\u0159et\u00edch stran si za sv\u00e9 slu\u017eby \u010dasto \u00fa\u010dtuj\u00ed vysok\u00e9 poplatky.\u00a0<\/span><\/p>\n<h4><span class=\"ez-toc-section\" id=\"P2P_Market\"><\/span><span style=\"font-weight: 400;\">Trh P2P<\/span><span class=\"ez-toc-section-end\"><\/span><\/h4>\n<p><span style=\"font-weight: 400;\">Dal\u0161\u00ed metodou je pou\u017eit\u00ed P2P obchodn\u00edho trhu Kucoin k n\u00e1kupu kryptom\u011bn, ale abyste mohli pou\u017e\u00edt \"rychl\u00fd n\u00e1kup\" P2P trhu, mus\u00edte m\u00edt na \u00fa\u010dtu USDT, tak\u017ee to nen\u00ed nejrychlej\u0161\u00ed mo\u017enost pro za\u010d\u00e1te\u010dn\u00edky.<\/span><\/p>","protected":false},"excerpt":{"rendered":"<p>Jak koupit Dogecoin na Kucoin Dogecoin je slavn\u00fd meme coin, kter\u00fd m\u016f\u017eete koupit na mnoha burz\u00e1ch, v\u010detn\u011b Kucoin. DOGE je pom\u011brn\u011b levn\u00fd a snadno obchodovateln\u00fd. Pokud si chcete koupit Dogecoin na burze Kucoin, ale nev\u00edte, kde za\u010d\u00edt, m\u00e1me pro v\u00e1s \u0159e\u0161en\u00ed. Zde je krok za krokem pops\u00e1no, jak [...]<\/p>","protected":false},"author":3,"featured_media":3275,"parent":3196,"menu_order":0,"comment_status":"closed","ping_status":"closed","template":"","meta":{"_genesis_hide_title":false,"_genesis_hide_breadcrumbs":false,"_genesis_hide_singular_image":false,"_genesis_hide_footer_widgets":false,"_genesis_custom_body_class":"","_genesis_custom_post_class":"","_genesis_layout":"","_glsr_average":0,"_glsr_ranking":0,"_glsr_reviews":0,"footnotes":""},"class_list":{"0":"post-3268","1":"page","2":"type-page","3":"status-publish","4":"has-post-thumbnail","6":"entry"},"featured_image_src":"https:\/\/coinkickoff.com\/wp-content\/uploads\/kucoin-buy-crypto-one-click-600x400.png","featured_image_src_square":"https:\/\/coinkickoff.com\/wp-content\/uploads\/kucoin-buy-crypto-one-click-600x600.png","_links":{"self":[{"href":"https:\/\/coinkickoff.com\/cs\/wp-json\/wp\/v2\/pages\/3268","targetHints":{"allow":["GET"]}}],"collection":[{"href":"https:\/\/coinkickoff.com\/cs\/wp-json\/wp\/v2\/pages"}],"about":[{"href":"https:\/\/coinkickoff.com\/cs\/wp-json\/wp\/v2\/types\/page"}],"author":[{"embeddable":true,"href":"https:\/\/coinkickoff.com\/cs\/wp-json\/wp\/v2\/users\/3"}],"replies":[{"embeddable":true,"href":"https:\/\/coinkickoff.com\/cs\/wp-json\/wp\/v2\/comments?post=3268"}],"version-history":[{"count":3,"href":"https:\/\/coinkickoff.com\/cs\/wp-json\/wp\/v2\/pages\/3268\/revisions"}],"predecessor-version":[{"id":4495,"href":"https:\/\/coinkickoff.com\/cs\/wp-json\/wp\/v2\/pages\/3268\/revisions\/4495"}],"up":[{"embeddable":true,"href":"https:\/\/coinkickoff.com\/cs\/wp-json\/wp\/v2\/pages\/3196"}],"wp:featuredmedia":[{"embeddable":true,"href":"https:\/\/coinkickoff.com\/cs\/wp-json\/wp\/v2\/media\/3275"}],"wp:attachment":[{"href":"https:\/\/coinkickoff.com\/cs\/wp-json\/wp\/v2\/media?parent=3268"}],"curies":[{"name":"wp","href":"https:\/\/api.w.org\/{rel}","templated":true}]}}