{"id":3244,"date":"2026-01-08T14:07:32","date_gmt":"2026-01-08T14:07:32","guid":{"rendered":"https:\/\/coinkickoff.com\/?page_id=3244"},"modified":"2026-01-08T14:07:32","modified_gmt":"2026-01-08T14:07:32","slug":"how-to-buy-dogecoin-on-binance","status":"publish","type":"page","link":"https:\/\/coinkickoff.com\/cs\/how-to-buy-dogecoin\/how-to-buy-dogecoin-on-binance\/","title":{"rendered":"Jak koupit Dogecoin (DOGE) na Binance"},"content":{"rendered":"<div id=\"ez-toc-container\" class=\"ez-toc-v2_0_80 counter-hierarchy ez-toc-counter ez-toc-transparent ez-toc-container-direction\">\n<div class=\"ez-toc-title-container\">\n<p class=\"ez-toc-title\" style=\"cursor:inherit\">Sekce<\/p>\n<span class=\"ez-toc-title-toggle\"><a href=\"#\" class=\"ez-toc-pull-right ez-toc-btn ez-toc-btn-xs ez-toc-btn-default ez-toc-toggle\" aria-label=\"P\u0159epnut\u00ed tabulky obsahu\"><span class=\"ez-toc-js-icon-con\"><span class=\"\"><span class=\"eztoc-hide\" style=\"display:none;\">P\u0159ep\u00edna\u010d<\/span><span class=\"ez-toc-icon-toggle-span\"><svg style=\"fill: #999;color:#999\" xmlns=\"http:\/\/www.w3.org\/2000\/svg\" class=\"list-377408\" width=\"20px\" height=\"20px\" viewbox=\"0 0 24 24\" fill=\"none\"><path d=\"M6 6H4v2h2V6zm14 0H8v2h12V6zM4 11h2v2H4v-2zm16 0H8v2h12v-2zM4 16h2v2H4v-2zm16 0H8v2h12v-2z\" fill=\"currentColor\"><\/path><\/svg><svg style=\"fill: #999;color:#999\" class=\"arrow-unsorted-368013\" xmlns=\"http:\/\/www.w3.org\/2000\/svg\" width=\"10px\" height=\"10px\" viewbox=\"0 0 24 24\" version=\"1.2\" baseprofile=\"tiny\"><path d=\"M18.2 9.3l-6.2-6.3-6.2 6.3c-.2.2-.3.4-.3.7s.1.5.3.7c.2.2.4.3.7.3h11c.3 0 .5-.1.7-.3.2-.2.3-.5.3-.7s-.1-.5-.3-.7zM5.8 14.7l6.2 6.3 6.2-6.3c.2-.2.3-.5.3-.7s-.1-.5-.3-.7c-.2-.2-.4-.3-.7-.3h-11c-.3 0-.5.1-.7.3-.2.2-.3.5-.3.7s.1.5.3.7z\"\/><\/svg><\/span><\/span><\/span><\/a><\/span><\/div>\n<nav><ul class='ez-toc-list ez-toc-list-level-1 eztoc-toggle-hide-by-default' ><li class='ez-toc-page-1 ez-toc-heading-level-2'><a class=\"ez-toc-link ez-toc-heading-1\" href=\"https:\/\/coinkickoff.com\/cs\/how-to-buy-dogecoin\/how-to-buy-dogecoin-on-binance\/#How_to_Buy_Dogecoin_on_Binance\" >Jak koupit Dogecoin na Binance<\/a><\/li><li class='ez-toc-page-1 ez-toc-heading-level-2'><a class=\"ez-toc-link ez-toc-heading-2\" href=\"https:\/\/coinkickoff.com\/cs\/how-to-buy-dogecoin\/how-to-buy-dogecoin-on-binance\/#A_Step-By-Step_Guide_on_How_to_Buy_Dogecoin_on_Binance\" >Pr\u016fvodce krok za krokem, jak koupit Dogecoin na Binance<\/a><ul class='ez-toc-list-level-3' ><li class='ez-toc-heading-level-3'><a class=\"ez-toc-link ez-toc-heading-3\" href=\"https:\/\/coinkickoff.com\/cs\/how-to-buy-dogecoin\/how-to-buy-dogecoin-on-binance\/#1_Register_an_Account\" >1. Registrace \u00fa\u010dtu<\/a><\/li><li class='ez-toc-page-1 ez-toc-heading-level-3'><a class=\"ez-toc-link ez-toc-heading-4\" href=\"https:\/\/coinkickoff.com\/cs\/how-to-buy-dogecoin\/how-to-buy-dogecoin-on-binance\/#2_Verify_Your_Account\" >2. Ov\u011b\u0159te sv\u016fj \u00fa\u010det<\/a><\/li><li class='ez-toc-page-1 ez-toc-heading-level-3'><a class=\"ez-toc-link ez-toc-heading-5\" href=\"https:\/\/coinkickoff.com\/cs\/how-to-buy-dogecoin\/how-to-buy-dogecoin-on-binance\/#3_Deposit_FundsCrypto\" >3. Vkladov\u00e9 fondy \/ krypto<\/a><\/li><li class='ez-toc-page-1 ez-toc-heading-level-3'><a class=\"ez-toc-link ez-toc-heading-6\" href=\"https:\/\/coinkickoff.com\/cs\/how-to-buy-dogecoin\/how-to-buy-dogecoin-on-binance\/#Once_you_complete_identity_verification_you_can_easily_deposit_funds_to_your_Binance_account_There_are_a_couple_of_different_ways_to_fund_your_account_on_Binance\" >Jakmile dokon\u010d\u00edte ov\u011b\u0159en\u00ed toto\u017enosti, m\u016f\u017eete snadno vlo\u017eit pen\u00edze na sv\u016fj \u00fa\u010det Binance. Na Binance m\u016f\u017eete sv\u016fj \u00fa\u010det financovat n\u011bkolika r\u016fzn\u00fdmi zp\u016fsoby.<\/a><\/li><li class='ez-toc-page-1 ez-toc-heading-level-3'><a class=\"ez-toc-link ez-toc-heading-7\" href=\"https:\/\/coinkickoff.com\/cs\/how-to-buy-dogecoin\/how-to-buy-dogecoin-on-binance\/#4_Navigate_to_the_Relevant_Screen_to_Buy\" >4. P\u0159ejd\u011bte na p\u0159\u00edslu\u0161nou obrazovku a nakupte<\/a><\/li><\/ul><\/li><\/ul><\/nav><\/div>\n<h2><span class=\"ez-toc-section\" id=\"How_to_Buy_Dogecoin_on_Binance\"><\/span>Jak koupit Dogecoin na Binance<span class=\"ez-toc-section-end\"><\/span><\/h2>\n<p><span style=\"font-weight: 400;\"><a href=\"https:\/\/coinkickoff.com\/cs\/dogecoin-doge\/\" data-internallinksmanager029f6b8e52c=\"14\" title=\"Co je Dogecoin (DOGE)? Jak funguje a kde ho koupit?\">Dogecoin<\/a> je slavn\u00e1 kryptom\u011bna, kterou m\u016f\u017eete obchodovat na v\u0161ech popul\u00e1rn\u00edch burz\u00e1ch. <a href=\"https:\/\/coinkickoff.com\/cs\/crypto-exchanges\/\" data-internallinksmanager029f6b8e52c=\"141\" title=\"21 Nejlep\u0161\u00ed kryptom\u011bnov\u00e9 burzy a aplikace v roce 2024\">kryptografick\u00e9 burzy<\/a>. DOGE je v\u011bt\u0161inou zn\u00e1m\u00fd jako <\/span><i><span style=\"font-weight: 400;\">meme nebo vtip coin<\/span><\/i><span style=\"font-weight: 400;\">. D\u016fvodem je to, \u017ee aktivum nebylo navr\u017eeno k p\u0159enosu hodnoty nebo k vypln\u011bn\u00ed mezery na trhu pro konkr\u00e9tn\u00ed p\u0159\u00edpad pou\u017eit\u00ed. P\u0159esto se aktivum stalo na internetu pom\u011brn\u011b popul\u00e1rn\u00edm d\u00edky <\/span><a href=\"https:\/\/www.businessinsider.com\/history-elon-musk-love-affair-dogecoin-2022-7\" target=\"_blank\" rel=\"noopener\"><span style=\"font-weight: 400;\">podpora slavn\u00fdch osobnost\u00ed<\/span><\/a><span style=\"font-weight: 400;\">, v\u011bt\u0161inou Elon Musk.<\/span><\/p>\n<p><span style=\"font-weight: 400;\">Pokud si chcete koupit Dogecoin na <a href=\"https:\/\/coinkickoff.com\/cs\/binance-review\/\" data-internallinksmanager029f6b8e52c=\"152\" title=\"Binance Recenze 2024: Funkce, poplatky, bezpe\u010dnost, klady a z\u00e1pory\">Binance<\/a> ale nev\u00edte, kde za\u010d\u00edt, m\u00e1me pro v\u00e1s \u0159e\u0161en\u00ed. Zde je krok za krokem pops\u00e1no, jak koupit Dogecoin na Binance.<\/span><\/p>\n<h2><span class=\"ez-toc-section\" id=\"A_Step-By-Step_Guide_on_How_to_Buy_Dogecoin_on_Binance\"><\/span><span style=\"font-weight: 400;\">Pr\u016fvodce krok za krokem, jak koupit Dogecoin na Binance<\/span><span class=\"ez-toc-section-end\"><\/span><\/h2>\n<h3><span class=\"ez-toc-section\" id=\"1_Register_an_Account\"><\/span><span style=\"font-weight: 400;\">1. Registrace \u00fa\u010dtu<\/span><span class=\"ez-toc-section-end\"><\/span><\/h3>\n<p><span style=\"font-weight: 400;\">Pokud je\u0161t\u011b nem\u00e1te \u00fa\u010det Binance, p\u0159ejd\u011bte nejprve na str\u00e1nku. <\/span><a href=\"https:\/\/accounts.binance.com\/register?ref=BLJQ60RW\" target=\"_blank\" rel=\"noopener\"><span style=\"font-weight: 400;\">Ofici\u00e1ln\u00ed webov\u00e9 str\u00e1nky Binance<\/span><\/a><span style=\"font-weight: 400;\"> zaregistrovat \u00fa\u010det.\u00a0<\/span><\/p>\n<p><img loading=\"lazy\" decoding=\"async\" class=\"alignnone wp-image-3245 size-full\" src=\"https:\/\/coinkickoff.com\/wp-content\/uploads\/binance-register.png\" alt=\"koupit doge na binance registru\" width=\"1430\" height=\"798\" srcset=\"https:\/\/coinkickoff.com\/wp-content\/uploads\/binance-register.png 1430w, https:\/\/coinkickoff.com\/wp-content\/uploads\/binance-register-300x167.png 300w, https:\/\/coinkickoff.com\/wp-content\/uploads\/binance-register-1024x571.png 1024w, https:\/\/coinkickoff.com\/wp-content\/uploads\/binance-register-768x429.png 768w, https:\/\/coinkickoff.com\/wp-content\/uploads\/binance-register-18x10.png 18w\" sizes=\"auto, (max-width: 1430px) 100vw, 1430px\" \/><\/p>\n<p><span style=\"font-weight: 400;\">Zalo\u017een\u00ed \u00fa\u010dtu Binance je velmi snadn\u00e9: sta\u010d\u00ed se zaregistrovat pomoc\u00ed e-mailov\u00e9 adresy nebo telefonn\u00edho \u010d\u00edsla. Binance v\u00e1m za\u0161le ov\u011b\u0159ovac\u00ed k\u00f3d, kter\u00fdm se p\u0159ihl\u00e1s\u00edte k nov\u00e9mu \u00fa\u010dtu.<\/span><\/p>\n<h3><span class=\"ez-toc-section\" id=\"2_Verify_Your_Account\"><\/span><span style=\"font-weight: 400;\">2. Ov\u011b\u0159te sv\u016fj \u00fa\u010det<\/span><span class=\"ez-toc-section-end\"><\/span><\/h3>\n<p><span style=\"font-weight: 400;\">Po p\u0159ihl\u00e1\u0161en\u00ed v\u00e1s Binance vyzve k ov\u011b\u0159en\u00ed va\u0161\u00ed toto\u017enosti, abyste mohli za\u010d\u00edt obchodovat na platform\u011b. Bez ov\u011b\u0159en\u00ed toto\u017enosti nem\u016f\u017eete na sv\u016fj \u00fa\u010det Binance vlo\u017eit finan\u010dn\u00ed prost\u0159edky, tak\u017ee se jedn\u00e1 o z\u00e1sadn\u00ed krok.<\/span><\/p>\n<p><img loading=\"lazy\" decoding=\"async\" class=\"alignnone wp-image-3247 size-full\" src=\"https:\/\/coinkickoff.com\/wp-content\/uploads\/binance-verification-0-e1680852870897.png\" alt=\"ov\u011b\u0159en\u00ed binance \" width=\"1410\" height=\"572\" \/><\/p>\n<p><span style=\"font-weight: 400;\">Pokud p\u0159i prvn\u00edm p\u0159ihl\u00e1\u0161en\u00ed p\u0159esko\u010d\u00edte ov\u011b\u0159en\u00ed, neznepokojujte se. Binance v\u00e1s bude neust\u00e1le vyz\u00fdvat k ov\u011b\u0159en\u00ed va\u0161\u00ed toto\u017enosti, nebo m\u016f\u017eete jednodu\u0161e p\u0159ej\u00edt do profilov\u00e9 sekce na ovl\u00e1dac\u00edm panelu (ikona profilu vpravo naho\u0159e).<\/span><\/p>\n<p><img loading=\"lazy\" decoding=\"async\" class=\"alignnone wp-image-3246 size-full\" src=\"https:\/\/coinkickoff.com\/wp-content\/uploads\/binance-verification.png\" alt=\"ov\u011b\u0159en\u00ed binance\" width=\"1239\" height=\"752\" srcset=\"https:\/\/coinkickoff.com\/wp-content\/uploads\/binance-verification.png 1239w, https:\/\/coinkickoff.com\/wp-content\/uploads\/binance-verification-300x182.png 300w, https:\/\/coinkickoff.com\/wp-content\/uploads\/binance-verification-1024x622.png 1024w, https:\/\/coinkickoff.com\/wp-content\/uploads\/binance-verification-768x466.png 768w, https:\/\/coinkickoff.com\/wp-content\/uploads\/binance-verification-18x12.png 18w\" sizes=\"auto, (max-width: 1239px) 100vw, 1239px\" \/><\/p>\n<p><span style=\"font-weight: 400;\">Proces ov\u011b\u0159en\u00ed zah\u00e1j\u00edte jednodu\u0161e kliknut\u00edm na \"Get Verified\".<\/span><\/p>\n<p><span style=\"font-weight: 400;\">Na nov\u00e9 ov\u011b\u0159ovac\u00ed str\u00e1nce vyberte zemi a oblast bydli\u0161t\u011b. Po\u017eadavky na ov\u011b\u0159en\u00ed toto\u017enosti se v jednotliv\u00fdch regionech li\u0161\u00ed, proto je d\u016fle\u017eit\u00e9 vybrat spr\u00e1vnou zemi.<\/span><\/p>\n<p><img loading=\"lazy\" decoding=\"async\" class=\"alignnone wp-image-3248 size-full\" src=\"https:\/\/coinkickoff.com\/wp-content\/uploads\/binance-verification-2.png\" alt=\"\" width=\"563\" height=\"686\" srcset=\"https:\/\/coinkickoff.com\/wp-content\/uploads\/binance-verification-2.png 563w, https:\/\/coinkickoff.com\/wp-content\/uploads\/binance-verification-2-246x300.png 246w, https:\/\/coinkickoff.com\/wp-content\/uploads\/binance-verification-2-10x12.png 10w\" sizes=\"auto, (max-width: 563px) 100vw, 563px\" \/><\/p>\n<p><span style=\"font-weight: 400;\">Po v\u00fdb\u011bru zem\u011b m\u016f\u017eete zadat dal\u0161\u00ed informace. Binance obvykle vy\u017eaduje zad\u00e1n\u00ed va\u0161eho z\u00e1konn\u00e9ho jm\u00e9na, data narozen\u00ed a zem\u011b. Mus\u00edte tak\u00e9 p\u0159edlo\u017eit pr\u016fkaz toto\u017enosti s fotografi\u00ed, nap\u0159\u00edklad str\u00e1nku pasu nebo \u0159idi\u010dsk\u00e9ho pr\u016fkazu.<\/span><\/p>\n<h3><span class=\"ez-toc-section\" id=\"3_Deposit_FundsCrypto\"><\/span><span style=\"font-weight: 400;\">3. Vkladov\u00e9 fondy \/ krypto<\/span><span class=\"ez-toc-section-end\"><\/span><\/h3>\n<h3><img loading=\"lazy\" decoding=\"async\" class=\"alignnone wp-image-3254 size-full\" src=\"https:\/\/coinkickoff.com\/wp-content\/uploads\/binance-deposit-2.png\" alt=\"\" width=\"926\" height=\"796\" srcset=\"https:\/\/coinkickoff.com\/wp-content\/uploads\/binance-deposit-2.png 926w, https:\/\/coinkickoff.com\/wp-content\/uploads\/binance-deposit-2-300x258.png 300w, https:\/\/coinkickoff.com\/wp-content\/uploads\/binance-deposit-2-768x660.png 768w, https:\/\/coinkickoff.com\/wp-content\/uploads\/binance-deposit-2-14x12.png 14w\" sizes=\"auto, (max-width: 926px) 100vw, 926px\" \/><\/h3>\n<h3><span class=\"ez-toc-section\" id=\"Once_you_complete_identity_verification_you_can_easily_deposit_funds_to_your_Binance_account_There_are_a_couple_of_different_ways_to_fund_your_account_on_Binance\"><\/span><span style=\"font-weight: 400;\">Jakmile dokon\u010d\u00edte ov\u011b\u0159en\u00ed toto\u017enosti, m\u016f\u017eete snadno vlo\u017eit pen\u00edze na sv\u016fj \u00fa\u010det Binance. Na Binance m\u016f\u017eete sv\u016fj \u00fa\u010det financovat n\u011bkolika r\u016fzn\u00fdmi zp\u016fsoby.<\/span><span class=\"ez-toc-section-end\"><\/span><\/h3>\n<p><span style=\"font-weight: 400;\">Za\u010dn\u011bte kliknut\u00edm na mo\u017enost \"Deposit\" (v prav\u00e9m horn\u00edm rohu). Binance v\u00e1m nab\u00edz\u00ed \u010dty\u0159i zp\u016fsoby, jak z\u00edskat prost\u0159edky na v\u00e1\u0161 \u00fa\u010det.\u00a0<\/span><\/p>\n<p><span style=\"font-weight: 400;\">Pokud ji\u017e m\u00e1te krypto v jin\u00e9 pen\u011b\u017eence, m\u016f\u017eete sv\u00e1 aktiva poslat do pen\u011b\u017eenky Binance v\u00fdb\u011brem mo\u017enosti \"Deposit Crypto\" nebo p\u0159ijmout krypto od jin\u00fdch odes\u00edlatel\u016f v\u00fdb\u011brem mo\u017enosti \"Receive Crypto\".<\/span><\/p>\n<p><span style=\"font-weight: 400;\">Pokud kryptom\u011bny nevlastn\u00edte, m\u016f\u017eete si DOGE koupit na Binance tak, \u017ee si na sv\u016fj \u00fa\u010det p\u0159id\u00e1te pen\u00edze nebo propoj\u00edte platebn\u00ed metodu, jako jsou kreditn\u00ed karty, Google Pay nebo Apple Pay.<\/span><\/p>\n<p><span style=\"font-weight: 400;\">Chcete-li na sv\u016fj \u00fa\u010det Binance vlo\u017eit fiat m\u011bnu, vyberte mo\u017enost \"Vlo\u017eit Fiat\". Na str\u00e1nce pro vklad vyberte preferovanou m\u011bnu a zp\u016fsob vkladu.\u00a0<\/span><\/p>\n<p><img loading=\"lazy\" decoding=\"async\" class=\"alignnone wp-image-3256 size-full\" src=\"https:\/\/coinkickoff.com\/wp-content\/uploads\/binance-fiat-deposit-3.png\" alt=\"\" width=\"1052\" height=\"778\" srcset=\"https:\/\/coinkickoff.com\/wp-content\/uploads\/binance-fiat-deposit-3.png 1052w, https:\/\/coinkickoff.com\/wp-content\/uploads\/binance-fiat-deposit-3-300x222.png 300w, https:\/\/coinkickoff.com\/wp-content\/uploads\/binance-fiat-deposit-3-1024x757.png 1024w, https:\/\/coinkickoff.com\/wp-content\/uploads\/binance-fiat-deposit-3-768x568.png 768w, https:\/\/coinkickoff.com\/wp-content\/uploads\/binance-fiat-deposit-3-16x12.png 16w\" sizes=\"auto, (max-width: 1052px) 100vw, 1052px\" \/><\/p>\n<p><span style=\"font-weight: 400;\">Platebn\u00ed metody se v jednotliv\u00fdch zem\u00edch li\u0161\u00ed, ale v\u011bt\u0161ina u\u017eivatel\u016f m\u016f\u017ee na sv\u00e9 \u00fa\u010dty snadno vkl\u00e1dat prost\u0159edky bankovn\u00edmi p\u0159evody. K dispozici mohou b\u00fdt i dal\u0161\u00ed mo\u017enosti, jako je PayPal a n\u00e1kupy kreditn\u00edmi a debetn\u00edmi kartami, kter\u00e9 jsou v\u0161ak \u010dasto n\u00e1kladn\u011bj\u0161\u00ed. Rozpis poplatk\u016f za Binance najdete v na\u0161\u00ed recenzi Binance.<\/span><\/p>\n<p><span style=\"font-weight: 400;\">Po v\u00fdb\u011bru zp\u016fsobu platby, kter\u00fd chcete pou\u017e\u00edt, klikn\u011bte na tla\u010d\u00edtko \"Pokra\u010dovat\".<\/span><\/p>\n<h3><span class=\"ez-toc-section\" id=\"4_Navigate_to_the_Relevant_Screen_to_Buy\"><\/span><span style=\"font-weight: 400;\">4. P\u0159ejd\u011bte na p\u0159\u00edslu\u0161nou obrazovku a nakupte<\/span><span class=\"ez-toc-section-end\"><\/span><\/h3>\n<p><span style=\"font-weight: 400;\">Nejjednodu\u0161\u0161\u00ed zp\u016fsob, jak zakoupit DOGE na Binance, je p\u0159ej\u00edt na str\u00e1nku \"Koupit kryptografick\u00e9 pen\u00edze\".\u00a0<\/span><\/p>\n<p><img loading=\"lazy\" decoding=\"async\" class=\"alignnone wp-image-3249 size-full\" src=\"https:\/\/coinkickoff.com\/wp-content\/uploads\/binance-buy-sell-crypto.png\" alt=\"\" width=\"1056\" height=\"642\" srcset=\"https:\/\/coinkickoff.com\/wp-content\/uploads\/binance-buy-sell-crypto.png 1056w, https:\/\/coinkickoff.com\/wp-content\/uploads\/binance-buy-sell-crypto-300x182.png 300w, https:\/\/coinkickoff.com\/wp-content\/uploads\/binance-buy-sell-crypto-1024x623.png 1024w, https:\/\/coinkickoff.com\/wp-content\/uploads\/binance-buy-sell-crypto-768x467.png 768w, https:\/\/coinkickoff.com\/wp-content\/uploads\/binance-buy-sell-crypto-18x12.png 18w\" sizes=\"auto, (max-width: 1056px) 100vw, 1056px\" \/><\/p>\n<p><span style=\"font-weight: 400;\">Jakmile se ocitnete na str\u00e1nce N\u00e1kup\/Prodej, m\u016f\u017eete snadno nakupovat nebo prod\u00e1vat krypto zad\u00e1n\u00edm \u010d\u00e1stky, kterou chcete utratit, nebo mno\u017estv\u00ed krypto, kter\u00e9 chcete koupit.<\/span><\/p>\n<p><img loading=\"lazy\" decoding=\"async\" class=\"alignnone wp-image-3250 size-full\" src=\"https:\/\/coinkickoff.com\/wp-content\/uploads\/binance-buy-sell-crypto-2.png\" alt=\"\" width=\"1079\" height=\"634\" srcset=\"https:\/\/coinkickoff.com\/wp-content\/uploads\/binance-buy-sell-crypto-2.png 1079w, https:\/\/coinkickoff.com\/wp-content\/uploads\/binance-buy-sell-crypto-2-300x176.png 300w, https:\/\/coinkickoff.com\/wp-content\/uploads\/binance-buy-sell-crypto-2-1024x602.png 1024w, https:\/\/coinkickoff.com\/wp-content\/uploads\/binance-buy-sell-crypto-2-768x451.png 768w, https:\/\/coinkickoff.com\/wp-content\/uploads\/binance-buy-sell-crypto-2-18x12.png 18w\" sizes=\"auto, (max-width: 1079px) 100vw, 1079px\" \/><\/p>\n<p><span style=\"font-weight: 400;\">Jakmile zad\u00e1te, kolik pen\u011bz chcete utratit, uvid\u00edte, kolik kryptografie obdr\u017e\u00edte.<\/span><\/p>\n<p><img loading=\"lazy\" decoding=\"async\" class=\"alignnone wp-image-3252 size-full\" src=\"https:\/\/coinkickoff.com\/wp-content\/uploads\/binance-crypto-buy-sell-5.png\" alt=\"\" width=\"1047\" height=\"640\" srcset=\"https:\/\/coinkickoff.com\/wp-content\/uploads\/binance-crypto-buy-sell-5.png 1047w, https:\/\/coinkickoff.com\/wp-content\/uploads\/binance-crypto-buy-sell-5-300x183.png 300w, https:\/\/coinkickoff.com\/wp-content\/uploads\/binance-crypto-buy-sell-5-1024x626.png 1024w, https:\/\/coinkickoff.com\/wp-content\/uploads\/binance-crypto-buy-sell-5-768x469.png 768w, https:\/\/coinkickoff.com\/wp-content\/uploads\/binance-crypto-buy-sell-5-18x12.png 18w\" sizes=\"auto, (max-width: 1047px) 100vw, 1047px\" \/><\/p>\n<p><span style=\"font-weight: 400;\">Proto\u017ee si chcete zakoupit Dogecoin, klikn\u011bte na tla\u010d\u00edtko <a href=\"https:\/\/coinkickoff.com\/cs\/bitcoin-btc\/\" data-internallinksmanager029f6b8e52c=\"1\" title=\"Co je Bitcoin (BTC)? Cena, historie a kde koupit\">BTC<\/a> symbol na kart\u011b \"P\u0159\u00edjem\". T\u00edm se otev\u0159e nab\u00eddka v\u0161ech r\u016fzn\u00fdch aktiv, kter\u00e1 m\u016f\u017eete zakoupit. Do vyhled\u00e1vac\u00edho \u0159\u00e1dku nab\u00eddky napi\u0161te DOGE, abyste jej snadno na\u0161li.<\/span><\/p>\n<p><img loading=\"lazy\" decoding=\"async\" class=\"alignnone wp-image-3255 size-full\" src=\"https:\/\/coinkickoff.com\/wp-content\/uploads\/BINANCE-DOGE-SELECT.png\" alt=\"\" width=\"1195\" height=\"649\" srcset=\"https:\/\/coinkickoff.com\/wp-content\/uploads\/BINANCE-DOGE-SELECT.png 1195w, https:\/\/coinkickoff.com\/wp-content\/uploads\/BINANCE-DOGE-SELECT-300x163.png 300w, https:\/\/coinkickoff.com\/wp-content\/uploads\/BINANCE-DOGE-SELECT-1024x556.png 1024w, https:\/\/coinkickoff.com\/wp-content\/uploads\/BINANCE-DOGE-SELECT-768x417.png 768w, https:\/\/coinkickoff.com\/wp-content\/uploads\/BINANCE-DOGE-SELECT-18x10.png 18w\" sizes=\"auto, (max-width: 1195px) 100vw, 1195px\" \/><\/p>\n<p><span style=\"font-weight: 400;\">Vyberte ji a na str\u00e1nce se zobraz\u00ed, kolik DOGE si m\u016f\u017eete koupit za \u010d\u00e1stku, kterou chcete utratit.<\/span><\/p>\n<p><img loading=\"lazy\" decoding=\"async\" class=\"alignnone wp-image-3261 size-large\" src=\"https:\/\/coinkickoff.com\/wp-content\/uploads\/buy-doge-on-binance-2-1024x573.png\" alt=\"koupit dogecoin na binance\" width=\"1024\" height=\"573\" srcset=\"https:\/\/coinkickoff.com\/wp-content\/uploads\/buy-doge-on-binance-2-1024x573.png 1024w, https:\/\/coinkickoff.com\/wp-content\/uploads\/buy-doge-on-binance-2-300x168.png 300w, https:\/\/coinkickoff.com\/wp-content\/uploads\/buy-doge-on-binance-2-768x430.png 768w, https:\/\/coinkickoff.com\/wp-content\/uploads\/buy-doge-on-binance-2-18x10.png 18w, https:\/\/coinkickoff.com\/wp-content\/uploads\/buy-doge-on-binance-2.png 1432w\" sizes=\"auto, (max-width: 1024px) 100vw, 1024px\" \/><\/p>\n<p><span style=\"font-weight: 400;\">Nakonec klikn\u011bte na tla\u010d\u00edtko KOUPIT DOGE. Je tak snadn\u00e9 koupit Dogecoin na Binance.<\/span><\/p>\n<p><span style=\"font-weight: 400;\">Pokud si chcete koupit Dogecoin nebo jin\u00e1 digit\u00e1ln\u00ed aktiva na r\u016fzn\u00fdch burz\u00e1ch, pod\u00edvejte se na na\u0161i str\u00e1nku <\/span><a href=\"https:\/\/coinkickoff.com\/cs\/crypto-exchanges\/\"><span style=\"font-weight: 400;\">recenze nejlep\u0161\u00edch 22 kryptom\u011bnov\u00fdch burz<\/span><\/a><span style=\"font-weight: 400;\"> a osm dal\u0161\u00edch alternativ.<\/span><\/p>","protected":false},"excerpt":{"rendered":"<p>Jak koupit Dogecoin na Binance Dogecoin je slavn\u00e1 kryptom\u011bna, se kterou m\u016f\u017eete obchodovat na v\u0161ech popul\u00e1rn\u00edch kryptom\u011bnov\u00fdch burz\u00e1ch. DOGE je v\u011bt\u0161inou zn\u00e1m\u00e1 jako meme nebo vtip coin. D\u016fvodem je, \u017ee toto aktivum nebylo navr\u017eeno k p\u0159enosu hodnoty nebo k vypln\u011bn\u00ed mezery na trhu pro konkr\u00e9tn\u00ed p\u0159\u00edpad pou\u017eit\u00ed. P\u0159esto je toto aktivum [...]<\/p>","protected":false},"author":3,"featured_media":3261,"parent":3196,"menu_order":0,"comment_status":"closed","ping_status":"closed","template":"","meta":{"_genesis_hide_title":false,"_genesis_hide_breadcrumbs":false,"_genesis_hide_singular_image":false,"_genesis_hide_footer_widgets":false,"_genesis_custom_body_class":"","_genesis_custom_post_class":"","_genesis_layout":"","_glsr_average":0,"_glsr_ranking":0,"_glsr_reviews":0,"footnotes":""},"class_list":{"0":"post-3244","1":"page","2":"type-page","3":"status-publish","4":"has-post-thumbnail","6":"entry"},"featured_image_src":"https:\/\/coinkickoff.com\/wp-content\/uploads\/buy-doge-on-binance-2-600x400.png","featured_image_src_square":"https:\/\/coinkickoff.com\/wp-content\/uploads\/buy-doge-on-binance-2-600x600.png","_links":{"self":[{"href":"https:\/\/coinkickoff.com\/cs\/wp-json\/wp\/v2\/pages\/3244","targetHints":{"allow":["GET"]}}],"collection":[{"href":"https:\/\/coinkickoff.com\/cs\/wp-json\/wp\/v2\/pages"}],"about":[{"href":"https:\/\/coinkickoff.com\/cs\/wp-json\/wp\/v2\/types\/page"}],"author":[{"embeddable":true,"href":"https:\/\/coinkickoff.com\/cs\/wp-json\/wp\/v2\/users\/3"}],"replies":[{"embeddable":true,"href":"https:\/\/coinkickoff.com\/cs\/wp-json\/wp\/v2\/comments?post=3244"}],"version-history":[{"count":4,"href":"https:\/\/coinkickoff.com\/cs\/wp-json\/wp\/v2\/pages\/3244\/revisions"}],"predecessor-version":[{"id":4487,"href":"https:\/\/coinkickoff.com\/cs\/wp-json\/wp\/v2\/pages\/3244\/revisions\/4487"}],"up":[{"embeddable":true,"href":"https:\/\/coinkickoff.com\/cs\/wp-json\/wp\/v2\/pages\/3196"}],"wp:featuredmedia":[{"embeddable":true,"href":"https:\/\/coinkickoff.com\/cs\/wp-json\/wp\/v2\/media\/3261"}],"wp:attachment":[{"href":"https:\/\/coinkickoff.com\/cs\/wp-json\/wp\/v2\/media?parent=3244"}],"curies":[{"name":"wp","href":"https:\/\/api.w.org\/{rel}","templated":true}]}}