{"id":3203,"date":"2026-01-08T14:07:32","date_gmt":"2026-01-08T14:07:32","guid":{"rendered":"https:\/\/coinkickoff.com\/?page_id=3203"},"modified":"2026-01-08T14:07:32","modified_gmt":"2026-01-08T14:07:32","slug":"how-to-buy-dogecoin-on-bybit","status":"publish","type":"page","link":"https:\/\/coinkickoff.com\/cs\/how-to-buy-dogecoin\/how-to-buy-dogecoin-on-bybit\/","title":{"rendered":"Jak koupit Dogecoin (DOGE) na Bybitu"},"content":{"rendered":"<div id=\"ez-toc-container\" class=\"ez-toc-v2_0_80 counter-hierarchy ez-toc-counter ez-toc-transparent ez-toc-container-direction\">\n<div class=\"ez-toc-title-container\">\n<p class=\"ez-toc-title\" style=\"cursor:inherit\">Sekce<\/p>\n<span class=\"ez-toc-title-toggle\"><a href=\"#\" class=\"ez-toc-pull-right ez-toc-btn ez-toc-btn-xs ez-toc-btn-default ez-toc-toggle\" aria-label=\"P\u0159epnut\u00ed tabulky obsahu\"><span class=\"ez-toc-js-icon-con\"><span class=\"\"><span class=\"eztoc-hide\" style=\"display:none;\">P\u0159ep\u00edna\u010d<\/span><span class=\"ez-toc-icon-toggle-span\"><svg style=\"fill: #999;color:#999\" xmlns=\"http:\/\/www.w3.org\/2000\/svg\" class=\"list-377408\" width=\"20px\" height=\"20px\" viewbox=\"0 0 24 24\" fill=\"none\"><path d=\"M6 6H4v2h2V6zm14 0H8v2h12V6zM4 11h2v2H4v-2zm16 0H8v2h12v-2zM4 16h2v2H4v-2zm16 0H8v2h12v-2z\" fill=\"currentColor\"><\/path><\/svg><svg style=\"fill: #999;color:#999\" class=\"arrow-unsorted-368013\" xmlns=\"http:\/\/www.w3.org\/2000\/svg\" width=\"10px\" height=\"10px\" viewbox=\"0 0 24 24\" version=\"1.2\" baseprofile=\"tiny\"><path d=\"M18.2 9.3l-6.2-6.3-6.2 6.3c-.2.2-.3.4-.3.7s.1.5.3.7c.2.2.4.3.7.3h11c.3 0 .5-.1.7-.3.2-.2.3-.5.3-.7s-.1-.5-.3-.7zM5.8 14.7l6.2 6.3 6.2-6.3c.2-.2.3-.5.3-.7s-.1-.5-.3-.7c-.2-.2-.4-.3-.7-.3h-11c-.3 0-.5.1-.7.3-.2.2-.3.5-.3.7s.1.5.3.7z\"\/><\/svg><\/span><\/span><\/span><\/a><\/span><\/div>\n<nav><ul class='ez-toc-list ez-toc-list-level-1 eztoc-toggle-hide-by-default' ><li class='ez-toc-page-1 ez-toc-heading-level-2'><a class=\"ez-toc-link ez-toc-heading-1\" href=\"https:\/\/coinkickoff.com\/cs\/how-to-buy-dogecoin\/how-to-buy-dogecoin-on-bybit\/#How_to_Buy_Dogecoin_on_Bybit\" >Jak koupit Dogecoin na Bybitu<\/a><\/li><li class='ez-toc-page-1 ez-toc-heading-level-2'><a class=\"ez-toc-link ez-toc-heading-2\" href=\"https:\/\/coinkickoff.com\/cs\/how-to-buy-dogecoin\/how-to-buy-dogecoin-on-bybit\/#A_Step-By-Step_Guide_on_How_to_Buy_Dogecoin_on_Bybit\" >Pr\u016fvodce krok za krokem, jak koupit Dogecoin na Bybitu<\/a><ul class='ez-toc-list-level-3' ><li class='ez-toc-heading-level-3'><a class=\"ez-toc-link ez-toc-heading-3\" href=\"https:\/\/coinkickoff.com\/cs\/how-to-buy-dogecoin\/how-to-buy-dogecoin-on-bybit\/#1_Register_an_Account\" >1. Registrace \u00fa\u010dtu<\/a><\/li><li class='ez-toc-page-1 ez-toc-heading-level-3'><a class=\"ez-toc-link ez-toc-heading-4\" href=\"https:\/\/coinkickoff.com\/cs\/how-to-buy-dogecoin\/how-to-buy-dogecoin-on-bybit\/#2_Verify_Your_Account\" >2. Ov\u011b\u0159te sv\u016fj \u00fa\u010det<\/a><\/li><li class='ez-toc-page-1 ez-toc-heading-level-3'><a class=\"ez-toc-link ez-toc-heading-5\" href=\"https:\/\/coinkickoff.com\/cs\/how-to-buy-dogecoin\/how-to-buy-dogecoin-on-bybit\/#3_Deposit_FundsCrypto\" >3. Vkladov\u00e9 fondy \/ krypto<\/a><\/li><li class='ez-toc-page-1 ez-toc-heading-level-3'><a class=\"ez-toc-link ez-toc-heading-6\" href=\"https:\/\/coinkickoff.com\/cs\/how-to-buy-dogecoin\/how-to-buy-dogecoin-on-bybit\/#4_Navigate_to_the_Relevant_Screen_to_Buy\" >4. P\u0159ejd\u011bte na p\u0159\u00edslu\u0161nou obrazovku a nakupte<\/a><\/li><\/ul><\/li><\/ul><\/nav><\/div>\n<h2><span class=\"ez-toc-section\" id=\"How_to_Buy_Dogecoin_on_Bybit\"><\/span><span style=\"font-weight: 400;\">Jak koupit Dogecoin na Bybitu<\/span><span class=\"ez-toc-section-end\"><\/span><\/h2>\n<p><span style=\"font-weight: 400;\">Zat\u00edmco <a href=\"https:\/\/coinkickoff.com\/cs\/dogecoin-doge\/\" data-internallinksmanager029f6b8e52c=\"14\" title=\"Co je Dogecoin (DOGE)? Jak funguje a kde ho koupit?\">Dogecoin<\/a> nen\u00ed p\u0159\u00edli\u0161 stabiln\u00ed ani zvl\u00e1\u0161\u0165 u\u017eite\u010dn\u00fd digit\u00e1ln\u00ed aktivum, je pom\u011brn\u011b zn\u00e1m\u00fd d\u00edky sv\u00e9 vtipn\u00e9 meme povaze. Je tak\u00e9 pom\u011brn\u011b snadn\u00e9 ho koupit, proto\u017ee ho najdete v podstat\u011b na ka\u017ed\u00e9 burze.\u00a0<\/span><\/p>\n<p><span style=\"font-weight: 400;\">Z\u00e1soba DOGE je v podstat\u011b nekone\u010dn\u00e1, tak\u017ee si ji m\u016f\u017eete koupit levn\u011b, i kdy\u017e byste m\u011bli v\u011bd\u011bt, \u017ee ve skute\u010dnosti nem\u00e1 \u017e\u00e1dn\u00e9 vyu\u017eit\u00ed.<\/span><\/p>\n<p><span style=\"font-weight: 400;\">V tomto \u010dl\u00e1nku v\u00e1m vysv\u011btl\u00edme, jak si koupit Dogecoin na. <a href=\"https:\/\/coinkickoff.com\/cs\/bybit-review\/\">Bybit<\/a> krok za krokem. A je to tady.<\/span><\/p>\n<h2><span class=\"ez-toc-section\" id=\"A_Step-By-Step_Guide_on_How_to_Buy_Dogecoin_on_Bybit\"><\/span><span style=\"font-weight: 400;\">Pr\u016fvodce krok za krokem, jak koupit Dogecoin na Bybitu<\/span><span class=\"ez-toc-section-end\"><\/span><\/h2>\n<h3><span class=\"ez-toc-section\" id=\"1_Register_an_Account\"><\/span><span style=\"font-weight: 400;\">1. Registrace \u00fa\u010dtu<\/span><span class=\"ez-toc-section-end\"><\/span><\/h3>\n<p><span style=\"font-weight: 400;\">Pod t\u00edmto odkazem p\u0159ejd\u011bte na <\/span><a href=\"https:\/\/www.bybit.com\/en-US\/register?irclickid=zLJWgJTKIxyNWiW0o%3AzEUxRnUkAWQmSxHzEAWw0&amp;irgwc=1&amp;srcexid=469064&amp;utmsource=impact&amp;srcplatform=1&amp;Sharedid=\" target=\"_blank\" rel=\"noopener\"><span style=\"font-weight: 400;\">Ofici\u00e1ln\u00ed webov\u00e9 str\u00e1nky spole\u010dnosti Bybit<\/span><\/a><span style=\"font-weight: 400;\"> a kliknut\u00edm na tla\u010d\u00edtko \"Zaregistrovat se\" si zaregistrujte \u00fa\u010det.\u00a0<\/span><\/p>\n<p><img loading=\"lazy\" decoding=\"async\" class=\"alignnone wp-image-3213 size-full\" src=\"https:\/\/coinkickoff.com\/wp-content\/uploads\/bybit-create-account.png\" alt=\"jak koupit dogecoin na bybit vytvo\u0159it \u00fa\u010det\" width=\"1437\" height=\"723\" srcset=\"https:\/\/coinkickoff.com\/wp-content\/uploads\/bybit-create-account.png 1437w, https:\/\/coinkickoff.com\/wp-content\/uploads\/bybit-create-account-300x151.png 300w, https:\/\/coinkickoff.com\/wp-content\/uploads\/bybit-create-account-1024x515.png 1024w, https:\/\/coinkickoff.com\/wp-content\/uploads\/bybit-create-account-768x386.png 768w, https:\/\/coinkickoff.com\/wp-content\/uploads\/bybit-create-account-18x9.png 18w\" sizes=\"auto, (max-width: 1437px) 100vw, 1437px\" \/><\/p>\n<p><span style=\"font-weight: 400;\">Otev\u0159en\u00ed <a href=\"https:\/\/coinkickoff.com\/cs\/bybit-review\/\" data-internallinksmanager029f6b8e52c=\"157\" title=\"Bybit Reviews 2025: Funkce, poplatky, bezpe\u010dnost, v\u00fdhody a nev\u00fdhody\">Bybit<\/a> \u00fa\u010det je velmi snadn\u00e9: m\u016f\u017eete se zaregistrovat pomoc\u00ed e-mailu nebo telefonn\u00edho \u010d\u00edsla. M\u016f\u017eete se tak\u00e9 zaregistrovat pomoc\u00ed sv\u00e9ho Google nebo Apple ID.\u00a0<\/span><\/p>\n<h3><span class=\"ez-toc-section\" id=\"2_Verify_Your_Account\"><\/span><span style=\"font-weight: 400;\">2. Ov\u011b\u0159te sv\u016fj \u00fa\u010det<\/span><span class=\"ez-toc-section-end\"><\/span><\/h3>\n<p><span style=\"font-weight: 400;\">P\u0159esn\u011b \u0159e\u010deno, pro obchodov\u00e1n\u00ed na Bybitu nemus\u00edte prov\u00e1d\u011bt ov\u011b\u0159en\u00ed toto\u017enosti. Platforma umo\u017e\u0148uje obchodovat a vyb\u00edrat digit\u00e1ln\u00ed aktiva bez ov\u011b\u0159en\u00ed.\u00a0<\/span><\/p>\n<p><span style=\"font-weight: 400;\">To znamen\u00e1, \u017ee pokud ji\u017e vlastn\u00edte digit\u00e1ln\u00ed aktiva, m\u016f\u017eete krok ov\u011b\u0159en\u00ed p\u0159esko\u010dit. Jedin\u00e9, co mus\u00edte ud\u011blat, je poslat n\u011bkter\u00e1 sv\u00e1 aktiva na \u00fa\u010det Bybit a m\u016f\u017eete je pou\u017e\u00edt k n\u00e1kupu DOGE na platform\u011b.<\/span><\/p>\n<p><img loading=\"lazy\" decoding=\"async\" class=\"alignnone wp-image-3215 size-full\" src=\"https:\/\/coinkickoff.com\/wp-content\/uploads\/bybit-crypto-deposit.png\" alt=\"\" width=\"1372\" height=\"659\" srcset=\"https:\/\/coinkickoff.com\/wp-content\/uploads\/bybit-crypto-deposit.png 1372w, https:\/\/coinkickoff.com\/wp-content\/uploads\/bybit-crypto-deposit-300x144.png 300w, https:\/\/coinkickoff.com\/wp-content\/uploads\/bybit-crypto-deposit-1024x492.png 1024w, https:\/\/coinkickoff.com\/wp-content\/uploads\/bybit-crypto-deposit-768x369.png 768w, https:\/\/coinkickoff.com\/wp-content\/uploads\/bybit-crypto-deposit-18x9.png 18w\" sizes=\"auto, (max-width: 1372px) 100vw, 1372px\" \/><\/p>\n<p><span style=\"font-weight: 400;\">Pokud v\u0161ak nevlastn\u00edte \u017e\u00e1dn\u00e9 krypto, mus\u00edte si na \u00fa\u010det Bybit vlo\u017eit prost\u0159edky, abyste mohli za\u010d\u00edt obchodovat. To znamen\u00e1, \u017ee budete muset tak\u00e9 prov\u00e9st ov\u011b\u0159en\u00ed toto\u017enosti.\u00a0<\/span><\/p>\n<p><span style=\"font-weight: 400;\">Chcete-li zah\u00e1jit proces ov\u011b\u0159ov\u00e1n\u00ed, zvolte mo\u017enost \"Profil\" na ovl\u00e1dac\u00edm panelu (vpravo naho\u0159e). Na str\u00e1nce profilu klikn\u011bte na mo\u017enost \"Ov\u011b\u0159en\u00ed toto\u017enosti\".<\/span><\/p>\n<p><img loading=\"lazy\" decoding=\"async\" class=\"alignnone wp-image-3214 size-full\" src=\"https:\/\/coinkickoff.com\/wp-content\/uploads\/bybit-dashboard.png\" alt=\"\" width=\"1416\" height=\"232\" srcset=\"https:\/\/coinkickoff.com\/wp-content\/uploads\/bybit-dashboard.png 1416w, https:\/\/coinkickoff.com\/wp-content\/uploads\/bybit-dashboard-300x49.png 300w, https:\/\/coinkickoff.com\/wp-content\/uploads\/bybit-dashboard-1024x168.png 1024w, https:\/\/coinkickoff.com\/wp-content\/uploads\/bybit-dashboard-768x126.png 768w, https:\/\/coinkickoff.com\/wp-content\/uploads\/bybit-dashboard-18x3.png 18w\" sizes=\"auto, (max-width: 1416px) 100vw, 1416px\" \/><\/p>\n<p><span style=\"font-weight: 400;\">Proces ov\u011b\u0159en\u00ed zah\u00e1j\u00edte kliknut\u00edm na tla\u010d\u00edtko \"Ov\u011b\u0159it nyn\u00ed\".<\/span><\/p>\n<p><img loading=\"lazy\" decoding=\"async\" class=\"alignnone wp-image-3212 size-full\" src=\"https:\/\/coinkickoff.com\/wp-content\/uploads\/bybit-identity-verification.png\" alt=\"ov\u011b\u0159ov\u00e1n\u00ed identity pomoc\u00ed bybit\" width=\"1432\" height=\"792\" srcset=\"https:\/\/coinkickoff.com\/wp-content\/uploads\/bybit-identity-verification.png 1432w, https:\/\/coinkickoff.com\/wp-content\/uploads\/bybit-identity-verification-300x166.png 300w, https:\/\/coinkickoff.com\/wp-content\/uploads\/bybit-identity-verification-1024x566.png 1024w, https:\/\/coinkickoff.com\/wp-content\/uploads\/bybit-identity-verification-768x425.png 768w, https:\/\/coinkickoff.com\/wp-content\/uploads\/bybit-identity-verification-18x10.png 18w\" sizes=\"auto, (max-width: 1432px) 100vw, 1432px\" \/><\/p>\n<p><span style=\"font-weight: 400;\">Abyste pro\u0161li kontrolou toto\u017enosti, mus\u00edte nahr\u00e1t platn\u00fd pr\u016fkaz toto\u017enosti s fotografi\u00ed vydan\u00fd vl\u00e1dou a selfie.<\/span><\/p>\n<h3><span class=\"ez-toc-section\" id=\"3_Deposit_FundsCrypto\"><\/span><span style=\"font-weight: 400;\">3. Vkladov\u00e9 fondy \/ krypto<\/span><span class=\"ez-toc-section-end\"><\/span><\/h3>\n<p><span style=\"font-weight: 400;\">Po dokon\u010den\u00ed ov\u011b\u0159en\u00ed toto\u017enosti m\u016f\u017eete na sv\u016fj \u00fa\u010det Bybit vlo\u017eit fiat m\u011bnu. Na ovl\u00e1dac\u00edm panelu klikn\u011bte na \"Buy Crypto\" a z rozbalovac\u00ed nab\u00eddky vyberte \"Fiat Deposit\".<\/span><\/p>\n<p><img loading=\"lazy\" decoding=\"async\" class=\"alignnone wp-image-3208 size-full\" src=\"https:\/\/coinkickoff.com\/wp-content\/uploads\/bybit-fiat-deposit.png\" alt=\"bybit fiat vklad\" width=\"1432\" height=\"630\" srcset=\"https:\/\/coinkickoff.com\/wp-content\/uploads\/bybit-fiat-deposit.png 1432w, https:\/\/coinkickoff.com\/wp-content\/uploads\/bybit-fiat-deposit-300x132.png 300w, https:\/\/coinkickoff.com\/wp-content\/uploads\/bybit-fiat-deposit-1024x451.png 1024w, https:\/\/coinkickoff.com\/wp-content\/uploads\/bybit-fiat-deposit-768x338.png 768w, https:\/\/coinkickoff.com\/wp-content\/uploads\/bybit-fiat-deposit-18x8.png 18w\" sizes=\"auto, (max-width: 1432px) 100vw, 1432px\" \/><\/p>\n<p><span style=\"font-weight: 400;\">Na str\u00e1nce pro vklad vyberte preferovanou m\u011bnu, zadejte \u010d\u00e1stku, kterou chcete vlo\u017eit, a vyberte zp\u016fsob vkladu. Zp\u016fsoby vkladu se li\u0161\u00ed podle fiat m\u011bny, a\u010dkoli Advcash je k dispozici pro r\u016fzn\u00e9 fiat mo\u017enosti.<\/span><\/p>\n<p><img loading=\"lazy\" decoding=\"async\" class=\"alignnone wp-image-3209 size-full\" src=\"https:\/\/coinkickoff.com\/wp-content\/uploads\/bybitfiatdeposit2.png\" alt=\"bybit fiat vklad\" width=\"1418\" height=\"783\" srcset=\"https:\/\/coinkickoff.com\/wp-content\/uploads\/bybitfiatdeposit2.png 1418w, https:\/\/coinkickoff.com\/wp-content\/uploads\/bybitfiatdeposit2-300x166.png 300w, https:\/\/coinkickoff.com\/wp-content\/uploads\/bybitfiatdeposit2-1024x565.png 1024w, https:\/\/coinkickoff.com\/wp-content\/uploads\/bybitfiatdeposit2-768x424.png 768w, https:\/\/coinkickoff.com\/wp-content\/uploads\/bybitfiatdeposit2-18x10.png 18w\" sizes=\"auto, (max-width: 1418px) 100vw, 1418px\" \/><\/p>\n<p><span style=\"font-weight: 400;\">Po v\u00fdb\u011bru zp\u016fsobu platby odsouhlaste \"podm\u00ednky a slu\u017eby\" a klikn\u011bte na tla\u010d\u00edtko pokra\u010dovat.<\/span><\/p>\n<h3><span class=\"ez-toc-section\" id=\"4_Navigate_to_the_Relevant_Screen_to_Buy\"><\/span><span style=\"font-weight: 400;\">4. P\u0159ejd\u011bte na p\u0159\u00edslu\u0161nou obrazovku a nakupte<\/span><span class=\"ez-toc-section-end\"><\/span><\/h3>\n<p><span style=\"font-weight: 400;\">Jakmile si na sv\u016fj \u00fa\u010det Bybit vlo\u017e\u00edte n\u011bjak\u00e9 prost\u0159edky, je n\u00e1kup DOGE velmi jednoduch\u00fd. Na ovl\u00e1dac\u00edm panelu klikn\u011bte na \"Buy Crypto\" a vyberte \"One-Click Buy\". T\u00edm se dostanete na str\u00e1nku pro snadn\u00fd n\u00e1kup\/prodej.<\/span><\/p>\n<p><img loading=\"lazy\" decoding=\"async\" class=\"alignnone wp-image-3211 size-full\" src=\"https:\/\/coinkickoff.com\/wp-content\/uploads\/bybit-one-click-buy-2.png\" alt=\"bybit jedn\u00edm kliknut\u00edm koupit 2\" width=\"1433\" height=\"795\" srcset=\"https:\/\/coinkickoff.com\/wp-content\/uploads\/bybit-one-click-buy-2.png 1433w, https:\/\/coinkickoff.com\/wp-content\/uploads\/bybit-one-click-buy-2-300x166.png 300w, https:\/\/coinkickoff.com\/wp-content\/uploads\/bybit-one-click-buy-2-1024x568.png 1024w, https:\/\/coinkickoff.com\/wp-content\/uploads\/bybit-one-click-buy-2-768x426.png 768w, https:\/\/coinkickoff.com\/wp-content\/uploads\/bybit-one-click-buy-2-18x10.png 18w\" sizes=\"auto, (max-width: 1433px) 100vw, 1433px\" \/><\/p>\n<p><span style=\"font-weight: 400;\"><img loading=\"lazy\" decoding=\"async\" class=\"alignnone wp-image-3210 size-full\" src=\"https:\/\/coinkickoff.com\/wp-content\/uploads\/oneclickbuy-bybit-1.png\" alt=\"n\u00e1kup jedn\u00edm kliknut\u00edm bybit\" width=\"1429\" height=\"792\" srcset=\"https:\/\/coinkickoff.com\/wp-content\/uploads\/oneclickbuy-bybit-1.png 1429w, https:\/\/coinkickoff.com\/wp-content\/uploads\/oneclickbuy-bybit-1-300x166.png 300w, https:\/\/coinkickoff.com\/wp-content\/uploads\/oneclickbuy-bybit-1-1024x568.png 1024w, https:\/\/coinkickoff.com\/wp-content\/uploads\/oneclickbuy-bybit-1-768x426.png 768w, https:\/\/coinkickoff.com\/wp-content\/uploads\/oneclickbuy-bybit-1-18x10.png 18w\" sizes=\"auto, (max-width: 1429px) 100vw, 1429px\" \/>Na str\u00e1nce Koupit\/prodat vyberte kryptom\u011bnu, kterou chcete koupit, a zadejte \u010d\u00e1stku, kterou chcete utratit. Kalkula\u010dka automaticky zobraz\u00ed, kolik DOGE za sv\u00e9 dolary obdr\u017e\u00edte.<\/span><\/p>\n<p><span style=\"font-weight: 400;\">Nakonec vyberte zp\u016fsob platby jako fiat balance a klikn\u011bte na \"Buy With USD\".<\/span><\/p>\n<p><span style=\"font-weight: 400;\">Gratulujeme!<\/span><\/p>\n<p>Pokud si chcete koupit Dogecoin nebo jin\u00e1 digit\u00e1ln\u00ed aktiva na r\u016fzn\u00fdch burz\u00e1ch, pod\u00edvejte se na na\u0161i str\u00e1nku\u00a0<a href=\"https:\/\/coinkickoff.com\/cs\/crypto-exchanges\/\">recenze nejlep\u0161\u00edch 22 kryptom\u011bnov\u00fdch burz<\/a>\u00a0a osm dal\u0161\u00edch alternativ.<\/p>","protected":false},"excerpt":{"rendered":"<p>Jak koupit Dogecoin na Bybitu Dogecoin sice nen\u00ed p\u0159\u00edli\u0161 stabiln\u00ed ani zvl\u00e1\u0161\u0165 u\u017eite\u010dn\u00e9 digit\u00e1ln\u00ed aktivum, ale je pom\u011brn\u011b zn\u00e1m\u00e9 d\u00edky sv\u00e9 vtipn\u00e9 meme povaze. Je tak\u00e9 pom\u011brn\u011b snadn\u00e9 ho koupit, proto\u017ee ho najdete v podstat\u011b na ka\u017ed\u00e9 burze.  Nab\u00eddka DOGE je v podstat\u011b nekone\u010dn\u00e1, tak\u017ee si ho m\u016f\u017eete koupit za [...]<\/p>","protected":false},"author":3,"featured_media":1199,"parent":3196,"menu_order":0,"comment_status":"closed","ping_status":"closed","template":"","meta":{"_genesis_hide_title":false,"_genesis_hide_breadcrumbs":false,"_genesis_hide_singular_image":false,"_genesis_hide_footer_widgets":false,"_genesis_custom_body_class":"","_genesis_custom_post_class":"","_genesis_layout":"","_glsr_average":0,"_glsr_ranking":0,"_glsr_reviews":0,"footnotes":""},"class_list":{"0":"post-3203","1":"page","2":"type-page","3":"status-publish","4":"has-post-thumbnail","6":"entry"},"featured_image_src":"https:\/\/coinkickoff.com\/wp-content\/uploads\/bybit-homepage-600x400.png","featured_image_src_square":"https:\/\/coinkickoff.com\/wp-content\/uploads\/bybit-homepage-600x600.png","_links":{"self":[{"href":"https:\/\/coinkickoff.com\/cs\/wp-json\/wp\/v2\/pages\/3203","targetHints":{"allow":["GET"]}}],"collection":[{"href":"https:\/\/coinkickoff.com\/cs\/wp-json\/wp\/v2\/pages"}],"about":[{"href":"https:\/\/coinkickoff.com\/cs\/wp-json\/wp\/v2\/types\/page"}],"author":[{"embeddable":true,"href":"https:\/\/coinkickoff.com\/cs\/wp-json\/wp\/v2\/users\/3"}],"replies":[{"embeddable":true,"href":"https:\/\/coinkickoff.com\/cs\/wp-json\/wp\/v2\/comments?post=3203"}],"version-history":[{"count":5,"href":"https:\/\/coinkickoff.com\/cs\/wp-json\/wp\/v2\/pages\/3203\/revisions"}],"predecessor-version":[{"id":4490,"href":"https:\/\/coinkickoff.com\/cs\/wp-json\/wp\/v2\/pages\/3203\/revisions\/4490"}],"up":[{"embeddable":true,"href":"https:\/\/coinkickoff.com\/cs\/wp-json\/wp\/v2\/pages\/3196"}],"wp:featuredmedia":[{"embeddable":true,"href":"https:\/\/coinkickoff.com\/cs\/wp-json\/wp\/v2\/media\/1199"}],"wp:attachment":[{"href":"https:\/\/coinkickoff.com\/cs\/wp-json\/wp\/v2\/media?parent=3203"}],"curies":[{"name":"wp","href":"https:\/\/api.w.org\/{rel}","templated":true}]}}