{"id":3196,"date":"2026-01-08T14:07:36","date_gmt":"2026-01-08T14:07:36","guid":{"rendered":"https:\/\/coinkickoff.com\/?page_id=3196"},"modified":"2026-01-08T14:07:36","modified_gmt":"2026-01-08T14:07:36","slug":"how-to-buy-dogecoin","status":"publish","type":"page","link":"https:\/\/coinkickoff.com\/cs\/how-to-buy-dogecoin\/","title":{"rendered":"Jak koupit Dogecoin (DOGE)"},"content":{"rendered":"<p><span style=\"font-weight: 400;\"><img loading=\"lazy\" decoding=\"async\" class=\"aligncenter wp-image-155 size-full\" src=\"https:\/\/coinkickoff.com\/wp-content\/uploads\/2022\/06\/Dogecoin-DOGE.jpg\" alt=\"jak koupit dogecoin\" width=\"1000\" height=\"800\" srcset=\"https:\/\/coinkickoff.com\/wp-content\/uploads\/2022\/06\/Dogecoin-DOGE.jpg 1000w, https:\/\/coinkickoff.com\/wp-content\/uploads\/2022\/06\/Dogecoin-DOGE-300x240.jpg 300w, https:\/\/coinkickoff.com\/wp-content\/uploads\/2022\/06\/Dogecoin-DOGE-768x614.jpg 768w, https:\/\/coinkickoff.com\/wp-content\/uploads\/2022\/06\/Dogecoin-DOGE-15x12.jpg 15w\" sizes=\"auto, (max-width: 1000px) 100vw, 1000px\" \/>Pokud si chcete koupit <a href=\"https:\/\/coinkickoff.com\/cs\/dogecoin-doge\/\" data-internallinksmanager029f6b8e52c=\"14\" title=\"Co je Dogecoin (DOGE)? Jak funguje a kde ho koupit?\">Dogecoin<\/a> a nev\u00edte, kde za\u010d\u00edt, jste na spr\u00e1vn\u00e9m m\u00edst\u011b. Uk\u00e1\u017eeme v\u00e1m, jak a kde koupit DOGE s pokyny krok za krokem.<\/span><\/p>\n<div id=\"ez-toc-container\" class=\"ez-toc-v2_0_80 counter-hierarchy ez-toc-counter ez-toc-transparent ez-toc-container-direction\">\n<div class=\"ez-toc-title-container\">\n<p class=\"ez-toc-title\" style=\"cursor:inherit\">Sekce<\/p>\n<span class=\"ez-toc-title-toggle\"><a href=\"#\" class=\"ez-toc-pull-right ez-toc-btn ez-toc-btn-xs ez-toc-btn-default ez-toc-toggle\" aria-label=\"P\u0159epnut\u00ed tabulky obsahu\"><span class=\"ez-toc-js-icon-con\"><span class=\"\"><span class=\"eztoc-hide\" style=\"display:none;\">P\u0159ep\u00edna\u010d<\/span><span class=\"ez-toc-icon-toggle-span\"><svg style=\"fill: #999;color:#999\" xmlns=\"http:\/\/www.w3.org\/2000\/svg\" class=\"list-377408\" width=\"20px\" height=\"20px\" viewbox=\"0 0 24 24\" fill=\"none\"><path d=\"M6 6H4v2h2V6zm14 0H8v2h12V6zM4 11h2v2H4v-2zm16 0H8v2h12v-2zM4 16h2v2H4v-2zm16 0H8v2h12v-2z\" fill=\"currentColor\"><\/path><\/svg><svg style=\"fill: #999;color:#999\" class=\"arrow-unsorted-368013\" xmlns=\"http:\/\/www.w3.org\/2000\/svg\" width=\"10px\" height=\"10px\" viewbox=\"0 0 24 24\" version=\"1.2\" baseprofile=\"tiny\"><path d=\"M18.2 9.3l-6.2-6.3-6.2 6.3c-.2.2-.3.4-.3.7s.1.5.3.7c.2.2.4.3.7.3h11c.3 0 .5-.1.7-.3.2-.2.3-.5.3-.7s-.1-.5-.3-.7zM5.8 14.7l6.2 6.3 6.2-6.3c.2-.2.3-.5.3-.7s-.1-.5-.3-.7c-.2-.2-.4-.3-.7-.3h-11c-.3 0-.5.1-.7.3-.2.2-.3.5-.3.7s.1.5.3.7z\"\/><\/svg><\/span><\/span><\/span><\/a><\/span><\/div>\n<nav><ul class='ez-toc-list ez-toc-list-level-1 eztoc-toggle-hide-by-default' ><li class='ez-toc-page-1 ez-toc-heading-level-2'><a class=\"ez-toc-link ez-toc-heading-1\" href=\"https:\/\/coinkickoff.com\/cs\/how-to-buy-dogecoin\/#What_Is_Dogecoin\" >Co je Dogecoin?<\/a><\/li><li class='ez-toc-page-1 ez-toc-heading-level-2'><a class=\"ez-toc-link ez-toc-heading-2\" href=\"https:\/\/coinkickoff.com\/cs\/how-to-buy-dogecoin\/#Where_Can_I_Buy_Dogecoin\" >Kde si mohu koupit Dogecoin?<\/a><\/li><li class='ez-toc-page-1 ez-toc-heading-level-2'><a class=\"ez-toc-link ez-toc-heading-3\" href=\"https:\/\/coinkickoff.com\/cs\/how-to-buy-dogecoin\/#How_to_Buy_Dogecoin\" >Jak koupit Dogecoin<\/a><ul class='ez-toc-list-level-3' ><li class='ez-toc-heading-level-3'><a class=\"ez-toc-link ez-toc-heading-4\" href=\"https:\/\/coinkickoff.com\/cs\/how-to-buy-dogecoin\/#Choose_Your_Exchange\" >V\u00fdb\u011br burzy<\/a><\/li><li class='ez-toc-page-1 ez-toc-heading-level-3'><a class=\"ez-toc-link ez-toc-heading-5\" href=\"https:\/\/coinkickoff.com\/cs\/how-to-buy-dogecoin\/#Buy_DOGE\" >Koupit DOGE<\/a><\/li><li class='ez-toc-page-1 ez-toc-heading-level-3'><a class=\"ez-toc-link ez-toc-heading-6\" href=\"https:\/\/coinkickoff.com\/cs\/how-to-buy-dogecoin\/#Store_Your_DOGE\" >Ulo\u017een\u00ed va\u0161eho DOGE<\/a><ul class='ez-toc-list-level-4' ><li class='ez-toc-heading-level-4'><a class=\"ez-toc-link ez-toc-heading-7\" href=\"https:\/\/coinkickoff.com\/cs\/how-to-buy-dogecoin\/#Exchange_Wallet\" >V\u00fdm\u011bna pen\u011b\u017eenky<\/a><\/li><li class='ez-toc-page-1 ez-toc-heading-level-4'><a class=\"ez-toc-link ez-toc-heading-8\" href=\"https:\/\/coinkickoff.com\/cs\/how-to-buy-dogecoin\/#Self-Custody_Hot_Wallets\" >Hotov\u00e9 pen\u011b\u017eenky pro vlastn\u00ed \u00faschovu<\/a><\/li><li class='ez-toc-page-1 ez-toc-heading-level-4'><a class=\"ez-toc-link ez-toc-heading-9\" href=\"https:\/\/coinkickoff.com\/cs\/how-to-buy-dogecoin\/#Cold_Wallets\" >Studen\u00e9 pen\u011b\u017eenky<\/a><\/li><\/ul><\/li><\/ul><\/li><\/ul><\/nav><\/div>\n<h2><span class=\"ez-toc-section\" id=\"What_Is_Dogecoin\"><\/span><span style=\"font-weight: 400;\">Co je Dogecoin?<\/span><span class=\"ez-toc-section-end\"><\/span><\/h2>\n<p><span style=\"font-weight: 400;\">Mo\u017en\u00e1 jste sly\u0161eli, \u017ee lid\u00e9 mluv\u00ed o <\/span><a href=\"https:\/\/coinkickoff.com\/cs\/dogecoin-doge\/\"><span style=\"font-weight: 400;\">Dogecoin<\/span><\/a><span style=\"font-weight: 400;\"> jako mem coin. Je to tak: zakladatel\u00e9 spole\u010dnosti Dogecoin, Billy Marcus a Jackson Palmer, se inspirovali meme <\/span><a href=\"https:\/\/knowyourmeme.com\/memes\/doge\" target=\"_blank\" rel=\"noopener\"><span style=\"font-weight: 400;\">meme se psem Shiba Inu<\/span><\/a><span style=\"font-weight: 400;\"> a spustil Dogecoin p\u0159edev\u0161\u00edm jako vtip.<\/span><\/p>\n<p><span style=\"font-weight: 400;\">Model coin se stal popul\u00e1rn\u00edm d\u00edky humbuku, kter\u00fd vyvolal na Redditu pot\u00e9, co upoutal pozornost gener\u00e1ln\u00edho \u0159editele spole\u010dnosti Tesla Elona Muska, kter\u00fd <\/span><a href=\"https:\/\/uk.finance.yahoo.com\/news\/dogecoin-elon-musk-tweet-reddit-100947312.html\" target=\"_blank\" rel=\"noopener\"><span style=\"font-weight: 400;\">tweeted about coin in 2021<\/span><\/a><span style=\"font-weight: 400;\">. Muskova \u00fa\u010dast zp\u016fsobila kr\u00e1tk\u00fd n\u00e1r\u016fst ceny DOGE, i kdy\u017e brzy pot\u00e9 ztratil v\u011bt\u0161inu sv\u00e9 hodnoty.<\/span><\/p>\n<p><img loading=\"lazy\" decoding=\"async\" class=\"alignnone size-medium\" src=\"https:\/\/coinkickoff.com\/wp-content\/uploads\/1612461300-elon-musk-lion-king.jpg\" alt=\"ELON MUSK DOGE\" width=\"675\" height=\"380\" \/><\/p>\n<p><span style=\"font-weight: 400;\">Dogecoin nem\u00e1 ve skute\u010dnosti \u017e\u00e1dn\u00fd p\u0159\u00edpad pou\u017eit\u00ed: nen\u00ed to skv\u011bl\u00fd zp\u016fsob, jak p\u0159en\u00e1\u0161et hodnotu, jako nap\u0159. <\/span><a href=\"https:\/\/coinkickoff.com\/cs\/tether-usdt\/\"><span style=\"font-weight: 400;\">stablecoins<\/span><\/a><span style=\"font-weight: 400;\">, proto\u017ee ceny nejsou stabiln\u00ed. M\u00e1 nekone\u010dnou nab\u00eddku (na rozd\u00edl od nap\u0159, <\/span><a href=\"https:\/\/coinkickoff.com\/cs\/bitcoin-btc\/\"><span style=\"font-weight: 400;\">Bitcoin<\/span><\/a><span style=\"font-weight: 400;\">), tak\u017ee se s \u010dasem nest\u00e1v\u00e1 m\u00e9n\u011b dostupn\u00fdm nebo cenn\u011bj\u0161\u00edm.\u00a0<\/span><\/p>\n<p><span style=\"font-weight: 400;\">Na trhu jsou miliardy DOGE a Dogecoin z\u016fst\u00e1v\u00e1 jednou z nejv\u011bt\u0161\u00edch kryptom\u011bn coins podle tr\u017en\u00ed kapitalizace, ale to se neprom\u00edt\u00e1 do pen\u011b\u017en\u00ed hodnoty.<\/span><\/p>\n<p><img loading=\"lazy\" decoding=\"async\" class=\"alignnone wp-image-3198 size-full\" src=\"https:\/\/coinkickoff.com\/wp-content\/uploads\/dogemarketcap.png\" alt=\"doge marketcap\" width=\"977\" height=\"573\" srcset=\"https:\/\/coinkickoff.com\/wp-content\/uploads\/dogemarketcap.png 977w, https:\/\/coinkickoff.com\/wp-content\/uploads\/dogemarketcap-300x176.png 300w, https:\/\/coinkickoff.com\/wp-content\/uploads\/dogemarketcap-768x450.png 768w, https:\/\/coinkickoff.com\/wp-content\/uploads\/dogemarketcap-18x12.png 18w\" sizes=\"auto, (max-width: 977px) 100vw, 977px\" \/><\/p>\n<p><span style=\"font-weight: 400;\">coin m\u016f\u017eete t\u011b\u017eit ve velk\u00e9m mno\u017estv\u00ed, tak\u017ee nakonec nen\u00ed tak cenn\u00fd. Ob\u010das doch\u00e1z\u00ed ke kr\u00e1tkodob\u00fdm n\u00e1r\u016fst\u016fm jeho ceny, obvykle d\u00edky sv\u00e9r\u00e1zn\u00fdm v\u00fdrok\u016fm celebrit, jako je Musk.<\/span><\/p>\n<p><img loading=\"lazy\" decoding=\"async\" class=\"alignnone wp-image-3197 size-full\" src=\"https:\/\/coinkickoff.com\/wp-content\/uploads\/doge-price.png\" alt=\"DOGE cena\" width=\"973\" height=\"559\" srcset=\"https:\/\/coinkickoff.com\/wp-content\/uploads\/doge-price.png 973w, https:\/\/coinkickoff.com\/wp-content\/uploads\/doge-price-300x172.png 300w, https:\/\/coinkickoff.com\/wp-content\/uploads\/doge-price-768x441.png 768w, https:\/\/coinkickoff.com\/wp-content\/uploads\/doge-price-18x10.png 18w\" sizes=\"auto, (max-width: 973px) 100vw, 973px\" \/><\/p>\n<p><span style=\"font-weight: 400;\">Celkov\u011b lze \u0159\u00edci, \u017ee se jedn\u00e1 o vtip coin.<\/span><\/p>\n<h2><span class=\"ez-toc-section\" id=\"Where_Can_I_Buy_Dogecoin\"><\/span><span style=\"font-weight: 400;\">Kde si mohu koupit Dogecoin?<\/span><span class=\"ez-toc-section-end\"><\/span><\/h2>\n<p><span style=\"font-weight: 400;\">Dogecoin si m\u016f\u017eete koupit na v\u011bt\u0161in\u011b <a href=\"https:\/\/coinkickoff.com\/cs\/crypto-exchanges\/\" data-internallinksmanager029f6b8e52c=\"141\" title=\"21 Nejlep\u0161\u00ed kryptom\u011bnov\u00e9 burzy a aplikace v roce 2024\">kryptografick\u00e9 burzy<\/a>. <\/span><a href=\"https:\/\/coinmarketcap.com\/currencies\/dogecoin\/\" target=\"_blank\" rel=\"noopener\"><span style=\"font-weight: 400;\">Doge je 16. nejv\u011bt\u0161\u00ed kryptografickou spole\u010dnost\u00ed.<\/span><\/a><span style=\"font-weight: 400;\"> podle tr\u017en\u00ed kapitalizace, tak\u017ee je obecn\u011b dostupn\u00e1 na popul\u00e1rn\u00edch burz\u00e1ch.<\/span><\/p>\n<p><img loading=\"lazy\" decoding=\"async\" class=\"alignnone wp-image-3199 size-full\" src=\"https:\/\/coinkickoff.com\/wp-content\/uploads\/doge-on-binance.png\" alt=\"DOGE na Binance\" width=\"1366\" height=\"584\" srcset=\"https:\/\/coinkickoff.com\/wp-content\/uploads\/doge-on-binance.png 1366w, https:\/\/coinkickoff.com\/wp-content\/uploads\/doge-on-binance-300x128.png 300w, https:\/\/coinkickoff.com\/wp-content\/uploads\/doge-on-binance-1024x438.png 1024w, https:\/\/coinkickoff.com\/wp-content\/uploads\/doge-on-binance-768x328.png 768w, https:\/\/coinkickoff.com\/wp-content\/uploads\/doge-on-binance-18x8.png 18w\" sizes=\"auto, (max-width: 1366px) 100vw, 1366px\" \/><\/p>\n<p><span style=\"font-weight: 400;\">DOGE si m\u016f\u017eete koupit za fiat m\u011bny na centralizovan\u00fdch kryptom\u011bn\u00e1ch, jako je nap\u0159. <\/span><a href=\"https:\/\/coinkickoff.com\/cs\/coinbase-review\/\"><span style=\"font-weight: 400;\">Coinbase<\/span><\/a><span style=\"font-weight: 400;\">, <\/span><a href=\"https:\/\/coinkickoff.com\/cs\/binance-review\/\"><span style=\"font-weight: 400;\">Binance<\/span><\/a><span style=\"font-weight: 400;\">, <\/span><a href=\"https:\/\/coinkickoff.com\/cs\/kraken-review\/\"><span style=\"font-weight: 400;\">Kraken<\/span><\/a><span style=\"font-weight: 400;\">a <\/span><a href=\"https:\/\/coinkickoff.com\/cs\/etoro-review\/\"><span style=\"font-weight: 400;\">eToro<\/span><\/a><span style=\"font-weight: 400;\">.<\/span><\/p>\n<p><span style=\"font-weight: 400;\">Pokud ji\u017e kryptom\u011bny m\u00e1te, m\u016f\u017eete si DOGE a dal\u0161\u00ed digit\u00e1ln\u00ed aktiva koupit tak\u00e9 na decentralizovan\u00fdch burz\u00e1ch, jako je nap\u0159. <\/span><a href=\"https:\/\/www.sushi.com\/\" target=\"_blank\" rel=\"noopener\"><span style=\"font-weight: 400;\">SushiSwap<\/span><\/a><span style=\"font-weight: 400;\"> nebo <\/span><a href=\"https:\/\/uniswap.org\/\" target=\"_blank\" rel=\"noopener\"><span style=\"font-weight: 400;\">Uniswap<\/span><\/a><span style=\"font-weight: 400;\">. Tyto burzy umo\u017e\u0148uj\u00ed vz\u00e1jemn\u00e9 transakce bez zprost\u0159edkovatel\u016f.<\/span><\/p>\n<p><span style=\"font-weight: 400;\">I kdy\u017e jsou \u010dasto levn\u011bj\u0161\u00ed ne\u017e centralizovan\u00e9 burzy, m\u016f\u017ee b\u00fdt obt\u00ed\u017en\u011bj\u0161\u00ed se v nich orientovat a nejsou p\u0159\u00edli\u0161 vhodn\u00e9 pro za\u010d\u00e1te\u010dn\u00edky. Samoz\u0159ejm\u011b se m\u016f\u017eete snadno nau\u010dit pou\u017e\u00edvat decentralizovanou burzu, pokud tomu v\u011bnujete trochu \u010dasu.<\/span><\/p>\n<h2><span class=\"ez-toc-section\" id=\"How_to_Buy_Dogecoin\"><\/span><span style=\"font-weight: 400;\">Jak koupit Dogecoin<\/span><span class=\"ez-toc-section-end\"><\/span><\/h2>\n<p><span style=\"font-weight: 400;\">N\u00e1kup jak\u00e9koli kryptom\u011bny, v\u010detn\u011b Dogecoin, prob\u00edh\u00e1 ve t\u0159ech kroc\u00edch. Nejprve se rozhodn\u011bte, kterou burzu chcete pou\u017e\u00edt. Pot\u00e9 zva\u017ete, kde si kryptom\u011bny ulo\u017e\u00edte. Jakmile toto rozhodnut\u00ed u\u010din\u00edte, pus\u0165te se do n\u00e1kupu DOGE.\u00a0<\/span><\/p>\n<p><span style=\"font-weight: 400;\">Zde je podrobn\u011bj\u0161\u00ed postup pro \u00fapln\u00e9 za\u010d\u00e1te\u010dn\u00edky:<\/span><\/p>\n<h3><span class=\"ez-toc-section\" id=\"Choose_Your_Exchange\"><\/span><span style=\"font-weight: 400;\">V\u00fdb\u011br burzy<\/span><span class=\"ez-toc-section-end\"><\/span><\/h3>\n<p><span style=\"font-weight: 400;\">R\u016fzn\u00e9 burzy nab\u00edzej\u00ed r\u016fzn\u00e9 funkce a maj\u00ed r\u016fznou dostupnost kryptom\u011bn a poplatky. Ne\u017e se rozhodnete, m\u016f\u017eete porovnat n\u011bkter\u00e9 z nejzn\u00e1m\u011bj\u0161\u00edch burz a zjistit, kter\u00e1 z nich nejl\u00e9pe vyhovuje va\u0161im pot\u0159eb\u00e1m.<\/span><\/p>\n<p><span style=\"font-weight: 400;\">Nap\u0159\u00edklad, <a href=\"https:\/\/coinkickoff.com\/cs\/coinbase-review\/\" data-internallinksmanager029f6b8e52c=\"142\" title=\"Coinbase Recenze 2024: Funkce, poplatky, bezpe\u010dnost, klady a z\u00e1pory\">Coinbase<\/a> a <a href=\"https:\/\/coinkickoff.com\/cs\/binance-review\/\" data-internallinksmanager029f6b8e52c=\"152\" title=\"Binance Recenze 2024: Funkce, poplatky, bezpe\u010dnost, klady a z\u00e1pory\">Binance<\/a> USA ob\u011b nab\u00edzej\u00ed podobn\u00e1 digit\u00e1ln\u00ed aktiva (v\u010detn\u011b DOGE), ale Binance nab\u00edz\u00ed ni\u017e\u0161\u00ed poplatky. Nicm\u00e9n\u011b Coinbase je pova\u017eov\u00e1na za bezpe\u010dn\u011bj\u0161\u00ed a p\u0159\u00edv\u011btiv\u011bj\u0161\u00ed pro za\u010d\u00e1te\u010dn\u00edky. Ne\u017e se rozhodnete pro n\u011bjakou platformu, ud\u011blejte si pr\u016fzkum, proto\u017ee kryptom\u011bny mohou b\u00fdt rizikovou investic\u00ed.<\/span><\/p>\n<p><span style=\"font-weight: 400;\">M\u016f\u017eete se pod\u00edvat na na\u0161eho pr\u016fvodce v\u00fdm\u011bnou, kter\u00fd v\u00e1m poskytne komplexn\u011bj\u0161\u00ed pohled na <\/span><a href=\"https:\/\/coinkickoff.com\/cs\/crypto-exchanges\/\"><span style=\"font-weight: 400;\">nejobl\u00edben\u011bj\u0161\u00ed kryptografick\u00e9 burzy<\/span><\/a><span style=\"font-weight: 400;\">.<\/span><\/p>\n<h3><span class=\"ez-toc-section\" id=\"Buy_DOGE\"><\/span><span style=\"font-weight: 400;\">Koupit DOGE<\/span><span class=\"ez-toc-section-end\"><\/span><\/h3>\n<p><span style=\"font-weight: 400;\">Jakmile se rozhodnete pro platformu, zaregistrujte se. V\u011bt\u0161ina centralizovan\u00fdch kryptom\u011bnov\u00fdch burz umo\u017e\u0148uje n\u00e1kup kryptom\u011bn za fiat m\u011bnu (nap\u0159\u00edklad USD nebo EUR). K platform\u011b m\u016f\u017eete p\u0159ipojit sv\u016fj bankovn\u00ed \u00fa\u010det a p\u0159ev\u00e9st pen\u00edze na \u00fa\u010det burzy.<\/span><\/p>\n<p><img loading=\"lazy\" decoding=\"async\" class=\"alignnone wp-image-3201 size-full\" src=\"https:\/\/coinkickoff.com\/wp-content\/uploads\/buy-doge-on-binance-1.png\" alt=\"koupit doge na binance\" width=\"1432\" height=\"802\" srcset=\"https:\/\/coinkickoff.com\/wp-content\/uploads\/buy-doge-on-binance-1.png 1432w, https:\/\/coinkickoff.com\/wp-content\/uploads\/buy-doge-on-binance-1-300x168.png 300w, https:\/\/coinkickoff.com\/wp-content\/uploads\/buy-doge-on-binance-1-1024x573.png 1024w, https:\/\/coinkickoff.com\/wp-content\/uploads\/buy-doge-on-binance-1-768x430.png 768w, https:\/\/coinkickoff.com\/wp-content\/uploads\/buy-doge-on-binance-1-18x10.png 18w\" sizes=\"auto, (max-width: 1432px) 100vw, 1432px\" \/><\/p>\n<p><span style=\"font-weight: 400;\">N\u011bkter\u00e9 burzy tak\u00e9 umo\u017e\u0148uj\u00ed n\u00e1kup kryptom\u011bn pomoc\u00ed kreditn\u00edch a debetn\u00edch karet, PayPal, Google Pay a Apple Pay. Pokud m\u00e1te \u00fa\u010det na burze nebo jin\u00e1 digit\u00e1ln\u00ed aktiva, m\u016f\u017eete je tak\u00e9 vym\u011bnit za DOGE.<\/span><\/p>\n<p><span style=\"font-weight: 400;\">N\u011bkter\u00e9 burzy umo\u017e\u0148uj\u00ed n\u00e1kup DOGE p\u0159\u00edmo za fiat, zat\u00edmco jin\u00e9 mohou nab\u00edzet pouze stabiln\u00ed coins, jako nap\u0159. <a href=\"https:\/\/coinkickoff.com\/cs\/tether-usdt\/\" data-internallinksmanager029f6b8e52c=\"3\" title=\"Co je Tether (USDT)? Jak funguje a kde ho koupit?\">USDT<\/a> nebo <a href=\"https:\/\/coinkickoff.com\/cs\/usd-coin-usdc\/\" data-internallinksmanager029f6b8e52c=\"8\" title=\"Co je USD Coin (USDC)? Jak funguje a kde ho koupit?\">USDC<\/a>. V t\u011bchto p\u0159\u00edpadech je nutn\u00e9 nejprve zakoupit stabiln\u00ed coin a pot\u00e9 jej vym\u011bnit za DOGE.<\/span><\/p>\n<h3><span class=\"ez-toc-section\" id=\"Store_Your_DOGE\"><\/span><span style=\"font-weight: 400;\">Ulo\u017een\u00ed va\u0161eho DOGE<\/span><span class=\"ez-toc-section-end\"><\/span><\/h3>\n<p><span style=\"font-weight: 400;\">Jakmile si zakoup\u00edte DOGE, mus\u00edte se rozhodnout, kde jej ulo\u017e\u00edte. K tomu m\u00e1te n\u011bkolik mo\u017enost\u00ed.<\/span><\/p>\n<h4><span class=\"ez-toc-section\" id=\"Exchange_Wallet\"><\/span><span style=\"font-weight: 400;\">V\u00fdm\u011bna pen\u011b\u017eenky<\/span><span class=\"ez-toc-section-end\"><\/span><\/h4>\n<p><span style=\"font-weight: 400;\">P\u0159i n\u00e1kupu kryptom\u011bn na burze jsou va\u0161e aktiva automaticky ulo\u017eena v pen\u011b\u017eence burzy. Tyto pen\u011b\u017eenky jsou zn\u00e1m\u00e9 jako spr\u00e1vcovsk\u00e9 pen\u011b\u017eenky, proto\u017ee je platformy kontroluj\u00ed a spravuj\u00ed.<\/span><\/p>\n<p><span style=\"font-weight: 400;\">S aktivy v pen\u011b\u017eence sice m\u016f\u017eete obchodovat prost\u0159ednictv\u00edm sv\u00e9ho sm\u011bnn\u00e9ho \u00fa\u010dtu, ale nem\u00e1te nad nimi \u00faplnou kontrolu. Pokud burza utrp\u00ed \u00fatok nebo zkrachuje, mohou b\u00fdt va\u0161e aktiva nav\u017edy ztracena.<\/span><\/p>\n<h4><span class=\"ez-toc-section\" id=\"Self-Custody_Hot_Wallets\"><\/span><span style=\"font-weight: 400;\">Hotov\u00e9 pen\u011b\u017eenky pro vlastn\u00ed \u00faschovu<\/span><span class=\"ez-toc-section-end\"><\/span><\/h4>\n<p><span style=\"font-weight: 400;\">Na trhu je n\u011bkolik hotov\u00fdch pen\u011b\u017eenek pro vlastn\u00ed \u00faschovu: N\u011bkter\u00e9 z nich jsou softwarov\u00e9 pen\u011b\u017eenky, kter\u00e9 si m\u016f\u017eete st\u00e1hnout do sv\u00fdch mobiln\u00edch za\u0159\u00edzen\u00ed a po\u010d\u00edta\u010d\u016f, a jin\u00e9 jsou p\u0159\u00edstupn\u00e9 p\u0159es prohl\u00ed\u017ee\u010de. Hork\u00e9 pen\u011b\u017eenky se jim \u0159\u00edk\u00e1 proto, \u017ee jsou p\u0159ipojeny k internetu prost\u0159ednictv\u00edm va\u0161eho za\u0159\u00edzen\u00ed (po\u010d\u00edta\u010de nebo mobiln\u00edho za\u0159\u00edzen\u00ed).\u00a0<\/span><\/p>\n<p><span style=\"font-weight: 400;\">Pen\u011b\u017eenky pro vlastn\u00ed \u00faschovu v\u00e1m sice umo\u017e\u0148uj\u00ed plnou kontrolu nad va\u0161\u00edm majetkem, ale jsou tak\u00e9 n\u00e1chyln\u00e9 k naru\u0161en\u00ed bezpe\u010dnosti a \u010dasto se st\u00e1vaj\u00ed ter\u010dem \u00fatok\u016f hacker\u016f. Pokud nem\u00e1te dostatek know-how o zabezpe\u010den\u00ed za\u0159\u00edzen\u00ed p\u0159ipojen\u00fdch k internetu p\u0159ed malwarem a pokusy o hackersk\u00e9 \u00fatoky, m\u016f\u017eete sv\u00e9 finan\u010dn\u00ed prost\u0159edky vystavit riziku t\u00edm, \u017ee je ulo\u017e\u00edte do hork\u00e9 pen\u011b\u017eenky.<\/span><\/p>\n<h4><span class=\"ez-toc-section\" id=\"Cold_Wallets\"><\/span><span style=\"font-weight: 400;\">Studen\u00e9 pen\u011b\u017eenky<\/span><span class=\"ez-toc-section-end\"><\/span><\/h4>\n<p><span style=\"font-weight: 400;\">Studen\u00e9 pen\u011b\u017eenky jsou obecn\u011b pova\u017eov\u00e1ny za nejbezpe\u010dn\u011bj\u0161\u00ed mo\u017enost ukl\u00e1d\u00e1n\u00ed kryptom\u011bn. Nejsou p\u0159ipojeny k internetu, tak\u017ee jsou odoln\u00e9 v\u016f\u010di pokus\u016fm o hackersk\u00e9 \u00fatoky. Studenou pen\u011b\u017eenkou m\u016f\u017ee b\u00fdt pap\u00edrov\u00e1 pen\u011b\u017eenka nebo hardwarov\u00e1 pen\u011b\u017eenka.<\/span><\/p>\n<p><span style=\"font-weight: 400;\">Pap\u00edrov\u00e1 pen\u011b\u017eenka je jednodu\u0161e kus pap\u00edru, kter\u00fd obsahuje v\u00e1\u0161 soukrom\u00fd kl\u00ed\u010d, jen\u017e v\u00e1m umo\u017en\u00ed p\u0159\u00edstup k va\u0161im pen\u011bz\u016fm prost\u0159ednictv\u00edm rozhran\u00ed pen\u011b\u017eenky. Pap\u00edrov\u00e9 pen\u011b\u017eenky se v\u0161ak mohou \u0161patn\u011b pou\u017e\u00edvat a nejsou vhodn\u00e9, pokud chcete se sv\u00fdmi prost\u0159edky snadno obchodovat.<\/span><\/p>\n<p><span style=\"font-weight: 400;\">Hardwarov\u00e9 pen\u011b\u017eenky jsou za\u0159\u00edzen\u00ed podobn\u00e1 USB, kter\u00e1 uchov\u00e1vaj\u00ed va\u0161e soukrom\u00e9 kl\u00ed\u010de. Proto\u017ee za\u0159\u00edzen\u00ed nen\u00ed p\u0159\u00edmo p\u0159ipojeno k internetu, nelze je hacknout. <\/span><a href=\"https:\/\/trezor.io\/\" target=\"_blank\" rel=\"noopener\"><span style=\"font-weight: 400;\">Trezor<\/span><\/a><span style=\"font-weight: 400;\"> a <\/span><a href=\"https:\/\/www.ledger.com\/\" target=\"_blank\" rel=\"noopener\"><span style=\"font-weight: 400;\">\u00da\u010detn\u00ed kniha<\/span><\/a><span style=\"font-weight: 400;\"> jsou dva v\u00fdrobci hardwarov\u00fdch pen\u011b\u017eenek, kte\u0159\u00ed jsou pova\u017eov\u00e1ni za nejlep\u0161\u00ed v oboru. Ob\u011b spole\u010dnosti nab\u00edzej\u00ed n\u011bkolik hardwarov\u00fdch pen\u011b\u017eenek pro ukl\u00e1d\u00e1n\u00ed kryptom\u011bn, i kdy\u017e mohou b\u00fdt pom\u011brn\u011b drah\u00e9.<\/span><\/p>\n<p><span style=\"font-weight: 400;\">Pokud obchodujete p\u0159\u00edle\u017eitostn\u011b s n\u00edzk\u00fdmi \u010d\u00e1stkami, m\u016f\u017ee b\u00fdt n\u00e1kup hardwarov\u00e9 pen\u011b\u017eenky zbyte\u010dn\u00fd. Pokud v\u0161ak oce\u0148ujete bezpe\u010dnost, je n\u00e1kup hardwarov\u00e9 pen\u011b\u017eenky z dlouhodob\u00e9ho hlediska nejlep\u0161\u00ed volbou.\u00a0\u00a0<\/span><\/p>\n<p>Pod\u00edvejte se tak\u00e9, jak koupit Dogecoin (DOGE) na:<\/p>\n<p><a href=\"https:\/\/coinkickoff.com\/cs\/how-to-buy-dogecoin\/how-to-buy-dogecoin-on-coinbase\/\">Coinbase<\/a><br \/>\n<a href=\"https:\/\/coinkickoff.com\/cs\/how-to-buy-dogecoin\/how-to-buy-dogecoin-on-kraken\/\">Kraken<\/a><br \/>\n<a href=\"https:\/\/coinkickoff.com\/cs\/how-to-buy-dogecoin\/how-to-buy-dogecoin-on-binance\/\">Binance<\/a><br \/>\n<a href=\"https:\/\/coinkickoff.com\/cs\/how-to-buy-dogecoin\/how-to-buy-dogecoin-on-bitmart\/\">Bitmart<\/a><br \/>\n<a href=\"https:\/\/coinkickoff.com\/cs\/how-to-buy-dogecoin\/how-to-buy-dogecoin-on-bybit\/\">Bybit<\/a><br \/>\n<a href=\"https:\/\/coinkickoff.com\/cs\/how-to-buy-dogecoin\/how-to-buy-dogecoin-on-gate-io\/\">Gate.io<\/a><br \/>\n<a href=\"https:\/\/coinkickoff.com\/cs\/how-to-buy-dogecoin\/how-to-buy-dogecoin-on-gemini\/\">Gemini<\/a><br \/>\n<a href=\"https:\/\/coinkickoff.com\/cs\/how-to-buy-dogecoin\/how-to-buy-dogecoin-on-kucoin\/\">Kucoin<\/a><br \/>\n<a href=\"https:\/\/coinkickoff.com\/cs\/how-to-buy-dogecoin\/how-to-buy-dogecoin-on-mexc\/\">MEXC<\/a><br \/>\n<a href=\"https:\/\/coinkickoff.com\/cs\/how-to-buy-dogecoin\/how-to-buy-dogecoin-on-okx\/\">OKX<\/a><br \/>\n<a href=\"https:\/\/coinkickoff.com\/cs\/how-to-buy-dogecoin\/how-to-buy-dogecoin-on-poloniex\/\">Poloniex<\/a><\/p>","protected":false},"excerpt":{"rendered":"<p>Pokud si chcete koupit Dogecoin a nev\u00edte, kde za\u010d\u00edt, jste na spr\u00e1vn\u00e9m m\u00edst\u011b. Uk\u00e1\u017eeme v\u00e1m, jak a kde koupit DOGE s pokyny krok za krokem. Co je Dogecoin? Mo\u017en\u00e1 jste sly\u0161eli, \u017ee lid\u00e9 ozna\u010duj\u00ed Dogecoin jako mem coin. To je pravda: zakladatel\u00e9 Dogecoin, Billy Marcus a Jackson Palmer, byli [...].<\/p>","protected":false},"author":3,"featured_media":155,"parent":0,"menu_order":0,"comment_status":"closed","ping_status":"closed","template":"","meta":{"_genesis_hide_title":false,"_genesis_hide_breadcrumbs":false,"_genesis_hide_singular_image":false,"_genesis_hide_footer_widgets":false,"_genesis_custom_body_class":"","_genesis_custom_post_class":"","_genesis_layout":"","_glsr_average":0,"_glsr_ranking":0,"_glsr_reviews":0,"footnotes":""},"class_list":{"0":"post-3196","1":"page","2":"type-page","3":"status-publish","4":"has-post-thumbnail","6":"entry"},"featured_image_src":"https:\/\/coinkickoff.com\/wp-content\/uploads\/2022\/06\/Dogecoin-DOGE-600x400.jpg","featured_image_src_square":"https:\/\/coinkickoff.com\/wp-content\/uploads\/2022\/06\/Dogecoin-DOGE-600x600.jpg","_links":{"self":[{"href":"https:\/\/coinkickoff.com\/cs\/wp-json\/wp\/v2\/pages\/3196","targetHints":{"allow":["GET"]}}],"collection":[{"href":"https:\/\/coinkickoff.com\/cs\/wp-json\/wp\/v2\/pages"}],"about":[{"href":"https:\/\/coinkickoff.com\/cs\/wp-json\/wp\/v2\/types\/page"}],"author":[{"embeddable":true,"href":"https:\/\/coinkickoff.com\/cs\/wp-json\/wp\/v2\/users\/3"}],"replies":[{"embeddable":true,"href":"https:\/\/coinkickoff.com\/cs\/wp-json\/wp\/v2\/comments?post=3196"}],"version-history":[{"count":5,"href":"https:\/\/coinkickoff.com\/cs\/wp-json\/wp\/v2\/pages\/3196\/revisions"}],"predecessor-version":[{"id":4940,"href":"https:\/\/coinkickoff.com\/cs\/wp-json\/wp\/v2\/pages\/3196\/revisions\/4940"}],"wp:featuredmedia":[{"embeddable":true,"href":"https:\/\/coinkickoff.com\/cs\/wp-json\/wp\/v2\/media\/155"}],"wp:attachment":[{"href":"https:\/\/coinkickoff.com\/cs\/wp-json\/wp\/v2\/media?parent=3196"}],"curies":[{"name":"wp","href":"https:\/\/api.w.org\/{rel}","templated":true}]}}